{"id":3280,"date":"2023-09-07T20:00:54","date_gmt":"2023-09-07T20:00:54","guid":{"rendered":"https:\/\/uatnew.boseprofessional.com\/?page_id=3280"},"modified":"2024-08-28T16:44:08","modified_gmt":"2024-08-28T16:44:08","slug":"pl-pl","status":"publish","type":"page","link":"https:\/\/boseprofessional.com\/zh\/resources\/support\/bms-safety\/pl-pl\/","title":{"rendered":"BMS Safety PL-PL"},"content":{"rendered":"\t\t<div data-elementor-type=\"wp-page\" data-elementor-id=\"3280\" class=\"elementor elementor-3280\" data-elementor-post-type=\"page\">\n\t\t\t\t<div data-particle_enable=\"false\" data-particle-mobile-disabled=\"false\" class=\"elementor-element elementor-element-528bff6b e-flex e-con-boxed e-con e-parent\" data-id=\"528bff6b\" data-element_type=\"container\" data-settings=\"{&quot;background_background&quot;:&quot;classic&quot;,&quot;shape_divider_bottom&quot;:&quot;opacity-tilt&quot;}\">\n\t\t\t\t\t<div class=\"e-con-inner\">\n\t\t\t\t<div class=\"elementor-shape elementor-shape-bottom\" aria-hidden=\"true\" data-negative=\"false\">\n\t\t\t<svg xmlns=\"http:\/\/www.w3.org\/2000\/svg\" viewbox=\"0 0 2600 131.1\" preserveaspectratio=\"none\">\n\t<path class=\"elementor-shape-fill\" d=\"M0 0L2600 0 2600 69.1 0 0z\"\/>\n\t<path class=\"elementor-shape-fill\" style=\"opacity:0.5\" d=\"M0 0L2600 0 2600 69.1 0 69.1z\"\/>\n\t<path class=\"elementor-shape-fill\" style=\"opacity:0.25\" d=\"M2600 0L0 0 0 130.1 2600 69.1z\"\/>\n<\/svg>\t\t<\/div>\n\t\t\t\t<div class=\"elementor-element elementor-element-34b83c09 elementor-widget elementor-widget-heading\" data-id=\"34b83c09\" data-element_type=\"widget\" data-widget_type=\"heading.default\">\n\t\t\t\t<div class=\"elementor-widget-container\">\n\t\t\t\t\t<h1 class=\"elementor-heading-title elementor-size-default\">Bose\u626c\u58f0\u5668\u53ec\u56de\u53ca\u5b89\u5168\u7ebf\u7f06\u5b89\u88c5<\/h1>\t\t\t\t<\/div>\n\t\t\t\t<\/div>\n\t\t\t\t\t<\/div>\n\t\t\t\t<\/div>\n\t\t<div data-particle_enable=\"false\" data-particle-mobile-disabled=\"false\" class=\"elementor-element elementor-element-3d20434f e-flex e-con-boxed e-con e-parent\" data-id=\"3d20434f\" data-element_type=\"container\">\n\t\t\t\t\t<div class=\"e-con-inner\">\n\t\t\t\t<div class=\"elementor-element elementor-element-15bae9a1 elementor-widget elementor-widget-image\" data-id=\"15bae9a1\" data-element_type=\"widget\" data-widget_type=\"image.default\">\n\t\t\t\t<div class=\"elementor-widget-container\">\n\t\t\t\t\t\t\t\t\t\t\t\t\t\t\t<img fetchpriority=\"high\" decoding=\"async\" width=\"1280\" height=\"440\" src=\"https:\/\/assets.boseprofessional.com\/transform\/e70c180d-4d3e-4142-a589-837bd83357c3\/Hydrocarbons_montage2_Header-png\" class=\"attachment-1536x1536 size-1536x1536 wp-image-20498\" alt=\"\u78b3\u6c22\u5316\u5408\u7269\u7ec4\u88c5 2 \u6807\u9898\" srcset=\"https:\/\/assets.boseprofessional.com\/transform\/e70c180d-4d3e-4142-a589-837bd83357c3\/Hydrocarbons_montage2_Header-png 1280w, https:\/\/assets.boseprofessional.com\/transform\/e70c180d-4d3e-4142-a589-837bd83357c3\/Hydrocarbons_montage2_Header-png?io=transform:scale,width:150,height:52 150w, https:\/\/assets.boseprofessional.com\/transform\/e70c180d-4d3e-4142-a589-837bd83357c3\/Hydrocarbons_montage2_Header-png?io=transform:scale,width:300,height:103 300w, https:\/\/assets.boseprofessional.com\/transform\/e70c180d-4d3e-4142-a589-837bd83357c3\/Hydrocarbons_montage2_Header-png?io=transform:scale,width:1024,height:352 1024w, https:\/\/assets.boseprofessional.com\/transform\/e70c180d-4d3e-4142-a589-837bd83357c3\/Hydrocarbons_montage2_Header-png?io=transform:scale,width:480,height:165 480w, https:\/\/assets.boseprofessional.com\/transform\/e70c180d-4d3e-4142-a589-837bd83357c3\/Hydrocarbons_montage2_Header-png?io=transform:scale,width:768,height:264 768w, https:\/\/assets.boseprofessional.com\/transform\/e70c180d-4d3e-4142-a589-837bd83357c3\/Hydrocarbons_montage2_Header-png?io=transform:scale,width:100,height:34 100w\" sizes=\"(max-width: 1280px) 100vw, 1280px\" \/>\t\t\t\t\t\t\t\t\t\t\t\t\t\t\t<\/div>\n\t\t\t\t<\/div>\n\t\t\t\t\t<\/div>\n\t\t\t\t<\/div>\n\t\t<div data-particle_enable=\"false\" data-particle-mobile-disabled=\"false\" class=\"elementor-element elementor-element-7a913606 e-flex e-con-boxed e-con e-parent\" data-id=\"7a913606\" data-element_type=\"container\">\n\t\t\t\t\t<div class=\"e-con-inner\">\n\t\t\t\t<div class=\"elementor-element elementor-element-22f16d20 elementor-widget elementor-widget-heading\" data-id=\"22f16d20\" data-element_type=\"widget\" data-widget_type=\"heading.default\">\n\t\t\t\t<div class=\"elementor-widget-container\">\n\t\t\t\t\t<h2 class=\"elementor-heading-title elementor-size-default\">\u5965\u83ab\u7ef4\u5c3c<\/h2>\t\t\t\t<\/div>\n\t\t\t\t<\/div>\n\t\t\t\t<div class=\"elementor-element elementor-element-7e6669a3 elementor-widget elementor-widget-text-editor\" data-id=\"7e6669a3\" data-element_type=\"widget\" data-widget_type=\"text-editor.default\">\n\t\t\t\t<div class=\"elementor-widget-container\">\n\t\t\t\t\t\t\t\t\t<p><strong>Bose wycofuje wszystkie g\u0142o\u015bniki FreeSpace DS 40F do monta\u017cu w suficie\/podtynkowego\uff0cwyprodukowane przed 13 sierpnia 2018 r\u3002\u5b89\u88c5\u65f6\u8bf7\u6ce8\u610f\u4e0d\u8981\u5c06\u5176\u5b89\u88c5\u5728\u4efb\u4f55\u5730\u65b9\uff0c\u5426\u5219\u53ef\u80fd\u4f1a\u635f\u574f<\/strong>\u3002\u8bf7\u6ce8\u610f 29 \u5c0f\u65f6\u5185\u7684\u5176\u4ed6\u4fe1\u606f\uff0c\u8bf7\u6ce8\u610f\uff0c\u8bf7\u6ce8\u610f\u4ee5\u4e0b\u4e8b\u9879\uff1a<\/p>\n<p><strong>Bose wymaga r\u00f3wnie\u017c zainstalowania kabli bezpiecze\u0144stwa w przypadku niekt\u00f3rych g\u0142o\u015bnik\u00f3w, w tym modelu DS 40F, instalowanych w komercyjnych punktach przygotowywania posi\u0142k\u00f3w<\/strong> .\u8bf7\u6ce8\u610f\u5c06\u5176\u66f4\u6539\u4e3a uprzednio zamontowanych g\u0142o\u015bnik\u00f3w\u3002 Wyniku kontaktu z olejem kuchennym lub jego oparami elementy monta\u017cowe tych g\u0142o\u015bnik\u00f3w mog\u0105 p\u0119kn\u0105\u0107, co mo\u017ce spowodowa\u0107 upadek g\u0142o\u015bnik\u00f3w i powa\u017cne obra\u017cenia cia\u0142a.\u8bf7\u52a1\u5fc5\u63d0\u4f9b\u6709\u5173 pi\u0119ciu g\u0142o\u015bnikach\u3001kt\u00f3re spad\u0142y z miejsca\u3001gdzie zosta\u0142y zamontowane oraz jedno zg\u0142oszenie dotycz\u0105ce obra\u017ce\u0144 cia\u0142a \u7684\u4fe1\u606f\u3002<\/p>\n<p>Je\u015bli jeste\u015b bezpo\u015brednim sprzedawc\u0105 lub Dystrybutorem Bose\uff0cwybierz jedn\u0105 z poni\u017cszych opcji\u3002\u8bf7\u6ce8\u610f\uff0cBose \u4e0e Bose \u7684\u8fde\u63a5\u65b9\u5f0f\u4e0d\u6b63\u786e\uff0c\u8bf7\u6ce8\u610f Bose \u7684\u4f7f\u7528\u60c5\u51b5\u3002<\/p>\t\t\t\t\t\t\t\t<\/div>\n\t\t\t\t<\/div>\n\t\t\t\t\t<\/div>\n\t\t\t\t<\/div>\n\t\t<div data-particle_enable=\"false\" data-particle-mobile-disabled=\"false\" class=\"elementor-element elementor-element-6bf06412 e-flex e-con-boxed e-con e-parent\" data-id=\"6bf06412\" data-element_type=\"container\">\n\t\t\t\t\t<div class=\"e-con-inner\">\n\t\t\t\t<div class=\"elementor-element elementor-element-541b152f elementor-widget elementor-widget-heading\" data-id=\"541b152f\" data-element_type=\"widget\" data-widget_type=\"heading.default\">\n\t\t\t\t<div class=\"elementor-widget-container\">\n\t\t\t\t\t<h2 class=\"elementor-heading-title elementor-size-default\">\u8bf7\u6c42\u4e0e\u7d22\u8d54<\/h2>\t\t\t\t<\/div>\n\t\t\t\t<\/div>\n\t\t\t\t<div class=\"elementor-element elementor-element-3d19a024 elementor-widget elementor-widget-text-editor\" data-id=\"3d19a024\" data-element_type=\"widget\" data-widget_type=\"text-editor.default\">\n\t\t\t\t<div class=\"elementor-widget-container\">\n\t\t\t\t\t\t\t\t\t<div id=\"requeteetdemandederemboursement\" class=\"bp_page-navigation-content\">\n<p class=\"bp_bms-content-text-mt-mar bp_bms-content-text\">Wnioski \u6216 wymian \u7684\u4ea7\u54c1\u3001\u89e3\u51b3\u65b9\u6848\uff1a <a href=\"https:\/\/www.bosebmssafety.com\/claim\" target=\"_blank\" rel=\"noopener\">BoseBMSsafety.com\/claim<\/a><\/p>\n<\/div>\t\t\t\t\t\t\t\t<\/div>\n\t\t\t\t<\/div>\n\t\t\t\t\t<\/div>\n\t\t\t\t<\/div>\n\t\t<div data-particle_enable=\"false\" data-particle-mobile-disabled=\"false\" class=\"elementor-element elementor-element-235b7c06 e-flex e-con-boxed e-con e-parent\" data-id=\"235b7c06\" data-element_type=\"container\">\n\t\t\t\t\t<div class=\"e-con-inner\">\n\t\t\t\t<div class=\"elementor-element elementor-element-41f9d5e6 elementor-widget elementor-widget-heading\" data-id=\"41f9d5e6\" data-element_type=\"widget\" data-widget_type=\"heading.default\">\n\t\t\t\t<div class=\"elementor-widget-container\">\n\t\t\t\t\t<h2 class=\"elementor-heading-title elementor-size-default\">Komunikaty<\/h2>\t\t\t\t<\/div>\n\t\t\t\t<\/div>\n\t\t\t\t<div class=\"elementor-element elementor-element-79bf8f11 elementor-widget elementor-widget-text-editor\" data-id=\"79bf8f11\" data-element_type=\"widget\" data-widget_type=\"text-editor.default\">\n\t\t\t\t<div class=\"elementor-widget-container\">\n\t\t\t\t\t\t\t\t\t<ul>\n<li><a href=\"https:\/\/assets.boseprofessional.com\/m\/25799dc460548291\/original\/1L_Bose_BMSsafety_Direct_Reseller_pl.docx?_gl=1*1v5vt7d*_gcl_au*MTIwNTcyNzEyMC4xNzIyNjIyMDg0*_ga*MTYxOTYwNDMyMy4xNzIyNjI1NTAz*_ga_NRTQ4DPXBJ*MTcyNDg1NTQ5OS42OC4xLjE3MjQ4NjMyMTcuNjAuMC4w\">\u6e05\u5355 do sprzedawcy bezpo\u015bredniego (kraj drugorz\u0119dny) 1L<\/a><\/li>\n<li><a href=\"https:\/\/assets.boseprofessional.com\/m\/77a222e3d8c1240e\/original\/3L_Bose_BMSsafety_Indirect_Reseller_pl.docx?_gl=1*1v5vt7d*_gcl_au*MTIwNTcyNzEyMC4xNzIyNjIyMDg0*_ga*MTYxOTYwNDMyMy4xNzIyNjI1NTAz*_ga_NRTQ4DPXBJ*MTcyNDg1NTQ5OS42OC4xLjE3MjQ4NjMyMTcuNjAuMC4w\">\u5217\u8868 do sprzedawcy po\u015bredniego\/poziomu 3L<\/a><\/li>\n<li><a href=\"https:\/\/assets.boseprofessional.com\/m\/52427d2cfa77740\/original\/4L_Bose_BMSsafety_End_User_pl.docx?_gl=1*1v5vt7d*_gcl_au*MTIwNTcyNzEyMC4xNzIyNjIyMDg0*_ga*MTYxOTYwNDMyMy4xNzIyNjI1NTAz*_ga_NRTQ4DPXBJ*MTcyNDg1NTQ5OS42OC4xLjE3MjQ4NjMyMTcuNjAuMC4w\">u\u017cytkownika ko\u0144cowego 4L \u5217\u8868<\/a><\/li>\n<li><a href=\"https:\/\/assets.boseprofessional.com\/m\/130b4b72ad2e187f\/original\/6A_Bose_BMSsafety_en-xlsx.docx?_gl=1*1v5vt7d*_gcl_au*MTIwNTcyNzEyMC4xNzIyNjIyMDg0*_ga*MTYxOTYwNDMyMy4xNzIyNjI1NTAz*_ga_NRTQ4DPXBJ*MTcyNDg1NTQ5OS42OC4xLjE3MjQ4NjMyMTcuNjAuMC4w\">\u5217\u8868 SKU \u4ea7\u54c1\u3001kt\u00f3rych dotyczy \u95ee\u9898 6A<\/a><\/li>\n<li><a href=\"https:\/\/assets.boseprofessional.com\/m\/6970d7b17a3feb8e\/original\/Bose_BMS_Safety_UPDATE_New_EdgeMax_SKUs_pl.docx?_gl=1*1v5vt7d*_gcl_au*MTIwNTcyNzEyMC4xNzIyNjIyMDg0*_ga*MTYxOTYwNDMyMy4xNzIyNjI1NTAz*_ga_NRTQ4DPXBJ*MTcyNDg1NTQ5OS42OC4xLjE3MjQ4NjMyMTcuNjAuMC4w\"><strong>AKTUALIZACJA<\/strong> : 10 pa\u017adziernik 2019 r. \u2014 nowe SKU g\u0142o\u015bnik\u00f3w EdgeMax<\/a><\/li>\n<li><a href=\"https:\/\/assets.boseprofessional.com\/m\/4e4287f155e8feb9\/original\/Bose_BMS_Safety_UPDATE_New_FS3_SKUs_pl.docx?_gl=1*1v5vt7d*_gcl_au*MTIwNTcyNzEyMC4xNzIyNjIyMDg0*_ga*MTYxOTYwNDMyMy4xNzIyNjI1NTAz*_ga_NRTQ4DPXBJ*MTcyNDg1NTQ5OS42OC4xLjE3MjQ4NjMyMTcuNjAuMC4w\"><strong>AKTUALIZACJA<\/strong> : 20 \u9c81\u8482 2020 r. \u2014 modeleFreeSpace 3 z nowymi kodami SKU\u00a0<\/a><\/li>\n<\/ul>\t\t\t\t\t\t\t\t<\/div>\n\t\t\t\t<\/div>\n\t\t\t\t\t<\/div>\n\t\t\t\t<\/div>\n\t\t<div data-particle_enable=\"false\" data-particle-mobile-disabled=\"false\" class=\"elementor-element elementor-element-5b73c10a e-flex e-con-boxed e-con e-parent\" data-id=\"5b73c10a\" data-element_type=\"container\">\n\t\t\t\t\t<div class=\"e-con-inner\">\n\t\t\t\t<div class=\"elementor-element elementor-element-a222150 elementor-widget elementor-widget-heading\" data-id=\"a222150\" data-element_type=\"widget\" data-widget_type=\"heading.default\">\n\t\t\t\t<div class=\"elementor-widget-container\">\n\t\t\t\t\t<h2 class=\"elementor-heading-title elementor-size-default\">Cz\u0119sto zadawane pytania<\/h2>\t\t\t\t<\/div>\n\t\t\t\t<\/div>\n\t\t\t\t<div class=\"elementor-element elementor-element-667cad5e elementor-widget elementor-widget-text-editor\" data-id=\"667cad5e\" data-element_type=\"widget\" data-widget_type=\"text-editor.default\">\n\t\t\t\t<div class=\"elementor-widget-container\">\n\t\t\t\t\t\t\t\t\t<ul>\n<li><a href=\"https:\/\/assets.boseprofessional.com\/m\/5cb929cb21457e1f\/original\/1F_Bose_BMSsafety_Reseller_FAQ_pl.docx?_gl=1*nmdpfs*_gcl_au*MTIwNTcyNzEyMC4xNzIyNjIyMDg0*_ga*MTYxOTYwNDMyMy4xNzIyNjI1NTAz*_ga_NRTQ4DPXBJ*MTcyNDg1NTQ5OS42OC4xLjE3MjQ4NjMyMTcuNjAuMC4w\">Dla sprzedawc\u00f3w 1F<\/a><\/li>\n<li><a href=\"https:\/\/assets.boseprofessional.com\/m\/3422b3aad3a8950b\/original\/2F_Bose_BMSsafety_End_User_FAQ_pl.docx?_gl=1*nmdpfs*_gcl_au*MTIwNTcyNzEyMC4xNzIyNjIyMDg0*_ga*MTYxOTYwNDMyMy4xNzIyNjI1NTAz*_ga_NRTQ4DPXBJ*MTcyNDg1NTQ5OS42OC4xLjE3MjQ4NjMyMTcuNjAuMC4w\">Dla u\u017cytkownik\u00f3w ko\u0144cowych 2F<\/a><\/li>\n<\/ul>\t\t\t\t\t\t\t\t<\/div>\n\t\t\t\t<\/div>\n\t\t\t\t\t<\/div>\n\t\t\t\t<\/div>\n\t\t<div data-particle_enable=\"false\" data-particle-mobile-disabled=\"false\" class=\"elementor-element elementor-element-b053413 e-flex e-con-boxed e-con e-parent\" data-id=\"b053413\" data-element_type=\"container\">\n\t\t\t\t\t<div class=\"e-con-inner\">\n\t\t\t\t<div class=\"elementor-element elementor-element-23bb4985 elementor-widget elementor-widget-heading\" data-id=\"23bb4985\" data-element_type=\"widget\" data-widget_type=\"heading.default\">\n\t\t\t\t<div class=\"elementor-widget-container\">\n\t\t\t\t\t<h2 class=\"elementor-heading-title elementor-size-default\">\u6ce2\u62c9\u5fb7\u5c3c\u57fa<\/h2>\t\t\t\t<\/div>\n\t\t\t\t<\/div>\n\t\t\t\t<div class=\"elementor-element elementor-element-7000d91 elementor-widget elementor-widget-text-editor\" data-id=\"7000d91\" data-element_type=\"widget\" data-widget_type=\"text-editor.default\">\n\t\t\t\t<div class=\"elementor-widget-container\">\n\t\t\t\t\t\t\t\t\t<ul>\n<li><a href=\"https:\/\/assets.boseprofessional.com\/m\/5a8b32eed68ec00e\/original\/ig_safetycable_5-5x8-5.pdf?_gl=1*nmdpfs*_gcl_au*MTIwNTcyNzEyMC4xNzIyNjIyMDg0*_ga*MTYxOTYwNDMyMy4xNzIyNjI1NTAz*_ga_NRTQ4DPXBJ*MTcyNDg1NTQ5OS42OC4xLjE3MjQ4NjMyMTcuNjAuMC4w\">Poradnik \u5b89\u88c5 kabla zabezpieczaj\u0105cego<\/a><\/li>\n<li><a href=\"https:\/\/assets.boseprofessional.com\/m\/6afa4528e7f2a010\/original\/uig_freespace_ds40f.pdf?_gl=1*nmdpfs*_gcl_au*MTIwNTcyNzEyMC4xNzIyNjIyMDg0*_ga*MTYxOTYwNDMyMy4xNzIyNjI1NTAz*_ga_NRTQ4DPXBJ*MTcyNDg1NTQ5OS42OC4xLjE3MjQ4NjMyMTcuNjAuMC4w\">\u6ce2\u62c9\u5fb7\u5c3c\u514b\u00b7\u6076\u9b54\u00b7g\u0142o\u015bnika FreeSpace DS 40F<\/a><\/li>\n<\/ul>\t\t\t\t\t\t\t\t<\/div>\n\t\t\t\t<\/div>\n\t\t\t\t\t<\/div>\n\t\t\t\t<\/div>\n\t\t<div data-particle_enable=\"false\" data-particle-mobile-disabled=\"false\" class=\"elementor-element elementor-element-6439cb9 e-flex e-con-boxed e-con e-parent\" data-id=\"6439cb9\" data-element_type=\"container\">\n\t\t\t\t\t<div class=\"e-con-inner\">\n\t\t\t\t<div class=\"elementor-element elementor-element-7d16a0b0 elementor-widget elementor-widget-heading\" data-id=\"7d16a0b0\" data-element_type=\"widget\" data-widget_type=\"heading.default\">\n\t\t\t\t<div class=\"elementor-widget-container\">\n\t\t\t\t\t<h2 class=\"elementor-heading-title elementor-size-default\">\u914d\u65b9\u4ea7\u54c1<\/h2>\t\t\t\t<\/div>\n\t\t\t\t<\/div>\n\t\t\t\t<div class=\"elementor-element elementor-element-327dbe0 elementor-widget elementor-widget-text-editor\" data-id=\"327dbe0\" data-element_type=\"widget\" data-widget_type=\"text-editor.default\">\n\t\t\t\t<div class=\"elementor-widget-container\">\n\t\t\t\t\t\t\t\t\t<ul>\n<li><a href=\"https:\/\/assets.boseprofessional.com\/m\/5826d73e10f01475\/original\/1T_Return_Shipping_Form_pl.xlsx?_gl=1*fh54zr*_gcl_au*MTIwNTcyNzEyMC4xNzIyNjIyMDg0*_ga*MTYxOTYwNDMyMy4xNzIyNjI1NTAz*_ga_NRTQ4DPXBJ*MTcyNDg1NTQ5OS42OC4xLjE3MjQ4NjMyMTcuNjAuMC4w\">Formularz wysy\u0142ki zwrotnej<\/a><\/li>\n<li><a href=\"mailto:DS40.recall@boseprofessional.com\">DS40.recall@boseprofessional.com<\/a><\/li>\n<\/ul>\t\t\t\t\t\t\t\t<\/div>\n\t\t\t\t<\/div>\n\t\t\t\t\t<\/div>\n\t\t\t\t<\/div>\n\t\t<div data-particle_enable=\"false\" data-particle-mobile-disabled=\"false\" class=\"elementor-element elementor-element-6226af65 e-flex e-con-boxed e-con e-parent\" data-id=\"6226af65\" data-element_type=\"container\">\n\t\t\t\t\t<div class=\"e-con-inner\">\n\t\t\t\t<div class=\"elementor-element elementor-element-455718fa elementor-widget elementor-widget-heading\" data-id=\"455718fa\" data-element_type=\"widget\" data-widget_type=\"heading.default\">\n\t\t\t\t<div class=\"elementor-widget-container\">\n\t\t\t\t\t<h2 class=\"elementor-heading-title elementor-size-default\">\u8054\u7cfb\u65b9\u5f0f<\/h2>\t\t\t\t<\/div>\n\t\t\t\t<\/div>\n\t\t\t\t<div class=\"elementor-element elementor-element-be8cf89 elementor-widget elementor-widget-text-editor\" data-id=\"be8cf89\" data-element_type=\"widget\" data-widget_type=\"text-editor.default\">\n\t\t\t\t<div class=\"elementor-widget-container\">\n\t\t\t\t\t\t\t\t\t<p style=\"text-align: center;\"><strong>\u8bf7\u8054\u7cfb Bose Pro \u9500\u552e\u4ee3\u8868<\/strong><\/p>\t\t\t\t\t\t\t\t<\/div>\n\t\t\t\t<\/div>\n\t\t\t\t<div class=\"elementor-element elementor-element-92160a0 elementor-align-center elementor-widget elementor-widget-button\" data-id=\"92160a0\" data-element_type=\"widget\" data-widget_type=\"button.default\">\n\t\t\t\t<div class=\"elementor-widget-container\">\n\t\t\t\t\t\t\t\t\t<div class=\"elementor-button-wrapper\">\n\t\t\t\t\t<a class=\"elementor-button elementor-button-link elementor-size-sm elementor-animation-shrink\" href=\"\/zh\/global-sales-offices\/\">\n\t\t\t\t\t\t<span class=\"elementor-button-content-wrapper\">\n\t\t\t\t\t\t\t\t\t<span class=\"elementor-button-text\">\u8054\u7cfb\u65b9\u5f0f<\/span>\n\t\t\t\t\t<\/span>\n\t\t\t\t\t<\/a>\n\t\t\t\t<\/div>\n\t\t\t\t\t\t\t\t<\/div>\n\t\t\t\t<\/div>\n\t\t\t\t\t<\/div>\n\t\t\t\t<\/div>\n\t\t\t\t<\/div>\n\t\t","protected":false},"excerpt":{"rendered":"<p>Bose \u626c\u58f0\u5668\u53ec\u56de\u548c\u5b89\u5168\u7535\u7f06\u5b89\u88c5 Om\u00f3wienie Bose wycofuje wszystkie g\u0142o\u015bniki FreeSpace DS 40F do monta\u017cu w suficie\/podtynkowego, wyprodukowane przed 13 sierpnia 2018 r.\u5b89\u88c5\u65f6\u8bf7\u6ce8\u610f\u4e0d\u8981\u5c06\u5176\u5b89\u88c5\u5728\u4efb\u4f55\u5730\u65b9\uff0c\u5426\u5219\u53ef\u80fd\u4f1a\u635f\u574f\u3002 Do tej pory otrzymali\u015bmy informacje o 29 g\u0142o\u015bnikach, kt\u00f3re spad\u0142y z miejsca, gdzie [...]<\/p>\n","protected":false},"author":33,"featured_media":0,"parent":1201,"menu_order":0,"comment_status":"closed","ping_status":"closed","template":"","meta":{"_acf_changed":false,"ep_exclude_from_search":false,"footnotes":""},"page-category":[],"class_list":["post-3280","page","type-page","status-publish","hentry"],"acf":[],"_links":{"self":[{"href":"https:\/\/boseprofessional.com\/zh\/wp-json\/wp\/v2\/pages\/3280","targetHints":{"allow":["GET"]}}],"collection":[{"href":"https:\/\/boseprofessional.com\/zh\/wp-json\/wp\/v2\/pages"}],"about":[{"href":"https:\/\/boseprofessional.com\/zh\/wp-json\/wp\/v2\/types\/page"}],"author":[{"embeddable":true,"href":"https:\/\/boseprofessional.com\/zh\/wp-json\/wp\/v2\/users\/33"}],"replies":[{"embeddable":true,"href":"https:\/\/boseprofessional.com\/zh\/wp-json\/wp\/v2\/comments?post=3280"}],"version-history":[{"count":3,"href":"https:\/\/boseprofessional.com\/zh\/wp-json\/wp\/v2\/pages\/3280\/revisions"}],"predecessor-version":[{"id":119527,"href":"https:\/\/boseprofessional.com\/zh\/wp-json\/wp\/v2\/pages\/3280\/revisions\/119527"}],"up":[{"embeddable":true,"href":"https:\/\/boseprofessional.com\/zh\/wp-json\/wp\/v2\/pages\/1201"}],"wp:attachment":[{"href":"https:\/\/boseprofessional.com\/zh\/wp-json\/wp\/v2\/media?parent=3280"}],"wp:term":[{"taxonomy":"page-category","embeddable":true,"href":"https:\/\/boseprofessional.com\/zh\/wp-json\/wp\/v2\/page-category?post=3280"}],"curies":[{"name":"wp","href":"https:\/\/api.w.org\/{rel}","templated":true}]}}