{"id":3171,"date":"2023-09-07T15:48:28","date_gmt":"2023-09-07T15:48:28","guid":{"rendered":"https:\/\/uatnew.boseprofessional.com\/?page_id=3171"},"modified":"2024-08-28T16:49:17","modified_gmt":"2024-08-28T16:49:17","slug":"pt-mo","status":"publish","type":"page","link":"https:\/\/boseprofessional.com\/zh\/resources\/support\/bms-safety\/pt-mo\/","title":{"rendered":"BMS Safety PT-MO"},"content":{"rendered":"\t\t<div data-elementor-type=\"wp-page\" data-elementor-id=\"3171\" class=\"elementor elementor-3171\" data-elementor-post-type=\"page\">\n\t\t\t\t<div data-particle_enable=\"false\" data-particle-mobile-disabled=\"false\" class=\"elementor-element elementor-element-2e044ba8 e-flex e-con-boxed e-con e-parent\" data-id=\"2e044ba8\" data-element_type=\"container\" data-settings=\"{&quot;background_background&quot;:&quot;classic&quot;,&quot;shape_divider_bottom&quot;:&quot;opacity-tilt&quot;}\">\n\t\t\t\t\t<div class=\"e-con-inner\">\n\t\t\t\t<div class=\"elementor-shape elementor-shape-bottom\" aria-hidden=\"true\" data-negative=\"false\">\n\t\t\t<svg xmlns=\"http:\/\/www.w3.org\/2000\/svg\" viewbox=\"0 0 2600 131.1\" preserveaspectratio=\"none\">\n\t<path class=\"elementor-shape-fill\" d=\"M0 0L2600 0 2600 69.1 0 0z\"\/>\n\t<path class=\"elementor-shape-fill\" style=\"opacity:0.5\" d=\"M0 0L2600 0 2600 69.1 0 69.1z\"\/>\n\t<path class=\"elementor-shape-fill\" style=\"opacity:0.25\" d=\"M2600 0L0 0 0 130.1 2600 69.1z\"\/>\n<\/svg>\t\t<\/div>\n\t\t\t\t<div class=\"elementor-element elementor-element-5d14ce8f elementor-widget elementor-widget-heading\" data-id=\"5d14ce8f\" data-element_type=\"widget\" data-widget_type=\"heading.default\">\n\t\t\t\t<div class=\"elementor-widget-container\">\n\t\t\t\t\t<h1 class=\"elementor-heading-title elementor-size-default\">\u67f1\u5b50\u5b89\u88c5\u548c Bose \u5b89\u5168\u89d2\u5b89\u88c5<\/h1>\t\t\t\t<\/div>\n\t\t\t\t<\/div>\n\t\t\t\t\t<\/div>\n\t\t\t\t<\/div>\n\t\t<div data-particle_enable=\"false\" data-particle-mobile-disabled=\"false\" class=\"elementor-element elementor-element-2e6331ba e-flex e-con-boxed e-con e-parent\" data-id=\"2e6331ba\" data-element_type=\"container\">\n\t\t\t\t\t<div class=\"e-con-inner\">\n\t\t\t\t<div class=\"elementor-element elementor-element-779fe7ca elementor-widget elementor-widget-image\" data-id=\"779fe7ca\" data-element_type=\"widget\" data-widget_type=\"image.default\">\n\t\t\t\t<div class=\"elementor-widget-container\">\n\t\t\t\t\t\t\t\t\t\t\t\t\t\t\t<img fetchpriority=\"high\" decoding=\"async\" width=\"1280\" height=\"440\" src=\"https:\/\/assets.boseprofessional.com\/transform\/e70c180d-4d3e-4142-a589-837bd83357c3\/Hydrocarbons_montage2_Header-png\" class=\"attachment-1536x1536 size-1536x1536 wp-image-20498\" alt=\"\u78b3\u6c22\u5316\u5408\u7269\u7ec4\u88c5 2 \u6807\u9898\" srcset=\"https:\/\/assets.boseprofessional.com\/transform\/e70c180d-4d3e-4142-a589-837bd83357c3\/Hydrocarbons_montage2_Header-png 1280w, https:\/\/assets.boseprofessional.com\/transform\/e70c180d-4d3e-4142-a589-837bd83357c3\/Hydrocarbons_montage2_Header-png?io=transform:scale,width:150,height:52 150w, https:\/\/assets.boseprofessional.com\/transform\/e70c180d-4d3e-4142-a589-837bd83357c3\/Hydrocarbons_montage2_Header-png?io=transform:scale,width:300,height:103 300w, https:\/\/assets.boseprofessional.com\/transform\/e70c180d-4d3e-4142-a589-837bd83357c3\/Hydrocarbons_montage2_Header-png?io=transform:scale,width:1024,height:352 1024w, https:\/\/assets.boseprofessional.com\/transform\/e70c180d-4d3e-4142-a589-837bd83357c3\/Hydrocarbons_montage2_Header-png?io=transform:scale,width:480,height:165 480w, https:\/\/assets.boseprofessional.com\/transform\/e70c180d-4d3e-4142-a589-837bd83357c3\/Hydrocarbons_montage2_Header-png?io=transform:scale,width:768,height:264 768w, https:\/\/assets.boseprofessional.com\/transform\/e70c180d-4d3e-4142-a589-837bd83357c3\/Hydrocarbons_montage2_Header-png?io=transform:scale,width:100,height:34 100w\" sizes=\"(max-width: 1280px) 100vw, 1280px\" \/>\t\t\t\t\t\t\t\t\t\t\t\t\t\t\t<\/div>\n\t\t\t\t<\/div>\n\t\t\t\t\t<\/div>\n\t\t\t\t<\/div>\n\t\t<div data-particle_enable=\"false\" data-particle-mobile-disabled=\"false\" class=\"elementor-element elementor-element-43216683 e-flex e-con-boxed e-con e-parent\" data-id=\"43216683\" data-element_type=\"container\">\n\t\t\t\t\t<div class=\"e-con-inner\">\n\t\t\t\t<div class=\"elementor-element elementor-element-25bb6cf7 elementor-widget elementor-widget-heading\" data-id=\"25bb6cf7\" data-element_type=\"widget\" data-widget_type=\"heading.default\">\n\t\t\t\t<div class=\"elementor-widget-container\">\n\t\t\t\t\t<h2 class=\"elementor-heading-title elementor-size-default\">\u4e00\u822c\u63cf\u8ff0<\/h2>\t\t\t\t<\/div>\n\t\t\t\t<\/div>\n\t\t\t\t<div class=\"elementor-element elementor-element-65de74f1 elementor-widget elementor-widget-text-editor\" data-id=\"65de74f1\" data-element_type=\"widget\" data-widget_type=\"text-editor.default\">\n\t\t\t\t<div class=\"elementor-widget-container\">\n\t\t\t\t\t\t\t\t\t<p><strong>Bose \u9884\u8ba1\u5c06\u5728 2018 \u5e74 13 \u6708 13 \u65e5\u4e4b\u524d\u5c06FreeSpace DS 40F \u8499\u592a\u5947\u7ec4\u88c5\u8d77\u6765<\/strong>\u3002\u5728\u5b89\u88c5\u548c\u4f7f\u7528\u8fc7\u7a0b\u4e2d\uff0c\u5c06\u5728\u575f\u5893\u4e2d\u8fdb\u884c\u8499\u592a\u5947\u7684\u7ec4\u5408\uff0c\u6216\u5c06\u5176\u653e\u7f6e\u5728\u575f\u5893\u4e2d\u3002\u73b0\u5728\uff0c\u60a8\u5c06\u6536\u5230 29 \u4e2a\u6709\u5173\u5b89\u88c5\u4f4d\u7f6e\u548c\u901a\u8baf\u4fe1\u606f\u680f\u7684\u6307\u793a\u3002<\/p>\n<p><strong>Bose \u5df2\u5c31 Bose \u7684\u5b89\u5168\u63aa\u65bd\u5b89\u88c5\u5f81\u6c42\u610f\u89c1\uff0c\u5305\u62ec DS 40F\uff0c\u8bf7\u5728\u5546\u4e1a\u9910\u5385\u73af\u5883\u4e2d\u5b89\u88c5\u3002\u6b64\u64cd\u4f5c\u9002\u7528\u4e8e\u5b89\u88c5\u5728\u524d\u9762\u7684\u67f1\u5b50<\/strong>\u3002\u5b8c\u5168\u8bf4\u660e\u98df\u7269\u6216\u98df\u7269\u7684\u5473\u9053\uff0c\u5c06\u90e8\u5206\u7ec4\u4ef6\u8499\u592a\u5947\u653e\u5728\u5217\u4e2d\uff0c\u7136\u540e\u5c06\u5217\u653e\u5728\u5217\u4e2d\u5e76\u5728\u575f\u5893\u4e2d\u8fdb\u884c\u7ed3\u679c\u3002\u73b0\u5728\uff0c\u60a8\u5c06\u6536\u5230\u6709\u5173\u5b89\u88c5\u548c\u901a\u4fe1\u7684\u672c\u5730\u5316\u8bf4\u660e\u7684\u4e94\u5217\u6307\u793a\u3002<\/p>\n<p>\u5bf9\u4e8e Bose \u7684\u7ecf\u9500\u5546\u6216\u7ecf\u9500\u5546\uff0c\u8bf7\u9009\u62e9\u4ee5\u4e0b\u9009\u9879\u3002\u8bf7\u8054\u7cfb Bose \u76f4\u63a5\u8054\u7cfb Bose \u4ee5\u83b7\u5f97\u66f4\u591a\u4fe1\u606f\u3002<\/p>\t\t\t\t\t\t\t\t<\/div>\n\t\t\t\t<\/div>\n\t\t\t\t\t<\/div>\n\t\t\t\t<\/div>\n\t\t<div data-particle_enable=\"false\" data-particle-mobile-disabled=\"false\" class=\"elementor-element elementor-element-125fa063 e-flex e-con-boxed e-con e-parent\" data-id=\"125fa063\" data-element_type=\"container\">\n\t\t\t\t\t<div class=\"e-con-inner\">\n\t\t\t\t<div class=\"elementor-element elementor-element-46f762f6 elementor-widget elementor-widget-heading\" data-id=\"46f762f6\" data-element_type=\"widget\" data-widget_type=\"heading.default\">\n\t\t\t\t<div class=\"elementor-widget-container\">\n\t\t\t\t\t<h2 class=\"elementor-heading-title elementor-size-default\">\u8bf7\u6c42\u548c\u56de\u6536<\/h2>\t\t\t\t<\/div>\n\t\t\t\t<\/div>\n\t\t\t\t<div class=\"elementor-element elementor-element-3fd779b5 elementor-widget elementor-widget-text-editor\" data-id=\"3fd779b5\" data-element_type=\"widget\" data-widget_type=\"text-editor.default\">\n\t\t\t\t<div class=\"elementor-widget-container\">\n\t\t\t\t\t\t\t\t\t<div id=\"requeteetdemandederemboursement\" class=\"bp_page-navigation-content\">\n<p class=\"bp_bms-content-text-mt-mar bp_bms-content-text\">\u66ff\u4ee3\u4ea7\u54c1\u3001\u4fdd\u969c\u6216\u8865\u507f\u7684\u4ea7\u54c1\uff1a <a href=\"https:\/\/www.bosebmssafety.com\/claim\" target=\"_blank\" rel=\"noopener\">BoseBMSsafety.com\/claim<\/a><\/p>\n<\/div>\t\t\t\t\t\t\t\t<\/div>\n\t\t\t\t<\/div>\n\t\t\t\t\t<\/div>\n\t\t\t\t<\/div>\n\t\t<div data-particle_enable=\"false\" data-particle-mobile-disabled=\"false\" class=\"elementor-element elementor-element-2b2c6058 e-flex e-con-boxed e-con e-parent\" data-id=\"2b2c6058\" data-element_type=\"container\">\n\t\t\t\t\t<div class=\"e-con-inner\">\n\t\t\t\t<div class=\"elementor-element elementor-element-15856913 elementor-widget elementor-widget-heading\" data-id=\"15856913\" data-element_type=\"widget\" data-widget_type=\"heading.default\">\n\t\t\t\t<div class=\"elementor-widget-container\">\n\t\t\t\t\t<h2 class=\"elementor-heading-title elementor-size-default\">\u901a\u8baf<\/h2>\t\t\t\t<\/div>\n\t\t\t\t<\/div>\n\t\t\t\t<div class=\"elementor-element elementor-element-406b8c6b elementor-widget elementor-widget-text-editor\" data-id=\"406b8c6b\" data-element_type=\"widget\" data-widget_type=\"text-editor.default\">\n\t\t\t\t<div class=\"elementor-widget-container\">\n\t\t\t\t\t\t\t\t\t<ul>\n<li><a href=\"https:\/\/assets.boseprofessional.com\/m\/15e8bfe4619c8a7a\/original\/2L_Bose_BMSsafety_Direct_Reseller_pt.docx?_gl=1*10vz898*_gcl_au*MTIwNTcyNzEyMC4xNzIyNjIyMDg0*_ga*MTYxOTYwNDMyMy4xNzIyNjI1NTAz*_ga_NRTQ4DPXBJ*MTcyNDg1NTQ5OS42OC4xLjE3MjQ4NjM1NzcuNjAuMC4w\">Carta ao revendor direto (pa\u00eds subsidi\u00e1rio) 2L<\/a><\/li>\n<li><a href=\"https:\/\/assets.boseprofessional.com\/m\/6e91222cc61c3ae5\/original\/3L_Bose_BMSsafety_Indirect_Reseller_pt.docx?_gl=1*1mjgd5m*_gcl_au*MTIwNTcyNzEyMC4xNzIyNjIyMDg0*_ga*MTYxOTYwNDMyMy4xNzIyNjI1NTAz*_ga_NRTQ4DPXBJ*MTcyNDg1NTQ5OS42OC4xLjE3MjQ4NjM1NzcuNjAuMC4w\">Carta ao revendor indireto\/n\u00edvel 2 3L<\/a><\/li>\n<li><a href=\"https:\/\/assets.boseprofessional.com\/m\/3dfe09c36594e42\/original\/4L_Bose_BMSsafety_End_User_pt.docx?_gl=1*1mjgd5m*_gcl_au*MTIwNTcyNzEyMC4xNzIyNjIyMDg0*_ga*MTYxOTYwNDMyMy4xNzIyNjI1NTAz*_ga_NRTQ4DPXBJ*MTcyNDg1NTQ5OS42OC4xLjE3MjQ4NjM1NzcuNjAuMC4w\">Carta ao utilizador final 4L<\/a><\/li>\n<li><a href=\"https:\/\/assets.boseprofessional.com\/m\/130b4b72ad2e187f\/original\/6A_Bose_BMSsafety_en-xlsx.docx?_gl=1*1mjgd5m*_gcl_au*MTIwNTcyNzEyMC4xNzIyNjIyMDg0*_ga*MTYxOTYwNDMyMy4xNzIyNjI1NTAz*_ga_NRTQ4DPXBJ*MTcyNDg1NTQ5OS42OC4xLjE3MjQ4NjM1NzcuNjAuMC4w\">6A \u4ea7\u54c1 SKU \u5217\u8868<\/a><\/li>\n<li><a href=\"https:\/\/assets.boseprofessional.com\/m\/6eadccf4b33abba7\/original\/Bose_BMS_Safety_UPDATE_New_EdgeMax_SKUs_pt.docx?_gl=1*1mjgd5m*_gcl_au*MTIwNTcyNzEyMC4xNzIyNjIyMDg0*_ga*MTYxOTYwNDMyMy4xNzIyNjI1NTAz*_ga_NRTQ4DPXBJ*MTcyNDg1NTQ5OS42OC4xLjE3MjQ4NjM1NzcuNjAuMC4w\"><strong>\u66f4\u65b0<\/strong>\uff1a2019 \u5e74 10 \u6708\u53d1\u5e03 \u2013 Novas SKU \u505aEdgeMax<\/a><\/li>\n<li><a href=\"https:\/\/assets.boseprofessional.com\/m\/16cb3349b494ad87\/original\/Bose_BMS_Safety_UPDATE_New_FS3_SKUs_pt.docx?_gl=1*1mjgd5m*_gcl_au*MTIwNTcyNzEyMC4xNzIyNjIyMDg0*_ga*MTYxOTYwNDMyMy4xNzIyNjI1NTAz*_ga_NRTQ4DPXBJ*MTcyNDg1NTQ5OS42OC4xLjE3MjQ4NjM1NzcuNjAuMC4w\"><strong>\u66f4\u65b0<\/strong>\uff1a2020 \u5e74 20 \u6708 \u2013 Novas SKU FreeSpace\u00a03<\/a><\/li>\n<\/ul>\t\t\t\t\t\t\t\t<\/div>\n\t\t\t\t<\/div>\n\t\t\t\t\t<\/div>\n\t\t\t\t<\/div>\n\t\t<div data-particle_enable=\"false\" data-particle-mobile-disabled=\"false\" class=\"elementor-element elementor-element-3e6b3c6f e-flex e-con-boxed e-con e-parent\" data-id=\"3e6b3c6f\" data-element_type=\"container\">\n\t\t\t\t\t<div class=\"e-con-inner\">\n\t\t\t\t<div class=\"elementor-element elementor-element-63690e4c elementor-widget elementor-widget-heading\" data-id=\"63690e4c\" data-element_type=\"widget\" data-widget_type=\"heading.default\">\n\t\t\t\t<div class=\"elementor-widget-container\">\n\t\t\t\t\t<h2 class=\"elementor-heading-title elementor-size-default\">\u5e38\u89c1\u95ee\u9898<\/h2>\t\t\t\t<\/div>\n\t\t\t\t<\/div>\n\t\t\t\t<div class=\"elementor-element elementor-element-65ab16f9 elementor-widget elementor-widget-text-editor\" data-id=\"65ab16f9\" data-element_type=\"widget\" data-widget_type=\"text-editor.default\">\n\t\t\t\t<div class=\"elementor-widget-container\">\n\t\t\t\t\t\t\t\t\t<ul>\n<li><a href=\"https:\/\/assets.boseprofessional.com\/m\/63c3935651ed64a5\/original\/1F_Bose_BMSsafety_Reseller_FAQ_pt.docx?_gl=1*10vz898*_gcl_au*MTIwNTcyNzEyMC4xNzIyNjIyMDg0*_ga*MTYxOTYwNDMyMy4xNzIyNjI1NTAz*_ga_NRTQ4DPXBJ*MTcyNDg1NTQ5OS42OC4xLjE3MjQ4NjM1NzcuNjAuMC4w\">1F \u9500\u552e\u4eba\u5458<\/a><\/li>\n<li><a href=\"https:\/\/assets.boseprofessional.com\/m\/6fcd388e9f2e3c7b\/original\/2F_Bose_BMSsafety_End_User_FAQ_pt.docx?_gl=1*10vz898*_gcl_au*MTIwNTcyNzEyMC4xNzIyNjIyMDg0*_ga*MTYxOTYwNDMyMy4xNzIyNjI1NTAz*_ga_NRTQ4DPXBJ*MTcyNDg1NTQ5OS42OC4xLjE3MjQ4NjM1NzcuNjAuMC4w\">Para utilizadores finais 2F<\/a><\/li>\n<\/ul>\t\t\t\t\t\t\t\t<\/div>\n\t\t\t\t<\/div>\n\t\t\t\t\t<\/div>\n\t\t\t\t<\/div>\n\t\t<div data-particle_enable=\"false\" data-particle-mobile-disabled=\"false\" class=\"elementor-element elementor-element-3b2fde97 e-flex e-con-boxed e-con e-parent\" data-id=\"3b2fde97\" data-element_type=\"container\">\n\t\t\t\t\t<div class=\"e-con-inner\">\n\t\t\t\t<div class=\"elementor-element elementor-element-18f63de4 elementor-widget elementor-widget-heading\" data-id=\"18f63de4\" data-element_type=\"widget\" data-widget_type=\"heading.default\">\n\t\t\t\t<div class=\"elementor-widget-container\">\n\t\t\t\t\t<h2 class=\"elementor-heading-title elementor-size-default\">\u5409\u4e9a\u65af<\/h2>\t\t\t\t<\/div>\n\t\t\t\t<\/div>\n\t\t\t\t<div class=\"elementor-element elementor-element-268a26cb elementor-widget elementor-widget-text-editor\" data-id=\"268a26cb\" data-element_type=\"widget\" data-widget_type=\"text-editor.default\">\n\t\t\t\t<div class=\"elementor-widget-container\">\n\t\t\t\t\t\t\t\t\t<ul>\n<li><a href=\"https:\/\/assets.boseprofessional.com\/m\/5a8b32eed68ec00e\/original\/ig_safetycable_5-5x8-5.pdf?_gl=1*10vz898*_gcl_au*MTIwNTcyNzEyMC4xNzIyNjIyMDg0*_ga*MTYxOTYwNDMyMy4xNzIyNjI1NTAz*_ga_NRTQ4DPXBJ*MTcyNDg1NTQ5OS42OC4xLjE3MjQ4NjM1NzcuNjAuMC4w\">\u5b89\u5168\u89d2\u5b89\u88c5\u6307\u5357<\/a><\/li>\n<li><a href=\"https:\/\/assets.boseprofessional.com\/m\/6afa4528e7f2a010\/original\/uig_freespace_ds40f.pdf?_gl=1*10vz898*_gcl_au*MTIwNTcyNzEyMC4xNzIyNjIyMDg0*_ga*MTYxOTYwNDMyMy4xNzIyNjI1NTAz*_ga_NRTQ4DPXBJ*MTcyNDg1NTQ5OS42OC4xLjE3MjQ4NjM1NzcuNjAuMC4w\">Guia de desinstala\u00e7\u00e3o da FreeSpace DS 40F<\/a><\/li>\n<\/ul>\t\t\t\t\t\t\t\t<\/div>\n\t\t\t\t<\/div>\n\t\t\t\t\t<\/div>\n\t\t\t\t<\/div>\n\t\t<div data-particle_enable=\"false\" data-particle-mobile-disabled=\"false\" class=\"elementor-element elementor-element-5f00f579 e-flex e-con-boxed e-con e-parent\" data-id=\"5f00f579\" data-element_type=\"container\">\n\t\t\t\t\t<div class=\"e-con-inner\">\n\t\t\t\t<div class=\"elementor-element elementor-element-7fc7f997 elementor-widget elementor-widget-heading\" data-id=\"7fc7f997\" data-element_type=\"widget\" data-widget_type=\"heading.default\">\n\t\t\t\t<div class=\"elementor-widget-container\">\n\t\t\t\t\t<h2 class=\"elementor-heading-title elementor-size-default\">\u4ea7\u54c1\u5904\u7f6e\u914d\u65b9<\/h2>\t\t\t\t<\/div>\n\t\t\t\t<\/div>\n\t\t\t\t<div class=\"elementor-element elementor-element-2baad7de elementor-widget elementor-widget-text-editor\" data-id=\"2baad7de\" data-element_type=\"widget\" data-widget_type=\"text-editor.default\">\n\t\t\t\t<div class=\"elementor-widget-container\">\n\t\t\t\t\t\t\t\t\t<ul>\n<li><a href=\"https:\/\/assets.boseprofessional.com\/m\/60a6bb9eed36c590\/original\/1T_Return_Shipping_Form_pt.xlsx?_gl=1*1ru9iwz*_gcl_au*MTIwNTcyNzEyMC4xNzIyNjIyMDg0*_ga*MTYxOTYwNDMyMy4xNzIyNjI1NTAz*_ga_NRTQ4DPXBJ*MTcyNDg1NTQ5OS42OC4xLjE3MjQ4NjM1NzcuNjAuMC4w\">\u9000\u6b3e\u8868\u683c<\/a><\/li>\n<li><a href=\"mailto:DS40.recall@boseprofessional.com\">DS40.recall@boseprofessional.com<\/a><\/li>\n<\/ul>\t\t\t\t\t\t\t\t<\/div>\n\t\t\t\t<\/div>\n\t\t\t\t\t<\/div>\n\t\t\t\t<\/div>\n\t\t<div data-particle_enable=\"false\" data-particle-mobile-disabled=\"false\" class=\"elementor-element elementor-element-513302e6 e-flex e-con-boxed e-con e-parent\" data-id=\"513302e6\" data-element_type=\"container\">\n\t\t\t\t\t<div class=\"e-con-inner\">\n\t\t\t\t<div class=\"elementor-element elementor-element-11699ef6 elementor-widget elementor-widget-heading\" data-id=\"11699ef6\" data-element_type=\"widget\" data-widget_type=\"heading.default\">\n\t\t\t\t<div class=\"elementor-widget-container\">\n\t\t\t\t\t<h2 class=\"elementor-heading-title elementor-size-default\">\u8054\u7cfb<\/h2>\t\t\t\t<\/div>\n\t\t\t\t<\/div>\n\t\t\t\t<div class=\"elementor-element elementor-element-203879dd elementor-widget elementor-widget-text-editor\" data-id=\"203879dd\" data-element_type=\"widget\" data-widget_type=\"text-editor.default\">\n\t\t\t\t<div class=\"elementor-widget-container\">\n\t\t\t\t\t\t\t\t\t<p style=\"text-align: center;\"><strong>Bose Pro \u9500\u552e\u4ee3\u8868\u8054\u7cfb\u4eba<\/strong><\/p>\t\t\t\t\t\t\t\t<\/div>\n\t\t\t\t<\/div>\n\t\t\t\t<div class=\"elementor-element elementor-element-7360dc79 elementor-align-center elementor-widget elementor-widget-button\" data-id=\"7360dc79\" data-element_type=\"widget\" data-widget_type=\"button.default\">\n\t\t\t\t<div class=\"elementor-widget-container\">\n\t\t\t\t\t\t\t\t\t<div class=\"elementor-button-wrapper\">\n\t\t\t\t\t<a class=\"elementor-button elementor-button-link elementor-size-sm elementor-animation-shrink\" href=\"\/zh\/global-sales-offices\/\">\n\t\t\t\t\t\t<span class=\"elementor-button-content-wrapper\">\n\t\t\t\t\t\t\t\t\t<span class=\"elementor-button-text\">\u8054\u7cfb<\/span>\n\t\t\t\t\t<\/span>\n\t\t\t\t\t<\/a>\n\t\t\t\t<\/div>\n\t\t\t\t\t\t\t\t<\/div>\n\t\t\t\t<\/div>\n\t\t\t\t\t<\/div>\n\t\t\t\t<\/div>\n\t\t\t\t<\/div>\n\t\t","protected":false},"excerpt":{"rendered":"<p>\u67f1\u72b6\u56fe\u548c Bose \u5b89\u5168\u9501\u7684\u5b89\u88c5 \u4e00\u822c\u8bf4\u660e A Bose \u53ef\u4ee5\u91cd\u65b0\u6392\u5217\u4e3a\u67f1\u72b6\u56feFreeSpace DS 40F de montagem embutida\/no teto Fabricadas antes de 13 de agosto de 2018. Durante a instala\u00e7\u00e3o ea utiliza\u00e7\u00e3o, as buchas de montagem destas colunas podem quebrar, o que pode levar \u00e0 queda [...]<\/p>\n","protected":false},"author":33,"featured_media":0,"parent":1201,"menu_order":0,"comment_status":"closed","ping_status":"closed","template":"","meta":{"_acf_changed":false,"ep_exclude_from_search":false,"footnotes":""},"page-category":[],"class_list":["post-3171","page","type-page","status-publish","hentry"],"acf":[],"_links":{"self":[{"href":"https:\/\/boseprofessional.com\/zh\/wp-json\/wp\/v2\/pages\/3171","targetHints":{"allow":["GET"]}}],"collection":[{"href":"https:\/\/boseprofessional.com\/zh\/wp-json\/wp\/v2\/pages"}],"about":[{"href":"https:\/\/boseprofessional.com\/zh\/wp-json\/wp\/v2\/types\/page"}],"author":[{"embeddable":true,"href":"https:\/\/boseprofessional.com\/zh\/wp-json\/wp\/v2\/users\/33"}],"replies":[{"embeddable":true,"href":"https:\/\/boseprofessional.com\/zh\/wp-json\/wp\/v2\/comments?post=3171"}],"version-history":[{"count":3,"href":"https:\/\/boseprofessional.com\/zh\/wp-json\/wp\/v2\/pages\/3171\/revisions"}],"predecessor-version":[{"id":119531,"href":"https:\/\/boseprofessional.com\/zh\/wp-json\/wp\/v2\/pages\/3171\/revisions\/119531"}],"up":[{"embeddable":true,"href":"https:\/\/boseprofessional.com\/zh\/wp-json\/wp\/v2\/pages\/1201"}],"wp:attachment":[{"href":"https:\/\/boseprofessional.com\/zh\/wp-json\/wp\/v2\/media?parent=3171"}],"wp:term":[{"taxonomy":"page-category","embeddable":true,"href":"https:\/\/boseprofessional.com\/zh\/wp-json\/wp\/v2\/page-category?post=3171"}],"curies":[{"name":"wp","href":"https:\/\/api.w.org\/{rel}","templated":true}]}}