{"id":2816,"date":"2023-09-07T02:50:17","date_gmt":"2023-09-07T02:50:17","guid":{"rendered":"https:\/\/uatnew.boseprofessional.com\/?page_id=2816"},"modified":"2024-08-27T14:10:40","modified_gmt":"2024-08-27T14:10:40","slug":"da-dk","status":"publish","type":"page","link":"https:\/\/boseprofessional.com\/zh\/resources\/support\/bms-safety\/da-dk\/","title":{"rendered":"BMS Safety DA-DK"},"content":{"rendered":"\t\t<div data-elementor-type=\"wp-page\" data-elementor-id=\"2816\" class=\"elementor elementor-2816\" data-elementor-post-type=\"page\">\n\t\t\t\t<div data-particle_enable=\"false\" data-particle-mobile-disabled=\"false\" class=\"elementor-element elementor-element-207bf7d e-flex e-con-boxed e-con e-parent\" data-id=\"207bf7d\" data-element_type=\"container\" data-settings=\"{&quot;background_background&quot;:&quot;classic&quot;,&quot;shape_divider_bottom&quot;:&quot;opacity-tilt&quot;}\">\n\t\t\t\t\t<div class=\"e-con-inner\">\n\t\t\t\t<div class=\"elementor-shape elementor-shape-bottom\" aria-hidden=\"true\" data-negative=\"false\">\n\t\t\t<svg xmlns=\"http:\/\/www.w3.org\/2000\/svg\" viewbox=\"0 0 2600 131.1\" preserveaspectratio=\"none\">\n\t<path class=\"elementor-shape-fill\" d=\"M0 0L2600 0 2600 69.1 0 0z\"\/>\n\t<path class=\"elementor-shape-fill\" style=\"opacity:0.5\" d=\"M0 0L2600 0 2600 69.1 0 69.1z\"\/>\n\t<path class=\"elementor-shape-fill\" style=\"opacity:0.25\" d=\"M2600 0L0 0 0 130.1 2600 69.1z\"\/>\n<\/svg>\t\t<\/div>\n\t\t\t\t<div class=\"elementor-element elementor-element-201cfb71 elementor-widget elementor-widget-heading\" data-id=\"201cfb71\" data-element_type=\"widget\" data-widget_type=\"heading.default\">\n\t\t\t\t<div class=\"elementor-widget-container\">\n\t\t\t\t\t<h1 class=\"elementor-heading-title elementor-size-default\">Bose-h\u00f8jttaler \u7684 Tilbagekaldelse \u548c montering af sikkerhedskabel\n<\/h1>\t\t\t\t<\/div>\n\t\t\t\t<\/div>\n\t\t\t\t\t<\/div>\n\t\t\t\t<\/div>\n\t\t<div data-particle_enable=\"false\" data-particle-mobile-disabled=\"false\" class=\"elementor-element elementor-element-1ba0c53c e-flex e-con-boxed e-con e-parent\" data-id=\"1ba0c53c\" data-element_type=\"container\">\n\t\t\t\t\t<div class=\"e-con-inner\">\n\t\t\t\t<div class=\"elementor-element elementor-element-11795bcf elementor-widget elementor-widget-image\" data-id=\"11795bcf\" data-element_type=\"widget\" data-widget_type=\"image.default\">\n\t\t\t\t<div class=\"elementor-widget-container\">\n\t\t\t\t\t\t\t\t\t\t\t\t\t\t\t<img fetchpriority=\"high\" decoding=\"async\" width=\"1280\" height=\"440\" src=\"https:\/\/assets.boseprofessional.com\/transform\/e70c180d-4d3e-4142-a589-837bd83357c3\/Hydrocarbons_montage2_Header-png\" class=\"attachment-1536x1536 size-1536x1536 wp-image-20498\" alt=\"\u78b3\u6c22\u5316\u5408\u7269\u7ec4\u88c5 2 \u6807\u9898\" srcset=\"https:\/\/assets.boseprofessional.com\/transform\/e70c180d-4d3e-4142-a589-837bd83357c3\/Hydrocarbons_montage2_Header-png 1280w, https:\/\/assets.boseprofessional.com\/transform\/e70c180d-4d3e-4142-a589-837bd83357c3\/Hydrocarbons_montage2_Header-png?io=transform:scale,width:150,height:52 150w, https:\/\/assets.boseprofessional.com\/transform\/e70c180d-4d3e-4142-a589-837bd83357c3\/Hydrocarbons_montage2_Header-png?io=transform:scale,width:300,height:103 300w, https:\/\/assets.boseprofessional.com\/transform\/e70c180d-4d3e-4142-a589-837bd83357c3\/Hydrocarbons_montage2_Header-png?io=transform:scale,width:1024,height:352 1024w, https:\/\/assets.boseprofessional.com\/transform\/e70c180d-4d3e-4142-a589-837bd83357c3\/Hydrocarbons_montage2_Header-png?io=transform:scale,width:480,height:165 480w, https:\/\/assets.boseprofessional.com\/transform\/e70c180d-4d3e-4142-a589-837bd83357c3\/Hydrocarbons_montage2_Header-png?io=transform:scale,width:768,height:264 768w, https:\/\/assets.boseprofessional.com\/transform\/e70c180d-4d3e-4142-a589-837bd83357c3\/Hydrocarbons_montage2_Header-png?io=transform:scale,width:100,height:34 100w\" sizes=\"(max-width: 1280px) 100vw, 1280px\" \/>\t\t\t\t\t\t\t\t\t\t\t\t\t\t\t<\/div>\n\t\t\t\t<\/div>\n\t\t\t\t\t<\/div>\n\t\t\t\t<\/div>\n\t\t<div data-particle_enable=\"false\" data-particle-mobile-disabled=\"false\" class=\"elementor-element elementor-element-15d8e95c e-flex e-con-boxed e-con e-parent\" data-id=\"15d8e95c\" data-element_type=\"container\">\n\t\t\t\t\t<div class=\"e-con-inner\">\n\t\t\t\t<div class=\"elementor-element elementor-element-3fb4f486 elementor-widget elementor-widget-heading\" data-id=\"3fb4f486\" data-element_type=\"widget\" data-widget_type=\"heading.default\">\n\t\t\t\t<div class=\"elementor-widget-container\">\n\t\t\t\t\t<h2 class=\"elementor-heading-title elementor-size-default\">\u76d1\u7763<\/h2>\t\t\t\t<\/div>\n\t\t\t\t<\/div>\n\t\t\t\t<div class=\"elementor-element elementor-element-3e2958e5 elementor-widget elementor-widget-text-editor\" data-id=\"3e2958e5\" data-element_type=\"widget\" data-widget_type=\"text-editor.default\">\n\t\t\t\t<div class=\"elementor-widget-container\">\n\t\t\t\t\t\t\t\t\t<p><strong>Bose \u5c06\u4e8e 2018 \u5e74 8 \u6708 13 \u65e5\u63a8\u51fa\u6240\u6709FreeSpace DS 40F \u9601\u697c\u8bbe\u5907<\/strong>\u3002\u6211\u7981\u6b62\u5728 stykker \u4e0a\u8fdb\u884c\u5b89\u88c5\u6216\u5b89\u88c5\uff0c\u6216\u5728 falde \u548c medf\u00f8re alvorlig Personkade \u4e0a\u8fdb\u884c\u5b89\u88c5\u3002 Indtil videre er vi blevet gjort opm\u00e6rksom p\u00e5 29 h\u00f8jttalere, der er faldet ned, og et enkelt tilf\u00e6lde, hvor det har f\u00f8rt til personskade.<\/p>\n<p><strong>Bose \u53ef\u4ee5\u901a\u8fc7 DS 40F \u4e0b\u7684 Bose \u8bbe\u5907\u8fdb\u884c\u5b89\u88c5\uff0c\u5e76\u5728\u5b89\u88c5\u8fc7\u7a0b\u4e2d\u8fdb\u884c\u4e00\u4e9b\u5b89\u88c5\u3002\u8bf7\u5b89\u88c5\u597d\u540e\u5b89\u88c5<\/strong>\u3002 N\u00e5r monteringskomponenterne p\u00e5 disse h\u00f8jttalere uds\u00e6ttes for madlavningsolie eller denpe derfra, kan de g\u00e5 i stykker.\u6211\u7684\u7ed3\u679c\u662f\uff0c\u5728 h\u00f8jttalerne flder ned\uff0chvilket kan medf\u00f8re alvorlige skader\u3002 Indtil videre er vi blevet gjort opm\u00e6rksom p\u00e5 fem h\u00f8jttalere, der er faldet ned, og et enkelt tilf\u00e6lde, hvor det har f\u00f8rt til personskade.<\/p>\n<p>\u60a8\u53ef\u4ee5\u76f4\u63a5\u4f7f\u7528 Bose \u7ecf\u9500\u5546\u6216\u5206\u9500\u5546\uff0c\u4e5f\u53ef\u4ee5\u76f4\u63a5\u4f7f\u7528\u5176\u4ed6\u8bbe\u5907\u3002\u8fd9\u662f Bose \u7684\u76f4\u63a5\u64cd\u4f5c\uff0c\u662f Bose \u4e0e yderligere oplysninger \u7684\u8054\u7cfb\u65b9\u5f0f\u3002<\/p>\t\t\t\t\t\t\t\t<\/div>\n\t\t\t\t<\/div>\n\t\t\t\t\t<\/div>\n\t\t\t\t<\/div>\n\t\t<div data-particle_enable=\"false\" data-particle-mobile-disabled=\"false\" class=\"elementor-element elementor-element-252a46c5 e-flex e-con-boxed e-con e-parent\" data-id=\"252a46c5\" data-element_type=\"container\">\n\t\t\t\t\t<div class=\"e-con-inner\">\n\t\t\t\t<div class=\"elementor-element elementor-element-6fada646 elementor-widget elementor-widget-heading\" data-id=\"6fada646\" data-element_type=\"widget\" data-widget_type=\"heading.default\">\n\t\t\t\t<div class=\"elementor-widget-container\">\n\t\t\t\t\t<h2 class=\"elementor-heading-title elementor-size-default\">Anmodning og krav<\/h2>\t\t\t\t<\/div>\n\t\t\t\t<\/div>\n\t\t\t\t<div class=\"elementor-element elementor-element-5f4d476a elementor-widget elementor-widget-text-editor\" data-id=\"5f4d476a\" data-element_type=\"widget\" data-widget_type=\"text-editor.default\">\n\t\t\t\t<div class=\"elementor-widget-container\">\n\t\t\t\t\t\t\t\t\t<p>Anmodninger om erstatningsprodukt, sikkerhedskabler eller \u8865\u507f\uff1a <a href=\"https:\/\/www.bosebmssafety.com\/claim\" target=\"_blank\" rel=\"noopener\">BoseBMSsafety.com\/claim<\/a><\/p>\t\t\t\t\t\t\t\t<\/div>\n\t\t\t\t<\/div>\n\t\t\t\t\t<\/div>\n\t\t\t\t<\/div>\n\t\t<div data-particle_enable=\"false\" data-particle-mobile-disabled=\"false\" class=\"elementor-element elementor-element-750fbd98 e-flex e-con-boxed e-con e-parent\" data-id=\"750fbd98\" data-element_type=\"container\">\n\t\t\t\t\t<div class=\"e-con-inner\">\n\t\t\t\t<div class=\"elementor-element elementor-element-1c040c5b elementor-widget elementor-widget-heading\" data-id=\"1c040c5b\" data-element_type=\"widget\" data-widget_type=\"heading.default\">\n\t\t\t\t<div class=\"elementor-widget-container\">\n\t\t\t\t\t<h2 class=\"elementor-heading-title elementor-size-default\">\u6c9f\u901a<\/h2>\t\t\t\t<\/div>\n\t\t\t\t<\/div>\n\t\t\t\t<div class=\"elementor-element elementor-element-3b33ae30 elementor-widget elementor-widget-text-editor\" data-id=\"3b33ae30\" data-element_type=\"widget\" data-widget_type=\"text-editor.default\">\n\t\t\t\t<div class=\"elementor-widget-container\">\n\t\t\t\t\t\t\t\t\t<ul><li><a href=\"https:\/\/assets.boseprofessional.com\/m\/3f6cebc995cf3b9d\/original\/1L_Bose_BMSsafety_Direct_Reseller_da.docx?_gl=1*4fc4dv*_gcl_au*MTIwNTcyNzEyMC4xNzIyNjIyMDg0*_ga*MTYxOTYwNDMyMy4xNzIyNjI1NTAz*_ga_NRTQ4DPXBJ*MTcyNDQxNjEzMy41My4xLjE3MjQ0MTc0ODcuNjAuMC4w\">Brev til direkte forhandler (datterselkab) 1L<\/a><\/li><li><a href=\"https:\/\/assets.boseprofessional.com\/m\/7e731765ae681f7\/original\/3L_Bose_BMSsafety_Indirect_Reseller_da.docx?_gl=1*u9o24c*_gcl_au*MTIwNTcyNzEyMC4xNzIyNjIyMDg0*_ga*MTYxOTYwNDMyMy4xNzIyNjI1NTAz*_ga_NRTQ4DPXBJ*MTcyNDQxNjEzMy41My4xLjE3MjQ0MTc0ODcuNjAuMC4w\">Brev til indirekte forhandler\/trin 2-forhandler 3L<\/a><\/li><li><a href=\"https:\/\/assets.boseprofessional.com\/m\/2bba20a26f060eaa\/original\/4L_Bose_BMSsafety_End_User_da.docx?_gl=1*u9o24c*_gcl_au*MTIwNTcyNzEyMC4xNzIyNjIyMDg0*_ga*MTYxOTYwNDMyMy4xNzIyNjI1NTAz*_ga_NRTQ4DPXBJ*MTcyNDQxNjEzMy41My4xLjE3MjQ0MTc0ODcuNjAuMC4w\">Slutbrugerbrev 4L<\/a><\/li><li><a href=\"https:\/\/assets.boseprofessional.com\/m\/130b4b72ad2e187f\/original\/6A_Bose_BMSsafety_en-xlsx.docx\">Vareliste \u8d85\u8fc7 ber\u00f8rte produkter 6A<\/a><\/li><li><a href=\"https:\/\/assets.boseprofessional.com\/m\/8330edb9d7d5bc3\/original\/Bose_BMS_Safety_UPDATE_New_EdgeMax_SKUs_da.docx?_gl=1*16yqtsg*_gcl_au*MTIwNTcyNzEyMC4xNzIyNjIyMDg0*_ga*MTYxOTYwNDMyMy4xNzIyNjI1NTAz*_ga_NRTQ4DPXBJ*MTcyNDQxNjEzMy41My4xLjE3MjQ0MTc0ODcuNjAuMC4w\"><strong>\u66f4\u65b0\u65e5\u671f<\/strong>\uff1a2019 \u5e74 10 \u6708 \u2013 \u5948EdgeMax -SKU'er<\/a><\/li><li><a href=\"https:\/\/assets.boseprofessional.com\/m\/2daab4e85b1a2457\/original\/Bose_BMS_Safety_UPDATE_New_FS3_SKUs_da.docx?_gl=1*16yqtsg*_gcl_au*MTIwNTcyNzEyMC4xNzIyNjIyMDg0*_ga*MTYxOTYwNDMyMy4xNzIyNjI1NTAz*_ga_NRTQ4DPXBJ*MTcyNDQxNjEzMy41My4xLjE3MjQ0MTc0ODcuNjAuMC4w\"><strong>\u66f4\u65b0\u65e5\u671f<\/strong>\uff1a2020 \u5e74 2 \u6708 \u2013 \u5948FreeSpace\u00a03 SKU'er<\/a><\/li><\/ul>\t\t\t\t\t\t\t\t<\/div>\n\t\t\t\t<\/div>\n\t\t\t\t\t<\/div>\n\t\t\t\t<\/div>\n\t\t<div data-particle_enable=\"false\" data-particle-mobile-disabled=\"false\" class=\"elementor-element elementor-element-69784b91 e-flex e-con-boxed e-con e-parent\" data-id=\"69784b91\" data-element_type=\"container\">\n\t\t\t\t\t<div class=\"e-con-inner\">\n\t\t\t\t<div class=\"elementor-element elementor-element-2bdd636e elementor-widget elementor-widget-heading\" data-id=\"2bdd636e\" data-element_type=\"widget\" data-widget_type=\"heading.default\">\n\t\t\t\t<div class=\"elementor-widget-container\">\n\t\t\t\t\t<h2 class=\"elementor-heading-title elementor-size-default\">Ofte stillede sp\u00f8rgsm\u00e5l<\/h2>\t\t\t\t<\/div>\n\t\t\t\t<\/div>\n\t\t\t\t<div class=\"elementor-element elementor-element-b312605 elementor-widget elementor-widget-text-editor\" data-id=\"b312605\" data-element_type=\"widget\" data-widget_type=\"text-editor.default\">\n\t\t\t\t<div class=\"elementor-widget-container\">\n\t\t\t\t\t\t\t\t\t<ul><li><a href=\"https:\/\/assets.boseprofessional.com\/m\/39806a68edb68bf8\/original\/1F_Bose_BMSsafety_Reseller_FAQ_da.docx?_gl=1*16yqtsg*_gcl_au*MTIwNTcyNzEyMC4xNzIyNjIyMDg0*_ga*MTYxOTYwNDMyMy4xNzIyNjI1NTAz*_ga_NRTQ4DPXBJ*MTcyNDQxNjEzMy41My4xLjE3MjQ0MTc0ODcuNjAuMC4w\">\u5bf9\u4e8e forhandlere 1F<\/a><\/li><li><a href=\"https:\/\/assets.boseprofessional.com\/m\/3f2705d6d1be5579\/original\/2F_Bose_BMSsafety_End_User_FAQ_da.docx?_gl=1*16yqtsg*_gcl_au*MTIwNTcyNzEyMC4xNzIyNjIyMDg0*_ga*MTYxOTYwNDMyMy4xNzIyNjI1NTAz*_ga_NRTQ4DPXBJ*MTcyNDQxNjEzMy41My4xLjE3MjQ0MTc0ODcuNjAuMC4w\">\u5bf9\u4e8e slutbrugere 2F<\/a><\/li><\/ul>\t\t\t\t\t\t\t\t<\/div>\n\t\t\t\t<\/div>\n\t\t\t\t\t<\/div>\n\t\t\t\t<\/div>\n\t\t<div data-particle_enable=\"false\" data-particle-mobile-disabled=\"false\" class=\"elementor-element elementor-element-2f8a407c e-flex e-con-boxed e-con e-parent\" data-id=\"2f8a407c\" data-element_type=\"container\">\n\t\t\t\t\t<div class=\"e-con-inner\">\n\t\t\t\t<div class=\"elementor-element elementor-element-3badc7f elementor-widget elementor-widget-heading\" data-id=\"3badc7f\" data-element_type=\"widget\" data-widget_type=\"heading.default\">\n\t\t\t\t<div class=\"elementor-widget-container\">\n\t\t\t\t\t<h2 class=\"elementor-heading-title elementor-size-default\">\u7ef4\u83b1\u5fb7\u5b81\u683c<\/h2>\t\t\t\t<\/div>\n\t\t\t\t<\/div>\n\t\t\t\t<div class=\"elementor-element elementor-element-2058809 elementor-widget elementor-widget-text-editor\" data-id=\"2058809\" data-element_type=\"widget\" data-widget_type=\"text-editor.default\">\n\t\t\t\t<div class=\"elementor-widget-container\">\n\t\t\t\t\t\t\t\t\t<ul><li><a href=\"https:\/\/assets.boseprofessional.com\/m\/5a8b32eed68ec00e\/original\/ig_safetycable_5-5x8-5.pdf?_gl=1*16yqtsg*_gcl_au*MTIwNTcyNzEyMC4xNzIyNjIyMDg0*_ga*MTYxOTYwNDMyMy4xNzIyNjI1NTAz*_ga_NRTQ4DPXBJ*MTcyNDQxNjEzMy41My4xLjE3MjQ0MTc0ODcuNjAuMC4w\">\u5173\u95ed\u76f4\u81f3\u5b89\u88c5 af sikkerhedskabel<\/a><\/li><li><a href=\"https:\/\/assets.boseprofessional.com\/m\/6afa4528e7f2a010\/original\/uig_freespace_ds40f.pdf?_gl=1*1wvm21r*_gcl_au*MTIwNTcyNzEyMC4xNzIyNjIyMDg0*_ga*MTYxOTYwNDMyMy4xNzIyNjI1NTAz*_ga_NRTQ4DPXBJ*MTcyNDQxNjEzMy41My4xLjE3MjQ0MTc0ODcuNjAuMC4w\">\u5173\u95ed\u76f4\u81f3\u5b89\u88c5\u5b8c\u6210FreeSpace DS 40F<\/a><\/li><\/ul>\t\t\t\t\t\t\t\t<\/div>\n\t\t\t\t<\/div>\n\t\t\t\t\t<\/div>\n\t\t\t\t<\/div>\n\t\t<div data-particle_enable=\"false\" data-particle-mobile-disabled=\"false\" class=\"elementor-element elementor-element-279fe2c7 e-flex e-con-boxed e-con e-parent\" data-id=\"279fe2c7\" data-element_type=\"container\">\n\t\t\t\t\t<div class=\"e-con-inner\">\n\t\t\t\t<div class=\"elementor-element elementor-element-141629b0 elementor-widget elementor-widget-heading\" data-id=\"141629b0\" data-element_type=\"widget\" data-widget_type=\"heading.default\">\n\t\t\t\t<div class=\"elementor-widget-container\">\n\t\t\t\t\t<h2 class=\"elementor-heading-title elementor-size-default\">\u4ea7\u54c1\u914d\u7f6e\u914d\u65b9<\/h2>\t\t\t\t<\/div>\n\t\t\t\t<\/div>\n\t\t\t\t<div class=\"elementor-element elementor-element-4ff26464 elementor-widget elementor-widget-text-editor\" data-id=\"4ff26464\" data-element_type=\"widget\" data-widget_type=\"text-editor.default\">\n\t\t\t\t<div class=\"elementor-widget-container\">\n\t\t\t\t\t\t\t\t\t<ul><li><a href=\"https:\/\/assets.boseprofessional.com\/m\/559880121fa43958\/original\/1T_Return_Shipping_Form_da.xlsx?_gl=1*5t1rxt*_gcl_au*MTIwNTcyNzEyMC4xNzIyNjIyMDg0*_ga*MTYxOTYwNDMyMy4xNzIyNjI1NTAz*_ga_NRTQ4DPXBJ*MTcyNDQxNjEzMy41My4xLjE3MjQ0MTc3MTkuNjAuMC4w\">\u9000\u8d27\u7533\u8bf7\u8868<\/a><\/li><li><a href=\"mailto:DS40.recall@boseprofessional.com\">DS40.recall@boseprofessional.com<\/a><\/li><\/ul>\t\t\t\t\t\t\t\t<\/div>\n\t\t\t\t<\/div>\n\t\t\t\t\t<\/div>\n\t\t\t\t<\/div>\n\t\t<div data-particle_enable=\"false\" data-particle-mobile-disabled=\"false\" class=\"elementor-element elementor-element-38729673 e-flex e-con-boxed e-con e-parent\" data-id=\"38729673\" data-element_type=\"container\">\n\t\t\t\t\t<div class=\"e-con-inner\">\n\t\t\t\t<div class=\"elementor-element elementor-element-6acd4801 elementor-widget elementor-widget-heading\" data-id=\"6acd4801\" data-element_type=\"widget\" data-widget_type=\"heading.default\">\n\t\t\t\t<div class=\"elementor-widget-container\">\n\t\t\t\t\t<h2 class=\"elementor-heading-title elementor-size-default\">\u8054\u7cfb\u65b9\u5f0f<\/h2>\t\t\t\t<\/div>\n\t\t\t\t<\/div>\n\t\t\t\t<div class=\"elementor-element elementor-element-238b4b93 elementor-widget elementor-widget-text-editor\" data-id=\"238b4b93\" data-element_type=\"widget\" data-widget_type=\"text-editor.default\">\n\t\t\t\t<div class=\"elementor-widget-container\">\n\t\t\t\t\t\t\t\t\t<p style=\"text-align: center; margin-bottom: 0px;\"><strong>\u4e0e Bose Pro \u9500\u552e\u4ee3\u8868\u8054\u7cfb<\/strong><\/p>\t\t\t\t\t\t\t\t<\/div>\n\t\t\t\t<\/div>\n\t\t\t\t<div class=\"elementor-element elementor-element-6343f7fe elementor-align-center elementor-widget elementor-widget-button\" data-id=\"6343f7fe\" data-element_type=\"widget\" data-widget_type=\"button.default\">\n\t\t\t\t<div class=\"elementor-widget-container\">\n\t\t\t\t\t\t\t\t\t<div class=\"elementor-button-wrapper\">\n\t\t\t\t\t<a class=\"elementor-button elementor-button-link elementor-size-sm elementor-animation-shrink\" href=\"\/zh\/global-sales-offices\/\">\n\t\t\t\t\t\t<span class=\"elementor-button-content-wrapper\">\n\t\t\t\t\t\t\t\t\t<span class=\"elementor-button-text\">\u8054\u7cfb\u65b9\u5f0f<\/span>\n\t\t\t\t\t<\/span>\n\t\t\t\t\t<\/a>\n\t\t\t\t<\/div>\n\t\t\t\t\t\t\t\t<\/div>\n\t\t\t\t<\/div>\n\t\t\t\t\t<\/div>\n\t\t\t\t<\/div>\n\t\t\t\t<\/div>\n\t\t","protected":false},"excerpt":{"rendered":"<p>Bose-h\u00f8jttaler Oversigt Bose tilbagekalder alle \u7684 Tilbagekaldelse \u548c montering af sikkerhedskabel FreeSpace DS 40F loftsh\u00f8jttalere \u76f4\u5230 2018 \u5e74 8 \u6708 13 \u65e5 indbygning fremstillet\u3002\u6211\u7981\u6b62\u5728 falde ned \u548c medf\u00f8re alvorlig \u8fdb\u884c\u5b89\u88c5\u548c\u5b89\u88c5\u3002\u4eba\u5458\u3002 Indtil videre er vi blevet gjort opm\u00e6rksom p\u00e5 [...]<\/p>\n","protected":false},"author":33,"featured_media":0,"parent":1201,"menu_order":0,"comment_status":"closed","ping_status":"closed","template":"","meta":{"_acf_changed":false,"ep_exclude_from_search":false,"footnotes":""},"page-category":[],"class_list":["post-2816","page","type-page","status-publish","hentry"],"acf":[],"_links":{"self":[{"href":"https:\/\/boseprofessional.com\/zh\/wp-json\/wp\/v2\/pages\/2816","targetHints":{"allow":["GET"]}}],"collection":[{"href":"https:\/\/boseprofessional.com\/zh\/wp-json\/wp\/v2\/pages"}],"about":[{"href":"https:\/\/boseprofessional.com\/zh\/wp-json\/wp\/v2\/types\/page"}],"author":[{"embeddable":true,"href":"https:\/\/boseprofessional.com\/zh\/wp-json\/wp\/v2\/users\/33"}],"replies":[{"embeddable":true,"href":"https:\/\/boseprofessional.com\/zh\/wp-json\/wp\/v2\/comments?post=2816"}],"version-history":[{"count":3,"href":"https:\/\/boseprofessional.com\/zh\/wp-json\/wp\/v2\/pages\/2816\/revisions"}],"predecessor-version":[{"id":119324,"href":"https:\/\/boseprofessional.com\/zh\/wp-json\/wp\/v2\/pages\/2816\/revisions\/119324"}],"up":[{"embeddable":true,"href":"https:\/\/boseprofessional.com\/zh\/wp-json\/wp\/v2\/pages\/1201"}],"wp:attachment":[{"href":"https:\/\/boseprofessional.com\/zh\/wp-json\/wp\/v2\/media?parent=2816"}],"wp:term":[{"taxonomy":"page-category","embeddable":true,"href":"https:\/\/boseprofessional.com\/zh\/wp-json\/wp\/v2\/page-category?post=2816"}],"curies":[{"name":"wp","href":"https:\/\/api.w.org\/{rel}","templated":true}]}}