{"id":2781,"date":"2023-09-06T18:33:34","date_gmt":"2023-09-06T18:33:34","guid":{"rendered":"https:\/\/uatnew.boseprofessional.com\/?page_id=2781"},"modified":"2024-08-28T14:39:42","modified_gmt":"2024-08-28T14:39:42","slug":"fr-ca","status":"publish","type":"page","link":"https:\/\/boseprofessional.com\/zh\/resources\/support\/bms-safety\/fr-ca\/","title":{"rendered":"BMS Safety FR-CA"},"content":{"rendered":"\t\t<div data-elementor-type=\"wp-page\" data-elementor-id=\"2781\" class=\"elementor elementor-2781\" data-elementor-post-type=\"page\">\n\t\t\t\t<div data-particle_enable=\"false\" data-particle-mobile-disabled=\"false\" class=\"elementor-element elementor-element-9527cf7 e-flex e-con-boxed e-con e-parent\" data-id=\"9527cf7\" data-element_type=\"container\" data-settings=\"{&quot;background_background&quot;:&quot;classic&quot;,&quot;shape_divider_bottom&quot;:&quot;opacity-tilt&quot;}\">\n\t\t\t\t\t<div class=\"e-con-inner\">\n\t\t\t\t<div class=\"elementor-shape elementor-shape-bottom\" aria-hidden=\"true\" data-negative=\"false\">\n\t\t\t<svg xmlns=\"http:\/\/www.w3.org\/2000\/svg\" viewbox=\"0 0 2600 131.1\" preserveaspectratio=\"none\">\n\t<path class=\"elementor-shape-fill\" d=\"M0 0L2600 0 2600 69.1 0 0z\"\/>\n\t<path class=\"elementor-shape-fill\" style=\"opacity:0.5\" d=\"M0 0L2600 0 2600 69.1 0 69.1z\"\/>\n\t<path class=\"elementor-shape-fill\" style=\"opacity:0.25\" d=\"M2600 0L0 0 0 130.1 2600 69.1z\"\/>\n<\/svg>\t\t<\/div>\n\t\t\t\t<div class=\"elementor-element elementor-element-8efb163 elementor-widget elementor-widget-heading\" data-id=\"8efb163\" data-element_type=\"widget\" data-widget_type=\"heading.default\">\n\t\t\t\t<div class=\"elementor-widget-container\">\n\t\t\t\t\t<h1 class=\"elementor-heading-title elementor-size-default\">\u5b89\u5168\u7ef3\u7d22\u548c\u5b89\u88c5<\/h1>\t\t\t\t<\/div>\n\t\t\t\t<\/div>\n\t\t\t\t\t<\/div>\n\t\t\t\t<\/div>\n\t\t<div data-particle_enable=\"false\" data-particle-mobile-disabled=\"false\" class=\"elementor-element elementor-element-37b9f11c e-flex e-con-boxed e-con e-parent\" data-id=\"37b9f11c\" data-element_type=\"container\">\n\t\t\t\t\t<div class=\"e-con-inner\">\n\t\t\t\t<div class=\"elementor-element elementor-element-26e652b3 elementor-widget elementor-widget-image\" data-id=\"26e652b3\" data-element_type=\"widget\" data-widget_type=\"image.default\">\n\t\t\t\t<div class=\"elementor-widget-container\">\n\t\t\t\t\t\t\t\t\t\t\t\t\t\t\t<img fetchpriority=\"high\" decoding=\"async\" width=\"1280\" height=\"440\" src=\"https:\/\/assets.boseprofessional.com\/transform\/e70c180d-4d3e-4142-a589-837bd83357c3\/Hydrocarbons_montage2_Header-png\" class=\"attachment-1536x1536 size-1536x1536 wp-image-20498\" alt=\"\u78b3\u6c22\u5316\u5408\u7269\u7ec4\u88c5 2 \u6807\u9898\" srcset=\"https:\/\/assets.boseprofessional.com\/transform\/e70c180d-4d3e-4142-a589-837bd83357c3\/Hydrocarbons_montage2_Header-png 1280w, https:\/\/assets.boseprofessional.com\/transform\/e70c180d-4d3e-4142-a589-837bd83357c3\/Hydrocarbons_montage2_Header-png?io=transform:scale,width:150,height:52 150w, https:\/\/assets.boseprofessional.com\/transform\/e70c180d-4d3e-4142-a589-837bd83357c3\/Hydrocarbons_montage2_Header-png?io=transform:scale,width:300,height:103 300w, https:\/\/assets.boseprofessional.com\/transform\/e70c180d-4d3e-4142-a589-837bd83357c3\/Hydrocarbons_montage2_Header-png?io=transform:scale,width:1024,height:352 1024w, https:\/\/assets.boseprofessional.com\/transform\/e70c180d-4d3e-4142-a589-837bd83357c3\/Hydrocarbons_montage2_Header-png?io=transform:scale,width:480,height:165 480w, https:\/\/assets.boseprofessional.com\/transform\/e70c180d-4d3e-4142-a589-837bd83357c3\/Hydrocarbons_montage2_Header-png?io=transform:scale,width:768,height:264 768w, https:\/\/assets.boseprofessional.com\/transform\/e70c180d-4d3e-4142-a589-837bd83357c3\/Hydrocarbons_montage2_Header-png?io=transform:scale,width:100,height:34 100w\" sizes=\"(max-width: 1280px) 100vw, 1280px\" \/>\t\t\t\t\t\t\t\t\t\t\t\t\t\t\t<\/div>\n\t\t\t\t<\/div>\n\t\t\t\t\t<\/div>\n\t\t\t\t<\/div>\n\t\t<div data-particle_enable=\"false\" data-particle-mobile-disabled=\"false\" class=\"elementor-element elementor-element-1be7ce82 e-flex e-con-boxed e-con e-parent\" data-id=\"1be7ce82\" data-element_type=\"container\">\n\t\t\t\t\t<div class=\"e-con-inner\">\n\t\t\t\t<div class=\"elementor-element elementor-element-6521d928 elementor-widget elementor-widget-heading\" data-id=\"6521d928\" data-element_type=\"widget\" data-widget_type=\"heading.default\">\n\t\t\t\t<div class=\"elementor-widget-container\">\n\t\t\t\t\t<h2 class=\"elementor-heading-title elementor-size-default\">\u4e00\u822c\u6027<\/h2>\t\t\t\t<\/div>\n\t\t\t\t<\/div>\n\t\t\t\t<div class=\"elementor-element elementor-element-4b394ddf elementor-widget elementor-widget-text-editor\" data-id=\"4b394ddf\" data-element_type=\"widget\" data-widget_type=\"text-editor.default\">\n\t\t\t\t<div class=\"elementor-widget-container\">\n\t\t\t\t\t\t\t\t\t<p><strong>Bose Rappelle \u5c06\u4e8e 2018 \u5e74 13 \u6708 13 \u65e5\u63a8\u51faFreeSpace DS 40F \u8bbe\u5907<\/strong>\u3002\u5728\u4f7f\u7528\u8fc7\u7a0b\u4e2d\u5b89\u88c5\u7684\u88c5\u7f6e\u3001\u5893\u5730\u8499\u592a\u5947\u7684\u56fa\u5b9a\u88c5\u7f6e\u3001\u5893\u7a74\u4e2d\u7684\u56fa\u5b9a\u88c5\u7f6e\u4ee5\u53ca\u575f\u5893\u7684\u795d\u798f\u3002\u6211\u4eec\u4e4b\u95f4\u7684\u5173\u7cfb\u5728 29 \u65e5\u7684\u5b89\u88c5\u548c\u795d\u798f\u5893\u5730\u4e2d\u5f97\u5230\u4e86\u4f53\u73b0\u3002<\/p>\n<p><strong>\u6b64\u5916\uff0cBose \u9700\u8981\u5b89\u88c5\u7279\u5b9a\u578b\u53f7\u7684\u5b89\u5168\u7535\u7f06\uff0c\u5176\u4e2d\u5305\u62ec DS 40F\uff0c\u53ef\u5728\u4e13\u4e1a\u73af\u5883\u4e2d\u5b89\u88c5<\/strong>\u3002 Cette \u4e49\u52a1\u5305\u62ec\u5b89\u88c5\u524d\u7684\u5b89\u88c5\u3002\u6700\u540e\uff0c\u6211\u4eec\u63ed\u9732\u4e86\u5e93\u68ee\u7684\u6c34\u6216\u5e93\u68ee\u7684\u84b8\u6c7d\uff0c\u4ee5\u53ca\u6765\u81ea\u585e\u5fb7\u5c14\u7684\u5893\u5730\u7684\u8499\u592a\u5947\u5143\u7d20\uff0c\u4ee5\u53ca\u6765\u81ea\u575f\u5893\u7684\u5893\u5730\u548c\u5bf9\u575f\u5893\u7684\u795d\u798f\u3002\u6211\u4eec\u4e4b\u95f4\u7684\u5173\u7cfb\u4e0e\u4eca\u5929\u7684\u5b57\u4f53\u6709\u5173\uff0c\u8fd9\u662f\u4e94\u6b21\u5b89\u88c5\u548c\u795d\u798f\u7684\u575f\u5893\u3002<\/p>\n<p>\u5982\u679c\u60a8\u76f4\u63a5\u5411 Bose \u5206\u9500\u6216\u9500\u552e\uff0c\u8bf7\u9009\u62e9 ci-dessous \u9009\u9879\u3002\u5982\u679c\u60a8\u672a\u6536\u5230 Bose \u7684\u6307\u793a\uff0c\u8bf7\u8054\u7cfb\u60a8\u7684 Bose \u7ecf\u9500\u5546\uff0c\u4e86\u89e3 Bose \u7684\u4e13\u4e1a\u77e5\u8bc6\u3002<\/p>\t\t\t\t\t\t\t\t<\/div>\n\t\t\t\t<\/div>\n\t\t\t\t\t<\/div>\n\t\t\t\t<\/div>\n\t\t<div data-particle_enable=\"false\" data-particle-mobile-disabled=\"false\" class=\"elementor-element elementor-element-44c68681 e-flex e-con-boxed e-con e-parent\" data-id=\"44c68681\" data-element_type=\"container\">\n\t\t\t\t\t<div class=\"e-con-inner\">\n\t\t\t\t<div class=\"elementor-element elementor-element-56917e72 elementor-widget elementor-widget-heading\" data-id=\"56917e72\" data-element_type=\"widget\" data-widget_type=\"heading.default\">\n\t\t\t\t<div class=\"elementor-widget-container\">\n\t\t\t\t\t<h2 class=\"elementor-heading-title elementor-size-default\">\u8865\u507f\u8981\u6c42<\/h2>\t\t\t\t<\/div>\n\t\t\t\t<\/div>\n\t\t\t\t<div class=\"elementor-element elementor-element-4c6a18ad elementor-widget elementor-widget-text-editor\" data-id=\"4c6a18ad\" data-element_type=\"widget\" data-widget_type=\"text-editor.default\">\n\t\t\t\t<div class=\"elementor-widget-container\">\n\t\t\t\t\t\t\t\t\t<div id=\"requeteetdemandederemboursement\" class=\"bp_page-navigation-content\">\n<p class=\"bp_bms-content-text-mt-mar bp_bms-content-text\">\u66f4\u6362\u4ea7\u54c1\u3001\u5b89\u5168\u7535\u7f06\u6216\u8865\u507f\u7684\u8981\u6c42\uff1a <a href=\"https:\/\/www.bosebmssafety.com\/claim\" target=\"_blank\" rel=\"noreferrer noopener\">BoseBMSsafety.com\/claim<\/a><\/p>\n<\/div>\n<div id=\"communications\" class=\"bp_bms-section-wrap bp_page-navigation-content\">\n<div class=\"bp_bms-section-header-wrap\">\u00a0<\/div>\n<\/div>\t\t\t\t\t\t\t\t<\/div>\n\t\t\t\t<\/div>\n\t\t\t\t\t<\/div>\n\t\t\t\t<\/div>\n\t\t<div data-particle_enable=\"false\" data-particle-mobile-disabled=\"false\" class=\"elementor-element elementor-element-689f6da9 e-flex e-con-boxed e-con e-parent\" data-id=\"689f6da9\" data-element_type=\"container\">\n\t\t\t\t\t<div class=\"e-con-inner\">\n\t\t\t\t<div class=\"elementor-element elementor-element-6faadff7 elementor-widget elementor-widget-heading\" data-id=\"6faadff7\" data-element_type=\"widget\" data-widget_type=\"heading.default\">\n\t\t\t\t<div class=\"elementor-widget-container\">\n\t\t\t\t\t<h2 class=\"elementor-heading-title elementor-size-default\">\u901a\u8baf<\/h2>\t\t\t\t<\/div>\n\t\t\t\t<\/div>\n\t\t\t\t<div class=\"elementor-element elementor-element-63d0a87b elementor-widget elementor-widget-text-editor\" data-id=\"63d0a87b\" data-element_type=\"widget\" data-widget_type=\"text-editor.default\">\n\t\t\t\t<div class=\"elementor-widget-container\">\n\t\t\t\t\t\t\t\t\t<ul>\n<li><a href=\"https:\/\/assets.boseprofessional.com\/m\/228922d1093ad033\/original\/1L_Bose_BMSsafety_Direct_Reseller_fr.docx?_gl=1*q5h1ia*_gcl_au*MTIwNTcyNzEyMC4xNzIyNjIyMDg0*_ga*MTYxOTYwNDMyMy4xNzIyNjI1NTAz*_ga_NRTQ4DPXBJ*MTcyNDg1NTQ5OS42OC4xLjE3MjQ4NTU1ODguNjAuMC4w\">Lettre aux revendeurs directs (pays de la filiale) 1L<\/a><\/li>\n<li><a href=\"https:\/\/assets.boseprofessional.com\/m\/6da7b9958a2445e8\/original\/3L_Bose_BMSsafety_Indirect_Reseller_fr.docx?_gl=1*q5h1ia*_gcl_au*MTIwNTcyNzEyMC4xNzIyNjIyMDg0*_ga*MTYxOTYwNDMyMy4xNzIyNjI1NTAz*_ga_NRTQ4DPXBJ*MTcyNDg1NTQ5OS42OC4xLjE3MjQ4NTU1ODguNjAuMC4w\">\u95f4\u63a5\u4e66\u4fe1\/de niveau 2 3L<\/a><\/li>\n<li><a href=\"https:\/\/assets.boseprofessional.com\/m\/6545ce9b08477b96\/original\/4L_Bose_BMSsafety_End_User_fr.docx?_gl=1*q5h1ia*_gcl_au*MTIwNTcyNzEyMC4xNzIyNjIyMDg0*_ga*MTYxOTYwNDMyMy4xNzIyNjI1NTAz*_ga_NRTQ4DPXBJ*MTcyNDg1NTQ5OS42OC4xLjE3MjQ4NTU1ODguNjAuMC4w\">finaux \u5b9e\u7528\u4fe1\u51fd 4L<\/a><\/li>\n<li><a href=\"https:\/\/assets.boseprofessional.com\/m\/130b4b72ad2e187f\/original\/6A_Bose_BMSsafety_en-xlsx.docx?_gl=1*q5h1ia*_gcl_au*MTIwNTcyNzEyMC4xNzIyNjIyMDg0*_ga*MTYxOTYwNDMyMy4xNzIyNjI1NTAz*_ga_NRTQ4DPXBJ*MTcyNDg1NTQ5OS42OC4xLjE3MjQ4NTU1ODguNjAuMC4w\">\u76f8\u5173\u4ea7\u54c1 SKU \u7f16\u53f7\u5217\u8868 6A<\/a><\/li>\n<li><a href=\"https:\/\/assets.boseprofessional.com\/m\/2b8829f0db1ddfde\/original\/Bose_BMS_Safety_UPDATE_New_EdgeMax_SKUs_fr.docx?_gl=1*gtqfsd*_gcl_au*MTIwNTcyNzEyMC4xNzIyNjIyMDg0*_ga*MTYxOTYwNDMyMy4xNzIyNjI1NTAz*_ga_NRTQ4DPXBJ*MTcyNDg1NTQ5OS42OC4xLjE3MjQ4NTU1ODguNjAuMC4w\"><strong>MISE \u00c0 JOUR<\/strong> : 2019 \u5e74 10 \u6708 10 \u65e5 \u2013 \u65b0\u6a21\u5f0fEdgeMax<\/a><\/li>\n<li><a href=\"https:\/\/assets.boseprofessional.com\/m\/176728fbca2f023\/original\/Bose_BMS_Safety_UPDATE_New_FS3_SKUs_fr.docx?_gl=1*gtqfsd*_gcl_au*MTIwNTcyNzEyMC4xNzIyNjIyMDg0*_ga*MTYxOTYwNDMyMy4xNzIyNjI1NTAz*_ga_NRTQ4DPXBJ*MTcyNDg1NTQ5OS42OC4xLjE3MjQ4NTU1ODguNjAuMC4w\"><strong>MISE \u00c0 JOUR<\/strong> : 20 f\u00e9vrier 2020 \u2013 \u65b0\u4ea7\u54c1FreeSpace\u00a03<\/a><\/li>\n<\/ul>\t\t\t\t\t\t\t\t<\/div>\n\t\t\t\t<\/div>\n\t\t\t\t\t<\/div>\n\t\t\t\t<\/div>\n\t\t<div data-particle_enable=\"false\" data-particle-mobile-disabled=\"false\" class=\"elementor-element elementor-element-71722325 e-flex e-con-boxed e-con e-parent\" data-id=\"71722325\" data-element_type=\"container\">\n\t\t\t\t\t<div class=\"e-con-inner\">\n\t\t\t\t<div class=\"elementor-element elementor-element-16af4b9c elementor-widget elementor-widget-heading\" data-id=\"16af4b9c\" data-element_type=\"widget\" data-widget_type=\"heading.default\">\n\t\t\t\t<div class=\"elementor-widget-container\">\n\t\t\t\t\t<h2 class=\"elementor-heading-title elementor-size-default\">Foire aux questions<\/h2>\t\t\t\t<\/div>\n\t\t\t\t<\/div>\n\t\t\t\t<div class=\"elementor-element elementor-element-6f92152 elementor-widget elementor-widget-text-editor\" data-id=\"6f92152\" data-element_type=\"widget\" data-widget_type=\"text-editor.default\">\n\t\t\t\t<div class=\"elementor-widget-container\">\n\t\t\t\t\t\t\t\t\t<ul>\n<li><a href=\"https:\/\/assets.boseprofessional.com\/m\/74296ee65b47a078\/original\/1F_Bose_BMSsafety_Reseller_FAQ_fr.docx?_gl=1*gtqfsd*_gcl_au*MTIwNTcyNzEyMC4xNzIyNjIyMDg0*_ga*MTYxOTYwNDMyMy4xNzIyNjI1NTAz*_ga_NRTQ4DPXBJ*MTcyNDg1NTQ5OS42OC4xLjE3MjQ4NTU1ODguNjAuMC4w\">\u81f4 1F \u7684\u62a5\u8d29<\/a><\/li>\n<li><a href=\"https:\/\/assets.boseprofessional.com\/m\/2a2c483c2ee9ae20\/original\/2F_Bose_BMSsafety_End_User_FAQ_fr.docx?_gl=1*gtqfsd*_gcl_au*MTIwNTcyNzEyMC4xNzIyNjIyMDg0*_ga*MTYxOTYwNDMyMy4xNzIyNjI1NTAz*_ga_NRTQ4DPXBJ*MTcyNDg1NTQ5OS42OC4xLjE3MjQ4NTU1ODguNjAuMC4w\">\u91d1\u878d\u8bbe\u65bd 2F<\/a><\/li>\n<\/ul>\t\t\t\t\t\t\t\t<\/div>\n\t\t\t\t<\/div>\n\t\t\t\t\t<\/div>\n\t\t\t\t<\/div>\n\t\t<div data-particle_enable=\"false\" data-particle-mobile-disabled=\"false\" class=\"elementor-element elementor-element-7f5183ba e-flex e-con-boxed e-con e-parent\" data-id=\"7f5183ba\" data-element_type=\"container\">\n\t\t\t\t\t<div class=\"e-con-inner\">\n\t\t\t\t<div class=\"elementor-element elementor-element-27056652 elementor-widget elementor-widget-heading\" data-id=\"27056652\" data-element_type=\"widget\" data-widget_type=\"heading.default\">\n\t\t\t\t<div class=\"elementor-widget-container\">\n\t\t\t\t\t<h2 class=\"elementor-heading-title elementor-size-default\">\u6307\u5357<\/h2>\t\t\t\t<\/div>\n\t\t\t\t<\/div>\n\t\t\t\t<div class=\"elementor-element elementor-element-3e1ae6e1 elementor-widget elementor-widget-text-editor\" data-id=\"3e1ae6e1\" data-element_type=\"widget\" data-widget_type=\"text-editor.default\">\n\t\t\t\t<div class=\"elementor-widget-container\">\n\t\t\t\t\t\t\t\t\t<ul>\n<li><a href=\"https:\/\/assets.boseprofessional.com\/m\/5a8b32eed68ec00e\/original\/ig_safetycable_5-5x8-5.pdf?_gl=1*175mgho*_gcl_au*MTIwNTcyNzEyMC4xNzIyNjIyMDg0*_ga*MTYxOTYwNDMyMy4xNzIyNjI1NTAz*_ga_NRTQ4DPXBJ*MTcyNDg1NTQ5OS42OC4xLjE3MjQ4NTU1ODguNjAuMC4w\">\u5b89\u5168\u7535\u7f06\u5b89\u88c5\u6307\u5357<\/a><\/li>\n<li><a href=\"https:\/\/assets.boseprofessional.com\/m\/6afa4528e7f2a010\/original\/uig_freespace_ds40f.pdf?_gl=1*175mgho*_gcl_au*MTIwNTcyNzEyMC4xNzIyNjIyMDg0*_ga*MTYxOTYwNDMyMy4xNzIyNjI1NTAz*_ga_NRTQ4DPXBJ*MTcyNDg1NTQ5OS42OC4xLjE3MjQ4NTU1ODguNjAuMC4w\">\u5378\u8f7d\u6307\u5357FreeSpace DS 40F<\/a><\/li>\n<\/ul>\t\t\t\t\t\t\t\t<\/div>\n\t\t\t\t<\/div>\n\t\t\t\t\t<\/div>\n\t\t\t\t<\/div>\n\t\t<div data-particle_enable=\"false\" data-particle-mobile-disabled=\"false\" class=\"elementor-element elementor-element-1e23cc28 e-flex e-con-boxed e-con e-parent\" data-id=\"1e23cc28\" data-element_type=\"container\">\n\t\t\t\t\t<div class=\"e-con-inner\">\n\t\t\t\t<div class=\"elementor-element elementor-element-6e61549e elementor-widget elementor-widget-heading\" data-id=\"6e61549e\" data-element_type=\"widget\" data-widget_type=\"heading.default\">\n\t\t\t\t<div class=\"elementor-widget-container\">\n\t\t\t\t\t<h2 class=\"elementor-heading-title elementor-size-default\">\u4ea7\u54c1\u9500\u6bc1\u516c\u5f0f<\/h2>\t\t\t\t<\/div>\n\t\t\t\t<\/div>\n\t\t\t\t<div class=\"elementor-element elementor-element-6df5ae41 elementor-widget elementor-widget-text-editor\" data-id=\"6df5ae41\" data-element_type=\"widget\" data-widget_type=\"text-editor.default\">\n\t\t\t\t<div class=\"elementor-widget-container\">\n\t\t\t\t\t\t\t\t\t<p>\u5982\u679c\u60a8\u8fd4\u56de 10 \u5c0f\u65f6\uff0c<a href=\"https:\/\/fr-fr-row.ups.com\/Membership\/Login\/Login\" target=\"_blank\" rel=\"noopener\">\u8bf7\u4f7f\u7528 UPS<\/a> \u3002<\/p>\n<p><strong>\u4f2a\u793e\u4f1a<\/strong>\uff1aboseprorecal<br \/><strong>\u8fde\u63a5\u6807\u8bc6\u7b26<\/strong>\uff1aDS40<br \/> <strong>Mot de passe<\/strong> : DS40<\/p>\n<p>Veuillez \u662f\u60a8\u7684\u4fdd\u8bc1\uff0c\u60a8\u5c06\u5728\u8fd4\u56de\u65f6\u586b\u5199\u547d\u4ee4\u53f7\u7801\u3002<\/p>\n<hr \/>\n<p>\u00a0<br \/>\u5982\u679c\u60a8\u8981\u9000\u56de 10 \u4e2a\u6216\u66f4\u591a\u626c\u58f0\u5668\uff0c\u8bf7\u586b\u5199\u4e0b\u65b9\u7684\u63d0\u8d27\u5355\uff0c\u5e76\u81f4\u7535 1-800-GO-FEDEX \u5b89\u6392\u53d6\u4ef6\u3002\u51c6\u5907 FedEx \u8d27\u8fd0\u5355\u65f6\uff0c<\/p>\n<ol>\n<li>\u5982\u679c\u60a8\u8fd4\u56de 10 \u6b21\u6216\u66f4\u591a\uff0c\u8bf7\u91cd\u65b0\u68c0\u67e5\u5e76\u7ec4\u88c5 1 800 GO-FEDEX \u5228\u5e73\u673a\u3002\u8bf7\u51c6\u5907\u597d FedEx \u7684\u5e02\u573a\u8425\u9500\u6d3b\u52a8\uff1a<\/li>\n<li>Veuillez \u8fdb\u5165\u4e86 num\u00e9ro de commande dans le champ <a href=\"https:\/\/assets.boseprofessional.com\/m\/b735b06d9301e1e\/original\/Bose_Canada_BOL_fr.pdf?_gl=1*1l0pp7u*_gcl_au*MTIwNTcyNzEyMC4xNzIyNjIyMDg0*_ga*MTYxOTYwNDMyMy4xNzIyNjI1NTAz*_ga_NRTQ4DPXBJ*MTcyNDg1NTQ5OS42OC4xLjE3MjQ4NTU1ODguNjAuMC4w\">Bon de commande du connaissement<\/a> \u3002\u8bf7\u786e\u4fdd\u60a8\u5728\u9ec4\u8272\u7684\u60c5\u51b5\u4e0b\u4e86\u89e3\u6709\u5173\u90e8\u5206\u7684\u5185\u5bb9\u3002<\/li>\n<li>\u8bf7\u5728\u63d0\u5355\u4e0a\u7684\u201c\u91c7\u8d2d\u8ba2\u5355\u201d\u680f\u4e2d\u8f93\u5165\u60a8\u7684\u8ba2\u5355\u53f7\u3002<\/li>\n<li>Aux \u00c9tats-Unis \u548c\u52a0\u62ff\u5927\uff0c\u7ec4\u6210 1 800 GO-FEDEX\uff0c\u548c\u58a8\u897f\u54e5\uff0c\u7ec4\u6210 01.800.00.333.39 pour planifier lacuillette\u3002\u6d1b\u65af\u514b\u4f60\u7684\u5e94\u7528\u7a0b\u5e8f\uff1a\n<ol style=\"list-style-type: lower-alpha;\">\n<li>Indiquez \u00ab Planifier unecuillette \u00bb lorsque vous y \u00eates invit\u00e9<\/li>\n<li>\u786e\u8ba4 votre envoi p\u00e8se plus de 69 kg \uff08150\u78c5\uff09<\/li>\n<li>\u73af\u5883\u603b\u7684\u7cbe\u786e\u5ea6<\/li>\n<li>\u00ab LTL \u00bb \u670d\u52a1\u9009\u62e9<\/li>\n<li>\u8054\u90a6\u5feb\u9012\u4ee3\u7406\u7684 Indiquez l'heure d\u00e9sir\u00e9e pour lacuillette \u00e0 l'agent de FedEx<\/li>\n<\/ol>\n<\/li>\n<\/ol>\t\t\t\t\t\t\t\t<\/div>\n\t\t\t\t<\/div>\n\t\t\t\t\t<\/div>\n\t\t\t\t<\/div>\n\t\t<div data-particle_enable=\"false\" data-particle-mobile-disabled=\"false\" class=\"elementor-element elementor-element-201446f3 e-flex e-con-boxed e-con e-parent\" data-id=\"201446f3\" data-element_type=\"container\">\n\t\t\t\t\t<div class=\"e-con-inner\">\n\t\t\t\t<div class=\"elementor-element elementor-element-6ab53b6b elementor-widget elementor-widget-heading\" data-id=\"6ab53b6b\" data-element_type=\"widget\" data-widget_type=\"heading.default\">\n\t\t\t\t<div class=\"elementor-widget-container\">\n\t\t\t\t\t<h2 class=\"elementor-heading-title elementor-size-default\">\u8054\u7cfb\u4fe1\u606f<\/h2>\t\t\t\t<\/div>\n\t\t\t\t<\/div>\n\t\t\t\t<div class=\"elementor-element elementor-element-1a0d7e6 elementor-widget elementor-widget-text-editor\" data-id=\"1a0d7e6\" data-element_type=\"widget\" data-widget_type=\"text-editor.default\">\n\t\t\t\t<div class=\"elementor-widget-container\">\n\t\t\t\t\t\t\t\t\t<p style=\"text-align: center;\"><strong>Bose Pro \u5546\u4e1a\u4ee3\u8868\u8054\u7cfb\u4eba<\/strong><\/p>\t\t\t\t\t\t\t\t<\/div>\n\t\t\t\t<\/div>\n\t\t\t\t<div class=\"elementor-element elementor-element-711b10b4 elementor-align-center elementor-widget elementor-widget-button\" data-id=\"711b10b4\" data-element_type=\"widget\" data-widget_type=\"button.default\">\n\t\t\t\t<div class=\"elementor-widget-container\">\n\t\t\t\t\t\t\t\t\t<div class=\"elementor-button-wrapper\">\n\t\t\t\t\t<a class=\"elementor-button elementor-button-link elementor-size-sm elementor-animation-shrink\" href=\"\/zh\/global-sales-offices\/\">\n\t\t\t\t\t\t<span class=\"elementor-button-content-wrapper\">\n\t\t\t\t\t\t\t\t\t<span class=\"elementor-button-text\">\u8054\u7cfb\u4fe1\u606f<\/span>\n\t\t\t\t\t<\/span>\n\t\t\t\t\t<\/a>\n\t\t\t\t<\/div>\n\t\t\t\t\t\t\t\t<\/div>\n\t\t\t\t<\/div>\n\t\t\t\t\t<\/div>\n\t\t\t\t<\/div>\n\t\t\t\t<\/div>\n\t\t","protected":false},"excerpt":{"rendered":"<p>\u4e00\u822c\u5b89\u5168\u7535\u7f06\u7ef3\u7d22\u548c\u5b89\u88c5 Bose \u7ef3\u7d22\u7ef3\u7d22\u9002\u7528\u4e8e\u7ef3\u7d22\/\u9576\u5d4c\u7269FreeSpace DS 40F \u5c06\u4e8e 2018 \u5e74 13 \u6708 13 \u65e5\u63a8\u51fa\u3002\u5b89\u88c5\u8fc7\u7a0b\u4e2d\u7684\u5b89\u88c5\u3001\u5893\u5730\u8499\u592a\u5947\u7684\u56fa\u5b9a\u3001\u5893\u5730\u4e2d\u7684\u5893\u7a74\u548c\u575f\u5893\u7684\u795d\u798f\u3002\u6211\u4eec\u4e4b\u95f4\u7684\u5173\u7cfb [...]<\/p>\n","protected":false},"author":33,"featured_media":0,"parent":1201,"menu_order":0,"comment_status":"closed","ping_status":"closed","template":"","meta":{"_acf_changed":false,"ep_exclude_from_search":false,"footnotes":""},"page-category":[],"class_list":["post-2781","page","type-page","status-publish","hentry"],"acf":[],"_links":{"self":[{"href":"https:\/\/boseprofessional.com\/zh\/wp-json\/wp\/v2\/pages\/2781","targetHints":{"allow":["GET"]}}],"collection":[{"href":"https:\/\/boseprofessional.com\/zh\/wp-json\/wp\/v2\/pages"}],"about":[{"href":"https:\/\/boseprofessional.com\/zh\/wp-json\/wp\/v2\/types\/page"}],"author":[{"embeddable":true,"href":"https:\/\/boseprofessional.com\/zh\/wp-json\/wp\/v2\/users\/33"}],"replies":[{"embeddable":true,"href":"https:\/\/boseprofessional.com\/zh\/wp-json\/wp\/v2\/comments?post=2781"}],"version-history":[{"count":3,"href":"https:\/\/boseprofessional.com\/zh\/wp-json\/wp\/v2\/pages\/2781\/revisions"}],"predecessor-version":[{"id":119465,"href":"https:\/\/boseprofessional.com\/zh\/wp-json\/wp\/v2\/pages\/2781\/revisions\/119465"}],"up":[{"embeddable":true,"href":"https:\/\/boseprofessional.com\/zh\/wp-json\/wp\/v2\/pages\/1201"}],"wp:attachment":[{"href":"https:\/\/boseprofessional.com\/zh\/wp-json\/wp\/v2\/media?parent=2781"}],"wp:term":[{"taxonomy":"page-category","embeddable":true,"href":"https:\/\/boseprofessional.com\/zh\/wp-json\/wp\/v2\/page-category?post=2781"}],"curies":[{"name":"wp","href":"https:\/\/api.w.org\/{rel}","templated":true}]}}