{"id":3325,"date":"2023-09-08T05:01:28","date_gmt":"2023-09-08T05:01:28","guid":{"rendered":"https:\/\/uatnew.boseprofessional.com\/?page_id=3325"},"modified":"2024-08-28T17:17:46","modified_gmt":"2024-08-28T17:17:46","slug":"sv-se","status":"publish","type":"page","link":"https:\/\/boseprofessional.com\/ja\/resources\/support\/bms-safety\/sv-se\/","title":{"rendered":"BMS Safety SV-SE"},"content":{"rendered":"\t\t<div data-elementor-type=\"wp-page\" data-elementor-id=\"3325\" class=\"elementor elementor-3325\" data-elementor-post-type=\"page\">\n\t\t\t\t<div data-particle_enable=\"false\" data-particle-mobile-disabled=\"false\" class=\"elementor-element elementor-element-25783eda e-flex e-con-boxed e-con e-parent\" data-id=\"25783eda\" data-element_type=\"container\" data-settings=\"{&quot;background_background&quot;:&quot;classic&quot;,&quot;shape_divider_bottom&quot;:&quot;opacity-tilt&quot;}\">\n\t\t\t\t\t<div class=\"e-con-inner\">\n\t\t\t\t<div class=\"elementor-shape elementor-shape-bottom\" aria-hidden=\"true\" data-negative=\"false\">\n\t\t\t<svg xmlns=\"http:\/\/www.w3.org\/2000\/svg\" viewbox=\"0 0 2600 131.1\" preserveaspectratio=\"none\">\n\t<path class=\"elementor-shape-fill\" d=\"M0 0L2600 0 2600 69.1 0 0z\"\/>\n\t<path class=\"elementor-shape-fill\" style=\"opacity:0.5\" d=\"M0 0L2600 0 2600 69.1 0 69.1z\"\/>\n\t<path class=\"elementor-shape-fill\" style=\"opacity:0.25\" d=\"M2600 0L0 0 0 130.1 2600 69.1z\"\/>\n<\/svg>\t\t<\/div>\n\t\t\t\t<div class=\"elementor-element elementor-element-25320327 elementor-widget elementor-widget-heading\" data-id=\"25320327\" data-element_type=\"widget\" data-widget_type=\"heading.default\">\n\t\t\t\t<div class=\"elementor-widget-container\">\n\t\t\t\t\t<h1 class=\"elementor-heading-title elementor-size-default\">\u00c5terkallelse av Bose-h\u00f6gtalare och \u30a4\u30f3\u30b9\u30c8\u30fc\u30eb av s\u00e4kerhetskabel<\/h1>\t\t\t\t<\/div>\n\t\t\t\t<\/div>\n\t\t\t\t\t<\/div>\n\t\t\t\t<\/div>\n\t\t<div data-particle_enable=\"false\" data-particle-mobile-disabled=\"false\" class=\"elementor-element elementor-element-43ef68ad e-flex e-con-boxed e-con e-parent\" data-id=\"43ef68ad\" data-element_type=\"container\">\n\t\t\t\t\t<div class=\"e-con-inner\">\n\t\t\t\t<div class=\"elementor-element elementor-element-66b0d51b elementor-widget elementor-widget-image\" data-id=\"66b0d51b\" data-element_type=\"widget\" data-widget_type=\"image.default\">\n\t\t\t\t<div class=\"elementor-widget-container\">\n\t\t\t\t\t\t\t\t\t\t\t\t\t\t\t<img fetchpriority=\"high\" decoding=\"async\" width=\"1280\" height=\"440\" src=\"https:\/\/assets.boseprofessional.com\/transform\/e70c180d-4d3e-4142-a589-837bd83357c3\/Hydrocarbons_montage2_Header-png\" class=\"attachment-1536x1536 size-1536x1536 wp-image-20498\" alt=\"\u70ad\u5316\u6c34\u7d20\u30e2\u30f3\u30bf\u30fc\u30b8\u30e5 2 \u30d8\u30c3\u30c0\u30fc\" srcset=\"https:\/\/assets.boseprofessional.com\/transform\/e70c180d-4d3e-4142-a589-837bd83357c3\/Hydrocarbons_montage2_Header-png 1280w, https:\/\/assets.boseprofessional.com\/transform\/e70c180d-4d3e-4142-a589-837bd83357c3\/Hydrocarbons_montage2_Header-png?io=transform:scale,width:150,height:52 150w, https:\/\/assets.boseprofessional.com\/transform\/e70c180d-4d3e-4142-a589-837bd83357c3\/Hydrocarbons_montage2_Header-png?io=transform:scale,width:300,height:103 300w, https:\/\/assets.boseprofessional.com\/transform\/e70c180d-4d3e-4142-a589-837bd83357c3\/Hydrocarbons_montage2_Header-png?io=transform:scale,width:1024,height:352 1024w, https:\/\/assets.boseprofessional.com\/transform\/e70c180d-4d3e-4142-a589-837bd83357c3\/Hydrocarbons_montage2_Header-png?io=transform:scale,width:480,height:165 480w, https:\/\/assets.boseprofessional.com\/transform\/e70c180d-4d3e-4142-a589-837bd83357c3\/Hydrocarbons_montage2_Header-png?io=transform:scale,width:768,height:264 768w, https:\/\/assets.boseprofessional.com\/transform\/e70c180d-4d3e-4142-a589-837bd83357c3\/Hydrocarbons_montage2_Header-png?io=transform:scale,width:100,height:34 100w\" sizes=\"(max-width: 1280px) 100vw, 1280px\" \/>\t\t\t\t\t\t\t\t\t\t\t\t\t\t\t<\/div>\n\t\t\t\t<\/div>\n\t\t\t\t\t<\/div>\n\t\t\t\t<\/div>\n\t\t<div data-particle_enable=\"false\" data-particle-mobile-disabled=\"false\" class=\"elementor-element elementor-element-529b9143 e-flex e-con-boxed e-con e-parent\" data-id=\"529b9143\" data-element_type=\"container\">\n\t\t\t\t\t<div class=\"e-con-inner\">\n\t\t\t\t<div class=\"elementor-element elementor-element-701cb715 elementor-widget elementor-widget-heading\" data-id=\"701cb715\" data-element_type=\"widget\" data-widget_type=\"heading.default\">\n\t\t\t\t<div class=\"elementor-widget-container\">\n\t\t\t\t\t<h2 class=\"elementor-heading-title elementor-size-default\">\u30aa\u30fc\u30d0\u30fc\u30b7\u30af\u30c8<\/h2>\t\t\t\t<\/div>\n\t\t\t\t<\/div>\n\t\t\t\t<div class=\"elementor-element elementor-element-1b9a8228 elementor-widget elementor-widget-text-editor\" data-id=\"1b9a8228\" data-element_type=\"widget\" data-widget_type=\"text-editor.default\">\n\t\t\t\t<div class=\"elementor-widget-container\">\n\t\t\t\t\t\t\t\t\t<p><strong>2018 \u5e74 8 \u6708 13 \u65e5\u307e\u3067\u306b\u3001Bose \u306fFreeSpace DS 40F \u3092\u3059\u3079\u3066\u4f7f\u7528\u3057\u307e\u3057\u305f<\/strong>\u3002\u30d3\u30c7\u30aa \u30a4\u30f3\u30b9\u30c8\u30fc\u30eb\u306f\u3001\u3059\u3079\u3066\u306e\u30ea\u30fc\u30b0\u306e\u8a66\u5408\u304c\u884c\u308f\u308c\u308b\u307e\u3067\u3001\u76e3\u8996\u5bfe\u8c61\u306e\u76e3\u8996\u3001\u76e3\u8996\u3001\u304a\u3088\u3073\u9032\u884c\u72b6\u6cc1\u3092\u78ba\u8a8d\u3059\u308b\u305f\u3081\u306b\u884c\u308f\u308c\u307e\u3059\u3002\u5831\u544a\u8005\u304c 29 \u65e5\u4ee5\u5185\u306b\u30a4\u30f3\u30b9\u30c8\u30fc\u30eb\u3092\u958b\u59cb\u3067\u304d\u308b\u304b\u3069\u3046\u304b\u306f\u300129 \u65e5\u4ee5\u5185\u306b\u78ba\u8a8d\u3057\u3066\u304f\u3060\u3055\u3044\u3002<\/p>\n<p><strong>Bose \u30b5\u30fc\u30d0\u30fc\u306f\u3001Bose-h\u00f6gtalare (D\u00e4ribland DS 40F) \u306e\u4e00\u90e8\u306e\u30a4\u30f3\u30b9\u30c8\u30fc\u30eb\u304a\u3088\u3073 Kommersiella matlagningsmilj\u00f6er \u306e\u30a4\u30f3\u30b9\u30c8\u30fc\u30eb\u3092\u30b5\u30dd\u30fc\u30c8\u3057\u307e\u3059<\/strong>\u3002\u30a4\u30f3\u30b9\u30c8\u30fc\u30eb\u304c\u5b8c\u4e86\u3059\u308b\u3068\u3001Kravet \u304c\u5fc5\u8981\u306b\u306a\u308a\u307e\u3059\u3002\u3059\u3079\u3066\u306e\u30f4\u30a1\u30ea\u30fc\u30ac\u306e\u30b9\u30ab\u30c9\u30eb\u3067\u306e\u8a66\u5408\u304c\u884c\u308f\u308c\u308b\u307e\u3067\u3001\u307e\u3060\u76e3\u8996\u306f\u884c\u308f\u308c\u3066\u3044\u307e\u305b\u3093\u3002\u5831\u544a\u8005\u304c\u5973\u6027\u306b\u5831\u544a\u3059\u308b\u304b\u3069\u3046\u304b\u306f\u3001\u30a4\u30f3\u30b9\u30c8\u30fc\u30eb\u524d\u306b\u78ba\u8a8d\u3059\u308b\u5fc5\u8981\u304c\u3042\u308a\u307e\u3059\u3002<\/p>\n<p>\u30dc\u30fc\u30ba\u88fd\u54c1\u306e\u8ca9\u58f2\u4ee3\u7406\u5e97\u3068\u3057\u3066\u3001\u30d6\u30e9\u30f3\u30c9\u306e\u4ee3\u66ff\u54c1\u3092\u7ba1\u7406\u3057\u3066\u304f\u3060\u3055\u3044\u3002 Bose \u306e\u60c5\u5831\u3092\u3088\u308a\u8a73\u3057\u304f\u77e5\u308b\u3053\u3068\u304c\u3067\u304d\u307e\u3059\u3002<\/p>\t\t\t\t\t\t\t\t<\/div>\n\t\t\t\t<\/div>\n\t\t\t\t\t<\/div>\n\t\t\t\t<\/div>\n\t\t<div data-particle_enable=\"false\" data-particle-mobile-disabled=\"false\" class=\"elementor-element elementor-element-efc71af e-flex e-con-boxed e-con e-parent\" data-id=\"efc71af\" data-element_type=\"container\">\n\t\t\t\t\t<div class=\"e-con-inner\">\n\t\t\t\t<div class=\"elementor-element elementor-element-ea80aa3 elementor-widget elementor-widget-heading\" data-id=\"ea80aa3\" data-element_type=\"widget\" data-widget_type=\"heading.default\">\n\t\t\t\t<div class=\"elementor-widget-container\">\n\t\t\t\t\t<h2 class=\"elementor-heading-title elementor-size-default\">Beg\u00e4ran och anspr\u00e5k<\/h2>\t\t\t\t<\/div>\n\t\t\t\t<\/div>\n\t\t\t\t<div class=\"elementor-element elementor-element-180dc923 elementor-widget elementor-widget-text-editor\" data-id=\"180dc923\" data-element_type=\"widget\" data-widget_type=\"text-editor.default\">\n\t\t\t\t<div class=\"elementor-widget-container\">\n\t\t\t\t\t\t\t\t\t<div id=\"requeteetdemandederemboursement\" class=\"bp_page-navigation-content\">\n<p class=\"bp_bms-content-text-mt-mar bp_bms-content-text\">utbytesprodukt \u306e\u8a73\u7d30\u3001\u88dc\u511f\u5185\u5bb9\u306e\u78ba\u8a8d: <a href=\"https:\/\/www.bosebmssafety.com\/claim\" target=\"_blank\" rel=\"noopener\">BoseBMSsafety.com\/claim<\/a><\/p>\n<\/div>\t\t\t\t\t\t\t\t<\/div>\n\t\t\t\t<\/div>\n\t\t\t\t\t<\/div>\n\t\t\t\t<\/div>\n\t\t<div data-particle_enable=\"false\" data-particle-mobile-disabled=\"false\" class=\"elementor-element elementor-element-5211057a e-flex e-con-boxed e-con e-parent\" data-id=\"5211057a\" data-element_type=\"container\">\n\t\t\t\t\t<div class=\"e-con-inner\">\n\t\t\t\t<div class=\"elementor-element elementor-element-38299a6c elementor-widget elementor-widget-heading\" data-id=\"38299a6c\" data-element_type=\"widget\" data-widget_type=\"heading.default\">\n\t\t\t\t<div class=\"elementor-widget-container\">\n\t\t\t\t\t<h2 class=\"elementor-heading-title elementor-size-default\">\u30e1\u30c3\u30c7\u30e9\u30f3\u30c7\u30f3<\/h2>\t\t\t\t<\/div>\n\t\t\t\t<\/div>\n\t\t\t\t<div class=\"elementor-element elementor-element-47fe901f elementor-widget elementor-widget-text-editor\" data-id=\"47fe901f\" data-element_type=\"widget\" data-widget_type=\"text-editor.default\">\n\t\t\t\t<div class=\"elementor-widget-container\">\n\t\t\t\t\t\t\t\t\t<ul>\n<li><a href=\"https:\/\/assets.boseprofessional.com\/m\/3de19b0de1094545\/original\/1L_Bose_BMSsafety_Direct_Reseller_sv.docx?_gl=1*15btfeo*_gcl_au*MTIwNTcyNzEyMC4xNzIyNjIyMDg0*_ga*MTYxOTYwNDMyMy4xNzIyNjI1NTAz*_ga_NRTQ4DPXBJ*MTcyNDg1NTQ5OS42OC4xLjE3MjQ4NjUyNDkuNjAuMC4w\">Brev f\u00f6r direkt\u00e5terf\u00f6rs\u00e4ljare (dotterbolagsland) 1L<\/a><\/li>\n<li><a href=\"https:\/\/assets.boseprofessional.com\/m\/2f7ee4e0e1e7fc9e\/original\/3L_Bose_BMSsafety_Indirect_Reseller_sv.docx?_gl=1*15btfeo*_gcl_au*MTIwNTcyNzEyMC4xNzIyNjIyMDg0*_ga*MTYxOTYwNDMyMy4xNzIyNjI1NTAz*_ga_NRTQ4DPXBJ*MTcyNDg1NTQ5OS42OC4xLjE3MjQ4NjUyNDkuNjAuMC4w\">Brev for indirekta eller niv\u00e5 2-\u00e5terf\u00f6rs\u00e4ljare 3L<\/a><\/li>\n<li><a href=\"https:\/\/assets.boseprofessional.com\/m\/759af2b182a767ef\/original\/4L_Bose_BMSsafety_End_User_sv.docx?_gl=1*15btfeo*_gcl_au*MTIwNTcyNzEyMC4xNzIyNjIyMDg0*_ga*MTYxOTYwNDMyMy4xNzIyNjI1NTAz*_ga_NRTQ4DPXBJ*MTcyNDg1NTQ5OS42OC4xLjE3MjQ4NjUyNDkuNjAuMC4w\">Brev f\u00f6r slutanv\u00e4ndare 4L<\/a><\/li>\n<li><a href=\"https:\/\/assets.boseprofessional.com\/m\/130b4b72ad2e187f\/original\/6A_Bose_BMSsafety_en-xlsx.docx?_gl=1*15btfeo*_gcl_au*MTIwNTcyNzEyMC4xNzIyNjIyMDg0*_ga*MTYxOTYwNDMyMy4xNzIyNjI1NTAz*_ga_NRTQ4DPXBJ*MTcyNDg1NTQ5OS42OC4xLjE3MjQ4NjUyNDkuNjAuMC4w\">\u88fd\u9020\u5143\u306e SKU \u30ea\u30b9\u30c8 6A<\/a><\/li>\n<li><a href=\"https:\/\/assets.boseprofessional.com\/m\/5368b04357774d7a\/original\/Bose_BMS_Safety_UPDATE_New_EdgeMax_SKUs_sv.docx?_gl=1*15btfeo*_gcl_au*MTIwNTcyNzEyMC4xNzIyNjIyMDg0*_ga*MTYxOTYwNDMyMy4xNzIyNjI1NTAz*_ga_NRTQ4DPXBJ*MTcyNDg1NTQ5OS42OC4xLjE3MjQ4NjUyNDkuNjAuMC4w\"><strong>\u66f4\u65b0<\/strong>: 2019 \u5e74 10 \u6708 10 \u65e5 \u2013 Nya artikelnummer forer EdgeMax<\/a><\/li>\n<li><a href=\"https:\/\/assets.boseprofessional.com\/m\/589fcdcbba1a2f84\/original\/Bose_BMS_Safety_UPDATE_New_FS3_SKUs_sv.docx?_gl=1*15btfeo*_gcl_au*MTIwNTcyNzEyMC4xNzIyNjIyMDg0*_ga*MTYxOTYwNDMyMy4xNzIyNjI1NTAz*_ga_NRTQ4DPXBJ*MTcyNDg1NTQ5OS42OC4xLjE3MjQ4NjUyNDkuNjAuMC4w\"><strong>\u66f4\u65b0<\/strong>: 2020 \u5e74 2 \u6708 20 \u65e5 \u2013 \u306b\u3083FreeSpace 3 SKU:er\u00a0<\/a><\/li>\n<\/ul>\t\t\t\t\t\t\t\t<\/div>\n\t\t\t\t<\/div>\n\t\t\t\t\t<\/div>\n\t\t\t\t<\/div>\n\t\t<div data-particle_enable=\"false\" data-particle-mobile-disabled=\"false\" class=\"elementor-element elementor-element-67437e59 e-flex e-con-boxed e-con e-parent\" data-id=\"67437e59\" data-element_type=\"container\">\n\t\t\t\t\t<div class=\"e-con-inner\">\n\t\t\t\t<div class=\"elementor-element elementor-element-31de7af8 elementor-widget elementor-widget-heading\" data-id=\"31de7af8\" data-element_type=\"widget\" data-widget_type=\"heading.default\">\n\t\t\t\t<div class=\"elementor-widget-container\">\n\t\t\t\t\t<h2 class=\"elementor-heading-title elementor-size-default\">Vanliga fr\u00e5gor och svar<\/h2>\t\t\t\t<\/div>\n\t\t\t\t<\/div>\n\t\t\t\t<div class=\"elementor-element elementor-element-73a61581 elementor-widget elementor-widget-text-editor\" data-id=\"73a61581\" data-element_type=\"widget\" data-widget_type=\"text-editor.default\">\n\t\t\t\t<div class=\"elementor-widget-container\">\n\t\t\t\t\t\t\t\t\t<ul>\n<li><a href=\"https:\/\/assets.boseprofessional.com\/m\/74585649ea5994a0\/original\/1F_Bose_BMSsafety_Reseller_FAQ_sv.docx?_gl=1*ee46oh*_gcl_au*MTIwNTcyNzEyMC4xNzIyNjIyMDg0*_ga*MTYxOTYwNDMyMy4xNzIyNjI1NTAz*_ga_NRTQ4DPXBJ*MTcyNDg1NTQ5OS42OC4xLjE3MjQ4NjUyNDkuNjAuMC4w\">F\u00f6r \u00e5terf\u00f6rs\u00e4ljare 1F<\/a><\/li>\n<li><a href=\"https:\/\/assets.boseprofessional.com\/m\/426dced387e75c87\/original\/2F_Bose_BMSsafety_End_User_FAQ_sv.docx?_gl=1*ee46oh*_gcl_au*MTIwNTcyNzEyMC4xNzIyNjIyMDg0*_ga*MTYxOTYwNDMyMy4xNzIyNjI1NTAz*_ga_NRTQ4DPXBJ*MTcyNDg1NTQ5OS42OC4xLjE3MjQ4NjUyNDkuNjAuMC4w\">F\u00f6r slutanv\u00e4ndare 2F<\/a><\/li>\n<\/ul>\t\t\t\t\t\t\t\t<\/div>\n\t\t\t\t<\/div>\n\t\t\t\t\t<\/div>\n\t\t\t\t<\/div>\n\t\t<div data-particle_enable=\"false\" data-particle-mobile-disabled=\"false\" class=\"elementor-element elementor-element-543cdb2 e-flex e-con-boxed e-con e-parent\" data-id=\"543cdb2\" data-element_type=\"container\">\n\t\t\t\t\t<div class=\"e-con-inner\">\n\t\t\t\t<div class=\"elementor-element elementor-element-551e5e4d elementor-widget elementor-widget-heading\" data-id=\"551e5e4d\" data-element_type=\"widget\" data-widget_type=\"heading.default\">\n\t\t\t\t<div class=\"elementor-widget-container\">\n\t\t\t\t\t<h2 class=\"elementor-heading-title elementor-size-default\">\u30ac\u30a4\u30c9<\/h2>\t\t\t\t<\/div>\n\t\t\t\t<\/div>\n\t\t\t\t<div class=\"elementor-element elementor-element-602f60de elementor-widget elementor-widget-text-editor\" data-id=\"602f60de\" data-element_type=\"widget\" data-widget_type=\"text-editor.default\">\n\t\t\t\t<div class=\"elementor-widget-container\">\n\t\t\t\t\t\t\t\t\t<ul>\n<li><a href=\"https:\/\/assets.boseprofessional.com\/m\/5a8b32eed68ec00e\/original\/ig_safetycable_5-5x8-5.pdf?_gl=1*mjd466*_gcl_au*MTIwNTcyNzEyMC4xNzIyNjIyMDg0*_ga*MTYxOTYwNDMyMy4xNzIyNjI1NTAz*_ga_NRTQ4DPXBJ*MTcyNDg1NTQ5OS42OC4xLjE3MjQ4NjUyNDkuNjAuMC4w\">av s\u00e4kerhetskablar \u306e\u30a4\u30f3\u30b9\u30c8\u30fc\u30eb\u306b\u95a2\u3059\u308b\u30ac\u30a4\u30c9<\/a><\/li>\n<li><a href=\"https:\/\/assets.boseprofessional.com\/m\/6afa4528e7f2a010\/original\/uig_freespace_ds40f.pdf?_gl=1*ee46oh*_gcl_au*MTIwNTcyNzEyMC4xNzIyNjIyMDg0*_ga*MTYxOTYwNDMyMy4xNzIyNjI1NTAz*_ga_NRTQ4DPXBJ*MTcyNDg1NTQ5OS42OC4xLjE3MjQ4NjUyNDkuNjAuMC4w\">Guide f\u00f6r nedmontering av FreeSpace DS 40F<\/a><\/li>\n<\/ul>\t\t\t\t\t\t\t\t<\/div>\n\t\t\t\t<\/div>\n\t\t\t\t\t<\/div>\n\t\t\t\t<\/div>\n\t\t<div data-particle_enable=\"false\" data-particle-mobile-disabled=\"false\" class=\"elementor-element elementor-element-3c0523d e-flex e-con-boxed e-con e-parent\" data-id=\"3c0523d\" data-element_type=\"container\">\n\t\t\t\t\t<div class=\"e-con-inner\">\n\t\t\t\t<div class=\"elementor-element elementor-element-2a783a2f elementor-widget elementor-widget-heading\" data-id=\"2a783a2f\" data-element_type=\"widget\" data-widget_type=\"heading.default\">\n\t\t\t\t<div class=\"elementor-widget-container\">\n\t\t\t\t\t<h2 class=\"elementor-heading-title elementor-size-default\">\u88fd\u54c1\u30d5\u30a9\u30fc\u30e0<\/h2>\t\t\t\t<\/div>\n\t\t\t\t<\/div>\n\t\t\t\t<div class=\"elementor-element elementor-element-4162ce elementor-widget elementor-widget-text-editor\" data-id=\"4162ce\" data-element_type=\"widget\" data-widget_type=\"text-editor.default\">\n\t\t\t\t<div class=\"elementor-widget-container\">\n\t\t\t\t\t\t\t\t\t<ul>\n<li><a href=\"https:\/\/assets.boseprofessional.com\/m\/1549d7faebba1e1f\/original\/1T_Return_Shipping_Form_sv.xlsx?_gl=1*mjd466*_gcl_au*MTIwNTcyNzEyMC4xNzIyNjIyMDg0*_ga*MTYxOTYwNDMyMy4xNzIyNjI1NTAz*_ga_NRTQ4DPXBJ*MTcyNDg1NTQ5OS42OC4xLjE3MjQ4NjUyNDkuNjAuMC4w\">\u30ea\u30bf\u30fc\u30f3\u30d5\u30a9\u30fc\u30df\u30e5\u30e9<\/a><\/li>\n<li><a href=\"mailto:DS40.recall@boseprofessional.com\">DS40.recall@boseprofessional.com<\/a><\/li>\n<\/ul>\t\t\t\t\t\t\t\t<\/div>\n\t\t\t\t<\/div>\n\t\t\t\t\t<\/div>\n\t\t\t\t<\/div>\n\t\t<div data-particle_enable=\"false\" data-particle-mobile-disabled=\"false\" class=\"elementor-element elementor-element-303c7f45 e-flex e-con-boxed e-con e-parent\" data-id=\"303c7f45\" data-element_type=\"container\">\n\t\t\t\t\t<div class=\"e-con-inner\">\n\t\t\t\t<div class=\"elementor-element elementor-element-19736653 elementor-widget elementor-widget-heading\" data-id=\"19736653\" data-element_type=\"widget\" data-widget_type=\"heading.default\">\n\t\t\t\t<div class=\"elementor-widget-container\">\n\t\t\t\t\t<h2 class=\"elementor-heading-title elementor-size-default\">\u304a\u554f\u3044\u5408\u308f\u305b<\/h2>\t\t\t\t<\/div>\n\t\t\t\t<\/div>\n\t\t\t\t<div class=\"elementor-element elementor-element-54c69ed1 elementor-widget elementor-widget-text-editor\" data-id=\"54c69ed1\" data-element_type=\"widget\" data-widget_type=\"text-editor.default\">\n\t\t\t\t<div class=\"elementor-widget-container\">\n\t\t\t\t\t\t\t\t\t<p style=\"text-align: center;\"><strong>Kontakta en Bose Pro-f\u00f6rs\u00e4ljnings\u4ee3\u8868<\/strong><\/p>\t\t\t\t\t\t\t\t<\/div>\n\t\t\t\t<\/div>\n\t\t\t\t<div class=\"elementor-element elementor-element-23050bf0 elementor-align-center elementor-widget elementor-widget-button\" data-id=\"23050bf0\" data-element_type=\"widget\" data-widget_type=\"button.default\">\n\t\t\t\t<div class=\"elementor-widget-container\">\n\t\t\t\t\t\t\t\t\t<div class=\"elementor-button-wrapper\">\n\t\t\t\t\t<a class=\"elementor-button elementor-button-link elementor-size-sm elementor-animation-shrink\" href=\"\/ja\/global-sales-offices\/\">\n\t\t\t\t\t\t<span class=\"elementor-button-content-wrapper\">\n\t\t\t\t\t\t\t\t\t<span class=\"elementor-button-text\">\u304a\u554f\u3044\u5408\u308f\u305b<\/span>\n\t\t\t\t\t<\/span>\n\t\t\t\t\t<\/a>\n\t\t\t\t<\/div>\n\t\t\t\t\t\t\t\t<\/div>\n\t\t\t\t<\/div>\n\t\t\t\t\t<\/div>\n\t\t\t\t<\/div>\n\t\t\t\t<\/div>\n\t\t","protected":false},"excerpt":{"rendered":"<p>\u00c5terkallelse av Bose-h\u00f6gtalare och Installation av s\u00e4kerhetskabel \u00d6versikt Bose \u00e5terkallar alla tak- och v\u00e4ggm [\u2026]<\/p>\n","protected":false},"author":33,"featured_media":0,"parent":1201,"menu_order":0,"comment_status":"closed","ping_status":"closed","template":"","meta":{"_acf_changed":false,"ep_exclude_from_search":false,"footnotes":""},"page-category":[],"class_list":["post-3325","page","type-page","status-publish","hentry"],"acf":[],"_links":{"self":[{"href":"https:\/\/boseprofessional.com\/ja\/wp-json\/wp\/v2\/pages\/3325","targetHints":{"allow":["GET"]}}],"collection":[{"href":"https:\/\/boseprofessional.com\/ja\/wp-json\/wp\/v2\/pages"}],"about":[{"href":"https:\/\/boseprofessional.com\/ja\/wp-json\/wp\/v2\/types\/page"}],"author":[{"embeddable":true,"href":"https:\/\/boseprofessional.com\/ja\/wp-json\/wp\/v2\/users\/33"}],"replies":[{"embeddable":true,"href":"https:\/\/boseprofessional.com\/ja\/wp-json\/wp\/v2\/comments?post=3325"}],"version-history":[{"count":3,"href":"https:\/\/boseprofessional.com\/ja\/wp-json\/wp\/v2\/pages\/3325\/revisions"}],"predecessor-version":[{"id":119535,"href":"https:\/\/boseprofessional.com\/ja\/wp-json\/wp\/v2\/pages\/3325\/revisions\/119535"}],"up":[{"embeddable":true,"href":"https:\/\/boseprofessional.com\/ja\/wp-json\/wp\/v2\/pages\/1201"}],"wp:attachment":[{"href":"https:\/\/boseprofessional.com\/ja\/wp-json\/wp\/v2\/media?parent=3325"}],"wp:term":[{"taxonomy":"page-category","embeddable":true,"href":"https:\/\/boseprofessional.com\/ja\/wp-json\/wp\/v2\/page-category?post=3325"}],"curies":[{"name":"wp","href":"https:\/\/api.w.org\/{rel}","templated":true}]}}