{"id":3280,"date":"2023-09-07T20:00:54","date_gmt":"2023-09-07T20:00:54","guid":{"rendered":"https:\/\/uatnew.boseprofessional.com\/?page_id=3280"},"modified":"2024-08-28T16:44:08","modified_gmt":"2024-08-28T16:44:08","slug":"pl-pl","status":"publish","type":"page","link":"https:\/\/boseprofessional.com\/ja\/resources\/support\/bms-safety\/pl-pl\/","title":{"rendered":"BMS Safety PL-PL"},"content":{"rendered":"\t\t<div data-elementor-type=\"wp-page\" data-elementor-id=\"3280\" class=\"elementor elementor-3280\" data-elementor-post-type=\"page\">\n\t\t\t\t<div data-particle_enable=\"false\" data-particle-mobile-disabled=\"false\" class=\"elementor-element elementor-element-528bff6b e-flex e-con-boxed e-con e-parent\" data-id=\"528bff6b\" data-element_type=\"container\" data-settings=\"{&quot;background_background&quot;:&quot;classic&quot;,&quot;shape_divider_bottom&quot;:&quot;opacity-tilt&quot;}\">\n\t\t\t\t\t<div class=\"e-con-inner\">\n\t\t\t\t<div class=\"elementor-shape elementor-shape-bottom\" aria-hidden=\"true\" data-negative=\"false\">\n\t\t\t<svg xmlns=\"http:\/\/www.w3.org\/2000\/svg\" viewbox=\"0 0 2600 131.1\" preserveaspectratio=\"none\">\n\t<path class=\"elementor-shape-fill\" d=\"M0 0L2600 0 2600 69.1 0 0z\"\/>\n\t<path class=\"elementor-shape-fill\" style=\"opacity:0.5\" d=\"M0 0L2600 0 2600 69.1 0 69.1z\"\/>\n\t<path class=\"elementor-shape-fill\" style=\"opacity:0.25\" d=\"M2600 0L0 0 0 130.1 2600 69.1z\"\/>\n<\/svg>\t\t<\/div>\n\t\t\t\t<div class=\"elementor-element elementor-element-34b83c09 elementor-widget elementor-widget-heading\" data-id=\"34b83c09\" data-element_type=\"widget\" data-widget_type=\"heading.default\">\n\t\t\t\t<div class=\"elementor-widget-container\">\n\t\t\t\t\t<h1 class=\"elementor-heading-title elementor-size-default\">Bose \u30b9\u30d4\u30fc\u30ab\u30fc\u306e\u30ea\u30b3\u30fc\u30eb\u3068\u5b89\u5168\u30b1\u30fc\u30d6\u30eb\u306e\u53d6\u308a\u4ed8\u3051<\/h1>\t\t\t\t<\/div>\n\t\t\t\t<\/div>\n\t\t\t\t\t<\/div>\n\t\t\t\t<\/div>\n\t\t<div data-particle_enable=\"false\" data-particle-mobile-disabled=\"false\" class=\"elementor-element elementor-element-3d20434f e-flex e-con-boxed e-con e-parent\" data-id=\"3d20434f\" data-element_type=\"container\">\n\t\t\t\t\t<div class=\"e-con-inner\">\n\t\t\t\t<div class=\"elementor-element elementor-element-15bae9a1 elementor-widget elementor-widget-image\" data-id=\"15bae9a1\" data-element_type=\"widget\" data-widget_type=\"image.default\">\n\t\t\t\t<div class=\"elementor-widget-container\">\n\t\t\t\t\t\t\t\t\t\t\t\t\t\t\t<img fetchpriority=\"high\" decoding=\"async\" width=\"1280\" height=\"440\" src=\"https:\/\/assets.boseprofessional.com\/transform\/e70c180d-4d3e-4142-a589-837bd83357c3\/Hydrocarbons_montage2_Header-png\" class=\"attachment-1536x1536 size-1536x1536 wp-image-20498\" alt=\"\u70ad\u5316\u6c34\u7d20\u30e2\u30f3\u30bf\u30fc\u30b8\u30e5 2 \u30d8\u30c3\u30c0\u30fc\" srcset=\"https:\/\/assets.boseprofessional.com\/transform\/e70c180d-4d3e-4142-a589-837bd83357c3\/Hydrocarbons_montage2_Header-png 1280w, https:\/\/assets.boseprofessional.com\/transform\/e70c180d-4d3e-4142-a589-837bd83357c3\/Hydrocarbons_montage2_Header-png?io=transform:scale,width:150,height:52 150w, https:\/\/assets.boseprofessional.com\/transform\/e70c180d-4d3e-4142-a589-837bd83357c3\/Hydrocarbons_montage2_Header-png?io=transform:scale,width:300,height:103 300w, https:\/\/assets.boseprofessional.com\/transform\/e70c180d-4d3e-4142-a589-837bd83357c3\/Hydrocarbons_montage2_Header-png?io=transform:scale,width:1024,height:352 1024w, https:\/\/assets.boseprofessional.com\/transform\/e70c180d-4d3e-4142-a589-837bd83357c3\/Hydrocarbons_montage2_Header-png?io=transform:scale,width:480,height:165 480w, https:\/\/assets.boseprofessional.com\/transform\/e70c180d-4d3e-4142-a589-837bd83357c3\/Hydrocarbons_montage2_Header-png?io=transform:scale,width:768,height:264 768w, https:\/\/assets.boseprofessional.com\/transform\/e70c180d-4d3e-4142-a589-837bd83357c3\/Hydrocarbons_montage2_Header-png?io=transform:scale,width:100,height:34 100w\" sizes=\"(max-width: 1280px) 100vw, 1280px\" \/>\t\t\t\t\t\t\t\t\t\t\t\t\t\t\t<\/div>\n\t\t\t\t<\/div>\n\t\t\t\t\t<\/div>\n\t\t\t\t<\/div>\n\t\t<div data-particle_enable=\"false\" data-particle-mobile-disabled=\"false\" class=\"elementor-element elementor-element-7a913606 e-flex e-con-boxed e-con e-parent\" data-id=\"7a913606\" data-element_type=\"container\">\n\t\t\t\t\t<div class=\"e-con-inner\">\n\t\t\t\t<div class=\"elementor-element elementor-element-22f16d20 elementor-widget elementor-widget-heading\" data-id=\"22f16d20\" data-element_type=\"widget\" data-widget_type=\"heading.default\">\n\t\t\t\t<div class=\"elementor-widget-container\">\n\t\t\t\t\t<h2 class=\"elementor-heading-title elementor-size-default\">\u30aa\u30e2\u30f4\u30a3\u30a8\u30cb<\/h2>\t\t\t\t<\/div>\n\t\t\t\t<\/div>\n\t\t\t\t<div class=\"elementor-element elementor-element-7e6669a3 elementor-widget elementor-widget-text-editor\" data-id=\"7e6669a3\" data-element_type=\"widget\" data-widget_type=\"text-editor.default\">\n\t\t\t\t<div class=\"elementor-widget-container\">\n\t\t\t\t\t\t\t\t\t<p><strong>Bose \u306f\u3001 FreeSpace DS 40F \u3092\u4f7f\u7528\u3057\u3066\u3001\u5341\u5206\u306a\/podtynkowego\u300113 sierpnia 2018 r \u3092\u7ba1\u7406\u3057\u307e\u3059\u3002 W trakcie instalacji lub u\u017cytkowania kotwy monta\u017cowe tych g\u0142o\u015bnik\u00f3w mog\u0105 p\u0119ka\u0107\u3001powoduj\u0105c upadek g\u0142o\u015bnik\u00f3w i powa\u017cne obra\u017cenia cia\u0142a \u3092\u53c2\u7167\u3057\u3066\u304f\u3060\u3055\u3044<\/strong>\u3002 29 \u65e5\u306e\u60c5\u5831\u3092\u78ba\u8a8d\u3057\u3001\u30b9\u30d1\u30c9\u306e\u5185\u5bb9\u3092\u78ba\u8a8d\u3057\u3001\u8a73\u7d30\u3092\u78ba\u8a8d\u3057\u3066\u304f\u3060\u3055\u3044\u3002<\/p>\n<p><strong>\u30dc\u30fc\u30ba\u306f\u3001\u6700\u9ad8\u306e\u30d1\u30d5\u30a9\u30fc\u30de\u30f3\u30b9\u3092\u5b9f\u73fe\u3059\u308b\u305f\u3081\u306b\u3001DS 40F \u30e2\u30c7\u30eb\u3001\u304a\u3088\u3073\u8ca9\u58f2\u4e2d\u306e\u30d1\u30f3\u30af\u30bf\u30c3\u30c1\u306e\u30a4\u30f3\u30b9\u30bf\u30ed\u30ef\u30cb\u30c3\u30c1\u3092\u7c21\u5358\u306b\u64cd\u4f5c\u3067\u304d\u307e\u3059<\/strong>\u3002 Obecnie dotyczy \u304b\u3089 r\u00f3wnie\u017c uprzednio zamontowanych g\u0142o\u015bnik\u00f3w \u307e\u3067\u3002\u3042\u306a\u305f\u306e\u610f\u898b\u306f\u3001\u79c1\u304c\u4f55\u3092\u3057\u3066\u3044\u308b\u306e\u304b\u3092\u77e5\u308b\u305f\u3081\u306b\u3001\u3042\u306a\u305f\u304c\u4f55\u3092\u3057\u3066\u3044\u308b\u306e\u304b\u3092\u77e5\u308a\u3001\u81ea\u5206\u81ea\u8eab\u3092\u77e5\u308b\u3053\u3068\u304c\u3067\u304d\u307e\u3059\u3002\u3055\u307e\u3056\u307e\u306a\u60c5\u5831\u3092\u5165\u624b\u3057\u3066\u3001\u30b9\u30d1\u30c9\u3084\u30df\u30a8\u30a4\u30b9\u30ab\u3001\u305d\u306e\u4ed6\u306e\u60c5\u5831\u3092\u78ba\u8a8d\u3057\u3066\u304f\u3060\u3055\u3044\u3002<\/p>\n<p>\u554f\u984c\u3092\u89e3\u6c7a\u3057\u3066\u304f\u3060\u3055\u3044\u3002\u30dc\u30fc\u30ba\u306f\u3001\u79c1\u305f\u3061\u306e\u554f\u984c\u3092\u89e3\u6c7a\u3057\u307e\u3059\u3002\u30dc\u30fc\u30ba\u3068\u554f\u984c\u3092\u89e3\u6c7a\u3057\u3001\u60c5\u5831\u3092\u5f97\u308b\u3053\u3068\u304c\u3067\u304d\u307e\u3059\u3002<\/p>\t\t\t\t\t\t\t\t<\/div>\n\t\t\t\t<\/div>\n\t\t\t\t\t<\/div>\n\t\t\t\t<\/div>\n\t\t<div data-particle_enable=\"false\" data-particle-mobile-disabled=\"false\" class=\"elementor-element elementor-element-6bf06412 e-flex e-con-boxed e-con e-parent\" data-id=\"6bf06412\" data-element_type=\"container\">\n\t\t\t\t\t<div class=\"e-con-inner\">\n\t\t\t\t<div class=\"elementor-element elementor-element-541b152f elementor-widget elementor-widget-heading\" data-id=\"541b152f\" data-element_type=\"widget\" data-widget_type=\"heading.default\">\n\t\t\t\t<div class=\"elementor-widget-container\">\n\t\t\t\t\t<h2 class=\"elementor-heading-title elementor-size-default\">\u30ea\u30af\u30a8\u30b9\u30c8\u3068\u30af\u30ec\u30fc\u30e0<\/h2>\t\t\t\t<\/div>\n\t\t\t\t<\/div>\n\t\t\t\t<div class=\"elementor-element elementor-element-3d19a024 elementor-widget elementor-widget-text-editor\" data-id=\"3d19a024\" data-element_type=\"widget\" data-widget_type=\"text-editor.default\">\n\t\t\t\t<div class=\"elementor-widget-container\">\n\t\t\t\t\t\t\t\t\t<div id=\"requeteetdemandederemboursement\" class=\"bp_page-navigation-content\">\n<p class=\"bp_bms-content-text-mt-mar bp_bms-content-text\">\u88fd\u54c1\u306e\u8aac\u660e\u3001\u518d\u69cb\u6210\u306e\u53ef\u80fd\u6027: <a href=\"https:\/\/www.bosebmssafety.com\/claim\" target=\"_blank\" rel=\"noopener\">BoseBMSsafety.com\/claim<\/a><\/p>\n<\/div>\t\t\t\t\t\t\t\t<\/div>\n\t\t\t\t<\/div>\n\t\t\t\t\t<\/div>\n\t\t\t\t<\/div>\n\t\t<div data-particle_enable=\"false\" data-particle-mobile-disabled=\"false\" class=\"elementor-element elementor-element-235b7c06 e-flex e-con-boxed e-con e-parent\" data-id=\"235b7c06\" data-element_type=\"container\">\n\t\t\t\t\t<div class=\"e-con-inner\">\n\t\t\t\t<div class=\"elementor-element elementor-element-41f9d5e6 elementor-widget elementor-widget-heading\" data-id=\"41f9d5e6\" data-element_type=\"widget\" data-widget_type=\"heading.default\">\n\t\t\t\t<div class=\"elementor-widget-container\">\n\t\t\t\t\t<h2 class=\"elementor-heading-title elementor-size-default\">\u30b3\u30e0\u30cb\u30ab\u30c6\u30a3<\/h2>\t\t\t\t<\/div>\n\t\t\t\t<\/div>\n\t\t\t\t<div class=\"elementor-element elementor-element-79bf8f11 elementor-widget elementor-widget-text-editor\" data-id=\"79bf8f11\" data-element_type=\"widget\" data-widget_type=\"text-editor.default\">\n\t\t\t\t<div class=\"elementor-widget-container\">\n\t\t\t\t\t\t\t\t\t<ul>\n<li><a href=\"https:\/\/assets.boseprofessional.com\/m\/25799dc460548291\/original\/1L_Bose_BMSsafety_Direct_Reseller_pl.docx?_gl=1*1v5vt7d*_gcl_au*MTIwNTcyNzEyMC4xNzIyNjIyMDg0*_ga*MTYxOTYwNDMyMy4xNzIyNjI1NTAz*_ga_NRTQ4DPXBJ*MTcyNDg1NTQ5OS42OC4xLjE3MjQ4NjMyMTcuNjAuMC4w\">List do sprzedawcy bezpo\u015bredniego (kraj Drugorz\u0119dny) 1L<\/a><\/li>\n<li><a href=\"https:\/\/assets.boseprofessional.com\/m\/77a222e3d8c1240e\/original\/3L_Bose_BMSsafety_Indirect_Reseller_pl.docx?_gl=1*1v5vt7d*_gcl_au*MTIwNTcyNzEyMC4xNzIyNjIyMDg0*_ga*MTYxOTYwNDMyMy4xNzIyNjI1NTAz*_ga_NRTQ4DPXBJ*MTcyNDg1NTQ5OS42OC4xLjE3MjQ4NjMyMTcuNjAuMC4w\">\u30ea\u30b9\u30c8 \u30c9\u30a5 \u30b9\u30d7\u30ec\u30ba\u30c9\u30fc\u30b7\u30fc \u30dd\u30b7\u30a7\u30c9\u30cb\u30a8\u30b4\/\u30dd\u30b8\u30aa\u30e0 3L<\/a><\/li>\n<li><a href=\"https:\/\/assets.boseprofessional.com\/m\/52427d2cfa77740\/original\/4L_Bose_BMSsafety_End_User_pl.docx?_gl=1*1v5vt7d*_gcl_au*MTIwNTcyNzEyMC4xNzIyNjIyMDg0*_ga*MTYxOTYwNDMyMy4xNzIyNjI1NTAz*_ga_NRTQ4DPXBJ*MTcyNDg1NTQ5OS42OC4xLjE3MjQ4NjMyMTcuNjAuMC4w\">\u30ea\u30b9\u30c8 \u30c9\u30a5 \u30a6\u30b8\u30c4\u30b3\u30a6\u30cb\u30ab \u30b3\u30f3\u30b3\u30a6\u30a7\u30b4 4L<\/a><\/li>\n<li><a href=\"https:\/\/assets.boseprofessional.com\/m\/130b4b72ad2e187f\/original\/6A_Bose_BMSsafety_en-xlsx.docx?_gl=1*1v5vt7d*_gcl_au*MTIwNTcyNzEyMC4xNzIyNjIyMDg0*_ga*MTYxOTYwNDMyMy4xNzIyNjI1NTAz*_ga_NRTQ4DPXBJ*MTcyNDg1NTQ5OS42OC4xLjE3MjQ4NjMyMTcuNjAuMC4w\">Lista SKU \u88fd\u54c1\u3001kt\u00f3rych dotyczy \u554f\u984c 6A<\/a><\/li>\n<li><a href=\"https:\/\/assets.boseprofessional.com\/m\/6970d7b17a3feb8e\/original\/Bose_BMS_Safety_UPDATE_New_EdgeMax_SKUs_pl.docx?_gl=1*1v5vt7d*_gcl_au*MTIwNTcyNzEyMC4xNzIyNjIyMDg0*_ga*MTYxOTYwNDMyMy4xNzIyNjI1NTAz*_ga_NRTQ4DPXBJ*MTcyNDg1NTQ5OS42OC4xLjE3MjQ4NjMyMTcuNjAuMC4w\"><strong>AKTUALIZACJA<\/strong> : 10 \u30d1\u30a6\u30b8\u30a7\u30cb\u30af 2019 r. \u2014 \u73fe\u5728 SKU \u30b0\u30a6\u30a9\u30b7\u30cb\u30b3\u30d5EdgeMax<\/a><\/li>\n<li><a href=\"https:\/\/assets.boseprofessional.com\/m\/4e4287f155e8feb9\/original\/Bose_BMS_Safety_UPDATE_New_FS3_SKUs_pl.docx?_gl=1*1v5vt7d*_gcl_au*MTIwNTcyNzEyMC4xNzIyNjIyMDg0*_ga*MTYxOTYwNDMyMy4xNzIyNjI1NTAz*_ga_NRTQ4DPXBJ*MTcyNDg1NTQ5OS42OC4xLjE3MjQ4NjMyMTcuNjAuMC4w\"><strong>\u30a2\u30af\u30c1\u30e5\u30a2\u30ea\u30b6\u30c3\u30af\u30e4<\/strong>\uff1a20 luty 2020 r. \u2014modeleFreeSpace 3 z nowymi kodami SKU\u00a0<\/a><\/li>\n<\/ul>\t\t\t\t\t\t\t\t<\/div>\n\t\t\t\t<\/div>\n\t\t\t\t\t<\/div>\n\t\t\t\t<\/div>\n\t\t<div data-particle_enable=\"false\" data-particle-mobile-disabled=\"false\" class=\"elementor-element elementor-element-5b73c10a e-flex e-con-boxed e-con e-parent\" data-id=\"5b73c10a\" data-element_type=\"container\">\n\t\t\t\t\t<div class=\"e-con-inner\">\n\t\t\t\t<div class=\"elementor-element elementor-element-a222150 elementor-widget elementor-widget-heading\" data-id=\"a222150\" data-element_type=\"widget\" data-widget_type=\"heading.default\">\n\t\t\t\t<div class=\"elementor-widget-container\">\n\t\t\t\t\t<h2 class=\"elementor-heading-title elementor-size-default\">Cz\u0119sto zadawane pytania<\/h2>\t\t\t\t<\/div>\n\t\t\t\t<\/div>\n\t\t\t\t<div class=\"elementor-element elementor-element-667cad5e elementor-widget elementor-widget-text-editor\" data-id=\"667cad5e\" data-element_type=\"widget\" data-widget_type=\"text-editor.default\">\n\t\t\t\t<div class=\"elementor-widget-container\">\n\t\t\t\t\t\t\t\t\t<ul>\n<li><a href=\"https:\/\/assets.boseprofessional.com\/m\/5cb929cb21457e1f\/original\/1F_Bose_BMSsafety_Reseller_FAQ_pl.docx?_gl=1*nmdpfs*_gcl_au*MTIwNTcyNzEyMC4xNzIyNjIyMDg0*_ga*MTYxOTYwNDMyMy4xNzIyNjI1NTAz*_ga_NRTQ4DPXBJ*MTcyNDg1NTQ5OS42OC4xLjE3MjQ4NjMyMTcuNjAuMC4w\">Dla sprzedawc\u00f3w 1F<\/a><\/li>\n<li><a href=\"https:\/\/assets.boseprofessional.com\/m\/3422b3aad3a8950b\/original\/2F_Bose_BMSsafety_End_User_FAQ_pl.docx?_gl=1*nmdpfs*_gcl_au*MTIwNTcyNzEyMC4xNzIyNjIyMDg0*_ga*MTYxOTYwNDMyMy4xNzIyNjI1NTAz*_ga_NRTQ4DPXBJ*MTcyNDg1NTQ5OS42OC4xLjE3MjQ4NjMyMTcuNjAuMC4w\">Dla u\u017cytkownik\u00f3w ko\u0144cowych 2F<\/a><\/li>\n<\/ul>\t\t\t\t\t\t\t\t<\/div>\n\t\t\t\t<\/div>\n\t\t\t\t\t<\/div>\n\t\t\t\t<\/div>\n\t\t<div data-particle_enable=\"false\" data-particle-mobile-disabled=\"false\" class=\"elementor-element elementor-element-b053413 e-flex e-con-boxed e-con e-parent\" data-id=\"b053413\" data-element_type=\"container\">\n\t\t\t\t\t<div class=\"e-con-inner\">\n\t\t\t\t<div class=\"elementor-element elementor-element-23bb4985 elementor-widget elementor-widget-heading\" data-id=\"23bb4985\" data-element_type=\"widget\" data-widget_type=\"heading.default\">\n\t\t\t\t<div class=\"elementor-widget-container\">\n\t\t\t\t\t<h2 class=\"elementor-heading-title elementor-size-default\">\u30dd\u30e9\u30c9\u30cb\u30ad<\/h2>\t\t\t\t<\/div>\n\t\t\t\t<\/div>\n\t\t\t\t<div class=\"elementor-element elementor-element-7000d91 elementor-widget elementor-widget-text-editor\" data-id=\"7000d91\" data-element_type=\"widget\" data-widget_type=\"text-editor.default\">\n\t\t\t\t<div class=\"elementor-widget-container\">\n\t\t\t\t\t\t\t\t\t<ul>\n<li><a href=\"https:\/\/assets.boseprofessional.com\/m\/5a8b32eed68ec00e\/original\/ig_safetycable_5-5x8-5.pdf?_gl=1*nmdpfs*_gcl_au*MTIwNTcyNzEyMC4xNzIyNjIyMDg0*_ga*MTYxOTYwNDMyMy4xNzIyNjI1NTAz*_ga_NRTQ4DPXBJ*MTcyNDg1NTQ5OS42OC4xLjE3MjQ4NjMyMTcuNjAuMC4w\">\u30dd\u30e9\u30c9\u30cb\u30af \u30a4\u30f3\u30b9\u30bf\u30e9\u30fc\u30b8 \u30ab\u30d6\u30e9 \u30b6\u30d9\u30ba\u30d4\u30a8\u30c1\u30e3\u30e8\u30f3\u30bb\u30b4<\/a><\/li>\n<li><a href=\"https:\/\/assets.boseprofessional.com\/m\/6afa4528e7f2a010\/original\/uig_freespace_ds40f.pdf?_gl=1*nmdpfs*_gcl_au*MTIwNTcyNzEyMC4xNzIyNjIyMDg0*_ga*MTYxOTYwNDMyMy4xNzIyNjI1NTAz*_ga_NRTQ4DPXBJ*MTcyNDg1NTQ5OS42OC4xLjE3MjQ4NjMyMTcuNjAuMC4w\">\u30dd\u30e9\u30c9\u30cb\u30af \u30c7\u30e2\u30f3\u30bf\u30ba \u30b0\u30ed\u30b7\u30e5\u30cb\u30abFreeSpace DS 40F<\/a><\/li>\n<\/ul>\t\t\t\t\t\t\t\t<\/div>\n\t\t\t\t<\/div>\n\t\t\t\t\t<\/div>\n\t\t\t\t<\/div>\n\t\t<div data-particle_enable=\"false\" data-particle-mobile-disabled=\"false\" class=\"elementor-element elementor-element-6439cb9 e-flex e-con-boxed e-con e-parent\" data-id=\"6439cb9\" data-element_type=\"container\">\n\t\t\t\t\t<div class=\"e-con-inner\">\n\t\t\t\t<div class=\"elementor-element elementor-element-7d16a0b0 elementor-widget elementor-widget-heading\" data-id=\"7d16a0b0\" data-element_type=\"widget\" data-widget_type=\"heading.default\">\n\t\t\t\t<div class=\"elementor-widget-container\">\n\t\t\t\t\t<h2 class=\"elementor-heading-title elementor-size-default\">\u88fd\u54c1\u306e\u516c\u5f0f\u5316<\/h2>\t\t\t\t<\/div>\n\t\t\t\t<\/div>\n\t\t\t\t<div class=\"elementor-element elementor-element-327dbe0 elementor-widget elementor-widget-text-editor\" data-id=\"327dbe0\" data-element_type=\"widget\" data-widget_type=\"text-editor.default\">\n\t\t\t\t<div class=\"elementor-widget-container\">\n\t\t\t\t\t\t\t\t\t<ul>\n<li><a href=\"https:\/\/assets.boseprofessional.com\/m\/5826d73e10f01475\/original\/1T_Return_Shipping_Form_pl.xlsx?_gl=1*fh54zr*_gcl_au*MTIwNTcyNzEyMC4xNzIyNjIyMDg0*_ga*MTYxOTYwNDMyMy4xNzIyNjI1NTAz*_ga_NRTQ4DPXBJ*MTcyNDg1NTQ5OS42OC4xLjE3MjQ4NjMyMTcuNjAuMC4w\">Formularz wysy\u0142ki zwrotnej<\/a><\/li>\n<li><a href=\"mailto:DS40.recall@boseprofessional.com\">DS40.recall@boseprofessional.com<\/a><\/li>\n<\/ul>\t\t\t\t\t\t\t\t<\/div>\n\t\t\t\t<\/div>\n\t\t\t\t\t<\/div>\n\t\t\t\t<\/div>\n\t\t<div data-particle_enable=\"false\" data-particle-mobile-disabled=\"false\" class=\"elementor-element elementor-element-6226af65 e-flex e-con-boxed e-con e-parent\" data-id=\"6226af65\" data-element_type=\"container\">\n\t\t\t\t\t<div class=\"e-con-inner\">\n\t\t\t\t<div class=\"elementor-element elementor-element-455718fa elementor-widget elementor-widget-heading\" data-id=\"455718fa\" data-element_type=\"widget\" data-widget_type=\"heading.default\">\n\t\t\t\t<div class=\"elementor-widget-container\">\n\t\t\t\t\t<h2 class=\"elementor-heading-title elementor-size-default\">\u304a\u554f\u3044\u5408\u308f\u305b<\/h2>\t\t\t\t<\/div>\n\t\t\t\t<\/div>\n\t\t\t\t<div class=\"elementor-element elementor-element-be8cf89 elementor-widget elementor-widget-text-editor\" data-id=\"be8cf89\" data-element_type=\"widget\" data-widget_type=\"text-editor.default\">\n\t\t\t\t<div class=\"elementor-widget-container\">\n\t\t\t\t\t\t\t\t\t<p style=\"text-align: center;\"><strong>Bose Pro\u306e\u55b6\u696d\u62c5\u5f53\u8005\u306b\u304a\u554f\u3044\u5408\u308f\u305b\u304f\u3060\u3055\u3044<\/strong><\/p>\t\t\t\t\t\t\t\t<\/div>\n\t\t\t\t<\/div>\n\t\t\t\t<div class=\"elementor-element elementor-element-92160a0 elementor-align-center elementor-widget elementor-widget-button\" data-id=\"92160a0\" data-element_type=\"widget\" data-widget_type=\"button.default\">\n\t\t\t\t<div class=\"elementor-widget-container\">\n\t\t\t\t\t\t\t\t\t<div class=\"elementor-button-wrapper\">\n\t\t\t\t\t<a class=\"elementor-button elementor-button-link elementor-size-sm elementor-animation-shrink\" href=\"\/ja\/global-sales-offices\/\">\n\t\t\t\t\t\t<span class=\"elementor-button-content-wrapper\">\n\t\t\t\t\t\t\t\t\t<span class=\"elementor-button-text\">\u304a\u554f\u3044\u5408\u308f\u305b<\/span>\n\t\t\t\t\t<\/span>\n\t\t\t\t\t<\/a>\n\t\t\t\t<\/div>\n\t\t\t\t\t\t\t\t<\/div>\n\t\t\t\t<\/div>\n\t\t\t\t\t<\/div>\n\t\t\t\t<\/div>\n\t\t\t\t<\/div>\n\t\t","protected":false},"excerpt":{"rendered":"<p>\u30dc\u30fc\u30ba\u30b9\u30d4\u30fc\u30ab\u30fc \u30ea\u30b3\u30fc\u30eb\u3068\u5b89\u5168\u30b1\u30fc\u30d6\u30eb\u306e\u53d6\u308a\u4ed8\u3051\u306b\u3064\u3044\u3066 Bose \u306e\u60c5\u5831\u3092\u78ba\u8a8d\u3059\u308bFreeSpace [\u2026]<\/p>\n","protected":false},"author":33,"featured_media":0,"parent":1201,"menu_order":0,"comment_status":"closed","ping_status":"closed","template":"","meta":{"_acf_changed":false,"ep_exclude_from_search":false,"footnotes":""},"page-category":[],"class_list":["post-3280","page","type-page","status-publish","hentry"],"acf":[],"_links":{"self":[{"href":"https:\/\/boseprofessional.com\/ja\/wp-json\/wp\/v2\/pages\/3280","targetHints":{"allow":["GET"]}}],"collection":[{"href":"https:\/\/boseprofessional.com\/ja\/wp-json\/wp\/v2\/pages"}],"about":[{"href":"https:\/\/boseprofessional.com\/ja\/wp-json\/wp\/v2\/types\/page"}],"author":[{"embeddable":true,"href":"https:\/\/boseprofessional.com\/ja\/wp-json\/wp\/v2\/users\/33"}],"replies":[{"embeddable":true,"href":"https:\/\/boseprofessional.com\/ja\/wp-json\/wp\/v2\/comments?post=3280"}],"version-history":[{"count":3,"href":"https:\/\/boseprofessional.com\/ja\/wp-json\/wp\/v2\/pages\/3280\/revisions"}],"predecessor-version":[{"id":119527,"href":"https:\/\/boseprofessional.com\/ja\/wp-json\/wp\/v2\/pages\/3280\/revisions\/119527"}],"up":[{"embeddable":true,"href":"https:\/\/boseprofessional.com\/ja\/wp-json\/wp\/v2\/pages\/1201"}],"wp:attachment":[{"href":"https:\/\/boseprofessional.com\/ja\/wp-json\/wp\/v2\/media?parent=3280"}],"wp:term":[{"taxonomy":"page-category","embeddable":true,"href":"https:\/\/boseprofessional.com\/ja\/wp-json\/wp\/v2\/page-category?post=3280"}],"curies":[{"name":"wp","href":"https:\/\/api.w.org\/{rel}","templated":true}]}}