{"id":3171,"date":"2023-09-07T15:48:28","date_gmt":"2023-09-07T15:48:28","guid":{"rendered":"https:\/\/uatnew.boseprofessional.com\/?page_id=3171"},"modified":"2024-08-28T16:49:17","modified_gmt":"2024-08-28T16:49:17","slug":"pt-mo","status":"publish","type":"page","link":"https:\/\/boseprofessional.com\/ja\/resources\/support\/bms-safety\/pt-mo\/","title":{"rendered":"BMS Safety PT-MO"},"content":{"rendered":"\t\t<div data-elementor-type=\"wp-page\" data-elementor-id=\"3171\" class=\"elementor elementor-3171\" data-elementor-post-type=\"page\">\n\t\t\t\t<div data-particle_enable=\"false\" data-particle-mobile-disabled=\"false\" class=\"elementor-element elementor-element-2e044ba8 e-flex e-con-boxed e-con e-parent\" data-id=\"2e044ba8\" data-element_type=\"container\" data-settings=\"{&quot;background_background&quot;:&quot;classic&quot;,&quot;shape_divider_bottom&quot;:&quot;opacity-tilt&quot;}\">\n\t\t\t\t\t<div class=\"e-con-inner\">\n\t\t\t\t<div class=\"elementor-shape elementor-shape-bottom\" aria-hidden=\"true\" data-negative=\"false\">\n\t\t\t<svg xmlns=\"http:\/\/www.w3.org\/2000\/svg\" viewbox=\"0 0 2600 131.1\" preserveaspectratio=\"none\">\n\t<path class=\"elementor-shape-fill\" d=\"M0 0L2600 0 2600 69.1 0 0z\"\/>\n\t<path class=\"elementor-shape-fill\" style=\"opacity:0.5\" d=\"M0 0L2600 0 2600 69.1 0 69.1z\"\/>\n\t<path class=\"elementor-shape-fill\" style=\"opacity:0.25\" d=\"M2600 0L0 0 0 130.1 2600 69.1z\"\/>\n<\/svg>\t\t<\/div>\n\t\t\t\t<div class=\"elementor-element elementor-element-5d14ce8f elementor-widget elementor-widget-heading\" data-id=\"5d14ce8f\" data-element_type=\"widget\" data-widget_type=\"heading.default\">\n\t\t\t\t<div class=\"elementor-widget-container\">\n\t\t\t\t\t<h1 class=\"elementor-heading-title elementor-size-default\">\u30dc\u30fc\u30ba\u306e\u5b89\u5168\u6027\u3092\u9ad8\u3081\u308b\u305f\u3081\u306e\u8a18\u9332<\/h1>\t\t\t\t<\/div>\n\t\t\t\t<\/div>\n\t\t\t\t\t<\/div>\n\t\t\t\t<\/div>\n\t\t<div data-particle_enable=\"false\" data-particle-mobile-disabled=\"false\" class=\"elementor-element elementor-element-2e6331ba e-flex e-con-boxed e-con e-parent\" data-id=\"2e6331ba\" data-element_type=\"container\">\n\t\t\t\t\t<div class=\"e-con-inner\">\n\t\t\t\t<div class=\"elementor-element elementor-element-779fe7ca elementor-widget elementor-widget-image\" data-id=\"779fe7ca\" data-element_type=\"widget\" data-widget_type=\"image.default\">\n\t\t\t\t<div class=\"elementor-widget-container\">\n\t\t\t\t\t\t\t\t\t\t\t\t\t\t\t<img fetchpriority=\"high\" decoding=\"async\" width=\"1280\" height=\"440\" src=\"https:\/\/assets.boseprofessional.com\/transform\/e70c180d-4d3e-4142-a589-837bd83357c3\/Hydrocarbons_montage2_Header-png\" class=\"attachment-1536x1536 size-1536x1536 wp-image-20498\" alt=\"\u70ad\u5316\u6c34\u7d20\u30e2\u30f3\u30bf\u30fc\u30b8\u30e5 2 \u30d8\u30c3\u30c0\u30fc\" srcset=\"https:\/\/assets.boseprofessional.com\/transform\/e70c180d-4d3e-4142-a589-837bd83357c3\/Hydrocarbons_montage2_Header-png 1280w, https:\/\/assets.boseprofessional.com\/transform\/e70c180d-4d3e-4142-a589-837bd83357c3\/Hydrocarbons_montage2_Header-png?io=transform:scale,width:150,height:52 150w, https:\/\/assets.boseprofessional.com\/transform\/e70c180d-4d3e-4142-a589-837bd83357c3\/Hydrocarbons_montage2_Header-png?io=transform:scale,width:300,height:103 300w, https:\/\/assets.boseprofessional.com\/transform\/e70c180d-4d3e-4142-a589-837bd83357c3\/Hydrocarbons_montage2_Header-png?io=transform:scale,width:1024,height:352 1024w, https:\/\/assets.boseprofessional.com\/transform\/e70c180d-4d3e-4142-a589-837bd83357c3\/Hydrocarbons_montage2_Header-png?io=transform:scale,width:480,height:165 480w, https:\/\/assets.boseprofessional.com\/transform\/e70c180d-4d3e-4142-a589-837bd83357c3\/Hydrocarbons_montage2_Header-png?io=transform:scale,width:768,height:264 768w, https:\/\/assets.boseprofessional.com\/transform\/e70c180d-4d3e-4142-a589-837bd83357c3\/Hydrocarbons_montage2_Header-png?io=transform:scale,width:100,height:34 100w\" sizes=\"(max-width: 1280px) 100vw, 1280px\" \/>\t\t\t\t\t\t\t\t\t\t\t\t\t\t\t<\/div>\n\t\t\t\t<\/div>\n\t\t\t\t\t<\/div>\n\t\t\t\t<\/div>\n\t\t<div data-particle_enable=\"false\" data-particle-mobile-disabled=\"false\" class=\"elementor-element elementor-element-43216683 e-flex e-con-boxed e-con e-parent\" data-id=\"43216683\" data-element_type=\"container\">\n\t\t\t\t\t<div class=\"e-con-inner\">\n\t\t\t\t<div class=\"elementor-element elementor-element-25bb6cf7 elementor-widget elementor-widget-heading\" data-id=\"25bb6cf7\" data-element_type=\"widget\" data-widget_type=\"heading.default\">\n\t\t\t\t<div class=\"elementor-widget-container\">\n\t\t\t\t\t<h2 class=\"elementor-heading-title elementor-size-default\">Descri\u00e7\u00e3o geral<\/h2>\t\t\t\t<\/div>\n\t\t\t\t<\/div>\n\t\t\t\t<div class=\"elementor-element elementor-element-65de74f1 elementor-widget elementor-widget-text-editor\" data-id=\"65de74f1\" data-element_type=\"widget\" data-widget_type=\"text-editor.default\">\n\t\t\t\t<div class=\"elementor-widget-container\">\n\t\t\t\t\t\t\t\t\t<p><strong>2018 \u5e74 13 \u6708 13 \u65e5\u306b\u3001 FreeSpace DS 40F \u306e\u30e2\u30f3\u30bf\u30fc\u30b2\u30e0\u3092\u78ba\u8a8d\u3057\u305f\u308a\u3001\u88fd\u9020\u3092\u958b\u59cb\u3057\u305f\u308a\u3059\u308b\u5fc5\u8981\u306f\u3042\u308a\u307e\u305b\u3093<\/strong>\u3002\u30c7\u30e5\u30e9\u30f3\u30c6\u306f\u3001\u5893\u306e\u8abf\u67fb\u7d50\u679c\u3092\u53ce\u96c6\u3057\u3001\u5893\u306e\u8abf\u67fb\u7d50\u679c\u3092\u78ba\u8a8d\u3059\u308b\u305f\u3081\u306b\u3001\u8a2d\u7f6e\u5834\u6240\u3092\u6709\u52b9\u306b\u3057\u307e\u3059\u3002\u77ac\u9593\u306b\u300129 \u304b\u6240\u306e\u5b9a\u671f\u7684\u306a\u901a\u4fe1\u3092\u884c\u3063\u3066\u3001\u6700\u65b0\u306e\u60c5\u5831\u3092\u53d7\u3051\u53d6\u308a\u307e\u3059\u3002<\/p>\n<p><strong>Bose \u306f\u3001DS 40F \u3092\u542b\u3080\u3001Bose \u306e\u5b89\u5168\u306a\u8a2d\u7f6e\u3092\u6c7a\u5b9a\u3059\u308b\u5f01\u8b77\u58eb\u3092\u52d9\u3081\u3001\u5546\u696d\u65bd\u8a2d\u306e\u74b0\u5883\u3092\u8a2d\u7f6e\u3057\u307e\u3059\u3002\u4e8b\u524d\u306b\u6e96\u5099\u3092\u6574\u3048\u3066\u304b\u3089\u30a2\u30d7\u30ea\u30b1\u30fc\u30b7\u30e7\u30f3\u3092\u5b9f\u884c\u3057\u3066\u304f\u3060\u3055\u3044<\/strong>\u3002 Quando expostos a \u00f3leo alimentar ou a fumo de \u00f3leo alimentar\u3001OS Componentes de montagem destas colunas podem Partir\u3001O que pode Levar \u00e0 queda das colunas e resultar em ferimentos graves\u3002\u77ac\u9593\u306b\u3001\u30ed\u30fc\u30ab\u30eb\u306a\u74b0\u5883\u3067\u30b3\u30df\u30e5\u30cb\u30b1\u30fc\u30b7\u30e7\u30f3\u3092\u53d6\u308a\u306a\u304c\u3089\u3001\u5b9a\u671f\u7684\u306b\u60c5\u5831\u3092\u53d7\u3051\u53d6\u308b\u3053\u3068\u304c\u3067\u304d\u307e\u3059\u3002<\/p>\n<p>Bose \u306e\u8ca9\u58f2\u4ee3\u7406\u5e97\u306e\u5fa9\u8b90\u306e\u305f\u3081\u306b\u3001\u64cd\u4f5c\u65b9\u6cd5\u3092\u9078\u629e\u3057\u3066\u304f\u3060\u3055\u3044\u3002\u30dc\u30fc\u30ba\u3068\u306e\u9023\u7d61\u3092\u53d6\u308a\u5408\u3044\u3001\u60c5\u5831\u3092\u5f97\u308b\u305f\u3081\u306b\u30dc\u30fc\u30ba\u306b\u5fa9\u8b90\u3059\u308b\u305f\u3081\u306b\u9023\u7d61\u3057\u3066\u304f\u3060\u3055\u3044\u3002<\/p>\t\t\t\t\t\t\t\t<\/div>\n\t\t\t\t<\/div>\n\t\t\t\t\t<\/div>\n\t\t\t\t<\/div>\n\t\t<div data-particle_enable=\"false\" data-particle-mobile-disabled=\"false\" class=\"elementor-element elementor-element-125fa063 e-flex e-con-boxed e-con e-parent\" data-id=\"125fa063\" data-element_type=\"container\">\n\t\t\t\t\t<div class=\"e-con-inner\">\n\t\t\t\t<div class=\"elementor-element elementor-element-46f762f6 elementor-widget elementor-widget-heading\" data-id=\"46f762f6\" data-element_type=\"widget\" data-widget_type=\"heading.default\">\n\t\t\t\t<div class=\"elementor-widget-container\">\n\t\t\t\t\t<h2 class=\"elementor-heading-title elementor-size-default\">\u8981\u8acb\u3068\u56de\u53ce<\/h2>\t\t\t\t<\/div>\n\t\t\t\t<\/div>\n\t\t\t\t<div class=\"elementor-element elementor-element-3fd779b5 elementor-widget elementor-widget-text-editor\" data-id=\"3fd779b5\" data-element_type=\"widget\" data-widget_type=\"text-editor.default\">\n\t\t\t\t<div class=\"elementor-widget-container\">\n\t\t\t\t\t\t\t\t\t<div id=\"requeteetdemandederemboursement\" class=\"bp_page-navigation-content\">\n<p class=\"bp_bms-content-text-mt-mar bp_bms-content-text\">\u4ee3\u66ff\u88fd\u54c1\u306e\u88fd\u9020\u3001\u88dc\u511f\u306e\u4fdd\u8a3c: <a href=\"https:\/\/www.bosebmssafety.com\/claim\" target=\"_blank\" rel=\"noopener\">BoseBMSsafety.com\/claim<\/a><\/p>\n<\/div>\t\t\t\t\t\t\t\t<\/div>\n\t\t\t\t<\/div>\n\t\t\t\t\t<\/div>\n\t\t\t\t<\/div>\n\t\t<div data-particle_enable=\"false\" data-particle-mobile-disabled=\"false\" class=\"elementor-element elementor-element-2b2c6058 e-flex e-con-boxed e-con e-parent\" data-id=\"2b2c6058\" data-element_type=\"container\">\n\t\t\t\t\t<div class=\"e-con-inner\">\n\t\t\t\t<div class=\"elementor-element elementor-element-15856913 elementor-widget elementor-widget-heading\" data-id=\"15856913\" data-element_type=\"widget\" data-widget_type=\"heading.default\">\n\t\t\t\t<div class=\"elementor-widget-container\">\n\t\t\t\t\t<h2 class=\"elementor-heading-title elementor-size-default\">\u30b3\u30df\u30e5\u30cb\u30b1\u30fc\u30b7\u30e7\u30f3<\/h2>\t\t\t\t<\/div>\n\t\t\t\t<\/div>\n\t\t\t\t<div class=\"elementor-element elementor-element-406b8c6b elementor-widget elementor-widget-text-editor\" data-id=\"406b8c6b\" data-element_type=\"widget\" data-widget_type=\"text-editor.default\">\n\t\t\t\t<div class=\"elementor-widget-container\">\n\t\t\t\t\t\t\t\t\t<ul>\n<li><a href=\"https:\/\/assets.boseprofessional.com\/m\/15e8bfe4619c8a7a\/original\/2L_Bose_BMSsafety_Direct_Reseller_pt.docx?_gl=1*10vz898*_gcl_au*MTIwNTcyNzEyMC4xNzIyNjIyMDg0*_ga*MTYxOTYwNDMyMy4xNzIyNjI1NTAz*_ga_NRTQ4DPXBJ*MTcyNDg1NTQ5OS42OC4xLjE3MjQ4NjM1NzcuNjAuMC4w\">Carta ao revendor direto (pa\u00eds subsidiario) 2L<\/a><\/li>\n<li><a href=\"https:\/\/assets.boseprofessional.com\/m\/6e91222cc61c3ae5\/original\/3L_Bose_BMSsafety_Indirect_Reseller_pt.docx?_gl=1*1mjgd5m*_gcl_au*MTIwNTcyNzEyMC4xNzIyNjIyMDg0*_ga*MTYxOTYwNDMyMy4xNzIyNjI1NTAz*_ga_NRTQ4DPXBJ*MTcyNDg1NTQ5OS42OC4xLjE3MjQ4NjM1NzcuNjAuMC4w\">\u30ab\u30eb\u30bf \u30a2\u30aa \u30ea\u30d9\u30f3\u30b8\u30c9\u30fc\u30eb \u30a4\u30f3\u30c7\u30a3\u30ec\u30c8\/\u30cb\u30fc\u30d9\u30eb 2 3L<\/a><\/li>\n<li><a href=\"https:\/\/assets.boseprofessional.com\/m\/3dfe09c36594e42\/original\/4L_Bose_BMSsafety_End_User_pt.docx?_gl=1*1mjgd5m*_gcl_au*MTIwNTcyNzEyMC4xNzIyNjIyMDg0*_ga*MTYxOTYwNDMyMy4xNzIyNjI1NTAz*_ga_NRTQ4DPXBJ*MTcyNDg1NTQ5OS42OC4xLjE3MjQ4NjM1NzcuNjAuMC4w\">Carta ao utilizador final 4L<\/a><\/li>\n<li><a href=\"https:\/\/assets.boseprofessional.com\/m\/130b4b72ad2e187f\/original\/6A_Bose_BMSsafety_en-xlsx.docx?_gl=1*1mjgd5m*_gcl_au*MTIwNTcyNzEyMC4xNzIyNjIyMDg0*_ga*MTYxOTYwNDMyMy4xNzIyNjI1NTAz*_ga_NRTQ4DPXBJ*MTcyNDg1NTQ5OS42OC4xLjE3MjQ4NjM1NzcuNjAuMC4w\">\u88fd\u54c1\u306b\u95a2\u3059\u308b SKU \u30ea\u30b9\u30c8 6A<\/a><\/li>\n<li><a href=\"https:\/\/assets.boseprofessional.com\/m\/6eadccf4b33abba7\/original\/Bose_BMS_Safety_UPDATE_New_EdgeMax_SKUs_pt.docx?_gl=1*1mjgd5m*_gcl_au*MTIwNTcyNzEyMC4xNzIyNjIyMDg0*_ga*MTYxOTYwNDMyMy4xNzIyNjI1NTAz*_ga_NRTQ4DPXBJ*MTcyNDg1NTQ5OS42OC4xLjE3MjQ4NjM1NzcuNjAuMC4w\"><strong>\u8ffd\u8a18<\/strong>: 2019 \u5e74 10 \u6708 10 \u65e5 \u2013 Novas SKU \u306e\u767a\u8868EdgeMax<\/a><\/li>\n<li><a href=\"https:\/\/assets.boseprofessional.com\/m\/16cb3349b494ad87\/original\/Bose_BMS_Safety_UPDATE_New_FS3_SKUs_pt.docx?_gl=1*1mjgd5m*_gcl_au*MTIwNTcyNzEyMC4xNzIyNjIyMDg0*_ga*MTYxOTYwNDMyMy4xNzIyNjI1NTAz*_ga_NRTQ4DPXBJ*MTcyNDg1NTQ5OS42OC4xLjE3MjQ4NjM1NzcuNjAuMC4w\"><strong>\u4e88\u5b9a\u65e5<\/strong>: 2020 \u5e74 20 \u65e5 \u2013 Novas SKU FreeSpace\u00a03<\/a><\/li>\n<\/ul>\t\t\t\t\t\t\t\t<\/div>\n\t\t\t\t<\/div>\n\t\t\t\t\t<\/div>\n\t\t\t\t<\/div>\n\t\t<div data-particle_enable=\"false\" data-particle-mobile-disabled=\"false\" class=\"elementor-element elementor-element-3e6b3c6f e-flex e-con-boxed e-con e-parent\" data-id=\"3e6b3c6f\" data-element_type=\"container\">\n\t\t\t\t\t<div class=\"e-con-inner\">\n\t\t\t\t<div class=\"elementor-element elementor-element-63690e4c elementor-widget elementor-widget-heading\" data-id=\"63690e4c\" data-element_type=\"widget\" data-widget_type=\"heading.default\">\n\t\t\t\t<div class=\"elementor-widget-container\">\n\t\t\t\t\t<h2 class=\"elementor-heading-title elementor-size-default\">\u3088\u304f\u3042\u308b\u8cea\u554f<\/h2>\t\t\t\t<\/div>\n\t\t\t\t<\/div>\n\t\t\t\t<div class=\"elementor-element elementor-element-65ab16f9 elementor-widget elementor-widget-text-editor\" data-id=\"65ab16f9\" data-element_type=\"widget\" data-widget_type=\"text-editor.default\">\n\t\t\t\t<div class=\"elementor-widget-container\">\n\t\t\t\t\t\t\t\t\t<ul>\n<li><a href=\"https:\/\/assets.boseprofessional.com\/m\/63c3935651ed64a5\/original\/1F_Bose_BMSsafety_Reseller_FAQ_pt.docx?_gl=1*10vz898*_gcl_au*MTIwNTcyNzEyMC4xNzIyNjIyMDg0*_ga*MTYxOTYwNDMyMy4xNzIyNjI1NTAz*_ga_NRTQ4DPXBJ*MTcyNDg1NTQ5OS42OC4xLjE3MjQ4NjM1NzcuNjAuMC4w\">\u30d1\u30e9\u30fb\u30ea\u30d9\u30f3\u30c7\u30c9\u30fc\u30eb 1F<\/a><\/li>\n<li><a href=\"https:\/\/assets.boseprofessional.com\/m\/6fcd388e9f2e3c7b\/original\/2F_Bose_BMSsafety_End_User_FAQ_pt.docx?_gl=1*10vz898*_gcl_au*MTIwNTcyNzEyMC4xNzIyNjIyMDg0*_ga*MTYxOTYwNDMyMy4xNzIyNjI1NTAz*_ga_NRTQ4DPXBJ*MTcyNDg1NTQ5OS42OC4xLjE3MjQ4NjM1NzcuNjAuMC4w\">Para utilizadores finais 2F<\/a><\/li>\n<\/ul>\t\t\t\t\t\t\t\t<\/div>\n\t\t\t\t<\/div>\n\t\t\t\t\t<\/div>\n\t\t\t\t<\/div>\n\t\t<div data-particle_enable=\"false\" data-particle-mobile-disabled=\"false\" class=\"elementor-element elementor-element-3b2fde97 e-flex e-con-boxed e-con e-parent\" data-id=\"3b2fde97\" data-element_type=\"container\">\n\t\t\t\t\t<div class=\"e-con-inner\">\n\t\t\t\t<div class=\"elementor-element elementor-element-18f63de4 elementor-widget elementor-widget-heading\" data-id=\"18f63de4\" data-element_type=\"widget\" data-widget_type=\"heading.default\">\n\t\t\t\t<div class=\"elementor-widget-container\">\n\t\t\t\t\t<h2 class=\"elementor-heading-title elementor-size-default\">\u30ae\u30a2\u30b9<\/h2>\t\t\t\t<\/div>\n\t\t\t\t<\/div>\n\t\t\t\t<div class=\"elementor-element elementor-element-268a26cb elementor-widget elementor-widget-text-editor\" data-id=\"268a26cb\" data-element_type=\"widget\" data-widget_type=\"text-editor.default\">\n\t\t\t\t<div class=\"elementor-widget-container\">\n\t\t\t\t\t\t\t\t\t<ul>\n<li><a href=\"https:\/\/assets.boseprofessional.com\/m\/5a8b32eed68ec00e\/original\/ig_safetycable_5-5x8-5.pdf?_gl=1*10vz898*_gcl_au*MTIwNTcyNzEyMC4xNzIyNjIyMDg0*_ga*MTYxOTYwNDMyMy4xNzIyNjI1NTAz*_ga_NRTQ4DPXBJ*MTcyNDg1NTQ5OS42OC4xLjE3MjQ4NjM1NzcuNjAuMC4w\">\u30bb\u30b0\u30e9\u30f3\u30b5\u5cf6\u306e\u8a2d\u7f6e\u5834\u6240<\/a><\/li>\n<li><a href=\"https:\/\/assets.boseprofessional.com\/m\/6afa4528e7f2a010\/original\/uig_freespace_ds40f.pdf?_gl=1*10vz898*_gcl_au*MTIwNTcyNzEyMC4xNzIyNjIyMDg0*_ga*MTYxOTYwNDMyMy4xNzIyNjI1NTAz*_ga_NRTQ4DPXBJ*MTcyNDg1NTQ5OS42OC4xLjE3MjQ4NjM1NzcuNjAuMC4w\">Guia de desinstala\u00e7\u00e3o da FreeSpace DS 40F<\/a><\/li>\n<\/ul>\t\t\t\t\t\t\t\t<\/div>\n\t\t\t\t<\/div>\n\t\t\t\t\t<\/div>\n\t\t\t\t<\/div>\n\t\t<div data-particle_enable=\"false\" data-particle-mobile-disabled=\"false\" class=\"elementor-element elementor-element-5f00f579 e-flex e-con-boxed e-con e-parent\" data-id=\"5f00f579\" data-element_type=\"container\">\n\t\t\t\t\t<div class=\"e-con-inner\">\n\t\t\t\t<div class=\"elementor-element elementor-element-7fc7f997 elementor-widget elementor-widget-heading\" data-id=\"7fc7f997\" data-element_type=\"widget\" data-widget_type=\"heading.default\">\n\t\t\t\t<div class=\"elementor-widget-container\">\n\t\t\t\t\t<h2 class=\"elementor-heading-title elementor-size-default\">\u88fd\u54c1\u306e\u51e6\u7406\u65b9\u6cd5<\/h2>\t\t\t\t<\/div>\n\t\t\t\t<\/div>\n\t\t\t\t<div class=\"elementor-element elementor-element-2baad7de elementor-widget elementor-widget-text-editor\" data-id=\"2baad7de\" data-element_type=\"widget\" data-widget_type=\"text-editor.default\">\n\t\t\t\t<div class=\"elementor-widget-container\">\n\t\t\t\t\t\t\t\t\t<ul>\n<li><a href=\"https:\/\/assets.boseprofessional.com\/m\/60a6bb9eed36c590\/original\/1T_Return_Shipping_Form_pt.xlsx?_gl=1*1ru9iwz*_gcl_au*MTIwNTcyNzEyMC4xNzIyNjIyMDg0*_ga*MTYxOTYwNDMyMy4xNzIyNjI1NTAz*_ga_NRTQ4DPXBJ*MTcyNDg1NTQ5OS42OC4xLjE3MjQ4NjM1NzcuNjAuMC4w\">Formul\u00e1rio de devolu\u00e7\u00e3o<\/a><\/li>\n<li><a href=\"mailto:DS40.recall@boseprofessional.com\">DS40.recall@boseprofessional.com<\/a><\/li>\n<\/ul>\t\t\t\t\t\t\t\t<\/div>\n\t\t\t\t<\/div>\n\t\t\t\t\t<\/div>\n\t\t\t\t<\/div>\n\t\t<div data-particle_enable=\"false\" data-particle-mobile-disabled=\"false\" class=\"elementor-element elementor-element-513302e6 e-flex e-con-boxed e-con e-parent\" data-id=\"513302e6\" data-element_type=\"container\">\n\t\t\t\t\t<div class=\"e-con-inner\">\n\t\t\t\t<div class=\"elementor-element elementor-element-11699ef6 elementor-widget elementor-widget-heading\" data-id=\"11699ef6\" data-element_type=\"widget\" data-widget_type=\"heading.default\">\n\t\t\t\t<div class=\"elementor-widget-container\">\n\t\t\t\t\t<h2 class=\"elementor-heading-title elementor-size-default\">\u9023\u7d61\u5148<\/h2>\t\t\t\t<\/div>\n\t\t\t\t<\/div>\n\t\t\t\t<div class=\"elementor-element elementor-element-203879dd elementor-widget elementor-widget-text-editor\" data-id=\"203879dd\" data-element_type=\"widget\" data-widget_type=\"text-editor.default\">\n\t\t\t\t<div class=\"elementor-widget-container\">\n\t\t\t\t\t\t\t\t\t<p style=\"text-align: center;\"><strong>Bose Pro \u306e\u8ca9\u58f2\u62c5\u5f53\u8005\u306b\u304a\u554f\u3044\u5408\u308f\u305b\u304f\u3060\u3055\u3044<\/strong><\/p>\t\t\t\t\t\t\t\t<\/div>\n\t\t\t\t<\/div>\n\t\t\t\t<div class=\"elementor-element elementor-element-7360dc79 elementor-align-center elementor-widget elementor-widget-button\" data-id=\"7360dc79\" data-element_type=\"widget\" data-widget_type=\"button.default\">\n\t\t\t\t<div class=\"elementor-widget-container\">\n\t\t\t\t\t\t\t\t\t<div class=\"elementor-button-wrapper\">\n\t\t\t\t\t<a class=\"elementor-button elementor-button-link elementor-size-sm elementor-animation-shrink\" href=\"\/ja\/global-sales-offices\/\">\n\t\t\t\t\t\t<span class=\"elementor-button-content-wrapper\">\n\t\t\t\t\t\t\t\t\t<span class=\"elementor-button-text\">\u9023\u7d61\u5148<\/span>\n\t\t\t\t\t<\/span>\n\t\t\t\t\t<\/a>\n\t\t\t\t<\/div>\n\t\t\t\t\t\t\t\t<\/div>\n\t\t\t\t<\/div>\n\t\t\t\t\t<\/div>\n\t\t\t\t<\/div>\n\t\t\t\t<\/div>\n\t\t","protected":false},"excerpt":{"rendered":"<p>Bose \u306e\u8a73\u7d30\u3092\u8a18\u9332\u3057\u3001Bose \u306e\u8a18\u9332\u3092\u4fdd\u5b58 [\u2026]<\/p>\n","protected":false},"author":33,"featured_media":0,"parent":1201,"menu_order":0,"comment_status":"closed","ping_status":"closed","template":"","meta":{"_acf_changed":false,"ep_exclude_from_search":false,"footnotes":""},"page-category":[],"class_list":["post-3171","page","type-page","status-publish","hentry"],"acf":[],"_links":{"self":[{"href":"https:\/\/boseprofessional.com\/ja\/wp-json\/wp\/v2\/pages\/3171","targetHints":{"allow":["GET"]}}],"collection":[{"href":"https:\/\/boseprofessional.com\/ja\/wp-json\/wp\/v2\/pages"}],"about":[{"href":"https:\/\/boseprofessional.com\/ja\/wp-json\/wp\/v2\/types\/page"}],"author":[{"embeddable":true,"href":"https:\/\/boseprofessional.com\/ja\/wp-json\/wp\/v2\/users\/33"}],"replies":[{"embeddable":true,"href":"https:\/\/boseprofessional.com\/ja\/wp-json\/wp\/v2\/comments?post=3171"}],"version-history":[{"count":3,"href":"https:\/\/boseprofessional.com\/ja\/wp-json\/wp\/v2\/pages\/3171\/revisions"}],"predecessor-version":[{"id":119531,"href":"https:\/\/boseprofessional.com\/ja\/wp-json\/wp\/v2\/pages\/3171\/revisions\/119531"}],"up":[{"embeddable":true,"href":"https:\/\/boseprofessional.com\/ja\/wp-json\/wp\/v2\/pages\/1201"}],"wp:attachment":[{"href":"https:\/\/boseprofessional.com\/ja\/wp-json\/wp\/v2\/media?parent=3171"}],"wp:term":[{"taxonomy":"page-category","embeddable":true,"href":"https:\/\/boseprofessional.com\/ja\/wp-json\/wp\/v2\/page-category?post=3171"}],"curies":[{"name":"wp","href":"https:\/\/api.w.org\/{rel}","templated":true}]}}