{"id":3156,"date":"2023-09-07T15:32:57","date_gmt":"2023-09-07T15:32:57","guid":{"rendered":"https:\/\/uatnew.boseprofessional.com\/?page_id=3156"},"modified":"2024-08-23T16:43:16","modified_gmt":"2024-08-23T16:43:16","slug":"de-lu","status":"publish","type":"page","link":"https:\/\/boseprofessional.com\/ja\/resources\/support\/bms-safety\/de-lu\/","title":{"rendered":"BMS Safety DE-LU"},"content":{"rendered":"\t\t<div data-elementor-type=\"wp-page\" data-elementor-id=\"3156\" class=\"elementor elementor-3156\" data-elementor-post-type=\"page\">\n\t\t\t\t<div data-particle_enable=\"false\" data-particle-mobile-disabled=\"false\" class=\"elementor-element elementor-element-7257ed2b e-flex e-con-boxed e-con e-parent\" data-id=\"7257ed2b\" data-element_type=\"container\" data-settings=\"{&quot;background_background&quot;:&quot;classic&quot;,&quot;shape_divider_bottom&quot;:&quot;opacity-tilt&quot;}\">\n\t\t\t\t\t<div class=\"e-con-inner\">\n\t\t\t\t<div class=\"elementor-shape elementor-shape-bottom\" aria-hidden=\"true\" data-negative=\"false\">\n\t\t\t<svg xmlns=\"http:\/\/www.w3.org\/2000\/svg\" viewbox=\"0 0 2600 131.1\" preserveaspectratio=\"none\">\n\t<path class=\"elementor-shape-fill\" d=\"M0 0L2600 0 2600 69.1 0 0z\"\/>\n\t<path class=\"elementor-shape-fill\" style=\"opacity:0.5\" d=\"M0 0L2600 0 2600 69.1 0 69.1z\"\/>\n\t<path class=\"elementor-shape-fill\" style=\"opacity:0.25\" d=\"M2600 0L0 0 0 130.1 2600 69.1z\"\/>\n<\/svg>\t\t<\/div>\n\t\t\t\t<div class=\"elementor-element elementor-element-51700762 elementor-widget elementor-widget-heading\" data-id=\"51700762\" data-element_type=\"widget\" data-widget_type=\"heading.default\">\n\t\t\t\t<div class=\"elementor-widget-container\">\n\t\t\t\t\t<h1 class=\"elementor-heading-title elementor-size-default\">\u30dc\u30fc\u30ba\u30fb\u30e9\u30a6\u30c8\u30b7\u30e5\u30d7\u30ec\u30d2\u30e3\u30fc\u30fb\u30ea\u30e5\u30c3\u30af\u30eb\u30d5\u3068\u30e2\u30f3\u30bf\u30fc\u30b8\u30e5\u30fb\u30c7\u30fb\u30b7\u30b1\u30eb\u30f3\u30b0\u30b9\u30bb\u30a4\u30eb<\/h1>\t\t\t\t<\/div>\n\t\t\t\t<\/div>\n\t\t\t\t\t<\/div>\n\t\t\t\t<\/div>\n\t\t<div data-particle_enable=\"false\" data-particle-mobile-disabled=\"false\" class=\"elementor-element elementor-element-1edf784c e-flex e-con-boxed e-con e-parent\" data-id=\"1edf784c\" data-element_type=\"container\">\n\t\t\t\t\t<div class=\"e-con-inner\">\n\t\t\t\t<div class=\"elementor-element elementor-element-2c938b16 elementor-widget elementor-widget-image\" data-id=\"2c938b16\" data-element_type=\"widget\" data-widget_type=\"image.default\">\n\t\t\t\t<div class=\"elementor-widget-container\">\n\t\t\t\t\t\t\t\t\t\t\t\t\t\t\t<img fetchpriority=\"high\" decoding=\"async\" width=\"1280\" height=\"440\" src=\"https:\/\/assets.boseprofessional.com\/transform\/e70c180d-4d3e-4142-a589-837bd83357c3\/Hydrocarbons_montage2_Header-png\" class=\"attachment-1536x1536 size-1536x1536 wp-image-20498\" alt=\"\u70ad\u5316\u6c34\u7d20\u30e2\u30f3\u30bf\u30fc\u30b8\u30e5 2 \u30d8\u30c3\u30c0\u30fc\" srcset=\"https:\/\/assets.boseprofessional.com\/transform\/e70c180d-4d3e-4142-a589-837bd83357c3\/Hydrocarbons_montage2_Header-png 1280w, https:\/\/assets.boseprofessional.com\/transform\/e70c180d-4d3e-4142-a589-837bd83357c3\/Hydrocarbons_montage2_Header-png?io=transform:scale,width:150,height:52 150w, https:\/\/assets.boseprofessional.com\/transform\/e70c180d-4d3e-4142-a589-837bd83357c3\/Hydrocarbons_montage2_Header-png?io=transform:scale,width:300,height:103 300w, https:\/\/assets.boseprofessional.com\/transform\/e70c180d-4d3e-4142-a589-837bd83357c3\/Hydrocarbons_montage2_Header-png?io=transform:scale,width:1024,height:352 1024w, https:\/\/assets.boseprofessional.com\/transform\/e70c180d-4d3e-4142-a589-837bd83357c3\/Hydrocarbons_montage2_Header-png?io=transform:scale,width:480,height:165 480w, https:\/\/assets.boseprofessional.com\/transform\/e70c180d-4d3e-4142-a589-837bd83357c3\/Hydrocarbons_montage2_Header-png?io=transform:scale,width:768,height:264 768w, https:\/\/assets.boseprofessional.com\/transform\/e70c180d-4d3e-4142-a589-837bd83357c3\/Hydrocarbons_montage2_Header-png?io=transform:scale,width:100,height:34 100w\" sizes=\"(max-width: 1280px) 100vw, 1280px\" \/>\t\t\t\t\t\t\t\t\t\t\t\t\t\t\t<\/div>\n\t\t\t\t<\/div>\n\t\t\t\t\t<\/div>\n\t\t\t\t<\/div>\n\t\t<div data-particle_enable=\"false\" data-particle-mobile-disabled=\"false\" class=\"elementor-element elementor-element-f68da43 e-flex e-con-boxed e-con e-parent\" data-id=\"f68da43\" data-element_type=\"container\">\n\t\t\t\t\t<div class=\"e-con-inner\">\n\t\t\t\t<div class=\"elementor-element elementor-element-223682a elementor-widget elementor-widget-heading\" data-id=\"223682a\" data-element_type=\"widget\" data-widget_type=\"heading.default\">\n\t\t\t\t<div class=\"elementor-widget-container\">\n\t\t\t\t\t<h2 class=\"elementor-heading-title elementor-size-default\">\u6982\u8981<\/h2>\t\t\t\t<\/div>\n\t\t\t\t<\/div>\n\t\t\t\t<div class=\"elementor-element elementor-element-4155cabf elementor-widget elementor-widget-text-editor\" data-id=\"4155cabf\" data-element_type=\"widget\" data-widget_type=\"text-editor.default\">\n\t\t\t\t<div class=\"elementor-widget-container\">\n\t\t\t\t\t\t\t\t\t<p><strong>Bose ruft alle FreeSpace DS 40F Decken-\/Einbaulautsprecher zur\u00fcck, die vor dem 13. August 2018 hergestellt wurden<\/strong> \u3002 Die Montagevorrichtungen an diesen Lautsprechern k\u00f6nnen bei Installation oder Nutzung brechen, was zum Herunterfallen der Lautsprecher sowie zu Verletzungen f\u00fchren kann. Bisher sind uns 29 F\u00e4lle von heruntergefallenen Lautsprechern sowie ein Fall bekannt, bei dem eine person verletzt wurde.<\/p>\n<p><strong>Dar\u00fcber hinus ist die Montage von Sicherungsseilen in Verbindung mit bestimmten Bose Lautsprechern\u3001einschlie\u00dflich des DS 40F\u3001erforderlich\u3001wenn diese in gewerblichen R\u00e4umlichkeiten mit Kochstellen installiert sind\u3002 Lautsprecher \u3092\u30a4\u30f3\u30b9\u30c8\u30fc\u30eb\u3059\u308b\u305f\u3081\u306e\u7d20\u6674\u3089\u3057\u3044\u4fee\u9053\u5973\u304c\u6b7b\u306b\u307e\u3059<\/strong>\u3002 Sind diese Lautsprecher Speise\u00f6l oder Speise\u00f6ld\u00e4mpfen ausgesetzt, k\u00f6nnen die Montagekomponenten brechen, was zum Herunterfallen der Lautsprecher sowie zu Verletzungen f\u00fchren kann\u3002 Bisher sind uns f\u00fcnf F\u00e4lle von herunterfallenden Lautsprechern sowie ein Fall bekannt, bei dem eine person verletzt wurde.<\/p>\n<p>\u76e3\u7763\u306f\u30dc\u30fc\u30ba\u30fb\u30cf\u30f3\u30c9\u30e9\u30fc\u306e\u8ca9\u58f2\u4ee3\u7406\u5e97\u3067\u3059\u306e\u3067\u3001\u30aa\u30d7\u30b7\u30e7\u30f3\u3092\u4f7f\u7528\u3057\u3066\u3001\u8ca9\u58f2\u4ee3\u7406\u5e97\u3092\u78ba\u8a8d\u3057\u3066\u304f\u3060\u3055\u3044\u3002\u30dc\u30fc\u30ba \u30ab\u30a6\u30d5\u30a7\u30f3\u304b\u3089\u306e\u6307\u793a\u306b\u5f93\u3063\u3066\u3001\u30dc\u30fc\u30ba \u30d8\u30f3\u30c9\u30e9\u30fc\u304b\u3089\u306e\u60c5\u5831\u3092\u53d7\u3051\u53d6\u308a\u307e\u3059\u3002<\/p>\t\t\t\t\t\t\t\t<\/div>\n\t\t\t\t<\/div>\n\t\t\t\t\t<\/div>\n\t\t\t\t<\/div>\n\t\t<div data-particle_enable=\"false\" data-particle-mobile-disabled=\"false\" class=\"elementor-element elementor-element-48154400 e-flex e-con-boxed e-con e-parent\" data-id=\"48154400\" data-element_type=\"container\">\n\t\t\t\t\t<div class=\"e-con-inner\">\n\t\t\t\t<div class=\"elementor-element elementor-element-6d0815e3 elementor-widget elementor-widget-heading\" data-id=\"6d0815e3\" data-element_type=\"widget\" data-widget_type=\"heading.default\">\n\t\t\t\t<div class=\"elementor-widget-container\">\n\t\t\t\t\t<h2 class=\"elementor-heading-title elementor-size-default\">Erstattung &amp; Anspr\u00fcche<\/h2>\t\t\t\t<\/div>\n\t\t\t\t<\/div>\n\t\t\t\t<div class=\"elementor-element elementor-element-59073c86 elementor-widget elementor-widget-text-editor\" data-id=\"59073c86\" data-element_type=\"widget\" data-widget_type=\"text-editor.default\">\n\t\t\t\t<div class=\"elementor-widget-container\">\n\t\t\t\t\t\t\t\t\t<p>\u88fd\u54c1\u306e\u5b89\u5168\u6027\u3001\u88fd\u9020\u65b9\u6cd5\u306e\u8a73\u7d30: <a href=\"https:\/\/www.bosebmssafety.com\/claim\" target=\"_blank\" rel=\"noopener\">BoseBMSsafety.com\/claim<\/a><\/p>\t\t\t\t\t\t\t\t<\/div>\n\t\t\t\t<\/div>\n\t\t\t\t\t<\/div>\n\t\t\t\t<\/div>\n\t\t<div data-particle_enable=\"false\" data-particle-mobile-disabled=\"false\" class=\"elementor-element elementor-element-3e619ab1 e-flex e-con-boxed e-con e-parent\" data-id=\"3e619ab1\" data-element_type=\"container\">\n\t\t\t\t\t<div class=\"e-con-inner\">\n\t\t\t\t<div class=\"elementor-element elementor-element-4797f89b elementor-widget elementor-widget-heading\" data-id=\"4797f89b\" data-element_type=\"widget\" data-widget_type=\"heading.default\">\n\t\t\t\t<div class=\"elementor-widget-container\">\n\t\t\t\t\t<h2 class=\"elementor-heading-title elementor-size-default\">\u30b3\u30df\u30e5\u30cb\u30b1\u30fc\u30b7\u30e7\u30f3<\/h2>\t\t\t\t<\/div>\n\t\t\t\t<\/div>\n\t\t\t\t<div class=\"elementor-element elementor-element-4ec5e6b8 elementor-widget elementor-widget-text-editor\" data-id=\"4ec5e6b8\" data-element_type=\"widget\" data-widget_type=\"text-editor.default\">\n\t\t\t\t<div class=\"elementor-widget-container\">\n\t\t\t\t\t\t\t\t\t<ul><li><a href=\"https:\/\/assets.boseprofessional.com\/m\/3ddc38c21009eb95\/original\/1L_Bose_BMSsafety_Direct_Reseller_de.docx?_gl=1*16ks3x3*_gcl_au*MTIwNTcyNzEyMC4xNzIyNjIyMDg0*_ga*MTYxOTYwNDMyMy4xNzIyNjI1NTAz*_ga_NRTQ4DPXBJ*MTcyNDQzMDUzMS41NC4xLjE3MjQ0MzEyNjMuNTkuMC4w\">Anschreiben f\u00fcr H\u00e4ndler (Tochtergesellschaft im Ausland) 1L<\/a><\/li><li><a href=\"https:\/\/assets.boseprofessional.com\/m\/386ab03c01572e4f\/original\/3L_Bose_BMSsafety_Indirect_Reseller_de.docx?_gl=1*16ks3x3*_gcl_au*MTIwNTcyNzEyMC4xNzIyNjIyMDg0*_ga*MTYxOTYwNDMyMy4xNzIyNjI1NTAz*_ga_NRTQ4DPXBJ*MTcyNDQzMDUzMS41NC4xLjE3MjQ0MzEyNjMuNTkuMC4w\">\u9593\u63a5\u7684\u306a\u30a2\u30f3\u30b7\u30e5\u30e9\u30a4\u30d9\u30f3 \u30cf\u30f3\u30c9\u30e9\u30fc\/\u30f4\u30a3\u30fc\u30c0\u30fc\u30f4\u30a7\u30eb\u30ab\u30a6\u30d5\u30a1\u30fc 3L<\/a><\/li><li><a href=\"https:\/\/assets.boseprofessional.com\/m\/4b286cbf2a33b499\/original\/4L_Bose_BMSsafety_End_User_de.docx?_gl=1*16ks3x3*_gcl_au*MTIwNTcyNzEyMC4xNzIyNjIyMDg0*_ga*MTYxOTYwNDMyMy4xNzIyNjI1NTAz*_ga_NRTQ4DPXBJ*MTcyNDQzMDUzMS41NC4xLjE3MjQ0MzEyNjMuNTkuMC4w\">Anschreiben f\u00fcr Endkunden 4L<\/a><\/li><li><a href=\"https:\/\/assets.boseprofessional.com\/m\/130b4b72ad2e187f\/original\/6A_Bose_BMSsafety_en-xlsx.docx?_gl=1*16ks3x3*_gcl_au*MTIwNTcyNzEyMC4xNzIyNjIyMDg0*_ga*MTYxOTYwNDMyMy4xNzIyNjI1NTAz*_ga_NRTQ4DPXBJ*MTcyNDQzMDUzMS41NC4xLjE3MjQ0MzEyNjMuNTkuMC4w\">Betroffenen \u88fd\u54c1 6A \u306e SKU \u30ea\u30b9\u30c8<\/a><\/li><li><a href=\"https:\/\/assets.boseprofessional.com\/m\/473ee93121bac32f\/original\/Bose_BMS_Safety_UPDATE_New_EdgeMax_SKUs_de.docx?_gl=1*16ks3x3*_gcl_au*MTIwNTcyNzEyMC4xNzIyNjIyMDg0*_ga*MTYxOTYwNDMyMy4xNzIyNjI1NTAz*_ga_NRTQ4DPXBJ*MTcyNDQzMDUzMS41NC4xLjE3MjQ0MzEyNjMuNTkuMC4w\"><strong>AKTUALISIERUNG<\/strong> : 2019 \u5e74 10 \u6708 10 \u65e5 \u2013 \u65b0\u3057\u3044\u82b8\u8853\u4f5c\u54c1EdgeMax \u6717\u8aad\u5bb6<\/a><\/li><li><a href=\"https:\/\/assets.boseprofessional.com\/m\/732bd90022456fdb\/original\/Bose_BMS_Safety_UPDATE_New_FS3_SKUs_de.docx?_gl=1*hazpza*_gcl_au*MTIwNTcyNzEyMC4xNzIyNjIyMDg0*_ga*MTYxOTYwNDMyMy4xNzIyNjI1NTAz*_ga_NRTQ4DPXBJ*MTcyNDQzMDUzMS41NC4xLjE3MjQ0MzEyNjMuNTkuMC4w\"><strong>AKTUALISIERUNG<\/strong> : 2020 \u5e74 2 \u6708 20 \u65e5 \u2013 Neue FreeSpace\u00a03\u3064\u306eSKU<\/a><\/li><\/ul>\t\t\t\t\t\t\t\t<\/div>\n\t\t\t\t<\/div>\n\t\t\t\t\t<\/div>\n\t\t\t\t<\/div>\n\t\t<div data-particle_enable=\"false\" data-particle-mobile-disabled=\"false\" class=\"elementor-element elementor-element-7c41ddae e-flex e-con-boxed e-con e-parent\" data-id=\"7c41ddae\" data-element_type=\"container\">\n\t\t\t\t\t<div class=\"e-con-inner\">\n\t\t\t\t<div class=\"elementor-element elementor-element-621b81b0 elementor-widget elementor-widget-heading\" data-id=\"621b81b0\" data-element_type=\"widget\" data-widget_type=\"heading.default\">\n\t\t\t\t<div class=\"elementor-widget-container\">\n\t\t\t\t\t<h2 class=\"elementor-heading-title elementor-size-default\">H\u00e4ufig gestellte Fragen<\/h2>\t\t\t\t<\/div>\n\t\t\t\t<\/div>\n\t\t\t\t<div class=\"elementor-element elementor-element-78a52361 elementor-widget elementor-widget-text-editor\" data-id=\"78a52361\" data-element_type=\"widget\" data-widget_type=\"text-editor.default\">\n\t\t\t\t<div class=\"elementor-widget-container\">\n\t\t\t\t\t\t\t\t\t<ul><li><a href=\"https:\/\/assets.boseprofessional.com\/m\/34ce2c84ddf9255f\/original\/1F_Bose_BMSsafety_Reseller_FAQ_de.docx?_gl=1*hazpza*_gcl_au*MTIwNTcyNzEyMC4xNzIyNjIyMDg0*_ga*MTYxOTYwNDMyMy4xNzIyNjI1NTAz*_ga_NRTQ4DPXBJ*MTcyNDQzMDUzMS41NC4xLjE3MjQ0MzEyNjMuNTkuMC4w\">\u30d5\u30a1\u30fc\u30fb\u30d8\u30f3\u30c9\u30e9\u30fc 1F<\/a><\/li><li><a href=\"https:\/\/assets.boseprofessional.com\/m\/2b5521f03a4c4a3f\/original\/2F_Bose_BMSsafety_End_User_FAQ_de.docx?_gl=1*hazpza*_gcl_au*MTIwNTcyNzEyMC4xNzIyNjIyMDg0*_ga*MTYxOTYwNDMyMy4xNzIyNjI1NTAz*_ga_NRTQ4DPXBJ*MTcyNDQzMDUzMS41NC4xLjE3MjQ0MzEyNjMuNTkuMC4w\">\u30a8\u30f3\u30c9\u30ab\u30b9\u30bf\u30de\u30fc\u5411\u3051 2F<\/a><\/li><\/ul>\t\t\t\t\t\t\t\t<\/div>\n\t\t\t\t<\/div>\n\t\t\t\t\t<\/div>\n\t\t\t\t<\/div>\n\t\t<div data-particle_enable=\"false\" data-particle-mobile-disabled=\"false\" class=\"elementor-element elementor-element-4c7c47c3 e-flex e-con-boxed e-con e-parent\" data-id=\"4c7c47c3\" data-element_type=\"container\">\n\t\t\t\t\t<div class=\"e-con-inner\">\n\t\t\t\t<div class=\"elementor-element elementor-element-6fe4c495 elementor-widget elementor-widget-heading\" data-id=\"6fe4c495\" data-element_type=\"widget\" data-widget_type=\"heading.default\">\n\t\t\t\t<div class=\"elementor-widget-container\">\n\t\t\t\t\t<h2 class=\"elementor-heading-title elementor-size-default\">\u8aac\u660e\u66f8<\/h2>\t\t\t\t<\/div>\n\t\t\t\t<\/div>\n\t\t\t\t<div class=\"elementor-element elementor-element-67bb9d9f elementor-widget elementor-widget-text-editor\" data-id=\"67bb9d9f\" data-element_type=\"widget\" data-widget_type=\"text-editor.default\">\n\t\t\t\t<div class=\"elementor-widget-container\">\n\t\t\t\t\t\t\t\t\t<ul><li><a href=\"https:\/\/assets.boseprofessional.com\/m\/5a8b32eed68ec00e\/original\/ig_safetycable_5-5x8-5.pdf?_gl=1*hazpza*_gcl_au*MTIwNTcyNzEyMC4xNzIyNjIyMDg0*_ga*MTYxOTYwNDMyMy4xNzIyNjI1NTAz*_ga_NRTQ4DPXBJ*MTcyNDQzMDUzMS41NC4xLjE3MjQ0MzEyNjMuNTkuMC4w\">Sicherungsseile \u306e\u30a4\u30f3\u30b9\u30bf\u30ec\u30fc\u30b7\u30e7\u30f3<\/a><\/li><li><a href=\"https:\/\/assets.boseprofessional.com\/m\/6afa4528e7f2a010\/original\/uig_freespace_ds40f.pdf?_gl=1*hazpza*_gcl_au*MTIwNTcyNzEyMC4xNzIyNjIyMDg0*_ga*MTYxOTYwNDMyMy4xNzIyNjI1NTAz*_ga_NRTQ4DPXBJ*MTcyNDQzMDUzMS41NC4xLjE3MjQ0MzEyNjMuNTkuMC4w\">FreeSpace DS 40F \u30c7\u30e2\u30ac\u30a4\u30c9<\/a><\/li><\/ul>\t\t\t\t\t\t\t\t<\/div>\n\t\t\t\t<\/div>\n\t\t\t\t\t<\/div>\n\t\t\t\t<\/div>\n\t\t<div data-particle_enable=\"false\" data-particle-mobile-disabled=\"false\" class=\"elementor-element elementor-element-3d911fdf e-flex e-con-boxed e-con e-parent\" data-id=\"3d911fdf\" data-element_type=\"container\">\n\t\t\t\t\t<div class=\"e-con-inner\">\n\t\t\t\t<div class=\"elementor-element elementor-element-4e77abbe elementor-widget elementor-widget-heading\" data-id=\"4e77abbe\" data-element_type=\"widget\" data-widget_type=\"heading.default\">\n\t\t\t\t<div class=\"elementor-widget-container\">\n\t\t\t\t\t<h2 class=\"elementor-heading-title elementor-size-default\">\u88fd\u54c1\u306e\u4ed5\u69d8<\/h2>\t\t\t\t<\/div>\n\t\t\t\t<\/div>\n\t\t\t\t<div class=\"elementor-element elementor-element-6abd6ca0 elementor-widget elementor-widget-text-editor\" data-id=\"6abd6ca0\" data-element_type=\"widget\" data-widget_type=\"text-editor.default\">\n\t\t\t\t<div class=\"elementor-widget-container\">\n\t\t\t\t\t\t\t\t\t<ul><li><a href=\"https:\/\/assets.boseprofessional.com\/m\/489f2b42744f4ab\/original\/1T_Return_Shipping_Form_de.xlsx?_gl=1*1t1fyi0*_gcl_au*MTIwNTcyNzEyMC4xNzIyNjIyMDg0*_ga*MTYxOTYwNDMyMy4xNzIyNjI1NTAz*_ga_NRTQ4DPXBJ*MTcyNDQzMDUzMS41NC4xLjE3MjQ0MzEzODAuNjAuMC4w\">\u623b\u308a\u5024<\/a><\/li><li><a href=\"mailto:DS40.recall@boseprofessional.com\">DS40.recall@boseprofessional.com<\/a><\/li><\/ul>\t\t\t\t\t\t\t\t<\/div>\n\t\t\t\t<\/div>\n\t\t\t\t\t<\/div>\n\t\t\t\t<\/div>\n\t\t<div data-particle_enable=\"false\" data-particle-mobile-disabled=\"false\" class=\"elementor-element elementor-element-5e84d3a9 e-flex e-con-boxed e-con e-parent\" data-id=\"5e84d3a9\" data-element_type=\"container\">\n\t\t\t\t\t<div class=\"e-con-inner\">\n\t\t\t\t<div class=\"elementor-element elementor-element-ac5647d elementor-widget elementor-widget-heading\" data-id=\"ac5647d\" data-element_type=\"widget\" data-widget_type=\"heading.default\">\n\t\t\t\t<div class=\"elementor-widget-container\">\n\t\t\t\t\t<h2 class=\"elementor-heading-title elementor-size-default\">\u304a\u554f\u3044\u5408\u308f\u305b<\/h2>\t\t\t\t<\/div>\n\t\t\t\t<\/div>\n\t\t\t\t<div class=\"elementor-element elementor-element-712a6e6c elementor-widget elementor-widget-text-editor\" data-id=\"712a6e6c\" data-element_type=\"widget\" data-widget_type=\"text-editor.default\">\n\t\t\t\t<div class=\"elementor-widget-container\">\n\t\t\t\t\t\t\t\t\t<p style=\"text-align: center; margin-bottom: 0px;\"><strong>\u30a2\u30a4\u30cd\u30f3Bose Professional Vertriebsmitarbeiter kontaktieren<\/strong><\/p>\t\t\t\t\t\t\t\t<\/div>\n\t\t\t\t<\/div>\n\t\t\t\t<div class=\"elementor-element elementor-element-504841cc elementor-align-center elementor-widget elementor-widget-button\" data-id=\"504841cc\" data-element_type=\"widget\" data-widget_type=\"button.default\">\n\t\t\t\t<div class=\"elementor-widget-container\">\n\t\t\t\t\t\t\t\t\t<div class=\"elementor-button-wrapper\">\n\t\t\t\t\t<a class=\"elementor-button elementor-button-link elementor-size-sm elementor-animation-shrink\" href=\"\/ja\/global-sales-offices\/\">\n\t\t\t\t\t\t<span class=\"elementor-button-content-wrapper\">\n\t\t\t\t\t\t\t\t\t<span class=\"elementor-button-text\">\u304a\u554f\u3044\u5408\u308f\u305b<\/span>\n\t\t\t\t\t<\/span>\n\t\t\t\t\t<\/a>\n\t\t\t\t<\/div>\n\t\t\t\t\t\t\t\t<\/div>\n\t\t\t\t<\/div>\n\t\t\t\t\t<\/div>\n\t\t\t\t<\/div>\n\t\t\t\t<\/div>\n\t\t","protected":false},"excerpt":{"rendered":"<p>Bose Lautsprecher R\u00fcckruf &amp; Montage des Sicherungsseils \u00dcbersicht Bose ruft alle FreeSpace DS 40F \u30c7\u30c3\u30b1\u30f3 [\u2026]<\/p>\n","protected":false},"author":33,"featured_media":0,"parent":1201,"menu_order":0,"comment_status":"closed","ping_status":"closed","template":"","meta":{"_acf_changed":false,"ep_exclude_from_search":false,"footnotes":""},"page-category":[],"class_list":["post-3156","page","type-page","status-publish","hentry"],"acf":[],"_links":{"self":[{"href":"https:\/\/boseprofessional.com\/ja\/wp-json\/wp\/v2\/pages\/3156","targetHints":{"allow":["GET"]}}],"collection":[{"href":"https:\/\/boseprofessional.com\/ja\/wp-json\/wp\/v2\/pages"}],"about":[{"href":"https:\/\/boseprofessional.com\/ja\/wp-json\/wp\/v2\/types\/page"}],"author":[{"embeddable":true,"href":"https:\/\/boseprofessional.com\/ja\/wp-json\/wp\/v2\/users\/33"}],"replies":[{"embeddable":true,"href":"https:\/\/boseprofessional.com\/ja\/wp-json\/wp\/v2\/comments?post=3156"}],"version-history":[{"count":3,"href":"https:\/\/boseprofessional.com\/ja\/wp-json\/wp\/v2\/pages\/3156\/revisions"}],"predecessor-version":[{"id":119171,"href":"https:\/\/boseprofessional.com\/ja\/wp-json\/wp\/v2\/pages\/3156\/revisions\/119171"}],"up":[{"embeddable":true,"href":"https:\/\/boseprofessional.com\/ja\/wp-json\/wp\/v2\/pages\/1201"}],"wp:attachment":[{"href":"https:\/\/boseprofessional.com\/ja\/wp-json\/wp\/v2\/media?parent=3156"}],"wp:term":[{"taxonomy":"page-category","embeddable":true,"href":"https:\/\/boseprofessional.com\/ja\/wp-json\/wp\/v2\/page-category?post=3156"}],"curies":[{"name":"wp","href":"https:\/\/api.w.org\/{rel}","templated":true}]}}