{"id":2816,"date":"2023-09-07T02:50:17","date_gmt":"2023-09-07T02:50:17","guid":{"rendered":"https:\/\/uatnew.boseprofessional.com\/?page_id=2816"},"modified":"2024-08-27T14:10:40","modified_gmt":"2024-08-27T14:10:40","slug":"da-dk","status":"publish","type":"page","link":"https:\/\/boseprofessional.com\/ja\/resources\/support\/bms-safety\/da-dk\/","title":{"rendered":"BMS Safety DA-DK"},"content":{"rendered":"\t\t<div data-elementor-type=\"wp-page\" data-elementor-id=\"2816\" class=\"elementor elementor-2816\" data-elementor-post-type=\"page\">\n\t\t\t\t<div data-particle_enable=\"false\" data-particle-mobile-disabled=\"false\" class=\"elementor-element elementor-element-207bf7d e-flex e-con-boxed e-con e-parent\" data-id=\"207bf7d\" data-element_type=\"container\" data-settings=\"{&quot;background_background&quot;:&quot;classic&quot;,&quot;shape_divider_bottom&quot;:&quot;opacity-tilt&quot;}\">\n\t\t\t\t\t<div class=\"e-con-inner\">\n\t\t\t\t<div class=\"elementor-shape elementor-shape-bottom\" aria-hidden=\"true\" data-negative=\"false\">\n\t\t\t<svg xmlns=\"http:\/\/www.w3.org\/2000\/svg\" viewbox=\"0 0 2600 131.1\" preserveaspectratio=\"none\">\n\t<path class=\"elementor-shape-fill\" d=\"M0 0L2600 0 2600 69.1 0 0z\"\/>\n\t<path class=\"elementor-shape-fill\" style=\"opacity:0.5\" d=\"M0 0L2600 0 2600 69.1 0 69.1z\"\/>\n\t<path class=\"elementor-shape-fill\" style=\"opacity:0.25\" d=\"M2600 0L0 0 0 130.1 2600 69.1z\"\/>\n<\/svg>\t\t<\/div>\n\t\t\t\t<div class=\"elementor-element elementor-element-201cfb71 elementor-widget elementor-widget-heading\" data-id=\"201cfb71\" data-element_type=\"widget\" data-widget_type=\"heading.default\">\n\t\t\t\t<div class=\"elementor-widget-container\">\n\t\t\t\t\t<h1 class=\"elementor-heading-title elementor-size-default\">\u30c6\u30a3\u30eb\u30d0\u30b2\u30ab\u30eb\u30c7\u30eb\u30bb\u3068\u30dc\u30fc\u30ba\u30fb\u30db\u30a4\u30c3\u30bf\u30e9\u30fc\u306e\u30b7\u30c3\u30ab\u30fc\u30d8\u30c3\u30ba\u30ab\u30d9\u30eb\u306e\u89b3\u5bdf\n<\/h1>\t\t\t\t<\/div>\n\t\t\t\t<\/div>\n\t\t\t\t\t<\/div>\n\t\t\t\t<\/div>\n\t\t<div data-particle_enable=\"false\" data-particle-mobile-disabled=\"false\" class=\"elementor-element elementor-element-1ba0c53c e-flex e-con-boxed e-con e-parent\" data-id=\"1ba0c53c\" data-element_type=\"container\">\n\t\t\t\t\t<div class=\"e-con-inner\">\n\t\t\t\t<div class=\"elementor-element elementor-element-11795bcf elementor-widget elementor-widget-image\" data-id=\"11795bcf\" data-element_type=\"widget\" data-widget_type=\"image.default\">\n\t\t\t\t<div class=\"elementor-widget-container\">\n\t\t\t\t\t\t\t\t\t\t\t\t\t\t\t<img fetchpriority=\"high\" decoding=\"async\" width=\"1280\" height=\"440\" src=\"https:\/\/assets.boseprofessional.com\/transform\/e70c180d-4d3e-4142-a589-837bd83357c3\/Hydrocarbons_montage2_Header-png\" class=\"attachment-1536x1536 size-1536x1536 wp-image-20498\" alt=\"\u70ad\u5316\u6c34\u7d20\u30e2\u30f3\u30bf\u30fc\u30b8\u30e5 2 \u30d8\u30c3\u30c0\u30fc\" srcset=\"https:\/\/assets.boseprofessional.com\/transform\/e70c180d-4d3e-4142-a589-837bd83357c3\/Hydrocarbons_montage2_Header-png 1280w, https:\/\/assets.boseprofessional.com\/transform\/e70c180d-4d3e-4142-a589-837bd83357c3\/Hydrocarbons_montage2_Header-png?io=transform:scale,width:150,height:52 150w, https:\/\/assets.boseprofessional.com\/transform\/e70c180d-4d3e-4142-a589-837bd83357c3\/Hydrocarbons_montage2_Header-png?io=transform:scale,width:300,height:103 300w, https:\/\/assets.boseprofessional.com\/transform\/e70c180d-4d3e-4142-a589-837bd83357c3\/Hydrocarbons_montage2_Header-png?io=transform:scale,width:1024,height:352 1024w, https:\/\/assets.boseprofessional.com\/transform\/e70c180d-4d3e-4142-a589-837bd83357c3\/Hydrocarbons_montage2_Header-png?io=transform:scale,width:480,height:165 480w, https:\/\/assets.boseprofessional.com\/transform\/e70c180d-4d3e-4142-a589-837bd83357c3\/Hydrocarbons_montage2_Header-png?io=transform:scale,width:768,height:264 768w, https:\/\/assets.boseprofessional.com\/transform\/e70c180d-4d3e-4142-a589-837bd83357c3\/Hydrocarbons_montage2_Header-png?io=transform:scale,width:100,height:34 100w\" sizes=\"(max-width: 1280px) 100vw, 1280px\" \/>\t\t\t\t\t\t\t\t\t\t\t\t\t\t\t<\/div>\n\t\t\t\t<\/div>\n\t\t\t\t\t<\/div>\n\t\t\t\t<\/div>\n\t\t<div data-particle_enable=\"false\" data-particle-mobile-disabled=\"false\" class=\"elementor-element elementor-element-15d8e95c e-flex e-con-boxed e-con e-parent\" data-id=\"15d8e95c\" data-element_type=\"container\">\n\t\t\t\t\t<div class=\"e-con-inner\">\n\t\t\t\t<div class=\"elementor-element elementor-element-3fb4f486 elementor-widget elementor-widget-heading\" data-id=\"3fb4f486\" data-element_type=\"widget\" data-widget_type=\"heading.default\">\n\t\t\t\t<div class=\"elementor-widget-container\">\n\t\t\t\t\t<h2 class=\"elementor-heading-title elementor-size-default\">\u76e3\u7763<\/h2>\t\t\t\t<\/div>\n\t\t\t\t<\/div>\n\t\t\t\t<div class=\"elementor-element elementor-element-3e2958e5 elementor-widget elementor-widget-text-editor\" data-id=\"3e2958e5\" data-element_type=\"widget\" data-widget_type=\"text-editor.default\">\n\t\t\t\t<div class=\"elementor-widget-container\">\n\t\t\t\t\t\t\t\t\t<p><strong>2018 \u5e74 8 \u6708 13 \u65e5\u307e\u3067\u3001Bose \u306fFreeSpace DS 40F \u306e\u30ed\u30d5\u30c8\u30b7\u30e7\u30fc\u3092\u3059\u3079\u3066\u898b\u3066\u3044\u307e\u3057\u305f<\/strong>\u3002\u79c1\u306f\u3001\u533b\u5e2b\u306e\u8a3a\u5bdf\u3092\u53d7\u3051\u308b\u307e\u3067\u3001\u533b\u7642\u6a5f\u95a2\u306e\u76e3\u8996\u3084\u533b\u7642\u306e\u30a4\u30f3\u30b9\u30c8\u30fc\u30eb\u3092\u7981\u6b62\u3057\u307e\u3059\u3002 29 \u6642\u9593\u4ee5\u5185\u306b\u30d3\u30c7\u30aa\u3092\u8996\u8074\u3057\u3001\u60c5\u5831\u3092\u78ba\u8a8d\u3057\u3001\u4eba\u304c\u53c2\u52a0\u3059\u308b\u307e\u3067\u306e\u6642\u9593\u3092\u78ba\u8a8d\u3057\u3066\u304f\u3060\u3055\u3044\u3002<\/p>\n<p><strong>Bose \u306f\u3001Bose-h\u00f8jttalere\u3001herunder DS 40F\u3001\u3044\u304f\u3064\u304b\u306e\u30a4\u30f3\u30b9\u30c8\u30fc\u30eb\u3092\u5b9f\u884c\u3059\u308b\u305f\u3081\u306b\u3001sikkerhedskabler \u3092\u76e3\u8996\u3057\u3066\u3044\u307e\u3059\u3002\u30a4\u30f3\u30b9\u30c8\u30fc\u30eb\u4f5c\u696d\u3092\u5b8c\u4e86\u3057\u3066\u304f\u3060\u3055\u3044<\/strong>\u3002\u76e3\u8996\u30b7\u30b9\u30c6\u30e0\u306f\u3001\u30de\u30c3\u30c9\u30e9\u30f4\u30cb\u30f3\u30b0 \u30bd\u30ea\u30e5\u30fc\u30b7\u30e7\u30f3\u306e\u8a73\u7d30\u3092\u78ba\u8a8d\u3057\u3001\u554f\u984c\u3092\u89e3\u6c7a\u3059\u308b\u305f\u3081\u306b\u5fc5\u8981\u306a\u60c5\u5831\u3092\u63d0\u4f9b\u3057\u307e\u3059\u3002\u7d50\u679c\u306f\u79c1\u3001h\u00f8jttalerne falder ned\u3067\u3001hvilket kan medf\u00f8re alvorlige skader\u3067\u3059\u3002\u30d3\u30c7\u30aa\u3092\u898b\u3066\u3001\u5973\u6027\u306e\u610f\u898b\u3092\u805e\u3044\u3066\u3001\u60c5\u5831\u3092\u78ba\u8a8d\u3057\u3001\u4eba\u304c\u53c2\u52a0\u3059\u308b\u307e\u3067\u306e\u6642\u9593\u3092\u78ba\u8a8d\u3057\u3066\u304f\u3060\u3055\u3044\u3002<\/p>\n<p>Hvis du er direkte Bose-forhandler eller -distributor\u3001skal du v\u00e6lge blandt mulighederne nedenfor. Hvis du ikke k\u00f8ber h\u00f8jttalere direkte fra Bose, bedes du kontakte din Bose-forhandler for yderligere oplysninger.<\/p>\t\t\t\t\t\t\t\t<\/div>\n\t\t\t\t<\/div>\n\t\t\t\t\t<\/div>\n\t\t\t\t<\/div>\n\t\t<div data-particle_enable=\"false\" data-particle-mobile-disabled=\"false\" class=\"elementor-element elementor-element-252a46c5 e-flex e-con-boxed e-con e-parent\" data-id=\"252a46c5\" data-element_type=\"container\">\n\t\t\t\t\t<div class=\"e-con-inner\">\n\t\t\t\t<div class=\"elementor-element elementor-element-6fada646 elementor-widget elementor-widget-heading\" data-id=\"6fada646\" data-element_type=\"widget\" data-widget_type=\"heading.default\">\n\t\t\t\t<div class=\"elementor-widget-container\">\n\t\t\t\t\t<h2 class=\"elementor-heading-title elementor-size-default\">Anmodning og krav<\/h2>\t\t\t\t<\/div>\n\t\t\t\t<\/div>\n\t\t\t\t<div class=\"elementor-element elementor-element-5f4d476a elementor-widget elementor-widget-text-editor\" data-id=\"5f4d476a\" data-element_type=\"widget\" data-widget_type=\"text-editor.default\">\n\t\t\t\t<div class=\"elementor-widget-container\">\n\t\t\t\t\t\t\t\t\t<p>\u88fd\u9020\u88fd\u54c1\u306e\u7ba1\u7406\u3001\u8cac\u4efb\u306e\u88dc\u511f: <a href=\"https:\/\/www.bosebmssafety.com\/claim\" target=\"_blank\" rel=\"noopener\">BoseBMSsafety.com\/claim<\/a><\/p>\t\t\t\t\t\t\t\t<\/div>\n\t\t\t\t<\/div>\n\t\t\t\t\t<\/div>\n\t\t\t\t<\/div>\n\t\t<div data-particle_enable=\"false\" data-particle-mobile-disabled=\"false\" class=\"elementor-element elementor-element-750fbd98 e-flex e-con-boxed e-con e-parent\" data-id=\"750fbd98\" data-element_type=\"container\">\n\t\t\t\t\t<div class=\"e-con-inner\">\n\t\t\t\t<div class=\"elementor-element elementor-element-1c040c5b elementor-widget elementor-widget-heading\" data-id=\"1c040c5b\" data-element_type=\"widget\" data-widget_type=\"heading.default\">\n\t\t\t\t<div class=\"elementor-widget-container\">\n\t\t\t\t\t<h2 class=\"elementor-heading-title elementor-size-default\">\u30b3\u30df\u30e5\u30cb\u30b1\u30fc\u30b7\u30e7\u30f3<\/h2>\t\t\t\t<\/div>\n\t\t\t\t<\/div>\n\t\t\t\t<div class=\"elementor-element elementor-element-3b33ae30 elementor-widget elementor-widget-text-editor\" data-id=\"3b33ae30\" data-element_type=\"widget\" data-widget_type=\"text-editor.default\">\n\t\t\t\t<div class=\"elementor-widget-container\">\n\t\t\t\t\t\t\t\t\t<ul><li><a href=\"https:\/\/assets.boseprofessional.com\/m\/3f6cebc995cf3b9d\/original\/1L_Bose_BMSsafety_Direct_Reseller_da.docx?_gl=1*4fc4dv*_gcl_au*MTIwNTcyNzEyMC4xNzIyNjIyMDg0*_ga*MTYxOTYwNDMyMy4xNzIyNjI1NTAz*_ga_NRTQ4DPXBJ*MTcyNDQxNjEzMy41My4xLjE3MjQ0MTc0ODcuNjAuMC4w\">Brev til direkte forhandler (datterselskab) 1L<\/a><\/li><li><a href=\"https:\/\/assets.boseprofessional.com\/m\/7e731765ae681f7\/original\/3L_Bose_BMSsafety_Indirect_Reseller_da.docx?_gl=1*u9o24c*_gcl_au*MTIwNTcyNzEyMC4xNzIyNjIyMDg0*_ga*MTYxOTYwNDMyMy4xNzIyNjI1NTAz*_ga_NRTQ4DPXBJ*MTcyNDQxNjEzMy41My4xLjE3MjQ0MTc0ODcuNjAuMC4w\">Brev til indirekte forhandler\/trin 2-forhandler 3L<\/a><\/li><li><a href=\"https:\/\/assets.boseprofessional.com\/m\/2bba20a26f060eaa\/original\/4L_Bose_BMSsafety_End_User_da.docx?_gl=1*u9o24c*_gcl_au*MTIwNTcyNzEyMC4xNzIyNjIyMDg0*_ga*MTYxOTYwNDMyMy4xNzIyNjI1NTAz*_ga_NRTQ4DPXBJ*MTcyNDQxNjEzMy41My4xLjE3MjQ0MTc0ODcuNjAuMC4w\">\u30b9\u30eb\u30c8\u30d6\u30eb\u30ac\u30fc\u30d6\u30ec\u30d5 4L<\/a><\/li><li><a href=\"https:\/\/assets.boseprofessional.com\/m\/130b4b72ad2e187f\/original\/6A_Bose_BMSsafety_en-xlsx.docx\">\u30d9\u30ed\u30a2\u88fd\u54c1 6A \u4e0a\u306e\u30f4\u30a1\u30ec\u30ea\u30b9\u30c8<\/a><\/li><li><a href=\"https:\/\/assets.boseprofessional.com\/m\/8330edb9d7d5bc3\/original\/Bose_BMS_Safety_UPDATE_New_EdgeMax_SKUs_da.docx?_gl=1*16yqtsg*_gcl_au*MTIwNTcyNzEyMC4xNzIyNjIyMDg0*_ga*MTYxOTYwNDMyMy4xNzIyNjI1NTAz*_ga_NRTQ4DPXBJ*MTcyNDQxNjEzMy41My4xLjE3MjQ0MTc0ODcuNjAuMC4w\"><strong>\u624b\u8853<\/strong>\uff1a2019\u5e7410\u6708 \u2013 \u30ca\u30a4EdgeMax -SKU\u62c5\u5f53\u8005<\/a><\/li><li><a href=\"https:\/\/assets.boseprofessional.com\/m\/2daab4e85b1a2457\/original\/Bose_BMS_Safety_UPDATE_New_FS3_SKUs_da.docx?_gl=1*16yqtsg*_gcl_au*MTIwNTcyNzEyMC4xNzIyNjIyMDg0*_ga*MTYxOTYwNDMyMy4xNzIyNjI1NTAz*_ga_NRTQ4DPXBJ*MTcyNDQxNjEzMy41My4xLjE3MjQ0MTc0ODcuNjAuMC4w\"><strong>\u624b\u8853<\/strong>: 2020 \u5e74 2 \u6708 \u2013 \u30ca\u30a4FreeSpace\u00a03 SKU<\/a><\/li><\/ul>\t\t\t\t\t\t\t\t<\/div>\n\t\t\t\t<\/div>\n\t\t\t\t\t<\/div>\n\t\t\t\t<\/div>\n\t\t<div data-particle_enable=\"false\" data-particle-mobile-disabled=\"false\" class=\"elementor-element elementor-element-69784b91 e-flex e-con-boxed e-con e-parent\" data-id=\"69784b91\" data-element_type=\"container\">\n\t\t\t\t\t<div class=\"e-con-inner\">\n\t\t\t\t<div class=\"elementor-element elementor-element-2bdd636e elementor-widget elementor-widget-heading\" data-id=\"2bdd636e\" data-element_type=\"widget\" data-widget_type=\"heading.default\">\n\t\t\t\t<div class=\"elementor-widget-container\">\n\t\t\t\t\t<h2 class=\"elementor-heading-title elementor-size-default\">Ofte stillede sp\u00f8rgsm\u00e5l<\/h2>\t\t\t\t<\/div>\n\t\t\t\t<\/div>\n\t\t\t\t<div class=\"elementor-element elementor-element-b312605 elementor-widget elementor-widget-text-editor\" data-id=\"b312605\" data-element_type=\"widget\" data-widget_type=\"text-editor.default\">\n\t\t\t\t<div class=\"elementor-widget-container\">\n\t\t\t\t\t\t\t\t\t<ul><li><a href=\"https:\/\/assets.boseprofessional.com\/m\/39806a68edb68bf8\/original\/1F_Bose_BMSsafety_Reseller_FAQ_da.docx?_gl=1*16yqtsg*_gcl_au*MTIwNTcyNzEyMC4xNzIyNjIyMDg0*_ga*MTYxOTYwNDMyMy4xNzIyNjI1NTAz*_ga_NRTQ4DPXBJ*MTcyNDQxNjEzMy41My4xLjE3MjQ0MTc0ODcuNjAuMC4w\">1F \u53d6\u6271\u5e97<\/a><\/li><li><a href=\"https:\/\/assets.boseprofessional.com\/m\/3f2705d6d1be5579\/original\/2F_Bose_BMSsafety_End_User_FAQ_da.docx?_gl=1*16yqtsg*_gcl_au*MTIwNTcyNzEyMC4xNzIyNjIyMDg0*_ga*MTYxOTYwNDMyMy4xNzIyNjI1NTAz*_ga_NRTQ4DPXBJ*MTcyNDQxNjEzMy41My4xLjE3MjQ0MTc0ODcuNjAuMC4w\">slutbrugere 2F<\/a><\/li><\/ul>\t\t\t\t\t\t\t\t<\/div>\n\t\t\t\t<\/div>\n\t\t\t\t\t<\/div>\n\t\t\t\t<\/div>\n\t\t<div data-particle_enable=\"false\" data-particle-mobile-disabled=\"false\" class=\"elementor-element elementor-element-2f8a407c e-flex e-con-boxed e-con e-parent\" data-id=\"2f8a407c\" data-element_type=\"container\">\n\t\t\t\t\t<div class=\"e-con-inner\">\n\t\t\t\t<div class=\"elementor-element elementor-element-3badc7f elementor-widget elementor-widget-heading\" data-id=\"3badc7f\" data-element_type=\"widget\" data-widget_type=\"heading.default\">\n\t\t\t\t<div class=\"elementor-widget-container\">\n\t\t\t\t\t<h2 class=\"elementor-heading-title elementor-size-default\">\u30f4\u30a7\u30a4\u30ec\u30c9\u30cb\u30f3\u30ac\u30fc<\/h2>\t\t\t\t<\/div>\n\t\t\t\t<\/div>\n\t\t\t\t<div class=\"elementor-element elementor-element-2058809 elementor-widget elementor-widget-text-editor\" data-id=\"2058809\" data-element_type=\"widget\" data-widget_type=\"text-editor.default\">\n\t\t\t\t<div class=\"elementor-widget-container\">\n\t\t\t\t\t\t\t\t\t<ul><li><a href=\"https:\/\/assets.boseprofessional.com\/m\/5a8b32eed68ec00e\/original\/ig_safetycable_5-5x8-5.pdf?_gl=1*16yqtsg*_gcl_au*MTIwNTcyNzEyMC4xNzIyNjIyMDg0*_ga*MTYxOTYwNDMyMy4xNzIyNjI1NTAz*_ga_NRTQ4DPXBJ*MTcyNDQxNjEzMy41My4xLjE3MjQ0MTc0ODcuNjAuMC4w\">sikkerhedskabel \u306e\u8a2d\u7f6e\u307e\u3067\u306e Vejledning<\/a><\/li><li><a href=\"https:\/\/assets.boseprofessional.com\/m\/6afa4528e7f2a010\/original\/uig_freespace_ds40f.pdf?_gl=1*1wvm21r*_gcl_au*MTIwNTcyNzEyMC4xNzIyNjIyMDg0*_ga*MTYxOTYwNDMyMy4xNzIyNjI1NTAz*_ga_NRTQ4DPXBJ*MTcyNDQxNjEzMy41My4xLjE3MjQ0MTc0ODcuNjAuMC4w\">\u30a4\u30f3\u30b9\u30c8\u30fc\u30eb\u307e\u3067\u306e\u30f4\u30a1\u30a4\u30ec\u30c9\u30cb\u30f3\u30b0FreeSpace DS 40F<\/a><\/li><\/ul>\t\t\t\t\t\t\t\t<\/div>\n\t\t\t\t<\/div>\n\t\t\t\t\t<\/div>\n\t\t\t\t<\/div>\n\t\t<div data-particle_enable=\"false\" data-particle-mobile-disabled=\"false\" class=\"elementor-element elementor-element-279fe2c7 e-flex e-con-boxed e-con e-parent\" data-id=\"279fe2c7\" data-element_type=\"container\">\n\t\t\t\t\t<div class=\"e-con-inner\">\n\t\t\t\t<div class=\"elementor-element elementor-element-141629b0 elementor-widget elementor-widget-heading\" data-id=\"141629b0\" data-element_type=\"widget\" data-widget_type=\"heading.default\">\n\t\t\t\t<div class=\"elementor-widget-container\">\n\t\t\t\t\t<h2 class=\"elementor-heading-title elementor-size-default\">\u88fd\u54c1\u306e\u914d\u5408\u65b9\u6cd5<\/h2>\t\t\t\t<\/div>\n\t\t\t\t<\/div>\n\t\t\t\t<div class=\"elementor-element elementor-element-4ff26464 elementor-widget elementor-widget-text-editor\" data-id=\"4ff26464\" data-element_type=\"widget\" data-widget_type=\"text-editor.default\">\n\t\t\t\t<div class=\"elementor-widget-container\">\n\t\t\t\t\t\t\t\t\t<ul><li><a href=\"https:\/\/assets.boseprofessional.com\/m\/559880121fa43958\/original\/1T_Return_Shipping_Form_da.xlsx?_gl=1*5t1rxt*_gcl_au*MTIwNTcyNzEyMC4xNzIyNjIyMDg0*_ga*MTYxOTYwNDMyMy4xNzIyNjI1NTAz*_ga_NRTQ4DPXBJ*MTcyNDQxNjEzMy41My4xLjE3MjQ0MTc3MTkuNjAuMC4w\">Formular om returfragt<\/a><\/li><li><a href=\"mailto:DS40.recall@boseprofessional.com\">DS40.recall@boseprofessional.com<\/a><\/li><\/ul>\t\t\t\t\t\t\t\t<\/div>\n\t\t\t\t<\/div>\n\t\t\t\t\t<\/div>\n\t\t\t\t<\/div>\n\t\t<div data-particle_enable=\"false\" data-particle-mobile-disabled=\"false\" class=\"elementor-element elementor-element-38729673 e-flex e-con-boxed e-con e-parent\" data-id=\"38729673\" data-element_type=\"container\">\n\t\t\t\t\t<div class=\"e-con-inner\">\n\t\t\t\t<div class=\"elementor-element elementor-element-6acd4801 elementor-widget elementor-widget-heading\" data-id=\"6acd4801\" data-element_type=\"widget\" data-widget_type=\"heading.default\">\n\t\t\t\t<div class=\"elementor-widget-container\">\n\t\t\t\t\t<h2 class=\"elementor-heading-title elementor-size-default\">\u304a\u554f\u3044\u5408\u308f\u305b<\/h2>\t\t\t\t<\/div>\n\t\t\t\t<\/div>\n\t\t\t\t<div class=\"elementor-element elementor-element-238b4b93 elementor-widget elementor-widget-text-editor\" data-id=\"238b4b93\" data-element_type=\"widget\" data-widget_type=\"text-editor.default\">\n\t\t\t\t<div class=\"elementor-widget-container\">\n\t\t\t\t\t\t\t\t\t<p style=\"text-align: center; margin-bottom: 0px;\"><strong>Bose Pro-salgsrepr\u00e6sentant \u3078\u306e\u554f\u3044\u5408\u308f\u305b<\/strong><\/p>\t\t\t\t\t\t\t\t<\/div>\n\t\t\t\t<\/div>\n\t\t\t\t<div class=\"elementor-element elementor-element-6343f7fe elementor-align-center elementor-widget elementor-widget-button\" data-id=\"6343f7fe\" data-element_type=\"widget\" data-widget_type=\"button.default\">\n\t\t\t\t<div class=\"elementor-widget-container\">\n\t\t\t\t\t\t\t\t\t<div class=\"elementor-button-wrapper\">\n\t\t\t\t\t<a class=\"elementor-button elementor-button-link elementor-size-sm elementor-animation-shrink\" href=\"\/ja\/global-sales-offices\/\">\n\t\t\t\t\t\t<span class=\"elementor-button-content-wrapper\">\n\t\t\t\t\t\t\t\t\t<span class=\"elementor-button-text\">\u304a\u554f\u3044\u5408\u308f\u305b<\/span>\n\t\t\t\t\t<\/span>\n\t\t\t\t\t<\/a>\n\t\t\t\t<\/div>\n\t\t\t\t\t\t\t\t<\/div>\n\t\t\t\t<\/div>\n\t\t\t\t\t<\/div>\n\t\t\t\t<\/div>\n\t\t\t\t<\/div>\n\t\t","protected":false},"excerpt":{"rendered":"<p>Bose-h\u00f8jttaler \u306e\u76e3\u8996\u306b\u95a2\u3059\u308b Tilbagekaldelse \u3068 sikkerhedskabel \u306e\u76e3\u8996 Bose tilbagekalder alle FreeSpace [\u2026]<\/p>\n","protected":false},"author":33,"featured_media":0,"parent":1201,"menu_order":0,"comment_status":"closed","ping_status":"closed","template":"","meta":{"_acf_changed":false,"ep_exclude_from_search":false,"footnotes":""},"page-category":[],"class_list":["post-2816","page","type-page","status-publish","hentry"],"acf":[],"_links":{"self":[{"href":"https:\/\/boseprofessional.com\/ja\/wp-json\/wp\/v2\/pages\/2816","targetHints":{"allow":["GET"]}}],"collection":[{"href":"https:\/\/boseprofessional.com\/ja\/wp-json\/wp\/v2\/pages"}],"about":[{"href":"https:\/\/boseprofessional.com\/ja\/wp-json\/wp\/v2\/types\/page"}],"author":[{"embeddable":true,"href":"https:\/\/boseprofessional.com\/ja\/wp-json\/wp\/v2\/users\/33"}],"replies":[{"embeddable":true,"href":"https:\/\/boseprofessional.com\/ja\/wp-json\/wp\/v2\/comments?post=2816"}],"version-history":[{"count":3,"href":"https:\/\/boseprofessional.com\/ja\/wp-json\/wp\/v2\/pages\/2816\/revisions"}],"predecessor-version":[{"id":119324,"href":"https:\/\/boseprofessional.com\/ja\/wp-json\/wp\/v2\/pages\/2816\/revisions\/119324"}],"up":[{"embeddable":true,"href":"https:\/\/boseprofessional.com\/ja\/wp-json\/wp\/v2\/pages\/1201"}],"wp:attachment":[{"href":"https:\/\/boseprofessional.com\/ja\/wp-json\/wp\/v2\/media?parent=2816"}],"wp:term":[{"taxonomy":"page-category","embeddable":true,"href":"https:\/\/boseprofessional.com\/ja\/wp-json\/wp\/v2\/page-category?post=2816"}],"curies":[{"name":"wp","href":"https:\/\/api.w.org\/{rel}","templated":true}]}}