{"id":2781,"date":"2023-09-06T18:33:34","date_gmt":"2023-09-06T18:33:34","guid":{"rendered":"https:\/\/uatnew.boseprofessional.com\/?page_id=2781"},"modified":"2024-08-28T14:39:42","modified_gmt":"2024-08-28T14:39:42","slug":"fr-ca","status":"publish","type":"page","link":"https:\/\/boseprofessional.com\/ja\/resources\/support\/bms-safety\/fr-ca\/","title":{"rendered":"BMS Safety FR-CA"},"content":{"rendered":"\t\t<div data-elementor-type=\"wp-page\" data-elementor-id=\"2781\" class=\"elementor elementor-2781\" data-elementor-post-type=\"page\">\n\t\t\t\t<div data-particle_enable=\"false\" data-particle-mobile-disabled=\"false\" class=\"elementor-element elementor-element-9527cf7 e-flex e-con-boxed e-con e-parent\" data-id=\"9527cf7\" data-element_type=\"container\" data-settings=\"{&quot;background_background&quot;:&quot;classic&quot;,&quot;shape_divider_bottom&quot;:&quot;opacity-tilt&quot;}\">\n\t\t\t\t\t<div class=\"e-con-inner\">\n\t\t\t\t<div class=\"elementor-shape elementor-shape-bottom\" aria-hidden=\"true\" data-negative=\"false\">\n\t\t\t<svg xmlns=\"http:\/\/www.w3.org\/2000\/svg\" viewbox=\"0 0 2600 131.1\" preserveaspectratio=\"none\">\n\t<path class=\"elementor-shape-fill\" d=\"M0 0L2600 0 2600 69.1 0 0z\"\/>\n\t<path class=\"elementor-shape-fill\" style=\"opacity:0.5\" d=\"M0 0L2600 0 2600 69.1 0 69.1z\"\/>\n\t<path class=\"elementor-shape-fill\" style=\"opacity:0.25\" d=\"M2600 0L0 0 0 130.1 2600 69.1z\"\/>\n<\/svg>\t\t<\/div>\n\t\t\t\t<div class=\"elementor-element elementor-element-8efb163 elementor-widget elementor-widget-heading\" data-id=\"8efb163\" data-element_type=\"widget\" data-widget_type=\"heading.default\">\n\t\t\t\t<div class=\"elementor-widget-container\">\n\t\t\t\t\t<h1 class=\"elementor-heading-title elementor-size-default\">\u61f8\u5782\u4e0b\u964d\u3068\u5b89\u5168\u30b1\u30fc\u30d6\u30eb\u306e\u8a2d\u7f6e<\/h1>\t\t\t\t<\/div>\n\t\t\t\t<\/div>\n\t\t\t\t\t<\/div>\n\t\t\t\t<\/div>\n\t\t<div data-particle_enable=\"false\" data-particle-mobile-disabled=\"false\" class=\"elementor-element elementor-element-37b9f11c e-flex e-con-boxed e-con e-parent\" data-id=\"37b9f11c\" data-element_type=\"container\">\n\t\t\t\t\t<div class=\"e-con-inner\">\n\t\t\t\t<div class=\"elementor-element elementor-element-26e652b3 elementor-widget elementor-widget-image\" data-id=\"26e652b3\" data-element_type=\"widget\" data-widget_type=\"image.default\">\n\t\t\t\t<div class=\"elementor-widget-container\">\n\t\t\t\t\t\t\t\t\t\t\t\t\t\t\t<img fetchpriority=\"high\" decoding=\"async\" width=\"1280\" height=\"440\" src=\"https:\/\/assets.boseprofessional.com\/transform\/e70c180d-4d3e-4142-a589-837bd83357c3\/Hydrocarbons_montage2_Header-png\" class=\"attachment-1536x1536 size-1536x1536 wp-image-20498\" alt=\"\u70ad\u5316\u6c34\u7d20\u30e2\u30f3\u30bf\u30fc\u30b8\u30e5 2 \u30d8\u30c3\u30c0\u30fc\" srcset=\"https:\/\/assets.boseprofessional.com\/transform\/e70c180d-4d3e-4142-a589-837bd83357c3\/Hydrocarbons_montage2_Header-png 1280w, https:\/\/assets.boseprofessional.com\/transform\/e70c180d-4d3e-4142-a589-837bd83357c3\/Hydrocarbons_montage2_Header-png?io=transform:scale,width:150,height:52 150w, https:\/\/assets.boseprofessional.com\/transform\/e70c180d-4d3e-4142-a589-837bd83357c3\/Hydrocarbons_montage2_Header-png?io=transform:scale,width:300,height:103 300w, https:\/\/assets.boseprofessional.com\/transform\/e70c180d-4d3e-4142-a589-837bd83357c3\/Hydrocarbons_montage2_Header-png?io=transform:scale,width:1024,height:352 1024w, https:\/\/assets.boseprofessional.com\/transform\/e70c180d-4d3e-4142-a589-837bd83357c3\/Hydrocarbons_montage2_Header-png?io=transform:scale,width:480,height:165 480w, https:\/\/assets.boseprofessional.com\/transform\/e70c180d-4d3e-4142-a589-837bd83357c3\/Hydrocarbons_montage2_Header-png?io=transform:scale,width:768,height:264 768w, https:\/\/assets.boseprofessional.com\/transform\/e70c180d-4d3e-4142-a589-837bd83357c3\/Hydrocarbons_montage2_Header-png?io=transform:scale,width:100,height:34 100w\" sizes=\"(max-width: 1280px) 100vw, 1280px\" \/>\t\t\t\t\t\t\t\t\t\t\t\t\t\t\t<\/div>\n\t\t\t\t<\/div>\n\t\t\t\t\t<\/div>\n\t\t\t\t<\/div>\n\t\t<div data-particle_enable=\"false\" data-particle-mobile-disabled=\"false\" class=\"elementor-element elementor-element-1be7ce82 e-flex e-con-boxed e-con e-parent\" data-id=\"1be7ce82\" data-element_type=\"container\">\n\t\t\t\t\t<div class=\"e-con-inner\">\n\t\t\t\t<div class=\"elementor-element elementor-element-6521d928 elementor-widget elementor-widget-heading\" data-id=\"6521d928\" data-element_type=\"widget\" data-widget_type=\"heading.default\">\n\t\t\t\t<div class=\"elementor-widget-container\">\n\t\t\t\t\t<h2 class=\"elementor-heading-title elementor-size-default\">\u30b8\u30a7\u30cd\u30e9\u30eb<\/h2>\t\t\t\t<\/div>\n\t\t\t\t<\/div>\n\t\t\t\t<div class=\"elementor-element elementor-element-4b394ddf elementor-widget elementor-widget-text-editor\" data-id=\"4b394ddf\" data-element_type=\"widget\" data-widget_type=\"text-editor.default\">\n\t\t\t\t<div class=\"elementor-widget-container\">\n\t\t\t\t\t\t\t\t\t<p><strong>\u30dc\u30fc\u30ba\u306f\u30012018 \u5e74 13 \u6708\u306bFreeSpace DS 40F \u306e\u30d5\u30a1\u30d6\u30ea\u30c3\u30af\u3092\u524d\u3082\u3063\u3066\u8aac\u660e\u3057\u307e\u3059<\/strong>\u3002\u30af\u30fc\u30eb\u306a\u8a2d\u5099\u3092\u4f7f\u7528\u3057\u3001\u5371\u967a\u306a\u30e2\u30f3\u30bf\u30fc\u30b8\u30e5\u3092\u56fa\u5b9a\u3057\u3001\u5893\u3068\u795d\u798f\u306e\u5893\u3092\u76e3\u8996\u3057\u307e\u3059\u3002 Les rapports que nous avons re\u00e7us \u00e0 ce jour font \u00e9tat de 29 enceintes tomb\u00e9es de leur emplacement d'installation et d'une blessure.<\/p>\n<p><strong>\u6700\u5f8c\u306b\u3001Bose \u306f\u3001DS 40F \u306e\u5b89\u5168\u6027\u3092\u78ba\u4fdd\u3059\u308b\u305f\u3081\u306e\u5b89\u5168\u306a\u30b1\u30fc\u30d6\u30eb\u306e\u30a4\u30f3\u30b9\u30c8\u30fc\u30eb\u3001DS 40F \u306e\u30a4\u30f3\u30b9\u30c8\u30fc\u30eb\u3001\u304a\u3088\u3073\u74b0\u5883\u3067\u306e\u6599\u7406\u306e\u30a4\u30f3\u30b9\u30c8\u30fc\u30eb\u3092\u8981\u6c42\u3057\u307e\u3059<\/strong>\u3002 Cette \u306e\u7fa9\u52d9\u306b\u306f\u3001\u30a4\u30f3\u30b9\u30c8\u30fc\u30eb\u524d\u306e\u30a4\u30f3\u30b9\u30c8\u30fc\u30eb\u306b\u95a2\u3059\u308b\u7fa9\u52d9\u3082\u542b\u307e\u308c\u307e\u3059\u3002 Lorsqu'ils \u306f\u3001\u30ad\u30e5\u30a4\u30bd\u30f3\u306e\u706b\u5668\u3084\u84b8\u6c17\u3092\u66b4\u9732\u3057\u3001\u30e2\u30f3\u30bf\u30fc\u30b8\u30e5\u306e\u30e2\u30f3\u30bf\u30fc\u30b8\u30e5\u3092\u691c\u67fb\u3057\u3001\u5371\u967a\u306a\u5893\u3092\u8abf\u3079\u3001\u5893\u3092\u767a\u898b\u3057\u307e\u3059\u3002\u5b89\u5168\u306a\u95a2\u4fc2\u3092\u4fdd\u3064\u305f\u3081\u306b\u3001\u5b9a\u671f\u7684\u306b\u30d5\u30a9\u30f3\u30c8\u3092\u8a2d\u5b9a\u3057\u3001\u8a2d\u7f6e\u3084\u795d\u798f\u3092\u884c\u3063\u3066\u304f\u3060\u3055\u3044\u3002<\/p>\n<p>\u30dc\u30fc\u30ba\u306f\u76f4\u63a5\u8ca9\u58f2\u4ee3\u7406\u5e97\u3068\u8ca9\u58f2\u696d\u8005\u3092\u7ba1\u7406\u3057\u3001\u30aa\u30d7\u30b7\u30e7\u30f3\u306e\u9078\u629e\u3092\u884c\u3044\u307e\u3059\u3002 Si vous n'achetez pas d'enceintes directement aupr\u00e8s de Bose\u3001contactez votre revendeur Bose pour en savoir plus\u3002<\/p>\t\t\t\t\t\t\t\t<\/div>\n\t\t\t\t<\/div>\n\t\t\t\t\t<\/div>\n\t\t\t\t<\/div>\n\t\t<div data-particle_enable=\"false\" data-particle-mobile-disabled=\"false\" class=\"elementor-element elementor-element-44c68681 e-flex e-con-boxed e-con e-parent\" data-id=\"44c68681\" data-element_type=\"container\">\n\t\t\t\t\t<div class=\"e-con-inner\">\n\t\t\t\t<div class=\"elementor-element elementor-element-56917e72 elementor-widget elementor-widget-heading\" data-id=\"56917e72\" data-element_type=\"widget\" data-widget_type=\"heading.default\">\n\t\t\t\t<div class=\"elementor-widget-container\">\n\t\t\t\t\t<h2 class=\"elementor-heading-title elementor-size-default\">\u511f\u9084\u306e\u8981\u6c42\u3068\u8981\u6c42<\/h2>\t\t\t\t<\/div>\n\t\t\t\t<\/div>\n\t\t\t\t<div class=\"elementor-element elementor-element-4c6a18ad elementor-widget elementor-widget-text-editor\" data-id=\"4c6a18ad\" data-element_type=\"widget\" data-widget_type=\"text-editor.default\">\n\t\t\t\t<div class=\"elementor-widget-container\">\n\t\t\t\t\t\t\t\t\t<div id=\"requeteetdemandederemboursement\" class=\"bp_page-navigation-content\">\n<p class=\"bp_bms-content-text-mt-mar bp_bms-content-text\">\u88fd\u54c1\u306e\u4ea4\u63db\u3001\u30b1\u30fc\u30d6\u30eb\u306e\u5b89\u5168\u6027\u304a\u3088\u3073\u88dc\u511f\u306e\u8981\u6c42: <a href=\"https:\/\/www.bosebmssafety.com\/claim\" target=\"_blank\" rel=\"noreferrer noopener\">BoseBMSsafety.com\/claim<\/a><\/p>\n<\/div>\n<div id=\"communications\" class=\"bp_bms-section-wrap bp_page-navigation-content\">\n<div class=\"bp_bms-section-header-wrap\">\u00a0<\/div>\n<\/div>\t\t\t\t\t\t\t\t<\/div>\n\t\t\t\t<\/div>\n\t\t\t\t\t<\/div>\n\t\t\t\t<\/div>\n\t\t<div data-particle_enable=\"false\" data-particle-mobile-disabled=\"false\" class=\"elementor-element elementor-element-689f6da9 e-flex e-con-boxed e-con e-parent\" data-id=\"689f6da9\" data-element_type=\"container\">\n\t\t\t\t\t<div class=\"e-con-inner\">\n\t\t\t\t<div class=\"elementor-element elementor-element-6faadff7 elementor-widget elementor-widget-heading\" data-id=\"6faadff7\" data-element_type=\"widget\" data-widget_type=\"heading.default\">\n\t\t\t\t<div class=\"elementor-widget-container\">\n\t\t\t\t\t<h2 class=\"elementor-heading-title elementor-size-default\">\u901a\u4fe1<\/h2>\t\t\t\t<\/div>\n\t\t\t\t<\/div>\n\t\t\t\t<div class=\"elementor-element elementor-element-63d0a87b elementor-widget elementor-widget-text-editor\" data-id=\"63d0a87b\" data-element_type=\"widget\" data-widget_type=\"text-editor.default\">\n\t\t\t\t<div class=\"elementor-widget-container\">\n\t\t\t\t\t\t\t\t\t<ul>\n<li><a href=\"https:\/\/assets.boseprofessional.com\/m\/228922d1093ad033\/original\/1L_Bose_BMSsafety_Direct_Reseller_fr.docx?_gl=1*q5h1ia*_gcl_au*MTIwNTcyNzEyMC4xNzIyNjIyMDg0*_ga*MTYxOTYwNDMyMy4xNzIyNjI1NTAz*_ga_NRTQ4DPXBJ*MTcyNDg1NTQ5OS42OC4xLjE3MjQ4NTU1ODguNjAuMC4w\">Lettre aux reveneurs directs (pays de la filiale) 1L<\/a><\/li>\n<li><a href=\"https:\/\/assets.boseprofessional.com\/m\/6da7b9958a2445e8\/original\/3L_Bose_BMSsafety_Indirect_Reseller_fr.docx?_gl=1*q5h1ia*_gcl_au*MTIwNTcyNzEyMC4xNzIyNjIyMDg0*_ga*MTYxOTYwNDMyMy4xNzIyNjI1NTAz*_ga_NRTQ4DPXBJ*MTcyNDg1NTQ5OS42OC4xLjE3MjQ4NTU1ODguNjAuMC4w\">\u9593\u63a5\u7684\u306a\u5fa9\u8b90\/\u30c9\u30cb\u30dc\u30fc 2 3L<\/a><\/li>\n<li><a href=\"https:\/\/assets.boseprofessional.com\/m\/6545ce9b08477b96\/original\/4L_Bose_BMSsafety_End_User_fr.docx?_gl=1*q5h1ia*_gcl_au*MTIwNTcyNzEyMC4xNzIyNjIyMDg0*_ga*MTYxOTYwNDMyMy4xNzIyNjI1NTAz*_ga_NRTQ4DPXBJ*MTcyNDg1NTQ5OS42OC4xLjE3MjQ4NTU1ODguNjAuMC4w\">Lettre aux utilisateurs finaux 4L<\/a><\/li>\n<li><a href=\"https:\/\/assets.boseprofessional.com\/m\/130b4b72ad2e187f\/original\/6A_Bose_BMSsafety_en-xlsx.docx?_gl=1*q5h1ia*_gcl_au*MTIwNTcyNzEyMC4xNzIyNjIyMDg0*_ga*MTYxOTYwNDMyMy4xNzIyNjI1NTAz*_ga_NRTQ4DPXBJ*MTcyNDg1NTQ5OS42OC4xLjE3MjQ4NTU1ODguNjAuMC4w\">\u88fd\u54c1\u306b\u95a2\u3059\u308b\u30ea\u30b9\u30c8 SKU 6A<\/a><\/li>\n<li><a href=\"https:\/\/assets.boseprofessional.com\/m\/2b8829f0db1ddfde\/original\/Bose_BMS_Safety_UPDATE_New_EdgeMax_SKUs_fr.docx?_gl=1*gtqfsd*_gcl_au*MTIwNTcyNzEyMC4xNzIyNjIyMDg0*_ga*MTYxOTYwNDMyMy4xNzIyNjI1NTAz*_ga_NRTQ4DPXBJ*MTcyNDg1NTQ5OS42OC4xLjE3MjQ4NTU1ODguNjAuMC4w\"><strong>MISE \u00c0 JOUR<\/strong> : 2019 \u5e74 10 \u6708 10 \u65e5 \u2013 Nouveau \u30e2\u30c7\u30ebEdgeMax<\/a><\/li>\n<li><a href=\"https:\/\/assets.boseprofessional.com\/m\/176728fbca2f023\/original\/Bose_BMS_Safety_UPDATE_New_FS3_SKUs_fr.docx?_gl=1*gtqfsd*_gcl_au*MTIwNTcyNzEyMC4xNzIyNjIyMDg0*_ga*MTYxOTYwNDMyMy4xNzIyNjI1NTAz*_ga_NRTQ4DPXBJ*MTcyNDg1NTQ5OS42OC4xLjE3MjQ4NTU1ODguNjAuMC4w\"><strong>MISE \u00c0 JOUR<\/strong> : 2020 \u5e74 2 \u6708 20 \u65e5 \u2013 \u30cc\u30fc\u30dc\u30fc \u30d7\u30ed\u30c7\u30e5\u30a4\u30c4FreeSpace\u00a03<\/a><\/li>\n<\/ul>\t\t\t\t\t\t\t\t<\/div>\n\t\t\t\t<\/div>\n\t\t\t\t\t<\/div>\n\t\t\t\t<\/div>\n\t\t<div data-particle_enable=\"false\" data-particle-mobile-disabled=\"false\" class=\"elementor-element elementor-element-71722325 e-flex e-con-boxed e-con e-parent\" data-id=\"71722325\" data-element_type=\"container\">\n\t\t\t\t\t<div class=\"e-con-inner\">\n\t\t\t\t<div class=\"elementor-element elementor-element-16af4b9c elementor-widget elementor-widget-heading\" data-id=\"16af4b9c\" data-element_type=\"widget\" data-widget_type=\"heading.default\">\n\t\t\t\t<div class=\"elementor-widget-container\">\n\t\t\t\t\t<h2 class=\"elementor-heading-title elementor-size-default\">\u8cea\u554f\u3078\u306e\u56de\u7b54<\/h2>\t\t\t\t<\/div>\n\t\t\t\t<\/div>\n\t\t\t\t<div class=\"elementor-element elementor-element-6f92152 elementor-widget elementor-widget-text-editor\" data-id=\"6f92152\" data-element_type=\"widget\" data-widget_type=\"text-editor.default\">\n\t\t\t\t<div class=\"elementor-widget-container\">\n\t\t\t\t\t\t\t\t\t<ul>\n<li><a href=\"https:\/\/assets.boseprofessional.com\/m\/74296ee65b47a078\/original\/1F_Bose_BMSsafety_Reseller_FAQ_fr.docx?_gl=1*gtqfsd*_gcl_au*MTIwNTcyNzEyMC4xNzIyNjIyMDg0*_ga*MTYxOTYwNDMyMy4xNzIyNjI1NTAz*_ga_NRTQ4DPXBJ*MTcyNDg1NTQ5OS42OC4xLjE3MjQ4NTU1ODguNjAuMC4w\">1F\u306e\u58f2\u5e97<\/a><\/li>\n<li><a href=\"https:\/\/assets.boseprofessional.com\/m\/2a2c483c2ee9ae20\/original\/2F_Bose_BMSsafety_End_User_FAQ_fr.docx?_gl=1*gtqfsd*_gcl_au*MTIwNTcyNzEyMC4xNzIyNjIyMDg0*_ga*MTYxOTYwNDMyMy4xNzIyNjI1NTAz*_ga_NRTQ4DPXBJ*MTcyNDg1NTQ5OS42OC4xLjE3MjQ4NTU1ODguNjAuMC4w\">\u30d7\u30fc\u30eb \u30ec \u30e6\u30c6\u30a3\u30ea\u30b6\u30c8\u30a5\u30fc\u30eb \u30d5\u30a3\u30ce\u30fc 2F<\/a><\/li>\n<\/ul>\t\t\t\t\t\t\t\t<\/div>\n\t\t\t\t<\/div>\n\t\t\t\t\t<\/div>\n\t\t\t\t<\/div>\n\t\t<div data-particle_enable=\"false\" data-particle-mobile-disabled=\"false\" class=\"elementor-element elementor-element-7f5183ba e-flex e-con-boxed e-con e-parent\" data-id=\"7f5183ba\" data-element_type=\"container\">\n\t\t\t\t\t<div class=\"e-con-inner\">\n\t\t\t\t<div class=\"elementor-element elementor-element-27056652 elementor-widget elementor-widget-heading\" data-id=\"27056652\" data-element_type=\"widget\" data-widget_type=\"heading.default\">\n\t\t\t\t<div class=\"elementor-widget-container\">\n\t\t\t\t\t<h2 class=\"elementor-heading-title elementor-size-default\">\u30ac\u30a4\u30c9<\/h2>\t\t\t\t<\/div>\n\t\t\t\t<\/div>\n\t\t\t\t<div class=\"elementor-element elementor-element-3e1ae6e1 elementor-widget elementor-widget-text-editor\" data-id=\"3e1ae6e1\" data-element_type=\"widget\" data-widget_type=\"text-editor.default\">\n\t\t\t\t<div class=\"elementor-widget-container\">\n\t\t\t\t\t\t\t\t\t<ul>\n<li><a href=\"https:\/\/assets.boseprofessional.com\/m\/5a8b32eed68ec00e\/original\/ig_safetycable_5-5x8-5.pdf?_gl=1*175mgho*_gcl_au*MTIwNTcyNzEyMC4xNzIyNjIyMDg0*_ga*MTYxOTYwNDMyMy4xNzIyNjI1NTAz*_ga_NRTQ4DPXBJ*MTcyNDg1NTQ5OS42OC4xLjE3MjQ4NTU1ODguNjAuMC4w\">\u5b89\u5168\u306a\u30b1\u30fc\u30d6\u30eb\u306e\u30a4\u30f3\u30b9\u30c8\u30fc\u30eb\u30ac\u30a4\u30c9<\/a><\/li>\n<li><a href=\"https:\/\/assets.boseprofessional.com\/m\/6afa4528e7f2a010\/original\/uig_freespace_ds40f.pdf?_gl=1*175mgho*_gcl_au*MTIwNTcyNzEyMC4xNzIyNjIyMDg0*_ga*MTYxOTYwNDMyMy4xNzIyNjI1NTAz*_ga_NRTQ4DPXBJ*MTcyNDg1NTQ5OS42OC4xLjE3MjQ4NTU1ODguNjAuMC4w\">\u30a4\u30f3\u30b9\u30c8\u30fc\u30eb\u306e\u30ac\u30a4\u30c9FreeSpace DS 40F<\/a><\/li>\n<\/ul>\t\t\t\t\t\t\t\t<\/div>\n\t\t\t\t<\/div>\n\t\t\t\t\t<\/div>\n\t\t\t\t<\/div>\n\t\t<div data-particle_enable=\"false\" data-particle-mobile-disabled=\"false\" class=\"elementor-element elementor-element-1e23cc28 e-flex e-con-boxed e-con e-parent\" data-id=\"1e23cc28\" data-element_type=\"container\">\n\t\t\t\t\t<div class=\"e-con-inner\">\n\t\t\t\t<div class=\"elementor-element elementor-element-6e61549e elementor-widget elementor-widget-heading\" data-id=\"6e61549e\" data-element_type=\"widget\" data-widget_type=\"heading.default\">\n\t\t\t\t<div class=\"elementor-widget-container\">\n\t\t\t\t\t<h2 class=\"elementor-heading-title elementor-size-default\">\u88fd\u54c1\u306e\u7834\u58ca\u306e\u51e6\u65b9<\/h2>\t\t\t\t<\/div>\n\t\t\t\t<\/div>\n\t\t\t\t<div class=\"elementor-element elementor-element-6df5ae41 elementor-widget elementor-widget-text-editor\" data-id=\"6df5ae41\" data-element_type=\"widget\" data-widget_type=\"text-editor.default\">\n\t\t\t\t<div class=\"elementor-widget-container\">\n\t\t\t\t\t\t\t\t\t<p>10 \u5206\u5f8c\u306b\u623b\u3063\u3066\u3001 <a href=\"https:\/\/fr-fr-row.ups.com\/Membership\/Login\/Login\" target=\"_blank\" rel=\"noopener\">UPS \u3092\u5229\u7528\u3057\u3066\u8a2a\u554f\u3057\u3066\u304f\u3060\u3055\u3044<\/a>\u3002<\/p>\n<p><strong>\u7591\u4f3c\u793e\u4f1a<\/strong>: boseprorecal<br \/><strong>\u63a5\u7d9a\u8b58\u5225\u5b50<\/strong>: DS40<br \/><strong>\u901a\u8a33\u8005\u540d<\/strong>\uff1aDS40<\/p>\n<p>\u5b89\u5168\u6027\u3092\u4fdd\u8a3c\u3059\u308b\u305f\u3081\u306b\u306f\u3001\u60c5\u5831\u306e\u6570\u3092\u78ba\u8a8d\u3059\u308b\u5fc5\u8981\u304c\u3042\u308a\u307e\u3059\u3002<\/p>\n<hr \/>\n<p>\u00a0<br \/>\u30b9\u30d4\u30fc\u30ab\u30fc\u309210\u53f0\u4ee5\u4e0a\u3054\u8fd4\u54c1\u306e\u5834\u5408\u306f\u3001\u4e0b\u8a18\u306e\u8239\u8377\u8a3c\u5238\u306b\u3054\u8a18\u5165\u306e\u4e0a\u30011-800-GO-FEDEX\u307e\u3067\u304a\u96fb\u8a71\u3044\u305f\u3060\u304d\u3001\u96c6\u8377\u306e\u3054\u4e88\u7d04\u3092\u304a\u9858\u3044\u3044\u305f\u3057\u307e\u3059\u3002FedEx\u8ca8\u7269\u306e\u767a\u9001\u6e96\u5099\u306e\u969b\u306f\u3001<\/p>\n<ol>\n<li>10 \u56de\u306e\u518d\u691c\u67fb\u3068\u30011 800 GO-FEDEX \u306e\u30d7\u30e9\u30f3\u30d5\u30a1\u30a4\u30e4\u30fc \u30e9 \u30ad\u30e5\u30a4\u30a8\u30c3\u30c8\u306e\u4f5c\u6210\u3092\u518d\u691c\u8a0e\u3057\u3066\u304f\u3060\u3055\u3044\u3002 FedEx \u306b\u3088\u308b\u8ca9\u58f2\u6e96\u5099\u306e\u6295\u7968 :<\/li>\n<li>Veuillez entrer votre num\u00e9ro de commande dans le Champ <a href=\"https:\/\/assets.boseprofessional.com\/m\/b735b06d9301e1e\/original\/Bose_Canada_BOL_fr.pdf?_gl=1*1l0pp7u*_gcl_au*MTIwNTcyNzEyMC4xNzIyNjIyMDg0*_ga*MTYxOTYwNDMyMy4xNzIyNjI1NTAz*_ga_NRTQ4DPXBJ*MTcyNDg1NTQ5OS42OC4xLjE3MjQ4NTU1ODguNjAuMC4w\">Bon de commande du connaissement<\/a> \u3002\u30b8\u30e7\u30fc\u30cc\u306e\u8a73\u7d30\u306a\u8abf\u67fb\u30bb\u30af\u30b7\u30e7\u30f3\u3092\u78ba\u8a8d\u3057\u3066\u304f\u3060\u3055\u3044\u3002<\/li>\n<li>\u8239\u8377\u8a3c\u5238\u306e\u300cPurchase Order\u300d\u30d5\u30a3\u30fc\u30eb\u30c9\u306b\u6ce8\u6587\u756a\u53f7\u3092\u8a18\u5165\u3057\u3066\u304f\u3060\u3055\u3044\u3002<\/li>\n<li>Aux \u00c9tats-Unis et au Canada\u3001composez le 1 800 GO-FEDEX\u3001et au Mexique\u3001le 01.800.00.333.39 pour planifier la cueillette\u3002\u30ed\u30eb\u30b9\u30af\u30fb\u30f4\u30fb\u30a2\u30da\u30ec\u30b9 :\n<ol style=\"list-style-type: lower-alpha;\">\n<li>Indiquez \u00ab Planifier une cueillette \u00bb lorsque vous y \u00eates invit\u00e9<\/li>\n<li>69 \u3092\u78ba\u8a8d\u3057\u3066\u304f\u3060\u3055\u3044kg \uff08150\u30dd\u30f3\u30c9\uff09<\/li>\n<li>Pr\u00e9cisez le poids total de l'envoi<\/li>\n<li>\u30b5\u30fc\u30d3\u30b9\u306e\u9078\u629e\u00ab LTL \u00bb<\/li>\n<li>FedEx \u4ee3\u7406\u5e97\u306e\u6307\u793a\u306b\u5f93\u3063\u3066\u304f\u3060\u3055\u3044\u3002<\/li>\n<\/ol>\n<\/li>\n<\/ol>\t\t\t\t\t\t\t\t<\/div>\n\t\t\t\t<\/div>\n\t\t\t\t\t<\/div>\n\t\t\t\t<\/div>\n\t\t<div data-particle_enable=\"false\" data-particle-mobile-disabled=\"false\" class=\"elementor-element elementor-element-201446f3 e-flex e-con-boxed e-con e-parent\" data-id=\"201446f3\" data-element_type=\"container\">\n\t\t\t\t\t<div class=\"e-con-inner\">\n\t\t\t\t<div class=\"elementor-element elementor-element-6ab53b6b elementor-widget elementor-widget-heading\" data-id=\"6ab53b6b\" data-element_type=\"widget\" data-widget_type=\"heading.default\">\n\t\t\t\t<div class=\"elementor-widget-container\">\n\t\t\t\t\t<h2 class=\"elementor-heading-title elementor-size-default\">\u304a\u554f\u3044\u5408\u308f\u305b<\/h2>\t\t\t\t<\/div>\n\t\t\t\t<\/div>\n\t\t\t\t<div class=\"elementor-element elementor-element-1a0d7e6 elementor-widget elementor-widget-text-editor\" data-id=\"1a0d7e6\" data-element_type=\"widget\" data-widget_type=\"text-editor.default\">\n\t\t\t\t<div class=\"elementor-widget-container\">\n\t\t\t\t\t\t\t\t\t<p style=\"text-align: center;\"><strong>Bose Pro \u306e\u5546\u7528\u62c5\u5f53\u8005<\/strong><\/p>\t\t\t\t\t\t\t\t<\/div>\n\t\t\t\t<\/div>\n\t\t\t\t<div class=\"elementor-element elementor-element-711b10b4 elementor-align-center elementor-widget elementor-widget-button\" data-id=\"711b10b4\" data-element_type=\"widget\" data-widget_type=\"button.default\">\n\t\t\t\t<div class=\"elementor-widget-container\">\n\t\t\t\t\t\t\t\t\t<div class=\"elementor-button-wrapper\">\n\t\t\t\t\t<a class=\"elementor-button elementor-button-link elementor-size-sm elementor-animation-shrink\" href=\"\/ja\/global-sales-offices\/\">\n\t\t\t\t\t\t<span class=\"elementor-button-content-wrapper\">\n\t\t\t\t\t\t\t\t\t<span class=\"elementor-button-text\">\u304a\u554f\u3044\u5408\u308f\u305b<\/span>\n\t\t\t\t\t<\/span>\n\t\t\t\t\t<\/a>\n\t\t\t\t<\/div>\n\t\t\t\t\t\t\t\t<\/div>\n\t\t\t\t<\/div>\n\t\t\t\t\t<\/div>\n\t\t\t\t<\/div>\n\t\t\t\t<\/div>\n\t\t","protected":false},"excerpt":{"rendered":"<p>\u61f8\u5782\u4e0b\u964d\u3068\u5b89\u5168\u30b1\u30fc\u30d6\u30eb\u306e\u8a2d\u7f6e\u4e00\u822c [\u2026]<\/p>\n","protected":false},"author":33,"featured_media":0,"parent":1201,"menu_order":0,"comment_status":"closed","ping_status":"closed","template":"","meta":{"_acf_changed":false,"ep_exclude_from_search":false,"footnotes":""},"page-category":[],"class_list":["post-2781","page","type-page","status-publish","hentry"],"acf":[],"_links":{"self":[{"href":"https:\/\/boseprofessional.com\/ja\/wp-json\/wp\/v2\/pages\/2781","targetHints":{"allow":["GET"]}}],"collection":[{"href":"https:\/\/boseprofessional.com\/ja\/wp-json\/wp\/v2\/pages"}],"about":[{"href":"https:\/\/boseprofessional.com\/ja\/wp-json\/wp\/v2\/types\/page"}],"author":[{"embeddable":true,"href":"https:\/\/boseprofessional.com\/ja\/wp-json\/wp\/v2\/users\/33"}],"replies":[{"embeddable":true,"href":"https:\/\/boseprofessional.com\/ja\/wp-json\/wp\/v2\/comments?post=2781"}],"version-history":[{"count":3,"href":"https:\/\/boseprofessional.com\/ja\/wp-json\/wp\/v2\/pages\/2781\/revisions"}],"predecessor-version":[{"id":119465,"href":"https:\/\/boseprofessional.com\/ja\/wp-json\/wp\/v2\/pages\/2781\/revisions\/119465"}],"up":[{"embeddable":true,"href":"https:\/\/boseprofessional.com\/ja\/wp-json\/wp\/v2\/pages\/1201"}],"wp:attachment":[{"href":"https:\/\/boseprofessional.com\/ja\/wp-json\/wp\/v2\/media?parent=2781"}],"wp:term":[{"taxonomy":"page-category","embeddable":true,"href":"https:\/\/boseprofessional.com\/ja\/wp-json\/wp\/v2\/page-category?post=2781"}],"curies":[{"name":"wp","href":"https:\/\/api.w.org\/{rel}","templated":true}]}}