{"id":1766,"date":"2023-08-31T14:54:30","date_gmt":"2023-08-31T14:54:30","guid":{"rendered":"https:\/\/uatnew.boseprofessional.com\/?page_id=1766"},"modified":"2024-08-23T12:50:42","modified_gmt":"2024-08-23T12:50:42","slug":"ca-ad","status":"publish","type":"page","link":"https:\/\/boseprofessional.com\/ja\/resources\/support\/bms-safety\/ca-ad\/","title":{"rendered":"BMS Safety CA-AD"},"content":{"rendered":"\t\t<div data-elementor-type=\"wp-page\" data-elementor-id=\"1766\" class=\"elementor elementor-1766\" data-elementor-post-type=\"page\">\n\t\t\t\t<div data-particle_enable=\"false\" data-particle-mobile-disabled=\"false\" class=\"elementor-element elementor-element-44905b39 e-flex e-con-boxed e-con e-parent\" data-id=\"44905b39\" data-element_type=\"container\" data-settings=\"{&quot;background_background&quot;:&quot;classic&quot;,&quot;shape_divider_bottom&quot;:&quot;opacity-tilt&quot;}\">\n\t\t\t\t\t<div class=\"e-con-inner\">\n\t\t\t\t<div class=\"elementor-shape elementor-shape-bottom\" aria-hidden=\"true\" data-negative=\"false\">\n\t\t\t<svg xmlns=\"http:\/\/www.w3.org\/2000\/svg\" viewbox=\"0 0 2600 131.1\" preserveaspectratio=\"none\">\n\t<path class=\"elementor-shape-fill\" d=\"M0 0L2600 0 2600 69.1 0 0z\"\/>\n\t<path class=\"elementor-shape-fill\" style=\"opacity:0.5\" d=\"M0 0L2600 0 2600 69.1 0 69.1z\"\/>\n\t<path class=\"elementor-shape-fill\" style=\"opacity:0.25\" d=\"M2600 0L0 0 0 130.1 2600 69.1z\"\/>\n<\/svg>\t\t<\/div>\n\t\t\t\t<div class=\"elementor-element elementor-element-3687e91b elementor-widget elementor-widget-heading\" data-id=\"3687e91b\" data-element_type=\"widget\" data-widget_type=\"heading.default\">\n\t\t\t\t<div class=\"elementor-widget-container\">\n\t\t\t\t\t<h1 class=\"elementor-heading-title elementor-size-default\">\u30a2\u30eb\u30bf\u30f4\u30a7\u30a6\u30b9 \u30dc\u30fc\u30ba\u3092\u5b89\u5168\u306a\u30b1\u30fc\u30d6\u30eb\u306b\u53d6\u308a\u4ed8\u3051\u307e\u3059\n<\/h1>\t\t\t\t<\/div>\n\t\t\t\t<\/div>\n\t\t\t\t\t<\/div>\n\t\t\t\t<\/div>\n\t\t<div data-particle_enable=\"false\" data-particle-mobile-disabled=\"false\" class=\"elementor-element elementor-element-5afa42e3 e-flex e-con-boxed e-con e-parent\" data-id=\"5afa42e3\" data-element_type=\"container\">\n\t\t\t\t\t<div class=\"e-con-inner\">\n\t\t\t\t<div class=\"elementor-element elementor-element-7ad1e1cb elementor-widget elementor-widget-image\" data-id=\"7ad1e1cb\" data-element_type=\"widget\" data-widget_type=\"image.default\">\n\t\t\t\t<div class=\"elementor-widget-container\">\n\t\t\t\t\t\t\t\t\t\t\t\t\t\t\t<img fetchpriority=\"high\" decoding=\"async\" width=\"1280\" height=\"440\" src=\"https:\/\/assets.boseprofessional.com\/transform\/e70c180d-4d3e-4142-a589-837bd83357c3\/Hydrocarbons_montage2_Header-png\" class=\"attachment-1536x1536 size-1536x1536 wp-image-20498\" alt=\"\u70ad\u5316\u6c34\u7d20\u30e2\u30f3\u30bf\u30fc\u30b8\u30e5 2 \u30d8\u30c3\u30c0\u30fc\" srcset=\"https:\/\/assets.boseprofessional.com\/transform\/e70c180d-4d3e-4142-a589-837bd83357c3\/Hydrocarbons_montage2_Header-png 1280w, https:\/\/assets.boseprofessional.com\/transform\/e70c180d-4d3e-4142-a589-837bd83357c3\/Hydrocarbons_montage2_Header-png?io=transform:scale,width:150,height:52 150w, https:\/\/assets.boseprofessional.com\/transform\/e70c180d-4d3e-4142-a589-837bd83357c3\/Hydrocarbons_montage2_Header-png?io=transform:scale,width:300,height:103 300w, https:\/\/assets.boseprofessional.com\/transform\/e70c180d-4d3e-4142-a589-837bd83357c3\/Hydrocarbons_montage2_Header-png?io=transform:scale,width:1024,height:352 1024w, https:\/\/assets.boseprofessional.com\/transform\/e70c180d-4d3e-4142-a589-837bd83357c3\/Hydrocarbons_montage2_Header-png?io=transform:scale,width:480,height:165 480w, https:\/\/assets.boseprofessional.com\/transform\/e70c180d-4d3e-4142-a589-837bd83357c3\/Hydrocarbons_montage2_Header-png?io=transform:scale,width:768,height:264 768w, https:\/\/assets.boseprofessional.com\/transform\/e70c180d-4d3e-4142-a589-837bd83357c3\/Hydrocarbons_montage2_Header-png?io=transform:scale,width:100,height:34 100w\" sizes=\"(max-width: 1280px) 100vw, 1280px\" \/>\t\t\t\t\t\t\t\t\t\t\t\t\t\t\t<\/div>\n\t\t\t\t<\/div>\n\t\t\t\t\t<\/div>\n\t\t\t\t<\/div>\n\t\t<div data-particle_enable=\"false\" data-particle-mobile-disabled=\"false\" class=\"elementor-element elementor-element-225c91d9 e-flex e-con-boxed e-con e-parent\" data-id=\"225c91d9\" data-element_type=\"container\">\n\t\t\t\t\t<div class=\"e-con-inner\">\n\t\t\t\t<div class=\"elementor-element elementor-element-46720e55 elementor-widget elementor-widget-heading\" data-id=\"46720e55\" data-element_type=\"widget\" data-widget_type=\"heading.default\">\n\t\t\t\t<div class=\"elementor-widget-container\">\n\t\t\t\t\t<h2 class=\"elementor-heading-title elementor-size-default\">\u5c65\u6b74\u66f8<\/h2>\t\t\t\t<\/div>\n\t\t\t\t<\/div>\n\t\t\t\t<div class=\"elementor-element elementor-element-691ca856 elementor-widget elementor-widget-text-editor\" data-id=\"691ca856\" data-element_type=\"widget\" data-widget_type=\"text-editor.default\">\n\t\t\t\t<div class=\"elementor-widget-container\">\n\t\t\t\t\t\t\t\t\t<p><strong>FreeSpace DS 40F \u306f\u30012018 \u5e74 13 \u6708 13 \u65e5\u306b\u88fd\u9020\u5de5\u5834\u3067\u88fd\u9020\u3055\u308c\u305f\u3001\u3059\u3079\u3066\u306e\u88fd\u54c1\u306e\u88fd\u9020\u30d7\u30ed\u30bb\u30b9\u3092\u5909\u66f4\u3057\u307e\u3059<\/strong>\u3002\u30c7\u30e5\u30e9\u30f3\u30c8 \u30e9 \u30bb\u30d0 \u30a4\u30f3\u30b9\u30c8\u30fc\u30eb\u3001\u30e9\u30b7\u30aa\u3001\u30e6\u30fc\u30c6\u30a3\u30ea\u30c6\u30a3\u3001\u30a8\u30eb\u30b9 \u30d1\u30f3\u30c8 \u30c0\u30f3\u30b3\u30e9\u30fc\u30c8\u30b2 \u30af\u30a8\u30b9\u30c8\u3001\u30a2\u30eb\u30bf\u30d9\u30a6\u30b9 \u30a8\u30b9 \u30dd\u30c7\u30f3 \u30c8\u30ec\u30f3\u30ab\u30fc\u3001\u30e9 \u30af\u30a2\u30eb \u30b3\u30b5 \u30dd\u30c9\u30ea\u30a2\u6311\u767a\u8005\u30e9 \u30ab\u30a4\u30b0\u30c0 \u30c7\u30eb \u30a2\u30eb\u30bf\u30d9\u30a6\u30b9\u3001\u539f\u56e0\u30d5\u30a7\u30ea\u30c7\u30b9 \u30b0\u30ec\u30a6\u30b9\u3002\u6709\u52b9\u306a\u60c5\u5831\u3092\u63d0\u4f9b\u3057\u3001\u554f\u984c\u3092\u5831\u544a\u3059\u308b\u305f\u3081\u306b 29 \u306e\u30a2\u30f4\u30a3\u30bd\u30b9 \u30c0\u30eb\u30bf\u30d9\u30a6\u30b9\u306b\u53cd\u8ad6\u3057\u3066\u304f\u3060\u3055\u3044\u3002<\/p>\n<p><strong>Bose \u306f\u3001DS 40F \u306e\u8a8d\u8a3c\u306b\u57fa\u3065\u3044\u3066\u30b1\u30fc\u30d6\u30eb\u306e\u5b89\u5168\u306a\u30a4\u30f3\u30b9\u30c8\u30fc\u30eb\u3092\u884c\u3044\u3001\u5546\u54c1\u306e\u30a4\u30f3\u30b9\u30c8\u30fc\u30eb\u3092\u884c\u3044\u307e\u3059\u3002 Aqu\u00ed tamb\u00e9 s'hi \u306b\u306f\u3001\u524d\u65b9\u306e\u8a2d\u7f6e\u5834\u6240\u304c\u542b\u307e\u308c\u3066\u3044\u307e\u3059<\/strong>\u3002\u30aa\u30ea\u30fc\u30d6\u306e\u990c\u3092\u98df\u3079\u305f\u308a\u3001\u30dd\u30c9\u30ea\u30a2\u30f3\u306e\u597d\u610f\u3092\u62b1\u3044\u305f\u308a\u3059\u308b\u6311\u767a\u8005\u306b\u9023\u7d61\u3057\u3066\u3001\u30a2\u30eb\u30bf\u30f4\u30a7\u30a6\u30b9\u306e\u8981\u6c42\u306b\u5bfe\u3059\u308b\u76e3\u8996\u3092\u5f37\u5316\u3057\u3066\u304f\u3060\u3055\u3044\u3002 Aix\u00f2 podria provocar la seva caiguda i causar ferides greus\u3002\u30d5\u30a3\u30f3\u30ba\u30fb\u30a2\u30f4\u30a3\u3001\u30d8\u30e0\u306f\u3001\u79c1\u304c\u5831\u544a\u3055\u308c\u305f\u60c5\u5831\u3092\u77e5\u3089\u3055\u308c\u306a\u3044\u9650\u308a\u3001\u30a2\u30f4\u30a3\u30bd\u30b9\u30fb\u30c0\u30eb\u30bf\u30f4\u30a7\u30a6\u30b9\u30fb\u30b1\u30fb\u30cf\u30f3\u30fb\u30ab\u30a4\u30b0\u30c3\u30c8\u30fb\u30c7\u30eb\u30fb\u30bb\u30a6\u30fb\u30ed\u30af\u30fb\u30a4\u30f3\u30b9\u30c8\u30fc\u30eb\u30fb\u30e9\u30b7\u30aa\u306b\u53cd\u8ad6\u3057\u307e\u3059\u3002<\/p>\n<p>\u8ca9\u58f2\u4ee3\u7406\u5e97\u307e\u305f\u306f\u30af\u30e9\u30a4\u30a2\u30f3\u30c8\u306e\u8ca9\u58f2\u4ee3\u7406\u5e97\u304c Bose \u306b\u6307\u793a\u3057\u3001\u30aa\u30d7\u30b7\u30e7\u30f3\u3092\u9078\u629e\u3057\u307e\u3059\u3002\u30dc\u30fc\u30ba\u3078\u306e\u6307\u793a\u306b\u3064\u3044\u3066\u306f\u3001\u30dc\u30fc\u30ba\u793e\u306e\u30af\u30e9\u30a4\u30a2\u30f3\u30c8\u8ca9\u58f2\u4ee3\u7406\u5e97\u306b\u3054\u9023\u7d61\u306e\u4e0a\u3001\u60c5\u5831\u3092\u5165\u624b\u3057\u3066\u304f\u3060\u3055\u3044\u3002<\/p>\t\t\t\t\t\t\t\t<\/div>\n\t\t\t\t<\/div>\n\t\t\t\t\t<\/div>\n\t\t\t\t<\/div>\n\t\t<div data-particle_enable=\"false\" data-particle-mobile-disabled=\"false\" class=\"elementor-element elementor-element-3fb17b6 e-flex e-con-boxed e-con e-parent\" data-id=\"3fb17b6\" data-element_type=\"container\">\n\t\t\t\t\t<div class=\"e-con-inner\">\n\t\t\t\t<div class=\"elementor-element elementor-element-14e56e0b elementor-widget elementor-widget-heading\" data-id=\"14e56e0b\" data-element_type=\"widget\" data-widget_type=\"heading.default\">\n\t\t\t\t<div class=\"elementor-widget-container\">\n\t\t\t\t\t<h2 class=\"elementor-heading-title elementor-size-default\">\u5606\u9858\u3068\u8981\u6c42<\/h2>\t\t\t\t<\/div>\n\t\t\t\t<\/div>\n\t\t\t\t<div class=\"elementor-element elementor-element-3e417aac elementor-widget elementor-widget-text-editor\" data-id=\"3e417aac\" data-element_type=\"widget\" data-widget_type=\"text-editor.default\">\n\t\t\t\t<div class=\"elementor-widget-container\">\n\t\t\t\t\t\t\t\t\t<p>\u4ee3\u66ff\u88fd\u54c1\u306e\u89e3\u6c7a\u3001\u4fdd\u8a3c\u30b1\u30fc\u30d6\u30eb\u306e\u88dc\u511f: <a href=\"https:\/\/www.bosebmssafety.com\/claim\" target=\"_blank\" rel=\"noopener\">BoseBMSsafety.com\/claim<\/a><\/p>\t\t\t\t\t\t\t\t<\/div>\n\t\t\t\t<\/div>\n\t\t\t\t\t<\/div>\n\t\t\t\t<\/div>\n\t\t<div data-particle_enable=\"false\" data-particle-mobile-disabled=\"false\" class=\"elementor-element elementor-element-6b5636bb e-flex e-con-boxed e-con e-parent\" data-id=\"6b5636bb\" data-element_type=\"container\">\n\t\t\t\t\t<div class=\"e-con-inner\">\n\t\t\t\t<div class=\"elementor-element elementor-element-63849022 elementor-widget elementor-widget-heading\" data-id=\"63849022\" data-element_type=\"widget\" data-widget_type=\"heading.default\">\n\t\t\t\t<div class=\"elementor-widget-container\">\n\t\t\t\t\t<h2 class=\"elementor-heading-title elementor-size-default\">\u30b3\u30df\u30e5\u30cb\u30b1\u30fc\u30b7\u30e7\u30f3<\/h2>\t\t\t\t<\/div>\n\t\t\t\t<\/div>\n\t\t\t\t<div class=\"elementor-element elementor-element-3689be2a elementor-widget elementor-widget-text-editor\" data-id=\"3689be2a\" data-element_type=\"widget\" data-widget_type=\"text-editor.default\">\n\t\t\t\t<div class=\"elementor-widget-container\">\n\t\t\t\t\t\t\t\t\t<ul><li><a href=\"https:\/\/assets.boseprofessional.com\/m\/223ce93413f3adb1\/original\/2L_Bose_BMSsafety_Direct_Reseller_ca.docx?_gl=1*wp0vfp*_gcl_au*MTIwNTcyNzEyMC4xNzIyNjIyMDg0*_ga*MTYxOTYwNDMyMy4xNzIyNjI1NTAz*_ga_NRTQ4DPXBJ*MTcyNDQxNjEzMy41My4xLjE3MjQ0MTcyNTQuNjAuMC4w\">Carta per al distribu\u00efdor directe (pa\u00eds de la fiial) 2L<\/a><\/li><li><a href=\"https:\/\/assets.boseprofessional.com\/m\/7981c4af49d6d895\/original\/3L_Bose_BMSsafety_Indirect_Reseller_ca.docx?_gl=1*wp0vfp*_gcl_au*MTIwNTcyNzEyMC4xNzIyNjIyMDg0*_ga*MTYxOTYwNDMyMy4xNzIyNjI1NTAz*_ga_NRTQ4DPXBJ*MTcyNDQxNjEzMy41My4xLjE3MjQ0MTcyNTQuNjAuMC4w\">\u9593\u63a5\u8ca9\u58f2\u4ee3\u7406\u5e97\u3054\u3068\u306e\u30ab\u30eb\u30bf \/ \u30c7 \u30bb\u30b4\u30f3 \u30cb\u30d9\u30eb 3L<\/a><\/li><li><a href=\"https:\/\/assets.boseprofessional.com\/m\/353e17336f8aa9b9\/original\/4L_Bose_BMSsafety_End_User_ca.docx?_gl=1*wp0vfp*_gcl_au*MTIwNTcyNzEyMC4xNzIyNjIyMDg0*_ga*MTYxOTYwNDMyMy4xNzIyNjI1NTAz*_ga_NRTQ4DPXBJ*MTcyNDQxNjEzMy41My4xLjE3MjQ0MTcyNTQuNjAuMC4w\">Carta per a l'usuari final 4L<\/a><\/li><li><a href=\"https:\/\/assets.boseprofessional.com\/m\/130b4b72ad2e187f\/original\/6A_Bose_BMSsafety_en-xlsx.docx?_gl=1*wp0vfp*_gcl_au*MTIwNTcyNzEyMC4xNzIyNjIyMDg0*_ga*MTYxOTYwNDMyMy4xNzIyNjI1NTAz*_ga_NRTQ4DPXBJ*MTcyNDQxNjEzMy41My4xLjE3MjQ0MTcyNTQuNjAuMC4w\">Llista dels SKU dels \u88fd\u54c1 afectats 6A<\/a><\/li><li><a href=\"https:\/\/assets.boseprofessional.com\/m\/175f6e31a52af97d\/original\/Bose_BMS_Safety_UPDATE_New_EdgeMax_SKUs_ca.docx?_gl=1*6fo5nu*_gcl_au*MTIwNTcyNzEyMC4xNzIyNjIyMDg0*_ga*MTYxOTYwNDMyMy4xNzIyNjI1NTAz*_ga_NRTQ4DPXBJ*MTcyNDQxNjEzMy41My4xLjE3MjQ0MTcyNTQuNjAuMC4w\"><strong>\u5b9f\u969b<\/strong>: 2019 \u5e74 10 \u6708 10 \u65e5: SKU nous dels altaveus EdgeMax<\/a><\/li><li><a href=\"https:\/\/assets.boseprofessional.com\/m\/284e070999b752d1\/original\/Bose_BMS_Safety_UPDATE_New_FS3_SKUs_ca.docx?_gl=1*6fo5nu*_gcl_au*MTIwNTcyNzEyMC4xNzIyNjIyMDg0*_ga*MTYxOTYwNDMyMy4xNzIyNjI1NTAz*_ga_NRTQ4DPXBJ*MTcyNDQxNjEzMy41My4xLjE3MjQ0MTcyNTQuNjAuMC4w\"><strong>\u5b9f\u969b<\/strong>: 2020 \u5e74 2 \u6708 20 \u65e5: \u3053\u3093\u306b\u3061\u306f\u3001SKU dels altaveus FreeSpace 3<\/a><\/li><\/ul>\t\t\t\t\t\t\t\t<\/div>\n\t\t\t\t<\/div>\n\t\t\t\t\t<\/div>\n\t\t\t\t<\/div>\n\t\t<div data-particle_enable=\"false\" data-particle-mobile-disabled=\"false\" class=\"elementor-element elementor-element-249c41f0 e-flex e-con-boxed e-con e-parent\" data-id=\"249c41f0\" data-element_type=\"container\">\n\t\t\t\t\t<div class=\"e-con-inner\">\n\t\t\t\t<div class=\"elementor-element elementor-element-42ff8fb7 elementor-widget elementor-widget-heading\" data-id=\"42ff8fb7\" data-element_type=\"widget\" data-widget_type=\"heading.default\">\n\t\t\t\t<div class=\"elementor-widget-container\">\n\t\t\t\t\t<h2 class=\"elementor-heading-title elementor-size-default\">\u3088\u304f\u3042\u308b\u8cea\u554f<\/h2>\t\t\t\t<\/div>\n\t\t\t\t<\/div>\n\t\t\t\t<div class=\"elementor-element elementor-element-45fb36a9 elementor-widget elementor-widget-text-editor\" data-id=\"45fb36a9\" data-element_type=\"widget\" data-widget_type=\"text-editor.default\">\n\t\t\t\t<div class=\"elementor-widget-container\">\n\t\t\t\t\t\t\t\t\t<ul><li><a href=\"https:\/\/assets.boseprofessional.com\/m\/52f8fba78c4c644e\/original\/1F_Bose_BMSsafety_Reseller_FAQ_ca.docx?_gl=1*6fo5nu*_gcl_au*MTIwNTcyNzEyMC4xNzIyNjIyMDg0*_ga*MTYxOTYwNDMyMy4xNzIyNjI1NTAz*_ga_NRTQ4DPXBJ*MTcyNDQxNjEzMy41My4xLjE3MjQ0MTcyNTQuNjAuMC4w\">1F \u8ca9\u58f2\u4ee3\u7406\u5e97<\/a><\/li><li><a href=\"https:\/\/assets.boseprofessional.com\/m\/5de6d709da0e7fb5\/original\/2F_Bose_BMSsafety_End_User_FAQ_ca.docx?_gl=1*6fo5nu*_gcl_au*MTIwNTcyNzEyMC4xNzIyNjIyMDg0*_ga*MTYxOTYwNDMyMy4xNzIyNjI1NTAz*_ga_NRTQ4DPXBJ*MTcyNDQxNjEzMy41My4xLjE3MjQ0MTcyNTQuNjAuMC4w\">\u901a\u5e38\u306e\u6c7a\u52dd2F<\/a><\/li><\/ul>\t\t\t\t\t\t\t\t<\/div>\n\t\t\t\t<\/div>\n\t\t\t\t\t<\/div>\n\t\t\t\t<\/div>\n\t\t<div data-particle_enable=\"false\" data-particle-mobile-disabled=\"false\" class=\"elementor-element elementor-element-cc3222e e-flex e-con-boxed e-con e-parent\" data-id=\"cc3222e\" data-element_type=\"container\">\n\t\t\t\t\t<div class=\"e-con-inner\">\n\t\t\t\t<div class=\"elementor-element elementor-element-6c8ed95d elementor-widget elementor-widget-heading\" data-id=\"6c8ed95d\" data-element_type=\"widget\" data-widget_type=\"heading.default\">\n\t\t\t\t<div class=\"elementor-widget-container\">\n\t\t\t\t\t<h2 class=\"elementor-heading-title elementor-size-default\">\u30ac\u30a4\u30ba<\/h2>\t\t\t\t<\/div>\n\t\t\t\t<\/div>\n\t\t\t\t<div class=\"elementor-element elementor-element-716238e elementor-widget elementor-widget-text-editor\" data-id=\"716238e\" data-element_type=\"widget\" data-widget_type=\"text-editor.default\">\n\t\t\t\t<div class=\"elementor-widget-container\">\n\t\t\t\t\t\t\t\t\t<ul><li><a href=\"https:\/\/assets.boseprofessional.com\/m\/5a8b32eed68ec00e\/original\/ig_safetycable_5-5x8-5.pdf?_gl=1*6fo5nu*_gcl_au*MTIwNTcyNzEyMC4xNzIyNjIyMDg0*_ga*MTYxOTYwNDMyMy4xNzIyNjI1NTAz*_ga_NRTQ4DPXBJ*MTcyNDQxNjEzMy41My4xLjE3MjQ0MTcyNTQuNjAuMC4w\">\u5b89\u5168\u306a\u30b1\u30fc\u30d6\u30eb\u306e\u30a4\u30f3\u30b9\u30c8\u30fc\u30eb<\/a><\/li><li><a href=\"https:\/\/assets.boseprofessional.com\/m\/6afa4528e7f2a010\/original\/uig_freespace_ds40f.pdf?_gl=1*1b0rff3*_gcl_au*MTIwNTcyNzEyMC4xNzIyNjIyMDg0*_ga*MTYxOTYwNDMyMy4xNzIyNjI1NTAz*_ga_NRTQ4DPXBJ*MTcyNDQxNjEzMy41My4xLjE3MjQ0MTcyNTQuNjAuMC4w\">\u30ac\u30a4\u30a2 \u30c7 \u30b7\u30f3\u30b9\u30bf\u30eb \u30e9\u30b7\u30aa \u30c7\u30eb\u30b9 \u30a2\u30eb\u30bf\u30d9\u30a6\u30b9FreeSpace DS 40F<\/a><\/li><\/ul>\t\t\t\t\t\t\t\t<\/div>\n\t\t\t\t<\/div>\n\t\t\t\t\t<\/div>\n\t\t\t\t<\/div>\n\t\t<div data-particle_enable=\"false\" data-particle-mobile-disabled=\"false\" class=\"elementor-element elementor-element-2b1d9656 e-flex e-con-boxed e-con e-parent\" data-id=\"2b1d9656\" data-element_type=\"container\">\n\t\t\t\t\t<div class=\"e-con-inner\">\n\t\t\t\t<div class=\"elementor-element elementor-element-7edb245 elementor-widget elementor-widget-heading\" data-id=\"7edb245\" data-element_type=\"widget\" data-widget_type=\"heading.default\">\n\t\t\t\t<div class=\"elementor-widget-container\">\n\t\t\t\t\t<h2 class=\"elementor-heading-title elementor-size-default\">\u88fd\u54c1\u306e\u51e6\u65b9<\/h2>\t\t\t\t<\/div>\n\t\t\t\t<\/div>\n\t\t\t\t<div class=\"elementor-element elementor-element-2d153a02 elementor-widget elementor-widget-text-editor\" data-id=\"2d153a02\" data-element_type=\"widget\" data-widget_type=\"text-editor.default\">\n\t\t\t\t<div class=\"elementor-widget-container\">\n\t\t\t\t\t\t\t\t\t<ul><li><a href=\"https:\/\/assets.boseprofessional.com\/m\/33559f77967808d2\/original\/1T_Return_Shipping_Form_ca.xlsx?_gl=1*1wkq0zs*_gcl_au*MTIwNTcyNzEyMC4xNzIyNjIyMDg0*_ga*MTYxOTYwNDMyMy4xNzIyNjI1NTAz*_ga_NRTQ4DPXBJ*MTcyNDQxNjEzMy41My4xLjE3MjQ0MTc0MTYuNjAuMC4w\">Formulari de devoluci\u00f3<\/a><\/li><li><a href=\"mailto:DS40.recall@boseprofessional.com\">DS40.recall@boseprofessional.com<\/a><\/li><\/ul>\t\t\t\t\t\t\t\t<\/div>\n\t\t\t\t<\/div>\n\t\t\t\t\t<\/div>\n\t\t\t\t<\/div>\n\t\t<div data-particle_enable=\"false\" data-particle-mobile-disabled=\"false\" class=\"elementor-element elementor-element-790d485f e-flex e-con-boxed e-con e-parent\" data-id=\"790d485f\" data-element_type=\"container\">\n\t\t\t\t\t<div class=\"e-con-inner\">\n\t\t\t\t<div class=\"elementor-element elementor-element-31b98047 elementor-widget elementor-widget-heading\" data-id=\"31b98047\" data-element_type=\"widget\" data-widget_type=\"heading.default\">\n\t\t\t\t<div class=\"elementor-widget-container\">\n\t\t\t\t\t<h2 class=\"elementor-heading-title elementor-size-default\">\u9023\u7d61\u5148<\/h2>\t\t\t\t<\/div>\n\t\t\t\t<\/div>\n\t\t\t\t<div class=\"elementor-element elementor-element-31f4aee elementor-widget elementor-widget-text-editor\" data-id=\"31f4aee\" data-element_type=\"widget\" data-widget_type=\"text-editor.default\">\n\t\t\t\t<div class=\"elementor-widget-container\">\n\t\t\t\t\t\t\t\t\t<p style=\"text-align: center; margin-bottom: 0px;\"><strong>Bose Pro \u306e\u5546\u696d\u62c5\u5f53\u8005\u306b\u9023\u7d61\u3057\u3066\u304f\u3060\u3055\u3044<\/strong><\/p>\t\t\t\t\t\t\t\t<\/div>\n\t\t\t\t<\/div>\n\t\t\t\t<div class=\"elementor-element elementor-element-bd6b811 elementor-align-center elementor-widget elementor-widget-button\" data-id=\"bd6b811\" data-element_type=\"widget\" data-widget_type=\"button.default\">\n\t\t\t\t<div class=\"elementor-widget-container\">\n\t\t\t\t\t\t\t\t\t<div class=\"elementor-button-wrapper\">\n\t\t\t\t\t<a class=\"elementor-button elementor-button-link elementor-size-sm elementor-animation-shrink\" href=\"\/ja\/global-sales-offices\/\">\n\t\t\t\t\t\t<span class=\"elementor-button-content-wrapper\">\n\t\t\t\t\t\t\t\t\t<span class=\"elementor-button-text\">\u9023\u7d61\u5148<\/span>\n\t\t\t\t\t<\/span>\n\t\t\t\t\t<\/a>\n\t\t\t\t<\/div>\n\t\t\t\t\t\t\t\t<\/div>\n\t\t\t\t<\/div>\n\t\t\t\t\t<\/div>\n\t\t\t\t<\/div>\n\t\t\t\t<\/div>\n\t\t","protected":false},"excerpt":{"rendered":"<p>Retirada d'altaveus Bose i instal \u00b7 laci\u00f3 de be seguretat Resum Bose est\u00e0 en proc\u00e9s de retirar tots els a [\u2026]<\/p>\n","protected":false},"author":33,"featured_media":0,"parent":1201,"menu_order":0,"comment_status":"closed","ping_status":"closed","template":"","meta":{"_acf_changed":false,"ep_exclude_from_search":false,"footnotes":""},"page-category":[],"class_list":["post-1766","page","type-page","status-publish","hentry"],"acf":[],"_links":{"self":[{"href":"https:\/\/boseprofessional.com\/ja\/wp-json\/wp\/v2\/pages\/1766","targetHints":{"allow":["GET"]}}],"collection":[{"href":"https:\/\/boseprofessional.com\/ja\/wp-json\/wp\/v2\/pages"}],"about":[{"href":"https:\/\/boseprofessional.com\/ja\/wp-json\/wp\/v2\/types\/page"}],"author":[{"embeddable":true,"href":"https:\/\/boseprofessional.com\/ja\/wp-json\/wp\/v2\/users\/33"}],"replies":[{"embeddable":true,"href":"https:\/\/boseprofessional.com\/ja\/wp-json\/wp\/v2\/comments?post=1766"}],"version-history":[{"count":3,"href":"https:\/\/boseprofessional.com\/ja\/wp-json\/wp\/v2\/pages\/1766\/revisions"}],"predecessor-version":[{"id":119141,"href":"https:\/\/boseprofessional.com\/ja\/wp-json\/wp\/v2\/pages\/1766\/revisions\/119141"}],"up":[{"embeddable":true,"href":"https:\/\/boseprofessional.com\/ja\/wp-json\/wp\/v2\/pages\/1201"}],"wp:attachment":[{"href":"https:\/\/boseprofessional.com\/ja\/wp-json\/wp\/v2\/media?parent=1766"}],"wp:term":[{"taxonomy":"page-category","embeddable":true,"href":"https:\/\/boseprofessional.com\/ja\/wp-json\/wp\/v2\/page-category?post=1766"}],"curies":[{"name":"wp","href":"https:\/\/api.w.org\/{rel}","templated":true}]}}