{"id":53544,"date":"2024-01-16T09:35:44","date_gmt":"2024-01-16T09:35:44","guid":{"rendered":"https:\/\/uatnew.boseprofessional.com\/products\/uncategorized\/es1-ceiling-audio-solution"},"modified":"2025-03-07T19:09:07","modified_gmt":"2025-03-07T19:09:07","slug":"es1-ceiling-audio-solution","status":"publish","type":"product","link":"https:\/\/boseprofessional.com\/fr\/products\/system-packs\/conferencing-es1\/es1-ceiling-audio-solution\/","title":{"rendered":"ES1 Ceiling Audio Solution"},"content":{"rendered":"","protected":false},"excerpt":{"rendered":"<p>Solution de conf\u00e9rence haut de gamme v\u00e9ritablement int\u00e9gr\u00e9e, Bose Professional enceintes , Sennheiser TeamConnect plafond 2 micros, ControlSpace Processeur EX-440C et PowerSpace Amplificateur P2600A<\/p>\n","protected":false},"featured_media":103193,"template":"","meta":{"_acf_changed":false,"ep_exclude_from_search":false},"product_brand":[],"product_cat":[4887,4631],"product_tag":[],"class_list":{"0":"post-53544","1":"product","2":"type-product","3":"status-publish","4":"has-post-thumbnail","6":"product_cat-conferencing-es1","7":"product_cat-system-packs","8":"bose_series_name-ceiling-audio-solution","9":"bose_doc_category-design_tools","10":"bose_doc_category-technical-information","12":"first","13":"outofstock","14":"shipping-taxable","15":"product-type-variable"},"acf":[],"_links":{"self":[{"href":"https:\/\/boseprofessional.com\/fr\/wp-json\/wp\/v2\/product\/53544","targetHints":{"allow":["GET"]}}],"collection":[{"href":"https:\/\/boseprofessional.com\/fr\/wp-json\/wp\/v2\/product"}],"about":[{"href":"https:\/\/boseprofessional.com\/fr\/wp-json\/wp\/v2\/types\/product"}],"version-history":[{"count":1,"href":"https:\/\/boseprofessional.com\/fr\/wp-json\/wp\/v2\/product\/53544\/revisions"}],"predecessor-version":[{"id":151171,"href":"https:\/\/boseprofessional.com\/fr\/wp-json\/wp\/v2\/product\/53544\/revisions\/151171"}],"wp:featuredmedia":[{"embeddable":true,"href":"https:\/\/boseprofessional.com\/fr\/wp-json\/wp\/v2\/media\/103193"}],"wp:attachment":[{"href":"https:\/\/boseprofessional.com\/fr\/wp-json\/wp\/v2\/media?parent=53544"}],"wp:term":[{"taxonomy":"product_brand","embeddable":true,"href":"https:\/\/boseprofessional.com\/fr\/wp-json\/wp\/v2\/product_brand?post=53544"},{"taxonomy":"product_cat","embeddable":true,"href":"https:\/\/boseprofessional.com\/fr\/wp-json\/wp\/v2\/product_cat?post=53544"},{"taxonomy":"product_tag","embeddable":true,"href":"https:\/\/boseprofessional.com\/fr\/wp-json\/wp\/v2\/product_tag?post=53544"}],"curies":[{"name":"wp","href":"https:\/\/api.w.org\/{rel}","templated":true}]}}