{"id":17887,"date":"2023-12-07T17:59:35","date_gmt":"2023-12-07T17:59:35","guid":{"rendered":"https:\/\/uatnew.boseprofessional.com\/products\/uncategorized\/audiopack-pro-c6w"},"modified":"2024-11-05T11:06:44","modified_gmt":"2024-11-05T11:06:44","slug":"audiopack-pro-c6w","status":"publish","type":"product","link":"https:\/\/boseprofessional.com\/fr\/products\/system-packs\/audiopack-pro\/audiopack-pro-c6w\/","title":{"rendered":"AudioPack Pro C6W"},"content":{"rendered":"\n<div id=\"installer-step-by-step{idadd}\" class=\"{gcl}\">\n<div class=\"div-ce75fa0 {gcl}\">\n<h2 class=\"heading-c7000b6 {gcl}\">Installation \u00e9tape par \u00e9tape<\/h2>\n<\/div>\n\n\n\n<div class=\"div-c479be0 {gcl}\">\n<div class=\"div-cb158b1 {gcl}\">\r\n            <div class=\"wistia_responsive_padding\" style=\"padding:56.25% 0 0 0;position:relative;\">\r\n                <div class=\"wistia_responsive_wrapper\" style=\"height:100%;left:0;position:absolute;top:0;width:100%;\">\r\n                    <div class=\"wistia_embed wistia_async_magtsnylhj seo=true videoFoam=true\" style=\"height:100%;position:relative;width:100%\">\r\n                        <div class=\"wistia_swatch\" style=\"height:100%;left:0;opacity:0;overflow:hidden;position:absolute;top:0;transition:opacity 200ms;width:100%;\">\r\n                            <img decoding=\"async\" loading=\"lazy\" src=\"https:\/\/fast.wistia.com\/embed\/medias\/magtsnylhj\/swatch\" style=\"filter:blur(5px);height:100%;object-fit:contain;width:100%;\" alt=\"\" aria-hidden=\"true\" onload=\"this.parentNode.style.opacity=1;\" \/>\r\n                        <\/div>\r\n                    <\/div>\r\n                <\/div>\r\n            <\/div>\r\n\r\n        \r\n        <script>\r\n        jQuery(window).load(function(){\r\n            let tag = document.createElement(\"script\");\r\n            tag.src = \"https:\/\/fast.wistia.com\/embed\/medias\/magtsnylhj.jsonp\";\r\n            tag.setAttribute('defer', '');\r\n            document.getElementsByTagName(\"head\")[0].appendChild(tag);\r\n        })\r\n        <\/script>\r\n        \n\n\n<p class=\"paragraph-cfae1a6 {gcl}\"><strong>Regarder la vid\u00e9o<\/strong><\/p>\n<\/div>\n\n\n\n<div class=\"div-c1a79cd {gcl}\">\n<p>Si vous d\u00e9butez dans le domaine des syst\u00e8mes audio professionnels, vous vous posez peut-\u00eatre des questions sur les bonnes pratiques et o\u00f9 trouver les informations n\u00e9cessaires. Pour vous aider, nous avons cr\u00e9\u00e9 une <strong>page web d'instructions en ligne conviviale pour les installateurs.<\/strong> Elle propose un flux de travail simple et progressif pour la conception, la configuration et l'installation de votre syst\u00e8me. AudioPack Pro Un syst\u00e8me complet, tout en un seul endroit pratique.<\/p>\n\n\n\n<p>Dites adieu aux incertitudes et aux t\u00e2tonnements et bonjour \u00e0 des instructions en ligne de grande qualit\u00e9 qui assurent un processus de conception et d\u2019installation \u00e0 la fois rapide et efficace.<\/p>\n\n\n\n<div class=\"{gcl}\">\n<a class=\"{gcl} cc-btn {currentpageclass=static=https:\/\/boseprofessional.com\/c6-step-by-step}\" href=\"https:\/\/boseprofessional.com\/fr\/c6-step-by-step\/\" rel=\"noopener\" target=\"_blank\">aller \u00e0 la page<\/a>\n<\/div>\n<\/div>\n<\/div>\n<\/div>\n","protected":false},"excerpt":{"rendered":"","protected":false},"featured_media":45050,"template":"","meta":{"_acf_changed":false,"ep_exclude_from_search":false},"product_brand":[],"product_cat":[4632,4631],"product_tag":[],"class_list":{"0":"post-17887","1":"product","2":"type-product","3":"status-publish","4":"has-post-thumbnail","6":"product_cat-audiopack-pro","7":"product_cat-system-packs","8":"bose_series_name-audiopack-pro","10":"first","11":"outofstock","12":"shipping-taxable","13":"product-type-variable"},"acf":[],"_links":{"self":[{"href":"https:\/\/boseprofessional.com\/fr\/wp-json\/wp\/v2\/product\/17887","targetHints":{"allow":["GET"]}}],"collection":[{"href":"https:\/\/boseprofessional.com\/fr\/wp-json\/wp\/v2\/product"}],"about":[{"href":"https:\/\/boseprofessional.com\/fr\/wp-json\/wp\/v2\/types\/product"}],"version-history":[{"count":2,"href":"https:\/\/boseprofessional.com\/fr\/wp-json\/wp\/v2\/product\/17887\/revisions"}],"predecessor-version":[{"id":130521,"href":"https:\/\/boseprofessional.com\/fr\/wp-json\/wp\/v2\/product\/17887\/revisions\/130521"}],"wp:featuredmedia":[{"embeddable":true,"href":"https:\/\/boseprofessional.com\/fr\/wp-json\/wp\/v2\/media\/45050"}],"wp:attachment":[{"href":"https:\/\/boseprofessional.com\/fr\/wp-json\/wp\/v2\/media?parent=17887"}],"wp:term":[{"taxonomy":"product_brand","embeddable":true,"href":"https:\/\/boseprofessional.com\/fr\/wp-json\/wp\/v2\/product_brand?post=17887"},{"taxonomy":"product_cat","embeddable":true,"href":"https:\/\/boseprofessional.com\/fr\/wp-json\/wp\/v2\/product_cat?post=17887"},{"taxonomy":"product_tag","embeddable":true,"href":"https:\/\/boseprofessional.com\/fr\/wp-json\/wp\/v2\/product_tag?post=17887"}],"curies":[{"name":"wp","href":"https:\/\/api.w.org\/{rel}","templated":true}]}}