{"id":177121,"date":"2026-03-02T19:01:01","date_gmt":"2026-03-02T19:01:01","guid":{"rendered":"https:\/\/boseprofessional.com\/?post_type=product&#038;p=177121"},"modified":"2026-03-27T20:38:50","modified_gmt":"2026-03-27T20:38:50","slug":"designmax-dm12se-loudspeaker","status":"publish","type":"product","link":"https:\/\/boseprofessional.com\/fr\/products\/loudspeakers\/surface-mount\/designmax-surface-mount\/designmax-dm12se-loudspeaker\/","title":{"rendered":"DesignMax DM12SE 12-Inch Coaxial Surface-Mount Loudspeaker"},"content":{"rendered":"","protected":false},"excerpt":{"rendered":"<p>Le Bose Professional DesignMax Le DM12SE est un haut-parleur coaxial compact et r\u00e9sistant aux intemp\u00e9ries de 12 pouces. enceinte Offrant une performance optimale avec des basses profondes et une couverture conique homog\u00e8ne de 102\u00b0, ce syst\u00e8me audio est con\u00e7u pour une installation int\u00e9rieure et ext\u00e9rieure. Son design \u00e9pur\u00e9 et architectural allie puissance et robustesse, r\u00e9pondant ainsi aux exigences des salles de spectacle, des commerces, des \u00e9tablissements h\u00f4teliers et des lieux de culte.<\/p>\n","protected":false},"featured_media":177453,"template":"","meta":{"_acf_changed":false,"ep_exclude_from_search":false},"product_brand":[],"product_cat":[4764,3077,3081],"product_tag":[5473],"class_list":{"0":"post-177121","1":"product","2":"type-product","3":"status-publish","4":"has-post-thumbnail","6":"product_cat-designmax-surface-mount","7":"product_cat-loudspeakers","8":"product_cat-surface-mount","9":"product_tag-jp-only","10":"bose_series_name-designmax","11":"bose_doc_category-compliance_documents","12":"bose_doc_category-design_tools","13":"bose_doc_category-loudspeaker-files","14":"bose_doc_category-cad_files","15":"bose_doc_category-product_images_zip","16":"bose_doc_category-technical-information","17":"bose_doc_category-user_documentation","18":"bose_doc_category-5472","20":"first","21":"outofstock","22":"shipping-taxable","23":"product-type-variable"},"acf":[],"_links":{"self":[{"href":"https:\/\/boseprofessional.com\/fr\/wp-json\/wp\/v2\/product\/177121","targetHints":{"allow":["GET"]}}],"collection":[{"href":"https:\/\/boseprofessional.com\/fr\/wp-json\/wp\/v2\/product"}],"about":[{"href":"https:\/\/boseprofessional.com\/fr\/wp-json\/wp\/v2\/types\/product"}],"version-history":[{"count":2,"href":"https:\/\/boseprofessional.com\/fr\/wp-json\/wp\/v2\/product\/177121\/revisions"}],"predecessor-version":[{"id":179413,"href":"https:\/\/boseprofessional.com\/fr\/wp-json\/wp\/v2\/product\/177121\/revisions\/179413"}],"wp:featuredmedia":[{"embeddable":true,"href":"https:\/\/boseprofessional.com\/fr\/wp-json\/wp\/v2\/media\/177453"}],"wp:attachment":[{"href":"https:\/\/boseprofessional.com\/fr\/wp-json\/wp\/v2\/media?parent=177121"}],"wp:term":[{"taxonomy":"product_brand","embeddable":true,"href":"https:\/\/boseprofessional.com\/fr\/wp-json\/wp\/v2\/product_brand?post=177121"},{"taxonomy":"product_cat","embeddable":true,"href":"https:\/\/boseprofessional.com\/fr\/wp-json\/wp\/v2\/product_cat?post=177121"},{"taxonomy":"product_tag","embeddable":true,"href":"https:\/\/boseprofessional.com\/fr\/wp-json\/wp\/v2\/product_tag?post=177121"}],"curies":[{"name":"wp","href":"https:\/\/api.w.org\/{rel}","templated":true}]}}