{"id":159036,"date":"2025-04-08T15:53:53","date_gmt":"2025-04-08T15:53:53","guid":{"rendered":"https:\/\/boseprofessional.com\/?post_type=product&#038;p=159036"},"modified":"2026-03-27T20:38:48","modified_gmt":"2026-03-27T20:38:48","slug":"forum-fc112","status":"publish","type":"product","link":"https:\/\/boseprofessional.com\/fr\/products\/loudspeakers\/multipurpose\/forum\/forum-fc112\/","title":{"rendered":"Forum FC112"},"content":{"rendered":"","protected":false},"excerpt":{"rendered":"<p>Forum Le FC112 est un haut-parleur coaxial ponctuel \u00e0 large bande de 12 pouces. enceinte qui offre une fid\u00e9lit\u00e9 et une puissance exceptionnelles dans un format compact et facile \u00e0 installer.<\/p>\n","protected":false},"featured_media":159669,"template":"","meta":{"_acf_changed":false,"ep_exclude_from_search":false},"product_brand":[],"product_cat":[5336,3077,3090],"product_tag":[5473],"class_list":{"0":"post-159036","1":"product","2":"type-product","3":"status-publish","4":"has-post-thumbnail","6":"product_cat-forum","7":"product_cat-loudspeakers","8":"product_cat-multipurpose","9":"product_tag-jp-only","10":"bose_series_name-forum","11":"bose_doc_category-compliance_documents","12":"bose_doc_category-loudspeaker-files","13":"bose_doc_category-cad_files","14":"bose_doc_category-product_brochure","15":"bose_doc_category-product_images_zip","16":"bose_doc_category-technical-information","17":"bose_doc_category-user_documentation","19":"first","20":"outofstock","21":"shipping-taxable","22":"product-type-variable"},"acf":[],"_links":{"self":[{"href":"https:\/\/boseprofessional.com\/fr\/wp-json\/wp\/v2\/product\/159036","targetHints":{"allow":["GET"]}}],"collection":[{"href":"https:\/\/boseprofessional.com\/fr\/wp-json\/wp\/v2\/product"}],"about":[{"href":"https:\/\/boseprofessional.com\/fr\/wp-json\/wp\/v2\/types\/product"}],"version-history":[{"count":3,"href":"https:\/\/boseprofessional.com\/fr\/wp-json\/wp\/v2\/product\/159036\/revisions"}],"predecessor-version":[{"id":176210,"href":"https:\/\/boseprofessional.com\/fr\/wp-json\/wp\/v2\/product\/159036\/revisions\/176210"}],"wp:featuredmedia":[{"embeddable":true,"href":"https:\/\/boseprofessional.com\/fr\/wp-json\/wp\/v2\/media\/159669"}],"wp:attachment":[{"href":"https:\/\/boseprofessional.com\/fr\/wp-json\/wp\/v2\/media?parent=159036"}],"wp:term":[{"taxonomy":"product_brand","embeddable":true,"href":"https:\/\/boseprofessional.com\/fr\/wp-json\/wp\/v2\/product_brand?post=159036"},{"taxonomy":"product_cat","embeddable":true,"href":"https:\/\/boseprofessional.com\/fr\/wp-json\/wp\/v2\/product_cat?post=159036"},{"taxonomy":"product_tag","embeddable":true,"href":"https:\/\/boseprofessional.com\/fr\/wp-json\/wp\/v2\/product_tag?post=159036"}],"curies":[{"name":"wp","href":"https:\/\/api.w.org\/{rel}","templated":true}]}}