{"id":158408,"date":"2025-04-24T20:50:00","date_gmt":"2025-04-24T20:50:00","guid":{"rendered":"https:\/\/boseprofessional.com\/?post_type=product&#038;p=158408"},"modified":"2025-08-18T20:10:09","modified_gmt":"2025-08-18T20:10:09","slug":"showtime-sk12","status":"publish","type":"product","link":"https:\/\/boseprofessional.com\/fr\/products\/loudspeakers\/surface-mount\/showtime\/showtime-sk12\/","title":{"rendered":"ShowTime SK12"},"content":{"rendered":"","protected":false},"excerpt":{"rendered":"<p>Sp\u00e9cialement con\u00e7u pour les applications KTV (karaok\u00e9), le SK12 est un haut-parleur d'int\u00e9rieur large bande de 12 pouces. enceinte alliant performances exceptionnelles et fiabilit\u00e9 au quotidien, le SK12 est un haut-parleur d'int\u00e9rieur large bande de 12 pouces sp\u00e9cialement con\u00e7u pour les applications KTV (karaok\u00e9). Sp\u00e9cialement con\u00e7u pour ces applications, il est id\u00e9al pour une utilisation en int\u00e9rieur. enceinte qui allie des performances exceptionnelles \u00e0 une fiabilit\u00e9 au quotidien.<\/p>\n","protected":false},"featured_media":160140,"template":"","meta":{"_acf_changed":false,"ep_exclude_from_search":false},"product_brand":[],"product_cat":[5260,3077,3081],"product_tag":[5245],"class_list":{"0":"post-158408","1":"product","2":"type-product","3":"status-publish","4":"has-post-thumbnail","6":"product_cat-showtime","7":"product_cat-loudspeakers","8":"product_cat-surface-mount","9":"product_tag-asia-reg-1-only","10":"bose_series_name-showtime","11":"bose_doc_category-compliance_documents","12":"bose_doc_category-product_images_zip","13":"bose_doc_category-technical-information","14":"bose_doc_category-user_documentation","15":"geotargetlygeocontent1738081148430_content_1","17":"first","18":"outofstock","19":"shipping-taxable","20":"product-type-variable"},"acf":[],"_links":{"self":[{"href":"https:\/\/boseprofessional.com\/fr\/wp-json\/wp\/v2\/product\/158408","targetHints":{"allow":["GET"]}}],"collection":[{"href":"https:\/\/boseprofessional.com\/fr\/wp-json\/wp\/v2\/product"}],"about":[{"href":"https:\/\/boseprofessional.com\/fr\/wp-json\/wp\/v2\/types\/product"}],"version-history":[{"count":3,"href":"https:\/\/boseprofessional.com\/fr\/wp-json\/wp\/v2\/product\/158408\/revisions"}],"predecessor-version":[{"id":169777,"href":"https:\/\/boseprofessional.com\/fr\/wp-json\/wp\/v2\/product\/158408\/revisions\/169777"}],"wp:featuredmedia":[{"embeddable":true,"href":"https:\/\/boseprofessional.com\/fr\/wp-json\/wp\/v2\/media\/160140"}],"wp:attachment":[{"href":"https:\/\/boseprofessional.com\/fr\/wp-json\/wp\/v2\/media?parent=158408"}],"wp:term":[{"taxonomy":"product_brand","embeddable":true,"href":"https:\/\/boseprofessional.com\/fr\/wp-json\/wp\/v2\/product_brand?post=158408"},{"taxonomy":"product_cat","embeddable":true,"href":"https:\/\/boseprofessional.com\/fr\/wp-json\/wp\/v2\/product_cat?post=158408"},{"taxonomy":"product_tag","embeddable":true,"href":"https:\/\/boseprofessional.com\/fr\/wp-json\/wp\/v2\/product_tag?post=158408"}],"curies":[{"name":"wp","href":"https:\/\/api.w.org\/{rel}","templated":true}]}}