{"id":138622,"date":"2024-12-02T22:54:44","date_gmt":"2024-12-02T22:54:44","guid":{"rendered":"https:\/\/bosepro-dev-test.boseprofessional.com\/?post_type=product&#038;p=138622"},"modified":"2025-08-18T20:10:32","modified_gmt":"2025-08-18T20:10:32","slug":"802-series-v-installed-sound-reinforcement-loudspeaker","status":"publish","type":"product","link":"https:\/\/boseprofessional.com\/fr\/products\/loudspeakers\/surface-mount\/802-402\/802-series-v-installed-sound-reinforcement-loudspeaker\/","title":{"rendered":"802 Series V installed sound reinforcement loudspeaker"},"content":{"rendered":"","protected":false},"excerpt":{"rendered":"<p>La l\u00e9gende continue. Un des syst\u00e8mes de sonorisation les plus vendus. enceintes retours. La s\u00e9rie 802 V est dot\u00e9e de huit haut-parleurs large bande de 4,5 pouces offrant une r\u00e9ponse en fr\u00e9quence lin\u00e9aire.<\/p>\n","protected":false},"featured_media":138623,"template":"","meta":{"_acf_changed":false,"ep_exclude_from_search":false},"product_brand":[],"product_cat":[5211,3077,3081],"product_tag":[5245],"class_list":{"0":"post-138622","1":"product","2":"type-product","3":"status-publish","4":"has-post-thumbnail","6":"product_cat-802-402","7":"product_cat-loudspeakers","8":"product_cat-surface-mount","9":"product_tag-asia-reg-1-only","10":"bose_series_name-series-v","11":"bose_doc_category-compliance_documents","12":"bose_doc_category-loudspeaker-files","13":"bose_doc_category-product_images_zip","14":"bose_doc_category-technical-information","15":"bose_doc_category-user_documentation","16":"geotargetlygeocontent1738081148430_content_1","18":"first","19":"outofstock","20":"shipping-taxable","21":"product-type-variable"},"acf":[],"_links":{"self":[{"href":"https:\/\/boseprofessional.com\/fr\/wp-json\/wp\/v2\/product\/138622","targetHints":{"allow":["GET"]}}],"collection":[{"href":"https:\/\/boseprofessional.com\/fr\/wp-json\/wp\/v2\/product"}],"about":[{"href":"https:\/\/boseprofessional.com\/fr\/wp-json\/wp\/v2\/types\/product"}],"version-history":[{"count":3,"href":"https:\/\/boseprofessional.com\/fr\/wp-json\/wp\/v2\/product\/138622\/revisions"}],"predecessor-version":[{"id":160936,"href":"https:\/\/boseprofessional.com\/fr\/wp-json\/wp\/v2\/product\/138622\/revisions\/160936"}],"wp:featuredmedia":[{"embeddable":true,"href":"https:\/\/boseprofessional.com\/fr\/wp-json\/wp\/v2\/media\/138623"}],"wp:attachment":[{"href":"https:\/\/boseprofessional.com\/fr\/wp-json\/wp\/v2\/media?parent=138622"}],"wp:term":[{"taxonomy":"product_brand","embeddable":true,"href":"https:\/\/boseprofessional.com\/fr\/wp-json\/wp\/v2\/product_brand?post=138622"},{"taxonomy":"product_cat","embeddable":true,"href":"https:\/\/boseprofessional.com\/fr\/wp-json\/wp\/v2\/product_cat?post=138622"},{"taxonomy":"product_tag","embeddable":true,"href":"https:\/\/boseprofessional.com\/fr\/wp-json\/wp\/v2\/product_tag?post=138622"}],"curies":[{"name":"wp","href":"https:\/\/api.w.org\/{rel}","templated":true}]}}