{"id":136961,"date":"2024-12-02T19:16:52","date_gmt":"2024-12-02T19:16:52","guid":{"rendered":"https:\/\/bosepro-dev-test.boseprofessional.com\/?post_type=product&#038;p=136961"},"modified":"2025-07-02T15:51:49","modified_gmt":"2025-07-02T15:51:49","slug":"arenamatch-amu108-120-compact-high-performance-loudspeaker","status":"publish","type":"product","link":"https:\/\/boseprofessional.com\/fr\/products\/loudspeakers\/surface-mount\/amu\/arenamatch-amu108-120-compact-high-performance-loudspeaker\/","title":{"rendered":"ArenaMatch AMU108-120 compact high-performance loudspeaker"},"content":{"rendered":"","protected":false},"excerpt":{"rendered":"<p>L'AMU108-120 offre une couverture large et uniforme gr\u00e2ce \u00e0 un pavillon haute fr\u00e9quence \u00e0 directivit\u00e9 constante orientable de 120\u00b0 \u00d7 60\u00b0, d\u00e9livrant un excellent rendement dans un format compact.<\/p>\n","protected":false},"featured_media":137029,"template":"","meta":{"_acf_changed":false,"ep_exclude_from_search":false},"product_brand":[],"product_cat":[3088,3077,3081],"product_tag":[],"class_list":{"0":"post-136961","1":"product","2":"type-product","3":"status-publish","4":"has-post-thumbnail","6":"product_cat-amu","7":"product_cat-loudspeakers","8":"product_cat-surface-mount","9":"bose_series_name-arenamatch-utility","10":"bose_doc_category-compliance_documents","11":"bose_doc_category-loudspeaker-files","12":"bose_doc_category-cad_files","13":"bose_doc_category-product_images_zip","14":"bose_doc_category-technical_data_sheet","15":"bose_doc_category-user_documentation","17":"first","18":"outofstock","19":"shipping-taxable","20":"product-type-variable"},"acf":[],"_links":{"self":[{"href":"https:\/\/boseprofessional.com\/fr\/wp-json\/wp\/v2\/product\/136961","targetHints":{"allow":["GET"]}}],"collection":[{"href":"https:\/\/boseprofessional.com\/fr\/wp-json\/wp\/v2\/product"}],"about":[{"href":"https:\/\/boseprofessional.com\/fr\/wp-json\/wp\/v2\/types\/product"}],"version-history":[{"count":4,"href":"https:\/\/boseprofessional.com\/fr\/wp-json\/wp\/v2\/product\/136961\/revisions"}],"predecessor-version":[{"id":171240,"href":"https:\/\/boseprofessional.com\/fr\/wp-json\/wp\/v2\/product\/136961\/revisions\/171240"}],"wp:featuredmedia":[{"embeddable":true,"href":"https:\/\/boseprofessional.com\/fr\/wp-json\/wp\/v2\/media\/137029"}],"wp:attachment":[{"href":"https:\/\/boseprofessional.com\/fr\/wp-json\/wp\/v2\/media?parent=136961"}],"wp:term":[{"taxonomy":"product_brand","embeddable":true,"href":"https:\/\/boseprofessional.com\/fr\/wp-json\/wp\/v2\/product_brand?post=136961"},{"taxonomy":"product_cat","embeddable":true,"href":"https:\/\/boseprofessional.com\/fr\/wp-json\/wp\/v2\/product_cat?post=136961"},{"taxonomy":"product_tag","embeddable":true,"href":"https:\/\/boseprofessional.com\/fr\/wp-json\/wp\/v2\/product_tag?post=136961"}],"curies":[{"name":"wp","href":"https:\/\/api.w.org\/{rel}","templated":true}]}}