{"id":134112,"date":"2024-11-14T14:35:05","date_gmt":"2024-11-14T14:35:05","guid":{"rendered":"https:\/\/bosepro-dev-test.boseprofessional.com\/?post_type=product&#038;p=134112"},"modified":"2025-11-14T14:23:39","modified_gmt":"2025-11-14T14:23:39","slug":"controlspace-cloud","status":"publish","type":"product","link":"https:\/\/boseprofessional.com\/fr\/products\/software\/system-design-control\/controlspace-cloud\/","title":{"rendered":"ControlSpace Cloud"},"content":{"rendered":"","protected":false},"excerpt":{"rendered":"<p>D\u00e9couvrez un nouveau niveau d'intelligence et de surveillance. ControlSpace Cloud offre une gestion plus intelligente, des performances surveill\u00e9es, ainsi qu'une meilleure visibilit\u00e9 et une fiabilit\u00e9 accrue<\/p>\n","protected":false},"featured_media":126769,"template":"","meta":{"_acf_changed":false,"ep_exclude_from_search":false},"product_brand":[],"product_cat":[4859],"product_tag":[],"class_list":{"0":"post-134112","1":"product","2":"type-product","3":"status-publish","4":"has-post-thumbnail","6":"product_cat-system-design-control","7":"bose_series_name-controlspace","8":"bose_doc_category-latest_software","10":"first","11":"outofstock","12":"shipping-taxable","13":"product-type-variable"},"acf":[],"_links":{"self":[{"href":"https:\/\/boseprofessional.com\/fr\/wp-json\/wp\/v2\/product\/134112","targetHints":{"allow":["GET"]}}],"collection":[{"href":"https:\/\/boseprofessional.com\/fr\/wp-json\/wp\/v2\/product"}],"about":[{"href":"https:\/\/boseprofessional.com\/fr\/wp-json\/wp\/v2\/types\/product"}],"version-history":[{"count":3,"href":"https:\/\/boseprofessional.com\/fr\/wp-json\/wp\/v2\/product\/134112\/revisions"}],"predecessor-version":[{"id":173523,"href":"https:\/\/boseprofessional.com\/fr\/wp-json\/wp\/v2\/product\/134112\/revisions\/173523"}],"wp:featuredmedia":[{"embeddable":true,"href":"https:\/\/boseprofessional.com\/fr\/wp-json\/wp\/v2\/media\/126769"}],"wp:attachment":[{"href":"https:\/\/boseprofessional.com\/fr\/wp-json\/wp\/v2\/media?parent=134112"}],"wp:term":[{"taxonomy":"product_brand","embeddable":true,"href":"https:\/\/boseprofessional.com\/fr\/wp-json\/wp\/v2\/product_brand?post=134112"},{"taxonomy":"product_cat","embeddable":true,"href":"https:\/\/boseprofessional.com\/fr\/wp-json\/wp\/v2\/product_cat?post=134112"},{"taxonomy":"product_tag","embeddable":true,"href":"https:\/\/boseprofessional.com\/fr\/wp-json\/wp\/v2\/product_tag?post=134112"}],"curies":[{"name":"wp","href":"https:\/\/api.w.org\/{rel}","templated":true}]}}