{"id":7816,"date":"2023-10-30T04:16:21","date_gmt":"2023-10-30T04:16:21","guid":{"rendered":"https:\/\/uatnew.boseprofessional.com\/?page_id=7816"},"modified":"2024-08-23T14:38:25","modified_gmt":"2024-08-23T14:38:25","slug":"loudspeakers","status":"publish","type":"page","link":"https:\/\/boseprofessional.com\/fr\/resources\/discontinued-products\/loudspeakers\/","title":{"rendered":"Discontinued Loudspeakers"},"content":{"rendered":"\t\t<div data-elementor-type=\"wp-page\" data-elementor-id=\"7816\" class=\"elementor elementor-7816\" data-elementor-post-type=\"page\">\n\t\t\t\t<div data-particle_enable=\"false\" data-particle-mobile-disabled=\"false\" class=\"elementor-element elementor-element-4140a0b e-con-full e-flex e-con e-parent\" data-id=\"4140a0b\" data-element_type=\"container\">\n\t\t\t\t<div class=\"elementor-element elementor-element-299223c elementor-widget elementor-widget-heading\" data-id=\"299223c\" data-element_type=\"widget\" data-widget_type=\"heading.default\">\n\t\t\t\t<div class=\"elementor-widget-container\">\n\t\t\t\t\t<h2 class=\"elementor-heading-title elementor-size-default\">Produit abandonn\u00e9 enceintes<\/h2>\t\t\t\t<\/div>\n\t\t\t\t<\/div>\n\t\t\t\t<\/div>\n\t\t<div data-particle_enable=\"false\" data-particle-mobile-disabled=\"false\" class=\"elementor-element elementor-element-0031b45 e-con-full banner-bottom-tittle e-flex e-con e-parent\" data-id=\"0031b45\" data-element_type=\"container\" data-settings=\"{&quot;background_background&quot;:&quot;classic&quot;}\">\n\t\t\t\t<div class=\"elementor-element elementor-element-18ab5a3 elementor-widget elementor-widget-text-editor\" data-id=\"18ab5a3\" data-element_type=\"widget\" data-widget_type=\"text-editor.default\">\n\t\t\t\t<div class=\"elementor-widget-container\">\n\t\t\t\t\t\t\t\t\t<p class=\"paragraph-cef87e0 bp_mar-btm-0 bp_text-white bp_text-trans-upper\"><a class=\"back-res-btn\" href=\"\/fr\/resources\/discontinued-products\/amplifiers\/\"><i class=\"fa fa-angle-left ccrightarw\" aria-hidden=\"true\"><\/i> RETOUR \u00c0 LA PAGE DES PRODUITS ABANDONN\u00c9S amplificateurs<\/a><\/p>\t\t\t\t\t\t\t\t<\/div>\n\t\t\t\t<\/div>\n\t\t\t\t<\/div>\n\t\t<div data-particle_enable=\"false\" data-particle-mobile-disabled=\"false\" class=\"elementor-element elementor-element-7d941fe e-flex e-con-boxed e-con e-parent\" data-id=\"7d941fe\" data-element_type=\"container\">\n\t\t\t\t\t<div class=\"e-con-inner\">\n\t\t<div data-particle_enable=\"false\" data-particle-mobile-disabled=\"false\" class=\"elementor-element elementor-element-e3c827b e-flex e-con-boxed e-con e-child\" data-id=\"e3c827b\" data-element_type=\"container\">\n\t\t\t\t\t<div class=\"e-con-inner\">\n\t\t<div data-particle_enable=\"false\" data-particle-mobile-disabled=\"false\" class=\"elementor-element elementor-element-74ba7f9 e-con-full e-flex e-con e-child\" data-id=\"74ba7f9\" data-element_type=\"container\" data-settings=\"{&quot;background_background&quot;:&quot;classic&quot;}\">\n\t\t\t\t<div class=\"elementor-element elementor-element-aba7e1a content-align-cta-center elementor-widget elementor-widget-eael-cta-box\" data-id=\"aba7e1a\" data-element_type=\"widget\" data-widget_type=\"eael-cta-box.default\">\n\t\t\t\t<div class=\"elementor-widget-container\">\n\t\t\t\t\t\t\t<div class=\"eael-call-to-action cta-basic bg-lite cta-preset-1\">\n        <h2 class=\"title eael-cta-heading\">DesignMax<\/h2><p>&nbsp;<\/p><a href=\"\/fr\/resources\/discontinued-products\/loudspeakers\/designmax\/\" class=\"cta-button cta-preset-1  effect-2\">Explorer<\/a>\t<\/div>\n\t\t\t\t\t\t\t\t<\/div>\n\t\t\t\t<\/div>\n\t\t\t\t<\/div>\n\t\t<div data-particle_enable=\"false\" data-particle-mobile-disabled=\"false\" class=\"elementor-element elementor-element-0192f38 e-con-full e-flex e-con e-child\" data-id=\"0192f38\" data-element_type=\"container\">\n\t\t\t\t<div class=\"elementor-element elementor-element-6cbcc7b content-align-cta-center elementor-widget elementor-widget-eael-cta-box\" data-id=\"6cbcc7b\" data-element_type=\"widget\" data-widget_type=\"eael-cta-box.default\">\n\t\t\t\t<div class=\"elementor-widget-container\">\n\t\t\t\t\t\t\t<div class=\"eael-call-to-action cta-basic bg-lite cta-preset-1\">\n        <h2 class=\"title eael-cta-heading\">FreeSpace<\/h2><p>&nbsp;<\/p><a href=\"\/fr\/resources\/discontinued-products\/loudspeakers\/freespace\/\" class=\"cta-button cta-preset-1  effect-2\">Explorer<\/a>\t<\/div>\n\t\t\t\t\t\t\t\t<\/div>\n\t\t\t\t<\/div>\n\t\t\t\t<\/div>\n\t\t<div data-particle_enable=\"false\" data-particle-mobile-disabled=\"false\" class=\"elementor-element elementor-element-433543f e-con-full e-flex e-con e-child\" data-id=\"433543f\" data-element_type=\"container\">\n\t\t\t\t<div class=\"elementor-element elementor-element-ef95477 content-align-cta-center elementor-widget elementor-widget-eael-cta-box\" data-id=\"ef95477\" data-element_type=\"widget\" data-widget_type=\"eael-cta-box.default\">\n\t\t\t\t<div class=\"elementor-widget-container\">\n\t\t\t\t\t\t\t<div class=\"eael-call-to-action cta-basic bg-lite cta-preset-1\">\n        <h2 class=\"title eael-cta-heading\">L1<\/h2><p>&nbsp;<\/p><a href=\"\/fr\/resources\/discontinued-products\/loudspeakers\/l1\/\" class=\"cta-button cta-preset-1  effect-2\">Explorer<\/a>\t<\/div>\n\t\t\t\t\t\t\t\t<\/div>\n\t\t\t\t<\/div>\n\t\t\t\t<\/div>\n\t\t<div data-particle_enable=\"false\" data-particle-mobile-disabled=\"false\" class=\"elementor-element elementor-element-ad5413c e-con-full e-flex e-con e-child\" data-id=\"ad5413c\" data-element_type=\"container\">\n\t\t\t\t<div class=\"elementor-element elementor-element-8421b45 content-align-cta-center elementor-widget elementor-widget-eael-cta-box\" data-id=\"8421b45\" data-element_type=\"widget\" data-widget_type=\"eael-cta-box.default\">\n\t\t\t\t<div class=\"elementor-widget-container\">\n\t\t\t\t\t\t\t<div class=\"eael-call-to-action cta-basic bg-lite cta-preset-1\">\n        <h2 class=\"title eael-cta-heading\">LT<\/h2><p>&nbsp;<\/p><a href=\"\/fr\/resources\/discontinued-products\/loudspeakers\/lt-series\/\" class=\"cta-button cta-preset-1  effect-2\">Explorer<\/a>\t<\/div>\n\t\t\t\t\t\t\t\t<\/div>\n\t\t\t\t<\/div>\n\t\t\t\t<\/div>\n\t\t<div data-particle_enable=\"false\" data-particle-mobile-disabled=\"false\" class=\"elementor-element elementor-element-eb39abd e-con-full e-flex e-con e-child\" data-id=\"eb39abd\" data-element_type=\"container\">\n\t\t\t\t<div class=\"elementor-element elementor-element-994e5d7 content-align-cta-center elementor-widget elementor-widget-eael-cta-box\" data-id=\"994e5d7\" data-element_type=\"widget\" data-widget_type=\"eael-cta-box.default\">\n\t\t\t\t<div class=\"elementor-widget-container\">\n\t\t\t\t\t\t\t<div class=\"eael-call-to-action cta-basic bg-lite cta-preset-1\">\n        <h2 class=\"title eael-cta-heading\">Panaray<\/h2><p>&nbsp;<\/p><a href=\"\/fr\/resources\/discontinued-products\/loudspeakers\/panaray\/\" class=\"cta-button cta-preset-1  effect-2\">Explorer<\/a>\t<\/div>\n\t\t\t\t\t\t\t\t<\/div>\n\t\t\t\t<\/div>\n\t\t\t\t<\/div>\n\t\t<div data-particle_enable=\"false\" data-particle-mobile-disabled=\"false\" class=\"elementor-element elementor-element-c2c60cf e-con-full e-flex e-con e-child\" data-id=\"c2c60cf\" data-element_type=\"container\">\n\t\t\t\t<div class=\"elementor-element elementor-element-e60990b content-align-cta-center elementor-widget elementor-widget-eael-cta-box\" data-id=\"e60990b\" data-element_type=\"widget\" data-widget_type=\"eael-cta-box.default\">\n\t\t\t\t<div class=\"elementor-widget-container\">\n\t\t\t\t\t\t\t<div class=\"eael-call-to-action cta-basic bg-lite cta-preset-1\">\n        <h2 class=\"title eael-cta-heading\">Portable<\/h2><p>&nbsp;<\/p><a href=\"\/fr\/resources\/discontinued-products\/loudspeakers\/portable\/\" class=\"cta-button cta-preset-1  effect-2\">Explorer<\/a>\t<\/div>\n\t\t\t\t\t\t\t\t<\/div>\n\t\t\t\t<\/div>\n\t\t\t\t<\/div>\n\t\t<div data-particle_enable=\"false\" data-particle-mobile-disabled=\"false\" class=\"elementor-element elementor-element-9a8983b e-con-full e-flex e-con e-child\" data-id=\"9a8983b\" data-element_type=\"container\">\n\t\t\t\t<div class=\"elementor-element elementor-element-1ebcda7 content-align-cta-center elementor-widget elementor-widget-eael-cta-box\" data-id=\"1ebcda7\" data-element_type=\"widget\" data-widget_type=\"eael-cta-box.default\">\n\t\t\t\t<div class=\"elementor-widget-container\">\n\t\t\t\t\t\t\t<div class=\"eael-call-to-action cta-basic bg-lite cta-preset-1\">\n        <h2 class=\"title eael-cta-heading\">RoomMatch<\/h2><p>&nbsp;<\/p><a href=\"\/fr\/resources\/discontinued-products\/loudspeakers\/roommatch\/\" class=\"cta-button cta-preset-1  effect-2\">Explorer<\/a>\t<\/div>\n\t\t\t\t\t\t\t\t<\/div>\n\t\t\t\t<\/div>\n\t\t\t\t<\/div>\n\t\t<div data-particle_enable=\"false\" data-particle-mobile-disabled=\"false\" class=\"elementor-element elementor-element-6a6e140 e-con-full e-flex e-con e-child\" data-id=\"6a6e140\" data-element_type=\"container\">\n\t\t\t\t<div class=\"elementor-element elementor-element-019333a content-align-cta-center elementor-widget elementor-widget-eael-cta-box\" data-id=\"019333a\" data-element_type=\"widget\" data-widget_type=\"eael-cta-box.default\">\n\t\t\t\t<div class=\"elementor-widget-container\">\n\t\t\t\t\t\t\t<div class=\"eael-call-to-action cta-basic bg-lite cta-preset-1\">\n        <h2 class=\"title eael-cta-heading\">Caissons de basse<\/h2><p>&nbsp;<\/p><a href=\"\/fr\/resources\/discontinued-products\/loudspeakers\/subwoofers\/\" class=\"cta-button cta-preset-1  effect-2\">Explorer<\/a>\t<\/div>\n\t\t\t\t\t\t\t\t<\/div>\n\t\t\t\t<\/div>\n\t\t\t\t<\/div>\n\t\t<div data-particle_enable=\"false\" data-particle-mobile-disabled=\"false\" class=\"elementor-element elementor-element-da208b8 e-con-full e-flex e-con e-child\" data-id=\"da208b8\" data-element_type=\"container\">\n\t\t\t\t<div class=\"elementor-element elementor-element-1ea2c62 content-align-cta-center elementor-widget elementor-widget-eael-cta-box\" data-id=\"1ea2c62\" data-element_type=\"widget\" data-widget_type=\"eael-cta-box.default\">\n\t\t\t\t<div class=\"elementor-widget-container\">\n\t\t\t\t\t\t\t<div class=\"eael-call-to-action cta-basic bg-lite cta-preset-1\">\n        <h2 class=\"title eael-cta-heading\">S1<\/h2><p>&nbsp;<\/p><a href=\"\/fr\/resources\/discontinued-products\/loudspeakers\/discontinued-s1-loudspeakers\/\" class=\"cta-button cta-preset-1  effect-2\">Explorer<\/a>\t<\/div>\n\t\t\t\t\t\t\t\t<\/div>\n\t\t\t\t<\/div>\n\t\t\t\t<\/div>\n\t\t<div data-particle_enable=\"false\" data-particle-mobile-disabled=\"false\" class=\"elementor-element elementor-element-9a8f457 e-con-full e-flex e-con e-child\" data-id=\"9a8f457\" data-element_type=\"container\">\n\t\t\t\t<\/div>\n\t\t<div data-particle_enable=\"false\" data-particle-mobile-disabled=\"false\" class=\"elementor-element elementor-element-34c512c e-con-full e-flex e-con e-child\" data-id=\"34c512c\" data-element_type=\"container\">\n\t\t\t\t<\/div>\n\t\t\t\t\t<\/div>\n\t\t\t\t<\/div>\n\t\t\t\t\t<\/div>\n\t\t\t\t<\/div>\n\t\t\t\t<\/div>\n\t\t","protected":false},"excerpt":{"rendered":"<p>Produit abandonn\u00e9 enceintes RETOUR \u00c0 LA PAGE DES PRODUITS ABANDONN\u00c9S amplificateurs DesignMax Explorer FreeSpace Explorer L1 Explorer LT Explorer Panaray Explorez Portable Explorez RoomMatch Explorer les caissons de basses Explorer S1 Explorer<\/p>\n","protected":false},"author":21,"featured_media":0,"parent":7661,"menu_order":0,"comment_status":"closed","ping_status":"closed","template":"","meta":{"_acf_changed":false,"ep_exclude_from_search":false,"footnotes":""},"page-category":[],"class_list":["post-7816","page","type-page","status-publish","hentry"],"acf":[],"_links":{"self":[{"href":"https:\/\/boseprofessional.com\/fr\/wp-json\/wp\/v2\/pages\/7816","targetHints":{"allow":["GET"]}}],"collection":[{"href":"https:\/\/boseprofessional.com\/fr\/wp-json\/wp\/v2\/pages"}],"about":[{"href":"https:\/\/boseprofessional.com\/fr\/wp-json\/wp\/v2\/types\/page"}],"author":[{"embeddable":true,"href":"https:\/\/boseprofessional.com\/fr\/wp-json\/wp\/v2\/users\/21"}],"replies":[{"embeddable":true,"href":"https:\/\/boseprofessional.com\/fr\/wp-json\/wp\/v2\/comments?post=7816"}],"version-history":[{"count":3,"href":"https:\/\/boseprofessional.com\/fr\/wp-json\/wp\/v2\/pages\/7816\/revisions"}],"predecessor-version":[{"id":119147,"href":"https:\/\/boseprofessional.com\/fr\/wp-json\/wp\/v2\/pages\/7816\/revisions\/119147"}],"up":[{"embeddable":true,"href":"https:\/\/boseprofessional.com\/fr\/wp-json\/wp\/v2\/pages\/7661"}],"wp:attachment":[{"href":"https:\/\/boseprofessional.com\/fr\/wp-json\/wp\/v2\/media?parent=7816"}],"wp:term":[{"taxonomy":"page-category","embeddable":true,"href":"https:\/\/boseprofessional.com\/fr\/wp-json\/wp\/v2\/page-category?post=7816"}],"curies":[{"name":"wp","href":"https:\/\/api.w.org\/{rel}","templated":true}]}}