{"id":5778,"date":"2024-08-02T15:08:26","date_gmt":"2024-08-02T15:08:26","guid":{"rendered":"https:\/\/uatnew.boseprofessional.com\/?page_id=5778"},"modified":"2025-03-13T12:44:38","modified_gmt":"2025-03-13T12:44:38","slug":"support","status":"publish","type":"page","link":"https:\/\/boseprofessional.com\/fr\/resources\/support\/","title":{"rendered":"Support"},"content":{"rendered":"\t\t<div data-elementor-type=\"wp-page\" data-elementor-id=\"5778\" class=\"elementor elementor-5778\" data-elementor-post-type=\"page\">\n\t\t\t\t<div data-particle_enable=\"false\" data-particle-mobile-disabled=\"false\" class=\"elementor-element elementor-element-6f4ea809 e-flex e-con-boxed e-con e-parent\" data-id=\"6f4ea809\" data-element_type=\"container\" data-settings=\"{&quot;background_background&quot;:&quot;classic&quot;,&quot;shape_divider_bottom&quot;:&quot;opacity-tilt&quot;}\">\n\t\t\t\t\t<div class=\"e-con-inner\">\n\t\t\t\t<div class=\"elementor-shape elementor-shape-bottom\" aria-hidden=\"true\" data-negative=\"false\">\n\t\t\t<svg xmlns=\"http:\/\/www.w3.org\/2000\/svg\" viewbox=\"0 0 2600 131.1\" preserveaspectratio=\"none\">\n\t<path class=\"elementor-shape-fill\" d=\"M0 0L2600 0 2600 69.1 0 0z\"\/>\n\t<path class=\"elementor-shape-fill\" style=\"opacity:0.5\" d=\"M0 0L2600 0 2600 69.1 0 69.1z\"\/>\n\t<path class=\"elementor-shape-fill\" style=\"opacity:0.25\" d=\"M2600 0L0 0 0 130.1 2600 69.1z\"\/>\n<\/svg>\t\t<\/div>\n\t\t\t\t<div class=\"elementor-element elementor-element-483bc30e elementor-widget elementor-widget-heading\" data-id=\"483bc30e\" data-element_type=\"widget\" data-widget_type=\"heading.default\">\n\t\t\t\t<div class=\"elementor-widget-container\">\n\t\t\t\t\t<h1 class=\"elementor-heading-title elementor-size-default\">Assistance<\/h1>\t\t\t\t<\/div>\n\t\t\t\t<\/div>\n\t\t\t\t\t<\/div>\n\t\t\t\t<\/div>\n\t\t<div data-particle_enable=\"false\" data-particle-mobile-disabled=\"false\" class=\"elementor-element elementor-element-cb5b9b6 e-flex e-con-boxed e-con e-parent\" data-id=\"cb5b9b6\" data-element_type=\"container\">\n\t\t\t\t\t<div class=\"e-con-inner\">\n\t\t\t\t<div class=\"elementor-element elementor-element-a170fba elementor-widget elementor-widget-button\" data-id=\"a170fba\" data-element_type=\"widget\" data-widget_type=\"button.default\">\n\t\t\t\t<div class=\"elementor-widget-container\">\n\t\t\t\t\t\t\t\t\t<div class=\"elementor-button-wrapper\">\n\t\t\t\t\t<a class=\"elementor-button elementor-button-link elementor-size-sm elementor-animation-shrink\" href=\"https:\/\/boseprofessional.com\/fr\/resources\/\">\n\t\t\t\t\t\t<span class=\"elementor-button-content-wrapper\">\n\t\t\t\t\t\t<span class=\"elementor-button-icon\">\n\t\t\t\t<svg aria-hidden=\"true\" class=\"e-font-icon-svg e-fas-step-backward\" viewbox=\"0 0 448 512\" xmlns=\"http:\/\/www.w3.org\/2000\/svg\"><path d=\"M64 468V44c0-6.6 5.4-12 12-12h48c6.6 0 12 5.4 12 12v176.4l195.5-181C352.1 22.3 384 36.6 384 64v384c0 27.4-31.9 41.7-52.5 24.6L136 292.7V468c0 6.6-5.4 12-12 12H76c-6.6 0-12-5.4-12-12z\"><\/path><\/svg>\t\t\t<\/span>\n\t\t\t\t\t\t\t\t\t<span class=\"elementor-button-text\">Retour aux ressources<\/span>\n\t\t\t\t\t<\/span>\n\t\t\t\t\t<\/a>\n\t\t\t\t<\/div>\n\t\t\t\t\t\t\t\t<\/div>\n\t\t\t\t<\/div>\n\t\t<div data-particle_enable=\"false\" data-particle-mobile-disabled=\"false\" class=\"elementor-element elementor-element-cafb94d e-con-full e-flex e-con e-child\" data-id=\"cafb94d\" data-element_type=\"container\">\n\t\t\t\t<div class=\"elementor-element elementor-element-e044822 elementor-widget elementor-widget-heading\" data-id=\"e044822\" data-element_type=\"widget\" data-widget_type=\"heading.default\">\n\t\t\t\t<div class=\"elementor-widget-container\">\n\t\t\t\t\t<h1 class=\"elementor-heading-title elementor-size-default\">Bose Professional Assistance produit audio et sonore<\/h1>\t\t\t\t<\/div>\n\t\t\t\t<\/div>\n\t\t\t\t<\/div>\n\t\t\t\t\t<\/div>\n\t\t\t\t<\/div>\n\t\t<div data-particle_enable=\"false\" data-particle-mobile-disabled=\"false\" class=\"elementor-element elementor-element-76e8062 e-grid e-con-boxed e-con e-parent\" data-id=\"76e8062\" data-element_type=\"container\">\n\t\t\t\t\t<div class=\"e-con-inner\">\n\t\t\t\t<div class=\"elementor-element elementor-element-cb76b34 eael-infobox-content-align--center eael-infobox-icon-bg-shape-none eael-infobox-icon-hover-bg-shape-none elementor-widget elementor-widget-eael-info-box\" data-id=\"cb76b34\" data-element_type=\"widget\" data-widget_type=\"eael-info-box.default\">\n\t\t\t\t<div class=\"elementor-widget-container\">\n\t\t\t\t\t        <div class=\"eael-infobox icon-on-top\">\n\t            <div class=\"infobox-icon eael-icon-only\">\n\n            \n                            <div class=\"infobox-icon-wrap\">\n                    <svg aria-hidden=\"true\" class=\"e-font-icon-svg e-fas-info-circle\" viewbox=\"0 0 512 512\" xmlns=\"http:\/\/www.w3.org\/2000\/svg\"><path d=\"M256 8C119.043 8 8 119.083 8 256c0 136.997 111.043 248 248 248s248-111.003 248-248C504 119.083 392.957 8 256 8zm0 110c23.196 0 42 18.804 42 42s-18.804 42-42 42-42-18.804-42-42 18.804-42 42-42zm56 254c0 6.627-5.373 12-12 12h-88c-6.627 0-12-5.373-12-12v-24c0-6.627 5.373-12 12-12h12v-64h-12c-6.627 0-12-5.373-12-12v-24c0-6.627 5.373-12 12-12h64c6.627 0 12 5.373 12 12v100h12c6.627 0 12 5.373 12 12v24z\"><\/path><\/svg>                <\/div>\n            \n            \n        <\/div>\n            <div class=\"infobox-content eael-icon-only\">\n                    <div class=\"infobox-title-section\">\n                <h2 class=\"title\">Comment pouvons-nous vous aider ?<\/h2>            <\/div>\n            <div><pre>Mise \u00e0 jour fr\u00e9quente<\/pre><p>Explorez notre base de connaissances pour trouver des r\u00e9ponses et des informations pr\u00e9cieuses. Votre parcours vers l'expertise commence ici.<\/p><\/div>        <div class=\"infobox-button\">\n            <a class=\"eael-infobox-button\" href=\"https:\/\/kms.boseprofessional.com\/en-US\/?_gl=1*ljnyb9*_gcl_au*MTIwNTcyNzEyMC4xNzIyNjIyMDg0*_ga*MTYxOTYwNDMyMy4xNzIyNjI1NTAz*_ga_NRTQ4DPXBJ*MTcyMjYyNTUwMi4xLjEuMTcyMjYyNzAxNS4yNC4wLjA.\">\n                                <span class=\"infobox-button-text\">Base de connaissances de recherche<\/span>\n                            <\/a>\n        <\/div>\n            <\/div>\n            <\/div>\n\n\t\t\t\t\t\t<\/div>\n\t\t\t\t<\/div>\n\t\t\t\t<div class=\"elementor-element elementor-element-f5a0e79 eael-infobox-content-align--center eael-infobox-icon-bg-shape-none eael-infobox-icon-hover-bg-shape-none elementor-widget elementor-widget-eael-info-box\" data-id=\"f5a0e79\" data-element_type=\"widget\" data-widget_type=\"eael-info-box.default\">\n\t\t\t\t<div class=\"elementor-widget-container\">\n\t\t\t\t\t        <div class=\"eael-infobox icon-on-top\">\n\t            <div class=\"infobox-icon eael-icon-only\">\n\n            \n                            <div class=\"infobox-icon-wrap\">\n                    <svg aria-hidden=\"true\" class=\"e-font-icon-svg e-fas-volume-off\" viewbox=\"0 0 256 512\" xmlns=\"http:\/\/www.w3.org\/2000\/svg\"><path d=\"M215 71l-89 89H24a24 24 0 0 0-24 24v144a24 24 0 0 0 24 24h102.06L215 441c15 15 41 4.47 41-17V88c0-21.47-26-32-41-17z\"><\/path><\/svg>                <\/div>\n            \n            \n        <\/div>\n            <div class=\"infobox-content eael-icon-only\">\n                    <div class=\"infobox-title-section\">\n                <h2 class=\"title\">S1, L1, F1 ou ToneMatch<\/h2>            <\/div>\n            <div><pre>Uniquement des syst\u00e8mes de sonorisation portables<\/pre><p>Vous pr\u00e9f\u00e9rez l'assistance d'un sp\u00e9cialiste du support concernant nos produits de sonorisation portables\u00a0?<\/p><\/div>        <div class=\"infobox-button\">\n            <a class=\"eael-infobox-button\" href=\"https:\/\/boseprofessional.com\/fr\/resources\/support\/portable-pa-support\/\">\n                                <span class=\"infobox-button-text\">Prise en charge uniquement des appareils portables<\/span>\n                            <\/a>\n        <\/div>\n            <\/div>\n            <\/div>\n\n\t\t\t\t\t\t<\/div>\n\t\t\t\t<\/div>\n\t\t\t\t<div class=\"elementor-element elementor-element-0b2cfdb eael-infobox-content-align--center eael-infobox-icon-bg-shape-none eael-infobox-icon-hover-bg-shape-none elementor-widget elementor-widget-eael-info-box\" data-id=\"0b2cfdb\" data-element_type=\"widget\" data-widget_type=\"eael-info-box.default\">\n\t\t\t\t<div class=\"elementor-widget-container\">\n\t\t\t\t\t        <div class=\"eael-infobox icon-on-top\">\n\t            <div class=\"infobox-icon eael-icon-only\">\n\n            \n                            <div class=\"infobox-icon-wrap\">\n                    <svg aria-hidden=\"true\" class=\"e-font-icon-svg e-far-life-ring\" viewbox=\"0 0 512 512\" xmlns=\"http:\/\/www.w3.org\/2000\/svg\"><path d=\"M256 504c136.967 0 248-111.033 248-248S392.967 8 256 8 8 119.033 8 256s111.033 248 248 248zm-103.398-76.72l53.411-53.411c31.806 13.506 68.128 13.522 99.974 0l53.411 53.411c-63.217 38.319-143.579 38.319-206.796 0zM336 256c0 44.112-35.888 80-80 80s-80-35.888-80-80 35.888-80 80-80 80 35.888 80 80zm91.28 103.398l-53.411-53.411c13.505-31.806 13.522-68.128 0-99.974l53.411-53.411c38.319 63.217 38.319 143.579 0 206.796zM359.397 84.72l-53.411 53.411c-31.806-13.505-68.128-13.522-99.973 0L152.602 84.72c63.217-38.319 143.579-38.319 206.795 0zM84.72 152.602l53.411 53.411c-13.506 31.806-13.522 68.128 0 99.974L84.72 359.398c-38.319-63.217-38.319-143.579 0-206.796z\"><\/path><\/svg>                <\/div>\n            \n            \n        <\/div>\n            <div class=\"infobox-content eael-icon-only\">\n                    <div class=\"infobox-title-section\">\n                <h2 class=\"title\">Assistance produit<\/h2>            <\/div>\n            <div><pre>\u00c0 l'exception des syst\u00e8mes de sonorisation portables<\/pre><p>Vous pr\u00e9f\u00e9rez l'assistance d'un sp\u00e9cialiste du support concernant nos produits install\u00e9s et de visioconf\u00e9rence\u00a0?<\/p><\/div>        <div class=\"infobox-button\">\n            <a class=\"eael-infobox-button\" href=\"https:\/\/boseprofessional.com\/fr\/resources\/support\/product-and-technical-support\/\">\n                                <span class=\"infobox-button-text\">Assistance technique et produit<\/span>\n                            <\/a>\n        <\/div>\n            <\/div>\n            <\/div>\n\n\t\t\t\t\t\t<\/div>\n\t\t\t\t<\/div>\n\t\t\t\t\t<\/div>\n\t\t\t\t<\/div>\n\t\t<div data-particle_enable=\"false\" data-particle-mobile-disabled=\"false\" class=\"elementor-element elementor-element-b49c547 e-flex e-con-boxed e-con e-parent\" data-id=\"b49c547\" data-element_type=\"container\">\n\t\t\t\t\t<div class=\"e-con-inner\">\n\t\t\t\t<div class=\"elementor-element elementor-element-d4a18ed content-align-cta-center eael-cta-overlay-yes elementor-widget elementor-widget-eael-cta-box\" data-id=\"d4a18ed\" data-element_type=\"widget\" data-widget_type=\"eael-cta-box.default\">\n\t\t\t\t<div class=\"elementor-widget-container\">\n\t\t\t\t\t\t\t<div class=\"eael-call-to-action cta-basic bg-img cta-preset-2\">\n        <h4 class=\"sub-title\">S'il te pla\u00eet S'INSCRIRE pour acc\u00e9der \u00e0 la documentation du centre de services.<\/h4><h2 class=\"title eael-cta-heading\">Acc\u00e8s aux centres de service agr\u00e9\u00e9s<\/h2><a href=\"https:\/\/www.boseprofessional.com\/service-center\" class=\"cta-button cta-preset-2 cta-btn-preset-1\">SE CONNECTER<\/a><a href=\"https:\/\/www.boseprofessional.com\/service-center-signup\" class=\"cta-button cta-secondary-button\">S'INSCRIRE<\/a>\t<\/div>\n\t\t\t\t\t\t\t\t<\/div>\n\t\t\t\t<\/div>\n\t\t\t\t\t<\/div>\n\t\t\t\t<\/div>\n\t\t<div data-particle_enable=\"false\" data-particle-mobile-disabled=\"false\" class=\"elementor-element elementor-element-e123f5a e-con-full e-flex e-con e-parent\" data-id=\"e123f5a\" data-element_type=\"container\">\n\t\t\t\t<div class=\"elementor-element elementor-element-a4d5868 elementor-widget elementor-widget-text-editor\" data-id=\"a4d5868\" data-element_type=\"widget\" data-widget_type=\"text-editor.default\">\n\t\t\t\t<div class=\"elementor-widget-container\">\n\t\t\t\t\t\t\t\t\t<h2><span style=\"color: #333300;\"><b><a style=\"color: #333300;\" href=\"\/fr\/resources\/support\/product-recycling-europe\/\">Recyclage des d\u00e9chets d'\u00e9quipements \u00e9lectriques et \u00e9lectroniques pour les produits Bose Professional<\/a>\u00a0<\/b><\/span><\/h2>\t\t\t\t\t\t\t\t<\/div>\n\t\t\t\t<\/div>\n\t\t\t\t<\/div>\n\t\t\t\t<\/div>\n\t\t","protected":false},"excerpt":{"rendered":"<p>Assistance Retour aux ressources Bose Professional Assistance pour les produits audio et sonores\u00a0: Comment pouvons-nous vous aider\u00a0? Mise \u00e0 jour fr\u00e9quente. Explorez notre base de connaissances pour trouver des r\u00e9ponses et des informations. Votre apprentissage commence ici. Rechercher dans la base de connaissances\u00a0: S1, L1, F1 ou ToneMatch Vous pr\u00e9f\u00e9rez l&#039;assistance d&#039;un sp\u00e9cialiste pour nos produits de sonorisation portable\u00a0? Portable Only [\u2026]<\/p>\n","protected":false},"author":33,"featured_media":0,"parent":5582,"menu_order":0,"comment_status":"closed","ping_status":"closed","template":"","meta":{"_acf_changed":false,"ep_exclude_from_search":false,"footnotes":""},"page-category":[],"class_list":["post-5778","page","type-page","status-publish","hentry"],"acf":[],"_links":{"self":[{"href":"https:\/\/boseprofessional.com\/fr\/wp-json\/wp\/v2\/pages\/5778","targetHints":{"allow":["GET"]}}],"collection":[{"href":"https:\/\/boseprofessional.com\/fr\/wp-json\/wp\/v2\/pages"}],"about":[{"href":"https:\/\/boseprofessional.com\/fr\/wp-json\/wp\/v2\/types\/page"}],"author":[{"embeddable":true,"href":"https:\/\/boseprofessional.com\/fr\/wp-json\/wp\/v2\/users\/33"}],"replies":[{"embeddable":true,"href":"https:\/\/boseprofessional.com\/fr\/wp-json\/wp\/v2\/comments?post=5778"}],"version-history":[{"count":3,"href":"https:\/\/boseprofessional.com\/fr\/wp-json\/wp\/v2\/pages\/5778\/revisions"}],"predecessor-version":[{"id":151683,"href":"https:\/\/boseprofessional.com\/fr\/wp-json\/wp\/v2\/pages\/5778\/revisions\/151683"}],"up":[{"embeddable":true,"href":"https:\/\/boseprofessional.com\/fr\/wp-json\/wp\/v2\/pages\/5582"}],"wp:attachment":[{"href":"https:\/\/boseprofessional.com\/fr\/wp-json\/wp\/v2\/media?parent=5778"}],"wp:term":[{"taxonomy":"page-category","embeddable":true,"href":"https:\/\/boseprofessional.com\/fr\/wp-json\/wp\/v2\/page-category?post=5778"}],"curies":[{"name":"wp","href":"https:\/\/api.w.org\/{rel}","templated":true}]}}