{"id":56545,"date":"2024-01-18T21:29:54","date_gmt":"2024-01-18T21:29:54","guid":{"rendered":"https:\/\/uatnew.boseprofessional.com\/?page_id=56545"},"modified":"2025-12-09T16:30:22","modified_gmt":"2025-12-09T16:30:22","slug":"service-center","status":"publish","type":"page","link":"https:\/\/boseprofessional.com\/fr\/service-center\/","title":{"rendered":"Service Center"},"content":{"rendered":"<div class=\"mp_wrapper\">\n  <div class=\"mepr-unauthorized-message\">\n    <p>Vous n'\u00eates pas autoris\u00e9 \u00e0 consulter cette page.<\/p>\n<p>Si vous essayez de S'INSCRIRE Pour acc\u00e9der au centre de service, veuillez cliquer <a href=\"https:\/\/www.boseprofessional.com\/service-center-signup\">ici.<\/a><\/p>\n<p>Pour toute assistance concernant le centre de service, veuillez contacter votre repr\u00e9sentant commercial.<\/p>\n<p>Si vous poss\u00e9dez d\u00e9j\u00e0 un compte, veuillez saisir vos identifiants ci-dessous\u00a0:<\/p>\n  <\/div>\n  <div class=\"mepr-login-form-wrap\">\n            \n<div class=\"mp_wrapper mp_login_form\">\n                       <form  name=\"mepr_loginform\" id=\"mepr_loginform\" class=\"mepr-form\" action=\"https:\/\/boseprofessional.com\/fr\/login\/\" method=\"post\">\n            <div class=\"mp-form-row mepr_username\">\n        <div class=\"mp-form-label\">\n                              <label for=\"user_login\">Nom d'utilisateur ou adresse e-mail<\/label>\n        <\/div>\n        <input type=\"text\" name=\"log\" id=\"user_login\" value=\"\" \/>\n      <\/div>\n      <div class=\"mp-form-row mepr_password\">\n        <div class=\"mp-form-label\">\n          <label for=\"user_pass\">Mot de passe<\/label>\n          <div class=\"mp-hide-pw\">\n            <input type=\"password\" name=\"pwd\" id=\"user_pass\" value=\"\" \/>\n            <button type=\"button\" class=\"button mp-hide-pw hide-if-no-js\" data-toggle=\"0\" aria-label=\"Afficher le mot de passe\">\n              <span class=\"dashicons dashicons-visibility\" aria-hidden=\"true\"><\/span>\n            <\/button>\n          <\/div>\n        <\/div>\n      <\/div>\n            <div>\n        <label><input name=\"rememberme\" type=\"checkbox\" id=\"rememberme\" value=\"forever\" \/> Souviens-toi de moi<\/label>\n      <\/div>\n      <div class=\"mp-spacer\">&nbsp;<\/div>\n      <div class=\"submit\">\n        <input type=\"submit\" name=\"wp-submit\" id=\"wp-submit\" class=\"button-primary mepr-share-button\" value=\"Se connecter\" \/>\n        <input type=\"hidden\" name=\"redirect_to\" value=\"\/wp-json\/wp\/v2\/pages\/56545\" \/>\n        <input type=\"hidden\" name=\"mepr_process_login_form\" value=\"true\" \/>\n        <input type=\"hidden\" name=\"mepr_is_login_page\" value=\"false\" \/>\n      <\/div>\n    <\/form>\n    <div class=\"mp-spacer\">&nbsp;<\/div>\n    <div class=\"mepr-login-actions\">\n      <a href=\"https:\/\/boseprofessional.com\/fr\/login\/?action=forgot_password\">Mot de passe oubli\u00e9<\/a>\n    <\/div>\n\n      \n    <!-- mp-login-form-end --> \n  <\/div>\n      <\/div>\n<\/div>\n\n","protected":false},"excerpt":{"rendered":"<p>Vous n'\u00eates pas autoris\u00e9 \u00e0 consulter cette page. Si vous essayez de S'INSCRIRE Pour acc\u00e9der au Centre de service, veuillez cliquer ici. Pour toute assistance concernant le Centre de service, veuillez contacter votre repr\u00e9sentant commercial. Si vous poss\u00e9dez d\u00e9j\u00e0 un compte, veuillez saisir vos identifiants ci-dessous\u00a0:<\/p>\n","protected":false},"author":33,"featured_media":0,"parent":0,"menu_order":0,"comment_status":"closed","ping_status":"closed","template":"","meta":{"_acf_changed":false,"ep_exclude_from_search":false,"footnotes":""},"page-category":[],"class_list":["post-56545","page","type-page","status-publish","hentry"],"acf":[],"_links":{"self":[{"href":"https:\/\/boseprofessional.com\/fr\/wp-json\/wp\/v2\/pages\/56545","targetHints":{"allow":["GET"]}}],"collection":[{"href":"https:\/\/boseprofessional.com\/fr\/wp-json\/wp\/v2\/pages"}],"about":[{"href":"https:\/\/boseprofessional.com\/fr\/wp-json\/wp\/v2\/types\/page"}],"author":[{"embeddable":true,"href":"https:\/\/boseprofessional.com\/fr\/wp-json\/wp\/v2\/users\/33"}],"replies":[{"embeddable":true,"href":"https:\/\/boseprofessional.com\/fr\/wp-json\/wp\/v2\/comments?post=56545"}],"version-history":[{"count":3,"href":"https:\/\/boseprofessional.com\/fr\/wp-json\/wp\/v2\/pages\/56545\/revisions"}],"predecessor-version":[{"id":174661,"href":"https:\/\/boseprofessional.com\/fr\/wp-json\/wp\/v2\/pages\/56545\/revisions\/174661"}],"wp:attachment":[{"href":"https:\/\/boseprofessional.com\/fr\/wp-json\/wp\/v2\/media?parent=56545"}],"wp:term":[{"taxonomy":"page-category","embeddable":true,"href":"https:\/\/boseprofessional.com\/fr\/wp-json\/wp\/v2\/page-category?post=56545"}],"curies":[{"name":"wp","href":"https:\/\/api.w.org\/{rel}","templated":true}]}}