{"id":3533,"date":"2023-09-11T04:08:48","date_gmt":"2023-09-11T04:08:48","guid":{"rendered":"https:\/\/uatnew.boseprofessional.com\/?page_id=3533"},"modified":"2024-08-23T12:33:58","modified_gmt":"2024-08-23T12:33:58","slug":"ar-ae","status":"publish","type":"page","link":"https:\/\/boseprofessional.com\/fr\/resources\/support\/bms-safety\/ar-ae\/","title":{"rendered":"BMS Safety AR-AE"},"content":{"rendered":"\t\t<div data-elementor-type=\"wp-page\" data-elementor-id=\"3533\" class=\"elementor elementor-3533\" data-elementor-post-type=\"page\">\n\t\t\t\t<div data-particle_enable=\"false\" data-particle-mobile-disabled=\"false\" class=\"elementor-element elementor-element-43bd1606 e-flex e-con-boxed e-con e-parent\" data-id=\"43bd1606\" data-element_type=\"container\" data-settings=\"{&quot;background_background&quot;:&quot;classic&quot;,&quot;shape_divider_bottom&quot;:&quot;opacity-tilt&quot;}\">\n\t\t\t\t\t<div class=\"e-con-inner\">\n\t\t\t\t<div class=\"elementor-shape elementor-shape-bottom\" aria-hidden=\"true\" data-negative=\"false\">\n\t\t\t<svg xmlns=\"http:\/\/www.w3.org\/2000\/svg\" viewbox=\"0 0 2600 131.1\" preserveaspectratio=\"none\">\n\t<path class=\"elementor-shape-fill\" d=\"M0 0L2600 0 2600 69.1 0 0z\"\/>\n\t<path class=\"elementor-shape-fill\" style=\"opacity:0.5\" d=\"M0 0L2600 0 2600 69.1 0 69.1z\"\/>\n\t<path class=\"elementor-shape-fill\" style=\"opacity:0.25\" d=\"M2600 0L0 0 0 130.1 2600 69.1z\"\/>\n<\/svg>\t\t<\/div>\n\t\t\t\t<div class=\"elementor-element elementor-element-3de4a6c4 elementor-widget elementor-widget-heading\" data-id=\"3de4a6c4\" data-element_type=\"widget\" data-widget_type=\"heading.default\">\n\t\t\t\t<div class=\"elementor-widget-container\">\n\t\t\t\t\t<h1 class=\"elementor-heading-title elementor-size-default\">\u0633\u062d\u0628 \u0645\u0643\u0628\u0631\u0627\u062a \u0635\u0648\u062a Bose \u0648\u062a\u0631\u0643\u064a\u0628 \u0643\u0627\u0628\u0644\u0627\u062a \u0627\u0644\u0623\u0645\u0627\u0646<\/h1>\t\t\t\t<\/div>\n\t\t\t\t<\/div>\n\t\t\t\t\t<\/div>\n\t\t\t\t<\/div>\n\t\t<div data-particle_enable=\"false\" data-particle-mobile-disabled=\"false\" class=\"elementor-element elementor-element-7d9921ff e-flex e-con-boxed e-con e-parent\" data-id=\"7d9921ff\" data-element_type=\"container\">\n\t\t\t\t\t<div class=\"e-con-inner\">\n\t\t\t\t<div class=\"elementor-element elementor-element-6b6c9caf elementor-widget elementor-widget-image\" data-id=\"6b6c9caf\" data-element_type=\"widget\" data-widget_type=\"image.default\">\n\t\t\t\t<div class=\"elementor-widget-container\">\n\t\t\t\t\t\t\t\t\t\t\t\t\t\t\t<img fetchpriority=\"high\" decoding=\"async\" width=\"1280\" height=\"440\" src=\"https:\/\/assets.boseprofessional.com\/transform\/e70c180d-4d3e-4142-a589-837bd83357c3\/Hydrocarbons_montage2_Header-png\" class=\"attachment-1536x1536 size-1536x1536 wp-image-20498\" alt=\"Montage d&#039;hydrocarbures 2 En-t\u00eate\" srcset=\"https:\/\/assets.boseprofessional.com\/transform\/e70c180d-4d3e-4142-a589-837bd83357c3\/Hydrocarbons_montage2_Header-png 1280w, https:\/\/assets.boseprofessional.com\/transform\/e70c180d-4d3e-4142-a589-837bd83357c3\/Hydrocarbons_montage2_Header-png?io=transform:scale,width:150,height:52 150w, https:\/\/assets.boseprofessional.com\/transform\/e70c180d-4d3e-4142-a589-837bd83357c3\/Hydrocarbons_montage2_Header-png?io=transform:scale,width:300,height:103 300w, https:\/\/assets.boseprofessional.com\/transform\/e70c180d-4d3e-4142-a589-837bd83357c3\/Hydrocarbons_montage2_Header-png?io=transform:scale,width:1024,height:352 1024w, https:\/\/assets.boseprofessional.com\/transform\/e70c180d-4d3e-4142-a589-837bd83357c3\/Hydrocarbons_montage2_Header-png?io=transform:scale,width:480,height:165 480w, https:\/\/assets.boseprofessional.com\/transform\/e70c180d-4d3e-4142-a589-837bd83357c3\/Hydrocarbons_montage2_Header-png?io=transform:scale,width:768,height:264 768w, https:\/\/assets.boseprofessional.com\/transform\/e70c180d-4d3e-4142-a589-837bd83357c3\/Hydrocarbons_montage2_Header-png?io=transform:scale,width:100,height:34 100w\" sizes=\"(max-width: 1280px) 100vw, 1280px\" \/>\t\t\t\t\t\t\t\t\t\t\t\t\t\t\t<\/div>\n\t\t\t\t<\/div>\n\t\t\t\t\t<\/div>\n\t\t\t\t<\/div>\n\t\t<div data-particle_enable=\"false\" data-particle-mobile-disabled=\"false\" class=\"elementor-element elementor-element-3e8e9b96 e-flex e-con-boxed e-con e-parent\" data-id=\"3e8e9b96\" data-element_type=\"container\">\n\t\t\t\t\t<div class=\"e-con-inner\">\n\t\t\t\t<div class=\"elementor-element elementor-element-4e85e7f elementor-widget elementor-widget-heading\" data-id=\"4e85e7f\" data-element_type=\"widget\" data-widget_type=\"heading.default\">\n\t\t\t\t<div class=\"elementor-widget-container\">\n\t\t\t\t\t<h2 class=\"elementor-heading-title elementor-size-default\">\u0646\u0638\u0631\u0629 \u0639\u0627\u0645\u0629<\/h2>\t\t\t\t<\/div>\n\t\t\t\t<\/div>\n\t\t\t\t<div class=\"elementor-element elementor-element-5df690eb elementor-widget elementor-widget-text-editor\" data-id=\"5df690eb\" data-element_type=\"widget\" data-widget_type=\"text-editor.default\">\n\t\t\t\t<div class=\"elementor-widget-container\">\n\t\t\t\t\t\t\t\t\t<p>\u062a\u0633\u062d\u0628 Bose \u062c\u0645\u064a\u0639 \u0645\u0643\u0628\u0631\u0627\u062a \u0635\u0648\u062a FreeSpace DS 40F Date de sortie du v\u00e9hicule\/mise \u00e0 jour le 13 janvier 2018. Mise \u00e0 jour automatique \u062a\u0643\u0648\u0646 \u062e\u0637\u0627\u0641\u0627\u062a \u0627\u0644\u062a\u0631\u0643\u064a\u0628 \u0627\u0644\u0645\u062a\u0648\u0641\u0631\u0629 \u0639\u0644\u0649 \u0645\u0643\u0628\u0631\u0627\u062a \u0627\u0644\u0635\u0648\u062a \u0647\u0630\u0647 \u0639\u0631\u0636\u0629 \u0644\u0644\u0643\u0633\u0631\u060c \u0645\u0627 \u0642\u062f \u064a\u0624\u062f\u064a \u0625\u0644\u0649 \u0648\u0642\u0648\u0639 \u0645\u0643\u0628\u0631\u0627\u062a \u0627\u0644\u0635\u0648\u062a \u0648\u0627\u0644\u062a\u0633\u0628\u0628 \u0641\u064a \u0625\u0635\u0627\u0628\u0629 \u062e\u0637\u064a\u0631\u0629. \u0648\u0642\u062f \u0648\u0631\u062f \u0625\u0644\u064a\u0646\u0627 \u062d\u062a\u0649 \u062a\u0627\u0631\u064a\u062e\u0647 \u0625\u0634\u0639\u0627\u0631 \u0628\u0648\u0642\u0648\u0639 29 \u0645\u0643\u0628\u0631 \u0635\u0648\u062a \u0645\u0646 \u0645\u0648\u0627\u0642\u0639 \u062a\u0631\u0643\u064a\u0628\u0647\u0627 \u0648\u0628\u0644\u0627\u063a \u0648\u0627\u062d\u062f \u0639\u0646 \u062d\u062f\u0648\u062b \u0625\u0635\u0627\u0628\u0629.<\/p>\n<p>Bose \u0623\u064a\u0636\u064b\u0627 \u062a\u0631\u0643\u064a\u0628 \u0643\u0627\u0628\u0644\u0627\u062a \u0627\u0644\u0623\u0645\u0627\u0646 \u0639\u0644\u0649 \u0628\u0639\u0636 \u0645\u0643\u0628\u0631\u0627\u062a \u0627\u0644\u0635\u0648\u062a \u0645\u0646 Bose \u0627\u0644\u062a\u064a \u064a\u062a\u0645 \u062a\u0631\u0643\u064a\u0628\u0647\u0627 \u0641\u064a \u0623\u0645\u0627\u0643\u0646 \u0627\u0644\u0637\u0647\u0648 \u0627\u0644\u062a\u062c\u0627\u0631\u064a\u0629\u060c Pour DS 40F. \u0648\u0647\u0630\u0627 \u0627\u0644\u0622\u0646 \u064a\u062a\u0636\u0645\u0646 \u0645\u0643\u0628\u0631\u0627\u062a \u0627\u0644\u0635\u0648\u062a \u0627\u0644\u062a\u064a \u062a\u0645 \u062a\u0631\u0643\u064a\u0628\u0647\u0627 \u0641\u064a \u0627\u0644\u0633\u0627\u0628\u0642. \u0642\u062f \u062a\u0646\u0643\u0633\u0631 \u0645\u0643\u0648\u0646\u0627\u062a \u0627\u0644\u062a\u0631\u0643\u064a\u0628 \u0627\u0644\u0645\u062a\u0648\u0641\u0631\u0629 \u0639\u0644\u0649 \u0645\u0643\u0628\u0631\u0627\u062a \u0627\u0644\u0635\u0648\u062a \u0647\u0630\u0647 \u0639\u0646\u062f \u0627\u0644\u062a\u0639\u0631\u064f\u0651\u0636 \u0644\u0632\u064a\u062a \u0627\u0644\u0637\u0647\u0648 \u0623\u0648 \u0623\u062f\u062e\u0646\u062a\u0647\u060c \u0645\u0627 \u0642\u062f \u064a\u0624\u062f\u064a \u0625\u0644\u0649 \u0648\u0642\u0648\u0639 \u0645\u0643\u0628\u0631\u0627\u062a \u0627\u0644\u0635\u0648\u062a \u0648\u0627\u0644\u062a\u0633\u0628\u0628 \u0625\u0635\u0627\u0628\u0629 \u062e\u0637\u064a\u0631\u0629. \u0648\u0642\u062f \u0648\u0631\u062f \u0625\u0644\u064a\u0646\u0627 \u062d\u062a\u0649 \u062a\u0627\u0631\u064a\u062e\u0647 \u0625\u0634\u0639\u0627\u0631 \u0628\u0648\u0642\u0648\u0639 \u062e\u0645\u0633\u0629 \u0645\u0643\u0628\u0631\u0627\u062a \u0635\u0648\u062a \u0645\u0646 \u0645\u0648\u0627\u0642\u0639 \u062a\u0631\u0643\u064a\u0628\u0647\u0627 \u0648\u0628\u0644\u0627\u063a \u0648\u0627\u062d\u062f \u0639\u0646 \u062d\u062f\u0648\u062b \u0625\u0635\u0627\u0628\u0629.<\/p>\n<p>Il s'agit d'un syst\u00e8me d'exploitation Bose qui est \u00e9galement compatible avec les syst\u00e8mes Bose. Il s'agit d'une source d'alimentation pour Bose, qui est \u00e9galement compatible avec Bose.<\/p>\t\t\t\t\t\t\t\t<\/div>\n\t\t\t\t<\/div>\n\t\t\t\t\t<\/div>\n\t\t\t\t<\/div>\n\t\t<div data-particle_enable=\"false\" data-particle-mobile-disabled=\"false\" class=\"elementor-element elementor-element-49975070 e-flex e-con-boxed e-con e-parent\" data-id=\"49975070\" data-element_type=\"container\">\n\t\t\t\t\t<div class=\"e-con-inner\">\n\t\t\t\t<div class=\"elementor-element elementor-element-60369dec elementor-widget elementor-widget-heading\" data-id=\"60369dec\" data-element_type=\"widget\" data-widget_type=\"heading.default\">\n\t\t\t\t<div class=\"elementor-widget-container\">\n\t\t\t\t\t<h2 class=\"elementor-heading-title elementor-size-default\">\u0627\u0644\u0637\u0644\u0628 \u0648\u0627\u0644\u0634\u0643\u0627\u0648\u0649<\/h2>\t\t\t\t<\/div>\n\t\t\t\t<\/div>\n\t\t\t\t<div class=\"elementor-element elementor-element-5ee4b3ab elementor-widget elementor-widget-text-editor\" data-id=\"5ee4b3ab\" data-element_type=\"widget\" data-widget_type=\"text-editor.default\">\n\t\t\t\t<div class=\"elementor-widget-container\">\n\t\t\t\t\t\t\t\t\t<p>Les informations relatives \u00e0 la s\u00e9curit\u00e9 et les informations relatives \u00e0 la s\u00e9curit\u00e9 sont disponibles <a href=\"https:\/\/www.bosebmssafety.com\/claim\" target=\"_blank\" rel=\"noopener\">sur BoseBMSsafety.com\/claim.<\/a><\/p>\t\t\t\t\t\t\t\t<\/div>\n\t\t\t\t<\/div>\n\t\t\t\t\t<\/div>\n\t\t\t\t<\/div>\n\t\t<div data-particle_enable=\"false\" data-particle-mobile-disabled=\"false\" class=\"elementor-element elementor-element-b4fd819 e-flex e-con-boxed e-con e-parent\" data-id=\"b4fd819\" data-element_type=\"container\">\n\t\t\t\t\t<div class=\"e-con-inner\">\n\t\t\t\t<div class=\"elementor-element elementor-element-3f7c1e2c elementor-widget elementor-widget-heading\" data-id=\"3f7c1e2c\" data-element_type=\"widget\" data-widget_type=\"heading.default\">\n\t\t\t\t<div class=\"elementor-widget-container\">\n\t\t\t\t\t<h2 class=\"elementor-heading-title elementor-size-default\">\u0627\u0644\u0645\u0631\u0627\u0633\u0644\u0627\u062a<\/h2>\t\t\t\t<\/div>\n\t\t\t\t<\/div>\n\t\t\t\t<div class=\"elementor-element elementor-element-5fde83b0 elementor-widget elementor-widget-text-editor\" data-id=\"5fde83b0\" data-element_type=\"widget\" data-widget_type=\"text-editor.default\">\n\t\t\t\t<div class=\"elementor-widget-container\">\n\t\t\t\t\t\t\t\t\t<ul><li><a href=\"https:\/\/assets.boseprofessional.com\/m\/446551c7084fe13f\/original\/1L_Bose_BMSsafety_Direct_Reseller_ar.docx?_gl=1*jgbm2j*_gcl_au*MTIwNTcyNzEyMC4xNzIyNjIyMDg0*_ga*MTYxOTYwNDMyMy4xNzIyNjI1NTAz*_ga_NRTQ4DPXBJ*MTcyNDQxNjEzMy41My4wLjE3MjQ0MTYxMzMuNjAuMC4w\">(\u062e\u0637\u0627\u0628 \u0627\u0644\u0645\u0648\u0632\u0639 \u0627\u0644\u0645\u0628\u0627\u0634\u0631 (\u0627\u0644\u0628\u0644\u062f \u0627\u0644\u0641\u0631\u0639\u064a<\/a><\/li><li><a href=\"https:\/\/assets.boseprofessional.com\/m\/24f6ecd531aa9b3b\/original\/3L_Bose_BMSsafety_Indirect_Reseller_ar.docx?_gl=1*1wwq80u*_gcl_au*MTIwNTcyNzEyMC4xNzIyNjIyMDg0*_ga*MTYxOTYwNDMyMy4xNzIyNjI1NTAz*_ga_NRTQ4DPXBJ*MTcyNDQxNjEzMy41My4wLjE3MjQ0MTYxMzMuNjAuMC4w\">\u062e\u0637\u0627\u0628 \u0627\u0644\u0645\u0648\u0632\u0639 \u063a\u064a\u0631 \u0627\u0644\u0645\u0628\u0627\u0634\u0631\/\u0645\u0646 \u0627\u0644\u0645\u0633\u062a\u0648\u0649 \u0627\u0644\u062b\u0627\u0646\u064a<\/a><\/li><li><a href=\"https:\/\/assets.boseprofessional.com\/m\/429cf0504b3ce617\/original\/4L_Bose_BMSsafety_End_User_ar.docx?_gl=1*1wwq80u*_gcl_au*MTIwNTcyNzEyMC4xNzIyNjIyMDg0*_ga*MTYxOTYwNDMyMy4xNzIyNjI1NTAz*_ga_NRTQ4DPXBJ*MTcyNDQxNjEzMy41My4wLjE3MjQ0MTYxMzMuNjAuMC4w\">\u062e\u0637\u0627\u0628 \u0627\u0644\u0645\u0633\u062a\u062e\u062f\u0645 \u0627\u0644\u0646\u0647\u0627\u0626\u064a<\/a><\/li><li><a href=\"https:\/\/assets.boseprofessional.com\/m\/130b4b72ad2e187f\/original\/6A_Bose_BMSsafety_en-xlsx.docx?_gl=1*1wwq80u*_gcl_au*MTIwNTcyNzEyMC4xNzIyNjIyMDg0*_ga*MTYxOTYwNDMyMy4xNzIyNjI1NTAz*_ga_NRTQ4DPXBJ*MTcyNDQxNjEzMy41My4wLjE3MjQ0MTYxMzMuNjAuMC4w\">\u0642\u0627\u0626\u0645\u0629 SKU \u0644\u0644\u0645\u0646\u062a\u062c\u0627\u062a \u0627\u0644\u0645\u062a\u0623\u062b\u0631\u0629<\/a><\/li><li><a href=\"https:\/\/assets.boseprofessional.com\/m\/75e0091306fdbf46\/original\/Bose_BMS_Safety_UPDATE_New_EdgeMax_SKUs_ar.docx?_gl=1*1wwq80u*_gcl_au*MTIwNTcyNzEyMC4xNzIyNjIyMDg0*_ga*MTYxOTYwNDMyMy4xNzIyNjI1NTAz*_ga_NRTQ4DPXBJ*MTcyNDQxNjEzMy41My4wLjE3MjQ0MTYxMzMuNjAuMC4w\">Date de livraison\u00a0: 10 janvier 2019 -SKU Article disponible EdgeMax<\/a><\/li><li><a href=\"https:\/\/assets.boseprofessional.com\/m\/72120835d123617b\/original\/Bose_BMS_Safety_UPDATE_New_FS3_SKUs_ar.docx?_gl=1*16xpqc1*_gcl_au*MTIwNTcyNzEyMC4xNzIyNjIyMDg0*_ga*MTYxOTYwNDMyMy4xNzIyNjI1NTAz*_ga_NRTQ4DPXBJ*MTcyNDQxNjEzMy41My4wLjE3MjQ0MTYxMzMuNjAuMC4w\">Date: 20 janvier 2020 \u2013 Date de livraison: 20 janvier 2020 FreeSpace\u00a03<\/a><\/li><\/ul>\t\t\t\t\t\t\t\t<\/div>\n\t\t\t\t<\/div>\n\t\t\t\t\t<\/div>\n\t\t\t\t<\/div>\n\t\t<div data-particle_enable=\"false\" data-particle-mobile-disabled=\"false\" class=\"elementor-element elementor-element-2ae72adb e-flex e-con-boxed e-con e-parent\" data-id=\"2ae72adb\" data-element_type=\"container\">\n\t\t\t\t\t<div class=\"e-con-inner\">\n\t\t\t\t<div class=\"elementor-element elementor-element-1d08a0be elementor-widget elementor-widget-heading\" data-id=\"1d08a0be\" data-element_type=\"widget\" data-widget_type=\"heading.default\">\n\t\t\t\t<div class=\"elementor-widget-container\">\n\t\t\t\t\t<h2 class=\"elementor-heading-title elementor-size-default\">\u0627\u0644\u0623\u0633\u0626\u0644\u0629 \u0627\u0644\u0645\u062a\u0643\u0631\u0631\u0629<\/h2>\t\t\t\t<\/div>\n\t\t\t\t<\/div>\n\t\t\t\t<div class=\"elementor-element elementor-element-5e34420e elementor-widget elementor-widget-text-editor\" data-id=\"5e34420e\" data-element_type=\"widget\" data-widget_type=\"text-editor.default\">\n\t\t\t\t<div class=\"elementor-widget-container\">\n\t\t\t\t\t\t\t\t\t<ul><li><a href=\"https:\/\/assets.boseprofessional.com\/m\/5adb60e67e792779\/original\/1F_Bose_BMSsafety_Reseller_FAQ_ar.docx?_gl=1*16xpqc1*_gcl_au*MTIwNTcyNzEyMC4xNzIyNjIyMDg0*_ga*MTYxOTYwNDMyMy4xNzIyNjI1NTAz*_ga_NRTQ4DPXBJ*MTcyNDQxNjEzMy41My4wLjE3MjQ0MTYxMzMuNjAuMC4w\">\u0644\u0644\u0645\u0648\u0632\u0639\u064a\u0646<\/a><\/li><li><a href=\"https:\/\/assets.boseprofessional.com\/m\/9208d1861d24e91\/original\/2F_Bose_BMSsafety_End_User_FAQ_ar.docx?_gl=1*16xpqc1*_gcl_au*MTIwNTcyNzEyMC4xNzIyNjIyMDg0*_ga*MTYxOTYwNDMyMy4xNzIyNjI1NTAz*_ga_NRTQ4DPXBJ*MTcyNDQxNjEzMy41My4wLjE3MjQ0MTYxMzMuNjAuMC4w\">\u0644\u0644\u0645\u0633\u062a\u062e\u062f\u0645\u064a\u0646 \u0627\u0644\u0646\u0647\u0627\u0626\u064a\u064a\u0646<\/a><\/li><\/ul>\t\t\t\t\t\t\t\t<\/div>\n\t\t\t\t<\/div>\n\t\t\t\t\t<\/div>\n\t\t\t\t<\/div>\n\t\t<div data-particle_enable=\"false\" data-particle-mobile-disabled=\"false\" class=\"elementor-element elementor-element-3ea36750 e-flex e-con-boxed e-con e-parent\" data-id=\"3ea36750\" data-element_type=\"container\">\n\t\t\t\t\t<div class=\"e-con-inner\">\n\t\t\t\t<div class=\"elementor-element elementor-element-26afc86c elementor-widget elementor-widget-heading\" data-id=\"26afc86c\" data-element_type=\"widget\" data-widget_type=\"heading.default\">\n\t\t\t\t<div class=\"elementor-widget-container\">\n\t\t\t\t\t<h2 class=\"elementor-heading-title elementor-size-default\">\u0627\u0644\u062f\u0644\u0627\u0626\u0644<\/h2>\t\t\t\t<\/div>\n\t\t\t\t<\/div>\n\t\t\t\t<div class=\"elementor-element elementor-element-14cdf0a1 elementor-widget elementor-widget-text-editor\" data-id=\"14cdf0a1\" data-element_type=\"widget\" data-widget_type=\"text-editor.default\">\n\t\t\t\t<div class=\"elementor-widget-container\">\n\t\t\t\t\t\t\t\t\t<ul><li><a href=\"https:\/\/assets.boseprofessional.com\/m\/5a8b32eed68ec00e\/original\/ig_safetycable_5-5x8-5.pdf?_gl=1*h31ukg*_gcl_au*MTIwNTcyNzEyMC4xNzIyNjIyMDg0*_ga*MTYxOTYwNDMyMy4xNzIyNjI1NTAz*_ga_NRTQ4DPXBJ*MTcyNDQxNjEzMy41My4wLjE3MjQ0MTYxMzMuNjAuMC4w\">\u062f\u0644\u064a\u0644 \u062a\u0631\u0643\u064a\u0628 \u0643\u0627\u0628\u0644 \u0627\u0644\u0623\u0645\u0627\u0646<\/a><\/li><li><a href=\"https:\/\/assets.boseprofessional.com\/m\/6afa4528e7f2a010\/original\/uig_freespace_ds40f.pdf?_gl=1*h31ukg*_gcl_au*MTIwNTcyNzEyMC4xNzIyNjIyMDg0*_ga*MTYxOTYwNDMyMy4xNzIyNjI1NTAz*_ga_NRTQ4DPXBJ*MTcyNDQxNjEzMy41My4wLjE3MjQ0MTYxMzMuNjAuMC4w\">\u062f\u0644\u064a\u0644 \u0641\u0643 FreeSpace DS 40F<\/a><\/li><\/ul>\t\t\t\t\t\t\t\t<\/div>\n\t\t\t\t<\/div>\n\t\t\t\t\t<\/div>\n\t\t\t\t<\/div>\n\t\t<div data-particle_enable=\"false\" data-particle-mobile-disabled=\"false\" class=\"elementor-element elementor-element-5d1e85f7 e-flex e-con-boxed e-con e-parent\" data-id=\"5d1e85f7\" data-element_type=\"container\">\n\t\t\t\t\t<div class=\"e-con-inner\">\n\t\t\t\t<div class=\"elementor-element elementor-element-23c5f62b elementor-widget elementor-widget-heading\" data-id=\"23c5f62b\" data-element_type=\"widget\" data-widget_type=\"heading.default\">\n\t\t\t\t<div class=\"elementor-widget-container\">\n\t\t\t\t\t<h2 class=\"elementor-heading-title elementor-size-default\">\u0646\u0645\u0627\u0630\u062c \u0627\u0644\u062a\u062e\u0644\u0635 \u0645\u0646 \u0627\u0644\u0645\u0646\u062a\u062c<\/h2>\t\t\t\t<\/div>\n\t\t\t\t<\/div>\n\t\t\t\t<div class=\"elementor-element elementor-element-6d722190 elementor-widget elementor-widget-text-editor\" data-id=\"6d722190\" data-element_type=\"widget\" data-widget_type=\"text-editor.default\">\n\t\t\t\t<div class=\"elementor-widget-container\">\n\t\t\t\t\t\t\t\t\t<ul><li><a href=\"https:\/\/assets.boseprofessional.com\/m\/54bb71c8e55b733d\/original\/1T_Return_Shipping_Form_ar.xlsx?_gl=1*1y1od6g*_gcl_au*MTIwNTcyNzEyMC4xNzIyNjIyMDg0*_ga*MTYxOTYwNDMyMy4xNzIyNjI1NTAz*_ga_NRTQ4DPXBJ*MTcyNDQxNjEzMy41My4xLjE3MjQ0MTYzNzUuNjAuMC4w\">\u0646\u0645\u0648\u0630\u062c \u0625\u0631\u062c\u0627\u0639 \u0627\u0644\u0645\u0646\u062a\u062c \u0627\u0644\u0630\u064a \u062a\u0645 \u0634\u062d\u0646\u0647<\/a><\/li><li><a href=\"mailto:DS40.recall@boseprofessional.com\">DS40.recall@boseprofessional.com<\/a><\/li><\/ul>\t\t\t\t\t\t\t\t<\/div>\n\t\t\t\t<\/div>\n\t\t\t\t\t<\/div>\n\t\t\t\t<\/div>\n\t\t<div data-particle_enable=\"false\" data-particle-mobile-disabled=\"false\" class=\"elementor-element elementor-element-463fe224 e-flex e-con-boxed e-con e-parent\" data-id=\"463fe224\" data-element_type=\"container\">\n\t\t\t\t\t<div class=\"e-con-inner\">\n\t\t\t\t<div class=\"elementor-element elementor-element-64c4891f elementor-widget elementor-widget-heading\" data-id=\"64c4891f\" data-element_type=\"widget\" data-widget_type=\"heading.default\">\n\t\t\t\t<div class=\"elementor-widget-container\">\n\t\t\t\t\t<h2 class=\"elementor-heading-title elementor-size-default\">\u0627\u0644\u0627\u062a\u0635\u0627\u0644<\/h2>\t\t\t\t<\/div>\n\t\t\t\t<\/div>\n\t\t\t\t<div class=\"elementor-element elementor-element-35af0faa elementor-widget elementor-widget-text-editor\" data-id=\"35af0faa\" data-element_type=\"widget\" data-widget_type=\"text-editor.default\">\n\t\t\t\t<div class=\"elementor-widget-container\">\n\t\t\t\t\t\t\t\t\t<p style=\"text-align: center; margin-bottom: 0px;\">T\u00e9l\u00e9chargements Bose Pro<\/p>\t\t\t\t\t\t\t\t<\/div>\n\t\t\t\t<\/div>\n\t\t\t\t<div class=\"elementor-element elementor-element-65ff030d elementor-align-center elementor-widget elementor-widget-button\" data-id=\"65ff030d\" data-element_type=\"widget\" data-widget_type=\"button.default\">\n\t\t\t\t<div class=\"elementor-widget-container\">\n\t\t\t\t\t\t\t\t\t<div class=\"elementor-button-wrapper\">\n\t\t\t\t\t<a class=\"elementor-button elementor-button-link elementor-size-sm elementor-animation-shrink\" href=\"\/fr\/global-sales-offices\/\">\n\t\t\t\t\t\t<span class=\"elementor-button-content-wrapper\">\n\t\t\t\t\t\t\t\t\t<span class=\"elementor-button-text\">\u0627\u0644\u0627\u062a\u0635\u0627\u0644<\/span>\n\t\t\t\t\t<\/span>\n\t\t\t\t\t<\/a>\n\t\t\t\t<\/div>\n\t\t\t\t\t\t\t\t<\/div>\n\t\t\t\t<\/div>\n\t\t\t\t\t<\/div>\n\t\t\t\t<\/div>\n\t\t\t\t<\/div>\n\t\t","protected":false},"excerpt":{"rendered":"<p>Bose \u0648\u062a\u0631\u0643\u064a\u0628 \u0643\u0627\u0628\u0644\u0627\u062a \u0627\u0644\u0623\u0645\u0627\u0646 \u0646\u0638\u0631\u0629 \u062a\u0633\u062d\u0628 Bose \u0645\u0643\u0628\u0631\u0627\u062a \u0635\u0648\u062a FreeSpace DS 40F Date de sortie du v\u00e9hicule\/mise \u00e0 jour le 13 janvier 2018. Mise \u00e0 jour du DS 40F \u062a\u0643\u0648\u0646 \u062e\u0637\u0627\u0641\u0627\u062a \u0627\u0644\u062a\u0631\u0643\u064a\u0628 \u0627\u0644\u0645\u062a\u0648\u0641\u0631\u0629 \u0639\u0644\u0649 \u0645\u0643\u0628\u0631\u0627\u062a \u0627\u0644\u0635\u0648\u062a \u0647\u0630\u0647 \u0639\u0631\u0636\u0629 \u0644\u0644\u0643\u0633\u0631\u060c \u0645\u0627 \u0642\u062f \u064a\u0624\u062f\u064a \u0625\u0644\u0649 \u0648\u0642\u0648\u0639 \u0645\u0643\u0628\u0631\u0627\u062a \u0627\u0644\u0635\u0648\u062a \u0648\u0627\u0644\u062a\u0633\u0628\u0628 \u0641\u064a \u0625\u0635\u0627\u0628\u0629 \u062e\u0637\u064a\u0631\u0629. \u0648\u0642\u062f \u0648\u0631\u062f [\u2026]<\/p>\n","protected":false},"author":33,"featured_media":0,"parent":1201,"menu_order":0,"comment_status":"closed","ping_status":"closed","template":"","meta":{"_acf_changed":false,"ep_exclude_from_search":false,"footnotes":""},"page-category":[],"class_list":["post-3533","page","type-page","status-publish","hentry"],"acf":[],"_links":{"self":[{"href":"https:\/\/boseprofessional.com\/fr\/wp-json\/wp\/v2\/pages\/3533","targetHints":{"allow":["GET"]}}],"collection":[{"href":"https:\/\/boseprofessional.com\/fr\/wp-json\/wp\/v2\/pages"}],"about":[{"href":"https:\/\/boseprofessional.com\/fr\/wp-json\/wp\/v2\/types\/page"}],"author":[{"embeddable":true,"href":"https:\/\/boseprofessional.com\/fr\/wp-json\/wp\/v2\/users\/33"}],"replies":[{"embeddable":true,"href":"https:\/\/boseprofessional.com\/fr\/wp-json\/wp\/v2\/comments?post=3533"}],"version-history":[{"count":3,"href":"https:\/\/boseprofessional.com\/fr\/wp-json\/wp\/v2\/pages\/3533\/revisions"}],"predecessor-version":[{"id":119138,"href":"https:\/\/boseprofessional.com\/fr\/wp-json\/wp\/v2\/pages\/3533\/revisions\/119138"}],"up":[{"embeddable":true,"href":"https:\/\/boseprofessional.com\/fr\/wp-json\/wp\/v2\/pages\/1201"}],"wp:attachment":[{"href":"https:\/\/boseprofessional.com\/fr\/wp-json\/wp\/v2\/media?parent=3533"}],"wp:term":[{"taxonomy":"page-category","embeddable":true,"href":"https:\/\/boseprofessional.com\/fr\/wp-json\/wp\/v2\/page-category?post=3533"}],"curies":[{"name":"wp","href":"https:\/\/api.w.org\/{rel}","templated":true}]}}