{"id":3339,"date":"2024-07-18T07:01:39","date_gmt":"2024-07-18T07:01:39","guid":{"rendered":"https:\/\/uatnew.boseprofessional.com\/?page_id=3339"},"modified":"2025-09-25T20:24:18","modified_gmt":"2025-09-25T20:24:18","slug":"trademarks","status":"publish","type":"page","link":"https:\/\/boseprofessional.com\/fr\/legal\/trademarks\/","title":{"rendered":"Trademarks"},"content":{"rendered":"\t\t<div data-elementor-type=\"wp-page\" data-elementor-id=\"3339\" class=\"elementor elementor-3339\" data-elementor-post-type=\"page\">\n\t\t\t\t<div data-particle_enable=\"false\" data-particle-mobile-disabled=\"false\" class=\"elementor-element elementor-element-2636e46f simple-text-container-rs e-flex e-con-boxed e-con e-parent\" data-id=\"2636e46f\" data-element_type=\"container\">\n\t\t\t\t\t<div class=\"e-con-inner\">\n\t\t\t\t<div class=\"elementor-element elementor-element-40952479 elementor-widget elementor-widget-button\" data-id=\"40952479\" data-element_type=\"widget\" data-widget_type=\"button.default\">\n\t\t\t\t<div class=\"elementor-widget-container\">\n\t\t\t\t\t\t\t\t\t<div class=\"elementor-button-wrapper\">\n\t\t\t\t\t<a class=\"elementor-button elementor-button-link elementor-size-sm elementor-animation-shrink\" href=\"https:\/\/boseprofessional.com\/fr\/legal\/\">\n\t\t\t\t\t\t<span class=\"elementor-button-content-wrapper\">\n\t\t\t\t\t\t<span class=\"elementor-button-icon\">\n\t\t\t\t<svg aria-hidden=\"true\" class=\"e-font-icon-svg e-fas-step-backward\" viewbox=\"0 0 448 512\" xmlns=\"http:\/\/www.w3.org\/2000\/svg\"><path d=\"M64 468V44c0-6.6 5.4-12 12-12h48c6.6 0 12 5.4 12 12v176.4l195.5-181C352.1 22.3 384 36.6 384 64v384c0 27.4-31.9 41.7-52.5 24.6L136 292.7V468c0 6.6-5.4 12-12 12H76c-6.6 0-12-5.4-12-12z\"><\/path><\/svg>\t\t\t<\/span>\n\t\t\t\t\t\t\t\t\t<span class=\"elementor-button-text\">Retour \u00e0 la section \u00ab\u00a0L\u00e9galisation\u00a0\u00bb<\/span>\n\t\t\t\t\t<\/span>\n\t\t\t\t\t<\/a>\n\t\t\t\t<\/div>\n\t\t\t\t\t\t\t\t<\/div>\n\t\t\t\t<\/div>\n\t\t\t\t<div class=\"elementor-element elementor-element-5b4a58fa elementor-widget elementor-widget-heading\" data-id=\"5b4a58fa\" data-element_type=\"widget\" data-widget_type=\"heading.default\">\n\t\t\t\t<div class=\"elementor-widget-container\">\n\t\t\t\t\t<h1 class=\"elementor-heading-title elementor-size-default\">Bose Professional - Marques d\u00e9pos\u00e9es<\/h1>\t\t\t\t<\/div>\n\t\t\t\t<\/div>\n\t\t\t\t<div class=\"elementor-element elementor-element-4ee4bd45 elementor-widget elementor-widget-post-info\" data-id=\"4ee4bd45\" data-element_type=\"widget\" data-widget_type=\"post-info.default\">\n\t\t\t\t<div class=\"elementor-widget-container\">\n\t\t\t\t\t\t\t<ul class=\"elementor-inline-items elementor-icon-list-items elementor-post-info\">\n\t\t\t\t\t\t\t\t<li class=\"elementor-icon-list-item elementor-repeater-item-8d2c38a elementor-inline-item\" itemprop=\"datePublished\">\n\t\t\t\t\t\t\t\t\t\t<span class=\"elementor-icon-list-icon\">\n\t\t\t\t\t\t\t\t<svg aria-hidden=\"true\" class=\"e-font-icon-svg e-fas-calendar\" viewbox=\"0 0 448 512\" xmlns=\"http:\/\/www.w3.org\/2000\/svg\"><path d=\"M12 192h424c6.6 0 12 5.4 12 12v260c0 26.5-21.5 48-48 48H48c-26.5 0-48-21.5-48-48V204c0-6.6 5.4-12 12-12zm436-44v-36c0-26.5-21.5-48-48-48h-48V12c0-6.6-5.4-12-12-12h-40c-6.6 0-12 5.4-12 12v52H160V12c0-6.6-5.4-12-12-12h-40c-6.6 0-12 5.4-12 12v52H48C21.5 64 0 85.5 0 112v36c0 6.6 5.4 12 12 12h424c6.6 0 12-5.4 12-12z\"><\/path><\/svg>\t\t\t\t\t\t\t<\/span>\n\t\t\t\t\t\t\t\t\t<span class=\"elementor-icon-list-text elementor-post-info__item elementor-post-info__item--type-date\">\n\t\t\t\t\t\t\t\t\t\t<time>18 juillet 2024<\/time>\t\t\t\t\t<\/span>\n\t\t\t\t\t\t\t\t<\/li>\n\t\t\t\t<\/ul>\n\t\t\t\t\t\t<\/div>\n\t\t\t\t<\/div>\n\t\t\t\t\t<\/div>\n\t\t\t\t<\/div>\n\t\t<div data-particle_enable=\"false\" data-particle-mobile-disabled=\"false\" class=\"elementor-element elementor-element-2a485f71 simple-text-container-rs e-flex e-con-boxed e-con e-parent\" data-id=\"2a485f71\" data-element_type=\"container\">\n\t\t\t\t\t<div class=\"e-con-inner\">\n\t\t<div data-particle_enable=\"false\" data-particle-mobile-disabled=\"false\" class=\"elementor-element elementor-element-4bf29a1e e-grid e-con-boxed e-con e-child\" data-id=\"4bf29a1e\" data-element_type=\"container\">\n\t\t\t\t\t<div class=\"e-con-inner\">\n\t\t\t\t<div class=\"elementor-element elementor-element-a6b9844 elementor-widget elementor-widget-text-editor\" data-id=\"a6b9844\" data-element_type=\"widget\" data-widget_type=\"text-editor.default\">\n\t\t\t\t<div class=\"elementor-widget-container\">\n\t\t\t\t\t\t\t\t\t<p>Conception ( Bose Professional travail)<\/p><p><img decoding=\"async\" class=\"alignnone size-medium\" src=\"https:\/\/assets.boseprofessional.com\/transform\/abca26c8-2ff0-45eb-b3f9-5d8aa34f9752\/bose_work_icon_2-png\" width=\"60\" height=\"60\" \/><\/p><p>3202<br \/> 402<br \/> 4402<br \/> 502<br \/> 502A enceinte conception<br \/> 802<br \/> 9702<\/p><p>ArenaMatch<br \/> Auditeur (logiciel informatique) <br \/>Bose Professional Travail<\/p><p>ControlSpace<\/p><p>DeltaQ<br \/> Conception \u2013 802<br \/> Conception ( Freespace )<br \/> Conception-802 III <br \/>DesignMax<br \/>DesignMax Luna<\/p><p>EdgeMax<\/p><p>FeVac <br \/>FreeSpace<br \/>Forum<\/p>\t\t\t\t\t\t\t\t<\/div>\n\t\t\t\t<\/div>\n\t\t\t\t<div class=\"elementor-element elementor-element-130b09fb elementor-widget elementor-widget-text-editor\" data-id=\"130b09fb\" data-element_type=\"widget\" data-widget_type=\"text-editor.default\">\n\t\t\t\t<div class=\"elementor-widget-container\">\n\t\t\t\t\t\t\t\t\t<p>\u00a0<\/p><p>Modeler<br \/>Modeler Logo<\/p><p>Opti-Source<br \/> Opti-Voice<\/p><p>PowerMatch<br \/>PowerSpace<\/p><p>QuickHold<\/p><p>R\u00e9seau en anneau <br \/>RoomMatch<\/p><p>ShowMatch<br \/> ShowRack <br \/>ShowTime<br \/> SlideConnect<br \/> SmartBass<\/p><p>Veritas Amplificateur m\u00e9langeur intelligent<br \/> Barre vid\u00e9o<\/p><p>ZIIPROOM<br \/> Logo ZIIPROOM<\/p>\t\t\t\t\t\t\t\t<\/div>\n\t\t\t\t<\/div>\n\t\t\t\t\t<\/div>\n\t\t\t\t<\/div>\n\t\t\t\t<div class=\"elementor-element elementor-element-4cb84eb5 elementor-widget-divider--view-line elementor-widget elementor-widget-divider\" data-id=\"4cb84eb5\" data-element_type=\"widget\" data-widget_type=\"divider.default\">\n\t\t\t\t<div class=\"elementor-widget-container\">\n\t\t\t\t\t\t\t<div class=\"elementor-divider\">\n\t\t\t<span class=\"elementor-divider-separator\">\n\t\t\t\t\t\t<\/span>\n\t\t<\/div>\n\t\t\t\t\t\t<\/div>\n\t\t\t\t<\/div>\n\t\t\t\t\t<\/div>\n\t\t\t\t<\/div>\n\t\t<div data-particle_enable=\"false\" data-particle-mobile-disabled=\"false\" class=\"elementor-element elementor-element-4d841c53 simple-text-container-rs e-flex e-con-boxed e-con e-parent\" data-id=\"4d841c53\" data-element_type=\"container\">\n\t\t\t\t\t<div class=\"e-con-inner\">\n\t\t\t\t<div class=\"elementor-element elementor-element-61ce967f elementor-widget elementor-widget-text-editor\" data-id=\"61ce967f\" data-element_type=\"widget\" data-widget_type=\"text-editor.default\">\n\t\t\t\t<div class=\"elementor-widget-container\">\n\t\t\t\t\t\t\t\t\t<h2>Attributions de marques d\u00e9pos\u00e9es sous licence de tiers<\/h2>\n<p>Apple et le logo Apple sont des marques d\u00e9pos\u00e9es d\u2019Apple Inc. aux \u00c9tats-Unis et dans d\u2019autres pays. App Store est une marque de service d\u2019Apple Inc. L\u2019utilisation des labels \u00ab\u00a0Con\u00e7u pour Apple\u00a0\u00bb et \u00ab\u00a0Compatible avec Apple\u00a0\u00bb signifie qu\u2019un accessoire a \u00e9t\u00e9 con\u00e7u pour se connecter sp\u00e9cifiquement aux produits Apple mentionn\u00e9s dans le label \u00ab\u00a0Con\u00e7u pour Apple\u00a0\u00bb et pour fonctionner sp\u00e9cifiquement avec la technologie mentionn\u00e9e dans le label \u00ab\u00a0Compatible avec Apple\u00a0\u00bb, et qu\u2019il a \u00e9t\u00e9 certifi\u00e9 par le d\u00e9veloppeur comme conforme aux normes de performance d\u2019Apple. Apple n\u2019est pas responsable du fonctionnement de cet appareil ni de sa conformit\u00e9 aux normes de s\u00e9curit\u00e9 et r\u00e9glementaires.<\/p>\n<p>La marque verbale et les logos\u00a0Bluetooth\u00ae\u00a0sont des marques d\u00e9pos\u00e9es de Bluetooth\u00a0SIG,\u00a0Inc. et leur utilisation par Bose Corporation fait l\u2019objet d\u2019un accord de licence.<\/p>\n<p>DisplayLink XR\u00ae est une marque d\u00e9pos\u00e9e de DisplayLink Corp. dans l'UE, aux \u00c9tats-Unis et dans d'autres pays.<\/p>\n<p>Google, Android, Google Play et les autres marques associ\u00e9es sont des marques d\u00e9pos\u00e9es de Google LLC. Le robot Android est reproduit ou modifi\u00e9 \u00e0 partir d'une \u0153uvre cr\u00e9\u00e9e et partag\u00e9e par Google et utilis\u00e9e conform\u00e9ment aux conditions d\u00e9crites dans la licence Creative Commons Attribution 3.0.<\/p>\n<p>Les termes HDMI et HDMI High-Definition Multimedia Interface, ainsi que le logo HDMI, sont des marques commerciales ou des marques d\u00e9pos\u00e9es de HDMI Licensing Administrator, Inc. aux \u00c9tats-Unis et dans d'autres pays.<\/p>\n<p>Ce produit est prot\u00e9g\u00e9 par certains droits de propri\u00e9t\u00e9 intellectuelle de Microsoft. Toute utilisation ou distribution de cette technologie en dehors de ce produit est interdite sans licence de Microsoft.<\/p>\n<p>USB Type-C\u00ae et USB-C\u00ae sont des marques d\u00e9pos\u00e9es d'USB Implementers. Forum .<\/p>\n<p>Wi-Fi est une marque d\u00e9pos\u00e9e de Wi-Fi Alliance\u00ae.<\/p>\t\t\t\t\t\t\t\t<\/div>\n\t\t\t\t<\/div>\n\t\t\t\t\t<\/div>\n\t\t\t\t<\/div>\n\t\t\t\t<\/div>\n\t\t","protected":false},"excerpt":{"rendered":"<p>Voir la liste de tous Bose Professional Marques d\u00e9pos\u00e9es, y compris les noms de produits, les technologies et les designs distinctifs. De 3202 \u00e0 Videobar et au logo ZIIPROOM, et tout ce qui se trouve entre les deux.<\/p>\n","protected":false},"author":33,"featured_media":116527,"parent":806,"menu_order":0,"comment_status":"closed","ping_status":"closed","template":"","meta":{"_acf_changed":false,"ep_exclude_from_search":false,"footnotes":""},"page-category":[],"class_list":["post-3339","page","type-page","status-publish","has-post-thumbnail","hentry"],"acf":[],"_links":{"self":[{"href":"https:\/\/boseprofessional.com\/fr\/wp-json\/wp\/v2\/pages\/3339","targetHints":{"allow":["GET"]}}],"collection":[{"href":"https:\/\/boseprofessional.com\/fr\/wp-json\/wp\/v2\/pages"}],"about":[{"href":"https:\/\/boseprofessional.com\/fr\/wp-json\/wp\/v2\/types\/page"}],"author":[{"embeddable":true,"href":"https:\/\/boseprofessional.com\/fr\/wp-json\/wp\/v2\/users\/33"}],"replies":[{"embeddable":true,"href":"https:\/\/boseprofessional.com\/fr\/wp-json\/wp\/v2\/comments?post=3339"}],"version-history":[{"count":3,"href":"https:\/\/boseprofessional.com\/fr\/wp-json\/wp\/v2\/pages\/3339\/revisions"}],"predecessor-version":[{"id":170831,"href":"https:\/\/boseprofessional.com\/fr\/wp-json\/wp\/v2\/pages\/3339\/revisions\/170831"}],"up":[{"embeddable":true,"href":"https:\/\/boseprofessional.com\/fr\/wp-json\/wp\/v2\/pages\/806"}],"wp:featuredmedia":[{"embeddable":true,"href":"https:\/\/boseprofessional.com\/fr\/wp-json\/wp\/v2\/media\/116527"}],"wp:attachment":[{"href":"https:\/\/boseprofessional.com\/fr\/wp-json\/wp\/v2\/media?parent=3339"}],"wp:term":[{"taxonomy":"page-category","embeddable":true,"href":"https:\/\/boseprofessional.com\/fr\/wp-json\/wp\/v2\/page-category?post=3339"}],"curies":[{"name":"wp","href":"https:\/\/api.w.org\/{rel}","templated":true}]}}