{"id":3226,"date":"2023-09-07T18:37:26","date_gmt":"2023-09-07T18:37:26","guid":{"rendered":"https:\/\/uatnew.boseprofessional.com\/?page_id=3226"},"modified":"2024-08-26T20:19:46","modified_gmt":"2024-08-26T20:19:46","slug":"es-mx","status":"publish","type":"page","link":"https:\/\/boseprofessional.com\/fr\/resources\/support\/bms-safety\/es-mx\/","title":{"rendered":"BMS Safety ES-MX"},"content":{"rendered":"\t\t<div data-elementor-type=\"wp-page\" data-elementor-id=\"3226\" class=\"elementor elementor-3226\" data-elementor-post-type=\"page\">\n\t\t\t\t<div data-particle_enable=\"false\" data-particle-mobile-disabled=\"false\" class=\"elementor-element elementor-element-34a0fb6d e-flex e-con-boxed e-con e-parent\" data-id=\"34a0fb6d\" data-element_type=\"container\" data-settings=\"{&quot;background_background&quot;:&quot;classic&quot;,&quot;shape_divider_bottom&quot;:&quot;opacity-tilt&quot;}\">\n\t\t\t\t\t<div class=\"e-con-inner\">\n\t\t\t\t<div class=\"elementor-shape elementor-shape-bottom\" aria-hidden=\"true\" data-negative=\"false\">\n\t\t\t<svg xmlns=\"http:\/\/www.w3.org\/2000\/svg\" viewbox=\"0 0 2600 131.1\" preserveaspectratio=\"none\">\n\t<path class=\"elementor-shape-fill\" d=\"M0 0L2600 0 2600 69.1 0 0z\"\/>\n\t<path class=\"elementor-shape-fill\" style=\"opacity:0.5\" d=\"M0 0L2600 0 2600 69.1 0 69.1z\"\/>\n\t<path class=\"elementor-shape-fill\" style=\"opacity:0.25\" d=\"M2600 0L0 0 0 130.1 2600 69.1z\"\/>\n<\/svg>\t\t<\/div>\n\t\t\t\t<div class=\"elementor-element elementor-element-224a889b elementor-widget elementor-widget-heading\" data-id=\"224a889b\" data-element_type=\"widget\" data-widget_type=\"heading.default\">\n\t\t\t\t<div class=\"elementor-widget-container\">\n\t\t\t\t\t<h1 class=\"elementor-heading-title elementor-size-default\">Retiro de altavoces Bose del mercado et installation du c\u00e2ble de s\u00e9curit\u00e9<\/h1>\t\t\t\t<\/div>\n\t\t\t\t<\/div>\n\t\t\t\t\t<\/div>\n\t\t\t\t<\/div>\n\t\t<div data-particle_enable=\"false\" data-particle-mobile-disabled=\"false\" class=\"elementor-element elementor-element-4b7700cd e-flex e-con-boxed e-con e-parent\" data-id=\"4b7700cd\" data-element_type=\"container\">\n\t\t\t\t\t<div class=\"e-con-inner\">\n\t\t\t\t<div class=\"elementor-element elementor-element-3f844363 elementor-widget elementor-widget-image\" data-id=\"3f844363\" data-element_type=\"widget\" data-widget_type=\"image.default\">\n\t\t\t\t<div class=\"elementor-widget-container\">\n\t\t\t\t\t\t\t\t\t\t\t\t\t\t\t<img fetchpriority=\"high\" decoding=\"async\" width=\"1280\" height=\"440\" src=\"https:\/\/assets.boseprofessional.com\/transform\/e70c180d-4d3e-4142-a589-837bd83357c3\/Hydrocarbons_montage2_Header-png\" class=\"attachment-1536x1536 size-1536x1536 wp-image-20498\" alt=\"Montage d&#039;hydrocarbures 2 En-t\u00eate\" srcset=\"https:\/\/assets.boseprofessional.com\/transform\/e70c180d-4d3e-4142-a589-837bd83357c3\/Hydrocarbons_montage2_Header-png 1280w, https:\/\/assets.boseprofessional.com\/transform\/e70c180d-4d3e-4142-a589-837bd83357c3\/Hydrocarbons_montage2_Header-png?io=transform:scale,width:150,height:52 150w, https:\/\/assets.boseprofessional.com\/transform\/e70c180d-4d3e-4142-a589-837bd83357c3\/Hydrocarbons_montage2_Header-png?io=transform:scale,width:300,height:103 300w, https:\/\/assets.boseprofessional.com\/transform\/e70c180d-4d3e-4142-a589-837bd83357c3\/Hydrocarbons_montage2_Header-png?io=transform:scale,width:1024,height:352 1024w, https:\/\/assets.boseprofessional.com\/transform\/e70c180d-4d3e-4142-a589-837bd83357c3\/Hydrocarbons_montage2_Header-png?io=transform:scale,width:480,height:165 480w, https:\/\/assets.boseprofessional.com\/transform\/e70c180d-4d3e-4142-a589-837bd83357c3\/Hydrocarbons_montage2_Header-png?io=transform:scale,width:768,height:264 768w, https:\/\/assets.boseprofessional.com\/transform\/e70c180d-4d3e-4142-a589-837bd83357c3\/Hydrocarbons_montage2_Header-png?io=transform:scale,width:100,height:34 100w\" sizes=\"(max-width: 1280px) 100vw, 1280px\" \/>\t\t\t\t\t\t\t\t\t\t\t\t\t\t\t<\/div>\n\t\t\t\t<\/div>\n\t\t\t\t\t<\/div>\n\t\t\t\t<\/div>\n\t\t<div data-particle_enable=\"false\" data-particle-mobile-disabled=\"false\" class=\"elementor-element elementor-element-da262d6 e-flex e-con-boxed e-con e-parent\" data-id=\"da262d6\" data-element_type=\"container\">\n\t\t\t\t\t<div class=\"e-con-inner\">\n\t\t\t\t<div class=\"elementor-element elementor-element-42f1ce51 elementor-widget elementor-widget-heading\" data-id=\"42f1ce51\" data-element_type=\"widget\" data-widget_type=\"heading.default\">\n\t\t\t\t<div class=\"elementor-widget-container\">\n\t\t\t\t\t<h2 class=\"elementor-heading-title elementor-size-default\">Description g\u00e9n\u00e9rale<\/h2>\t\t\t\t<\/div>\n\t\t\t\t<\/div>\n\t\t\t\t<div class=\"elementor-element elementor-element-1d0de017 elementor-widget elementor-widget-text-editor\" data-id=\"1d0de017\" data-element_type=\"widget\" data-widget_type=\"text-editor.default\">\n\t\t\t\t<div class=\"elementor-widget-container\">\n\t\t\t\t\t\t\t\t\t<p><strong>Bose a retir\u00e9 toutes les hautes voix techniques\/montages du FreeSpace DS 40F fabriqu\u00e9es avant le 13 ao\u00fbt 2018. Durant l'installation et l'utilisation, les fixations de montage de ces hautes voix peuvent \u00eatre rompues, ce qui pourrait provoquer que les hautes voix se produisent et provoquent de graves l\u00e9sions<\/strong> . Hasta la fecha, hemos recibido la notificaci\u00f3n de 29 altavoces que caen de sus ubicaciones de instalaci\u00f3n y se nos ha informado de 1 lasi\u00f3n.<\/p>\n<p><strong>Bose n\u00e9cessite \u00e9galement l'installation de c\u00e2bles de s\u00e9curit\u00e9 \u00e0 haute voix Bose, y compris le DS 40F, qui sont install\u00e9s dans des entreprises de cuisine commerciale. Cela inclut \u00e9galement les voix \u00e9lev\u00e9es pr\u00e9c\u00e9demment install\u00e9es<\/strong> . Lorsque l'huile de cuisine ou les vapeurs de ce type d'huile sont expos\u00e9es, les composants du montage de ces voix hautes peuvent se rompre, ce qui pourrait provoquer des l\u00e9sions graves des voix hautes. Hasta la fecha, hemos recibido la notificaci\u00f3n de 5 altavoces que caen de sus ubicaciones de instalaci\u00f3n y se nos ha informado de 1 losi\u00f3n.<\/p>\n<p>Si vous \u00eates un distributeur direct de Bose, effectuez la s\u00e9lection parmi les options suivantes. Si vous ne souhaitez pas demander directement \u00e0 Bose, communiquez avec votre distributeur pour obtenir plus d'informations.<\/p>\t\t\t\t\t\t\t\t<\/div>\n\t\t\t\t<\/div>\n\t\t\t\t\t<\/div>\n\t\t\t\t<\/div>\n\t\t<div data-particle_enable=\"false\" data-particle-mobile-disabled=\"false\" class=\"elementor-element elementor-element-18b2b6d e-flex e-con-boxed e-con e-parent\" data-id=\"18b2b6d\" data-element_type=\"container\">\n\t\t\t\t\t<div class=\"e-con-inner\">\n\t\t\t\t<div class=\"elementor-element elementor-element-6a67ea16 elementor-widget elementor-widget-heading\" data-id=\"6a67ea16\" data-element_type=\"widget\" data-widget_type=\"heading.default\">\n\t\t\t\t<div class=\"elementor-widget-container\">\n\t\t\t\t\t<h2 class=\"elementor-heading-title elementor-size-default\">Solicitudes et r\u00e9clamations<\/h2>\t\t\t\t<\/div>\n\t\t\t\t<\/div>\n\t\t\t\t<div class=\"elementor-element elementor-element-16cd0c54 elementor-widget elementor-widget-text-editor\" data-id=\"16cd0c54\" data-element_type=\"widget\" data-widget_type=\"text-editor.default\">\n\t\t\t\t<div class=\"elementor-widget-container\">\n\t\t\t\t\t\t\t\t\t<p>Demandes de produits de remplacement, c\u00e2bles de s\u00e9curit\u00e9 ou d'indemnisation\u00a0: <a href=\"https:\/\/www.bosebmssafety.com\/claim\" target=\"_blank\" rel=\"noopener\">BoseBMSsafety.com\/claim<\/a><\/p>\t\t\t\t\t\t\t\t<\/div>\n\t\t\t\t<\/div>\n\t\t\t\t\t<\/div>\n\t\t\t\t<\/div>\n\t\t<div data-particle_enable=\"false\" data-particle-mobile-disabled=\"false\" class=\"elementor-element elementor-element-36b6df6d e-flex e-con-boxed e-con e-parent\" data-id=\"36b6df6d\" data-element_type=\"container\">\n\t\t\t\t\t<div class=\"e-con-inner\">\n\t\t\t\t<div class=\"elementor-element elementor-element-37e1adc elementor-widget elementor-widget-heading\" data-id=\"37e1adc\" data-element_type=\"widget\" data-widget_type=\"heading.default\">\n\t\t\t\t<div class=\"elementor-widget-container\">\n\t\t\t\t\t<h2 class=\"elementor-heading-title elementor-size-default\">Communications<\/h2>\t\t\t\t<\/div>\n\t\t\t\t<\/div>\n\t\t\t\t<div class=\"elementor-element elementor-element-6bb365a8 elementor-widget elementor-widget-text-editor\" data-id=\"6bb365a8\" data-element_type=\"widget\" data-widget_type=\"text-editor.default\">\n\t\t\t\t<div class=\"elementor-widget-container\">\n\t\t\t\t\t\t\t\t\t<ul>\n<li><a href=\"https:\/\/assets.boseprofessional.com\/m\/3c594a20c9c264e9\/original\/2L_Bose_BMSsafety_Direct_Reseller_esmx.docx?_gl=1*za0o77*_gcl_au*MTIwNTcyNzEyMC4xNzIyNjIyMDg0*_ga*MTYxOTYwNDMyMy4xNzIyNjI1NTAz*_ga_NRTQ4DPXBJ*MTcyNDcwMjM3MS42Mi4xLjE3MjQ3MDI2NTIuNjAuMC4w\">Carte du distributeur direct (pays de la filiale) 2L<\/a><\/li>\n<li><a href=\"https:\/\/assets.boseprofessional.com\/m\/5e48f5fbcd962d72\/original\/3L_Bose_BMSsafety_Indirect_Reseller_esmx.docx?_gl=1*za0o77*_gcl_au*MTIwNTcyNzEyMC4xNzIyNjIyMDg0*_ga*MTYxOTYwNDMyMy4xNzIyNjI1NTAz*_ga_NRTQ4DPXBJ*MTcyNDcwMjM3MS42Mi4xLjE3MjQ3MDI2NTIuNjAuMC4w\">Carte de distributeur indirect\/niveau 2 3L<\/a><\/li>\n<li><a href=\"https:\/\/assets.boseprofessional.com\/m\/12ce4ce83c83ee33\/original\/4L_Bose_BMSsafety_End_User_esmx.docx?_gl=1*za0o77*_gcl_au*MTIwNTcyNzEyMC4xNzIyNjIyMDg0*_ga*MTYxOTYwNDMyMy4xNzIyNjI1NTAz*_ga_NRTQ4DPXBJ*MTcyNDcwMjM3MS42Mi4xLjE3MjQ3MDI2NTIuNjAuMC4w\">Carte de l'utilisateur final 4L<\/a><\/li>\n<li><a href=\"https:\/\/assets.boseprofessional.com\/m\/130b4b72ad2e187f\/original\/6A_Bose_BMSsafety_en-xlsx.docx?_gl=1*za0o77*_gcl_au*MTIwNTcyNzEyMC4xNzIyNjIyMDg0*_ga*MTYxOTYwNDMyMy4xNzIyNjI1NTAz*_ga_NRTQ4DPXBJ*MTcyNDcwMjM3MS42Mi4xLjE3MjQ3MDI2NTIuNjAuMC4w\">Liste des SKU des produits concern\u00e9s<\/a><\/li>\n<li><a href=\"https:\/\/assets.boseprofessional.com\/m\/389a1a61561a0280\/original\/Bose_BMS_Safety_UPDATE_New_EdgeMax_SKUs_es-mx.docx?_gl=1*za0o77*_gcl_au*MTIwNTcyNzEyMC4xNzIyNjIyMDg0*_ga*MTYxOTYwNDMyMy4xNzIyNjI1NTAz*_ga_NRTQ4DPXBJ*MTcyNDcwMjM3MS42Mi4xLjE3MjQ3MDI2NTIuNjAuMC4w\"><strong>ACTUALISATION<\/strong>\u00a0: 10 octobre 2019\u00a0: nouveaux SKU de EdgeMax<\/a><\/li>\n<li><a href=\"https:\/\/assets.boseprofessional.com\/m\/5286ec5192403011\/original\/Bose_BMS_Safety_UPDATE_New_FS3_SKUs_esmx.docx?_gl=1*bf9lzp*_gcl_au*MTIwNTcyNzEyMC4xNzIyNjIyMDg0*_ga*MTYxOTYwNDMyMy4xNzIyNjI1NTAz*_ga_NRTQ4DPXBJ*MTcyNDcwMjM3MS42Mi4xLjE3MjQ3MDI2NTIuNjAuMC4w\"><strong>ACTUALISATION<\/strong>\u00a0: 20 f\u00e9vrier 2020\u00a0: Nouveaux SKU de FreeSpace\u00a03<\/a><\/li>\n<\/ul>\t\t\t\t\t\t\t\t<\/div>\n\t\t\t\t<\/div>\n\t\t\t\t\t<\/div>\n\t\t\t\t<\/div>\n\t\t<div data-particle_enable=\"false\" data-particle-mobile-disabled=\"false\" class=\"elementor-element elementor-element-6bbcb30c e-flex e-con-boxed e-con e-parent\" data-id=\"6bbcb30c\" data-element_type=\"container\">\n\t\t\t\t\t<div class=\"e-con-inner\">\n\t\t\t\t<div class=\"elementor-element elementor-element-11ec4a44 elementor-widget elementor-widget-heading\" data-id=\"11ec4a44\" data-element_type=\"widget\" data-widget_type=\"heading.default\">\n\t\t\t\t<div class=\"elementor-widget-container\">\n\t\t\t\t\t<h2 class=\"elementor-heading-title elementor-size-default\">Preguntas frecuentes<\/h2>\t\t\t\t<\/div>\n\t\t\t\t<\/div>\n\t\t\t\t<div class=\"elementor-element elementor-element-17822c60 elementor-widget elementor-widget-text-editor\" data-id=\"17822c60\" data-element_type=\"widget\" data-widget_type=\"text-editor.default\">\n\t\t\t\t<div class=\"elementor-widget-container\">\n\t\t\t\t\t\t\t\t\t<ul>\n<li><a href=\"https:\/\/assets.boseprofessional.com\/m\/7b7fe39dcf2398a1\/original\/1F_Bose_BMSsafety_Reseller_FAQ_esmx.docx?_gl=1*8984cs*_gcl_au*MTIwNTcyNzEyMC4xNzIyNjIyMDg0*_ga*MTYxOTYwNDMyMy4xNzIyNjI1NTAz*_ga_NRTQ4DPXBJ*MTcyNDcwMjM3MS42Mi4xLjE3MjQ3MDI2NTIuNjAuMC4w\">Pour les distributeurs 1F<\/a><\/li>\n<li><a href=\"https:\/\/assets.boseprofessional.com\/m\/65a9b4a45cae1563\/original\/2F_Bose_BMSsafety_End_User_FAQ_esmx.docx?_gl=1*8984cs*_gcl_au*MTIwNTcyNzEyMC4xNzIyNjIyMDg0*_ga*MTYxOTYwNDMyMy4xNzIyNjI1NTAz*_ga_NRTQ4DPXBJ*MTcyNDcwMjM3MS42Mi4xLjE3MjQ3MDI2NTIuNjAuMC4w\">Pour les utilisateurs finaux 2F<\/a><\/li>\n<\/ul>\t\t\t\t\t\t\t\t<\/div>\n\t\t\t\t<\/div>\n\t\t\t\t\t<\/div>\n\t\t\t\t<\/div>\n\t\t<div data-particle_enable=\"false\" data-particle-mobile-disabled=\"false\" class=\"elementor-element elementor-element-787b2602 e-flex e-con-boxed e-con e-parent\" data-id=\"787b2602\" data-element_type=\"container\">\n\t\t\t\t\t<div class=\"e-con-inner\">\n\t\t\t\t<div class=\"elementor-element elementor-element-590ed690 elementor-widget elementor-widget-heading\" data-id=\"590ed690\" data-element_type=\"widget\" data-widget_type=\"heading.default\">\n\t\t\t\t<div class=\"elementor-widget-container\">\n\t\t\t\t\t<h2 class=\"elementor-heading-title elementor-size-default\">Guides<\/h2>\t\t\t\t<\/div>\n\t\t\t\t<\/div>\n\t\t\t\t<div class=\"elementor-element elementor-element-359cdb20 elementor-widget elementor-widget-text-editor\" data-id=\"359cdb20\" data-element_type=\"widget\" data-widget_type=\"text-editor.default\">\n\t\t\t\t<div class=\"elementor-widget-container\">\n\t\t\t\t\t\t\t\t\t<ul>\n<li><a href=\"https:\/\/assets.boseprofessional.com\/m\/5a8b32eed68ec00e\/original\/ig_safetycable_5-5x8-5.pdf?_gl=1*1sxze8w*_gcl_au*MTIwNTcyNzEyMC4xNzIyNjIyMDg0*_ga*MTYxOTYwNDMyMy4xNzIyNjI1NTAz*_ga_NRTQ4DPXBJ*MTcyNDcwMjM3MS42Mi4xLjE3MjQ3MDI2NTIuNjAuMC4w\">Guide d'installation du c\u00e2ble de s\u00e9curit\u00e9<\/a><\/li>\n<li><a href=\"https:\/\/assets.boseprofessional.com\/m\/6afa4528e7f2a010\/original\/uig_freespace_ds40f.pdf?_gl=1*1sxze8w*_gcl_au*MTIwNTcyNzEyMC4xNzIyNjIyMDg0*_ga*MTYxOTYwNDMyMy4xNzIyNjI1NTAz*_ga_NRTQ4DPXBJ*MTcyNDcwMjM3MS42Mi4xLjE3MjQ3MDI2NTIuNjAuMC4w\">Gu\u00eda de desinstalaci\u00f3n de FreeSpace DS 40F<\/a><\/li>\n<\/ul>\t\t\t\t\t\t\t\t<\/div>\n\t\t\t\t<\/div>\n\t\t\t\t\t<\/div>\n\t\t\t\t<\/div>\n\t\t<div data-particle_enable=\"false\" data-particle-mobile-disabled=\"false\" class=\"elementor-element elementor-element-928de52 e-flex e-con-boxed e-con e-parent\" data-id=\"928de52\" data-element_type=\"container\">\n\t\t\t\t\t<div class=\"e-con-inner\">\n\t\t\t\t<div class=\"elementor-element elementor-element-3b96e9bf elementor-widget elementor-widget-heading\" data-id=\"3b96e9bf\" data-element_type=\"widget\" data-widget_type=\"heading.default\">\n\t\t\t\t<div class=\"elementor-widget-container\">\n\t\t\t\t\t<h2 class=\"elementor-heading-title elementor-size-default\">Formulaires de disposition des produits<\/h2>\t\t\t\t<\/div>\n\t\t\t\t<\/div>\n\t\t\t\t<div class=\"elementor-element elementor-element-6f5acc68 elementor-widget elementor-widget-text-editor\" data-id=\"6f5acc68\" data-element_type=\"widget\" data-widget_type=\"text-editor.default\">\n\t\t\t\t<div class=\"elementor-widget-container\">\n\t\t\t\t\t\t\t\t\t<p>Si vous avez moins de 10 voix hautes, <a href=\"https:\/\/es-es-row.ups.com\/Membership\/Login\/Login\" target=\"_blank\" rel=\"noopener\">visitez cette page pour retourner en utilisant UPS<\/a> .<\/p>\n<p><strong>Alias de l'entreprise<\/strong> : boseprorecal<br \/> <strong>ID de d\u00e9but de session<\/strong> : DS40<br \/> <strong>Contrase\u00f1a<\/strong> : DS40<\/p>\n<p>Assurez-vous d'\u00e9crire votre num\u00e9ro de commande dans chaque bo\u00eete \u00e0 \u00e9crire.<\/p>\n<hr \/>\n<p>\u00a0<br \/>Si vous avez 10 ou plus de voix hautes, compl\u00e9tez la connaissance de l'embarquement que vous trouverez en continu et appelez au 1-800-GO-FEDEX pour programmer votre inscription. Pour pr\u00e9parer votre envoi par FedEx Freight,<\/p>\n<ol>\n<li>Pour utiliser cette m\u00e9thode, vous devez paletter et r\u00e9tracter votre envoi. Si vous ne pouvez pas paletter et r\u00e9tracter votre envoi, vous devez utiliser la m\u00e9thode UPS pr\u00e9c\u00e9dente. \u00c9crivez votre num\u00e9ro de commande sur un cartel et collez-le \u00e0 l'ext\u00e9rieur du palette.<\/li>\n<li>Ins\u00e9rez votre num\u00e9ro de commande dans le champ \u00ab\u00a0Ordre d'achat\u00a0\u00bb de la <a href=\"https:\/\/assets.boseprofessional.com\/m\/4b0a5dabe41f41b5\/original\/Bose_Mexico_BOL.pdf?_gl=1*qtcobg*_gcl_au*MTIwNTcyNzEyMC4xNzIyNjIyMDg0*_ga*MTYxOTYwNDMyMy4xNzIyNjI1NTAz*_ga_NRTQ4DPXBJ*MTcyNDcwMjM3MS42Mi4xLjE3MjQ3MDI2NTIuNjAuMC4w\">connaissance de l'embarquement<\/a> . Assurez-vous de compl\u00e9ter les sections relatives \u00e0 la connaissance des embarquements resaltadas en amarillo.<\/li>\n<li>Par EE. UU. Au Canada, appelez le 1-800-GO-FEDEX, et pour le Mexique, appelez le 01.800.00.333.39 pour programmer votre enregistrement. \u00c0 tous,\n<ol style=\"list-style-type: lower-alpha;\">\n<li>Indiquez \u00ab\u00a0Programar una recogida\u00a0\u00bb lorsque vous le sollicitez<\/li>\n<li>Confirmez si l'envoi p\u00e8se plus de 150 lbs.<\/li>\n<li>D\u00e9clarer le peso total de l'envoi<\/li>\n<li>S\u00e9lectionnez le service \u00ab\u00a0LTL\u00a0\u00bb<\/li>\n<li>Proportion de votre heure d'enregistrement souhait\u00e9e \u00e0 l'agent de FedEx<\/li>\n<\/ol>\n<\/li>\n<\/ol>\t\t\t\t\t\t\t\t<\/div>\n\t\t\t\t<\/div>\n\t\t\t\t\t<\/div>\n\t\t\t\t<\/div>\n\t\t<div data-particle_enable=\"false\" data-particle-mobile-disabled=\"false\" class=\"elementor-element elementor-element-37a98f0a e-flex e-con-boxed e-con e-parent\" data-id=\"37a98f0a\" data-element_type=\"container\">\n\t\t\t\t\t<div class=\"e-con-inner\">\n\t\t\t\t<div class=\"elementor-element elementor-element-7d884783 elementor-widget elementor-widget-heading\" data-id=\"7d884783\" data-element_type=\"widget\" data-widget_type=\"heading.default\">\n\t\t\t\t<div class=\"elementor-widget-container\">\n\t\t\t\t\t<h2 class=\"elementor-heading-title elementor-size-default\">Contact<\/h2>\t\t\t\t<\/div>\n\t\t\t\t<\/div>\n\t\t\t\t<div class=\"elementor-element elementor-element-72668062 elementor-widget elementor-widget-text-editor\" data-id=\"72668062\" data-element_type=\"widget\" data-widget_type=\"text-editor.default\">\n\t\t\t\t<div class=\"elementor-widget-container\">\n\t\t\t\t\t\t\t\t\t<p style=\"text-align: center;\"><strong>Communiquer avec un repr\u00e9sentant des ventes de Bose Pro<\/strong><\/p>\t\t\t\t\t\t\t\t<\/div>\n\t\t\t\t<\/div>\n\t\t\t\t<div class=\"elementor-element elementor-element-5016c5f5 elementor-align-center elementor-widget elementor-widget-button\" data-id=\"5016c5f5\" data-element_type=\"widget\" data-widget_type=\"button.default\">\n\t\t\t\t<div class=\"elementor-widget-container\">\n\t\t\t\t\t\t\t\t\t<div class=\"elementor-button-wrapper\">\n\t\t\t\t\t<a class=\"elementor-button elementor-button-link elementor-size-sm elementor-animation-shrink\" href=\"\/fr\/global-sales-offices\/\">\n\t\t\t\t\t\t<span class=\"elementor-button-content-wrapper\">\n\t\t\t\t\t\t\t\t\t<span class=\"elementor-button-text\">Contact<\/span>\n\t\t\t\t\t<\/span>\n\t\t\t\t\t<\/a>\n\t\t\t\t<\/div>\n\t\t\t\t\t\t\t\t<\/div>\n\t\t\t\t<\/div>\n\t\t\t\t\t<\/div>\n\t\t\t\t<\/div>\n\t\t\t\t<\/div>\n\t\t","protected":false},"excerpt":{"rendered":"<p>Retrait des voix hautes Bose du march\u00e9 et installation du c\u00e2ble de s\u00e9curit\u00e9 Description g\u00e9n\u00e9rale Bose est \u00e0 la retraite de toutes les voix hautes de technologie\/montage au ras FreeSpace DS 40F fabriqu\u00e9 avant le 13 ao\u00fbt 2018. Durant l'installation et l'utilisation, les fixations de montage de ces hautes voix peuvent \u00eatre rompues, ce qui pourrait provoquer que [\u2026]<\/p>\n","protected":false},"author":33,"featured_media":0,"parent":1201,"menu_order":0,"comment_status":"closed","ping_status":"closed","template":"","meta":{"_acf_changed":false,"ep_exclude_from_search":false,"footnotes":""},"page-category":[],"class_list":["post-3226","page","type-page","status-publish","hentry"],"acf":[],"_links":{"self":[{"href":"https:\/\/boseprofessional.com\/fr\/wp-json\/wp\/v2\/pages\/3226","targetHints":{"allow":["GET"]}}],"collection":[{"href":"https:\/\/boseprofessional.com\/fr\/wp-json\/wp\/v2\/pages"}],"about":[{"href":"https:\/\/boseprofessional.com\/fr\/wp-json\/wp\/v2\/types\/page"}],"author":[{"embeddable":true,"href":"https:\/\/boseprofessional.com\/fr\/wp-json\/wp\/v2\/users\/33"}],"replies":[{"embeddable":true,"href":"https:\/\/boseprofessional.com\/fr\/wp-json\/wp\/v2\/comments?post=3226"}],"version-history":[{"count":3,"href":"https:\/\/boseprofessional.com\/fr\/wp-json\/wp\/v2\/pages\/3226\/revisions"}],"predecessor-version":[{"id":119286,"href":"https:\/\/boseprofessional.com\/fr\/wp-json\/wp\/v2\/pages\/3226\/revisions\/119286"}],"up":[{"embeddable":true,"href":"https:\/\/boseprofessional.com\/fr\/wp-json\/wp\/v2\/pages\/1201"}],"wp:attachment":[{"href":"https:\/\/boseprofessional.com\/fr\/wp-json\/wp\/v2\/media?parent=3226"}],"wp:term":[{"taxonomy":"page-category","embeddable":true,"href":"https:\/\/boseprofessional.com\/fr\/wp-json\/wp\/v2\/page-category?post=3226"}],"curies":[{"name":"wp","href":"https:\/\/api.w.org\/{rel}","templated":true}]}}