{"id":3121,"date":"2023-09-07T14:12:06","date_gmt":"2023-09-07T14:12:06","guid":{"rendered":"https:\/\/uatnew.boseprofessional.com\/?page_id=3121"},"modified":"2024-08-28T15:23:50","modified_gmt":"2024-08-28T15:23:50","slug":"it-it","status":"publish","type":"page","link":"https:\/\/boseprofessional.com\/fr\/resources\/support\/bms-safety\/it-it\/","title":{"rendered":"BMS Safety IT-IT"},"content":{"rendered":"\t\t<div data-elementor-type=\"wp-page\" data-elementor-id=\"3121\" class=\"elementor elementor-3121\" data-elementor-post-type=\"page\">\n\t\t\t\t<div data-particle_enable=\"false\" data-particle-mobile-disabled=\"false\" class=\"elementor-element elementor-element-4b632159 e-flex e-con-boxed e-con e-parent\" data-id=\"4b632159\" data-element_type=\"container\" data-settings=\"{&quot;background_background&quot;:&quot;classic&quot;,&quot;shape_divider_bottom&quot;:&quot;opacity-tilt&quot;}\">\n\t\t\t\t\t<div class=\"e-con-inner\">\n\t\t\t\t<div class=\"elementor-shape elementor-shape-bottom\" aria-hidden=\"true\" data-negative=\"false\">\n\t\t\t<svg xmlns=\"http:\/\/www.w3.org\/2000\/svg\" viewbox=\"0 0 2600 131.1\" preserveaspectratio=\"none\">\n\t<path class=\"elementor-shape-fill\" d=\"M0 0L2600 0 2600 69.1 0 0z\"\/>\n\t<path class=\"elementor-shape-fill\" style=\"opacity:0.5\" d=\"M0 0L2600 0 2600 69.1 0 69.1z\"\/>\n\t<path class=\"elementor-shape-fill\" style=\"opacity:0.25\" d=\"M2600 0L0 0 0 130.1 2600 69.1z\"\/>\n<\/svg>\t\t<\/div>\n\t\t\t\t<div class=\"elementor-element elementor-element-76b1ea38 elementor-widget elementor-widget-heading\" data-id=\"76b1ea38\" data-element_type=\"widget\" data-widget_type=\"heading.default\">\n\t\t\t\t<div class=\"elementor-widget-container\">\n\t\t\t\t\t<h1 class=\"elementor-heading-title elementor-size-default\">Ritiro dei diffusori Bose et installazione del cavo di securezza<\/h1>\t\t\t\t<\/div>\n\t\t\t\t<\/div>\n\t\t\t\t\t<\/div>\n\t\t\t\t<\/div>\n\t\t<div data-particle_enable=\"false\" data-particle-mobile-disabled=\"false\" class=\"elementor-element elementor-element-69200a81 e-flex e-con-boxed e-con e-parent\" data-id=\"69200a81\" data-element_type=\"container\">\n\t\t\t\t\t<div class=\"e-con-inner\">\n\t\t\t\t<div class=\"elementor-element elementor-element-70d875fa elementor-widget elementor-widget-image\" data-id=\"70d875fa\" data-element_type=\"widget\" data-widget_type=\"image.default\">\n\t\t\t\t<div class=\"elementor-widget-container\">\n\t\t\t\t\t\t\t\t\t\t\t\t\t\t\t<img fetchpriority=\"high\" decoding=\"async\" width=\"1280\" height=\"440\" src=\"https:\/\/assets.boseprofessional.com\/transform\/e70c180d-4d3e-4142-a589-837bd83357c3\/Hydrocarbons_montage2_Header-png\" class=\"attachment-1536x1536 size-1536x1536 wp-image-20498\" alt=\"Montage d&#039;hydrocarbures 2 En-t\u00eate\" srcset=\"https:\/\/assets.boseprofessional.com\/transform\/e70c180d-4d3e-4142-a589-837bd83357c3\/Hydrocarbons_montage2_Header-png 1280w, https:\/\/assets.boseprofessional.com\/transform\/e70c180d-4d3e-4142-a589-837bd83357c3\/Hydrocarbons_montage2_Header-png?io=transform:scale,width:150,height:52 150w, https:\/\/assets.boseprofessional.com\/transform\/e70c180d-4d3e-4142-a589-837bd83357c3\/Hydrocarbons_montage2_Header-png?io=transform:scale,width:300,height:103 300w, https:\/\/assets.boseprofessional.com\/transform\/e70c180d-4d3e-4142-a589-837bd83357c3\/Hydrocarbons_montage2_Header-png?io=transform:scale,width:1024,height:352 1024w, https:\/\/assets.boseprofessional.com\/transform\/e70c180d-4d3e-4142-a589-837bd83357c3\/Hydrocarbons_montage2_Header-png?io=transform:scale,width:480,height:165 480w, https:\/\/assets.boseprofessional.com\/transform\/e70c180d-4d3e-4142-a589-837bd83357c3\/Hydrocarbons_montage2_Header-png?io=transform:scale,width:768,height:264 768w, https:\/\/assets.boseprofessional.com\/transform\/e70c180d-4d3e-4142-a589-837bd83357c3\/Hydrocarbons_montage2_Header-png?io=transform:scale,width:100,height:34 100w\" sizes=\"(max-width: 1280px) 100vw, 1280px\" \/>\t\t\t\t\t\t\t\t\t\t\t\t\t\t\t<\/div>\n\t\t\t\t<\/div>\n\t\t\t\t\t<\/div>\n\t\t\t\t<\/div>\n\t\t<div data-particle_enable=\"false\" data-particle-mobile-disabled=\"false\" class=\"elementor-element elementor-element-66fe6afb e-flex e-con-boxed e-con e-parent\" data-id=\"66fe6afb\" data-element_type=\"container\">\n\t\t\t\t\t<div class=\"e-con-inner\">\n\t\t\t\t<div class=\"elementor-element elementor-element-7c4a0866 elementor-widget elementor-widget-heading\" data-id=\"7c4a0866\" data-element_type=\"widget\" data-widget_type=\"heading.default\">\n\t\t\t\t<div class=\"elementor-widget-container\">\n\t\t\t\t\t<h2 class=\"elementor-heading-title elementor-size-default\">Panoramica<\/h2>\t\t\t\t<\/div>\n\t\t\t\t<\/div>\n\t\t\t\t<div class=\"elementor-element elementor-element-7b0ddd2 elementor-widget elementor-widget-text-editor\" data-id=\"7b0ddd2\" data-element_type=\"widget\" data-widget_type=\"text-editor.default\">\n\t\t\t\t<div class=\"elementor-widget-container\">\n\t\t\t\t\t\t\t\t\t<p><strong>Bose a commenc\u00e9 \u00e0 utiliser tous les diffuseurs FreeSpace DS 40F pour le montage sur le soffite\/sur le produit encastr\u00e9 avant le 13 ao\u00fbt 2018<\/strong> . Durant l'installation et l'utilisation, les \u00e9l\u00e9ments d'ancrage de ce diffuseur peuvent \u00eatre rompus et provoquer la chute, avec pour cons\u00e9quence des l\u00e9sions tr\u00e8s graves. Et maintenant, c'est l'\u00e9tat qui communique la carte du point d'installation de 29 diffuseurs et c'est l'\u00e9tat qui signale une information.<\/p>\n<p><strong>Bose propose \u00e9galement l'installation de cavit\u00e9s de s\u00e9curit\u00e9 pour certains de vos diffuseurs install\u00e9s dans des cuisines commerciales, y compris le mod\u00e8le DS 40F. Cette mise \u00e0 jour doit \u00eatre effectu\u00e9e ou \u00e9galement un diffuseur \u00e0 installer<\/strong> . En cas d'exposition \u00e0 des huiles alimentaires ou \u00e0 des fum\u00e9es relatives, les composants de montage de ces diffuseurs peuvent \u00eatre rompus et provoquer la chute, avec des l\u00e9sions tr\u00e8s graves qui en r\u00e9sultent. Et maintenant, c'est l'\u00e9tat qui communique la carte du point d'installation des cinq diffuseurs et c'est l'\u00e9tat qui signale une information.<\/p>\n<p>Si vous \u00eates un distributeur ou un revendeur directement par Bose, s\u00e9lectionnez l'une des options ci-dessous. Si vous n'achetez pas de diffuseur directement par Bose, contactez votre partenaire Bose pour plus d'informations.<\/p>\t\t\t\t\t\t\t\t<\/div>\n\t\t\t\t<\/div>\n\t\t\t\t\t<\/div>\n\t\t\t\t<\/div>\n\t\t<div data-particle_enable=\"false\" data-particle-mobile-disabled=\"false\" class=\"elementor-element elementor-element-32410bc2 e-flex e-con-boxed e-con e-parent\" data-id=\"32410bc2\" data-element_type=\"container\">\n\t\t\t\t\t<div class=\"e-con-inner\">\n\t\t\t\t<div class=\"elementor-element elementor-element-2887a925 elementor-widget elementor-widget-heading\" data-id=\"2887a925\" data-element_type=\"widget\" data-widget_type=\"heading.default\">\n\t\t\t\t<div class=\"elementor-widget-container\">\n\t\t\t\t\t<h2 class=\"elementor-heading-title elementor-size-default\">Richieste e reclami<\/h2>\t\t\t\t<\/div>\n\t\t\t\t<\/div>\n\t\t\t\t<div class=\"elementor-element elementor-element-cb5a15a elementor-widget elementor-widget-text-editor\" data-id=\"cb5a15a\" data-element_type=\"widget\" data-widget_type=\"text-editor.default\">\n\t\t\t\t<div class=\"elementor-widget-container\">\n\t\t\t\t\t\t\t\t\t<div id=\"requeteetdemandederemboursement\" class=\"bp_page-navigation-content\">\n<ul>\n<li>Riches produits de remplacement, garanties de s\u00e9curit\u00e9 ou remboursement\u00a0: <a href=\"https:\/\/www.bosebmssafety.com\/claim\" target=\"_blank\" rel=\"noopener\">BoseBMSsafety.com\/claim<\/a><\/li>\n<\/ul>\n<\/div>\t\t\t\t\t\t\t\t<\/div>\n\t\t\t\t<\/div>\n\t\t\t\t\t<\/div>\n\t\t\t\t<\/div>\n\t\t<div data-particle_enable=\"false\" data-particle-mobile-disabled=\"false\" class=\"elementor-element elementor-element-35ad7eba e-flex e-con-boxed e-con e-parent\" data-id=\"35ad7eba\" data-element_type=\"container\">\n\t\t\t\t\t<div class=\"e-con-inner\">\n\t\t\t\t<div class=\"elementor-element elementor-element-22b9b9c6 elementor-widget elementor-widget-heading\" data-id=\"22b9b9c6\" data-element_type=\"widget\" data-widget_type=\"heading.default\">\n\t\t\t\t<div class=\"elementor-widget-container\">\n\t\t\t\t\t<h2 class=\"elementor-heading-title elementor-size-default\">Comunicazioni<\/h2>\t\t\t\t<\/div>\n\t\t\t\t<\/div>\n\t\t\t\t<div class=\"elementor-element elementor-element-8ea9585 elementor-widget elementor-widget-text-editor\" data-id=\"8ea9585\" data-element_type=\"widget\" data-widget_type=\"text-editor.default\">\n\t\t\t\t<div class=\"elementor-widget-container\">\n\t\t\t\t\t\t\t\t\t<ul>\n<li><a href=\"https:\/\/assets.boseprofessional.com\/m\/381e9c5c56a02429\/original\/1L_Bose_BMSsafety_Direct_Reseller_it.docx?_gl=1*1bwga56*_gcl_au*MTIwNTcyNzEyMC4xNzIyNjIyMDg0*_ga*MTYxOTYwNDMyMy4xNzIyNjI1NTAz*_ga_NRTQ4DPXBJ*MTcyNDg1NTQ5OS42OC4xLjE3MjQ4NTgyMTQuNjAuMC4w\">Lettre au rivenditore diretto (Paese della consociata) 1L<\/a><\/li>\n<li><a href=\"https:\/\/assets.boseprofessional.com\/m\/5756ab8d68ef7ef7\/original\/3L_Bose_BMSsafety_Indirect_Reseller_it.docx?_gl=1*1bwga56*_gcl_au*MTIwNTcyNzEyMC4xNzIyNjIyMDg0*_ga*MTYxOTYwNDMyMy4xNzIyNjI1NTAz*_ga_NRTQ4DPXBJ*MTcyNDg1NTQ5OS42OC4xLjE3MjQ4NTgyMTQuNjAuMC4w\">Lettre au rivenditore indiretto\/Livello 2 3L<\/a><\/li>\n<li><a href=\"https:\/\/assets.boseprofessional.com\/m\/67a4c96ccdf901da\/original\/4L_Bose_BMSsafety_End_User_it.docx?_gl=1*1bwga56*_gcl_au*MTIwNTcyNzEyMC4xNzIyNjIyMDg0*_ga*MTYxOTYwNDMyMy4xNzIyNjI1NTAz*_ga_NRTQ4DPXBJ*MTcyNDg1NTQ5OS42OC4xLjE3MjQ4NTgyMTQuNjAuMC4w\">Lettera all'utente finale 4L<\/a><\/li>\n<li><a href=\"https:\/\/assets.boseprofessional.com\/m\/130b4b72ad2e187f\/original\/6A_Bose_BMSsafety_en-xlsx.docx?_gl=1*1bwga56*_gcl_au*MTIwNTcyNzEyMC4xNzIyNjIyMDg0*_ga*MTYxOTYwNDMyMy4xNzIyNjI1NTAz*_ga_NRTQ4DPXBJ*MTcyNDg1NTQ5OS42OC4xLjE3MjQ4NTgyMTQuNjAuMC4w\">Elenco di SKU des produits int\u00e9ress\u00e9s 6A<\/a><\/li>\n<li><a href=\"https:\/\/assets.boseprofessional.com\/m\/4416684007ad17cf\/original\/Bose_BMS_Safety_UPDATE_New_EdgeMax_SKUs_it.docx?_gl=1*1bwga56*_gcl_au*MTIwNTcyNzEyMC4xNzIyNjIyMDg0*_ga*MTYxOTYwNDMyMy4xNzIyNjI1NTAz*_ga_NRTQ4DPXBJ*MTcyNDg1NTQ5OS42OC4xLjE3MjQ4NTgyMTQuNjAuMC4w\"><strong>AGGIORNAMENTO<\/strong> : 10 octobre 2019 \u2013 Nouveau SKU EdgeMax<\/a><\/li>\n<li><a href=\"https:\/\/assets.boseprofessional.com\/m\/721e6eb7d9800cb2\/original\/Bose_BMS_Safety_UPDATE_New_FS3_SKUs_it.docx?_gl=1*1bwga56*_gcl_au*MTIwNTcyNzEyMC4xNzIyNjIyMDg0*_ga*MTYxOTYwNDMyMy4xNzIyNjI1NTAz*_ga_NRTQ4DPXBJ*MTcyNDg1NTQ5OS42OC4xLjE3MjQ4NTgyMTQuNjAuMC4w\"><strong>AGGIORNAMENTO<\/strong> : 20 f\u00e9vrier 2020 \u2013 Nouveaux codes SKU pour les mod\u00e8les FreeSpace\u00a03<\/a><\/li>\n<\/ul>\t\t\t\t\t\t\t\t<\/div>\n\t\t\t\t<\/div>\n\t\t\t\t\t<\/div>\n\t\t\t\t<\/div>\n\t\t<div data-particle_enable=\"false\" data-particle-mobile-disabled=\"false\" class=\"elementor-element elementor-element-2c2f4a0c e-flex e-con-boxed e-con e-parent\" data-id=\"2c2f4a0c\" data-element_type=\"container\">\n\t\t\t\t\t<div class=\"e-con-inner\">\n\t\t\t\t<div class=\"elementor-element elementor-element-6641056d elementor-widget elementor-widget-heading\" data-id=\"6641056d\" data-element_type=\"widget\" data-widget_type=\"heading.default\">\n\t\t\t\t<div class=\"elementor-widget-container\">\n\t\t\t\t\t<h2 class=\"elementor-heading-title elementor-size-default\">Domande frequenti<\/h2>\t\t\t\t<\/div>\n\t\t\t\t<\/div>\n\t\t\t\t<div class=\"elementor-element elementor-element-3175afa9 elementor-widget elementor-widget-text-editor\" data-id=\"3175afa9\" data-element_type=\"widget\" data-widget_type=\"text-editor.default\">\n\t\t\t\t<div class=\"elementor-widget-container\">\n\t\t\t\t\t\t\t\t\t<ul>\n<li><a href=\"https:\/\/assets.boseprofessional.com\/m\/6bb8aacc157ea3d4\/original\/1F_Bose_BMSsafety_Reseller_FAQ_it.docx?_gl=1*1l8gpud*_gcl_au*MTIwNTcyNzEyMC4xNzIyNjIyMDg0*_ga*MTYxOTYwNDMyMy4xNzIyNjI1NTAz*_ga_NRTQ4DPXBJ*MTcyNDg1NTQ5OS42OC4xLjE3MjQ4NTgyMTQuNjAuMC4w\">Pour les riverains 1F<\/a><\/li>\n<li><a href=\"https:\/\/assets.boseprofessional.com\/m\/7c1d896254496326\/original\/2F_Bose_BMSsafety_End_User_FAQ_it.docx?_gl=1*1l8gpud*_gcl_au*MTIwNTcyNzEyMC4xNzIyNjIyMDg0*_ga*MTYxOTYwNDMyMy4xNzIyNjI1NTAz*_ga_NRTQ4DPXBJ*MTcyNDg1NTQ5OS42OC4xLjE3MjQ4NTgyMTQuNjAuMC4w\">Pour les utilisateurs finaux 2F<\/a><\/li>\n<\/ul>\t\t\t\t\t\t\t\t<\/div>\n\t\t\t\t<\/div>\n\t\t\t\t\t<\/div>\n\t\t\t\t<\/div>\n\t\t<div data-particle_enable=\"false\" data-particle-mobile-disabled=\"false\" class=\"elementor-element elementor-element-68069287 e-flex e-con-boxed e-con e-parent\" data-id=\"68069287\" data-element_type=\"container\">\n\t\t\t\t\t<div class=\"e-con-inner\">\n\t\t\t\t<div class=\"elementor-element elementor-element-754c3218 elementor-widget elementor-widget-heading\" data-id=\"754c3218\" data-element_type=\"widget\" data-widget_type=\"heading.default\">\n\t\t\t\t<div class=\"elementor-widget-container\">\n\t\t\t\t\t<h2 class=\"elementor-heading-title elementor-size-default\">Istruzioni<\/h2>\t\t\t\t<\/div>\n\t\t\t\t<\/div>\n\t\t\t\t<div class=\"elementor-element elementor-element-281549f elementor-widget elementor-widget-text-editor\" data-id=\"281549f\" data-element_type=\"widget\" data-widget_type=\"text-editor.default\">\n\t\t\t\t<div class=\"elementor-widget-container\">\n\t\t\t\t\t\t\t\t\t<ul>\n<li><a href=\"https:\/\/assets.boseprofessional.com\/m\/5a8b32eed68ec00e\/original\/ig_safetycable_5-5x8-5.pdf?_gl=1*aj6nan*_gcl_au*MTIwNTcyNzEyMC4xNzIyNjIyMDg0*_ga*MTYxOTYwNDMyMy4xNzIyNjI1NTAz*_ga_NRTQ4DPXBJ*MTcyNDg1NTQ5OS42OC4xLjE3MjQ4NTg0OTMuNjAuMC4w\">Guide d'installation du c\u00e2ble de s\u00e9curit\u00e9<\/a><\/li>\n<li><a href=\"https:\/\/assets.boseprofessional.com\/m\/6afa4528e7f2a010\/original\/uig_freespace_ds40f.pdf?_gl=1*aj6nan*_gcl_au*MTIwNTcyNzEyMC4xNzIyNjIyMDg0*_ga*MTYxOTYwNDMyMy4xNzIyNjI1NTAz*_ga_NRTQ4DPXBJ*MTcyNDg1NTQ5OS42OC4xLjE3MjQ4NTg0OTMuNjAuMC4w\">Guide de d\u00e9sinstallation du FreeSpace DS 40F<\/a><\/li>\n<\/ul>\t\t\t\t\t\t\t\t<\/div>\n\t\t\t\t<\/div>\n\t\t\t\t\t<\/div>\n\t\t\t\t<\/div>\n\t\t<div data-particle_enable=\"false\" data-particle-mobile-disabled=\"false\" class=\"elementor-element elementor-element-3c247d2 e-flex e-con-boxed e-con e-parent\" data-id=\"3c247d2\" data-element_type=\"container\">\n\t\t\t\t\t<div class=\"e-con-inner\">\n\t\t\t\t<div class=\"elementor-element elementor-element-cf05d05 elementor-widget elementor-widget-heading\" data-id=\"cf05d05\" data-element_type=\"widget\" data-widget_type=\"heading.default\">\n\t\t\t\t<div class=\"elementor-widget-container\">\n\t\t\t\t\t<h2 class=\"elementor-heading-title elementor-size-default\">Modules de disposition des produits<\/h2>\t\t\t\t<\/div>\n\t\t\t\t<\/div>\n\t\t\t\t<div class=\"elementor-element elementor-element-645fc1da elementor-widget elementor-widget-text-editor\" data-id=\"645fc1da\" data-element_type=\"widget\" data-widget_type=\"text-editor.default\">\n\t\t\t\t<div class=\"elementor-widget-container\">\n\t\t\t\t\t\t\t\t\t<ul>\n<li><a href=\"https:\/\/assets.boseprofessional.com\/m\/1281fc92744123d5\/original\/1T_Return_Shipping_Form_it.xlsx?_gl=1*1q7y0dt*_gcl_au*MTIwNTcyNzEyMC4xNzIyNjIyMDg0*_ga*MTYxOTYwNDMyMy4xNzIyNjI1NTAz*_ga_NRTQ4DPXBJ*MTcyNDg1NTQ5OS42OC4xLjE3MjQ4NTg0OTMuNjAuMC4w\">Modulo per la restituzione<\/a><\/li>\n<li><a href=\"mailto:DS40.recall@boseprofessional.com\">DS40.recall@boseprofessional.com<\/a><\/li>\n<\/ul>\t\t\t\t\t\t\t\t<\/div>\n\t\t\t\t<\/div>\n\t\t\t\t\t<\/div>\n\t\t\t\t<\/div>\n\t\t<div data-particle_enable=\"false\" data-particle-mobile-disabled=\"false\" class=\"elementor-element elementor-element-66ac6288 e-flex e-con-boxed e-con e-parent\" data-id=\"66ac6288\" data-element_type=\"container\">\n\t\t\t\t\t<div class=\"e-con-inner\">\n\t\t\t\t<div class=\"elementor-element elementor-element-5e0d6157 elementor-widget elementor-widget-heading\" data-id=\"5e0d6157\" data-element_type=\"widget\" data-widget_type=\"heading.default\">\n\t\t\t\t<div class=\"elementor-widget-container\">\n\t\t\t\t\t<h2 class=\"elementor-heading-title elementor-size-default\">Contacts<\/h2>\t\t\t\t<\/div>\n\t\t\t\t<\/div>\n\t\t\t\t<div class=\"elementor-element elementor-element-78ff36b1 elementor-widget elementor-widget-text-editor\" data-id=\"78ff36b1\" data-element_type=\"widget\" data-widget_type=\"text-editor.default\">\n\t\t\t\t<div class=\"elementor-widget-container\">\n\t\t\t\t\t\t\t\t\t<p style=\"text-align: center;\"><strong>Contactez un vendeur Bose Pro<\/strong><\/p>\t\t\t\t\t\t\t\t<\/div>\n\t\t\t\t<\/div>\n\t\t\t\t<div class=\"elementor-element elementor-element-de71a07 elementor-align-center elementor-widget elementor-widget-button\" data-id=\"de71a07\" data-element_type=\"widget\" data-widget_type=\"button.default\">\n\t\t\t\t<div class=\"elementor-widget-container\">\n\t\t\t\t\t\t\t\t\t<div class=\"elementor-button-wrapper\">\n\t\t\t\t\t<a class=\"elementor-button elementor-button-link elementor-size-sm elementor-animation-shrink\" href=\"\/fr\/global-sales-offices\/\">\n\t\t\t\t\t\t<span class=\"elementor-button-content-wrapper\">\n\t\t\t\t\t\t\t\t\t<span class=\"elementor-button-text\">Contacts<\/span>\n\t\t\t\t\t<\/span>\n\t\t\t\t\t<\/a>\n\t\t\t\t<\/div>\n\t\t\t\t\t\t\t\t<\/div>\n\t\t\t\t<\/div>\n\t\t\t\t\t<\/div>\n\t\t\t\t<\/div>\n\t\t\t\t<\/div>\n\t\t","protected":false},"excerpt":{"rendered":"<p>Ritiro dei diffuseuri Bose et installazione del cavo di scurezza Panoramica Bose sta ritirando tutti i diffusori FreeSpace DS 40F pour le montage d'un soffite\/d'un produit encastr\u00e9 avant le 13 ao\u00fbt 2018. Durant l'installation et l'utilisation, les \u00e9l\u00e9ments d'ancrage de ce diffuseur peuvent \u00eatre rompus et provoquer la carrosserie, avec pour cons\u00e9quence des l\u00e9sions tr\u00e8s graves. Ad oggi, ci [\u2026]<\/p>\n","protected":false},"author":33,"featured_media":0,"parent":1201,"menu_order":0,"comment_status":"closed","ping_status":"closed","template":"","meta":{"_acf_changed":false,"ep_exclude_from_search":false,"footnotes":""},"page-category":[],"class_list":["post-3121","page","type-page","status-publish","hentry"],"acf":[],"_links":{"self":[{"href":"https:\/\/boseprofessional.com\/fr\/wp-json\/wp\/v2\/pages\/3121","targetHints":{"allow":["GET"]}}],"collection":[{"href":"https:\/\/boseprofessional.com\/fr\/wp-json\/wp\/v2\/pages"}],"about":[{"href":"https:\/\/boseprofessional.com\/fr\/wp-json\/wp\/v2\/types\/page"}],"author":[{"embeddable":true,"href":"https:\/\/boseprofessional.com\/fr\/wp-json\/wp\/v2\/users\/33"}],"replies":[{"embeddable":true,"href":"https:\/\/boseprofessional.com\/fr\/wp-json\/wp\/v2\/comments?post=3121"}],"version-history":[{"count":3,"href":"https:\/\/boseprofessional.com\/fr\/wp-json\/wp\/v2\/pages\/3121\/revisions"}],"predecessor-version":[{"id":119504,"href":"https:\/\/boseprofessional.com\/fr\/wp-json\/wp\/v2\/pages\/3121\/revisions\/119504"}],"up":[{"embeddable":true,"href":"https:\/\/boseprofessional.com\/fr\/wp-json\/wp\/v2\/pages\/1201"}],"wp:attachment":[{"href":"https:\/\/boseprofessional.com\/fr\/wp-json\/wp\/v2\/media?parent=3121"}],"wp:term":[{"taxonomy":"page-category","embeddable":true,"href":"https:\/\/boseprofessional.com\/fr\/wp-json\/wp\/v2\/page-category?post=3121"}],"curies":[{"name":"wp","href":"https:\/\/api.w.org\/{rel}","templated":true}]}}