{"id":3101,"date":"2023-09-07T13:08:17","date_gmt":"2023-09-07T13:08:17","guid":{"rendered":"https:\/\/uatnew.boseprofessional.com\/?page_id=3101"},"modified":"2024-08-26T17:55:12","modified_gmt":"2024-08-26T17:55:12","slug":"en-ie","status":"publish","type":"page","link":"https:\/\/boseprofessional.com\/fr\/resources\/support\/bms-safety\/en-ie\/","title":{"rendered":"BMS Safety EN-IE"},"content":{"rendered":"\t\t<div data-elementor-type=\"wp-page\" data-elementor-id=\"3101\" class=\"elementor elementor-3101\" data-elementor-post-type=\"page\">\n\t\t\t\t<div data-particle_enable=\"false\" data-particle-mobile-disabled=\"false\" class=\"elementor-element elementor-element-15ce689e e-flex e-con-boxed e-con e-parent\" data-id=\"15ce689e\" data-element_type=\"container\" data-settings=\"{&quot;background_background&quot;:&quot;classic&quot;,&quot;shape_divider_bottom&quot;:&quot;opacity-tilt&quot;}\">\n\t\t\t\t\t<div class=\"e-con-inner\">\n\t\t\t\t<div class=\"elementor-shape elementor-shape-bottom\" aria-hidden=\"true\" data-negative=\"false\">\n\t\t\t<svg xmlns=\"http:\/\/www.w3.org\/2000\/svg\" viewbox=\"0 0 2600 131.1\" preserveaspectratio=\"none\">\n\t<path class=\"elementor-shape-fill\" d=\"M0 0L2600 0 2600 69.1 0 0z\"\/>\n\t<path class=\"elementor-shape-fill\" style=\"opacity:0.5\" d=\"M0 0L2600 0 2600 69.1 0 69.1z\"\/>\n\t<path class=\"elementor-shape-fill\" style=\"opacity:0.25\" d=\"M2600 0L0 0 0 130.1 2600 69.1z\"\/>\n<\/svg>\t\t<\/div>\n\t\t\t\t<div class=\"elementor-element elementor-element-307acfa1 elementor-widget elementor-widget-heading\" data-id=\"307acfa1\" data-element_type=\"widget\" data-widget_type=\"heading.default\">\n\t\t\t\t<div class=\"elementor-widget-container\">\n\t\t\t\t\t<h1 class=\"elementor-heading-title elementor-size-default\">Bose enceinte Rappel et installation du c\u00e2ble de s\u00e9curit\u00e9<\/h1>\t\t\t\t<\/div>\n\t\t\t\t<\/div>\n\t\t\t\t\t<\/div>\n\t\t\t\t<\/div>\n\t\t<div data-particle_enable=\"false\" data-particle-mobile-disabled=\"false\" class=\"elementor-element elementor-element-66bdb66a e-flex e-con-boxed e-con e-parent\" data-id=\"66bdb66a\" data-element_type=\"container\">\n\t\t\t\t\t<div class=\"e-con-inner\">\n\t\t\t\t<div class=\"elementor-element elementor-element-6d18f551 elementor-widget elementor-widget-image\" data-id=\"6d18f551\" data-element_type=\"widget\" data-widget_type=\"image.default\">\n\t\t\t\t<div class=\"elementor-widget-container\">\n\t\t\t\t\t\t\t\t\t\t\t\t\t\t\t<img fetchpriority=\"high\" decoding=\"async\" width=\"1280\" height=\"440\" src=\"https:\/\/assets.boseprofessional.com\/transform\/e70c180d-4d3e-4142-a589-837bd83357c3\/Hydrocarbons_montage2_Header-png\" class=\"attachment-1536x1536 size-1536x1536 wp-image-20498\" alt=\"Montage d&#039;hydrocarbures 2 En-t\u00eate\" srcset=\"https:\/\/assets.boseprofessional.com\/transform\/e70c180d-4d3e-4142-a589-837bd83357c3\/Hydrocarbons_montage2_Header-png 1280w, https:\/\/assets.boseprofessional.com\/transform\/e70c180d-4d3e-4142-a589-837bd83357c3\/Hydrocarbons_montage2_Header-png?io=transform:scale,width:150,height:52 150w, https:\/\/assets.boseprofessional.com\/transform\/e70c180d-4d3e-4142-a589-837bd83357c3\/Hydrocarbons_montage2_Header-png?io=transform:scale,width:300,height:103 300w, https:\/\/assets.boseprofessional.com\/transform\/e70c180d-4d3e-4142-a589-837bd83357c3\/Hydrocarbons_montage2_Header-png?io=transform:scale,width:1024,height:352 1024w, https:\/\/assets.boseprofessional.com\/transform\/e70c180d-4d3e-4142-a589-837bd83357c3\/Hydrocarbons_montage2_Header-png?io=transform:scale,width:480,height:165 480w, https:\/\/assets.boseprofessional.com\/transform\/e70c180d-4d3e-4142-a589-837bd83357c3\/Hydrocarbons_montage2_Header-png?io=transform:scale,width:768,height:264 768w, https:\/\/assets.boseprofessional.com\/transform\/e70c180d-4d3e-4142-a589-837bd83357c3\/Hydrocarbons_montage2_Header-png?io=transform:scale,width:100,height:34 100w\" sizes=\"(max-width: 1280px) 100vw, 1280px\" \/>\t\t\t\t\t\t\t\t\t\t\t\t\t\t\t<\/div>\n\t\t\t\t<\/div>\n\t\t\t\t\t<\/div>\n\t\t\t\t<\/div>\n\t\t<div data-particle_enable=\"false\" data-particle-mobile-disabled=\"false\" class=\"elementor-element elementor-element-d389270 e-flex e-con-boxed e-con e-parent\" data-id=\"d389270\" data-element_type=\"container\">\n\t\t\t\t\t<div class=\"e-con-inner\">\n\t\t\t\t<div class=\"elementor-element elementor-element-74dea06f elementor-widget elementor-widget-heading\" data-id=\"74dea06f\" data-element_type=\"widget\" data-widget_type=\"heading.default\">\n\t\t\t\t<div class=\"elementor-widget-container\">\n\t\t\t\t\t<h2 class=\"elementor-heading-title elementor-size-default\">Aper\u00e7u<\/h2>\t\t\t\t<\/div>\n\t\t\t\t<\/div>\n\t\t\t\t<div class=\"elementor-element elementor-element-21076e61 elementor-widget elementor-widget-text-editor\" data-id=\"21076e61\" data-element_type=\"widget\" data-widget_type=\"text-editor.default\">\n\t\t\t\t<div class=\"elementor-widget-container\">\n\t\t\t\t\t\t\t\t\t<p><strong>Bose proc\u00e8de au rappel de toutes enceintes encastrables FreeSpace DS 40F fabriqu\u00e9es avant le 13 ao\u00fbt 2018.<\/strong> Lors de l'installation et de l'utilisation, les fixations de ces enceintes peuvent se d\u00e9tacher. enceintes peut se briser, ce qui pourrait provoquer enceintes chuter et entra\u00eener des blessures graves. \u00c0 ce jour, nous avons re\u00e7u 29 signalements de ce type. enceintes\u202fDes chutes depuis leur emplacement d'installation ont \u00e9t\u00e9 constat\u00e9es, ainsi qu'un cas de blessure.<\/p>\n<p><strong>Bose exige d\u00e9sormais l'installation de c\u00e2bles de s\u00e9curit\u00e9 pour certaines enceintes Bose, notamment la DS 40F, install\u00e9es dans des environnements de cuisson professionnels. Cette exigence s'applique \u00e9galement enceintes d\u00e9j\u00e0 install\u00e9es<\/strong> . En cas d'exposition \u00e0 l'huile de cuisson ou aux vapeurs d'huile de cuisson, les \u00e9l\u00e9ments de fixation de ces enceintes peuvent se rompre. enceintes peut se briser, ce qui pourrait provoquer enceintes tomber et entra\u00eener des blessures graves. \u00c0 ce jour, nous avons re\u00e7u cinq signalements. enceintes Des chutes depuis leur emplacement d'installation ont \u00e9t\u00e9 constat\u00e9es, ainsi qu'un cas de blessure.<\/p>\n<p>Si vous \u00eates un revendeur ou un distributeur Bose agr\u00e9\u00e9, veuillez s\u00e9lectionner une option ci-dessous. Si vous n'achetez pas enceintes Pour plus d'informations, veuillez contacter directement votre revendeur Bose.<\/p>\t\t\t\t\t\t\t\t<\/div>\n\t\t\t\t<\/div>\n\t\t\t\t\t<\/div>\n\t\t\t\t<\/div>\n\t\t<div data-particle_enable=\"false\" data-particle-mobile-disabled=\"false\" class=\"elementor-element elementor-element-514a66a4 e-flex e-con-boxed e-con e-parent\" data-id=\"514a66a4\" data-element_type=\"container\">\n\t\t\t\t\t<div class=\"e-con-inner\">\n\t\t\t\t<div class=\"elementor-element elementor-element-1288792c elementor-widget elementor-widget-heading\" data-id=\"1288792c\" data-element_type=\"widget\" data-widget_type=\"heading.default\">\n\t\t\t\t<div class=\"elementor-widget-container\">\n\t\t\t\t\t<h2 class=\"elementor-heading-title elementor-size-default\">Demandes et r\u00e9clamations<\/h2>\t\t\t\t<\/div>\n\t\t\t\t<\/div>\n\t\t\t\t<div class=\"elementor-element elementor-element-3edfc041 elementor-widget elementor-widget-text-editor\" data-id=\"3edfc041\" data-element_type=\"widget\" data-widget_type=\"text-editor.default\">\n\t\t\t\t<div class=\"elementor-widget-container\">\n\t\t\t\t\t\t\t\t\t<p>Demandes de remplacement de produit, de c\u00e2bles de s\u00e9curit\u00e9 ou d'indemnisation\u00a0: <a href=\"https:\/\/www.bosebmssafety.com\/claim\" target=\"_blank\" rel=\"noopener\">BoseBMSsafety.com\/claim<\/a><\/p>\t\t\t\t\t\t\t\t<\/div>\n\t\t\t\t<\/div>\n\t\t\t\t\t<\/div>\n\t\t\t\t<\/div>\n\t\t<div data-particle_enable=\"false\" data-particle-mobile-disabled=\"false\" class=\"elementor-element elementor-element-35e4f561 e-flex e-con-boxed e-con e-parent\" data-id=\"35e4f561\" data-element_type=\"container\">\n\t\t\t\t\t<div class=\"e-con-inner\">\n\t\t\t\t<div class=\"elementor-element elementor-element-5d36f6df elementor-widget elementor-widget-heading\" data-id=\"5d36f6df\" data-element_type=\"widget\" data-widget_type=\"heading.default\">\n\t\t\t\t<div class=\"elementor-widget-container\">\n\t\t\t\t\t<h2 class=\"elementor-heading-title elementor-size-default\">Communications<\/h2>\t\t\t\t<\/div>\n\t\t\t\t<\/div>\n\t\t\t\t<div class=\"elementor-element elementor-element-10873a0f elementor-widget elementor-widget-text-editor\" data-id=\"10873a0f\" data-element_type=\"widget\" data-widget_type=\"text-editor.default\">\n\t\t\t\t<div class=\"elementor-widget-container\">\n\t\t\t\t\t\t\t\t\t<ul><li><a href=\"https:\/\/assets.boseprofessional.com\/m\/590c4df1426918f0\/original\/1L_Bose_BMSsafety_Direct_Reseller_en.docx?_gl=1*7ajoza*_gcl_au*MTIwNTcyNzEyMC4xNzIyNjIyMDg0*_ga*MTYxOTYwNDMyMy4xNzIyNjI1NTAz*_ga_NRTQ4DPXBJ*MTcyNDY5NDU3Ny42MS4xLjE3MjQ2OTQ3OTAuNS4wLjA.\">Revendeur direct (Pays filiale) Lettre 1L<\/a><\/li><li><a href=\"https:\/\/assets.boseprofessional.com\/m\/50790113a2a47c6d\/original\/3L_Bose_BMSsafety_Indirect_Reseller_en.docx?_gl=1*7ajoza*_gcl_au*MTIwNTcyNzEyMC4xNzIyNjIyMDg0*_ga*MTYxOTYwNDMyMy4xNzIyNjI1NTAz*_ga_NRTQ4DPXBJ*MTcyNDY5NDU3Ny42MS4xLjE3MjQ2OTQ3OTAuNS4wLjA.\">Lettre de revendeur indirect\/de niveau 2 3L<\/a><\/li><li><a href=\"https:\/\/assets.boseprofessional.com\/m\/35b9bf7543e29d6b\/original\/4L_Bose_BMSsafety_End_User_en.docx?_gl=1*7ajoza*_gcl_au*MTIwNTcyNzEyMC4xNzIyNjIyMDg0*_ga*MTYxOTYwNDMyMy4xNzIyNjI1NTAz*_ga_NRTQ4DPXBJ*MTcyNDY5NDU3Ny42MS4xLjE3MjQ2OTQ3OTAuNS4wLjA.\">Lettre d'utilisateur final 4L<\/a><\/li><li><a href=\"https:\/\/assets.boseprofessional.com\/m\/130b4b72ad2e187f\/original\/6A_Bose_BMSsafety_en-xlsx.docx?_gl=1*1twkxcq*_gcl_au*MTIwNTcyNzEyMC4xNzIyNjIyMDg0*_ga*MTYxOTYwNDMyMy4xNzIyNjI1NTAz*_ga_NRTQ4DPXBJ*MTcyNDY5NDU3Ny42MS4xLjE3MjQ2OTQ3OTAuNS4wLjA.\">Liste des r\u00e9f\u00e9rences des produits concern\u00e9s 6A<\/a><\/li><li><a href=\"https:\/\/assets.boseprofessional.com\/m\/426108e0ebd9135f\/original\/Bose_BMS_Safety_UPDATE_New_EdgeMax_SKUs_en.docx?_gl=1*1twkxcq*_gcl_au*MTIwNTcyNzEyMC4xNzIyNjIyMDg0*_ga*MTYxOTYwNDMyMy4xNzIyNjI1NTAz*_ga_NRTQ4DPXBJ*MTcyNDY5NDU3Ny42MS4xLjE3MjQ2OTQ3OTAuNS4wLjA.\"><strong>MISE \u00c0 JOUR<\/strong> : 10 octobre 2019 \u2013 Nouveau EdgeMax UGS<\/a><\/li><li><a href=\"https:\/\/assets.boseprofessional.com\/m\/5ffc8a81b56ef0b8\/original\/Bose_BMS_Safety_UPDATE_New_FS3_SKUs_en.docx?_gl=1*1twkxcq*_gcl_au*MTIwNTcyNzEyMC4xNzIyNjIyMDg0*_ga*MTYxOTYwNDMyMy4xNzIyNjI1NTAz*_ga_NRTQ4DPXBJ*MTcyNDY5NDU3Ny42MS4xLjE3MjQ2OTQ3OTAuNS4wLjA.\"><strong>MISE \u00c0 JOUR<\/strong> : 20 f\u00e9vrier 2020 \u2013 Nouveau FreeSpace\u00a03 r\u00e9f\u00e9rences<\/a><\/li><\/ul>\t\t\t\t\t\t\t\t<\/div>\n\t\t\t\t<\/div>\n\t\t\t\t\t<\/div>\n\t\t\t\t<\/div>\n\t\t<div data-particle_enable=\"false\" data-particle-mobile-disabled=\"false\" class=\"elementor-element elementor-element-716ce101 e-flex e-con-boxed e-con e-parent\" data-id=\"716ce101\" data-element_type=\"container\">\n\t\t\t\t\t<div class=\"e-con-inner\">\n\t\t\t\t<div class=\"elementor-element elementor-element-695ab3a8 elementor-widget elementor-widget-heading\" data-id=\"695ab3a8\" data-element_type=\"widget\" data-widget_type=\"heading.default\">\n\t\t\t\t<div class=\"elementor-widget-container\">\n\t\t\t\t\t<h2 class=\"elementor-heading-title elementor-size-default\">FAQ<\/h2>\t\t\t\t<\/div>\n\t\t\t\t<\/div>\n\t\t\t\t<div class=\"elementor-element elementor-element-4096c3b7 elementor-widget elementor-widget-text-editor\" data-id=\"4096c3b7\" data-element_type=\"widget\" data-widget_type=\"text-editor.default\">\n\t\t\t\t<div class=\"elementor-widget-container\">\n\t\t\t\t\t\t\t\t\t<ul><li><a href=\"https:\/\/assets.boseprofessional.com\/m\/267a40c27c366a83\/original\/1F_Bose_BMSsafety_Reseller_FAQ_en.docx?_gl=1*1twkxcq*_gcl_au*MTIwNTcyNzEyMC4xNzIyNjIyMDg0*_ga*MTYxOTYwNDMyMy4xNzIyNjI1NTAz*_ga_NRTQ4DPXBJ*MTcyNDY5NDU3Ny42MS4xLjE3MjQ2OTQ3OTAuNS4wLjA.\">Pour les revendeurs 1F<\/a><\/li><li><a href=\"https:\/\/assets.boseprofessional.com\/m\/259cea739c06447\/original\/2F_Bose_BMSsafety_End_User_FAQ_en.docx?_gl=1*1twkxcq*_gcl_au*MTIwNTcyNzEyMC4xNzIyNjIyMDg0*_ga*MTYxOTYwNDMyMy4xNzIyNjI1NTAz*_ga_NRTQ4DPXBJ*MTcyNDY5NDU3Ny42MS4xLjE3MjQ2OTQ3OTAuNS4wLjA.\">Pour les utilisateurs finaux 2F<\/a><\/li><\/ul>\t\t\t\t\t\t\t\t<\/div>\n\t\t\t\t<\/div>\n\t\t\t\t\t<\/div>\n\t\t\t\t<\/div>\n\t\t<div data-particle_enable=\"false\" data-particle-mobile-disabled=\"false\" class=\"elementor-element elementor-element-da05d1e e-flex e-con-boxed e-con e-parent\" data-id=\"da05d1e\" data-element_type=\"container\">\n\t\t\t\t\t<div class=\"e-con-inner\">\n\t\t\t\t<div class=\"elementor-element elementor-element-49d01553 elementor-widget elementor-widget-heading\" data-id=\"49d01553\" data-element_type=\"widget\" data-widget_type=\"heading.default\">\n\t\t\t\t<div class=\"elementor-widget-container\">\n\t\t\t\t\t<h2 class=\"elementor-heading-title elementor-size-default\">Guides<\/h2>\t\t\t\t<\/div>\n\t\t\t\t<\/div>\n\t\t\t\t<div class=\"elementor-element elementor-element-4206a3a1 elementor-widget elementor-widget-text-editor\" data-id=\"4206a3a1\" data-element_type=\"widget\" data-widget_type=\"text-editor.default\">\n\t\t\t\t<div class=\"elementor-widget-container\">\n\t\t\t\t\t\t\t\t\t<ul><li><a href=\"https:\/\/assets.boseprofessional.com\/m\/5a8b32eed68ec00e\/original\/ig_safetycable_5-5x8-5.pdf?_gl=1*1twkxcq*_gcl_au*MTIwNTcyNzEyMC4xNzIyNjIyMDg0*_ga*MTYxOTYwNDMyMy4xNzIyNjI1NTAz*_ga_NRTQ4DPXBJ*MTcyNDY5NDU3Ny42MS4xLjE3MjQ2OTQ3OTAuNS4wLjA.\">Guide d'installation des c\u00e2bles de s\u00e9curit\u00e9<\/a><\/li><li><a href=\"https:\/\/assets.bose.com\/content\/dam\/Bose_DAM\/Web\/pro\/global\/bms_safety\/2G_Bose_BMSsafety_FreeSpace_DS40F_Uninstall_Guide.pdf\" target=\"_blank\" rel=\"noopener\">FreeSpace Guide de d\u00e9sinstallation DS 40F<\/a><\/li><\/ul>\t\t\t\t\t\t\t\t<\/div>\n\t\t\t\t<\/div>\n\t\t\t\t\t<\/div>\n\t\t\t\t<\/div>\n\t\t<div data-particle_enable=\"false\" data-particle-mobile-disabled=\"false\" class=\"elementor-element elementor-element-3c1ba693 e-flex e-con-boxed e-con e-parent\" data-id=\"3c1ba693\" data-element_type=\"container\">\n\t\t\t\t\t<div class=\"e-con-inner\">\n\t\t\t\t<div class=\"elementor-element elementor-element-3b46ad92 elementor-widget elementor-widget-heading\" data-id=\"3b46ad92\" data-element_type=\"widget\" data-widget_type=\"heading.default\">\n\t\t\t\t<div class=\"elementor-widget-container\">\n\t\t\t\t\t<h2 class=\"elementor-heading-title elementor-size-default\">Formulaires de disposition des produits<\/h2>\t\t\t\t<\/div>\n\t\t\t\t<\/div>\n\t\t\t\t<div class=\"elementor-element elementor-element-72613579 elementor-widget elementor-widget-text-editor\" data-id=\"72613579\" data-element_type=\"widget\" data-widget_type=\"text-editor.default\">\n\t\t\t\t<div class=\"elementor-widget-container\">\n\t\t\t\t\t\t\t\t\t<ul><li><a href=\"https:\/\/assets.boseprofessional.com\/m\/30619e5e94085e31\/original\/1T_Return_Shipping_Form_en.xlsx?_gl=1*hdunj*_gcl_au*MTIwNTcyNzEyMC4xNzIyNjIyMDg0*_ga*MTYxOTYwNDMyMy4xNzIyNjI1NTAz*_ga_NRTQ4DPXBJ*MTcyNDY5NDU3Ny42MS4xLjE3MjQ2OTQ4OTguNjAuMC4w\">Formulaire de retour<\/a><\/li><li><a href=\"mailto:DS40.recall@boseprofessional.com\">DS40.recall@boseprofessional.com<\/a><\/li><\/ul>\t\t\t\t\t\t\t\t<\/div>\n\t\t\t\t<\/div>\n\t\t\t\t\t<\/div>\n\t\t\t\t<\/div>\n\t\t<div data-particle_enable=\"false\" data-particle-mobile-disabled=\"false\" class=\"elementor-element elementor-element-5df907a4 e-flex e-con-boxed e-con e-parent\" data-id=\"5df907a4\" data-element_type=\"container\">\n\t\t\t\t\t<div class=\"e-con-inner\">\n\t\t\t\t<div class=\"elementor-element elementor-element-a7ed765 elementor-widget elementor-widget-heading\" data-id=\"a7ed765\" data-element_type=\"widget\" data-widget_type=\"heading.default\">\n\t\t\t\t<div class=\"elementor-widget-container\">\n\t\t\t\t\t<h2 class=\"elementor-heading-title elementor-size-default\">Contact<\/h2>\t\t\t\t<\/div>\n\t\t\t\t<\/div>\n\t\t\t\t<div class=\"elementor-element elementor-element-75681402 elementor-widget elementor-widget-text-editor\" data-id=\"75681402\" data-element_type=\"widget\" data-widget_type=\"text-editor.default\">\n\t\t\t\t<div class=\"elementor-widget-container\">\n\t\t\t\t\t\t\t\t\t<p style=\"text-align: center; margin-bottom: 0px;\"><strong>Contactez un repr\u00e9sentant commercial Bose Pro<\/strong><\/p>\t\t\t\t\t\t\t\t<\/div>\n\t\t\t\t<\/div>\n\t\t\t\t<div class=\"elementor-element elementor-element-5f023739 elementor-align-center elementor-widget elementor-widget-button\" data-id=\"5f023739\" data-element_type=\"widget\" data-widget_type=\"button.default\">\n\t\t\t\t<div class=\"elementor-widget-container\">\n\t\t\t\t\t\t\t\t\t<div class=\"elementor-button-wrapper\">\n\t\t\t\t\t<a class=\"elementor-button elementor-button-link elementor-size-sm elementor-animation-shrink\" href=\"\/fr\/global-sales-offices\/\">\n\t\t\t\t\t\t<span class=\"elementor-button-content-wrapper\">\n\t\t\t\t\t\t\t\t\t<span class=\"elementor-button-text\">Contact<\/span>\n\t\t\t\t\t<\/span>\n\t\t\t\t\t<\/a>\n\t\t\t\t<\/div>\n\t\t\t\t\t\t\t\t<\/div>\n\t\t\t\t<\/div>\n\t\t\t\t\t<\/div>\n\t\t\t\t<\/div>\n\t\t\t\t<\/div>\n\t\t","protected":false},"excerpt":{"rendered":"<p>Bose enceinte Rappel et aper\u00e7u de l&#039;installation des c\u00e2bles de s\u00e9curit\u00e9\u00a0: Bose proc\u00e8de au rappel de tous les c\u00e2bles de s\u00e9curit\u00e9. FreeSpace\u202fDS 40F encastr\u00e9 au plafond enceintes fabriqu\u00e9s avant le 13 ao\u00fbt 2018. Lors de l&#039;installation et de l&#039;utilisation, les fixations de ces enceintes peut se briser, ce qui pourrait provoquer enceintes chuter et entra\u00eener des blessures graves. \u00c0 ce jour, nous avons re\u00e7u 29 signalements de ce type. enceintes\u202ftombant de leurs emplacements d&#039;installation et un [\u2026]<\/p>\n","protected":false},"author":33,"featured_media":0,"parent":1201,"menu_order":0,"comment_status":"closed","ping_status":"closed","template":"","meta":{"_acf_changed":false,"ep_exclude_from_search":false,"footnotes":""},"page-category":[],"class_list":["post-3101","page","type-page","status-publish","hentry"],"acf":[],"_links":{"self":[{"href":"https:\/\/boseprofessional.com\/fr\/wp-json\/wp\/v2\/pages\/3101","targetHints":{"allow":["GET"]}}],"collection":[{"href":"https:\/\/boseprofessional.com\/fr\/wp-json\/wp\/v2\/pages"}],"about":[{"href":"https:\/\/boseprofessional.com\/fr\/wp-json\/wp\/v2\/types\/page"}],"author":[{"embeddable":true,"href":"https:\/\/boseprofessional.com\/fr\/wp-json\/wp\/v2\/users\/33"}],"replies":[{"embeddable":true,"href":"https:\/\/boseprofessional.com\/fr\/wp-json\/wp\/v2\/comments?post=3101"}],"version-history":[{"count":3,"href":"https:\/\/boseprofessional.com\/fr\/wp-json\/wp\/v2\/pages\/3101\/revisions"}],"predecessor-version":[{"id":119266,"href":"https:\/\/boseprofessional.com\/fr\/wp-json\/wp\/v2\/pages\/3101\/revisions\/119266"}],"up":[{"embeddable":true,"href":"https:\/\/boseprofessional.com\/fr\/wp-json\/wp\/v2\/pages\/1201"}],"wp:attachment":[{"href":"https:\/\/boseprofessional.com\/fr\/wp-json\/wp\/v2\/media?parent=3101"}],"wp:term":[{"taxonomy":"page-category","embeddable":true,"href":"https:\/\/boseprofessional.com\/fr\/wp-json\/wp\/v2\/page-category?post=3101"}],"curies":[{"name":"wp","href":"https:\/\/api.w.org\/{rel}","templated":true}]}}