{"id":2665,"date":"2023-09-06T09:16:22","date_gmt":"2023-09-06T09:16:22","guid":{"rendered":"https:\/\/uatnew.boseprofessional.com\/?page_id=2665"},"modified":"2024-08-23T16:59:41","modified_gmt":"2024-08-23T16:59:41","slug":"en-ca","status":"publish","type":"page","link":"https:\/\/boseprofessional.com\/fr\/resources\/support\/bms-safety\/en-ca\/","title":{"rendered":"BMS Safety EN-CA"},"content":{"rendered":"\t\t<div data-elementor-type=\"wp-page\" data-elementor-id=\"2665\" class=\"elementor elementor-2665\" data-elementor-post-type=\"page\">\n\t\t\t\t<div data-particle_enable=\"false\" data-particle-mobile-disabled=\"false\" class=\"elementor-element elementor-element-28ea3505 e-flex e-con-boxed e-con e-parent\" data-id=\"28ea3505\" data-element_type=\"container\" data-settings=\"{&quot;background_background&quot;:&quot;classic&quot;,&quot;shape_divider_bottom&quot;:&quot;opacity-tilt&quot;}\">\n\t\t\t\t\t<div class=\"e-con-inner\">\n\t\t\t\t<div class=\"elementor-shape elementor-shape-bottom\" aria-hidden=\"true\" data-negative=\"false\">\n\t\t\t<svg xmlns=\"http:\/\/www.w3.org\/2000\/svg\" viewbox=\"0 0 2600 131.1\" preserveaspectratio=\"none\">\n\t<path class=\"elementor-shape-fill\" d=\"M0 0L2600 0 2600 69.1 0 0z\"\/>\n\t<path class=\"elementor-shape-fill\" style=\"opacity:0.5\" d=\"M0 0L2600 0 2600 69.1 0 69.1z\"\/>\n\t<path class=\"elementor-shape-fill\" style=\"opacity:0.25\" d=\"M2600 0L0 0 0 130.1 2600 69.1z\"\/>\n<\/svg>\t\t<\/div>\n\t\t\t\t<div class=\"elementor-element elementor-element-61e096fe elementor-widget elementor-widget-heading\" data-id=\"61e096fe\" data-element_type=\"widget\" data-widget_type=\"heading.default\">\n\t\t\t\t<div class=\"elementor-widget-container\">\n\t\t\t\t\t<h1 class=\"elementor-heading-title elementor-size-default\">Bose enceinte Rappel et installation du c\u00e2ble de s\u00e9curit\u00e9<\/h1>\t\t\t\t<\/div>\n\t\t\t\t<\/div>\n\t\t\t\t\t<\/div>\n\t\t\t\t<\/div>\n\t\t<div data-particle_enable=\"false\" data-particle-mobile-disabled=\"false\" class=\"elementor-element elementor-element-2e3d44f7 e-flex e-con-boxed e-con e-parent\" data-id=\"2e3d44f7\" data-element_type=\"container\">\n\t\t\t\t\t<div class=\"e-con-inner\">\n\t\t\t\t<div class=\"elementor-element elementor-element-dde6a75 elementor-widget elementor-widget-image\" data-id=\"dde6a75\" data-element_type=\"widget\" data-widget_type=\"image.default\">\n\t\t\t\t<div class=\"elementor-widget-container\">\n\t\t\t\t\t\t\t\t\t\t\t\t\t\t\t<img fetchpriority=\"high\" decoding=\"async\" width=\"1280\" height=\"440\" src=\"https:\/\/assets.boseprofessional.com\/transform\/e70c180d-4d3e-4142-a589-837bd83357c3\/Hydrocarbons_montage2_Header-png\" class=\"attachment-1536x1536 size-1536x1536 wp-image-20498\" alt=\"Montage d&#039;hydrocarbures 2 En-t\u00eate\" srcset=\"https:\/\/assets.boseprofessional.com\/transform\/e70c180d-4d3e-4142-a589-837bd83357c3\/Hydrocarbons_montage2_Header-png 1280w, https:\/\/assets.boseprofessional.com\/transform\/e70c180d-4d3e-4142-a589-837bd83357c3\/Hydrocarbons_montage2_Header-png?io=transform:scale,width:150,height:52 150w, https:\/\/assets.boseprofessional.com\/transform\/e70c180d-4d3e-4142-a589-837bd83357c3\/Hydrocarbons_montage2_Header-png?io=transform:scale,width:300,height:103 300w, https:\/\/assets.boseprofessional.com\/transform\/e70c180d-4d3e-4142-a589-837bd83357c3\/Hydrocarbons_montage2_Header-png?io=transform:scale,width:1024,height:352 1024w, https:\/\/assets.boseprofessional.com\/transform\/e70c180d-4d3e-4142-a589-837bd83357c3\/Hydrocarbons_montage2_Header-png?io=transform:scale,width:480,height:165 480w, https:\/\/assets.boseprofessional.com\/transform\/e70c180d-4d3e-4142-a589-837bd83357c3\/Hydrocarbons_montage2_Header-png?io=transform:scale,width:768,height:264 768w, https:\/\/assets.boseprofessional.com\/transform\/e70c180d-4d3e-4142-a589-837bd83357c3\/Hydrocarbons_montage2_Header-png?io=transform:scale,width:100,height:34 100w\" sizes=\"(max-width: 1280px) 100vw, 1280px\" \/>\t\t\t\t\t\t\t\t\t\t\t\t\t\t\t<\/div>\n\t\t\t\t<\/div>\n\t\t\t\t\t<\/div>\n\t\t\t\t<\/div>\n\t\t<div data-particle_enable=\"false\" data-particle-mobile-disabled=\"false\" class=\"elementor-element elementor-element-35fe8a1d e-flex e-con-boxed e-con e-parent\" data-id=\"35fe8a1d\" data-element_type=\"container\">\n\t\t\t\t\t<div class=\"e-con-inner\">\n\t\t\t\t<div class=\"elementor-element elementor-element-2e46a353 elementor-widget elementor-widget-heading\" data-id=\"2e46a353\" data-element_type=\"widget\" data-widget_type=\"heading.default\">\n\t\t\t\t<div class=\"elementor-widget-container\">\n\t\t\t\t\t<h2 class=\"elementor-heading-title elementor-size-default\">Aper\u00e7u<\/h2>\t\t\t\t<\/div>\n\t\t\t\t<\/div>\n\t\t\t\t<div class=\"elementor-element elementor-element-51099735 elementor-widget elementor-widget-text-editor\" data-id=\"51099735\" data-element_type=\"widget\" data-widget_type=\"text-editor.default\">\n\t\t\t\t<div class=\"elementor-widget-container\">\n\t\t\t\t\t\t\t\t\t<p><strong>Bose proc\u00e8de au rappel de toutes enceintes encastrables FreeSpace DS 40F fabriqu\u00e9es avant le 13 ao\u00fbt 2018.<\/strong> Lors de l'installation et de l'utilisation, les fixations de ces enceintes peuvent se d\u00e9tacher. enceintes peut se briser, ce qui pourrait provoquer enceintes chuter et entra\u00eener des blessures graves. \u00c0 ce jour, nous avons re\u00e7u 29 signalements de ce type. enceintes Des chutes depuis leur emplacement d'installation ont \u00e9t\u00e9 constat\u00e9es, ainsi qu'un cas de blessure.<\/p>\n<p><strong>Bose exige d\u00e9sormais l'installation de c\u00e2bles de s\u00e9curit\u00e9 pour certaines enceintes Bose, notamment la DS 40F, install\u00e9es dans des environnements de cuisson professionnels. Cette exigence s'applique \u00e9galement enceintes d\u00e9j\u00e0 install\u00e9es<\/strong> . En cas d'exposition \u00e0 l'huile de cuisson ou aux vapeurs d'huile de cuisson, les \u00e9l\u00e9ments de fixation de ces enceintes peuvent se rompre. enceintes peut se briser, ce qui pourrait provoquer enceintes tomber et entra\u00eener des blessures graves. \u00c0 ce jour, nous avons re\u00e7u cinq signalements. enceintes Des chutes depuis leur emplacement d'installation ont \u00e9t\u00e9 constat\u00e9es, ainsi qu'un cas de blessure.<\/p>\n<p>Si vous \u00eates un revendeur ou un distributeur Bose agr\u00e9\u00e9, veuillez s\u00e9lectionner une option ci-dessous. Si vous n'achetez pas enceintes Pour plus d'informations, veuillez contacter directement votre revendeur Bose.<\/p>\t\t\t\t\t\t\t\t<\/div>\n\t\t\t\t<\/div>\n\t\t\t\t\t<\/div>\n\t\t\t\t<\/div>\n\t\t<div data-particle_enable=\"false\" data-particle-mobile-disabled=\"false\" class=\"elementor-element elementor-element-6e284d3b e-flex e-con-boxed e-con e-parent\" data-id=\"6e284d3b\" data-element_type=\"container\">\n\t\t\t\t\t<div class=\"e-con-inner\">\n\t\t\t\t<div class=\"elementor-element elementor-element-fd026b7 elementor-widget elementor-widget-heading\" data-id=\"fd026b7\" data-element_type=\"widget\" data-widget_type=\"heading.default\">\n\t\t\t\t<div class=\"elementor-widget-container\">\n\t\t\t\t\t<h2 class=\"elementor-heading-title elementor-size-default\">Demandes et r\u00e9clamations<\/h2>\t\t\t\t<\/div>\n\t\t\t\t<\/div>\n\t\t\t\t<div class=\"elementor-element elementor-element-52acd4d elementor-widget elementor-widget-text-editor\" data-id=\"52acd4d\" data-element_type=\"widget\" data-widget_type=\"text-editor.default\">\n\t\t\t\t<div class=\"elementor-widget-container\">\n\t\t\t\t\t\t\t\t\t<p>Demandes de remplacement de produit, de c\u00e2bles de s\u00e9curit\u00e9 ou d'indemnisation\u00a0: <a href=\"https:\/\/www.bosebmssafety.com\/claim\" target=\"_blank\" rel=\"noopener\">BoseBMSsafety.com\/claim<\/a><\/p>\t\t\t\t\t\t\t\t<\/div>\n\t\t\t\t<\/div>\n\t\t\t\t\t<\/div>\n\t\t\t\t<\/div>\n\t\t<div data-particle_enable=\"false\" data-particle-mobile-disabled=\"false\" class=\"elementor-element elementor-element-b381201 e-flex e-con-boxed e-con e-parent\" data-id=\"b381201\" data-element_type=\"container\">\n\t\t\t\t\t<div class=\"e-con-inner\">\n\t\t\t\t<div class=\"elementor-element elementor-element-77b166df elementor-widget elementor-widget-heading\" data-id=\"77b166df\" data-element_type=\"widget\" data-widget_type=\"heading.default\">\n\t\t\t\t<div class=\"elementor-widget-container\">\n\t\t\t\t\t<h2 class=\"elementor-heading-title elementor-size-default\">Communications<\/h2>\t\t\t\t<\/div>\n\t\t\t\t<\/div>\n\t\t\t\t<div class=\"elementor-element elementor-element-782e24f9 elementor-widget elementor-widget-text-editor\" data-id=\"782e24f9\" data-element_type=\"widget\" data-widget_type=\"text-editor.default\">\n\t\t\t\t<div class=\"elementor-widget-container\">\n\t\t\t\t\t\t\t\t\t<ul><li><a href=\"https:\/\/assets.boseprofessional.com\/m\/590c4df1426918f0\/original\/1L_Bose_BMSsafety_Direct_Reseller_en.docx?_gl=1*12bmjyl*_gcl_au*MTIwNTcyNzEyMC4xNzIyNjIyMDg0*_ga*MTYxOTYwNDMyMy4xNzIyNjI1NTAz*_ga_NRTQ4DPXBJ*MTcyNDQzMDUzMS41NC4xLjE3MjQ0MzIwMTAuNjAuMC4w\">Revendeur direct (Pays filiale) Lettre 1L<\/a><\/li><li><a href=\"https:\/\/assets.boseprofessional.com\/m\/50790113a2a47c6d\/original\/3L_Bose_BMSsafety_Indirect_Reseller_en.docx?_gl=1*12bmjyl*_gcl_au*MTIwNTcyNzEyMC4xNzIyNjIyMDg0*_ga*MTYxOTYwNDMyMy4xNzIyNjI1NTAz*_ga_NRTQ4DPXBJ*MTcyNDQzMDUzMS41NC4xLjE3MjQ0MzIwMTAuNjAuMC4w\">Lettre de revendeur indirect\/de niveau 2 3L<\/a><\/li><li><a href=\"https:\/\/assets.boseprofessional.com\/m\/35b9bf7543e29d6b\/original\/4L_Bose_BMSsafety_End_User_en.docx?_gl=1*1sn6a6a*_gcl_au*MTIwNTcyNzEyMC4xNzIyNjIyMDg0*_ga*MTYxOTYwNDMyMy4xNzIyNjI1NTAz*_ga_NRTQ4DPXBJ*MTcyNDQzMDUzMS41NC4xLjE3MjQ0MzIwMTAuNjAuMC4w\">Lettre d'utilisateur final 4L<\/a><\/li><li><a href=\"https:\/\/assets.boseprofessional.com\/m\/130b4b72ad2e187f\/original\/6A_Bose_BMSsafety_en-xlsx.docx?_gl=1*1sn6a6a*_gcl_au*MTIwNTcyNzEyMC4xNzIyNjIyMDg0*_ga*MTYxOTYwNDMyMy4xNzIyNjI1NTAz*_ga_NRTQ4DPXBJ*MTcyNDQzMDUzMS41NC4xLjE3MjQ0MzIwMTAuNjAuMC4w\">Liste des r\u00e9f\u00e9rences des produits concern\u00e9s 6A<\/a><\/li><li><a href=\"https:\/\/assets.boseprofessional.com\/m\/426108e0ebd9135f\/original\/Bose_BMS_Safety_UPDATE_New_EdgeMax_SKUs_en.docx?_gl=1*1sn6a6a*_gcl_au*MTIwNTcyNzEyMC4xNzIyNjIyMDg0*_ga*MTYxOTYwNDMyMy4xNzIyNjI1NTAz*_ga_NRTQ4DPXBJ*MTcyNDQzMDUzMS41NC4xLjE3MjQ0MzIwMTAuNjAuMC4w\"><strong>MISE \u00c0 JOUR<\/strong> : 10 octobre 2019 \u2013 Nouveau EdgeMax UGS<\/a><\/li><li><a href=\"https:\/\/assets.boseprofessional.com\/m\/5ffc8a81b56ef0b8\/original\/Bose_BMS_Safety_UPDATE_New_FS3_SKUs_en.docx?_gl=1*1sn6a6a*_gcl_au*MTIwNTcyNzEyMC4xNzIyNjIyMDg0*_ga*MTYxOTYwNDMyMy4xNzIyNjI1NTAz*_ga_NRTQ4DPXBJ*MTcyNDQzMDUzMS41NC4xLjE3MjQ0MzIwMTAuNjAuMC4w\"><strong>MISE \u00c0 JOUR<\/strong> : 20 f\u00e9vrier 2020 \u2013 Nouveau FreeSpace\u00a03 r\u00e9f\u00e9rences<\/a><\/li><\/ul>\t\t\t\t\t\t\t\t<\/div>\n\t\t\t\t<\/div>\n\t\t\t\t\t<\/div>\n\t\t\t\t<\/div>\n\t\t<div data-particle_enable=\"false\" data-particle-mobile-disabled=\"false\" class=\"elementor-element elementor-element-2c3ee3d4 e-flex e-con-boxed e-con e-parent\" data-id=\"2c3ee3d4\" data-element_type=\"container\">\n\t\t\t\t\t<div class=\"e-con-inner\">\n\t\t\t\t<div class=\"elementor-element elementor-element-72cb1ee9 elementor-widget elementor-widget-heading\" data-id=\"72cb1ee9\" data-element_type=\"widget\" data-widget_type=\"heading.default\">\n\t\t\t\t<div class=\"elementor-widget-container\">\n\t\t\t\t\t<h2 class=\"elementor-heading-title elementor-size-default\">FAQ<\/h2>\t\t\t\t<\/div>\n\t\t\t\t<\/div>\n\t\t\t\t<div class=\"elementor-element elementor-element-10ba7170 elementor-widget elementor-widget-text-editor\" data-id=\"10ba7170\" data-element_type=\"widget\" data-widget_type=\"text-editor.default\">\n\t\t\t\t<div class=\"elementor-widget-container\">\n\t\t\t\t\t\t\t\t\t<ul><li><a href=\"https:\/\/assets.boseprofessional.com\/m\/267a40c27c366a83\/original\/1F_Bose_BMSsafety_Reseller_FAQ_en.docx?_gl=1*1gzczkk*_gcl_au*MTIwNTcyNzEyMC4xNzIyNjIyMDg0*_ga*MTYxOTYwNDMyMy4xNzIyNjI1NTAz*_ga_NRTQ4DPXBJ*MTcyNDQzMDUzMS41NC4xLjE3MjQ0MzIwMTAuNjAuMC4w\">Pour les revendeurs 1F<\/a><\/li><li><a href=\"https:\/\/assets.boseprofessional.com\/m\/259cea739c06447\/original\/2F_Bose_BMSsafety_End_User_FAQ_en.docx?_gl=1*1gzczkk*_gcl_au*MTIwNTcyNzEyMC4xNzIyNjIyMDg0*_ga*MTYxOTYwNDMyMy4xNzIyNjI1NTAz*_ga_NRTQ4DPXBJ*MTcyNDQzMDUzMS41NC4xLjE3MjQ0MzIwMTAuNjAuMC4w\">Pour les utilisateurs finaux 2F<\/a><\/li><\/ul>\t\t\t\t\t\t\t\t<\/div>\n\t\t\t\t<\/div>\n\t\t\t\t\t<\/div>\n\t\t\t\t<\/div>\n\t\t<div data-particle_enable=\"false\" data-particle-mobile-disabled=\"false\" class=\"elementor-element elementor-element-3af9dcf6 e-flex e-con-boxed e-con e-parent\" data-id=\"3af9dcf6\" data-element_type=\"container\">\n\t\t\t\t\t<div class=\"e-con-inner\">\n\t\t\t\t<div class=\"elementor-element elementor-element-10232a60 elementor-widget elementor-widget-heading\" data-id=\"10232a60\" data-element_type=\"widget\" data-widget_type=\"heading.default\">\n\t\t\t\t<div class=\"elementor-widget-container\">\n\t\t\t\t\t<h2 class=\"elementor-heading-title elementor-size-default\">Guides<\/h2>\t\t\t\t<\/div>\n\t\t\t\t<\/div>\n\t\t\t\t<div class=\"elementor-element elementor-element-53876b77 elementor-widget elementor-widget-text-editor\" data-id=\"53876b77\" data-element_type=\"widget\" data-widget_type=\"text-editor.default\">\n\t\t\t\t<div class=\"elementor-widget-container\">\n\t\t\t\t\t\t\t\t\t<ul><li><a href=\"https:\/\/assets.boseprofessional.com\/m\/5a8b32eed68ec00e\/original\/ig_safetycable_5-5x8-5.pdf?_gl=1*1gzczkk*_gcl_au*MTIwNTcyNzEyMC4xNzIyNjIyMDg0*_ga*MTYxOTYwNDMyMy4xNzIyNjI1NTAz*_ga_NRTQ4DPXBJ*MTcyNDQzMDUzMS41NC4xLjE3MjQ0MzIwMTAuNjAuMC4w\">Guide d'installation des c\u00e2bles de s\u00e9curit\u00e9<\/a><\/li><li><a href=\"https:\/\/assets.boseprofessional.com\/m\/6afa4528e7f2a010\/original\/uig_freespace_ds40f.pdf?_gl=1*1gzczkk*_gcl_au*MTIwNTcyNzEyMC4xNzIyNjIyMDg0*_ga*MTYxOTYwNDMyMy4xNzIyNjI1NTAz*_ga_NRTQ4DPXBJ*MTcyNDQzMDUzMS41NC4xLjE3MjQ0MzIwMTAuNjAuMC4w\">FreeSpace Guide de d\u00e9sinstallation DS 40F<\/a><\/li><\/ul>\t\t\t\t\t\t\t\t<\/div>\n\t\t\t\t<\/div>\n\t\t\t\t\t<\/div>\n\t\t\t\t<\/div>\n\t\t<div data-particle_enable=\"false\" data-particle-mobile-disabled=\"false\" class=\"elementor-element elementor-element-7b129329 e-flex e-con-boxed e-con e-parent\" data-id=\"7b129329\" data-element_type=\"container\">\n\t\t\t\t\t<div class=\"e-con-inner\">\n\t\t\t\t<div class=\"elementor-element elementor-element-75ba6af2 elementor-widget elementor-widget-heading\" data-id=\"75ba6af2\" data-element_type=\"widget\" data-widget_type=\"heading.default\">\n\t\t\t\t<div class=\"elementor-widget-container\">\n\t\t\t\t\t<h2 class=\"elementor-heading-title elementor-size-default\">Formulaires de disposition des produits<\/h2>\t\t\t\t<\/div>\n\t\t\t\t<\/div>\n\t\t\t\t<div class=\"elementor-element elementor-element-2b1e0b53 elementor-widget elementor-widget-text-editor\" data-id=\"2b1e0b53\" data-element_type=\"widget\" data-widget_type=\"text-editor.default\">\n\t\t\t\t<div class=\"elementor-widget-container\">\n\t\t\t\t\t\t\t\t\t<p>Si vous retournez moins de 10 haut-parleurs, <a href=\"https:\/\/row.ups.com\/\" target=\"_blank\" rel=\"noopener\">veuillez cliquer sur ce lien pour effectuer le retour par UPS<\/a> .<\/p><p><strong>Alias de l'entreprise<\/strong> : boseprorecal<br \/> <strong>Identifiant de connexion<\/strong> : DS40<br \/> <strong>Mot de passe<\/strong> : DS40<\/p><p>Veuillez inscrire votre num\u00e9ro de commande sur chaque colis retourn\u00e9.<\/p><hr \/><p>Si vous retournez 10 haut-parleurs ou plus, veuillez remplir le bordereau d'exp\u00e9dition ci-dessous et appeler le 1-800-GO-FEDEX pour planifier l'enl\u00e8vement. Lors de la pr\u00e9paration de votre envoi FedEx Freight,<\/p><ol><li>Pour utiliser cette m\u00e9thode, vous devez palettiser et filmer votre envoi. Si vous ne pouvez pas palettiser et filmer votre envoi, veuillez utiliser la m\u00e9thode UPS d\u00e9crite ci-dessus. Veuillez inscrire votre num\u00e9ro de commande sur un carton visible \u00e0 l'ext\u00e9rieur de la palette.<\/li><li>Veuillez remplir les sections <a href=\"https:\/\/assets.boseprofessional.com\/m\/40bfc5988cec8638\/original\/Bose_US_BOL.pdf?_gl=1*sarg3a*_gcl_au*MTIwNTcyNzEyMC4xNzIyNjIyMDg0*_ga*MTYxOTYwNDMyMy4xNzIyNjI1NTAz*_ga_NRTQ4DPXBJ*MTcyNDQzMDUzMS41NC4xLjE3MjQ0MzIzNDQuNjAuMC4w\">du connaissement<\/a> surlign\u00e9es en jaune.<\/li><li>Veuillez saisir votre num\u00e9ro de commande dans le champ \u00ab Bon de commande \u00bb du connaissement.<\/li><li>Pour les \u00c9tats-Unis et le Canada, composez le 1-800-GO-FEDEX et pour le Mexique, le 01-800-00-333-39 pour planifier votre enl\u00e8vement. Lors de votre appel,<br \/><ol style=\"list-style-type: lower-alpha;\"><li>R\u00e9pondez \u00ab Planifier un enl\u00e8vement \u00bb lorsque le syst\u00e8me vous y invite.<\/li><li>Veuillez confirmer si le colis p\u00e8se plus de 150 livres.<\/li><li>Indiquez le poids total de l'envoi<\/li><li>S\u00e9lectionnez le service \u00ab LTL \u00bb<\/li><li>Indiquez l'heure de ramassage souhait\u00e9e \u00e0 l'agent FedEx.<\/li><\/ol><\/li><\/ol>\t\t\t\t\t\t\t\t<\/div>\n\t\t\t\t<\/div>\n\t\t\t\t\t<\/div>\n\t\t\t\t<\/div>\n\t\t<div data-particle_enable=\"false\" data-particle-mobile-disabled=\"false\" class=\"elementor-element elementor-element-5d5e9347 e-flex e-con-boxed e-con e-parent\" data-id=\"5d5e9347\" data-element_type=\"container\">\n\t\t\t\t\t<div class=\"e-con-inner\">\n\t\t\t\t<div class=\"elementor-element elementor-element-56003dab elementor-widget elementor-widget-heading\" data-id=\"56003dab\" data-element_type=\"widget\" data-widget_type=\"heading.default\">\n\t\t\t\t<div class=\"elementor-widget-container\">\n\t\t\t\t\t<h2 class=\"elementor-heading-title elementor-size-default\">Contact<\/h2>\t\t\t\t<\/div>\n\t\t\t\t<\/div>\n\t\t\t\t<div class=\"elementor-element elementor-element-534bb334 elementor-widget elementor-widget-text-editor\" data-id=\"534bb334\" data-element_type=\"widget\" data-widget_type=\"text-editor.default\">\n\t\t\t\t<div class=\"elementor-widget-container\">\n\t\t\t\t\t\t\t\t\t<p style=\"text-align: center; margin-bottom: 0px;\"><strong>Contactez un repr\u00e9sentant commercial Bose Pro<\/strong><\/p>\t\t\t\t\t\t\t\t<\/div>\n\t\t\t\t<\/div>\n\t\t\t\t<div class=\"elementor-element elementor-element-6ab9c236 elementor-align-center elementor-widget elementor-widget-button\" data-id=\"6ab9c236\" data-element_type=\"widget\" data-widget_type=\"button.default\">\n\t\t\t\t<div class=\"elementor-widget-container\">\n\t\t\t\t\t\t\t\t\t<div class=\"elementor-button-wrapper\">\n\t\t\t\t\t<a class=\"elementor-button elementor-button-link elementor-size-sm elementor-animation-shrink\" href=\"\/fr\/global-sales-offices\/\">\n\t\t\t\t\t\t<span class=\"elementor-button-content-wrapper\">\n\t\t\t\t\t\t\t\t\t<span class=\"elementor-button-text\">Contact<\/span>\n\t\t\t\t\t<\/span>\n\t\t\t\t\t<\/a>\n\t\t\t\t<\/div>\n\t\t\t\t\t\t\t\t<\/div>\n\t\t\t\t<\/div>\n\t\t\t\t\t<\/div>\n\t\t\t\t<\/div>\n\t\t\t\t<\/div>\n\t\t","protected":false},"excerpt":{"rendered":"<p>Bose enceinte Rappel et aper\u00e7u de l&#039;installation des c\u00e2bles de s\u00e9curit\u00e9\u00a0: Bose proc\u00e8de au rappel de tous les c\u00e2bles de s\u00e9curit\u00e9. FreeSpace\u202fDS 40F encastr\u00e9 au plafond enceintes fabriqu\u00e9s avant le 13 ao\u00fbt 2018. Lors de l&#039;installation et de l&#039;utilisation, les fixations de ces enceintes peut se briser, ce qui pourrait provoquer enceintes chuter et entra\u00eener des blessures graves. \u00c0 ce jour, nous avons re\u00e7u 29 signalements de ce type. enceintes tombant de leur [\u2026]<\/p>\n","protected":false},"author":33,"featured_media":0,"parent":1201,"menu_order":0,"comment_status":"closed","ping_status":"closed","template":"","meta":{"_acf_changed":false,"ep_exclude_from_search":false,"footnotes":""},"page-category":[],"class_list":["post-2665","page","type-page","status-publish","hentry"],"acf":[],"_links":{"self":[{"href":"https:\/\/boseprofessional.com\/fr\/wp-json\/wp\/v2\/pages\/2665","targetHints":{"allow":["GET"]}}],"collection":[{"href":"https:\/\/boseprofessional.com\/fr\/wp-json\/wp\/v2\/pages"}],"about":[{"href":"https:\/\/boseprofessional.com\/fr\/wp-json\/wp\/v2\/types\/page"}],"author":[{"embeddable":true,"href":"https:\/\/boseprofessional.com\/fr\/wp-json\/wp\/v2\/users\/33"}],"replies":[{"embeddable":true,"href":"https:\/\/boseprofessional.com\/fr\/wp-json\/wp\/v2\/comments?post=2665"}],"version-history":[{"count":4,"href":"https:\/\/boseprofessional.com\/fr\/wp-json\/wp\/v2\/pages\/2665\/revisions"}],"predecessor-version":[{"id":119283,"href":"https:\/\/boseprofessional.com\/fr\/wp-json\/wp\/v2\/pages\/2665\/revisions\/119283"}],"up":[{"embeddable":true,"href":"https:\/\/boseprofessional.com\/fr\/wp-json\/wp\/v2\/pages\/1201"}],"wp:attachment":[{"href":"https:\/\/boseprofessional.com\/fr\/wp-json\/wp\/v2\/media?parent=2665"}],"wp:term":[{"taxonomy":"page-category","embeddable":true,"href":"https:\/\/boseprofessional.com\/fr\/wp-json\/wp\/v2\/page-category?post=2665"}],"curies":[{"name":"wp","href":"https:\/\/api.w.org\/{rel}","templated":true}]}}