{"id":2274,"date":"2023-09-05T09:09:50","date_gmt":"2023-09-05T09:09:50","guid":{"rendered":"https:\/\/uatnew.boseprofessional.com\/?page_id=2274"},"modified":"2024-10-24T18:55:12","modified_gmt":"2024-10-24T18:55:12","slug":"technology-alliances","status":"publish","type":"page","link":"https:\/\/boseprofessional.com\/fr\/company\/technology-alliances\/","title":{"rendered":"Technology Alliances"},"content":{"rendered":"\t\t<div data-elementor-type=\"wp-page\" data-elementor-id=\"2274\" class=\"elementor elementor-2274\" data-elementor-post-type=\"page\">\n\t\t\t\t<div data-particle_enable=\"false\" data-particle-mobile-disabled=\"false\" class=\"elementor-element elementor-element-6c791cf e-con-full company-ta-banner e-flex e-con e-parent\" data-id=\"6c791cf\" data-element_type=\"container\" data-settings=\"{&quot;background_background&quot;:&quot;classic&quot;}\">\n\t\t<div data-particle_enable=\"false\" data-particle-mobile-disabled=\"false\" class=\"elementor-element elementor-element-1e756a4 e-flex e-con-boxed e-con e-child\" data-id=\"1e756a4\" data-element_type=\"container\" data-settings=\"{&quot;background_background&quot;:&quot;classic&quot;}\">\n\t\t\t\t\t<div class=\"e-con-inner\">\n\t\t<div data-particle_enable=\"false\" data-particle-mobile-disabled=\"false\" class=\"elementor-element elementor-element-f2c853b e-con-full bp-top-sticky-nav-left  elementor-hidden-mobile e-flex e-con e-child\" data-id=\"f2c853b\" data-element_type=\"container\">\n\t\t\t\t<div class=\"elementor-element elementor-element-227eac8 elementor-widget elementor-widget-button\" data-id=\"227eac8\" data-element_type=\"widget\" data-widget_type=\"button.default\">\n\t\t\t\t<div class=\"elementor-widget-container\">\n\t\t\t\t\t\t\t\t\t<div class=\"elementor-button-wrapper\">\n\t\t\t\t\t<a class=\"elementor-button elementor-button-link elementor-size-sm\" href=\"#strategic-alliances\">\n\t\t\t\t\t\t<span class=\"elementor-button-content-wrapper\">\n\t\t\t\t\t\t\t\t\t<span class=\"elementor-button-text\">Alliances strat\u00e9giques<\/span>\n\t\t\t\t\t<\/span>\n\t\t\t\t\t<\/a>\n\t\t\t\t<\/div>\n\t\t\t\t\t\t\t\t<\/div>\n\t\t\t\t<\/div>\n\t\t\t\t<div class=\"elementor-element elementor-element-7e402b5 elementor-widget elementor-widget-button\" data-id=\"7e402b5\" data-element_type=\"widget\" data-widget_type=\"button.default\">\n\t\t\t\t<div class=\"elementor-widget-container\">\n\t\t\t\t\t\t\t\t\t<div class=\"elementor-button-wrapper\">\n\t\t\t\t\t<a class=\"elementor-button elementor-button-link elementor-size-sm\" href=\"#technology-alliances\">\n\t\t\t\t\t\t<span class=\"elementor-button-content-wrapper\">\n\t\t\t\t\t\t\t\t\t<span class=\"elementor-button-text\">Alliances technologiques<\/span>\n\t\t\t\t\t<\/span>\n\t\t\t\t\t<\/a>\n\t\t\t\t<\/div>\n\t\t\t\t\t\t\t\t<\/div>\n\t\t\t\t<\/div>\n\t\t\t\t<div class=\"elementor-element elementor-element-9bdb5d8 elementor-widget elementor-widget-button\" data-id=\"9bdb5d8\" data-element_type=\"widget\" data-widget_type=\"button.default\">\n\t\t\t\t<div class=\"elementor-widget-container\">\n\t\t\t\t\t\t\t\t\t<div class=\"elementor-button-wrapper\">\n\t\t\t\t\t<a class=\"elementor-button elementor-button-link elementor-size-sm\" href=\"#become-a-partner\">\n\t\t\t\t\t\t<span class=\"elementor-button-content-wrapper\">\n\t\t\t\t\t\t\t\t\t<span class=\"elementor-button-text\">Devenez partenaire<\/span>\n\t\t\t\t\t<\/span>\n\t\t\t\t\t<\/a>\n\t\t\t\t<\/div>\n\t\t\t\t\t\t\t\t<\/div>\n\t\t\t\t<\/div>\n\t\t\t\t<\/div>\n\t\t<div data-particle_enable=\"false\" data-particle-mobile-disabled=\"false\" class=\"elementor-element elementor-element-3d7b69b e-con-full cs-top-sticky-nav-right e-flex e-con e-child\" data-id=\"3d7b69b\" data-element_type=\"container\">\n\t\t\t\t<div class=\"elementor-element elementor-element-4e2dcbd elementor-widget elementor-widget-button\" data-id=\"4e2dcbd\" data-element_type=\"widget\" data-widget_type=\"button.default\">\n\t\t\t\t<div class=\"elementor-widget-container\">\n\t\t\t\t\t\t\t\t\t<div class=\"elementor-button-wrapper\">\n\t\t\t\t\t<a class=\"elementor-button elementor-button-link elementor-size-sm\" href=\"https:\/\/boseprofessional.com\/fr\/contact-a-dealer\/\" target=\"_blank\">\n\t\t\t\t\t\t<span class=\"elementor-button-content-wrapper\">\n\t\t\t\t\t\t\t\t\t<span class=\"elementor-button-text\">Contactez un concessionnaire<\/span>\n\t\t\t\t\t<\/span>\n\t\t\t\t\t<\/a>\n\t\t\t\t<\/div>\n\t\t\t\t\t\t\t\t<\/div>\n\t\t\t\t<\/div>\n\t\t\t\t<\/div>\n\t\t\t\t\t<\/div>\n\t\t\t\t<\/div>\n\t\t\t\t<\/div>\n\t\t<div data-particle_enable=\"false\" data-particle-mobile-disabled=\"false\" class=\"elementor-element elementor-element-ad8430a e-flex e-con-boxed e-con e-parent\" data-id=\"ad8430a\" data-element_type=\"container\">\n\t\t\t\t\t<div class=\"e-con-inner\">\n\t\t<div data-particle_enable=\"false\" data-particle-mobile-disabled=\"false\" class=\"elementor-element elementor-element-ff04670 e-con-full e-flex e-con e-child\" data-id=\"ff04670\" data-element_type=\"container\">\n\t\t\t\t<div class=\"elementor-element elementor-element-33114cc elementor-widget elementor-widget-heading\" data-id=\"33114cc\" data-element_type=\"widget\" data-widget_type=\"heading.default\">\n\t\t\t\t<div class=\"elementor-widget-container\">\n\t\t\t\t\t<h2 class=\"elementor-heading-title elementor-size-default\">R\u00e9seau de partenaires strat\u00e9giques<\/h2>\t\t\t\t<\/div>\n\t\t\t\t<\/div>\n\t\t\t\t<div class=\"elementor-element elementor-element-465c251 elementor-widget elementor-widget-text-editor\" data-id=\"465c251\" data-element_type=\"widget\" data-widget_type=\"text-editor.default\">\n\t\t\t\t<div class=\"elementor-widget-container\">\n\t\t\t\t\t\t\t\t\t<p><\/p><p>Nous reconnaissons que Le Son du Travail par Bose Professional La croissance fulgurante de [Nom de l'entreprise] sur le march\u00e9 des communications unifi\u00e9es et de la visioconf\u00e9rence n'aurait pas \u00e9t\u00e9 possible sans nos partenaires. Ensemble, nous proposons des solutions de haute qualit\u00e9, certifi\u00e9es et test\u00e9es selon les normes les plus rigoureuses, afin de garantir leur int\u00e9gration et leur fonctionnement optimaux.<\/p><p> <\/p><p>Notre r\u00e9seau de partenaires strat\u00e9giques compte de nombreux fournisseurs de communications unifi\u00e9es, partenaires technologiques et experts en collaboration.<\/p><p> <\/p><p>Nous nous effor\u00e7ons constamment de cr\u00e9er une vaste gamme de solutions audio et vid\u00e9o de haute qualit\u00e9, ainsi que des outils de collaboration adapt\u00e9s \u00e0 pratiquement tous les environnements. Des solutions compl\u00e8tes de communications unifi\u00e9es pour salles de r\u00e9union aux espaces de r\u00e9union informels et aux solutions mobiles \u2013 Bose Professional et nos partenaires d'alliance sont l\u00e0 pour vous.<\/p><p> <\/p><p class=\"bp_mar-btm-0\">Nous travaillons en partenariat avec Google, Microsoft et Zoom pour d\u00e9ployer ces solutions dans le cloud.<\/p>\t\t\t\t\t\t\t\t<\/div>\n\t\t\t\t<\/div>\n\t\t\t\t<\/div>\n\t\t<div data-particle_enable=\"false\" data-particle-mobile-disabled=\"false\" class=\"elementor-element elementor-element-e6e9d52 e-con-full e-flex e-con e-child\" data-id=\"e6e9d52\" data-element_type=\"container\">\n\t\t\t\t<div class=\"elementor-element elementor-element-8516204 elementor-widget elementor-widget-image\" data-id=\"8516204\" data-element_type=\"widget\" data-widget_type=\"image.default\">\n\t\t\t\t<div class=\"elementor-widget-container\">\n\t\t\t\t\t\t\t\t\t\t\t\t\t\t\t<img fetchpriority=\"high\" decoding=\"async\" width=\"1024\" height=\"683\" src=\"https:\/\/assets.boseprofessional.com\/transform\/92470eee-f2ea-41d8-9112-f61632c00749\/alliance_partner_network_img-png?io=transform:scale,width:1024,height:683\" class=\"attachment-large size-large wp-image-20731\" alt=\"\" srcset=\"https:\/\/assets.boseprofessional.com\/transform\/92470eee-f2ea-41d8-9112-f61632c00749\/alliance_partner_network_img-png 1920w, https:\/\/assets.boseprofessional.com\/transform\/92470eee-f2ea-41d8-9112-f61632c00749\/alliance_partner_network_img-png?io=transform:scale,width:150,height:100 150w, https:\/\/assets.boseprofessional.com\/transform\/92470eee-f2ea-41d8-9112-f61632c00749\/alliance_partner_network_img-png?io=transform:scale,width:300,height:200 300w, https:\/\/assets.boseprofessional.com\/transform\/92470eee-f2ea-41d8-9112-f61632c00749\/alliance_partner_network_img-png?io=transform:scale,width:1024,height:683 1024w, https:\/\/assets.boseprofessional.com\/transform\/92470eee-f2ea-41d8-9112-f61632c00749\/alliance_partner_network_img-png?io=transform:scale,width:1536,height:1024 1536w, https:\/\/assets.boseprofessional.com\/transform\/92470eee-f2ea-41d8-9112-f61632c00749\/alliance_partner_network_img-png?io=transform:scale,width:480,height:320 480w, https:\/\/assets.boseprofessional.com\/transform\/92470eee-f2ea-41d8-9112-f61632c00749\/alliance_partner_network_img-png?io=transform:scale,width:768,height:512 768w, https:\/\/assets.boseprofessional.com\/transform\/92470eee-f2ea-41d8-9112-f61632c00749\/alliance_partner_network_img-png?io=transform:scale,width:100,height:67 100w\" sizes=\"(max-width: 1024px) 100vw, 1024px\" \/>\t\t\t\t\t\t\t\t\t\t\t\t\t\t\t<\/div>\n\t\t\t\t<\/div>\n\t\t\t\t<\/div>\n\t\t\t\t\t<\/div>\n\t\t\t\t<\/div>\n\t\t<div data-particle_enable=\"false\" data-particle-mobile-disabled=\"false\" class=\"elementor-element elementor-element-57d2596 e-flex e-con-boxed e-con e-parent\" data-id=\"57d2596\" data-element_type=\"container\" id=\"strategic-alliances\">\n\t\t\t\t\t<div class=\"e-con-inner\">\n\t\t<div data-particle_enable=\"false\" data-particle-mobile-disabled=\"false\" class=\"elementor-element elementor-element-1368368 e-con-full e-flex e-con e-child\" data-id=\"1368368\" data-element_type=\"container\">\n\t\t\t\t<div class=\"elementor-element elementor-element-a453b5c elementor-widget elementor-widget-heading\" data-id=\"a453b5c\" data-element_type=\"widget\" data-widget_type=\"heading.default\">\n\t\t\t\t<div class=\"elementor-widget-container\">\n\t\t\t\t\t<h2 class=\"elementor-heading-title elementor-size-default\">Alliances strat\u00e9giques<\/h2>\t\t\t\t<\/div>\n\t\t\t\t<\/div>\n\t\t\t\t<div class=\"elementor-element elementor-element-40e355e elementor-widget elementor-widget-text-editor\" data-id=\"40e355e\" data-element_type=\"widget\" data-widget_type=\"text-editor.default\">\n\t\t\t\t<div class=\"elementor-widget-container\">\n\t\t\t\t\t\t\t\t\t<p><\/p><p>Les solutions Sound of Work optimisent la qualit\u00e9 audio et vid\u00e9o de vos visioconf\u00e9rences. Gr\u00e2ce \u00e0 nos alliances strat\u00e9giques, nous proposons des solutions de collaboration compl\u00e8tes, reconnues et fiables pour nos clients. Ensemble, nous garantissons des solutions certifi\u00e9es et compatibles avec les environnements de communications unifi\u00e9es les plus utilis\u00e9s, pour une exp\u00e9rience utilisateur optimale o\u00f9 que vous soyez.<\/p><p class=\"bp_mar-btm-0\"><\/p>\t\t\t\t\t\t\t\t<\/div>\n\t\t\t\t<\/div>\n\t\t<div data-particle_enable=\"false\" data-particle-mobile-disabled=\"false\" class=\"elementor-element elementor-element-9c80139 e-con-full e-flex e-con e-child\" data-id=\"9c80139\" data-element_type=\"container\">\n\t\t<div data-particle_enable=\"false\" data-particle-mobile-disabled=\"false\" class=\"elementor-element elementor-element-afef5f4 e-con-full e-flex e-con e-child\" data-id=\"afef5f4\" data-element_type=\"container\">\n\t\t\t\t<div class=\"elementor-element elementor-element-c0c732d elementor-widget elementor-widget-image\" data-id=\"c0c732d\" data-element_type=\"widget\" data-widget_type=\"image.default\">\n\t\t\t\t<div class=\"elementor-widget-container\">\n\t\t\t\t\t\t\t\t\t\t\t\t\t\t\t<img decoding=\"async\" width=\"1024\" height=\"240\" src=\"https:\/\/assets.boseprofessional.com\/transform\/7c83533e-e4c6-4b65-8b9a-059d89bc26be\/microsoft-png?io=transform:scale,width:1024,height:240\" class=\"attachment-large size-large wp-image-20733\" alt=\"\" srcset=\"https:\/\/assets.boseprofessional.com\/transform\/7c83533e-e4c6-4b65-8b9a-059d89bc26be\/microsoft-png 1280w, https:\/\/assets.boseprofessional.com\/transform\/7c83533e-e4c6-4b65-8b9a-059d89bc26be\/microsoft-png?io=transform:scale,width:150,height:35 150w, https:\/\/assets.boseprofessional.com\/transform\/7c83533e-e4c6-4b65-8b9a-059d89bc26be\/microsoft-png?io=transform:scale,width:300,height:70 300w, https:\/\/assets.boseprofessional.com\/transform\/7c83533e-e4c6-4b65-8b9a-059d89bc26be\/microsoft-png?io=transform:scale,width:1024,height:240 1024w, https:\/\/assets.boseprofessional.com\/transform\/7c83533e-e4c6-4b65-8b9a-059d89bc26be\/microsoft-png?io=transform:scale,width:480,height:113 480w, https:\/\/assets.boseprofessional.com\/transform\/7c83533e-e4c6-4b65-8b9a-059d89bc26be\/microsoft-png?io=transform:scale,width:768,height:180 768w, https:\/\/assets.boseprofessional.com\/transform\/7c83533e-e4c6-4b65-8b9a-059d89bc26be\/microsoft-png?io=transform:scale,width:100,height:23 100w\" sizes=\"(max-width: 1024px) 100vw, 1024px\" \/>\t\t\t\t\t\t\t\t\t\t\t\t\t\t\t<\/div>\n\t\t\t\t<\/div>\n\t\t\t\t<div class=\"elementor-element elementor-element-ac19046 elementor-widget elementor-widget-button\" data-id=\"ac19046\" data-element_type=\"widget\" data-widget_type=\"button.default\">\n\t\t\t\t<div class=\"elementor-widget-container\">\n\t\t\t\t\t\t\t\t\t<div class=\"elementor-button-wrapper\">\n\t\t\t\t\t<a class=\"elementor-button elementor-button-link elementor-size-sm\" href=\"https:\/\/boseprofessional.com\/fr\/company\/technology-alliances\/microsoft\/\" target=\"_blank\">\n\t\t\t\t\t\t<span class=\"elementor-button-content-wrapper\">\n\t\t\t\t\t\t\t\t\t<span class=\"elementor-button-text\">APPRENDRE ENCORE PLUS<\/span>\n\t\t\t\t\t<\/span>\n\t\t\t\t\t<\/a>\n\t\t\t\t<\/div>\n\t\t\t\t\t\t\t\t<\/div>\n\t\t\t\t<\/div>\n\t\t\t\t<\/div>\n\t\t<div data-particle_enable=\"false\" data-particle-mobile-disabled=\"false\" class=\"elementor-element elementor-element-b1abdc8 e-con-full e-flex e-con e-child\" data-id=\"b1abdc8\" data-element_type=\"container\">\n\t\t\t\t<div class=\"elementor-element elementor-element-6ec16e1 elementor-widget elementor-widget-image\" data-id=\"6ec16e1\" data-element_type=\"widget\" data-widget_type=\"image.default\">\n\t\t\t\t<div class=\"elementor-widget-container\">\n\t\t\t\t\t\t\t\t\t\t\t\t\t\t\t<img decoding=\"async\" width=\"1024\" height=\"476\" src=\"https:\/\/assets.boseprofessional.com\/transform\/abaa80e2-3ec0-47ab-9c20-b7d8248ace56\/Zoom-Blue-jpeg?io=transform:scale,width:1024,height:476\" class=\"attachment-large size-large wp-image-20734\" alt=\"\" srcset=\"https:\/\/assets.boseprofessional.com\/transform\/abaa80e2-3ec0-47ab-9c20-b7d8248ace56\/Zoom-Blue-jpeg 1032w, https:\/\/assets.boseprofessional.com\/transform\/abaa80e2-3ec0-47ab-9c20-b7d8248ace56\/Zoom-Blue-jpeg?io=transform:scale,width:150,height:70 150w, https:\/\/assets.boseprofessional.com\/transform\/abaa80e2-3ec0-47ab-9c20-b7d8248ace56\/Zoom-Blue-jpeg?io=transform:scale,width:300,height:140 300w, https:\/\/assets.boseprofessional.com\/transform\/abaa80e2-3ec0-47ab-9c20-b7d8248ace56\/Zoom-Blue-jpeg?io=transform:scale,width:1024,height:476 1024w, https:\/\/assets.boseprofessional.com\/transform\/abaa80e2-3ec0-47ab-9c20-b7d8248ace56\/Zoom-Blue-jpeg?io=transform:scale,width:480,height:223 480w, https:\/\/assets.boseprofessional.com\/transform\/abaa80e2-3ec0-47ab-9c20-b7d8248ace56\/Zoom-Blue-jpeg?io=transform:scale,width:768,height:357 768w, https:\/\/assets.boseprofessional.com\/transform\/abaa80e2-3ec0-47ab-9c20-b7d8248ace56\/Zoom-Blue-jpeg?io=transform:scale,width:100,height:47 100w\" sizes=\"(max-width: 1024px) 100vw, 1024px\" \/>\t\t\t\t\t\t\t\t\t\t\t\t\t\t\t<\/div>\n\t\t\t\t<\/div>\n\t\t\t\t<div class=\"elementor-element elementor-element-dd56be0 elementor-widget elementor-widget-button\" data-id=\"dd56be0\" data-element_type=\"widget\" data-widget_type=\"button.default\">\n\t\t\t\t<div class=\"elementor-widget-container\">\n\t\t\t\t\t\t\t\t\t<div class=\"elementor-button-wrapper\">\n\t\t\t\t\t<a class=\"elementor-button elementor-button-link elementor-size-sm\" href=\"https:\/\/boseprofessional.com\/fr\/company\/technology-alliances\/zoom\/\" target=\"_blank\">\n\t\t\t\t\t\t<span class=\"elementor-button-content-wrapper\">\n\t\t\t\t\t\t\t\t\t<span class=\"elementor-button-text\">APPRENDRE ENCORE PLUS<\/span>\n\t\t\t\t\t<\/span>\n\t\t\t\t\t<\/a>\n\t\t\t\t<\/div>\n\t\t\t\t\t\t\t\t<\/div>\n\t\t\t\t<\/div>\n\t\t\t\t<\/div>\n\t\t\t\t<\/div>\n\t\t\t\t<\/div>\n\t\t\t\t\t<\/div>\n\t\t\t\t<\/div>\n\t\t<div data-particle_enable=\"false\" data-particle-mobile-disabled=\"false\" class=\"elementor-element elementor-element-d0b2ecc e-flex e-con-boxed e-con e-parent\" data-id=\"d0b2ecc\" data-element_type=\"container\" id=\"technology-alliances\">\n\t\t\t\t\t<div class=\"e-con-inner\">\n\t\t<div data-particle_enable=\"false\" data-particle-mobile-disabled=\"false\" class=\"elementor-element elementor-element-934a4ca e-con-full e-flex e-con e-child\" data-id=\"934a4ca\" data-element_type=\"container\">\n\t\t\t\t<div class=\"elementor-element elementor-element-386b7e1 elementor-widget elementor-widget-heading\" data-id=\"386b7e1\" data-element_type=\"widget\" data-widget_type=\"heading.default\">\n\t\t\t\t<div class=\"elementor-widget-container\">\n\t\t\t\t\t<h2 class=\"elementor-heading-title elementor-size-default\">Alliances technologiques<\/h2>\t\t\t\t<\/div>\n\t\t\t\t<\/div>\n\t\t\t\t<div class=\"elementor-element elementor-element-aa75e19 elementor-widget elementor-widget-text-editor\" data-id=\"aa75e19\" data-element_type=\"widget\" data-widget_type=\"text-editor.default\">\n\t\t\t\t<div class=\"elementor-widget-container\">\n\t\t\t\t\t\t\t\t\t<p><\/p><p>Le Bose Professional Le programme d'alliance technologique vise \u00e0 soutenir et \u00e0 \u00e9tendre les solutions compl\u00e8tes r\u00e9pondant aux d\u00e9fis de communication de nos clients. En collaboration avec nos partenaires technologiques, nous d\u00e9veloppons et fournissons des solutions de haute qualit\u00e9 qui am\u00e9liorent la communication et la collaboration. Cette collaboration apporte plus d'innovation, de choix et une meilleure exp\u00e9rience utilisateur \u00e0 nos clients.<\/p><p class=\"bp_mar-btm-0\"><\/p>\t\t\t\t\t\t\t\t<\/div>\n\t\t\t\t<\/div>\n\t\t<div data-particle_enable=\"false\" data-particle-mobile-disabled=\"false\" class=\"elementor-element elementor-element-239bbcf e-con-full e-flex e-con e-child\" data-id=\"239bbcf\" data-element_type=\"container\">\n\t\t<div data-particle_enable=\"false\" data-particle-mobile-disabled=\"false\" class=\"elementor-element elementor-element-2efa254 e-con-full e-flex e-con e-child\" data-id=\"2efa254\" data-element_type=\"container\">\n\t\t\t\t<div class=\"elementor-element elementor-element-e95747c elementor-widget elementor-widget-image\" data-id=\"e95747c\" data-element_type=\"widget\" data-widget_type=\"image.default\">\n\t\t\t\t<div class=\"elementor-widget-container\">\n\t\t\t\t\t\t\t\t\t\t\t\t\t\t\t<img loading=\"lazy\" decoding=\"async\" width=\"1024\" height=\"680\" src=\"https:\/\/assets.boseprofessional.com\/transform\/89025733-a46a-4429-98a3-e7739fbdf684\/barco-jpeg?io=transform:scale,width:1024,height:680\" class=\"attachment-large size-large wp-image-20735\" alt=\"\" srcset=\"https:\/\/assets.boseprofessional.com\/transform\/89025733-a46a-4429-98a3-e7739fbdf684\/barco-jpeg 1920w, https:\/\/assets.boseprofessional.com\/transform\/89025733-a46a-4429-98a3-e7739fbdf684\/barco-jpeg?io=transform:scale,width:150,height:100 150w, https:\/\/assets.boseprofessional.com\/transform\/89025733-a46a-4429-98a3-e7739fbdf684\/barco-jpeg?io=transform:scale,width:300,height:199 300w, https:\/\/assets.boseprofessional.com\/transform\/89025733-a46a-4429-98a3-e7739fbdf684\/barco-jpeg?io=transform:scale,width:1024,height:680 1024w, https:\/\/assets.boseprofessional.com\/transform\/89025733-a46a-4429-98a3-e7739fbdf684\/barco-jpeg?io=transform:scale,width:1536,height:1020 1536w, https:\/\/assets.boseprofessional.com\/transform\/89025733-a46a-4429-98a3-e7739fbdf684\/barco-jpeg?io=transform:scale,width:480,height:319 480w, https:\/\/assets.boseprofessional.com\/transform\/89025733-a46a-4429-98a3-e7739fbdf684\/barco-jpeg?io=transform:scale,width:768,height:510 768w, https:\/\/assets.boseprofessional.com\/transform\/89025733-a46a-4429-98a3-e7739fbdf684\/barco-jpeg?io=transform:scale,width:100,height:66 100w\" sizes=\"(max-width: 1024px) 100vw, 1024px\" \/>\t\t\t\t\t\t\t\t\t\t\t\t\t\t\t<\/div>\n\t\t\t\t<\/div>\n\t\t\t\t<div class=\"elementor-element elementor-element-bd44435 elementor-widget elementor-widget-button\" data-id=\"bd44435\" data-element_type=\"widget\" data-widget_type=\"button.default\">\n\t\t\t\t<div class=\"elementor-widget-container\">\n\t\t\t\t\t\t\t\t\t<div class=\"elementor-button-wrapper\">\n\t\t\t\t\t<a class=\"elementor-button elementor-button-link elementor-size-sm\" href=\"https:\/\/boseprofessional.com\/fr\/company\/technology-alliances\/barco\/\" target=\"_blank\">\n\t\t\t\t\t\t<span class=\"elementor-button-content-wrapper\">\n\t\t\t\t\t\t\t\t\t<span class=\"elementor-button-text\">APPRENDRE ENCORE PLUS<\/span>\n\t\t\t\t\t<\/span>\n\t\t\t\t\t<\/a>\n\t\t\t\t<\/div>\n\t\t\t\t\t\t\t\t<\/div>\n\t\t\t\t<\/div>\n\t\t\t\t<\/div>\n\t\t\t\t<\/div>\n\t\t\t\t<\/div>\n\t\t\t\t\t<\/div>\n\t\t\t\t<\/div>\n\t\t<div data-particle_enable=\"false\" data-particle-mobile-disabled=\"false\" class=\"elementor-element elementor-element-b6b75bc e-flex e-con-boxed e-con e-parent\" data-id=\"b6b75bc\" data-element_type=\"container\" id=\"become-a-partner\">\n\t\t\t\t\t<div class=\"e-con-inner\">\n\t\t<div data-particle_enable=\"false\" data-particle-mobile-disabled=\"false\" class=\"elementor-element elementor-element-de456f9 e-con-full e-flex e-con e-child\" data-id=\"de456f9\" data-element_type=\"container\" data-settings=\"{&quot;background_background&quot;:&quot;classic&quot;}\">\n\t\t\t\t<div class=\"elementor-element elementor-element-e1514b7 elementor-widget elementor-widget-heading\" data-id=\"e1514b7\" data-element_type=\"widget\" data-widget_type=\"heading.default\">\n\t\t\t\t<div class=\"elementor-widget-container\">\n\t\t\t\t\t<h2 class=\"elementor-heading-title elementor-size-default\">FAITES PARTIE DE LA SOLUTION BOSE PROFESSIONAL EN DEVENANT UN PARTENAIRE STRAT\u00c9GIQUE<\/h2>\t\t\t\t<\/div>\n\t\t\t\t<\/div>\n\t\t\t\t<div class=\"elementor-element elementor-element-b3848fe elementor-widget elementor-widget-text-editor\" data-id=\"b3848fe\" data-element_type=\"widget\" data-widget_type=\"text-editor.default\">\n\t\t\t\t<div class=\"elementor-widget-container\">\n\t\t\t\t\t\t\t\t\t<p>Bose Professional Nous collaborons avec des organisations reconnues et dignes de confiance par nos clients. Ensemble, nous cr\u00e9ons des solutions performantes et parfaitement int\u00e9gr\u00e9es. Des solutions con\u00e7ues et test\u00e9es rigoureusement pour garantir compatibilit\u00e9, simplicit\u00e9 et clart\u00e9. Aujourd'hui, le lieu de travail est partout\u00a0: bureau, domicile, voiture, caf\u00e9\u2026 Nos solutions fonctionnent o\u00f9 que nos clients travaillent. Nous aidons les \u00e9quipes \u00e0 collaborer plus efficacement, en allant au-del\u00e0 du \u00ab\u00a0suffisant\u00a0\u00bb pour des interactions plus naturelles. Chacun peut ainsi mieux entendre, voir et comprendre, et travailler plus efficacement.<\/p>\t\t\t\t\t\t\t\t<\/div>\n\t\t\t\t<\/div>\n\t\t<div data-particle_enable=\"false\" data-particle-mobile-disabled=\"false\" class=\"elementor-element elementor-element-c0b3312 e-con-full e-flex e-con e-child\" data-id=\"c0b3312\" data-element_type=\"container\">\n\t\t\t\t<div class=\"elementor-element elementor-element-f61901d icn-txt-btn elementor-widget elementor-widget-button\" data-id=\"f61901d\" data-element_type=\"widget\" data-widget_type=\"button.default\">\n\t\t\t\t<div class=\"elementor-widget-container\">\n\t\t\t\t\t\t\t\t\t<div class=\"elementor-button-wrapper\">\n\t\t\t\t\t<a class=\"elementor-button elementor-button-link elementor-size-sm\" href=\"mailto:partnerships@boseprofessional.com\">\n\t\t\t\t\t\t<span class=\"elementor-button-content-wrapper\">\n\t\t\t\t\t\t<span class=\"elementor-button-icon\">\n\t\t\t\t<svg aria-hidden=\"true\" class=\"e-font-icon-svg e-far-envelope\" viewbox=\"0 0 512 512\" xmlns=\"http:\/\/www.w3.org\/2000\/svg\"><path d=\"M464 64H48C21.49 64 0 85.49 0 112v288c0 26.51 21.49 48 48 48h416c26.51 0 48-21.49 48-48V112c0-26.51-21.49-48-48-48zm0 48v40.805c-22.422 18.259-58.168 46.651-134.587 106.49-16.841 13.247-50.201 45.072-73.413 44.701-23.208.375-56.579-31.459-73.413-44.701C106.18 199.465 70.425 171.067 48 152.805V112h416zM48 400V214.398c22.914 18.251 55.409 43.862 104.938 82.646 21.857 17.205 60.134 55.186 103.062 54.955 42.717.231 80.509-37.199 103.053-54.947 49.528-38.783 82.032-64.401 104.947-82.653V400H48z\"><\/path><\/svg>\t\t\t<\/span>\n\t\t\t\t\t\t\t\t\t<span class=\"elementor-button-text\">Devenez partenaire<\/span>\n\t\t\t\t\t<\/span>\n\t\t\t\t\t<\/a>\n\t\t\t\t<\/div>\n\t\t\t\t\t\t\t\t<\/div>\n\t\t\t\t<\/div>\n\t\t\t\t<\/div>\n\t\t\t\t<\/div>\n\t\t\t\t\t<\/div>\n\t\t\t\t<\/div>\n\t\t\t\t<\/div>\n\t\t","protected":false},"excerpt":{"rendered":"<p>Alliances strat\u00e9giques Alliances technologiques Devenir partenaire Contacter un revendeur R\u00e9seau de partenaires d'alliance Nous reconnaissons que Le son du travail par Bose Professional La croissance fulgurante de [Nom de l'entreprise] sur le march\u00e9 des communications unifi\u00e9es et de la visioconf\u00e9rence n'aurait pas \u00e9t\u00e9 possible sans nos partenaires. Ensemble, nous proposons des solutions de haute qualit\u00e9, certifi\u00e9es et test\u00e9es selon les normes les plus rigoureuses.<\/p>\n","protected":false},"author":21,"featured_media":0,"parent":103357,"menu_order":0,"comment_status":"closed","ping_status":"closed","template":"","meta":{"_acf_changed":false,"ep_exclude_from_search":false,"footnotes":""},"page-category":[],"class_list":["post-2274","page","type-page","status-publish","hentry"],"acf":[],"_links":{"self":[{"href":"https:\/\/boseprofessional.com\/fr\/wp-json\/wp\/v2\/pages\/2274","targetHints":{"allow":["GET"]}}],"collection":[{"href":"https:\/\/boseprofessional.com\/fr\/wp-json\/wp\/v2\/pages"}],"about":[{"href":"https:\/\/boseprofessional.com\/fr\/wp-json\/wp\/v2\/types\/page"}],"author":[{"embeddable":true,"href":"https:\/\/boseprofessional.com\/fr\/wp-json\/wp\/v2\/users\/21"}],"replies":[{"embeddable":true,"href":"https:\/\/boseprofessional.com\/fr\/wp-json\/wp\/v2\/comments?post=2274"}],"version-history":[{"count":3,"href":"https:\/\/boseprofessional.com\/fr\/wp-json\/wp\/v2\/pages\/2274\/revisions"}],"predecessor-version":[{"id":127797,"href":"https:\/\/boseprofessional.com\/fr\/wp-json\/wp\/v2\/pages\/2274\/revisions\/127797"}],"up":[{"embeddable":true,"href":"https:\/\/boseprofessional.com\/fr\/wp-json\/wp\/v2\/pages\/103357"}],"wp:attachment":[{"href":"https:\/\/boseprofessional.com\/fr\/wp-json\/wp\/v2\/media?parent=2274"}],"wp:term":[{"taxonomy":"page-category","embeddable":true,"href":"https:\/\/boseprofessional.com\/fr\/wp-json\/wp\/v2\/page-category?post=2274"}],"curies":[{"name":"wp","href":"https:\/\/api.w.org\/{rel}","templated":true}]}}