{"id":17523,"date":"2024-08-02T09:20:01","date_gmt":"2024-08-02T09:20:01","guid":{"rendered":"https:\/\/uatnew.boseprofessional.com\/?page_id=17523"},"modified":"2024-10-30T16:15:46","modified_gmt":"2024-10-30T16:15:46","slug":"warranty","status":"publish","type":"page","link":"https:\/\/boseprofessional.com\/fr\/warranty\/","title":{"rendered":"Warranty"},"content":{"rendered":"\t\t<div data-elementor-type=\"wp-page\" data-elementor-id=\"17523\" class=\"elementor elementor-17523\" data-elementor-post-type=\"page\">\n\t\t\t\t<div data-particle_enable=\"false\" data-particle-mobile-disabled=\"false\" class=\"elementor-element elementor-element-3804a04c e-flex e-con-boxed e-con e-parent\" data-id=\"3804a04c\" data-element_type=\"container\" data-settings=\"{&quot;background_background&quot;:&quot;classic&quot;,&quot;shape_divider_bottom&quot;:&quot;opacity-tilt&quot;}\">\n\t\t\t\t\t<div class=\"e-con-inner\">\n\t\t\t\t<div class=\"elementor-shape elementor-shape-bottom\" aria-hidden=\"true\" data-negative=\"false\">\n\t\t\t<svg xmlns=\"http:\/\/www.w3.org\/2000\/svg\" viewbox=\"0 0 2600 131.1\" preserveaspectratio=\"none\">\n\t<path class=\"elementor-shape-fill\" d=\"M0 0L2600 0 2600 69.1 0 0z\"\/>\n\t<path class=\"elementor-shape-fill\" style=\"opacity:0.5\" d=\"M0 0L2600 0 2600 69.1 0 69.1z\"\/>\n\t<path class=\"elementor-shape-fill\" style=\"opacity:0.25\" d=\"M2600 0L0 0 0 130.1 2600 69.1z\"\/>\n<\/svg>\t\t<\/div>\n\t\t\t\t<div class=\"elementor-element elementor-element-7336387b elementor-widget elementor-widget-heading\" data-id=\"7336387b\" data-element_type=\"widget\" data-widget_type=\"heading.default\">\n\t\t\t\t<div class=\"elementor-widget-container\">\n\t\t\t\t\t<h1 class=\"elementor-heading-title elementor-size-default\">Garantie<\/h1>\t\t\t\t<\/div>\n\t\t\t\t<\/div>\n\t\t\t\t\t<\/div>\n\t\t\t\t<\/div>\n\t\t<div data-particle_enable=\"false\" data-particle-mobile-disabled=\"false\" class=\"elementor-element elementor-element-ceb5c93 e-flex e-con-boxed e-con e-parent\" data-id=\"ceb5c93\" data-element_type=\"container\">\n\t\t\t\t\t<div class=\"e-con-inner\">\n\t\t\t\t<div class=\"elementor-element elementor-element-116582 elementor-widget elementor-widget-global elementor-global-116582 elementor-widget-button\" data-id=\"116582\" data-element_type=\"widget\" data-widget_type=\"button.default\">\n\t\t\t\t<div class=\"elementor-widget-container\">\n\t\t\t\t\t\t\t\t\t<div class=\"elementor-button-wrapper\">\n\t\t\t\t\t<a class=\"elementor-button elementor-button-link elementor-size-sm elementor-animation-shrink\" href=\"https:\/\/boseprofessional.com\/fr\/resources\/support\/\">\n\t\t\t\t\t\t<span class=\"elementor-button-content-wrapper\">\n\t\t\t\t\t\t<span class=\"elementor-button-icon\">\n\t\t\t\t<svg aria-hidden=\"true\" class=\"e-font-icon-svg e-fas-step-backward\" viewbox=\"0 0 448 512\" xmlns=\"http:\/\/www.w3.org\/2000\/svg\"><path d=\"M64 468V44c0-6.6 5.4-12 12-12h48c6.6 0 12 5.4 12 12v176.4l195.5-181C352.1 22.3 384 36.6 384 64v384c0 27.4-31.9 41.7-52.5 24.6L136 292.7V468c0 6.6-5.4 12-12 12H76c-6.6 0-12-5.4-12-12z\"><\/path><\/svg>\t\t\t<\/span>\n\t\t\t\t\t\t\t\t\t<span class=\"elementor-button-text\">Retour \u00e0 l'assistance<\/span>\n\t\t\t\t\t<\/span>\n\t\t\t\t\t<\/a>\n\t\t\t\t<\/div>\n\t\t\t\t\t\t\t\t<\/div>\n\t\t\t\t<\/div>\n\t\t\t\t\t<\/div>\n\t\t\t\t<\/div>\n\t\t<div data-particle_enable=\"false\" data-particle-mobile-disabled=\"false\" class=\"elementor-element elementor-element-6f2547f5 e-flex e-con-boxed e-con e-parent\" data-id=\"6f2547f5\" data-element_type=\"container\">\n\t\t\t\t\t<div class=\"e-con-inner\">\n\t\t\t\t<div class=\"elementor-element elementor-element-fdeee01 elementor-widget elementor-widget-text-editor\" data-id=\"fdeee01\" data-element_type=\"widget\" data-widget_type=\"text-editor.default\">\n\t\t\t\t<div class=\"elementor-widget-container\">\n\t\t\t\t\t\t\t\t\t<h2>Veuillez s\u00e9lectionner votre pays\/r\u00e9gion<\/h2>\n\n<p>S\u00e9lectionnez votre pays, votre r\u00e9gion ou votre province pour consulter la garantie correspondante.<\/p>\n\n<p>Si votre pays ne figure pas dans la liste ci-dessous, contactez le revendeur local Bose Professional agr\u00e9\u00e9 aupr\u00e8s duquel vous avez achet\u00e9 le produit afin d\u2019obtenir de l\u2019aide.<\/p>\t\t\t\t\t\t\t\t<\/div>\n\t\t\t\t<\/div>\n\t\t\t\t\t<\/div>\n\t\t\t\t<\/div>\n\t\t<div data-particle_enable=\"false\" data-particle-mobile-disabled=\"false\" class=\"elementor-element elementor-element-e0dd39e e-grid warranty-grid e-con-boxed e-con e-parent\" data-id=\"e0dd39e\" data-element_type=\"container\">\n\t\t\t\t\t<div class=\"e-con-inner\">\n\t\t\t\t<div class=\"elementor-element elementor-element-2bd3a8d0 elementor-widget elementor-widget-text-editor\" data-id=\"2bd3a8d0\" data-element_type=\"widget\" data-widget_type=\"text-editor.default\">\n\t\t\t\t<div class=\"elementor-widget-container\">\n\t\t\t\t\t\t\t\t\t<img decoding=\"async\" class=\"size-full wp-image-20125 alignleft\" src=\"https:\/\/assets.boseprofessional.com\/m\/339f1265bef31340\/original\/Austria-png.png\" alt=\"\" width=\"48\" height=\"33\" \/> <h3><a href=\"https:\/\/assets.boseprofessional.com\/m\/777f1f1ed660d834\/original\/Garantiehinweise.pdf?_gl=1*qppkw*_gcl_au*MTIwNTcyNzEyMC4xNzIyNjIyMDg0\" target=\"_blank\" rel=\"noopener\">Autriche<\/a><\/h3>\t\t\t\t\t\t\t\t<\/div>\n\t\t\t\t<\/div>\n\t\t\t\t<div class=\"elementor-element elementor-element-9d772cf elementor-widget elementor-widget-text-editor\" data-id=\"9d772cf\" data-element_type=\"widget\" data-widget_type=\"text-editor.default\">\n\t\t\t\t<div class=\"elementor-widget-container\">\n\t\t\t\t\t\t\t\t\t<img decoding=\"async\" class=\"size-full wp-image-20128 alignleft\" src=\"https:\/\/assets.boseprofessional.com\/m\/56672c96e5c9b8d8\/original\/Germany-png.png\" alt=\"Allemagne\" width=\"48\" height=\"33\" \/> <h3><a href=\"https:\/\/assets.boseprofessional.com\/m\/777f1f1ed660d834\/original\/Garantiehinweise.pdf?_gl=1*lzscyv*_gcl_au*MTIwNTcyNzEyMC4xNzIyNjIyMDg0\" target=\"_blank\" rel=\"noopener\">Allemagne<\/a><\/h3>\t\t\t\t\t\t\t\t<\/div>\n\t\t\t\t<\/div>\n\t\t\t\t<div class=\"elementor-element elementor-element-f2cd812 elementor-widget elementor-widget-text-editor\" data-id=\"f2cd812\" data-element_type=\"widget\" data-widget_type=\"text-editor.default\">\n\t\t\t\t<div class=\"elementor-widget-container\">\n\t\t\t\t\t\t\t\t\t<img decoding=\"async\" class=\"size-full wp-image-20121 alignleft\" src=\"https:\/\/assets.boseprofessional.com\/m\/6056c2f8f41c810a\/original\/Mexico-png.png\" alt=\"Mexique\" width=\"48\" height=\"33\" \/><h3><a href=\"https:\/\/assets.boseprofessional.com\/m\/127b2518c9cd558\/original\/Informacion-de-la-garantia.pdf?_gl=1*oq3ouj*_gcl_au*MTIwNTcyNzEyMC4xNzIyNjIyMDg0\" target=\"_blank\" rel=\"noopener\">Mexique<\/a><\/h3>\t\t\t\t\t\t\t\t<\/div>\n\t\t\t\t<\/div>\n\t\t\t\t<div class=\"elementor-element elementor-element-41fbd4d2 elementor-widget elementor-widget-text-editor\" data-id=\"41fbd4d2\" data-element_type=\"widget\" data-widget_type=\"text-editor.default\">\n\t\t\t\t<div class=\"elementor-widget-container\">\n\t\t\t\t\t\t\t\t\t<img loading=\"lazy\" decoding=\"async\" class=\"size-full wp-image-20135 alignleft\" src=\"https:\/\/assets.boseprofessional.com\/m\/391df7db19713a\/original\/Switzerland-png.png\" alt=\"Suisse\" width=\"48\" height=\"33\" \/><h3>Suisse<\/h3>\n<a href=\"https:\/\/assets.boseprofessional.com\/m\/777f1f1ed660d834\/original\/Garantiehinweise.pdf?_gl=1*1wunsc1*_gcl_au*MTIwNTcyNzEyMC4xNzIyNjIyMDg0\" target=\"_blank\" rel=\"noopener\">DE<\/a> \/ <a href=\"https:\/\/assets.boseprofessional.com\/m\/6f5898af180ac3af\/original\/Informations-relatives-a-la-garantie.pdf?_gl=1*1wunsc1*_gcl_au*MTIwNTcyNzEyMC4xNzIyNjIyMDg0\" target=\"_blank\" rel=\"noopener\">FR<\/a> \/ <a href=\"https:\/\/assets.boseprofessional.com\/m\/4c6cb06560a1e845\/original\/Informazioni-sulla-garanzia.pdf?_gl=1*1wunsc1*_gcl_au*MTIwNTcyNzEyMC4xNzIyNjIyMDg0\" target=\"_blank\" rel=\"noopener\">IL<\/a>\t\t\t\t\t\t\t\t<\/div>\n\t\t\t\t<\/div>\n\t\t\t\t<div class=\"elementor-element elementor-element-4e319f01 elementor-widget elementor-widget-text-editor\" data-id=\"4e319f01\" data-element_type=\"widget\" data-widget_type=\"text-editor.default\">\n\t\t\t\t<div class=\"elementor-widget-container\">\n\t\t\t\t\t\t\t\t\t<img loading=\"lazy\" decoding=\"async\" class=\"size-full wp-image-20126 alignleft\" src=\"https:\/\/assets.boseprofessional.com\/m\/a23c3351a1eae8b\/original\/Canada-png.png\" alt=\"\" width=\"48\" height=\"33\" \/> <h3>Canada<\/h3>\n<a href=\"https:\/\/assets.boseprofessional.com\/m\/16a85cd0aa42e96a\/original\/Bose-Professional-Limited-Warranty.pdf?_gl=1*13pszz6*_gcl_au*MTIwNTcyNzEyMC4xNzIyNjIyMDg0\" target=\"_blank\" rel=\"noopener\">EN<\/a> \/ <a href=\"https:\/\/assets.boseprofessional.com\/m\/6f5898af180ac3af\/original\/Informations-relatives-a-la-garantie.pdf?_gl=1*13pszz6*_gcl_au*MTIwNTcyNzEyMC4xNzIyNjIyMDg0\" target=\"_blank\" rel=\"noopener\">FR<\/a>\t\t\t\t\t\t\t\t<\/div>\n\t\t\t\t<\/div>\n\t\t\t\t<div class=\"elementor-element elementor-element-70ae1fa4 elementor-widget elementor-widget-text-editor\" data-id=\"70ae1fa4\" data-element_type=\"widget\" data-widget_type=\"text-editor.default\">\n\t\t\t\t<div class=\"elementor-widget-container\">\n\t\t\t\t\t\t\t\t\t<img loading=\"lazy\" decoding=\"async\" class=\"size-full wp-image-20129 alignleft\" src=\"https:\/\/assets.boseprofessional.com\/m\/3754ad06e221fde0\/original\/Hong-Kong-png.png\" alt=\"Hong Kong\" width=\"48\" height=\"33\" \/><h3>Hong Kong<\/h3>\n<a href=\"https:\/\/assets.boseprofessional.com\/m\/eb5034aa08df32f\/original\/BoseProfessional_Warranty_zh-TW.pdf?_gl=1*16ezr5h*_gcl_au*MjEwNzY5NDczMS4xNzIxOTk2NTIz*_ga*MTUzNDQwNDg5OS4xNzIxOTk2NTIz*_ga_NRTQ4DPXBJ*MTcyMjYxNTg5OC4xNy4xLjE3MjI2MTU5MDQuNTQuMC4w\" target=\"_blank\" rel=\"noopener\">ZH-HK<\/a> \/<a href=\"https:\/\/assets.boseprofessional.com\/m\/816506ee97af678\/original\/BoseProfessional_Warranty_zh-cn.pdf?_gl=1*1xfi4sa*_gcl_au*MjEwNzY5NDczMS4xNzIxOTk2NTIz*_ga*MTUzNDQwNDg5OS4xNzIxOTk2NTIz*_ga_NRTQ4DPXBJ*MTcyMjYxNTg5OC4xNy4xLjE3MjI2MTU5MDQuNTQuMC4w\" target=\"_blank\" rel=\"noopener\"> ZH-CN<\/a> \/ <a href=\"https:\/\/assets.boseprofessional.com\/m\/16a85cd0aa42e96a\/original\/Bose-Professional-Limited-Warranty.pdf?_gl=1*5tb46k*_gcl_au*MTIwNTcyNzEyMC4xNzIyNjIyMDg0\" target=\"_blank\" rel=\"noopener\">EN<\/a>\t\t\t\t\t\t\t\t<\/div>\n\t\t\t\t<\/div>\n\t\t\t\t<div class=\"elementor-element elementor-element-4f7c1418 elementor-widget elementor-widget-text-editor\" data-id=\"4f7c1418\" data-element_type=\"widget\" data-widget_type=\"text-editor.default\">\n\t\t\t\t<div class=\"elementor-widget-container\">\n\t\t\t\t\t\t\t\t\t<p><img loading=\"lazy\" decoding=\"async\" class=\"size-full wp-image-20132 alignleft\" src=\"https:\/\/assets.boseprofessional.com\/m\/5e210441012a71ab\/original\/Netherlands-png.png\" alt=\"Pays-Bas\" width=\"48\" height=\"33\" \/><\/p><h3><a href=\"https:\/\/assets.boseprofessional.com\/m\/1e2c123b0e7e5fb2\/original\/Garantie-informatie.pdf?_gl=1*oq3ouj*_gcl_au*MTIwNTcyNzEyMC4xNzIyNjIyMDg0\" target=\"_blank\" rel=\"noopener\">Pays-Bas<\/a><\/h3>\t\t\t\t\t\t\t\t<\/div>\n\t\t\t\t<\/div>\n\t\t\t\t<div class=\"elementor-element elementor-element-7638c5e elementor-widget elementor-widget-text-editor\" data-id=\"7638c5e\" data-element_type=\"widget\" data-widget_type=\"text-editor.default\">\n\t\t\t\t<div class=\"elementor-widget-container\">\n\t\t\t\t\t\t\t\t\t<img loading=\"lazy\" decoding=\"async\" class=\"size-full wp-image-20136 alignleft\" src=\"https:\/\/assets.boseprofessional.com\/m\/354ce9c398fa1bcd\/original\/Taiwan-png.png\" alt=\"Ta\u00efwan\" width=\"48\" height=\"33\" \/><h3>Ta\u00efwan<\/h3>\n<a href=\"https:\/\/assets.boseprofessional.com\/m\/eb5034aa08df32f\/original\/BoseProfessional_Warranty_zh-TW.pdf?_gl=1*1svuits*_gcl_au*MTIwNTcyNzEyMC4xNzIyNjIyMDg0\" target=\"_blank\" rel=\"noopener\">ZH<\/a> \/ <a href=\"https:\/\/assets.boseprofessional.com\/m\/16a85cd0aa42e96a\/original\/Bose-Professional-Limited-Warranty.pdf?_gl=1*ru290y*_gcl_au*MTIwNTcyNzEyMC4xNzIyNjIyMDg0\" target=\"_blank\" rel=\"noopener\">EN<\/a>\t\t\t\t\t\t\t\t<\/div>\n\t\t\t\t<\/div>\n\t\t\t\t<div class=\"elementor-element elementor-element-27c9b7ef elementor-widget elementor-widget-text-editor\" data-id=\"27c9b7ef\" data-element_type=\"widget\" data-widget_type=\"text-editor.default\">\n\t\t\t\t<div class=\"elementor-widget-container\">\n\t\t\t\t\t\t\t\t\t<img loading=\"lazy\" decoding=\"async\" class=\"size-full wp-image-20140 alignleft\" src=\"https:\/\/assets.boseprofessional.com\/m\/69b15d5217ca797b\/original\/China-png.png\" alt=\"\" width=\"48\" height=\"33\" \/><h3><a href=\"https:\/\/assets.boseprofessional.com\/m\/816506ee97af678\/original\/BoseProfessional_Warranty_zh-cn.pdf?_gl=1*13pszz6*_gcl_au*MTIwNTcyNzEyMC4xNzIyNjIyMDg0\" target=\"_blank\" rel=\"noopener\">Chine<\/a><\/h3>\t\t\t\t\t\t\t\t<\/div>\n\t\t\t\t<\/div>\n\t\t\t\t<div class=\"elementor-element elementor-element-68f85524 elementor-widget elementor-widget-text-editor\" data-id=\"68f85524\" data-element_type=\"widget\" data-widget_type=\"text-editor.default\">\n\t\t\t\t<div class=\"elementor-widget-container\">\n\t\t\t\t\t\t\t\t\t<img loading=\"lazy\" decoding=\"async\" class=\"size-full wp-image-20130 alignleft\" src=\"https:\/\/assets.boseprofessional.com\/m\/75633e62dd8d1e3f\/original\/Italy-png.png\" alt=\"Italie\" width=\"48\" height=\"33\" \/><h3><a href=\"https:\/\/assets.boseprofessional.com\/m\/4c6cb06560a1e845\/original\/Informazioni-sulla-garanzia.pdf?_gl=1*5tb46k*_gcl_au*MTIwNTcyNzEyMC4xNzIyNjIyMDg0\" target=\"_blank\" rel=\"noopener\">Italie<\/a><\/h3>\t\t\t\t\t\t\t\t<\/div>\n\t\t\t\t<\/div>\n\t\t\t\t<div class=\"elementor-element elementor-element-33bf3f0b elementor-widget elementor-widget-text-editor\" data-id=\"33bf3f0b\" data-element_type=\"widget\" data-widget_type=\"text-editor.default\">\n\t\t\t\t<div class=\"elementor-widget-container\">\n\t\t\t\t\t\t\t\t\t<img loading=\"lazy\" decoding=\"async\" class=\"size-full wp-image-20133 alignleft\" src=\"https:\/\/assets.boseprofessional.com\/m\/732933a47b29b644\/original\/Norway-png.png\" alt=\"Norv\u00e8ge\" width=\"48\" height=\"33\" \/><h3><a href=\"https:\/\/assets.boseprofessional.com\/m\/68832b37582dd555\/original\/Garantiinformasjon.pdf?_gl=1*oq3ouj*_gcl_au*MTIwNTcyNzEyMC4xNzIyNjIyMDg0\" target=\"_blank\" rel=\"noopener\">Norv\u00e8ge<\/a><\/h3>\t\t\t\t\t\t\t\t<\/div>\n\t\t\t\t<\/div>\n\t\t\t\t<div class=\"elementor-element elementor-element-12b47008 elementor-widget elementor-widget-text-editor\" data-id=\"12b47008\" data-element_type=\"widget\" data-widget_type=\"text-editor.default\">\n\t\t\t\t<div class=\"elementor-widget-container\">\n\t\t\t\t\t\t\t\t\t<img loading=\"lazy\" decoding=\"async\" class=\"size-full wp-image-20137 alignleft\" src=\"https:\/\/assets.boseprofessional.com\/m\/6da6f0b7d0446d63\/original\/United-Arab-Emirates-png.png\" alt=\"\u00c9mirats arabes unis\" width=\"48\" height=\"33\" \/><h3>\u00c9mirats arabes unis<\/h3>\n<p style=\"line-height: 22px;\"><a href=\"https:\/\/assets.boseprofessional.com\/m\/16a85cd0aa42e96a\/original\/Bose-Professional-Limited-Warranty.pdf?_gl=1*ru290y*_gcl_au*MTIwNTcyNzEyMC4xNzIyNjIyMDg0\" target=\"_blank\" rel=\"noopener\">EN<\/a> \/ <a href=\"https:\/\/assets.boseprofessional.com\/m\/69f72de0f261fa67\/original\/----.pdf?_gl=1*ru290y*_gcl_au*MTIwNTcyNzEyMC4xNzIyNjIyMDg0\" target=\"_blank\" rel=\"noopener\">AR<\/a><\/p>\t\t\t\t\t\t\t\t<\/div>\n\t\t\t\t<\/div>\n\t\t\t\t<div class=\"elementor-element elementor-element-4564bae2 elementor-widget elementor-widget-text-editor\" data-id=\"4564bae2\" data-element_type=\"widget\" data-widget_type=\"text-editor.default\">\n\t\t\t\t<div class=\"elementor-widget-container\">\n\t\t\t\t\t\t\t\t\t<img loading=\"lazy\" decoding=\"async\" class=\"size-full wp-image-20127 alignleft\" src=\"https:\/\/assets.boseprofessional.com\/m\/1e5e1fa82ed818a3\/original\/France-png.png\" alt=\"France\" width=\"48\" height=\"33\" \/> <h3><a href=\"https:\/\/assets.boseprofessional.com\/m\/6f5898af180ac3af\/original\/Informations-relatives-a-la-garantie.pdf?_gl=1*16l4yz2*_gcl_au*MTIwNTcyNzEyMC4xNzIyNjIyMDg0\" target=\"_blank\" rel=\"noopener\">France<\/a><\/h3>\t\t\t\t\t\t\t\t<\/div>\n\t\t\t\t<\/div>\n\t\t\t\t<div class=\"elementor-element elementor-element-855b26a elementor-widget elementor-widget-text-editor\" data-id=\"855b26a\" data-element_type=\"widget\" data-widget_type=\"text-editor.default\">\n\t\t\t\t<div class=\"elementor-widget-container\">\n\t\t\t\t\t\t\t\t\t<img loading=\"lazy\" decoding=\"async\" class=\"size-full wp-image-20131 alignleft\" src=\"https:\/\/assets.boseprofessional.com\/m\/7e599de53aeb90ca\/original\/Japan-png.png\" alt=\"Japon\" width=\"48\" height=\"33\" \/><h3><a href=\"https:\/\/assets.boseprofessional.com\/m\/19f516b8029144de\/original\/BoseProfessional_Warranty_ja.pdf?_gl=1*oq3ouj*_gcl_au*MTIwNTcyNzEyMC4xNzIyNjIyMDg0\" target=\"_blank\" rel=\"noopener\">Japon<\/a><\/h3>\t\t\t\t\t\t\t\t<\/div>\n\t\t\t\t<\/div>\n\t\t\t\t<div class=\"elementor-element elementor-element-1543198 elementor-widget elementor-widget-text-editor\" data-id=\"1543198\" data-element_type=\"widget\" data-widget_type=\"text-editor.default\">\n\t\t\t\t<div class=\"elementor-widget-container\">\n\t\t\t\t\t\t\t\t\t<img loading=\"lazy\" decoding=\"async\" class=\"size-full wp-image-20134 alignleft\" src=\"https:\/\/assets.boseprofessional.com\/m\/7b88e946e51a3a12\/original\/Poland-png.png\" alt=\"Pologne\" width=\"48\" height=\"33\" \/><h3><a href=\"https:\/\/assets.boseprofessional.com\/m\/193c01ce2ae305fe\/original\/Informacje-o-gwarancji.pdf?_gl=1*oq3ouj*_gcl_au*MTIwNTcyNzEyMC4xNzIyNjIyMDg0\" target=\"_blank\" rel=\"noopener\">Pologne<\/a><\/h3>\t\t\t\t\t\t\t\t<\/div>\n\t\t\t\t<\/div>\n\t\t\t\t<div class=\"elementor-element elementor-element-49eca8a9 elementor-widget elementor-widget-text-editor\" data-id=\"49eca8a9\" data-element_type=\"widget\" data-widget_type=\"text-editor.default\">\n\t\t\t\t<div class=\"elementor-widget-container\">\n\t\t\t\t\t\t\t\t\t<img loading=\"lazy\" decoding=\"async\" class=\"size-full wp-image-20138 alignleft\" src=\"https:\/\/assets.boseprofessional.com\/m\/16b5655b3a076cb6\/original\/United-States-png.png\" alt=\"\u00c9tats-Unis d\u2019Am\u00e9rique\" width=\"48\" height=\"33\" \/><h3><a href=\"https:\/\/assets.boseprofessional.com\/m\/16a85cd0aa42e96a\/original\/Bose-Professional-Limited-Warranty.pdf?_gl=1*bksaj9*_gcl_au*MTIwNTcyNzEyMC4xNzIyNjIyMDg0\" target=\"_blank\" rel=\"noopener\">\u00c9tats-Unis d\u2019Am\u00e9rique<\/a><\/h3>\t\t\t\t\t\t\t\t<\/div>\n\t\t\t\t<\/div>\n\t\t\t\t\t<\/div>\n\t\t\t\t<\/div>\n\t\t\t\t<\/div>\n\t\t","protected":false},"excerpt":{"rendered":"<p>Garantie Retour \u00e0 l'assistance Veuillez s\u00e9lectionner votre pays\/r\u00e9gion Choisissez votre pays, r\u00e9gion ou zone pour consulter notre garantie pour cet emplacement. Si votre pays ne figure pas dans la liste ci-dessous, veuillez contacter le service local. Bose Professional Pour toute assistance suppl\u00e9mentaire, veuillez contacter le revendeur agr\u00e9\u00e9 aupr\u00e8s duquel le produit a \u00e9t\u00e9 achet\u00e9. Autriche Allemagne Mexique Suisse DE \/ FR \/ IT Canada EN [\u2026]<\/p>\n","protected":false},"author":33,"featured_media":0,"parent":0,"menu_order":0,"comment_status":"closed","ping_status":"closed","template":"","meta":{"_acf_changed":false,"ep_exclude_from_search":false,"footnotes":""},"page-category":[],"class_list":["post-17523","page","type-page","status-publish","hentry"],"acf":[],"_links":{"self":[{"href":"https:\/\/boseprofessional.com\/fr\/wp-json\/wp\/v2\/pages\/17523","targetHints":{"allow":["GET"]}}],"collection":[{"href":"https:\/\/boseprofessional.com\/fr\/wp-json\/wp\/v2\/pages"}],"about":[{"href":"https:\/\/boseprofessional.com\/fr\/wp-json\/wp\/v2\/types\/page"}],"author":[{"embeddable":true,"href":"https:\/\/boseprofessional.com\/fr\/wp-json\/wp\/v2\/users\/33"}],"replies":[{"embeddable":true,"href":"https:\/\/boseprofessional.com\/fr\/wp-json\/wp\/v2\/comments?post=17523"}],"version-history":[{"count":3,"href":"https:\/\/boseprofessional.com\/fr\/wp-json\/wp\/v2\/pages\/17523\/revisions"}],"predecessor-version":[{"id":128963,"href":"https:\/\/boseprofessional.com\/fr\/wp-json\/wp\/v2\/pages\/17523\/revisions\/128963"}],"wp:attachment":[{"href":"https:\/\/boseprofessional.com\/fr\/wp-json\/wp\/v2\/media?parent=17523"}],"wp:term":[{"taxonomy":"page-category","embeddable":true,"href":"https:\/\/boseprofessional.com\/fr\/wp-json\/wp\/v2\/page-category?post=17523"}],"curies":[{"name":"wp","href":"https:\/\/api.w.org\/{rel}","templated":true}]}}