{"id":16611,"date":"2023-11-29T09:13:27","date_gmt":"2023-11-29T09:13:27","guid":{"rendered":"https:\/\/uatnew.boseprofessional.com\/?page_id=16611"},"modified":"2025-04-03T17:53:17","modified_gmt":"2025-04-03T17:53:17","slug":"subwoofers","status":"publish","type":"page","link":"https:\/\/boseprofessional.com\/fr\/resources\/discontinued-products\/loudspeakers\/subwoofers\/","title":{"rendered":"Discontinued Subwoofers"},"content":{"rendered":"\t\t<div data-elementor-type=\"wp-page\" data-elementor-id=\"16611\" class=\"elementor elementor-16611\" data-elementor-post-type=\"page\">\n\t\t\t\t<div data-particle_enable=\"false\" data-particle-mobile-disabled=\"false\" class=\"elementor-element elementor-element-d4da849 e-con-full e-flex e-con e-parent\" data-id=\"d4da849\" data-element_type=\"container\">\n\t\t\t\t<div class=\"elementor-element elementor-element-c80b6fa discontinued-tittle powermatch-sec elementor-widget elementor-widget-heading\" data-id=\"c80b6fa\" data-element_type=\"widget\" data-widget_type=\"heading.default\">\n\t\t\t\t<div class=\"elementor-widget-container\">\n\t\t\t\t\t<h1 class=\"elementor-heading-title elementor-size-default\">Caissons de basses abandonn\u00e9s<\/h1>\t\t\t\t<\/div>\n\t\t\t\t<\/div>\n\t\t\t\t<\/div>\n\t\t<div data-particle_enable=\"false\" data-particle-mobile-disabled=\"false\" class=\"elementor-element elementor-element-0a1a989 e-con-full banner-bottom-tittle e-flex e-con e-parent\" data-id=\"0a1a989\" data-element_type=\"container\" data-settings=\"{&quot;background_background&quot;:&quot;classic&quot;}\">\n\t\t\t\t<div class=\"elementor-element elementor-element-479cc78 elementor-widget elementor-widget-text-editor\" data-id=\"479cc78\" data-element_type=\"widget\" data-widget_type=\"text-editor.default\">\n\t\t\t\t<div class=\"elementor-widget-container\">\n\t\t\t\t\t\t\t\t\t<p class=\"paragraph-cef87e0 bp_mar-btm-0 bp_text-white bp_text-trans-upper\"><a class=\"back-res-btn\" href=\"\/fr\/resources\/discontinued-products\/amplifiers\/\"><i class=\"fa fa-angle-left\" aria-hidden=\"true\"><\/i> \nRETOUR \u00c0 LA PAGE DES PRODUITS ABANDONN\u00c9S enceintes<\/a><\/p>\t\t\t\t\t\t\t\t<\/div>\n\t\t\t\t<\/div>\n\t\t\t\t<\/div>\n\t\t<div data-particle_enable=\"false\" data-particle-mobile-disabled=\"false\" class=\"elementor-element elementor-element-edfc9b4 e-flex e-con-boxed e-con e-parent\" data-id=\"edfc9b4\" data-element_type=\"container\">\n\t\t\t\t\t<div class=\"e-con-inner\">\n\t\t\t\t<div class=\"elementor-element elementor-element-901e649 elementor-widget elementor-widget-shortcode\" data-id=\"901e649\" data-element_type=\"widget\" data-widget_type=\"shortcode.default\">\n\t\t\t\t<div class=\"elementor-widget-container\">\n\t\t\t\t\t\t\t<div class=\"elementor-shortcode\">\t\n\t\n<div class=\"discontinued-product-row\">\n   <div class=\"left-section\">\n      <p class=\"discontinued-product-title\">Basse modulaire MB12 enceinte<\/p>\n   <\/div>\n\t  \n   <div class=\"right-section\">\n\t\t  \t\n\t\t\n      <div class=\"download-category-row\">\n         <p class=\"download-category-name\">Informations techniques<\/p>\n         <ul>\n\t\t\t             <li><span class=\"bp_press-download-icon bp_disc-prod-icon bp_site-icons\"><\/span><a target=\"_blank\" href=\"https:\/\/assets.boseprofessional.com\/m\/47b653bbeb112741\/original\/tds_mb12_mb12wr_modular_bass_loudspeaker_en.pdf\">Fiche technique<\/a><\/li>\n\t\t\t            <\/ul>\n\t\t\t \n      <\/div>\n  \n\t\t\t\n\t\t\n      <div class=\"download-category-row\">\n         <p class=\"download-category-name\">Manuels<\/p>\n         <ul>\n\t\t\t             <li><span class=\"bp_press-download-icon bp_disc-prod-icon bp_site-icons\"><\/span><a target=\"_blank\" href=\"https:\/\/assets.boseprofessional.com\/m\/23ad2b0047b29241\/original\/og_lt_mb_loudspeakers_ML.pdf\">Guide du propri\u00e9taire<\/a><\/li>\n\t\t\t            <\/ul>\n\t\t\t \n      <\/div>\n  \n\t\t\t\n\t\t\n      <div class=\"download-category-row\">\n         <p class=\"download-category-name\">Limes m\u00e9caniques<\/p>\n         <ul>\n\t\t\t             <li><span class=\"bp_press-download-icon bp_disc-prod-icon bp_site-icons\"><\/span><a target=\"_blank\" href=\"https:\/\/assets.boseprofessional.com\/m\/4d0b3a3db5875c36\/original\/cadz_mb12_mb12wr.zip\">CAD Fichiers<\/a><\/li>\n\t\t\t            <\/ul>\n\t\t\t \n      <\/div>\n  \n\t\t\t  \n   <\/div>\n\t \n\t\t  \n<\/div>\t\n\n\t\n\t\n\t\n<div class=\"discontinued-product-row\">\n   <div class=\"left-section\">\n      <p class=\"discontinued-product-title\">Basse modulaire MB12 WR enceinte<\/p>\n   <\/div>\n\t  \n   <div class=\"right-section\">\n\t\t  \t\n\t\t\n      <div class=\"download-category-row\">\n         <p class=\"download-category-name\">Informations techniques<\/p>\n         <ul>\n\t\t\t             <li><span class=\"bp_press-download-icon bp_disc-prod-icon bp_site-icons\"><\/span><a target=\"_blank\" href=\"https:\/\/assets.boseprofessional.com\/m\/47b653bbeb112741\/original\/tds_mb12_mb12wr_modular_bass_loudspeaker_en.pdf\">Fiche technique<\/a><\/li>\n\t\t\t            <\/ul>\n\t\t\t \n      <\/div>\n  \n\t\t\t\n\t\t\n      <div class=\"download-category-row\">\n         <p class=\"download-category-name\">Manuels<\/p>\n         <ul>\n\t\t\t             <li><span class=\"bp_press-download-icon bp_disc-prod-icon bp_site-icons\"><\/span><a target=\"_blank\" href=\"https:\/\/assets.boseprofessional.com\/m\/23ad2b0047b29241\/original\/og_lt_mb_loudspeakers_ML.pdf\">Guide du propri\u00e9taire<\/a><\/li>\n\t\t\t            <\/ul>\n\t\t\t \n      <\/div>\n  \n\t\t\t\n\t\t\n      <div class=\"download-category-row\">\n         <p class=\"download-category-name\">Limes m\u00e9caniques<\/p>\n         <ul>\n\t\t\t             <li><span class=\"bp_press-download-icon bp_disc-prod-icon bp_site-icons\"><\/span><a target=\"_blank\" href=\"https:\/\/assets.boseprofessional.com\/m\/4d0b3a3db5875c36\/original\/cadz_mb12_mb12wr.zip\">CAD Fichiers<\/a><\/li>\n\t\t\t            <\/ul>\n\t\t\t \n      <\/div>\n  \n\t\t\t  \n   <\/div>\n\t \n\t\t  \n<\/div>\t\n\n\t\n\t\n\t\n<div class=\"discontinued-product-row\">\n   <div class=\"left-section\">\n      <p class=\"discontinued-product-title\">Basse modulaire MB24 enceinte<\/p>\n   <\/div>\n\t  \n   <div class=\"right-section\">\n\t\t  \t\n\t\t\n      <div class=\"download-category-row\">\n         <p class=\"download-category-name\">Informations techniques<\/p>\n         <ul>\n\t\t\t             <li><span class=\"bp_press-download-icon bp_disc-prod-icon bp_site-icons\"><\/span><a target=\"_blank\" href=\"https:\/\/assets.boseprofessional.com\/m\/17667689f32faf67\/original\/tds_mb24_mb24wr_modular_bass_loudspeaker_en.pdf\">Fiche technique<\/a><\/li>\n\t\t\t            <\/ul>\n\t\t\t \n      <\/div>\n  \n\t\t\t\n\t\t\n      <div class=\"download-category-row\">\n         <p class=\"download-category-name\">Manuels<\/p>\n         <ul>\n\t\t\t             <li><span class=\"bp_press-download-icon bp_disc-prod-icon bp_site-icons\"><\/span><a target=\"_blank\" href=\"https:\/\/assets.boseprofessional.com\/m\/23ad2b0047b29241\/original\/og_lt_mb_loudspeakers_ML.pdf\">Guide du propri\u00e9taire<\/a><\/li>\n\t\t\t            <\/ul>\n\t\t\t \n      <\/div>\n  \n\t\t\t\n\t\t\n      <div class=\"download-category-row\">\n         <p class=\"download-category-name\">Limes m\u00e9caniques<\/p>\n         <ul>\n\t\t\t             <li><span class=\"bp_press-download-icon bp_disc-prod-icon bp_site-icons\"><\/span><a target=\"_blank\" href=\"https:\/\/assets.boseprofessional.com\/m\/4e07e899d4d594a8\/original\/cadz_mb24_mb24wr.zip\">CAD Fichiers<\/a><\/li>\n\t\t\t            <\/ul>\n\t\t\t \n      <\/div>\n  \n\t\t\t  \n   <\/div>\n\t \n\t\t  \n<\/div>\t\n\n\t\n\t\n\t\n<div class=\"discontinued-product-row\">\n   <div class=\"left-section\">\n      <p class=\"discontinued-product-title\">Basse modulaire MB24 WR enceinte<\/p>\n   <\/div>\n\t  \n   <div class=\"right-section\">\n\t\t  \t\n\t\t\n      <div class=\"download-category-row\">\n         <p class=\"download-category-name\">Informations techniques<\/p>\n         <ul>\n\t\t\t             <li><span class=\"bp_press-download-icon bp_disc-prod-icon bp_site-icons\"><\/span><a target=\"_blank\" href=\"https:\/\/assets.boseprofessional.com\/m\/17667689f32faf67\/original\/tds_mb24_mb24wr_modular_bass_loudspeaker_en.pdf\">Fiche technique<\/a><\/li>\n\t\t\t            <\/ul>\n\t\t\t \n      <\/div>\n  \n\t\t\t\n\t\t\n      <div class=\"download-category-row\">\n         <p class=\"download-category-name\">Manuels<\/p>\n         <ul>\n\t\t\t             <li><span class=\"bp_press-download-icon bp_disc-prod-icon bp_site-icons\"><\/span><a target=\"_blank\" href=\"https:\/\/assets.boseprofessional.com\/m\/23ad2b0047b29241\/original\/og_lt_mb_loudspeakers_ML.pdf\">Guide du propri\u00e9taire<\/a><\/li>\n\t\t\t            <\/ul>\n\t\t\t \n      <\/div>\n  \n\t\t\t\n\t\t\n      <div class=\"download-category-row\">\n         <p class=\"download-category-name\">Limes m\u00e9caniques<\/p>\n         <ul>\n\t\t\t             <li><span class=\"bp_press-download-icon bp_disc-prod-icon bp_site-icons\"><\/span><a target=\"_blank\" href=\"https:\/\/assets.boseprofessional.com\/m\/4e07e899d4d594a8\/original\/cadz_mb24_mb24wr.zip\">CAD Fichiers<\/a><\/li>\n\t\t\t            <\/ul>\n\t\t\t \n      <\/div>\n  \n\t\t\t  \n   <\/div>\n\t \n\t\t  \n<\/div>\t\n\n\t\n\t\n\t\n<div class=\"discontinued-product-row\">\n   <div class=\"left-section\">\n      <p class=\"discontinued-product-title\">caisson de basses compact MB210<\/p>\n   <\/div>\n\t  \n   <div class=\"right-section\">\n\t\t  \t\n\t\t\n      <div class=\"download-category-row\">\n         <p class=\"download-category-name\">Informations techniques<\/p>\n         <ul>\n\t\t\t             <li><span class=\"bp_press-download-icon bp_disc-prod-icon bp_site-icons\"><\/span><a target=\"_blank\" href=\"https:\/\/assets.boseprofessional.com\/m\/56dcaf984bc74e0d\/original\/tds_MB210_en.pdf\">Fiche technique<\/a><\/li>\n\t\t\t            <\/ul>\n\t\t\t \n      <\/div>\n  \n\t\t\t\n\t\t\n      <div class=\"download-category-row\">\n         <p class=\"download-category-name\">Manuels<\/p>\n         <ul>\n\t\t\t             <li><span class=\"bp_press-download-icon bp_disc-prod-icon bp_site-icons\"><\/span><a target=\"_blank\" href=\"https:\/\/assets.boseprofessional.com\/m\/55b80e1bc4e46257\/original\/ig_MB210_ML.pdf\">Guide du propri\u00e9taire<\/a><\/li>\n\t\t\t            <\/ul>\n\t\t\t \n      <\/div>\n  \n\t\t\t\n\t\t\n      <div class=\"download-category-row\">\n         <p class=\"download-category-name\">Limes m\u00e9caniques<\/p>\n         <ul>\n\t\t\t             <li><span class=\"bp_press-download-icon bp_disc-prod-icon bp_site-icons\"><\/span><a target=\"_blank\" href=\"https:\/\/assets.boseprofessional.com\/m\/1fc3c8c6fec2c027\/original\/cad_MB210.zip\">CAD Fichiers<\/a><\/li>\n\t\t\t            <\/ul>\n\t\t\t \n      <\/div>\n  \n\t\t\t  \n   <\/div>\n\t \n\t\t  \n<\/div>\t\n\n\t\n\t\n\t\n<div class=\"discontinued-product-row\">\n   <div class=\"left-section\">\n      <p class=\"discontinued-product-title\">Panaray Basse modulaire MB4 enceinte<\/p>\n   <\/div>\n\t  \n   <div class=\"right-section\">\n\t\t  \t\n\t\t\n      <div class=\"download-category-row\">\n         <p class=\"download-category-name\">Informations techniques<\/p>\n         <ul>\n\t\t\t             <li><span class=\"bp_press-download-icon bp_disc-prod-icon bp_site-icons\"><\/span><a target=\"_blank\" href=\"https:\/\/assets.boseprofessional.com\/m\/11f38fc1c060ec1a\/original\/tds_panaray_mb4_modular_bass_loudspeaker_en.pdf\">Fiche technique<\/a><\/li>\n\t\t\t            <\/ul>\n\t\t\t \n      <\/div>\n  \n\t\t\t\n\t\t\n      <div class=\"download-category-row\">\n         <p class=\"download-category-name\">Manuels<\/p>\n         <ul>\n\t\t\t             <li><span class=\"bp_press-download-icon bp_disc-prod-icon bp_site-icons\"><\/span><a target=\"_blank\" href=\"https:\/\/assets.boseprofessional.com\/m\/293e7a9f9a598671\/original\/ig_panaray_mb4_ML.pdf\">Guide du propri\u00e9taire<\/a><\/li>\n\t\t\t            <\/ul>\n\t\t\t \n      <\/div>\n  \n\t\t\t\n\t\t\n      <div class=\"download-category-row\">\n         <p class=\"download-category-name\">Limes m\u00e9caniques<\/p>\n         <ul>\n\t\t\t             <li><span class=\"bp_press-download-icon bp_disc-prod-icon bp_site-icons\"><\/span><a target=\"_blank\" href=\"https:\/\/assets.boseprofessional.com\/m\/298427cc7c6beb05\/original\/cadz_panaray_mb4.zip\">CAD Fichiers<\/a><\/li>\n\t\t\t            <\/ul>\n\t\t\t \n      <\/div>\n  \n\t\t\t  \n   <\/div>\n\t \n\t\t  \n<\/div>\t\n\n\t\n\t\n\t\n<div class=\"discontinued-product-row\">\n   <div class=\"left-section\">\n      <p class=\"discontinued-product-title\">RoomMatch caisson de basses RMS215<\/p>\n   <\/div>\n\t  \n   <div class=\"right-section\">\n\t\t  \t\n\t\t\n      <div class=\"download-category-row\">\n         <p class=\"download-category-name\">Informations techniques<\/p>\n         <ul>\n\t\t\t             <li><span class=\"bp_press-download-icon bp_disc-prod-icon bp_site-icons\"><\/span><a target=\"_blank\" href=\"https:\/\/assets.boseprofessional.com\/m\/17585c2aa9b050ca\/original\/ig_RoomMatch_en.pdf\">Guide de conception<\/a><\/li>\n\t\t\t               <li><span class=\"bp_press-download-icon bp_disc-prod-icon bp_site-icons\"><\/span><a target=\"_blank\" href=\"https:\/\/assets.boseprofessional.com\/m\/2afe70cbee57b66\/original\/tds_roommatch_rms215_en.pdf\">Fiche technique<\/a><\/li>\n\t\t\t            <\/ul>\n\t\t\t \n      <\/div>\n  \n\t\t\t\n\t\t\n      <div class=\"download-category-row\">\n         <p class=\"download-category-name\">Manuels<\/p>\n         <ul>\n\t\t\t             <li><span class=\"bp_press-download-icon bp_disc-prod-icon bp_site-icons\"><\/span><a target=\"_blank\" href=\"https:\/\/assets.boseprofessional.com\/m\/5fcb3ab9f76159f7\/original\/ig_RMS215_ML.pdf\">Guide du propri\u00e9taire<\/a><\/li>\n\t\t\t            <\/ul>\n\t\t\t \n      <\/div>\n  \n\t\t\t\n\t\t\n      <div class=\"download-category-row\">\n         <p class=\"download-category-name\">Limes m\u00e9caniques<\/p>\n         <ul>\n\t\t\t             <li><span class=\"bp_press-download-icon bp_disc-prod-icon bp_site-icons\"><\/span><a target=\"_blank\" href=\"https:\/\/assets.boseprofessional.com\/m\/394e8f71499494d1\/original\/cadz_roommatch_rms215.zip\">CAD Fichiers<\/a><\/li>\n\t\t\t            <\/ul>\n\t\t\t \n      <\/div>\n  \n\t\t\t  \n   <\/div>\n\t \n\t\t  \n<\/div>\t\n\n\t\n\t\n\t\n<div class=\"discontinued-product-row\">\n   <div class=\"left-section\">\n      <p class=\"discontinued-product-title\">RoomMatch Caisson de basses VLF RMS218<\/p>\n   <\/div>\n\t  \n   <div class=\"right-section\">\n\t\t  \t\n\t\t\n      <div class=\"download-category-row\">\n         <p class=\"download-category-name\">Informations techniques<\/p>\n         <ul>\n\t\t\t             <li><span class=\"bp_press-download-icon bp_disc-prod-icon bp_site-icons\"><\/span><a target=\"_blank\" href=\"https:\/\/assets.boseprofessional.com\/m\/17585c2aa9b050ca\/original\/ig_RoomMatch_en.pdf\">Guide de conception<\/a><\/li>\n\t\t\t               <li><span class=\"bp_press-download-icon bp_disc-prod-icon bp_site-icons\"><\/span><a target=\"_blank\" href=\"https:\/\/assets.boseprofessional.com\/m\/28766928aaa9f098\/original\/tds_roommatch_rms218_en.pdf\">Fiche technique<\/a><\/li>\n\t\t\t            <\/ul>\n\t\t\t \n      <\/div>\n  \n\t\t\t\n\t\t\n      <div class=\"download-category-row\">\n         <p class=\"download-category-name\">Manuels<\/p>\n         <ul>\n\t\t\t             <li><span class=\"bp_press-download-icon bp_disc-prod-icon bp_site-icons\"><\/span><a target=\"_blank\" href=\"https:\/\/assets.boseprofessional.com\/m\/6682da3632c95453\/original\/ig_rms215_rms218_ML.pdf\">Guide du propri\u00e9taire<\/a><\/li>\n\t\t\t            <\/ul>\n\t\t\t \n      <\/div>\n  \n\t\t\t\n\t\t\n      <div class=\"download-category-row\">\n         <p class=\"download-category-name\">Limes m\u00e9caniques<\/p>\n         <ul>\n\t\t\t             <li><span class=\"bp_press-download-icon bp_disc-prod-icon bp_site-icons\"><\/span><a target=\"_blank\" href=\"https:\/\/assets.boseprofessional.com\/m\/6d61f0fac62843d\/original\/cadz_roommatch_rms218.zip\">CAD Fichiers<\/a><\/li>\n\t\t\t            <\/ul>\n\t\t\t \n      <\/div>\n  \n\t\t\t  \n   <\/div>\n\t \n\t\t  \n<\/div>\t\n\n\t\n\t\t<style>\n\n\/* \ndiscontinued-products-page *\/\n\n.elementor-element-7ff6c5c .e-con-inner{\n    align-items: stretch;\n    row-gap: 60px!important;\n    -moz-column-gap: 20px;\n    column-gap: 20px!important;\n    display: flex;\n    flex-direction: row;\n    flex-wrap: wrap;\n}\n\n@media only screen and (max-width: 767px) {\n\t.elementor-element-7ff6c5c .e-con-inner{\n\t\tmargin-right: auto;\n        margin-left: auto;\n        row-gap: 40px!important;\n        -moz-column-gap: 40px;\n        column-gap: 40px!important;\n        display: flex;\n        flex-wrap: wrap;\n        max-width: 800px;\n\t}\n}\n.paragraph-cef87e0.bp_mar-btm-0.bp_text-white.bp_text-trans-upper {\n\tmargin-top: 3px;\n\tmargin-bottom: 3px !important;\n}\n.back-res-btn {\n\tcolor: #fff;\n\ttext-transform: uppercase;\n}\t\t\t\n.discontinued-product-row{ \t\t  \nfont-family: Montserrat,Verdana,sans-serif;\n  font-weight: 400;\n  font-size: 16px;\n  line-height: 1.6em;\t\n}\t\n.discontinued-product-row {\n\tdisplay: flex;\n\tpadding: 20px 0;\n\/* \tborder-bottom: 1px solid; *\/\n}\t\n\t.download-category-name {\n\tmargin-left: 39px;\n}\n.discontinued-product-row .left-section, .discontinued-product-row .right-section {\n\twidth: 50%;\n\tpadding-left: 40px;\n\tpadding-top: 40px;\n}\n\t.discontinued-product-title {\n\tfont-size: 32px;\n\tline-height: 32px;\n\tcolor:#000000;\n}\n\tp {\n\tmargin-bottom: 16px;\n}\n\t.discontinued-product-row .left-section, .discontinued-product-row .right-section {\n\twidth: 50%;\n\tpadding-left: 40px;\n\tpadding-top: 40px;\n}\n\t.download-category-name {\n\tfont-weight: bold;\n\tcolor:#000000;\n}\n\t.download-category-row ul {\n\tlist-style: none;\n\tmargin-bottom: 12px;\n}\n\t.download-category-row ul li {\n\tdisplay: flex;\n\talign-items: center;\n\tpadding-bottom: 10px;\n}\n\t.download-category-row ul {\n\tlist-style: none;\n}\n\t.bp_disc-prod-icon {\n\tmin-width: 22px;\n}\n\t.bp_press-download-icon {\n\tfont-size: 11px;\n\tmargin-right: 16px;\n}\n\t.bp_site-icons {\n\tbackground-image: url(https:\/\/assets.boseprofessional.com\/m\/22f5447299fad34e\/original\/GD_iconset.svg);\n\tbackground-size: 105em 125em;\n\tbackground-repeat: no-repeat;\n\tfont-size: 10px;\n\tdisplay: inline-block;\n\theight: 2em;\n\twidth: 2em;\n}\n.bp_press-download-icon {\n\tbackground-position: -42em -62em;\n}\n.download-category-row ul li a, .discontinued-product-replacement a {\n\tcolor: #0066a1;\n\ttext-decoration: underline;\n\tborder-bottom: 1px solid transparent;\n\tline-height: 19px;\n}\n\t\t\t\n\n@media only screen and (max-width: 767px) {\n  .discontinued-product-row {\n    flex-wrap: wrap;\n  }\n}\n@media only screen and (max-width: 767px) {\n  .discontinued-product-row .left-section, .discontinued-product-row .right-section {\n    width: 100%;\n    padding-left: 20px;\n    padding-right: 20px;\n    padding-top: 5px;\n  }\n\t.discontinued-product-title {\n\tfont-size: 18px;\n\tline-height: 22px;\n}\n\t.download-category-name {\n\tmargin-left: 0;\n}\n\t.download-category-row ul li {\n\tdisplay: flex;\n\talign-items: center;\n\tpadding-bottom: 10px;\n\tmargin-left: -44px;\n\tdisplay: block;\n\tfloat: ;\n}\n}\n@media only screen and (max-width: 767px) {\n  .discontinued-product-row .left-section, .discontinued-product-row .right-section {\n    width: 100%;\n    padding-left: 20px;\n    padding-right: 20px;\n    padding-top: 5px;\n  }\n}\n<\/style>\t\n<\/div>\n\t\t\t\t\t\t<\/div>\n\t\t\t\t<\/div>\n\t\t\t\t\t<\/div>\n\t\t\t\t<\/div>\n\t\t\t\t<\/div>\n\t\t","protected":false},"excerpt":{"rendered":"<p>Caissons de basses abandonn\u00e9s RETOUR \u00c0 Produits abandonn\u00e9s enceintes<\/p>\n","protected":false},"author":21,"featured_media":0,"parent":7816,"menu_order":0,"comment_status":"closed","ping_status":"closed","template":"","meta":{"_acf_changed":false,"ep_exclude_from_search":false,"footnotes":""},"page-category":[],"class_list":["post-16611","page","type-page","status-publish","hentry"],"acf":[],"_links":{"self":[{"href":"https:\/\/boseprofessional.com\/fr\/wp-json\/wp\/v2\/pages\/16611","targetHints":{"allow":["GET"]}}],"collection":[{"href":"https:\/\/boseprofessional.com\/fr\/wp-json\/wp\/v2\/pages"}],"about":[{"href":"https:\/\/boseprofessional.com\/fr\/wp-json\/wp\/v2\/types\/page"}],"author":[{"embeddable":true,"href":"https:\/\/boseprofessional.com\/fr\/wp-json\/wp\/v2\/users\/21"}],"replies":[{"embeddable":true,"href":"https:\/\/boseprofessional.com\/fr\/wp-json\/wp\/v2\/comments?post=16611"}],"version-history":[{"count":3,"href":"https:\/\/boseprofessional.com\/fr\/wp-json\/wp\/v2\/pages\/16611\/revisions"}],"predecessor-version":[{"id":157156,"href":"https:\/\/boseprofessional.com\/fr\/wp-json\/wp\/v2\/pages\/16611\/revisions\/157156"}],"up":[{"embeddable":true,"href":"https:\/\/boseprofessional.com\/fr\/wp-json\/wp\/v2\/pages\/7816"}],"wp:attachment":[{"href":"https:\/\/boseprofessional.com\/fr\/wp-json\/wp\/v2\/media?parent=16611"}],"wp:term":[{"taxonomy":"page-category","embeddable":true,"href":"https:\/\/boseprofessional.com\/fr\/wp-json\/wp\/v2\/page-category?post=16611"}],"curies":[{"name":"wp","href":"https:\/\/api.w.org\/{rel}","templated":true}]}}