{"id":16568,"date":"2023-11-29T07:13:05","date_gmt":"2023-11-29T07:13:05","guid":{"rendered":"https:\/\/uatnew.boseprofessional.com\/?page_id=16568"},"modified":"2024-08-16T13:45:49","modified_gmt":"2024-08-16T13:45:49","slug":"portable","status":"publish","type":"page","link":"https:\/\/boseprofessional.com\/fr\/resources\/discontinued-products\/loudspeakers\/portable\/","title":{"rendered":"Discontinued Portable Loudspeakers"},"content":{"rendered":"\t\t<div data-elementor-type=\"wp-page\" data-elementor-id=\"16568\" class=\"elementor elementor-16568\" data-elementor-post-type=\"page\">\n\t\t\t\t<div data-particle_enable=\"false\" data-particle-mobile-disabled=\"false\" class=\"elementor-element elementor-element-699d7eb e-con-full e-flex e-con e-parent\" data-id=\"699d7eb\" data-element_type=\"container\">\n\t\t\t\t<div class=\"elementor-element elementor-element-07cf9cf discontinued-tittle powermatch-sec elementor-widget elementor-widget-heading\" data-id=\"07cf9cf\" data-element_type=\"widget\" data-widget_type=\"heading.default\">\n\t\t\t\t<div class=\"elementor-widget-container\">\n\t\t\t\t\t<h1 class=\"elementor-heading-title elementor-size-default\">Portable d\u00e9sormais discontinu\u00e9 enceintes<\/h1>\t\t\t\t<\/div>\n\t\t\t\t<\/div>\n\t\t\t\t<\/div>\n\t\t<div data-particle_enable=\"false\" data-particle-mobile-disabled=\"false\" class=\"elementor-element elementor-element-fdb7932 e-con-full banner-bottom-tittle e-flex e-con e-parent\" data-id=\"fdb7932\" data-element_type=\"container\" data-settings=\"{&quot;background_background&quot;:&quot;classic&quot;}\">\n\t\t\t\t<div class=\"elementor-element elementor-element-36da8ac elementor-widget elementor-widget-text-editor\" data-id=\"36da8ac\" data-element_type=\"widget\" data-widget_type=\"text-editor.default\">\n\t\t\t\t<div class=\"elementor-widget-container\">\n\t\t\t\t\t\t\t\t\t<p class=\"paragraph-cef87e0 bp_mar-btm-0 bp_text-white bp_text-trans-upper\"><a class=\"back-res-btn\" href=\"\/fr\/resources\/discontinued-products\/amplifiers\/\"><i class=\"fa fa-angle-left\" aria-hidden=\"true\"><\/i> RETOUR \u00c0 LA PAGE DES PRODUITS ABANDONN\u00c9S enceintes<\/a><\/p>\t\t\t\t\t\t\t\t<\/div>\n\t\t\t\t<\/div>\n\t\t\t\t<\/div>\n\t\t<div data-particle_enable=\"false\" data-particle-mobile-disabled=\"false\" class=\"elementor-element elementor-element-cbb80a0 e-flex e-con-boxed e-con e-parent\" data-id=\"cbb80a0\" data-element_type=\"container\">\n\t\t\t\t\t<div class=\"e-con-inner\">\n\t\t\t\t<div class=\"elementor-element elementor-element-0d94404 elementor-widget elementor-widget-shortcode\" data-id=\"0d94404\" data-element_type=\"widget\" data-widget_type=\"shortcode.default\">\n\t\t\t\t<div class=\"elementor-widget-container\">\n\t\t\t\t\t\t\t<div class=\"elementor-shortcode\">\t\n\t\n<div class=\"discontinued-product-row\">\n   <div class=\"left-section\">\n      <p class=\"discontinued-product-title\">Module de basse B1<\/p>\n   <\/div>\n\t  \n   <div class=\"right-section\">\n\t\t  \t\n\t\t\n      <div class=\"download-category-row\">\n         <p class=\"download-category-name\">Manuels<\/p>\n         <ul>\n\t\t\t             <li><span class=\"bp_press-download-icon bp_disc-prod-icon bp_site-icons\"><\/span><a target=\"_blank\" href=\"https:\/\/assets.boseprofessional.com\/m\/777727f8efa49c90\/original\/ig_B1-Bass-Module_ML.pdf\">Guide d'installation<\/a><\/li>\n\t\t\t            <\/ul>\n\t\t\t \n      <\/div>\n  \n\t\t\t\n\t\t\n      <div class=\"download-category-row\">\n         <p class=\"download-category-name\">Limes m\u00e9caniques<\/p>\n         <ul>\n\t\t\t             <li><span class=\"bp_press-download-icon bp_disc-prod-icon bp_site-icons\"><\/span><a target=\"_blank\" href=\"https:\/\/assets.boseprofessional.com\/m\/770751ba1fed1f8e\/original\/cad_b1_bass_module.zip\">CAD Fichiers<\/a><\/li>\n\t\t\t            <\/ul>\n\t\t\t \n      <\/div>\n  \n\t\t\t  \n   <\/div>\n\t \n\t\t  \n<\/div>\t\n\n\t\n\t\n\t\n<div class=\"discontinued-product-row\">\n   <div class=\"left-section\">\n      <p class=\"discontinued-product-title\">F1 Model 812 Passif enceinte<\/p>\n   <\/div>\n\t  \n   <div class=\"right-section\">\n\t\t  \t\n\t\t\n      <div class=\"download-category-row\">\n         <p class=\"download-category-name\">Informations techniques<\/p>\n         <ul>\n\t\t\t             <li><span class=\"bp_press-download-icon bp_disc-prod-icon bp_site-icons\"><\/span><a target=\"_blank\" href=\"https:\/\/assets.boseprofessional.com\/m\/6c1705dd9bebca36\/original\/tds_F1_Model812_Passive_en.pdf\">Fiche technique<\/a><\/li>\n\t\t\t            <\/ul>\n\t\t\t \n      <\/div>\n  \n\t\t\t\n\t\t\n      <div class=\"download-category-row\">\n         <p class=\"download-category-name\">Manuels<\/p>\n         <ul>\n\t\t\t             <li><span class=\"bp_press-download-icon bp_disc-prod-icon bp_site-icons\"><\/span><a target=\"_blank\" href=\"https:\/\/assets.boseprofessional.com\/m\/355bc8c71925f13e\/original\/ig_F1-812-Passive_en.pdf\">Guide d'installation<\/a><\/li>\n\t\t\t            <\/ul>\n\t\t\t \n      <\/div>\n  \n\t\t\t\n\t\t\n      <div class=\"download-category-row\">\n         <p class=\"download-category-name\">Limes m\u00e9caniques<\/p>\n         <ul>\n\t\t\t             <li><span class=\"bp_press-download-icon bp_disc-prod-icon bp_site-icons\"><\/span><a target=\"_blank\" href=\"https:\/\/assets.boseprofessional.com\/m\/756d825b728034c8\/original\/cad_F1_Model812_Passive.zip\">CAD Fichiers<\/a><\/li>\n\t\t\t            <\/ul>\n\t\t\t \n      <\/div>\n  \n\t\t\t  \n   <\/div>\n\t \n\t\t  \n<\/div>\t\n\n\t\n\t\n\t\n<div class=\"discontinued-product-row\">\n   <div class=\"left-section\">\n      <p class=\"discontinued-product-title\">Syst\u00e8me line array portable compact L1<\/p>\n   <\/div>\n\t  \n   <div class=\"right-section\">\n\t\t  \t\n\t\t\n      <div class=\"download-category-row\">\n         <p class=\"download-category-name\">Informations techniques<\/p>\n         <ul>\n\t\t\t             <li><span class=\"bp_press-download-icon bp_disc-prod-icon bp_site-icons\"><\/span><a target=\"_blank\" href=\"https:\/\/assets.boseprofessional.com\/m\/7278645094b2288c\/original\/tds_l1_compact_en.pdf\">Fiche technique<\/a><\/li>\n\t\t\t               <li><span class=\"bp_press-download-icon bp_disc-prod-icon bp_site-icons\"><\/span><a target=\"_blank\" href=\"https:\/\/assets.boseprofessional.com\/m\/366005cd76143ecc\/original\/ag_L1_family_en.pdf\">Guide d'application<\/a><\/li>\n\t\t\t            <\/ul>\n\t\t\t \n      <\/div>\n  \n\t\t\t\n\t\t\n      <div class=\"download-category-row\">\n         <p class=\"download-category-name\">Manuels<\/p>\n         <ul>\n\t\t\t             <li><span class=\"bp_press-download-icon bp_disc-prod-icon bp_site-icons\"><\/span><a target=\"_blank\" href=\"https:\/\/assets.boseprofessional.com\/m\/25ae540aabcda3ef\/original\/og_l1_compact_ML.pdf\">Guide du propri\u00e9taire<\/a><\/li>\n\t\t\t            <\/ul>\n\t\t\t \n      <\/div>\n  \n\t\t\t\n\t\t\n      <div class=\"download-category-row\">\n         <p class=\"download-category-name\">Limes m\u00e9caniques<\/p>\n         <ul>\n\t\t\t             <li><span class=\"bp_press-download-icon bp_disc-prod-icon bp_site-icons\"><\/span><a target=\"_blank\" href=\"https:\/\/assets.boseprofessional.com\/m\/253e41089ef792b7\/original\/cadz_l1_compact.zip\">CAD Fichiers<\/a><\/li>\n\t\t\t            <\/ul>\n\t\t\t \n      <\/div>\n  \n\t\t\t  \n   <\/div>\n\t \n\t\t  \n<\/div>\t\n\n\t\n\t\n\t\n<div class=\"discontinued-product-row\">\n   <div class=\"left-section\">\n      <p class=\"discontinued-product-title\">Amplificateur de puissance PackLite<\/p>\n   <\/div>\n\t  \n   <div class=\"right-section\">\n\t\t  \t\n\t\t\n      <div class=\"download-category-row\">\n         <p class=\"download-category-name\">Manuels<\/p>\n         <ul>\n\t\t\t             <li><span class=\"bp_press-download-icon bp_disc-prod-icon bp_site-icons\"><\/span><a target=\"_blank\" href=\"https:\/\/assets.boseprofessional.com\/m\/4c4cfc3758667b00\/original\/og_packlite_amplifier_ML.pdf\">Guide du propri\u00e9taire<\/a><\/li>\n\t\t\t            <\/ul>\n\t\t\t \n      <\/div>\n  \n\t\t\t  \n   <\/div>\n\t \n\t\t  \n<\/div>\t\n\n\t\n\t\t<style>\n\n\/* \ndiscontinued-products-page *\/\n\n.elementor-element-7ff6c5c .e-con-inner{\n    align-items: stretch;\n    row-gap: 60px!important;\n    -moz-column-gap: 20px;\n    column-gap: 20px!important;\n    display: flex;\n    flex-direction: row;\n    flex-wrap: wrap;\n}\n\n@media only screen and (max-width: 767px) {\n\t.elementor-element-7ff6c5c .e-con-inner{\n\t\tmargin-right: auto;\n        margin-left: auto;\n        row-gap: 40px!important;\n        -moz-column-gap: 40px;\n        column-gap: 40px!important;\n        display: flex;\n        flex-wrap: wrap;\n        max-width: 800px;\n\t}\n}\n.paragraph-cef87e0.bp_mar-btm-0.bp_text-white.bp_text-trans-upper {\n\tmargin-top: 3px;\n\tmargin-bottom: 3px !important;\n}\n.back-res-btn {\n\tcolor: #fff;\n\ttext-transform: uppercase;\n}\t\t\t\n.discontinued-product-row{ \t\t  \nfont-family: Montserrat,Verdana,sans-serif;\n  font-weight: 400;\n  font-size: 16px;\n  line-height: 1.6em;\t\n}\t\n.discontinued-product-row {\n\tdisplay: flex;\n\tpadding: 20px 0;\n\/* \tborder-bottom: 1px solid; *\/\n}\t\n\t.download-category-name {\n\tmargin-left: 39px;\n}\n.discontinued-product-row .left-section, .discontinued-product-row .right-section {\n\twidth: 50%;\n\tpadding-left: 40px;\n\tpadding-top: 40px;\n}\n\t.discontinued-product-title {\n\tfont-size: 32px;\n\tline-height: 32px;\n\tcolor:#000000;\n}\n\tp {\n\tmargin-bottom: 16px;\n}\n\t.discontinued-product-row .left-section, .discontinued-product-row .right-section {\n\twidth: 50%;\n\tpadding-left: 40px;\n\tpadding-top: 40px;\n}\n\t.download-category-name {\n\tfont-weight: bold;\n\tcolor:#000000;\n}\n\t.download-category-row ul {\n\tlist-style: none;\n\tmargin-bottom: 12px;\n}\n\t.download-category-row ul li {\n\tdisplay: flex;\n\talign-items: center;\n\tpadding-bottom: 10px;\n}\n\t.download-category-row ul {\n\tlist-style: none;\n}\n\t.bp_disc-prod-icon {\n\tmin-width: 22px;\n}\n\t.bp_press-download-icon {\n\tfont-size: 11px;\n\tmargin-right: 16px;\n}\n\t.bp_site-icons {\n\tbackground-image: url(https:\/\/assets.boseprofessional.com\/m\/22f5447299fad34e\/original\/GD_iconset.svg);\n\tbackground-size: 105em 125em;\n\tbackground-repeat: no-repeat;\n\tfont-size: 10px;\n\tdisplay: inline-block;\n\theight: 2em;\n\twidth: 2em;\n}\n.bp_press-download-icon {\n\tbackground-position: -42em -62em;\n}\n.download-category-row ul li a, .discontinued-product-replacement a {\n\tcolor: #0066a1;\n\ttext-decoration: underline;\n\tborder-bottom: 1px solid transparent;\n\tline-height: 19px;\n}\n\t\t\t\n\n@media only screen and (max-width: 767px) {\n  .discontinued-product-row {\n    flex-wrap: wrap;\n  }\n}\n@media only screen and (max-width: 767px) {\n  .discontinued-product-row .left-section, .discontinued-product-row .right-section {\n    width: 100%;\n    padding-left: 20px;\n    padding-right: 20px;\n    padding-top: 5px;\n  }\n\t.discontinued-product-title {\n\tfont-size: 18px;\n\tline-height: 22px;\n}\n\t.download-category-name {\n\tmargin-left: 0;\n}\n\t.download-category-row ul li {\n\tdisplay: flex;\n\talign-items: center;\n\tpadding-bottom: 10px;\n\tmargin-left: -44px;\n\tdisplay: block;\n\tfloat: ;\n}\n}\n@media only screen and (max-width: 767px) {\n  .discontinued-product-row .left-section, .discontinued-product-row .right-section {\n    width: 100%;\n    padding-left: 20px;\n    padding-right: 20px;\n    padding-top: 5px;\n  }\n}\n<\/style>\t\n<\/div>\n\t\t\t\t\t\t<\/div>\n\t\t\t\t<\/div>\n\t\t\t\t\t<\/div>\n\t\t\t\t<\/div>\n\t\t\t\t<\/div>\n\t\t","protected":false},"excerpt":{"rendered":"<p>Portable d\u00e9sormais discontinu\u00e9 enceintes RETOUR \u00c0 LA PAGE DES PRODUITS ABANDONN\u00c9S enceintes<\/p>\n","protected":false},"author":21,"featured_media":0,"parent":7816,"menu_order":0,"comment_status":"closed","ping_status":"closed","template":"","meta":{"_acf_changed":false,"ep_exclude_from_search":false,"footnotes":""},"page-category":[],"class_list":["post-16568","page","type-page","status-publish","hentry"],"acf":[],"_links":{"self":[{"href":"https:\/\/boseprofessional.com\/fr\/wp-json\/wp\/v2\/pages\/16568","targetHints":{"allow":["GET"]}}],"collection":[{"href":"https:\/\/boseprofessional.com\/fr\/wp-json\/wp\/v2\/pages"}],"about":[{"href":"https:\/\/boseprofessional.com\/fr\/wp-json\/wp\/v2\/types\/page"}],"author":[{"embeddable":true,"href":"https:\/\/boseprofessional.com\/fr\/wp-json\/wp\/v2\/users\/21"}],"replies":[{"embeddable":true,"href":"https:\/\/boseprofessional.com\/fr\/wp-json\/wp\/v2\/comments?post=16568"}],"version-history":[{"count":4,"href":"https:\/\/boseprofessional.com\/fr\/wp-json\/wp\/v2\/pages\/16568\/revisions"}],"predecessor-version":[{"id":118989,"href":"https:\/\/boseprofessional.com\/fr\/wp-json\/wp\/v2\/pages\/16568\/revisions\/118989"}],"up":[{"embeddable":true,"href":"https:\/\/boseprofessional.com\/fr\/wp-json\/wp\/v2\/pages\/7816"}],"wp:attachment":[{"href":"https:\/\/boseprofessional.com\/fr\/wp-json\/wp\/v2\/media?parent=16568"}],"wp:term":[{"taxonomy":"page-category","embeddable":true,"href":"https:\/\/boseprofessional.com\/fr\/wp-json\/wp\/v2\/page-category?post=16568"}],"curies":[{"name":"wp","href":"https:\/\/api.w.org\/{rel}","templated":true}]}}