{"id":16423,"date":"2023-11-29T03:43:34","date_gmt":"2023-11-29T03:43:34","guid":{"rendered":"https:\/\/uatnew.boseprofessional.com\/?page_id=16423"},"modified":"2025-04-03T17:17:32","modified_gmt":"2025-04-03T17:17:32","slug":"designmax","status":"publish","type":"page","link":"https:\/\/boseprofessional.com\/fr\/resources\/discontinued-products\/loudspeakers\/designmax\/","title":{"rendered":"Discontinued Designmax Loudspeakers"},"content":{"rendered":"\t\t<div data-elementor-type=\"wp-page\" data-elementor-id=\"16423\" class=\"elementor elementor-16423\" data-elementor-post-type=\"page\">\n\t\t\t\t<div data-particle_enable=\"false\" data-particle-mobile-disabled=\"false\" class=\"elementor-element elementor-element-1ca5141 e-con-full e-flex e-con e-parent\" data-id=\"1ca5141\" data-element_type=\"container\">\n\t\t\t\t<div class=\"elementor-element elementor-element-2ab19a3 discontinued-tittle powermatch-sec elementor-widget elementor-widget-heading\" data-id=\"2ab19a3\" data-element_type=\"widget\" data-widget_type=\"heading.default\">\n\t\t\t\t<div class=\"elementor-widget-container\">\n\t\t\t\t\t<h1 class=\"elementor-heading-title elementor-size-default\">Produit abandonn\u00e9 DesignMax enceintes<\/h1>\t\t\t\t<\/div>\n\t\t\t\t<\/div>\n\t\t\t\t<\/div>\n\t\t<div data-particle_enable=\"false\" data-particle-mobile-disabled=\"false\" class=\"elementor-element elementor-element-b72d52c e-con-full banner-bottom-tittle e-flex e-con e-parent\" data-id=\"b72d52c\" data-element_type=\"container\" data-settings=\"{&quot;background_background&quot;:&quot;classic&quot;}\">\n\t\t\t\t<div class=\"elementor-element elementor-element-ddc8592 elementor-widget elementor-widget-text-editor\" data-id=\"ddc8592\" data-element_type=\"widget\" data-widget_type=\"text-editor.default\">\n\t\t\t\t<div class=\"elementor-widget-container\">\n\t\t\t\t\t\t\t\t\t<p class=\"paragraph-cef87e0 bp_mar-btm-0 bp_text-white bp_text-trans-upper\"><a class=\"back-res-btn\" href=\"\/fr\/resources\/discontinued-products\/amplifiers\/\"><i class=\"fa fa-angle-left\" aria-hidden=\"true\"><\/i> \nRETOUR \u00c0 LA PAGE DES PRODUITS ABANDONN\u00c9S enceintes<\/a><\/p>\t\t\t\t\t\t\t\t<\/div>\n\t\t\t\t<\/div>\n\t\t\t\t<\/div>\n\t\t<div data-particle_enable=\"false\" data-particle-mobile-disabled=\"false\" class=\"elementor-element elementor-element-2801528 powermatch e-flex e-con-boxed e-con e-parent\" data-id=\"2801528\" data-element_type=\"container\">\n\t\t\t\t\t<div class=\"e-con-inner\">\n\t\t\t\t<div class=\"elementor-element elementor-element-526d447 elementor-widget elementor-widget-shortcode\" data-id=\"526d447\" data-element_type=\"widget\" data-widget_type=\"shortcode.default\">\n\t\t\t\t<div class=\"elementor-widget-container\">\n\t\t\t\t\t\t\t<div class=\"elementor-shortcode\">\t\n\t\n<div class=\"discontinued-product-row\">\n   <div class=\"left-section\">\n      <p class=\"discontinued-product-title\">DM8S<\/p>\n   <\/div>\n\t  \n   <div class=\"right-section\">\n\t\t  \t\n\t\t\n      <div class=\"download-category-row\">\n         <p class=\"download-category-name\">Informations techniques<\/p>\n         <ul>\n\t\t\t             <li><span class=\"bp_press-download-icon bp_disc-prod-icon bp_site-icons\"><\/span><a target=\"_blank\" href=\"https:\/\/assets.boseprofessional.com\/m\/4793ce93e85a5a61\/original\/tds_DesignMax_DM8S_LTR_enUS.pdf\">Fiche technique<\/a><\/li>\n\t\t\t               <li><span class=\"bp_press-download-icon bp_disc-prod-icon bp_site-icons\"><\/span><a target=\"_blank\" href=\"https:\/\/assets.boseprofessional.com\/m\/39283cb5cae342de\/original\/ig_designmax_dm8s.pdf\">Guide d'installation<\/a><\/li>\n\t\t\t            <\/ul>\n\t\t\t \n      <\/div>\n  \n\t\t\t\n\t\t\n      <div class=\"download-category-row\">\n         <p class=\"download-category-name\">Limes m\u00e9caniques<\/p>\n         <ul>\n\t\t\t             <li><span class=\"bp_press-download-icon bp_disc-prod-icon bp_site-icons\"><\/span><a target=\"_blank\" href=\"https:\/\/assets.boseprofessional.com\/m\/2902799bf76b47aa\/original\/cad_designmax_dm8s.zip\">CAD<\/a><\/li>\n\t\t\t            <\/ul>\n\t\t\t \n      <\/div>\n  \n\t\t\t\n\t\t\n      <div class=\"download-category-row\">\n         <p class=\"download-category-name\">Fichiers d'enceinte<\/p>\n         <ul>\n\t\t\t             <li><span class=\"bp_press-download-icon bp_disc-prod-icon bp_site-icons\"><\/span><a target=\"_blank\" href=\"https:\/\/assets.boseprofessional.com\/m\/1d8f6f61f5669063\/original\/DM8S_WebImageZip.zip\">Image Zip<\/a><\/li>\n\t\t\t            <\/ul>\n\t\t\t \n      <\/div>\n  \n\t\t\t  \n   <\/div>\n\t \n\t\t  \n<\/div>\t\n\n\t\n\t\n\t\n<div class=\"discontinued-product-row\">\n   <div class=\"left-section\">\n      <p class=\"discontinued-product-title\">DesignMax DM2S<\/p>\n   <\/div>\n\t  \n   <div class=\"right-section\">\n\t\t  \t\n\t\t\n      <div class=\"download-category-row\">\n         <p class=\"download-category-name\">Informations techniques<\/p>\n         <ul>\n\t\t\t             <li><span class=\"bp_press-download-icon bp_disc-prod-icon bp_site-icons\"><\/span><a target=\"_blank\" href=\"https:\/\/assets.boseprofessional.com\/m\/1207f0e2d235ab22\/original\/ae_designmax_dm2s_en.pdf\">Sp\u00e9cifications techniques \u00e0 l\u2019attention des architectes et ing\u00e9nieurs<\/a><\/li>\n\t\t\t               <li><span class=\"bp_press-download-icon bp_disc-prod-icon bp_site-icons\"><\/span><a target=\"_blank\" href=\"https:\/\/assets.boseprofessional.com\/m\/2cc3502a5bce8f5a\/original\/ise_product_matrix_en.pdf\">Guide de s\u00e9lection des produits install\u00e9s<\/a><\/li>\n\t\t\t               <li><span class=\"bp_press-download-icon bp_disc-prod-icon bp_site-icons\"><\/span><a target=\"_blank\" href=\"https:\/\/assets.boseprofessional.com\/m\/10cc5cbfefc71877\/original\/tds_designmax_dm2s_en.pdf\">Fiche technique<\/a><\/li>\n\t\t\t            <\/ul>\n\t\t\t \n      <\/div>\n  \n\t\t\t\n\t\t\n      <div class=\"download-category-row\">\n         <p class=\"download-category-name\">Manuels<\/p>\n         <ul>\n\t\t\t             <li><span class=\"bp_press-download-icon bp_disc-prod-icon bp_site-icons\"><\/span><a target=\"_blank\" href=\"https:\/\/assets.boseprofessional.com\/m\/2f76a2368bce00b2\/original\/ig_designmax_dm2s_ml.pdf\">Guide d'installation<\/a><\/li>\n\t\t\t               <li><span class=\"bp_press-download-icon bp_disc-prod-icon bp_site-icons\"><\/span><a target=\"_blank\" href=\"https:\/\/assets.boseprofessional.com\/m\/8d4658fe9d94bd8\/original\/PG_DesignMax_EdgeMax_FreeSpace_MSA.pdf\">Guide de peinture<\/a><\/li>\n\t\t\t            <\/ul>\n\t\t\t \n      <\/div>\n  \n\t\t\t\n\t\t\n      <div class=\"download-category-row\">\n         <p class=\"download-category-name\">Limes m\u00e9caniques<\/p>\n         <ul>\n\t\t\t             <li><span class=\"bp_press-download-icon bp_disc-prod-icon bp_site-icons\"><\/span><a target=\"_blank\" href=\"https:\/\/assets.boseprofessional.com\/m\/72076e3688e6e548\/original\/cad_designmax_dm2s.zip\">CAD Fichiers<\/a><\/li>\n\t\t\t            <\/ul>\n\t\t\t \n      <\/div>\n  \n\t\t\t\n\t\t\n      <div class=\"download-category-row\">\n         <p class=\"download-category-name\">Logiciel<\/p>\n         <ul>\n\t\t\t             <li><span class=\"bp_press-download-icon bp_disc-prod-icon bp_site-icons\"><\/span><a target=\"_blank\" href=\"https:\/\/assets.boseprofessional.com\/m\/5dac880a3c7c678a\/original\/ease_glls_designmax_dm2s.zip\">Fichiers d'enceinte<\/a><\/li>\n\t\t\t            <\/ul>\n\t\t\t \n      <\/div>\n  \n\t\t\t\n\t\t\n      <div class=\"download-category-row\">\n         <p class=\"download-category-name\">Fichiers d'enceinte<\/p>\n         <ul>\n\t\t\t             <li><span class=\"bp_press-download-icon bp_disc-prod-icon bp_site-icons\"><\/span><a target=\"_blank\" href=\"https:\/\/assets.boseprofessional.com\/m\/3b5538571cf98c02\/original\/doc_DesignMax_DM2S.pdf\">D\u00e9claration de conformit\u00e9<\/a><\/li>\n\t\t\t            <\/ul>\n\t\t\t \n      <\/div>\n  \n\t\t\t  \n   <\/div>\n\t \n\t\t  \n<\/div>\t\n\n\t\n\t\n\t\n<div class=\"discontinued-product-row\">\n   <div class=\"left-section\">\n      <p class=\"discontinued-product-title\">Mod\u00e8le L1\u00ae 1<\/p>\n   <\/div>\n\t  \n   <div class=\"right-section\">\n\t\t  \t\n\t\t\n      <div class=\"download-category-row\">\n         <p class=\"download-category-name\">Informations techniques<\/p>\n         <ul>\n\t\t\t             <li><span class=\"bp_press-download-icon bp_disc-prod-icon bp_site-icons\"><\/span><a target=\"_blank\" href=\"https:\/\/assets.boseprofessional.com\/m\/4144775dc7105db7\/original\/tds_l1_model1_en.pdf\">Fiche technique<\/a><\/li>\n\t\t\t            <\/ul>\n\t\t\t \n      <\/div>\n  \n\t\t\t\n\t\t\n      <div class=\"download-category-row\">\n         <p class=\"download-category-name\">Manuels<\/p>\n         <ul>\n\t\t\t             <li><span class=\"bp_press-download-icon bp_disc-prod-icon bp_site-icons\"><\/span><a target=\"_blank\" href=\"https:\/\/assets.boseprofessional.com\/m\/716e3931e65d465\/original\/og_l1_model_I_guide_en.pdf\">Guide du propri\u00e9taire<\/a><\/li>\n\t\t\t            <\/ul>\n\t\t\t \n      <\/div>\n  \n\t\t\t\n\t\t\n      <div class=\"download-category-row\">\n         <p class=\"download-category-name\">Limes m\u00e9caniques<\/p>\n         <ul>\n\t\t\t             <li><span class=\"bp_press-download-icon bp_disc-prod-icon bp_site-icons\"><\/span><a target=\"_blank\" href=\"https:\/\/assets.boseprofessional.com\/m\/7e241c29d4076f77\/original\/cadz_l1_model1.zip\">CAD Fichiers<\/a><\/li>\n\t\t\t            <\/ul>\n\t\t\t \n      <\/div>\n  \n\t\t\t\n\t\t\n      <div class=\"download-category-row\">\n         <p class=\"download-category-name\">Logiciel<\/p>\n         <ul>\n\t\t\t             <li><span class=\"bp_press-download-icon bp_disc-prod-icon bp_site-icons\"><\/span><a target=\"_blank\" href=\"\">T\u00e9l\u00e9chargements L1<\/a><\/li>\n\t\t\t            <\/ul>\n\t\t\t \n      <\/div>\n  \n\t\t\t  \n   <\/div>\n\t \n\t\t  \n<\/div>\t\n\n\t\n\t\t<style>\n\n\/* \ndiscontinued-products-page *\/\n\n.elementor-element-7ff6c5c .e-con-inner{\n    align-items: stretch;\n    row-gap: 60px!important;\n    -moz-column-gap: 20px;\n    column-gap: 20px!important;\n    display: flex;\n    flex-direction: row;\n    flex-wrap: wrap;\n}\n\n@media only screen and (max-width: 767px) {\n\t.elementor-element-7ff6c5c .e-con-inner{\n\t\tmargin-right: auto;\n        margin-left: auto;\n        row-gap: 40px!important;\n        -moz-column-gap: 40px;\n        column-gap: 40px!important;\n        display: flex;\n        flex-wrap: wrap;\n        max-width: 800px;\n\t}\n}\n.paragraph-cef87e0.bp_mar-btm-0.bp_text-white.bp_text-trans-upper {\n\tmargin-top: 3px;\n\tmargin-bottom: 3px !important;\n}\n.back-res-btn {\n\tcolor: #fff;\n\ttext-transform: uppercase;\n}\t\t\t\n.discontinued-product-row{ \t\t  \nfont-family: Montserrat,Verdana,sans-serif;\n  font-weight: 400;\n  font-size: 16px;\n  line-height: 1.6em;\t\n}\t\n.discontinued-product-row {\n\tdisplay: flex;\n\tpadding: 20px 0;\n\/* \tborder-bottom: 1px solid; *\/\n}\t\n\t.download-category-name {\n\tmargin-left: 39px;\n}\n.discontinued-product-row .left-section, .discontinued-product-row .right-section {\n\twidth: 50%;\n\tpadding-left: 40px;\n\tpadding-top: 40px;\n}\n\t.discontinued-product-title {\n\tfont-size: 32px;\n\tline-height: 32px;\n\tcolor:#000000;\n}\n\tp {\n\tmargin-bottom: 16px;\n}\n\t.discontinued-product-row .left-section, .discontinued-product-row .right-section {\n\twidth: 50%;\n\tpadding-left: 40px;\n\tpadding-top: 40px;\n}\n\t.download-category-name {\n\tfont-weight: bold;\n\tcolor:#000000;\n}\n\t.download-category-row ul {\n\tlist-style: none;\n\tmargin-bottom: 12px;\n}\n\t.download-category-row ul li {\n\tdisplay: flex;\n\talign-items: center;\n\tpadding-bottom: 10px;\n}\n\t.download-category-row ul {\n\tlist-style: none;\n}\n\t.bp_disc-prod-icon {\n\tmin-width: 22px;\n}\n\t.bp_press-download-icon {\n\tfont-size: 11px;\n\tmargin-right: 16px;\n}\n\t.bp_site-icons {\n\tbackground-image: url(https:\/\/assets.boseprofessional.com\/m\/22f5447299fad34e\/original\/GD_iconset.svg);\n\tbackground-size: 105em 125em;\n\tbackground-repeat: no-repeat;\n\tfont-size: 10px;\n\tdisplay: inline-block;\n\theight: 2em;\n\twidth: 2em;\n}\n.bp_press-download-icon {\n\tbackground-position: -42em -62em;\n}\n.download-category-row ul li a, .discontinued-product-replacement a {\n\tcolor: #0066a1;\n\ttext-decoration: underline;\n\tborder-bottom: 1px solid transparent;\n\tline-height: 19px;\n}\n\t\t\t\n\n@media only screen and (max-width: 767px) {\n  .discontinued-product-row {\n    flex-wrap: wrap;\n  }\n}\n@media only screen and (max-width: 767px) {\n  .discontinued-product-row .left-section, .discontinued-product-row .right-section {\n    width: 100%;\n    padding-left: 20px;\n    padding-right: 20px;\n    padding-top: 5px;\n  }\n\t.discontinued-product-title {\n\tfont-size: 18px;\n\tline-height: 22px;\n}\n\t.download-category-name {\n\tmargin-left: 0;\n}\n\t.download-category-row ul li {\n\tdisplay: flex;\n\talign-items: center;\n\tpadding-bottom: 10px;\n\tmargin-left: -44px;\n\tdisplay: block;\n\tfloat: ;\n}\n}\n@media only screen and (max-width: 767px) {\n  .discontinued-product-row .left-section, .discontinued-product-row .right-section {\n    width: 100%;\n    padding-left: 20px;\n    padding-right: 20px;\n    padding-top: 5px;\n  }\n}\n<\/style>\t\n<\/div>\n\t\t\t\t\t\t<\/div>\n\t\t\t\t<\/div>\n\t\t\t\t\t<\/div>\n\t\t\t\t<\/div>\n\t\t\t\t<\/div>\n\t\t","protected":false},"excerpt":{"rendered":"<p>Produit abandonn\u00e9 DesignMax enceintes RETOUR \u00c0 LA PAGE DES PRODUITS ABANDONN\u00c9S enceintes<\/p>\n","protected":false},"author":21,"featured_media":0,"parent":7816,"menu_order":0,"comment_status":"closed","ping_status":"closed","template":"","meta":{"_acf_changed":false,"ep_exclude_from_search":false,"footnotes":""},"page-category":[],"class_list":["post-16423","page","type-page","status-publish","hentry"],"acf":[],"_links":{"self":[{"href":"https:\/\/boseprofessional.com\/fr\/wp-json\/wp\/v2\/pages\/16423","targetHints":{"allow":["GET"]}}],"collection":[{"href":"https:\/\/boseprofessional.com\/fr\/wp-json\/wp\/v2\/pages"}],"about":[{"href":"https:\/\/boseprofessional.com\/fr\/wp-json\/wp\/v2\/types\/page"}],"author":[{"embeddable":true,"href":"https:\/\/boseprofessional.com\/fr\/wp-json\/wp\/v2\/users\/21"}],"replies":[{"embeddable":true,"href":"https:\/\/boseprofessional.com\/fr\/wp-json\/wp\/v2\/comments?post=16423"}],"version-history":[{"count":3,"href":"https:\/\/boseprofessional.com\/fr\/wp-json\/wp\/v2\/pages\/16423\/revisions"}],"predecessor-version":[{"id":157012,"href":"https:\/\/boseprofessional.com\/fr\/wp-json\/wp\/v2\/pages\/16423\/revisions\/157012"}],"up":[{"embeddable":true,"href":"https:\/\/boseprofessional.com\/fr\/wp-json\/wp\/v2\/pages\/7816"}],"wp:attachment":[{"href":"https:\/\/boseprofessional.com\/fr\/wp-json\/wp\/v2\/media?parent=16423"}],"wp:term":[{"taxonomy":"page-category","embeddable":true,"href":"https:\/\/boseprofessional.com\/fr\/wp-json\/wp\/v2\/page-category?post=16423"}],"curies":[{"name":"wp","href":"https:\/\/api.w.org\/{rel}","templated":true}]}}