{"id":16396,"date":"2023-11-29T03:21:08","date_gmt":"2023-11-29T03:21:08","guid":{"rendered":"https:\/\/uatnew.boseprofessional.com\/?page_id=16396"},"modified":"2024-02-23T12:03:15","modified_gmt":"2024-02-23T12:03:15","slug":"installed-sound-expansion","status":"publish","type":"page","link":"https:\/\/boseprofessional.com\/fr\/company\/about-us\/installed-sound-expansion\/","title":{"rendered":"Installed Sound Expansion"},"content":{"rendered":"\n<section class=\"{gcl} cc-sct\">\n<div class=\"{gcl} cc-cntr\">\n<div class=\"bp_installed-hero-content {gcl}\"><\/div>\n<\/div>\n<\/section>\n\n\n\n<div id=\"bpStickyOnScrollNav{idadd}\" class=\"bp_sticky-scroll-nav-wrap\">\n<div class=\"bp_sticky-scroll-nav-container {gcl}\">\n<div class=\"bp_sticky-scroll-left\">\n<div class=\"{gcl}\">\n<p class=\"bp_sticky-nav-drop-selected-label\">S\u00e9lectionner...<\/p>\n\n\n\n<div class=\"bp_sticky-nav-drop-arrow {gcl}\"><\/div>\n<\/div>\n\n\n\n<div class=\"bp_sticky-nav-list\"><ul><li><a href=\"#products\">Produits <\/a><\/li><li><a href=\"#spaces\">Espaces<\/a><\/li><li><a href=\"#sound\">Son<\/a><\/li><li><a href=\"#downloads\">T\u00e9l\u00e9chargements<\/a><\/li><li><\/li><\/ul><\/div>\n<\/div>\n\n\n\n<div class=\"bp_sticky-scroll-right {gcl}\">\n<a class=\"{gcl} cc-btn {currentpageclass=static=\/contact-us}\" href=\"\/fr\/contact-us\/\">Contactez Bose Professional<\/a> <a class=\"{gcl} cc-btn {currentpageclass=static=\/why-bose-professional}\" href=\"\/fr\/why-bose-professional\/\">Pourquoi Bose Professional<\/a>\n<\/div>\n<\/div>\n\n\n\n<script>\nvar inPageNavOffset, pageAnchorScrolled;\nvar fixedOffsetNav = jQuery(\"#bpStickyOnScrollNav\").offset().top;\nvar fixedOffsetHeader = jQuery('.bp_site-header').offset().top;\nfunction calculateScrollTop(element) {\n    var navElement = jQuery(\"#bpStickyOnScrollNav\");\n    var scrollTop = jQuery(element).offset().top;\t\n    if (navElement.offset().top > jQuery(window).scrollTop()) {\n\t\tif( navElement.hasClass(\"sticky\")){\n\t\t\tscrollTop = jQuery(element).offset().top - jQuery('.bp_site-header').outerHeight() ;\n\t\t}else{\n\t\t\tscrollTop = jQuery(element).offset().top - jQuery('.bp_site-header').outerHeight() - navElement.outerHeight();\n\t\t}       \n    }\n    \/\/scrollTop -= navElement.hasClass(\"sticky\") ? navElement.outerHeight() : 0;\n\tscrollTop -= ((jQuery(element).offset().top - navElement.outerHeight()) > fixedOffsetNav) ? navElement.outerHeight() : 0;\n    jQuery(\"html\").animate({ scrollTop: scrollTop }, 300);\n\tpageAnchorScrolled = true;\n    window.location.hash = element;\n}\nfunction updateInPageOffset() {\n    jQuery(\"#bpStickyOnScrollNav\").removeClass(\"sticky\");\n    inPageNavOffset = jQuery(\"#bpStickyOnScrollNav\").offset().top - jQuery(\".bp_site-header\").outerHeight();\n}\n\njQuery(window).on(\"resize\", function () {\n    updateInPageOffset();\n}),\n    jQuery(document).ready(function () {\n        updateInPageOffset(),\n            jQuery(window).bind(\"scroll\", function () {\n                jQuery(window).scrollTop() > inPageNavOffset ? jQuery(\"#bpStickyOnScrollNav\").addClass(\"sticky\") : jQuery(\"#bpStickyOnScrollNav\").removeClass(\"sticky\");\n            }),\n            jQuery(\".bp_sticky-nav-list ul li a\").on(\"click\", function (t) {\n                t.preventDefault(), calculateScrollTop(this.hash), jQuery(\".bp_sticky-nav-list ul li a\").removeClass(\"current-tab\"), jQuery(this).addClass(\"current-tab\");\n            }),\n            jQuery(window).scroll(function () {\n                var t = jQuery(window).scrollTop();\n\t\t\t\tif (!pageAnchorScrolled) {\n\t\t\t\t\tjQuery(\".bp_page-navigation-content\").each(function () {\n\t\t\t\t\t\tvar s = jQuery(this).offset().top;\n\t\t\t\t\t\tif (t >= s - 210 && t <= s + jQuery(this).height()) {\n\t\t\t\t\t\t\tvar i = jQuery(this).attr(\"id\");\n\t\t\t\t\t\t\tjQuery(\".bp_sticky-nav-list ul li a\").removeClass(\"current-tab\");\n\t\t\t\t\t\t\tif (getWidth() > 1023) {\n\t\t\t\t\t\t\t\tjQuery(`.bp_sticky-nav-list ul li a[href=\"#${i}\"]`).addClass(\"current-tab\");\t\n\t\t\t\t\t\t\t}\n\n\t\t\t\t\t\t}\n\t\t\t\t\t});\n\t\t\t\t}\n\t\t\t\tpageAnchorScrolled = false;\n            }),\n            jQuery(\".bp_sticky-nav-drop-menu-selector\").on(\"click\", function () {\n                jQuery(\".bp_sticky-nav-list\").hasClass(\"open\")\n                    ? (jQuery(\".bp_sticky-nav-list\").slideUp(), jQuery(\".bp_sticky-nav-list\").removeClass(\"open\"))\n                    : (jQuery(\".bp_sticky-nav-list\").slideDown(), jQuery(\".bp_sticky-nav-list\").addClass(\"open\")),\n                    jQuery(\".bp_sticky-nav-list\").hasClass(\"open\") &&\n                        jQuery(\".bp_sticky-nav-list ul li a\").on(\"click\", function () {\n                            jQuery(\".bp_sticky-nav-list\").slideUp(),\n                                jQuery(\".bp_sticky-nav-list\").removeClass(\"open\"),\n                                jQuery(\".bp_sticky-nav-list ul li a\").removeClass(\"selected-item\"),\n                                jQuery(this).addClass(\"selected-item\"),\n                                jQuery(\".bp_sticky-nav-drop-menu-selector p\").text(jQuery(this).text());\n                        });\n            }),\n            jQuery(window).bind(\"resize\", function () {\n                getWidth() >= 1024\n                    ? (jQuery(\".bp_sticky-nav-list ul li a\").off(\"click\"),\n                      jQuery(\".bp_sticky-nav-list\").show(),\n                      jQuery(\".bp_sticky-nav-list\").removeClass(\"open\"),\n                      jQuery(\".bp_sticky-nav-list ul li a\").removeClass(\"selected-item\"),\n                      jQuery(\".bp_sticky-nav-list ul li a\").on(\"click\", function (t) {\n                          t.preventDefault(), calculateScrollTop(this.hash), jQuery(\".bp_sticky-nav-list ul li a\").removeClass(\"current-tab\"), jQuery(this).addClass(\"current-tab\");\n                      }))\n                    : (jQuery(\".bp_sticky-nav-list ul li a\").removeClass(\"current-tab\"), jQuery(\".bp_sticky-nav-list\").slideUp());\n            }),\n            jQuery(document).on(\"click\", function (t) {\n                1024 > getWidth() && !jQuery(\".bp_sticky-nav-drop-menu-selector\")[0].contains(t.target) && (jQuery(\".bp_sticky-nav-list\").slideUp(), jQuery(\".bp_sticky-nav-list\").removeClass(\"open\"));\n            });\n    });\n\n\n<\/script>\n<\/div>\n\n\n\n<section class=\"section-cbb35e5 {gcl} cc-sct\">\n<div class=\"{gcl} cc-cntr\">\n<div class=\"{gcl}\">\n<h2 class=\"{gcl}\">Aper\u00e7u<\/h2>\n<\/div>\n\n\n\n<p class=\"paragraph-c1648b4\">Avec notre extension de syst\u00e8me audio install\u00e9, nous avons \u00e9largi notre gamme de produits afin que les concepteurs et installateurs de syst\u00e8mes puissent fournir Bose Professional Des syst\u00e8mes audio sont d\u00e9sormais pr\u00e9sents dans plus d'espaces que jamais. Cela signifie plus de choix \u2014 plus enceintes , amplificateurs , et processeurs un choix plus vaste. Et une plus grande flexibilit\u00e9\u00a0: d\u00e9sormais, consultants et int\u00e9grateurs peuvent se combiner. Bose Professional Des produits pour cr\u00e9er des syst\u00e8mes audio sur mesure adapt\u00e9s \u00e0 une plus grande vari\u00e9t\u00e9 d'espaces. Nos produits phares restent disponibles et nous avons enrichi notre gamme avec de nouvelles familles de produits. Et ce n'est pas tout. Car l'extension \u00ab\u00a0Installed Sound\u00a0\u00bb a un objectif clair\u00a0: fournir aux consultants et int\u00e9grateurs les composants n\u00e9cessaires \u00e0 la mise en \u0153uvre de syst\u00e8mes complets, allant des syst\u00e8mes de musique d'ambiance simples et reproductibles \u00e0 la sonorisation, en passant par des solutions plus complexes, en r\u00e9seau et distribu\u00e9es.<\/p>\n\n\n\n<div class=\"div-c9424af\">\n<p class=\"paragraph-c307405\"><strong>Installez des syst\u00e8mes audio Bose Professional complets dans davantage d'espaces<\/strong> gr\u00e2ce \u00e0 une gamme \u00e9tendue de produits con\u00e7us pour fonctionner ensemble et offrir des performances optimales en tant que syst\u00e8mes coh\u00e9rents.<\/p>\n\n\n\n<p class=\"paragraph-c3b8342\"><strong>Choisissez parmi une plus grande vari\u00e9t\u00e9<\/strong> de enceintes , amplificateurs , et processeurs \u2014 des gammes \u00e9tablies et des innovations plus r\u00e9centes \u2014 qui offrent un son exceptionnel, une esth\u00e9tique am\u00e9lior\u00e9e et une installation plus facile<\/p>\n\n\n\n<p class=\"paragraph-c0fbdaf\"><strong>D\u00e9veloppez votre activit\u00e9<\/strong> en proposant des solutions faciles \u00e0 utiliser d'une entreprise audio mondialement reconnue, que vos clients connaissent et \u00e0 laquelle ils font d\u00e9j\u00e0 confiance, et que leurs invit\u00e9s reconnaissent comme une marque haut de gamme.<\/p>\n\n\n\n<p class=\"paragraph-cf98d43\"><strong>Offrez une meilleure exp\u00e9rience audio<\/strong> dans les h\u00f4tels, les campus universitaires, les espaces commerciaux, les lieux de divertissement, les lieux de culte, les espaces int\u00e9rieurs et ext\u00e9rieurs, et bien plus encore.<\/p>\n<\/div>\n\n\n\n<p class=\"paragraph-c32518e\">Pour d\u00e9couvrir nos produits, veuillez <a href=\"https:\/\/boseprofessional.com\/fr\/global-sales-offices\/\" data-type=\"page\" data-id=\"18588\">contacter votre repr\u00e9sentant Bose Professional<\/a> .<\/p>\n<\/div>\n<\/section>\n\n\n\n<section id=\"products{idadd}\" class=\"{gcl} cc-sct\">\n<div class=\"{gcl} cc-cntr\">\n<div class=\"{gcl}\">\n<h2 class=\"heading-c96ceae {gcl}\">PRODUITS<\/h2>\n<\/div>\n\n\n\n<h1 class=\"heading-c6127a7 {gcl}\">Produits<\/h1>\n\n\n\n<p class=\"{gcl}\">Plus d\u2019options parmi davantage de gammes de produits<\/p>\n\n\n\n<div class=\"bp_ise-products-block {gcl}\">\n<div class=\"bp_ise-product bp_display-none {gcl}\">\n<div class=\"{gcl}\">\n<img decoding=\"async\" class=\"cc-img\" src=\"https:\/\/assets.boseprofessional.com\/transform\/3609c99f-c590-4b03-849d-cab27fa796ec\/i_DesignMax_DM2C-LP_Flush_Group_1200x1022-png?io=transform:fill,width:600&amp;format=webp&amp;quality=85\" srcset=\"{imageset=31302}\" sizes=\"{imagesizes=31302=false}\" width=\"{imagewidth=31302}\" height=\"{imageheight=31302}\" alt=\"{imagealt=31302}\"\/>\n<\/div>\n\n\n\n<a><strong>FreeSpace<\/strong><\/a>\n<\/div>\n\n\n\n<div class=\"bp_display-none bp_ise-product {gcl}\">\n<div class=\"{gcl}\">\n<img decoding=\"async\" class=\"cc-img\" src=\"https:\/\/assets.boseprofessional.com\/transform\/3609c99f-c590-4b03-849d-cab27fa796ec\/i_DesignMax_DM2C-LP_Flush_Group_1200x1022-png?io=transform:fill,width:600&amp;format=webp&amp;quality=85\" alt=\"\"\/>\n<\/div>\n\n\n\n<a><strong>DesignMax<\/strong><\/a>\n<\/div>\n\n\n\n<div class=\"bp_ise-product {gcl}\">\n<div class=\"{gcl}\">\n<img decoding=\"async\" class=\"cc-img\" src=\"https:\/\/assets.boseprofessional.com\/transform\/40367270-8c9e-4abf-b34a-98ea8939d1ad\/EdgeMax_PG180_Ortho_Top_Grille_Off-png?io=transform:fill,width:600&amp;format=webp&amp;quality=85\" srcset=\"{imageset=31299}\" sizes=\"{imagesizes=31299=false}\" width=\"{imagewidth=31299}\" height=\"{imageheight=31299}\" alt=\"{imagealt=31299}\"\/>\n<\/div>\n\n\n\n<a class=\"{currentpageclass=static=\/product-category\/loudspeakers\/ceiling-mount\/edgemax}\" href=\"\/fr\/product-category\/loudspeakers\/ceiling-mount\/edgemax\/\"><strong>EdgeMax<\/strong><\/a>\n<\/div>\n\n\n\n<div class=\"bp_ise-product {gcl}\">\n<div class=\"{gcl}\">\n<img decoding=\"async\" class=\"cc-img\" src=\"https:\/\/assets.boseprofessional.com\/m\/6341872a8071c5b3\/original\/Betacon_CSP-1248_Right-Facing-png.png\" srcset=\"{imageset=20913}\" sizes=\"{imagesizes=20913=false}\" width=\"{imagewidth=20913}\" height=\"{imageheight=20913}\" alt=\"{imagealt=20913}\"\/>\n<\/div>\n\n\n\n<a class=\"{currentpageclass=static=\/product-category\/processors\/fixed-architecture}\" href=\"\/fr\/product-category\/processors\/fixed-architecture\/\"><strong>Processeurs audio commerciaux<\/strong><\/a>\n<\/div>\n\n\n\n<div class=\"bp_ise-product {gcl}\">\n<div class=\"{gcl}\">\n<img decoding=\"async\" class=\"cc-img\" src=\"https:\/\/assets.boseprofessional.com\/m\/577f74fd07dfa22\/original\/i_ControlSpace_ESP-880A_Right-Facing_3-png.png\" srcset=\"{imageset=20183}\" sizes=\"{imagesizes=20183=false}\" width=\"{imagewidth=20183}\" height=\"{imageheight=20183}\" alt=\"{imagealt=20183}\"\/>\n<\/div>\n\n\n\n<a class=\"{currentpageclass=static=https:\/\/boseprofessional.com\/product-category\/controllers}\" href=\"https:\/\/boseprofessional.com\/fr\/product-category\/controllers\/\"><strong>ControlSpace\u00a0ESP<\/strong><\/a>\n<\/div>\n\n\n\n<div class=\"bp_ise-product {gcl}\">\n<div class=\"{gcl}\">\n<img decoding=\"async\" class=\"cc-img\" src=\"https:\/\/assets.boseprofessional.com\/m\/3cd85dec221fc18d\/original\/IZA2120_LZ_EC_00-png.png\" srcset=\"{imageset=21364}\" sizes=\"{imagesizes=21364=false}\" width=\"{imagewidth=21364}\" height=\"{imageheight=21364}\" alt=\"{imagealt=21364}\"\/>\n<\/div>\n\n\n\n<a class=\"{currentpageclass=static=\/product-category\/power-amplifiers\/mixer-amps}\" href=\"\/fr\/product-category\/power-amplifiers\/mixer-amps\/\"><strong>FreeSpace<\/strong><\/a>\n<\/div>\n\n\n\n<div class=\"bp_ise-product {gcl}\">\n<div class=\"{gcl}\">\n<img decoding=\"async\" class=\"cc-img\" src=\"https:\/\/assets.boseprofessional.com\/m\/4f4e844b49a0331b\/original\/PowerSpace_P2600A_Right-Facing_1200x1022-png.png\" srcset=\"{imageset=21091}\" sizes=\"{imagesizes=21091=false}\" width=\"{imagewidth=21091}\" height=\"{imageheight=21091}\" alt=\"{imagealt=21091}\"\/>\n<\/div>\n\n\n\n<a class=\"{currentpageclass=static=\/product-category\/power-amplifiers\/non-dsp\/powerspace-non-dsp}\" href=\"\/fr\/product-category\/power-amplifiers\/non-dsp\/powerspace-non-dsp\/\"><strong>PowerSpace<\/strong><\/a>\n<\/div>\n\n\n\n<div class=\"bp_ise-product {gcl}\">\n<div class=\"{gcl}\">\n<img decoding=\"async\" class=\"cc-img\" src=\"https:\/\/assets.boseprofessional.com\/m\/55b85237b0be58e7\/original\/i_PowerShareDante_PS604D_Right_Facing_1200-png.png\" srcset=\"{imageset=21064}\" sizes=\"{imagesizes=21064=false}\" width=\"{imagewidth=21064}\" height=\"{imageheight=21064}\" alt=\"{imagealt=21064}\"\/>\n<\/div>\n\n\n\n<a class=\"{currentpageclass=static=\/product-category\/power-amplifiers\/multichannel-dsp\/powershare}\" href=\"\/fr\/product-category\/power-amplifiers\/multichannel-dsp\/powershare\/\"><strong>PowerShare<\/strong><\/a>\n<\/div>\n\n\n\n<div class=\"bp_ise-product {gcl}\">\n<div class=\"{gcl}\">\n<img decoding=\"async\" class=\"cc-img\" src=\"https:\/\/assets.boseprofessional.com\/m\/24eb794c6aadbf98\/original\/Powermatch_8250_EC_00-png.png\" srcset=\"{imageset=21006}\" sizes=\"{imagesizes=21006=false}\" width=\"{imagewidth=21006}\" height=\"{imageheight=21006}\" alt=\"{imagealt=21006}\"\/>\n<\/div>\n\n\n\n<a class=\"{currentpageclass=static=\/product-category\/power-amplifiers\/multichannel-dsp\/powermatch}\" href=\"\/fr\/product-category\/power-amplifiers\/multichannel-dsp\/powermatch\/\"><strong>PowerMatch<\/strong><\/a>\n<\/div>\n\n\n\n<div class=\"bp_ise-product {gcl}\">\n<div class=\"{gcl}\">\n<img decoding=\"async\" class=\"cc-img\" src=\"https:\/\/assets.boseprofessional.com\/m\/5f51142091509fb1\/original\/CC-1D_2D_3D-png.png\" srcset=\"{imageset=20012}\" sizes=\"{imagesizes=20012=false}\" width=\"{imagewidth=20012}\" height=\"{imageheight=20012}\" alt=\"{imagealt=20012}\"\/>\n<\/div>\n\n\n\n<a class=\"{currentpageclass=static=\/products\/controllers\/digital\/ccs\/controlcenter-digital-zone-controllers}\" href=\"\/fr\/products\/controllers\/digital\/ccs\/controlcenter-digital-zone-controllers\/\"><strong>Contr\u00f4leurs de zone num\u00e9riques ControlCenter<\/strong><\/a>\n<\/div>\n\n\n\n<div class=\"bp_ise-product {gcl}\">\n<div class=\"{gcl}\">\n<img decoding=\"async\" class=\"cc-img\" src=\"https:\/\/assets.boseprofessional.com\/m\/6b8a1b090d567444\/original\/i_ControlSpace_remote_iconApp-jpeg.jpeg\" srcset=\"{imageset=50813}\" sizes=\"{imagesizes=50813=false}\" width=\"{imagewidth=50813}\" height=\"{imageheight=50813}\" alt=\"{imagealt=50813}\"\/>\n<\/div>\n\n\n\n<a class=\"{currentpageclass=static=\/products\/software\/system-design\/controlspace-remote-software}\" href=\"\/fr\/products\/software\/system-design\/controlspace-remote-software\/\"><strong>ControlSpace Remote<\/strong><\/a>\n<\/div>\n<\/div>\n\n\n\n<div class=\"{gcl}\"><\/div>\n<\/div>\n<\/section>\n\n\n\n<section id=\"spaces{idadd}\" class=\"{gcl} cc-sct\">\n<div class=\"{gcl} cc-cntr\">\n<div class=\"{gcl}\">\n<h2 class=\"heading-c7242b5 {gcl}\">Espaces<\/h2>\n<\/div>\n<\/div>\n<\/section>\n\n\n\n<div class=\"bp_more-flex-wrapper\">\n<div class=\"bp_more-flexibility\"><\/div>\n\n\n\n<div class=\"bp_more-flex-content\">\n<p class=\"paragraph-c8b3559 {gcl}\">Plus de souplesse<\/p>\n\n\n\n<p class=\"{gcl}\">Des installations audio enveloppantes<\/p>\n\n\n\n<a class=\"{gcl} cc-btn {currentpageclass=static=https:\/\/boseprofessional.com\/spaces}\" href=\"https:\/\/boseprofessional.com\/fr\/spaces\/\">En savoir plus<\/a>\n<\/div>\n<\/div>\n\n\n\n<section id=\"sound{idadd}\" class=\"{gcl} cc-sct\">\n<div class=\"{gcl} cc-cntr\">\n<div class=\"{gcl}\">\n<h2 class=\"heading-cc59556 {gcl}\">SON<\/h2>\n<\/div>\n\n\n\n<p class=\"paragraph-c7dc477 {gcl}\">Son sur mesure<\/p>\n\n\n\n<p class=\"paragraph-c7820de {gcl}\">Con\u00e7u pour un meilleur son<\/p>\n\n\n\n<div class=\"div-c479be0 {gcl}\">\n<div class=\"div-cb158b1 {gcl}\"><\/div>\n\n\n\n<div class=\"div-c1a79cd {gcl}\">\n<p>Le syst\u00e8me d'alignement de la dispersion, <a href=\"https:\/\/boseprofessional.com\/fr\/products\/designmax\/\" data-type=\"link\" data-id=\"https:\/\/boseprofessional.com\/products\/designmax\">pr\u00e9sent sur la plupart des mod\u00e8les DesignMax<\/a>, garantit une exp\u00e9rience d'\u00e9coute coh\u00e9rente dans toute la pi\u00e8ce en faisant correspondre la couverture du Enceinte de graves \u00e0 celle, plus large, du Enceinte d'aigus. Le woofer et le tweeter travaillent ensemble pour assurer une couverture large et coh\u00e9rente dans toute la zone d'\u00e9coute.<\/p>\n<\/div>\n<\/div>\n\n\n\n<div class=\"div-c0dcc19 {gcl}\">\n<div class=\"div-c4c176c {gcl}\"><\/div>\n\n\n\n<div class=\"div-c667a5f {gcl}\">\n<p>M\u00e9canismes de montage QuickHold brevet\u00e9s sur chaque DesignMax enceinte faciliter la t\u00e2che, r\u00e9duire la pression et les tracas, et gagner un temps pr\u00e9cieux. Au lieu de chercher \u00e0 \u00e9quilibrer le enceinte Avec un outil dans une main et un autre dans l'autre, vous aurez d\u00e9sormais les deux mains libres.<\/p>\n<\/div>\n<\/div>\n\n\n\n<div class=\"div-cf13d0d {gcl}\">\n<div class=\"div-ca33fa6 {gcl}\"><\/div>\n\n\n\n<div class=\"div-c16cbbe {gcl}\">\n<p>La technologie <a href=\"\/fr\/product-category\/loudspeakers\/ceiling-mount\/edgemax\/\">EdgeMax<\/a> PhaseGuide combine la large couverture sonore caract\u00e9ristique des enceintes de surface avec l'esth\u00e9tique pris\u00e9e des architectes, propre aux mod\u00e8les encastrables. Elle offre \u00e9galement une directivit\u00e9 verticale asym\u00e9trique unique pour une couverture optimale lors d'une installation pr\u00e8s de la jonction mur-plafond.<\/p>\n<\/div>\n<\/div>\n<\/div>\n<\/section>\n\n\n\n<section id=\"downloads{idadd}\" class=\"{gcl} cc-sct\">\n<div class=\"{gcl} cc-cntr\">\n<div class=\"{gcl}\">\n<h2 class=\"heading-c06d68f {gcl}\">T\u00c9L\u00c9CHARGEMENTS<\/h2>\n<\/div>\n\n\n\n<div class=\"bp_registration-download-cont-item\">\n<div class=\"{gcl}\"><\/div>\n\n\n\n<p class=\"bp_download-item-text-title\"><a href=\"https:\/\/assets.boseprofessional.com\/m\/2cc3502a5bce8f5a\/original\/ise_product_matrix_en.pdf\" data-type=\"link\" data-id=\"https:\/\/assets.boseprofessional.com\/m\/2cc3502a5bce8f5a\/original\/ise_product_matrix_en.pdf\">Guide de s\u00e9lection des produits install\u00e9s<\/a><\/p>\n<\/div>\n<\/div>\n<\/section>\n\n\n\n<div class=\"{gcl}\"><\/div>\n","protected":false},"excerpt":{"rendered":"","protected":false},"author":21,"featured_media":20620,"parent":4356,"menu_order":0,"comment_status":"closed","ping_status":"closed","template":"","meta":{"_acf_changed":false,"ep_exclude_from_search":false,"footnotes":""},"page-category":[],"class_list":["post-16396","page","type-page","status-publish","has-post-thumbnail","hentry"],"acf":[],"_links":{"self":[{"href":"https:\/\/boseprofessional.com\/fr\/wp-json\/wp\/v2\/pages\/16396","targetHints":{"allow":["GET"]}}],"collection":[{"href":"https:\/\/boseprofessional.com\/fr\/wp-json\/wp\/v2\/pages"}],"about":[{"href":"https:\/\/boseprofessional.com\/fr\/wp-json\/wp\/v2\/types\/page"}],"author":[{"embeddable":true,"href":"https:\/\/boseprofessional.com\/fr\/wp-json\/wp\/v2\/users\/21"}],"replies":[{"embeddable":true,"href":"https:\/\/boseprofessional.com\/fr\/wp-json\/wp\/v2\/comments?post=16396"}],"version-history":[{"count":3,"href":"https:\/\/boseprofessional.com\/fr\/wp-json\/wp\/v2\/pages\/16396\/revisions"}],"predecessor-version":[{"id":101529,"href":"https:\/\/boseprofessional.com\/fr\/wp-json\/wp\/v2\/pages\/16396\/revisions\/101529"}],"up":[{"embeddable":true,"href":"https:\/\/boseprofessional.com\/fr\/wp-json\/wp\/v2\/pages\/4356"}],"wp:featuredmedia":[{"embeddable":true,"href":"https:\/\/boseprofessional.com\/fr\/wp-json\/wp\/v2\/media\/20620"}],"wp:attachment":[{"href":"https:\/\/boseprofessional.com\/fr\/wp-json\/wp\/v2\/media?parent=16396"}],"wp:term":[{"taxonomy":"page-category","embeddable":true,"href":"https:\/\/boseprofessional.com\/fr\/wp-json\/wp\/v2\/page-category?post=16396"}],"curies":[{"name":"wp","href":"https:\/\/api.w.org\/{rel}","templated":true}]}}