{"id":159498,"date":"2025-04-10T19:25:51","date_gmt":"2025-04-10T19:25:51","guid":{"rendered":"https:\/\/boseprofessional.com\/?page_id=159498"},"modified":"2025-04-10T19:28:47","modified_gmt":"2025-04-10T19:28:47","slug":"controlspace-designer-software-2","status":"publish","type":"page","link":"https:\/\/boseprofessional.com\/fr\/controlspace-designer-software-2\/","title":{"rendered":"Elementor #159498"},"content":{"rendered":"\t\t<div data-elementor-type=\"wp-page\" data-elementor-id=\"159498\" class=\"elementor elementor-159498\" data-elementor-post-type=\"page\">\n\t\t\t\t<div data-particle_enable=\"false\" data-particle-mobile-disabled=\"false\" class=\"elementor-element elementor-element-3c5684f e-grid e-con-full e-con e-child\" data-id=\"3c5684f\" data-element_type=\"container\">\n\t\t\t\t<div class=\"elementor-element elementor-element-002c510 elementor-widget elementor-widget-text-editor\" data-id=\"002c510\" data-element_type=\"widget\" data-widget_type=\"text-editor.default\">\n\t\t\t\t<div class=\"elementor-widget-container\">\n\t\t\t\t\t\t\t\t\t<p>ControlSpace Les logiciels de conception sont la pierre angulaire de ControlSpace \u00e9cosyst\u00e8me, combinant les flux de travail intuitifs, la personnalisation et la gestion des appareils de Bose Professional Syst\u00e8mes audio en r\u00e9seau. Cr\u00e9ez, testez et perfectionnez vos conceptions avec facilit\u00e9 et efficacit\u00e9\u00a0: du routage audio aux \u00e9galiseurs et limiteurs, de la configuration des amplificateurs \u00e0 la conception des contr\u00f4leurs, etc. cloud - une surveillance bas\u00e9e sur les mises \u00e0 jour du micrologiciel. Et des outils de configuration r\u00e9seau int\u00e9gr\u00e9s permettent la mise en place de ControlSpace appareils pour fonctionner au sein du r\u00e9seau du syst\u00e8me \u00e9tendu.<\/p>\t\t\t\t\t\t\t\t<\/div>\n\t\t\t\t<\/div>\n\t\t\t\t<\/div>\n\t\t<div data-particle_enable=\"false\" data-particle-mobile-disabled=\"false\" class=\"elementor-element elementor-element-685533f e-grid e-con-full e-con e-child\" data-id=\"685533f\" data-element_type=\"container\">\n\t\t<div data-particle_enable=\"false\" data-particle-mobile-disabled=\"false\" class=\"elementor-element elementor-element-b0ef7cd e-con-full e-flex e-con e-child\" data-id=\"b0ef7cd\" data-element_type=\"container\">\n\t\t\t\t<div class=\"elementor-element elementor-element-3b9631c elementor-widget elementor-widget-text-editor\" data-id=\"3b9631c\" data-element_type=\"widget\" data-widget_type=\"text-editor.default\">\n\t\t\t\t<div class=\"elementor-widget-container\">\n\t\t\t\t\t\t\t\t\t<p><strong>Cr\u00e9er<\/strong> un syst\u00e8me est aussi simple que de glisser-d\u00e9poser des blocs de composants dans l'espace de travail. Cliquez et faites glisser les fils entre les composants, et personnalisez leurs couleurs, \u00e9tiquettes et chemins pour une meilleure organisation du sch\u00e9ma. Modifiez la taille du syst\u00e8me en ajoutant ou en supprimant des composants.<\/p><p><strong>Configurer<\/strong> . Le m\u00eame flux de travail intuitif s'applique \u00e0 la configuration du p\u00e9riph\u00e9rique\u00a0: utilisez les blocs de traitement du signal pour configurer les fonctions DSP. L'architecture ouverte de notre ControlSpace ESP et EX processeurs ouvre encore plus de possibilit\u00e9s pour les projets complexes. Gagnez du temps gr\u00e2ce \u00e0 la biblioth\u00e8que compl\u00e8te de Bose Professional enceinte Pr\u00e9r\u00e9glages d'\u00e9galisation\u00a0: obtenez un son exceptionnel d\u00e8s le premier test du syst\u00e8me et personnalisez-le davantage si n\u00e9cessaire pour l'adapter aux caract\u00e9ristiques uniques de l'espace.<\/p>\t\t\t\t\t\t\t\t<\/div>\n\t\t\t\t<\/div>\n\t\t\t\t<\/div>\n\t\t\t\t<div class=\"elementor-element elementor-element-cf14448 elementor-widget elementor-widget-image\" data-id=\"cf14448\" data-element_type=\"widget\" data-widget_type=\"image.default\">\n\t\t\t\t<div class=\"elementor-widget-container\">\n\t\t\t\t\t\t\t\t\t\t\t\t\t\t\t<img fetchpriority=\"high\" decoding=\"async\" width=\"1024\" height=\"704\" src=\"https:\/\/assets.boseprofessional.com\/transform\/a76651b1-23ec-4b37-bf50-01c911a3f881\/Laptop_Software-CSD-png?io=transform:scale,width:1024,height:704\" class=\"attachment-large size-large wp-image-31349\" alt=\"\" srcset=\"https:\/\/assets.boseprofessional.com\/transform\/a76651b1-23ec-4b37-bf50-01c911a3f881\/Laptop_Software-CSD-png 1752w, https:\/\/assets.boseprofessional.com\/transform\/a76651b1-23ec-4b37-bf50-01c911a3f881\/Laptop_Software-CSD-png?io=transform:scale,width:150,height:103 150w, https:\/\/assets.boseprofessional.com\/transform\/a76651b1-23ec-4b37-bf50-01c911a3f881\/Laptop_Software-CSD-png?io=transform:scale,width:300,height:206 300w, https:\/\/assets.boseprofessional.com\/transform\/a76651b1-23ec-4b37-bf50-01c911a3f881\/Laptop_Software-CSD-png?io=transform:scale,width:1024,height:704 1024w, https:\/\/assets.boseprofessional.com\/transform\/a76651b1-23ec-4b37-bf50-01c911a3f881\/Laptop_Software-CSD-png?io=transform:scale,width:1536,height:1056 1536w, https:\/\/assets.boseprofessional.com\/transform\/a76651b1-23ec-4b37-bf50-01c911a3f881\/Laptop_Software-CSD-png?io=transform:scale,width:480,height:330 480w, https:\/\/assets.boseprofessional.com\/transform\/a76651b1-23ec-4b37-bf50-01c911a3f881\/Laptop_Software-CSD-png?io=transform:scale,width:768,height:528 768w, https:\/\/assets.boseprofessional.com\/transform\/a76651b1-23ec-4b37-bf50-01c911a3f881\/Laptop_Software-CSD-png?io=transform:scale,width:100,height:69 100w\" sizes=\"(max-width: 1024px) 100vw, 1024px\" \/>\t\t\t\t\t\t\t\t\t\t\t\t\t\t\t<\/div>\n\t\t\t\t<\/div>\n\t\t\t\t<\/div>\n\t\t<div data-particle_enable=\"false\" data-particle-mobile-disabled=\"false\" class=\"elementor-element elementor-element-84cd0f3 e-grid e-con-full e-con e-child\" data-id=\"84cd0f3\" data-element_type=\"container\">\n\t\t\t\t<div class=\"elementor-element elementor-element-a8e454a elementor-widget elementor-widget-image\" data-id=\"a8e454a\" data-element_type=\"widget\" data-widget_type=\"image.default\">\n\t\t\t\t<div class=\"elementor-widget-container\">\n\t\t\t\t\t\t\t\t\t\t\t\t\t\t\t<img decoding=\"async\" width=\"1024\" height=\"518\" src=\"https:\/\/assets.boseprofessional.com\/transform\/db25a099-b427-45d0-aa29-3fd23cc1d13e\/CST_Sunderland_AmpRackPerson_2024?io=transform:scale,width:1024,height:518\" class=\"attachment-large size-large wp-image-159512\" alt=\"\" srcset=\"https:\/\/assets.boseprofessional.com\/transform\/db25a099-b427-45d0-aa29-3fd23cc1d13e\/CST_Sunderland_AmpRackPerson_2024 2000w, https:\/\/assets.boseprofessional.com\/transform\/db25a099-b427-45d0-aa29-3fd23cc1d13e\/CST_Sunderland_AmpRackPerson_2024?io=transform:scale,width:150,height:76 150w, https:\/\/assets.boseprofessional.com\/transform\/db25a099-b427-45d0-aa29-3fd23cc1d13e\/CST_Sunderland_AmpRackPerson_2024?io=transform:scale,width:300,height:152 300w, https:\/\/assets.boseprofessional.com\/transform\/db25a099-b427-45d0-aa29-3fd23cc1d13e\/CST_Sunderland_AmpRackPerson_2024?io=transform:scale,width:1024,height:518 1024w, https:\/\/assets.boseprofessional.com\/transform\/db25a099-b427-45d0-aa29-3fd23cc1d13e\/CST_Sunderland_AmpRackPerson_2024?io=transform:scale,width:1536,height:777 1536w, https:\/\/assets.boseprofessional.com\/transform\/db25a099-b427-45d0-aa29-3fd23cc1d13e\/CST_Sunderland_AmpRackPerson_2024?io=transform:scale,width:480,height:243 480w, https:\/\/assets.boseprofessional.com\/transform\/db25a099-b427-45d0-aa29-3fd23cc1d13e\/CST_Sunderland_AmpRackPerson_2024?io=transform:scale,width:768,height:389 768w, https:\/\/assets.boseprofessional.com\/transform\/db25a099-b427-45d0-aa29-3fd23cc1d13e\/CST_Sunderland_AmpRackPerson_2024?io=transform:scale,width:1920,height:972 1920w, https:\/\/assets.boseprofessional.com\/transform\/db25a099-b427-45d0-aa29-3fd23cc1d13e\/CST_Sunderland_AmpRackPerson_2024?io=transform:scale,width:600,height:304 600w, https:\/\/assets.boseprofessional.com\/transform\/db25a099-b427-45d0-aa29-3fd23cc1d13e\/CST_Sunderland_AmpRackPerson_2024?io=transform:scale,width:100,height:51 100w\" sizes=\"(max-width: 1024px) 100vw, 1024px\" \/>\t\t\t\t\t\t\t\t\t\t\t\t\t\t\t<\/div>\n\t\t\t\t<\/div>\n\t\t<div data-particle_enable=\"false\" data-particle-mobile-disabled=\"false\" class=\"elementor-element elementor-element-6047c29 e-con-full e-flex e-con e-child\" data-id=\"6047c29\" data-element_type=\"container\">\n\t\t\t\t<div class=\"elementor-element elementor-element-c135a61 elementor-widget elementor-widget-text-editor\" data-id=\"c135a61\" data-element_type=\"widget\" data-widget_type=\"text-editor.default\">\n\t\t\t\t<div class=\"elementor-widget-container\">\n\t\t\t\t\t\t\t\t\t<p><strong>Contr\u00f4le<\/strong> . Personnalisez les commandes du syst\u00e8me pour ajuster simultan\u00e9ment plusieurs param\u00e8tres du processeur ou rappeler des param\u00e8tres sp\u00e9cifiques. Associez les param\u00e8tres \u00e0 Bose Professional Centre de contr\u00f4le commandes Utilisez ensuite la fonction de simulation intelligente pour tester votre programmation hors ligne et gagner du temps lors de la mise en service. \u00c9largissez vos possibilit\u00e9s gr\u00e2ce aux entr\u00e9es\/sorties programmables \u00e0 usage g\u00e9n\u00e9ral (GPIO), aux fonctions logiques ou \u00e0 la commande s\u00e9rie, ou utilisez des temporisateurs pour automatiser les processus.<\/p><p><strong>Amplifier<\/strong> . Puissance amplificateurs sont tout aussi faciles \u00e0 configurer, \u00e0 acheminer et \u00e0 g\u00e9rer dans ControlSpace Concepteur. Surveillez les alarmes et les \u00e9tats de d\u00e9faut, d\u00e9finissez ou mesurez les imp\u00e9dances et appliquez des pr\u00e9r\u00e9glages d'\u00e9galisation param\u00e9trique \u2014 chargez des pr\u00e9r\u00e9glages pr\u00e9-optimis\u00e9s Bose Professional Utilisez des \u00e9galiseurs ou cr\u00e9ez et sauvegardez les v\u00f4tres.<\/p>\t\t\t\t\t\t\t\t<\/div>\n\t\t\t\t<\/div>\n\t\t\t\t<\/div>\n\t\t\t\t<\/div>\n\t\t<div data-particle_enable=\"false\" data-particle-mobile-disabled=\"false\" class=\"elementor-element elementor-element-615a130 e-grid e-con-full e-con e-child\" data-id=\"615a130\" data-element_type=\"container\">\n\t\t<div data-particle_enable=\"false\" data-particle-mobile-disabled=\"false\" class=\"elementor-element elementor-element-b0ab794 e-con-full e-flex e-con e-child\" data-id=\"b0ab794\" data-element_type=\"container\">\n\t\t\t\t<div class=\"elementor-element elementor-element-16672b8 elementor-widget elementor-widget-text-editor\" data-id=\"16672b8\" data-element_type=\"widget\" data-widget_type=\"text-editor.default\">\n\t\t\t\t<div class=\"elementor-widget-container\">\n\t\t\t\t\t\t\t\t\t<p><strong>Unifiez-vous<\/strong> . Avec notre solution compatible Dante\u00ae. ControlSpace signal processeurs , vous pouvez int\u00e9grer Bose Professional DSP dans Dante Syst\u00e8mes sans mat\u00e9riel r\u00e9seau suppl\u00e9mentaire, des petits syst\u00e8mes aux plus grands avec plusieurs points de terminaison et une conception de r\u00e9seau redondante. G\u00e9rer Dante appareils dans des applications famili\u00e8res par Audinate\u00ae ( Dante Contr\u00f4leur, Dante Gestionnaire de domaine, Dante Updater), puis associez-les \u00e0 des appareils dans ControlSpace Interface permettant de visualiser les informations de l'appareil en temps r\u00e9el.<\/p><p>Configurez le traitement du signal, effectuez des tests et des r\u00e9glages lors de la mise en service, ou surveillez les performances, le tout depuis une seule plateforme logicielle. ControlSpace Designer vous offre une exp\u00e9rience de conception de syst\u00e8me puissante et unifi\u00e9e, vous permettant ainsi d'offrir d'excellentes exp\u00e9riences audio \u00e0 vos clients.<\/p><p>Apprenez-en davantage sur l'utilisation ControlSpace Logiciels de conception dans <a href=\"\/fr\/resources\/learning-center\/\">notre centre d'apprentissage<\/a> .<\/p>\t\t\t\t\t\t\t\t<\/div>\n\t\t\t\t<\/div>\n\t\t\t\t<\/div>\n\t\t\t\t<div class=\"elementor-element elementor-element-1b0f4b7 elementor-widget elementor-widget-image\" data-id=\"1b0f4b7\" data-element_type=\"widget\" data-widget_type=\"image.default\">\n\t\t\t\t<div class=\"elementor-widget-container\">\n\t\t\t\t\t\t\t\t\t\t\t\t\t\t\t<img decoding=\"async\" width=\"800\" height=\"450\" src=\"https:\/\/assets.boseprofessional.com\/transform\/a415cb63-2e11-4942-8aad-3486b604609e\/Network-switch-and-ethernet-cables\" class=\"attachment-large size-large wp-image-100142\" alt=\"\" srcset=\"https:\/\/assets.boseprofessional.com\/transform\/a415cb63-2e11-4942-8aad-3486b604609e\/Network-switch-and-ethernet-cables 800w, https:\/\/assets.boseprofessional.com\/transform\/a415cb63-2e11-4942-8aad-3486b604609e\/Network-switch-and-ethernet-cables?io=transform:scale,width:150,height:84 150w, https:\/\/assets.boseprofessional.com\/transform\/a415cb63-2e11-4942-8aad-3486b604609e\/Network-switch-and-ethernet-cables?io=transform:scale,width:300,height:169 300w, https:\/\/assets.boseprofessional.com\/transform\/a415cb63-2e11-4942-8aad-3486b604609e\/Network-switch-and-ethernet-cables?io=transform:scale,width:480,height:270 480w, https:\/\/assets.boseprofessional.com\/transform\/a415cb63-2e11-4942-8aad-3486b604609e\/Network-switch-and-ethernet-cables?io=transform:scale,width:768,height:432 768w, https:\/\/assets.boseprofessional.com\/transform\/a415cb63-2e11-4942-8aad-3486b604609e\/Network-switch-and-ethernet-cables?io=transform:scale,width:600,height:338 600w, https:\/\/assets.boseprofessional.com\/transform\/a415cb63-2e11-4942-8aad-3486b604609e\/Network-switch-and-ethernet-cables?io=transform:scale,width:100,height:56 100w\" sizes=\"(max-width: 800px) 100vw, 800px\" \/>\t\t\t\t\t\t\t\t\t\t\t\t\t\t\t<\/div>\n\t\t\t\t<\/div>\n\t\t\t\t<\/div>\n\t\t<div data-particle_enable=\"false\" data-particle-mobile-disabled=\"false\" class=\"elementor-element elementor-element-ec39faa e-grid e-con-full e-con e-child\" data-id=\"ec39faa\" data-element_type=\"container\">\n\t\t\t\t<div class=\"elementor-element elementor-element-61b696f elementor-widget elementor-widget-image\" data-id=\"61b696f\" data-element_type=\"widget\" data-widget_type=\"image.default\">\n\t\t\t\t<div class=\"elementor-widget-container\">\n\t\t\t\t\t\t\t\t\t\t\t\t<figure class=\"wp-caption\">\n\t\t\t\t\t\t\t\t\t\t<img loading=\"lazy\" decoding=\"async\" width=\"1024\" height=\"576\" src=\"https:\/\/assets.boseprofessional.com\/transform\/1008e3c7-0374-46b2-a642-7b812d2d1916\/city-blurred?io=transform:scale,width:1024,height:576\" class=\"attachment-large size-large wp-image-159551\" alt=\"\" srcset=\"https:\/\/assets.boseprofessional.com\/transform\/1008e3c7-0374-46b2-a642-7b812d2d1916\/city-blurred 2000w, https:\/\/assets.boseprofessional.com\/transform\/1008e3c7-0374-46b2-a642-7b812d2d1916\/city-blurred?io=transform:scale,width:150,height:84 150w, https:\/\/assets.boseprofessional.com\/transform\/1008e3c7-0374-46b2-a642-7b812d2d1916\/city-blurred?io=transform:scale,width:300,height:169 300w, https:\/\/assets.boseprofessional.com\/transform\/1008e3c7-0374-46b2-a642-7b812d2d1916\/city-blurred?io=transform:scale,width:1024,height:576 1024w, https:\/\/assets.boseprofessional.com\/transform\/1008e3c7-0374-46b2-a642-7b812d2d1916\/city-blurred?io=transform:scale,width:1536,height:864 1536w, https:\/\/assets.boseprofessional.com\/transform\/1008e3c7-0374-46b2-a642-7b812d2d1916\/city-blurred?io=transform:scale,width:480,height:270 480w, https:\/\/assets.boseprofessional.com\/transform\/1008e3c7-0374-46b2-a642-7b812d2d1916\/city-blurred?io=transform:scale,width:768,height:432 768w, https:\/\/assets.boseprofessional.com\/transform\/1008e3c7-0374-46b2-a642-7b812d2d1916\/city-blurred?io=transform:scale,width:1920,height:1080 1920w, https:\/\/assets.boseprofessional.com\/transform\/1008e3c7-0374-46b2-a642-7b812d2d1916\/city-blurred?io=transform:scale,width:600,height:338 600w, https:\/\/assets.boseprofessional.com\/transform\/1008e3c7-0374-46b2-a642-7b812d2d1916\/city-blurred?io=transform:scale,width:100,height:56 100w\" sizes=\"(max-width: 1024px) 100vw, 1024px\" \/>\t\t\t\t\t\t\t\t\t\t\t<figcaption class=\"widget-image-caption wp-caption-text\">Nouveau cloud fonctionnalit\u00e9s bas\u00e9es sur<\/figcaption>\n\t\t\t\t\t\t\t\t\t\t<\/figure>\n\t\t\t\t\t\t\t\t\t<\/div>\n\t\t\t\t<\/div>\n\t\t<div data-particle_enable=\"false\" data-particle-mobile-disabled=\"false\" class=\"elementor-element elementor-element-3a6c216 e-con-full e-flex e-con e-child\" data-id=\"3a6c216\" data-element_type=\"container\">\n\t\t\t\t<div class=\"elementor-element elementor-element-59c85e0 elementor-widget elementor-widget-text-editor\" data-id=\"59c85e0\" data-element_type=\"widget\" data-widget_type=\"text-editor.default\">\n\t\t\t\t<div class=\"elementor-widget-container\">\n\t\t\t\t\t\t\t\t\t<p><strong>Acc\u00e9l\u00e9rez votre flux de travail de conception.<\/strong> Passez \u00e0 la vitesse sup\u00e9rieure en mati\u00e8re de conception de syst\u00e8mes gr\u00e2ce \u00e0 ControlSpace Accelerator , un cloud - un outil logiciel qui simplifie le processus de conception des syst\u00e8mes audio pour permettre une configuration plus rapide et plus coh\u00e9rente des types de projets courants. ControlSpace Concepteur. Cet outil optimise les flux de travail et permet d'accro\u00eetre la vitesse de configuration initiale d'un facteur 5 en moyenne. ControlSpace Projets de designers.<\/p>\t\t\t\t\t\t\t\t<\/div>\n\t\t\t\t<\/div>\n\t\t\t\t<\/div>\n\t\t\t\t<\/div>\n\t\t<div data-particle_enable=\"false\" data-particle-mobile-disabled=\"false\" class=\"elementor-element elementor-element-3c8a522 e-grid e-con-full e-con e-child\" data-id=\"3c8a522\" data-element_type=\"container\">\n\t\t<div data-particle_enable=\"false\" data-particle-mobile-disabled=\"false\" class=\"elementor-element elementor-element-f994500 e-con-full e-flex e-con e-child\" data-id=\"f994500\" data-element_type=\"container\">\n\t\t\t\t<div class=\"elementor-element elementor-element-f3191c6 elementor-widget elementor-widget-text-editor\" data-id=\"f3191c6\" data-element_type=\"widget\" data-widget_type=\"text-editor.default\">\n\t\t\t\t<div class=\"elementor-widget-container\">\n\t\t\t\t\t\t\t\t\t<p><strong>Gestion des appareils via Cloud , o\u00f9 que vous soyez<\/strong> . ControlSpace Cloud permet la surveillance et le d\u00e9pannage \u00e0 distance du syst\u00e8me ControlSpace appareils depuis n'importe o\u00f9 avec cloud La connectivit\u00e9 vous permet de r\u00e9agir instantan\u00e9ment aux probl\u00e8mes syst\u00e8me et m\u00eame de les anticiper, r\u00e9duisant ainsi les interventions sur site inutiles. Enti\u00e8rement \u00e9volutive, elle vous permet de superviser une seule pi\u00e8ce ou plusieurs organisations \u00e0 travers le monde, le tout depuis un tableau de bord unique.<\/p>\t\t\t\t\t\t\t\t<\/div>\n\t\t\t\t<\/div>\n\t\t\t\t<\/div>\n\t\t\t\t<div class=\"elementor-element elementor-element-72e688f elementor-widget elementor-widget-image\" data-id=\"72e688f\" data-element_type=\"widget\" data-widget_type=\"image.default\">\n\t\t\t\t<div class=\"elementor-widget-container\">\n\t\t\t\t\t\t\t\t\t\t\t\t\t\t\t<img loading=\"lazy\" decoding=\"async\" width=\"1024\" height=\"576\" src=\"https:\/\/assets.boseprofessional.com\/transform\/c60d091c-6113-4091-9ff1-b497a658b771\/INSTL_SW-CS-Cloud_1920x1080-png?io=transform:scale,width:1024,height:576\" class=\"attachment-large size-large wp-image-159552\" alt=\"\" srcset=\"https:\/\/assets.boseprofessional.com\/transform\/c60d091c-6113-4091-9ff1-b497a658b771\/INSTL_SW-CS-Cloud_1920x1080-png 1920w, https:\/\/assets.boseprofessional.com\/transform\/c60d091c-6113-4091-9ff1-b497a658b771\/INSTL_SW-CS-Cloud_1920x1080-png?io=transform:scale,width:150,height:84 150w, https:\/\/assets.boseprofessional.com\/transform\/c60d091c-6113-4091-9ff1-b497a658b771\/INSTL_SW-CS-Cloud_1920x1080-png?io=transform:scale,width:300,height:169 300w, https:\/\/assets.boseprofessional.com\/transform\/c60d091c-6113-4091-9ff1-b497a658b771\/INSTL_SW-CS-Cloud_1920x1080-png?io=transform:scale,width:1024,height:576 1024w, https:\/\/assets.boseprofessional.com\/transform\/c60d091c-6113-4091-9ff1-b497a658b771\/INSTL_SW-CS-Cloud_1920x1080-png?io=transform:scale,width:1536,height:864 1536w, https:\/\/assets.boseprofessional.com\/transform\/c60d091c-6113-4091-9ff1-b497a658b771\/INSTL_SW-CS-Cloud_1920x1080-png?io=transform:scale,width:480,height:270 480w, https:\/\/assets.boseprofessional.com\/transform\/c60d091c-6113-4091-9ff1-b497a658b771\/INSTL_SW-CS-Cloud_1920x1080-png?io=transform:scale,width:768,height:432 768w, https:\/\/assets.boseprofessional.com\/transform\/c60d091c-6113-4091-9ff1-b497a658b771\/INSTL_SW-CS-Cloud_1920x1080-png?io=transform:scale,width:600,height:338 600w, https:\/\/assets.boseprofessional.com\/transform\/c60d091c-6113-4091-9ff1-b497a658b771\/INSTL_SW-CS-Cloud_1920x1080-png?io=transform:scale,width:100,height:56 100w\" sizes=\"(max-width: 1024px) 100vw, 1024px\" \/>\t\t\t\t\t\t\t\t\t\t\t\t\t\t\t<\/div>\n\t\t\t\t<\/div>\n\t\t\t\t<\/div>\n\t\t\t\t<\/div>\n\t\t","protected":false},"excerpt":{"rendered":"<p>ControlSpace Les logiciels de conception sont la pierre angulaire de ControlSpace \u00e9cosyst\u00e8me, combinant les flux de travail intuitifs, la personnalisation et la gestion des appareils de Bose Professional Syst\u00e8mes audio en r\u00e9seau. Cr\u00e9ez, testez et perfectionnez vos conceptions avec facilit\u00e9 et efficacit\u00e9\u00a0: du routage audio aux \u00e9galiseurs et limiteurs, de la configuration des amplificateurs \u00e0 la conception des contr\u00f4leurs, etc. cloud - Surveillance bas\u00e9e sur les mises \u00e0 jour du micrologiciel. Et configuration r\u00e9seau int\u00e9gr\u00e9e [\u2026]<\/p>\n","protected":false},"author":33,"featured_media":0,"parent":0,"menu_order":0,"comment_status":"closed","ping_status":"closed","template":"","meta":{"_acf_changed":false,"ep_exclude_from_search":false,"footnotes":""},"page-category":[],"class_list":["post-159498","page","type-page","status-publish","hentry"],"acf":[],"_links":{"self":[{"href":"https:\/\/boseprofessional.com\/fr\/wp-json\/wp\/v2\/pages\/159498","targetHints":{"allow":["GET"]}}],"collection":[{"href":"https:\/\/boseprofessional.com\/fr\/wp-json\/wp\/v2\/pages"}],"about":[{"href":"https:\/\/boseprofessional.com\/fr\/wp-json\/wp\/v2\/types\/page"}],"author":[{"embeddable":true,"href":"https:\/\/boseprofessional.com\/fr\/wp-json\/wp\/v2\/users\/33"}],"replies":[{"embeddable":true,"href":"https:\/\/boseprofessional.com\/fr\/wp-json\/wp\/v2\/comments?post=159498"}],"version-history":[{"count":4,"href":"https:\/\/boseprofessional.com\/fr\/wp-json\/wp\/v2\/pages\/159498\/revisions"}],"predecessor-version":[{"id":159571,"href":"https:\/\/boseprofessional.com\/fr\/wp-json\/wp\/v2\/pages\/159498\/revisions\/159571"}],"wp:attachment":[{"href":"https:\/\/boseprofessional.com\/fr\/wp-json\/wp\/v2\/media?parent=159498"}],"wp:term":[{"taxonomy":"page-category","embeddable":true,"href":"https:\/\/boseprofessional.com\/fr\/wp-json\/wp\/v2\/page-category?post=159498"}],"curies":[{"name":"wp","href":"https:\/\/api.w.org\/{rel}","templated":true}]}}