{"id":15473,"date":"2024-08-05T08:59:45","date_gmt":"2024-08-05T08:59:45","guid":{"rendered":"https:\/\/uatnew.boseprofessional.com\/?page_id=15473"},"modified":"2025-07-10T21:43:58","modified_gmt":"2025-07-10T21:43:58","slug":"download-library","status":"publish","type":"page","link":"https:\/\/boseprofessional.com\/fr\/resources\/download-library\/","title":{"rendered":"Download Library"},"content":{"rendered":"\t\t<div data-elementor-type=\"wp-page\" data-elementor-id=\"15473\" class=\"elementor elementor-15473\" data-elementor-post-type=\"page\">\n\t\t\t\t<div data-particle_enable=\"false\" data-particle-mobile-disabled=\"false\" class=\"elementor-element elementor-element-25c45c3e e-flex e-con-boxed e-con e-parent\" data-id=\"25c45c3e\" data-element_type=\"container\" data-settings=\"{&quot;background_background&quot;:&quot;classic&quot;,&quot;shape_divider_bottom&quot;:&quot;opacity-tilt&quot;}\">\n\t\t\t\t\t<div class=\"e-con-inner\">\n\t\t\t\t<div class=\"elementor-shape elementor-shape-bottom\" aria-hidden=\"true\" data-negative=\"false\">\n\t\t\t<svg xmlns=\"http:\/\/www.w3.org\/2000\/svg\" viewbox=\"0 0 2600 131.1\" preserveaspectratio=\"none\">\n\t<path class=\"elementor-shape-fill\" d=\"M0 0L2600 0 2600 69.1 0 0z\"\/>\n\t<path class=\"elementor-shape-fill\" style=\"opacity:0.5\" d=\"M0 0L2600 0 2600 69.1 0 69.1z\"\/>\n\t<path class=\"elementor-shape-fill\" style=\"opacity:0.25\" d=\"M2600 0L0 0 0 130.1 2600 69.1z\"\/>\n<\/svg>\t\t<\/div>\n\t\t\t\t<div class=\"elementor-element elementor-element-3125a18e elementor-widget elementor-widget-heading\" data-id=\"3125a18e\" data-element_type=\"widget\" data-widget_type=\"heading.default\">\n\t\t\t\t<div class=\"elementor-widget-container\">\n\t\t\t\t\t<h1 class=\"elementor-heading-title elementor-size-default\">Biblioth\u00e8que des t\u00e9l\u00e9chargements<\/h1>\t\t\t\t<\/div>\n\t\t\t\t<\/div>\n\t\t\t\t\t<\/div>\n\t\t\t\t<\/div>\n\t\t<div data-particle_enable=\"false\" data-particle-mobile-disabled=\"false\" class=\"elementor-element elementor-element-4638890 e-con-full e-flex e-con e-parent\" data-id=\"4638890\" data-element_type=\"container\">\n\t\t\t\t<div class=\"elementor-element elementor-element-d282fca elementor-widget elementor-widget-shortcode\" data-id=\"d282fca\" data-element_type=\"widget\" data-widget_type=\"shortcode.default\">\n\t\t\t\t<div class=\"elementor-widget-container\">\n\t\t\t\t\t\t\t<div class=\"elementor-shortcode\"><div class=\"download-library-content-wrapper\">\n<div id=\"loading-panel\" class=\"bp_loading-overlay open\">\n      <div class=\"bp_loading\"><\/div>\n<\/div>\n<div class=\"download-lib-filter-wrapper\">\n    <div class=\"bp_content-max-width\">\n    <?php if( is_page() ) { ?>\n    <div id=\"loading-panel-filters\" class=\"bp_loading-overlay\">\n          <div class=\"bp_loading\"><\/div>\n    <\/div>\n    <?php } ?>\n     <div class=\"filter-blocks\">\n       <label class=\"bp_headline-24\"for=\"\">Filtrer par<\/label>\n       <div class=\"keywords-search\">\n         <input type=\"text\" class=\"\" placeholder=\"Mots cl\u00e9s\" id=\"filter-keywords-input\" name=\"keywords\"\/>\n       <\/div>\n     <\/div>\n     <div class=\"four-col checkbox-block\">\n     <div class=\"filter-blocks\">\n       <label for=\"\">Type de document<\/label>\n       <div  class=\"mCustomScrollbar filter-type-list-block\"  data-mcs-theme=\"dark\" >\n         <ul class=\"filetr-type-list\" id=\"document-type-list\">\n\n         <\/ul>\n       <\/div>\n     <\/div>\n     <div class=\"filter-blocks\">\n       <label for=\"\">Famille de produits<\/label>\n       <div  class=\"mCustomScrollbar filter-type-list-block\" data-mcs-theme=\"dark\" >\n        <ul class=\"filetr-type-list\" id=\"product-family-list\">\n\n        <\/ul>\n       <\/div>\n     <\/div>\n     <div class=\"filter-blocks\">\n       <label for=\"\">S\u00e9rie<\/label>\n       <div  class=\"mCustomScrollbar filter-type-list-block\"  data-mcs-theme=\"dark\" >\n        <ul class=\"filetr-type-list\" id=\"series-list\">\n\n        <\/ul>\n       <\/div>\n     <\/div>\n     <div class=\"filter-blocks\">\n       <label for=\"\">Mod\u00e8le<\/label>\n       <div  class=\"mCustomScrollbar filter-type-list-block\" data-mcs-theme=\"dark\" >\n        <ul class=\"filetr-type-list\" id=\"model-list\">\n\n        <\/ul>\n       <\/div>\n     <\/div>\n     <div class=\"filter-blocks\">\n      <label for=\"\">Langues<\/label>\n      <div  class=\"mCustomScrollbar filter-type-list-block\"  data-mcs-theme=\"dark\" >\n       <ul class=\"filetr-type-list\" id=\"language-list\">\n\n       <\/ul>\n      <\/div>\n    <\/div>\n     <\/div>\n     <div class=\"filter-actions\">\n       <button class=\"bp_rounded-btn-light-outlined\" type=\"button\" id=\"show-results-btn\">AFFICHER LES R\u00c9SULTATS<\/button>\n       <button class=\"bp_rounded-btn-light-outlined\" type=\"button\" id=\"reset-filter-btn\">R\u00c9INITIALISER<\/button>\n     <\/div>\n  <\/div>\n<\/div>\n   <div class=\"bp_content-max-width\">\n     <div class=\"download-library-grid\">\n       <div class=\"download-library-grid-header\">\n       <div><h2>Biblioth\u00e8que de t\u00e9l\u00e9chargement<\/h2>\n       <div class=\"result-count\"><\/div>\n       <div class=\"selected-types\"><\/div>\n       <\/div>\n       <div>\n        <button class=\"bp_btn-disabled bp_rounded-btn-light-outlined download-selected-btn\" id=\"bp_download-files\" type=\"button\">\n          <i class=\"download-icon\">\n            <svg xmlns=\"http:\/\/www.w3.org\/2000\/svg\" width=\"24\" height=\"24\" viewbox=\"0 0 24 24\" fill=\"none\">\n              <path d=\"M7.6 17.5H16.4C16.7117 17.5 16.9731 17.3944 17.1843 17.1832C17.3955 16.972 17.5007 16.7109 17.5 16.4C17.5 16.0883 17.3944 15.8269 17.1832 15.6157C16.972 15.4045 16.7109 15.2993 16.4 15.3H7.6C7.28833 15.3 7.0269 15.4056 6.8157 15.6168C6.6045 15.828 6.49927 16.0891 6.5 16.4C6.5 16.7117 6.6056 16.9731 6.8168 17.1843C7.028 17.3955 7.28907 17.5007 7.6 17.5ZM10.9 9.965L9.91 9.0025C9.70833 8.80083 9.45607 8.7 9.1532 8.7C8.85033 8.7 8.58927 8.81 8.37 9.03C8.16833 9.23167 8.0675 9.48833 8.0675 9.8C8.0675 10.1117 8.16833 10.3683 8.37 10.57L11.23 13.43C11.45 13.65 11.7067 13.76 12 13.76C12.2933 13.76 12.55 13.65 12.77 13.43L15.63 10.57C15.8317 10.3683 15.9369 10.1161 15.9457 9.8132C15.9545 9.51033 15.8493 9.24927 15.63 9.03C15.4283 8.82833 15.1761 8.72273 14.8732 8.7132C14.5703 8.70367 14.3093 8.8001 14.09 9.0025L13.1 9.965V6.5C13.1 6.18833 12.9944 5.9269 12.7832 5.7157C12.572 5.5045 12.3109 5.39927 12 5.4C11.6883 5.4 11.4269 5.5056 11.2157 5.7168C11.0045 5.928 10.8993 6.18907 10.9 6.5V9.965ZM12 23C10.4783 23 9.04833 22.7111 7.71 22.1332C6.37167 21.5553 5.2075 20.7718 4.2175 19.7825C3.2275 18.7925 2.44393 17.6283 1.8668 16.29C1.28967 14.9517 1.00073 13.5217 1 12C1 10.4783 1.28893 9.04833 1.8668 7.71C2.44467 6.37167 3.22823 5.2075 4.2175 4.2175C5.2075 3.2275 6.37167 2.44393 7.71 1.8668C9.04833 1.28967 10.4783 1.00073 12 1C13.5217 1 14.9517 1.28893 16.29 1.8668C17.6283 2.44467 18.7925 3.22823 19.7825 4.2175C20.7725 5.2075 21.5564 6.37167 22.1343 7.71C22.7122 9.04833 23.0007 10.4783 23 12C23 13.5217 22.7111 14.9517 22.1332 16.29C21.5553 17.6283 20.7718 18.7925 19.7825 19.7825C18.7925 20.7725 17.6283 21.5564 16.29 22.1343C14.9517 22.7122 13.5217 23.0007 12 23ZM12 20.8C14.4567 20.8 16.5375 19.9475 18.2425 18.2425C19.9475 16.5375 20.8 14.4567 20.8 12C20.8 9.54333 19.9475 7.4625 18.2425 5.7575C16.5375 4.0525 14.4567 3.2 12 3.2C9.54333 3.2 7.4625 4.0525 5.7575 5.7575C4.0525 7.4625 3.2 9.54333 3.2 12C3.2 14.4567 4.0525 16.5375 5.7575 18.2425C7.4625 19.9475 9.54333 20.8 12 20.8Z\" fill=\"black\"><\/path>\n            <\/svg>\n          <\/i>T\u00c9L\u00c9CHARGER LA S\u00c9LECTION\n        <\/button>\n        <\/div>\n       <\/div>\n       <div class=\"download-library-grid-content\">\n        <form id=\"bp_download-form\">\n         <table>\n           <colgroup>\n           <col>\n            <col>\n            <col>\n            <col>\n            <col>\n           <\/colgroup>\n           <thead>\n             <tr>\n               <th><label class=\"filter-checkbox\" for=\"bp_select-all-files\"><input type=\"checkbox\" aria-label=\"Cochez la case \u00ab\u00a0S\u00e9lectionner tous les fichiers\u00a0\u00bb.\" id=\"bp_select-all-files\"\/>\n             <span class=\"checkmark\"><\/span><\/label><\/th>\n               <th>Titre<\/th>\n               <th>Type de document<\/th>\n               <th>Format num\u00e9rique<\/th>\n               <th>Taille du fichier<\/th>\n             <\/tr>\n           <\/thead>\n           <tbody>\n\n           <\/tbody>\n         <\/table>\n        <\/form>\n       <\/div>\n       <div class=\"download-library-grid-footer\">\n         <div class=\"grid-pagination\" id=\"bp_download-library-pagination\">\n          <\/div>\n       <\/div>\n     <\/div>\n<\/div>\n<\/div>\n<div class=\"bp_spacer-40\"><\/div>\n<\/div>\n\t\t\t\t\t\t<\/div>\n\t\t\t\t<\/div>\n\t\t\t\t<div class=\"elementor-element elementor-element-392f0ed content-align-cta-center elementor-widget-tablet__width-inherit btn-link-en eael-cta-overlay-yes elementor-widget elementor-widget-eael-cta-box\" data-id=\"392f0ed\" data-element_type=\"widget\" data-widget_type=\"eael-cta-box.default\">\n\t\t\t\t<div class=\"elementor-widget-container\">\n\t\t\t\t\t\t\t<div class=\"eael-call-to-action cta-basic bg-img cta-preset-1\">\n        <h4 class=\"sub-title\">Avec plus de 250 produits de qualit\u00e9 professionnelle<\/h4><h2 class=\"title eael-cta-heading\">Vous pouvez cr\u00e9er des solutions audio compl\u00e8tes adapt\u00e9es \u00e0 n'importe quel environnement.<\/h2><a href=\"https:\/\/assets.boseprofessional.com\/m\/140408f8592abd51\/original\/BosePro_Catalog_A4_EN.pdf\" class=\"cta-button cta-preset-1\">Catalogue produits<\/a><a href=\"https:\/\/assets.boseprofessional.com\/m\/2a80b60086ff9c51\/original\/XCAT_XCAT_MA_A4_Installed-Sound-2024_enUS.pdf\" class=\"cta-button cta-secondary-button\">Matrice de produits<\/a>\t<\/div>\n\t\t\t\t\t\t\t\t<\/div>\n\t\t\t\t<\/div>\n\t\t\t\t<div class=\"elementor-element elementor-element-b3b4071 content-align-cta-center elementor-widget-tablet__width-inherit btn-link-jp eael-cta-overlay-yes elementor-widget elementor-widget-eael-cta-box\" data-id=\"b3b4071\" data-element_type=\"widget\" data-widget_type=\"eael-cta-box.default\">\n\t\t\t\t<div class=\"elementor-widget-container\">\n\t\t\t\t\t\t\t<div class=\"eael-call-to-action cta-basic bg-img cta-preset-1\">\n        <h4 class=\"sub-title\">Avec plus de 250 produits de qualit\u00e9 professionnelle<\/h4><h2 class=\"title eael-cta-heading\">Vous pouvez cr\u00e9er des solutions audio compl\u00e8tes adapt\u00e9es \u00e0 n'importe quel environnement.<\/h2><a href=\"https:\/\/assets.boseprofessional.com\/m\/100e629f35c31e92\/original\/BOSE-PRO_Full-Catalog.pdf\" class=\"cta-button cta-preset-1\">Catalogue produits<\/a><a href=\"https:\/\/assets.boseprofessional.com\/m\/2a80b60086ff9c51\/original\/XCAT_XCAT_MA_A4_Installed-Sound-2024_enUS.pdf\" class=\"cta-button cta-secondary-button\">Matrice de produits<\/a>\t<\/div>\n\t\t\t\t\t\t\t\t<\/div>\n\t\t\t\t<\/div>\n\t\t\t\t<\/div>\n\t\t\t\t<\/div>\n\t\t","protected":false},"excerpt":{"rendered":"<p>Biblioth\u00e8que de t\u00e9l\u00e9chargement Avec plus de 250 produits de qualit\u00e9 professionnelle, vous pouvez cr\u00e9er des solutions audio compl\u00e8tes et adapt\u00e9es \u00e0 tous les environnements. Catalogue de produits Matrice de produits Avec plus de 250 produits de qualit\u00e9 professionnelle, vous pouvez cr\u00e9er des solutions audio compl\u00e8tes et adapt\u00e9es \u00e0 tous les environnements. Catalogue de produits Matrice de produits<\/p>\n","protected":false},"author":33,"featured_media":101402,"parent":5582,"menu_order":0,"comment_status":"closed","ping_status":"closed","template":"","meta":{"_acf_changed":false,"ep_exclude_from_search":false,"footnotes":""},"page-category":[],"class_list":["post-15473","page","type-page","status-publish","has-post-thumbnail","hentry"],"acf":[],"rankMath":{"parentDomain":"boseprofessional.com","noFollowDomains":[],"noFollowExcludeDomains":[],"noFollowExternalLinks":false,"featuredImageNotice":"The featured image should be at least 200 by 200 pixels to be picked up by Facebook and other social media sites.","pluginReviewed":true,"postSettings":{"linkSuggestions":true,"useFocusKeyword":false},"frontEndScore":false,"postName":"download-library","permalinkFormat":"https:\/\/boseprofessional.com\/%pagename%","showLockModifiedDate":true,"assessor":{"focusKeywordLink":"https:\/\/boseprofessional.com\/wp-admin\/edit.php?focus_keyword=%focus_keyword%&post_type=%post_type%","hasTOCPlugin":true,"primaryTaxonomy":false,"serpData":{"title":"T\u00e9l\u00e9charger la biblioth\u00e8que %sep% %sitename%","description":"Retrouvez tous les t\u00e9l\u00e9chargements disponibles pour l\u2019ensemble des produits Bose Professional.","focusKeywords":"","pillarContent":false,"canonicalUrl":"","breadcrumbTitle":"","advancedRobots":{"max-snippet":"-1","max-video-preview":"-1","max-image-preview":"large"},"facebookTitle":"","facebookDescription":"","facebookImage":"","facebookImageID":"","facebookHasOverlay":false,"facebookImageOverlay":"","facebookAuthor":"","twitterCardType":"","twitterUseFacebook":true,"twitterTitle":"","twitterDescription":"","twitterImage":"","twitterImageID":"","twitterHasOverlay":false,"twitterImageOverlay":"","twitterPlayerUrl":"","twitterPlayerSize":"","twitterPlayerStream":"","twitterPlayerStreamCtype":"","twitterAppDescription":"","twitterAppIphoneName":"","twitterAppIphoneID":"","twitterAppIphoneUrl":"","twitterAppIpadName":"","twitterAppIpadID":"","twitterAppIpadUrl":"","twitterAppGoogleplayName":"","twitterAppGoogleplayID":"","twitterAppGoogleplayUrl":"","twitterAppCountry":"","robots":{"index":true},"twitterAuthor":"username","primaryTerm":0,"authorName":"Roland St. Pierre","titleTemplate":"%title% %page% %sep% %sitename%","descriptionTemplate":"%excerpt%","showScoreFrontend":true,"lockModifiedDate":false},"powerWords":[],"diacritics":{"A":"[\\u0041\\u24B6\\uFF21\\u00C0\\u00C1\\u00C2\\u1EA6\\u1EA4\\u1EAA\\u1EA8\\u00C3\\u0100\\u0102\\u1EB0\\u1EAE\\u1EB4\\u1EB2\\u0226\\u01E0\\u00C4\\u01DE\\u1EA2\\u00C5\\u01FA\\u01CD\\u0200\\u0202\\u1EA0\\u1EAC\\u1EB6\\u1E00\\u0104\\u023A\\u2C6F]","AA":"[\\uA732]","AE":"[\\u00C6\\u01FC\\u01E2]","AO":"[\\uA734]","AU":"[\\uA736]","AV":"[\\uA738\\uA73A]","AY":"[\\uA73C]","B":"[\\u0042\\u24B7\\uFF22\\u1E02\\u1E04\\u1E06\\u0243\\u0182\\u0181]","C":"[\\u0043\\u24B8\\uFF23\\u0106\\u0108\\u010A\\u010C\\u00C7\\u1E08\\u0187\\u023B\\uA73E]","D":"[\\u0044\\u24B9\\uFF24\\u1E0A\\u010E\\u1E0C\\u1E10\\u1E12\\u1E0E\\u0110\\u018B\\u018A\\u0189\\uA779]","DZ":"[\\u01F1\\u01C4]","Dz":"[\\u01F2\\u01C5]","E":"[\\u0045\\u24BA\\uFF25\\u00C8\\u00C9\\u00CA\\u1EC0\\u1EBE\\u1EC4\\u1EC2\\u1EBC\\u0112\\u1E14\\u1E16\\u0114\\u0116\\u00CB\\u1EBA\\u011A\\u0204\\u0206\\u1EB8\\u1EC6\\u0228\\u1E1C\\u0118\\u1E18\\u1E1A\\u0190\\u018E]","F":"[\\u0046\\u24BB\\uFF26\\u1E1E\\u0191\\uA77B]","G":"[\\u0047\\u24BC\\uFF27\\u01F4\\u011C\\u1E20\\u011E\\u0120\\u01E6\\u0122\\u01E4\\u0193\\uA7A0\\uA77D\\uA77E]","H":"[\\u0048\\u24BD\\uFF28\\u0124\\u1E22\\u1E26\\u021E\\u1E24\\u1E28\\u1E2A\\u0126\\u2C67\\u2C75\\uA78D]","I":"[\\u0049\\u24BE\\uFF29\\u00CC\\u00CD\\u00CE\\u0128\\u012A\\u012C\\u0130\\u00CF\\u1E2E\\u1EC8\\u01CF\\u0208\\u020A\\u1ECA\\u012E\\u1E2C\\u0197]","J":"[\\u004A\\u24BF\\uFF2A\\u0134\\u0248]","K":"[\\u004B\\u24C0\\uFF2B\\u1E30\\u01E8\\u1E32\\u0136\\u1E34\\u0198\\u2C69\\uA740\\uA742\\uA744\\uA7A2]","L":"[\\u004C\\u24C1\\uFF2C\\u013F\\u0139\\u013D\\u1E36\\u1E38\\u013B\\u1E3C\\u1E3A\\u0141\\u023D\\u2C62\\u2C60\\uA748\\uA746\\uA780]","LJ":"[\\u01C7]","Lj":"[\\u01C8]","M":"[\\u004D\\u24C2\\uFF2D\\u1E3E\\u1E40\\u1E42\\u2C6E\\u019C]","N":"[\\u004E\\u24C3\\uFF2E\\u01F8\\u0143\\u00D1\\u1E44\\u0147\\u1E46\\u0145\\u1E4A\\u1E48\\u0220\\u019D\\uA790\\uA7A4]","NJ":"[\\u01CA]","Nj":"[\\u01CB]","O":"[\\u004F\\u24C4\\uFF2F\\u00D2\\u00D3\\u00D4\\u1ED2\\u1ED0\\u1ED6\\u1ED4\\u00D5\\u1E4C\\u022C\\u1E4E\\u014C\\u1E50\\u1E52\\u014E\\u022E\\u0230\\u00D6\\u022A\\u1ECE\\u0150\\u01D1\\u020C\\u020E\\u01A0\\u1EDC\\u1EDA\\u1EE0\\u1EDE\\u1EE2\\u1ECC\\u1ED8\\u01EA\\u01EC\\u00D8\\u01FE\\u0186\\u019F\\uA74A\\uA74C]","OI":"[\\u01A2]","OO":"[\\uA74E]","OU":"[\\u0222]","P":"[\\u0050\\u24C5\\uFF30\\u1E54\\u1E56\\u01A4\\u2C63\\uA750\\uA752\\uA754]","Q":"[\\u0051\\u24C6\\uFF31\\uA756\\uA758\\u024A]","R":"[\\u0052\\u24C7\\uFF32\\u0154\\u1E58\\u0158\\u0210\\u0212\\u1E5A\\u1E5C\\u0156\\u1E5E\\u024C\\u2C64\\uA75A\\uA7A6\\uA782]","S":"[\\u0053\\u24C8\\uFF33\\u1E9E\\u015A\\u1E64\\u015C\\u1E60\\u0160\\u1E66\\u1E62\\u1E68\\u0218\\u015E\\u2C7E\\uA7A8\\uA784]","T":"[\\u0054\\u24C9\\uFF34\\u1E6A\\u0164\\u1E6C\\u021A\\u0162\\u1E70\\u1E6E\\u0166\\u01AC\\u01AE\\u023E\\uA786]","TZ":"[\\uA728]","U":"[\\u0055\\u24CA\\uFF35\\u00D9\\u00DA\\u00DB\\u0168\\u1E78\\u016A\\u1E7A\\u016C\\u00DC\\u01DB\\u01D7\\u01D5\\u01D9\\u1EE6\\u016E\\u0170\\u01D3\\u0214\\u0216\\u01AF\\u1EEA\\u1EE8\\u1EEE\\u1EEC\\u1EF0\\u1EE4\\u1E72\\u0172\\u1E76\\u1E74\\u0244]","V":"[\\u0056\\u24CB\\uFF36\\u1E7C\\u1E7E\\u01B2\\uA75E\\u0245]","VY":"[\\uA760]","W":"[\\u0057\\u24CC\\uFF37\\u1E80\\u1E82\\u0174\\u1E86\\u1E84\\u1E88\\u2C72]","X":"[\\u0058\\u24CD\\uFF38\\u1E8A\\u1E8C]","Y":"[\\u0059\\u24CE\\uFF39\\u1EF2\\u00DD\\u0176\\u1EF8\\u0232\\u1E8E\\u0178\\u1EF6\\u1EF4\\u01B3\\u024E\\u1EFE]","Z":"[\\u005A\\u24CF\\uFF3A\\u0179\\u1E90\\u017B\\u017D\\u1E92\\u1E94\\u01B5\\u0224\\u2C7F\\u2C6B\\uA762]","a":"[\\u0061\\u24D0\\uFF41\\u1E9A\\u00E0\\u00E1\\u00E2\\u1EA7\\u1EA5\\u1EAB\\u1EA9\\u00E3\\u0101\\u0103\\u1EB1\\u1EAF\\u1EB5\\u1EB3\\u0227\\u01E1\\u00E4\\u01DF\\u1EA3\\u00E5\\u01FB\\u01CE\\u0201\\u0203\\u1EA1\\u1EAD\\u1EB7\\u1E01\\u0105\\u2C65\\u0250]","aa":"[\\uA733]","ae":"[\\u00E6\\u01FD\\u01E3]","ao":"[\\uA735]","au":"[\\uA737]","av":"[\\uA739\\uA73B]","ay":"[\\uA73D]","b":"[\\u0062\\u24D1\\uFF42\\u1E03\\u1E05\\u1E07\\u0180\\u0183\\u0253]","c":"[\\u0063\\u24D2\\uFF43\\u0107\\u0109\\u010B\\u010D\\u00E7\\u1E09\\u0188\\u023C\\uA73F\\u2184]","d":"[\\u0064\\u24D3\\uFF44\\u1E0B\\u010F\\u1E0D\\u1E11\\u1E13\\u1E0F\\u0111\\u018C\\u0256\\u0257\\uA77A]","dz":"[\\u01F3\\u01C6]","e":"[\\u0065\\u24D4\\uFF45\\u00E8\\u00E9\\u00EA\\u1EC1\\u1EBF\\u1EC5\\u1EC3\\u1EBD\\u0113\\u1E15\\u1E17\\u0115\\u0117\\u00EB\\u1EBB\\u011B\\u0205\\u0207\\u1EB9\\u1EC7\\u0229\\u1E1D\\u0119\\u1E19\\u1E1B\\u0247\\u025B\\u01DD]","f":"[\\u0066\\u24D5\\uFF46\\u1E1F\\u0192\\uA77C]","g":"[\\u0067\\u24D6\\uFF47\\u01F5\\u011D\\u1E21\\u011F\\u0121\\u01E7\\u0123\\u01E5\\u0260\\uA7A1\\u1D79\\uA77F]","h":"[\\u0068\\u24D7\\uFF48\\u0125\\u1E23\\u1E27\\u021F\\u1E25\\u1E29\\u1E2B\\u1E96\\u0127\\u2C68\\u2C76\\u0265]","hv":"[\\u0195]","i":"[\\u0069\\u24D8\\uFF49\\u00EC\\u00ED\\u00EE\\u0129\\u012B\\u012D\\u00EF\\u1E2F\\u1EC9\\u01D0\\u0209\\u020B\\u1ECB\\u012F\\u1E2D\\u0268\\u0131]","j":"[\\u006A\\u24D9\\uFF4A\\u0135\\u01F0\\u0249]","k":"[\\u006B\\u24DA\\uFF4B\\u1E31\\u01E9\\u1E33\\u0137\\u1E35\\u0199\\u2C6A\\uA741\\uA743\\uA745\\uA7A3]","l":"[\\u006C\\u24DB\\uFF4C\\u0140\\u013A\\u013E\\u1E37\\u1E39\\u013C\\u1E3D\\u1E3B\\u017F\\u0142\\u019A\\u026B\\u2C61\\uA749\\uA781\\uA747]","lj":"[\\u01C9]","m":"[\\u006D\\u24DC\\uFF4D\\u1E3F\\u1E41\\u1E43\\u0271\\u026F]","n":"[\\u006E\\u24DD\\uFF4E\\u01F9\\u0144\\u00F1\\u1E45\\u0148\\u1E47\\u0146\\u1E4B\\u1E49\\u019E\\u0272\\u0149\\uA791\\uA7A5]","nj":"[\\u01CC]","o":"[\\u006F\\u24DE\\uFF4F\\u00F2\\u00F3\\u00F4\\u1ED3\\u1ED1\\u1ED7\\u1ED5\\u00F5\\u1E4D\\u022D\\u1E4F\\u014D\\u1E51\\u1E53\\u014F\\u022F\\u0231\\u00F6\\u022B\\u1ECF\\u0151\\u01D2\\u020D\\u020F\\u01A1\\u1EDD\\u1EDB\\u1EE1\\u1EDF\\u1EE3\\u1ECD\\u1ED9\\u01EB\\u01ED\\u00F8\\u01FF\\u0254\\uA74B\\uA74D\\u0275]","oi":"[\\u01A3]","ou":"[\\u0223]","oo":"[\\uA74F]","p":"[\\u0070\\u24DF\\uFF50\\u1E55\\u1E57\\u01A5\\u1D7D\\uA751\\uA753\\uA755]","q":"[\\u0071\\u24E0\\uFF51\\u024B\\uA757\\uA759]","r":"[\\u0072\\u24E1\\uFF52\\u0155\\u1E59\\u0159\\u0211\\u0213\\u1E5B\\u1E5D\\u0157\\u1E5F\\u024D\\u027D\\uA75B\\uA7A7\\uA783]","s":"[\\u0073\\u24E2\\uFF53\\u015B\\u1E65\\u015D\\u1E61\\u0161\\u1E67\\u1E63\\u1E69\\u0219\\u015F\\u023F\\uA7A9\\uA785\\u1E9B]","ss":"[\\u00DF]","t":"[\\u0074\\u24E3\\uFF54\\u1E6B\\u1E97\\u0165\\u1E6D\\u021B\\u0163\\u1E71\\u1E6F\\u0167\\u01AD\\u0288\\u2C66\\uA787]","tz":"[\\uA729]","u":"[\\u0075\\u24E4\\uFF55\\u00F9\\u00FA\\u00FB\\u0169\\u1E79\\u016B\\u1E7B\\u016D\\u00FC\\u01DC\\u01D8\\u01D6\\u01DA\\u1EE7\\u016F\\u0171\\u01D4\\u0215\\u0217\\u01B0\\u1EEB\\u1EE9\\u1EEF\\u1EED\\u1EF1\\u1EE5\\u1E73\\u0173\\u1E77\\u1E75\\u0289]","v":"[\\u0076\\u24E5\\uFF56\\u1E7D\\u1E7F\\u028B\\uA75F\\u028C]","vy":"[\\uA761]","w":"[\\u0077\\u24E6\\uFF57\\u1E81\\u1E83\\u0175\\u1E87\\u1E85\\u1E98\\u1E89\\u2C73]","x":"[\\u0078\\u24E7\\uFF58\\u1E8B\\u1E8D]","y":"[\\u0079\\u24E8\\uFF59\\u1EF3\\u00FD\\u0177\\u1EF9\\u0233\\u1E8F\\u00FF\\u1EF7\\u1E99\\u1EF5\\u01B4\\u024F\\u1EFF]","z":"[\\u007A\\u24E9\\uFF5A\\u017A\\u1E91\\u017C\\u017E\\u1E93\\u1E95\\u01B6\\u0225\\u0240\\u2C6C\\uA763]"},"researchesTests":["contentHasTOC","contentHasShortParagraphs","contentHasAssets","keywordInTitle","keywordInMetaDescription","keywordInPermalink","keywordIn10Percent","keywordInContent","keywordInSubheadings","keywordInImageAlt","keywordDensity","keywordNotUsed","lengthContent","lengthPermalink","linksHasInternal","linksHasExternals","linksNotAllExternals","titleStartWithKeyword","titleSentiment","titleHasPowerWords","titleHasNumber","hasContentAI"],"hasRedirection":true,"hasBreadcrumb":true},"homeUrl":"https:\/\/boseprofessional.com","objectID":15473,"objectType":"post","locale":"fr-FR","localeFull":"fr-FR","overlayImages":{"play":{"name":"Ic\u00f4ne de lecture","url":"https:\/\/boseprofessional.com\/wp-content\/plugins\/seo-by-rank-math\/assets\/admin\/img\/icon-play.png","path":"\/var\/www\/html\/wp-content\/plugins\/seo-by-rank-math\/assets\/admin\/img\/icon-play.png","position":"middle_center"},"gif":{"name":"ic\u00f4ne GIF","url":"https:\/\/boseprofessional.com\/wp-content\/plugins\/seo-by-rank-math\/assets\/admin\/img\/icon-gif.png","path":"\/var\/www\/html\/wp-content\/plugins\/seo-by-rank-math\/assets\/admin\/img\/icon-gif.png","position":"middle_center"}},"defautOgImage":"https:\/\/assets.boseprofessional.com\/transform\/fb8b2c2f-7198-4c9c-bc1d-c13edcbf4494\/bose_logo-png?io=transform:fit,height:110,width:110&format=webp&quality=85","customPermalinks":true,"isUserRegistered":true,"autoSuggestKeywords":true,"connectSiteUrl":"https:\/\/rankmath.com\/auth?site=https%3A%2F%2Fboseprofessional.com&r=https%3A%2F%2Fboseprofessional.com%2Fwp-json%2Fwp%2Fv2%2Fpages%2F15473%3Fnonce%3Dc660a6c1f5&pro=1","maxTags":100,"trendsIcon":"<svg viewBox=\"0 0 610 610\"><path d=\"M18.85,446,174.32,290.48l58.08,58.08L76.93,504a14.54,14.54,0,0,1-20.55,0L18.83,466.48a14.54,14.54,0,0,1,0-20.55Z\" style=\"fill:#4285f4\"\/><path d=\"M242.65,242.66,377.59,377.6l-47.75,47.75a14.54,14.54,0,0,1-20.55,0L174.37,290.43l47.75-47.75A14.52,14.52,0,0,1,242.65,242.66Z\" style=\"fill:#ea4335\"\/><polygon points=\"319.53 319.53 479.26 159.8 537.34 217.88 377.61 377.62 319.53 319.53\" style=\"fill:#fabb05\"\/><path d=\"M594.26,262.73V118.61h0a16.94,16.94,0,0,0-16.94-16.94H433.2a16.94,16.94,0,0,0-12,28.92L565.34,274.71h0a16.94,16.94,0,0,0,28.92-12Z\" style=\"fill:#34a853\"\/><rect width=\"610\" height=\"610\" style=\"fill:none\"\/><\/svg>","showScore":true,"siteFavIcon":"https:\/\/assets.boseprofessional.com\/transform\/9b04345e-2b91-435f-8874-a39b0a91ce24\/Bose_PRO_Logo_2023_blackbox","canUser":{"general":false,"advanced":false,"snippet":false,"social":false,"analysis":false,"analytics":false,"content_ai":false},"showKeywordIntent":true,"isPro":true,"is_front_page":false,"trendsUpgradeLink":"https:\/\/rankmath.com\/pricing\/?utm_source=Plugin&utm_medium=CE%20General%20Tab%20Trends&utm_campaign=WP","trendsUpgradeLabel":"Upgrade","trendsPreviewImage":"https:\/\/boseprofessional.com\/wp-content\/plugins\/seo-by-rank-math\/assets\/admin\/img\/trends-preview.jpg","currentEditor":false,"homepageData":{"assessor":{"powerWords":[],"diacritics":true,"researchesTests":["contentHasTOC","contentHasShortParagraphs","contentHasAssets","keywordInTitle","keywordInMetaDescription","keywordInPermalink","keywordIn10Percent","keywordInContent","keywordInSubheadings","keywordInImageAlt","keywordDensity","keywordNotUsed","lengthContent","lengthPermalink","linksHasInternal","linksHasExternals","linksNotAllExternals","titleStartWithKeyword","titleSentiment","titleHasPowerWords","titleHasNumber","hasContentAI"],"hasBreadcrumb":true,"serpData":{"title":false,"description":"","titleTemplate":"%sitename% %page% %sep% %sitedesc%","descriptionTemplate":"","focusKeywords":"","breadcrumbTitle":"Home","robots":{"index":true},"advancedRobots":{"max-snippet":"-1","max-video-preview":"-1","max-image-preview":"large"},"facebookTitle":"","facebookDescription":"","facebookImage":"","facebookImageID":""}}},"searchIntents":[],"tocTitle":"Table of Contents","tocExcludeHeadings":[],"listStyle":"unordered"},"_links":{"self":[{"href":"https:\/\/boseprofessional.com\/fr\/wp-json\/wp\/v2\/pages\/15473","targetHints":{"allow":["GET"]}}],"collection":[{"href":"https:\/\/boseprofessional.com\/fr\/wp-json\/wp\/v2\/pages"}],"about":[{"href":"https:\/\/boseprofessional.com\/fr\/wp-json\/wp\/v2\/types\/page"}],"author":[{"embeddable":true,"href":"https:\/\/boseprofessional.com\/fr\/wp-json\/wp\/v2\/users\/33"}],"replies":[{"embeddable":true,"href":"https:\/\/boseprofessional.com\/fr\/wp-json\/wp\/v2\/comments?post=15473"}],"version-history":[{"count":4,"href":"https:\/\/boseprofessional.com\/fr\/wp-json\/wp\/v2\/pages\/15473\/revisions"}],"predecessor-version":[{"id":174616,"href":"https:\/\/boseprofessional.com\/fr\/wp-json\/wp\/v2\/pages\/15473\/revisions\/174616"}],"up":[{"embeddable":true,"href":"https:\/\/boseprofessional.com\/fr\/wp-json\/wp\/v2\/pages\/5582"}],"wp:featuredmedia":[{"embeddable":true,"href":"https:\/\/boseprofessional.com\/fr\/wp-json\/wp\/v2\/media\/101402"}],"wp:attachment":[{"href":"https:\/\/boseprofessional.com\/fr\/wp-json\/wp\/v2\/media?parent=15473"}],"wp:term":[{"taxonomy":"page-category","embeddable":true,"href":"https:\/\/boseprofessional.com\/fr\/wp-json\/wp\/v2\/page-category?post=15473"}],"curies":[{"name":"wp","href":"https:\/\/api.w.org\/{rel}","templated":true}]}}