{"id":143676,"date":"2024-12-09T17:38:53","date_gmt":"2024-12-09T17:38:53","guid":{"rendered":"https:\/\/bosepro-dev-test.boseprofessional.com\/?page_id=143676"},"modified":"2024-12-10T21:06:42","modified_gmt":"2024-12-10T21:06:42","slug":"ireland-weee-page","status":"publish","type":"page","link":"https:\/\/boseprofessional.com\/fr\/resources\/support\/product-recycling-europe\/ireland-weee-page\/","title":{"rendered":"Ireland WEEE"},"content":{"rendered":"\t\t<div data-elementor-type=\"wp-page\" data-elementor-id=\"143676\" class=\"elementor elementor-143676\" data-elementor-post-type=\"page\">\n\t\t\t\t<div data-particle_enable=\"false\" data-particle-mobile-disabled=\"false\" class=\"elementor-element elementor-element-3cae828 e-con-full e-flex e-con e-parent\" data-id=\"3cae828\" data-element_type=\"container\" data-settings=\"{&quot;background_background&quot;:&quot;classic&quot;}\">\n\t\t\t\t<\/div>\n\t\t<div data-particle_enable=\"false\" data-particle-mobile-disabled=\"false\" class=\"elementor-element elementor-element-94da1fe e-flex e-con-boxed e-con e-parent\" data-id=\"94da1fe\" data-element_type=\"container\">\n\t\t\t\t\t<div class=\"e-con-inner\">\n\t\t\t\t<div class=\"elementor-element elementor-element-425d944 elementor-widget elementor-widget-heading\" data-id=\"425d944\" data-element_type=\"widget\" data-widget_type=\"heading.default\">\n\t\t\t\t<div class=\"elementor-widget-container\">\n\t\t\t\t\t<h2 class=\"elementor-heading-title elementor-size-default\">Irlande<\/h2>\t\t\t\t<\/div>\n\t\t\t\t<\/div>\n\t\t\t\t<div class=\"elementor-element elementor-element-d819a46 elementor-widget elementor-widget-text-editor\" data-id=\"d819a46\" data-element_type=\"widget\" data-widget_type=\"text-editor.default\">\n\t\t\t\t<div class=\"elementor-widget-container\">\n\t\t\t\t\t\t\t\t\t<p>Conform\u00e9ment au r\u00e8glement (UE) n\u00b0 149\/2014 relatif aux d\u00e9chets d'\u00e9quipements \u00e9lectriques et \u00e9lectroniques (DEEE), pour les produits que vous achetez aupr\u00e8s de Bose Professional qui portent le symbole de la poubelle \u00e0 roulettes barr\u00e9e, Bose Professional elle pr\u00e9voit des dispositifs pour la collecte, le traitement, le recyclage et la valorisation de ces produits lorsqu'ils arrivent en fin de vie.<\/p><p>De plus, pour tout ancien produit achet\u00e9 avant le <sup>13<\/sup> ao\u00fbt 2005 que votre achat aupr\u00e8s de Bose Professional remplace \u00e0 l'identique et de mani\u00e8re \u00e9quivalente, Bose Professional elle pr\u00e9voit des dispositions pour la collecte, le traitement, le recyclage et la valorisation de l'ancien produit qui est remplac\u00e9.<\/p><p>Bose Professional Nous prenons nos responsabilit\u00e9s environnementales au s\u00e9rieux afin de garantir un processus de recyclage de haute qualit\u00e9 pour nos produits lorsqu'ils arrivent en fin de vie. Bose Professional a mis en \u0153uvre un accord de recyclage avec le R\u00e9seau europ\u00e9en de recyclage avanc\u00e9 (EARN Elektroaltger\u00e4te Service GmbH) afin d'assurer le traitement, le recyclage et la r\u00e9cup\u00e9ration corrects des DEEE pour lesquels Bose Professional est responsable.<\/p><p>Dans le cadre de cet accord\u00a0:<\/p><ul><li>Bose Professional prendra en charge les co\u00fbts de traitement, de recyclage et de valorisation des DEEE pour lesquels Bose Professional est responsable<\/li><li>En retour, Bose Professional exige que le client final organise et prenne en charge les frais de transport des DEEE jusqu'au centre de recyclage EARN en Irlande.<\/li><\/ul><p>Organiser le transport de petites quantit\u00e9s de DEEE pour lesquelles Bose Professional Si vous \u00eates responsable, veuillez utiliser le lien ci-dessous pour remplir le formulaire en ligne\u00a0:<\/p><p><a href=\"https:\/\/b2btool.earn-service.com\/bose-professional-shipment\" target=\"_blank\" rel=\"noopener\">https:\/\/b2btool.earn-service.com\/bose-professional-shipment<\/a><\/p><p>Une fois le formulaire rempli, vous pouvez pr\u00e9parer les DEEE pour le transport vers le centre de recyclage EARN en suivant les instructions en ligne fournies.<\/p><p>Pour les quantit\u00e9s plus importantes ou les DEEE plus volumineux, veuillez utiliser le lien ci-dessous pour demander l'enl\u00e8vement et le transport\u00a0:<\/p><p><a href=\"https:\/\/b2btool.earn-service.com\/bose-professional\" target=\"_blank\" rel=\"noopener\">https:\/\/b2btool.earn-service.com\/bose-professional<\/a><\/p>\t\t\t\t\t\t\t\t<\/div>\n\t\t\t\t<\/div>\n\t\t\t\t\t<\/div>\n\t\t\t\t<\/div>\n\t\t\t\t<\/div>\n\t\t","protected":false},"excerpt":{"rendered":"<p>Irlande Conform\u00e9ment au r\u00e8glement (UE) n\u00b0 149\/2014 relatif aux d\u00e9chets d'\u00e9quipements \u00e9lectriques et \u00e9lectroniques (DEEE), pour les produits que vous achetez aupr\u00e8s de Bose Professional qui portent le symbole de la poubelle \u00e0 roulettes barr\u00e9e, Bose Professional pr\u00e9voit des dispositions pour la collecte, le traitement, le recyclage et la valorisation de ces produits en fin de vie. De plus, pour tout produit achet\u00e9 avant le 13 ao\u00fbt [\u2026]<\/p>\n","protected":false},"author":15,"featured_media":143832,"parent":143645,"menu_order":0,"comment_status":"closed","ping_status":"closed","template":"","meta":{"_acf_changed":false,"ep_exclude_from_search":false,"footnotes":""},"page-category":[],"class_list":["post-143676","page","type-page","status-publish","has-post-thumbnail","hentry"],"acf":[],"_links":{"self":[{"href":"https:\/\/boseprofessional.com\/fr\/wp-json\/wp\/v2\/pages\/143676","targetHints":{"allow":["GET"]}}],"collection":[{"href":"https:\/\/boseprofessional.com\/fr\/wp-json\/wp\/v2\/pages"}],"about":[{"href":"https:\/\/boseprofessional.com\/fr\/wp-json\/wp\/v2\/types\/page"}],"author":[{"embeddable":true,"href":"https:\/\/boseprofessional.com\/fr\/wp-json\/wp\/v2\/users\/15"}],"replies":[{"embeddable":true,"href":"https:\/\/boseprofessional.com\/fr\/wp-json\/wp\/v2\/comments?post=143676"}],"version-history":[{"count":3,"href":"https:\/\/boseprofessional.com\/fr\/wp-json\/wp\/v2\/pages\/143676\/revisions"}],"predecessor-version":[{"id":144191,"href":"https:\/\/boseprofessional.com\/fr\/wp-json\/wp\/v2\/pages\/143676\/revisions\/144191"}],"up":[{"embeddable":true,"href":"https:\/\/boseprofessional.com\/fr\/wp-json\/wp\/v2\/pages\/143645"}],"wp:featuredmedia":[{"embeddable":true,"href":"https:\/\/boseprofessional.com\/fr\/wp-json\/wp\/v2\/media\/143832"}],"wp:attachment":[{"href":"https:\/\/boseprofessional.com\/fr\/wp-json\/wp\/v2\/media?parent=143676"}],"wp:term":[{"taxonomy":"page-category","embeddable":true,"href":"https:\/\/boseprofessional.com\/fr\/wp-json\/wp\/v2\/page-category?post=143676"}],"curies":[{"name":"wp","href":"https:\/\/api.w.org\/{rel}","templated":true}]}}