{"id":1290,"date":"2024-07-19T09:55:24","date_gmt":"2024-07-19T09:55:24","guid":{"rendered":"https:\/\/uatnew.boseprofessional.com\/?page_id=1290"},"modified":"2024-07-30T20:05:30","modified_gmt":"2024-07-30T20:05:30","slug":"copyright-policy","status":"publish","type":"page","link":"https:\/\/boseprofessional.com\/fr\/legal\/copyright-policy\/","title":{"rendered":"Copyright Policy"},"content":{"rendered":"\t\t<div data-elementor-type=\"wp-page\" data-elementor-id=\"1290\" class=\"elementor elementor-1290\" data-elementor-post-type=\"page\">\n\t\t\t\t<div data-particle_enable=\"false\" data-particle-mobile-disabled=\"false\" class=\"elementor-element elementor-element-60d45635 simple-text-container-rs e-flex e-con-boxed e-con e-parent\" data-id=\"60d45635\" data-element_type=\"container\">\n\t\t\t\t\t<div class=\"e-con-inner\">\n\t\t\t\t<div class=\"elementor-element elementor-element-f18d888 elementor-widget elementor-widget-global elementor-global-114353 elementor-widget-button\" data-id=\"f18d888\" data-element_type=\"widget\" data-widget_type=\"button.default\">\n\t\t\t\t<div class=\"elementor-widget-container\">\n\t\t\t\t\t\t\t\t\t<div class=\"elementor-button-wrapper\">\n\t\t\t\t\t<a class=\"elementor-button elementor-button-link elementor-size-sm elementor-animation-shrink\" href=\"https:\/\/boseprofessional.com\/fr\/legal\/\">\n\t\t\t\t\t\t<span class=\"elementor-button-content-wrapper\">\n\t\t\t\t\t\t<span class=\"elementor-button-icon\">\n\t\t\t\t<svg aria-hidden=\"true\" class=\"e-font-icon-svg e-fas-step-backward\" viewbox=\"0 0 448 512\" xmlns=\"http:\/\/www.w3.org\/2000\/svg\"><path d=\"M64 468V44c0-6.6 5.4-12 12-12h48c6.6 0 12 5.4 12 12v176.4l195.5-181C352.1 22.3 384 36.6 384 64v384c0 27.4-31.9 41.7-52.5 24.6L136 292.7V468c0 6.6-5.4 12-12 12H76c-6.6 0-12-5.4-12-12z\"><\/path><\/svg>\t\t\t<\/span>\n\t\t\t\t\t\t\t\t\t<span class=\"elementor-button-text\">Retour \u00e0 la section \u00ab\u00a0L\u00e9galisation\u00a0\u00bb<\/span>\n\t\t\t\t\t<\/span>\n\t\t\t\t\t<\/a>\n\t\t\t\t<\/div>\n\t\t\t\t\t\t\t\t<\/div>\n\t\t\t\t<\/div>\n\t\t\t\t<div class=\"elementor-element elementor-element-23472a4b elementor-widget elementor-widget-heading\" data-id=\"23472a4b\" data-element_type=\"widget\" data-widget_type=\"heading.default\">\n\t\t\t\t<div class=\"elementor-widget-container\">\n\t\t\t\t\t<h1 class=\"elementor-heading-title elementor-size-default\">Bose Professional - Politique de droits d'auteur<\/h1>\t\t\t\t<\/div>\n\t\t\t\t<\/div>\n\t\t\t\t<div class=\"elementor-element elementor-element-20d56ece elementor-widget elementor-widget-post-info\" data-id=\"20d56ece\" data-element_type=\"widget\" data-widget_type=\"post-info.default\">\n\t\t\t\t<div class=\"elementor-widget-container\">\n\t\t\t\t\t\t\t<ul class=\"elementor-inline-items elementor-icon-list-items elementor-post-info\">\n\t\t\t\t\t\t\t\t<li class=\"elementor-icon-list-item elementor-repeater-item-8d2c38a elementor-inline-item\" itemprop=\"datePublished\">\n\t\t\t\t\t\t\t\t\t\t<span class=\"elementor-icon-list-icon\">\n\t\t\t\t\t\t\t\t<svg aria-hidden=\"true\" class=\"e-font-icon-svg e-fas-calendar\" viewbox=\"0 0 448 512\" xmlns=\"http:\/\/www.w3.org\/2000\/svg\"><path d=\"M12 192h424c6.6 0 12 5.4 12 12v260c0 26.5-21.5 48-48 48H48c-26.5 0-48-21.5-48-48V204c0-6.6 5.4-12 12-12zm436-44v-36c0-26.5-21.5-48-48-48h-48V12c0-6.6-5.4-12-12-12h-40c-6.6 0-12 5.4-12 12v52H160V12c0-6.6-5.4-12-12-12h-40c-6.6 0-12 5.4-12 12v52H48C21.5 64 0 85.5 0 112v36c0 6.6 5.4 12 12 12h424c6.6 0 12-5.4 12-12z\"><\/path><\/svg>\t\t\t\t\t\t\t<\/span>\n\t\t\t\t\t\t\t\t\t<span class=\"elementor-icon-list-text elementor-post-info__item elementor-post-info__item--type-date\">\n\t\t\t\t\t\t\t\t\t\t<time>19 juillet 2024<\/time>\t\t\t\t\t<\/span>\n\t\t\t\t\t\t\t\t<\/li>\n\t\t\t\t<\/ul>\n\t\t\t\t\t\t<\/div>\n\t\t\t\t<\/div>\n\t\t\t\t\t<\/div>\n\t\t\t\t<\/div>\n\t\t<div data-particle_enable=\"false\" data-particle-mobile-disabled=\"false\" class=\"elementor-element elementor-element-120ae705 simple-text-container-rs e-flex e-con-boxed e-con e-parent\" data-id=\"120ae705\" data-element_type=\"container\">\n\t\t\t\t\t<div class=\"e-con-inner\">\n\t\t\t\t<div class=\"elementor-element elementor-element-5e68e622 elementor-widget elementor-widget-text-editor\" data-id=\"5e68e622\" data-element_type=\"widget\" data-widget_type=\"text-editor.default\">\n\t\t\t\t<div class=\"elementor-widget-container\">\n\t\t\t\t\t\t\t\t\t<p>Transom Post OpCo, LLC exer\u00e7ant ses activit\u00e9s sous le nom de Bose Professional Nous respectons les lois sur le droit d'auteur et les droits de propri\u00e9t\u00e9 intellectuelle, et nous attendons de nos utilisateurs qu'ils fassent de m\u00eame. Conform\u00e9ment \u00e0 la loi am\u00e9ricaine Digital Millennium Copyright Act de 1998 (\u00ab DMCA \u00bb), dont vous trouverez le texte int\u00e9gral sur le <a href=\"http:\/\/www.copyright.gov\/legislation\/dmca.pdf\" target=\"_blank\" rel=\"noopener\">site web de l'Office du droit d'auteur des \u00c9tats-Unis<\/a> , Bose Professional Nous ferons de notre mieux pour r\u00e9pondre avec toute la diligence requise aux all\u00e9gations de violation de droits d'auteur lorsqu'elles nous seront signal\u00e9es \u00e0 l'aide du formulaire de notification type ci-dessous.<\/p><p>Si vous pensez que votre \u0153uvre a \u00e9t\u00e9 copi\u00e9e d'une mani\u00e8re qui constitue une violation du droit d'auteur et qu'elle est affich\u00e9e dans Bose Professional Pour toute question relative aux services de [Nom de l'entreprise], veuillez fournir les informations suivantes \u00e0 notre agent des droits d'auteur\u00a0:<\/p><h2>AVIS DE VIOLATION DE DROIT D'AUTEUR PR\u00c9SUM\u00c9E EN VERTU DU DMCA (\u00ab AVIS \u00bb)<\/h2><ul class=\"simple-ul-rs\"><li>Identifiez l'\u0153uvre prot\u00e9g\u00e9e par le droit d'auteur qui, selon vous, a \u00e9t\u00e9 contrefaite, ou fournissez une liste des \u0153uvres prot\u00e9g\u00e9es par le droit d'auteur qui, selon vous, ont \u00e9t\u00e9 contrefaites.<\/li><li>Identifiez le contenu ou le lien que vous estimez contrefaisant et dont vous pensez que l'acc\u00e8s devrait \u00eatre d\u00e9sactiv\u00e9, en incluant l'URL du lien affich\u00e9 sur le Site ou l'emplacement exact o\u00f9 ce contenu peut \u00eatre trouv\u00e9.<\/li><li>Veuillez indiquer votre nom personnel ou celui de votre entreprise, votre adresse postale, votre num\u00e9ro de t\u00e9l\u00e9phone et votre adresse \u00e9lectronique.<\/li><li>Dans le corps de cet avis, vous devez inclure une d\u00e9claration selon laquelle vous croyez de bonne foi que l'utilisation contest\u00e9e du mat\u00e9riel prot\u00e9g\u00e9 par le droit d'auteur n'est pas autoris\u00e9e par le titulaire du droit d'auteur, son agent ou la loi.<\/li><li>Une d\u00e9claration attestant que les informations contenues dans cet avis sont exactes et, sous peine de parjure, que vous, en tant que partie plaignante, \u00eates le propri\u00e9taire ou autoris\u00e9 \u00e0 agir au nom du propri\u00e9taire.<\/li><\/ul><h3>Bose Professional L'agent des droits d'auteur de [Nom de l'entreprise] peut \u00eatre contact\u00e9 comme suit\u00a0:<\/h3><p>Bose Professional<br \/> \u00c0 l'attention du responsable des droits d'auteur<br \/> 145 Pennsylvania Ave, Framingham, MA 01701<br \/> <a href=\"mailto:legal@boseprofessional.com\">legal@boseprofessional.com<\/a><\/p>\t\t\t\t\t\t\t\t<\/div>\n\t\t\t\t<\/div>\n\t\t\t\t\t<\/div>\n\t\t\t\t<\/div>\n\t\t\t\t<\/div>\n\t\t","protected":false},"excerpt":{"rendered":"<p>Informations sur les lois sur le droit d'auteur et la propri\u00e9t\u00e9 intellectuelle. Transom Post OpCo, LLC dba Bose Professional respecte les lois sur le droit d'auteur et les droits de propri\u00e9t\u00e9 intellectuelle.<\/p>\n","protected":false},"author":33,"featured_media":116539,"parent":806,"menu_order":0,"comment_status":"closed","ping_status":"closed","template":"","meta":{"_acf_changed":false,"ep_exclude_from_search":false,"footnotes":""},"page-category":[],"class_list":["post-1290","page","type-page","status-publish","has-post-thumbnail","hentry"],"acf":[],"_links":{"self":[{"href":"https:\/\/boseprofessional.com\/fr\/wp-json\/wp\/v2\/pages\/1290","targetHints":{"allow":["GET"]}}],"collection":[{"href":"https:\/\/boseprofessional.com\/fr\/wp-json\/wp\/v2\/pages"}],"about":[{"href":"https:\/\/boseprofessional.com\/fr\/wp-json\/wp\/v2\/types\/page"}],"author":[{"embeddable":true,"href":"https:\/\/boseprofessional.com\/fr\/wp-json\/wp\/v2\/users\/33"}],"replies":[{"embeddable":true,"href":"https:\/\/boseprofessional.com\/fr\/wp-json\/wp\/v2\/comments?post=1290"}],"version-history":[{"count":3,"href":"https:\/\/boseprofessional.com\/fr\/wp-json\/wp\/v2\/pages\/1290\/revisions"}],"predecessor-version":[{"id":116542,"href":"https:\/\/boseprofessional.com\/fr\/wp-json\/wp\/v2\/pages\/1290\/revisions\/116542"}],"up":[{"embeddable":true,"href":"https:\/\/boseprofessional.com\/fr\/wp-json\/wp\/v2\/pages\/806"}],"wp:featuredmedia":[{"embeddable":true,"href":"https:\/\/boseprofessional.com\/fr\/wp-json\/wp\/v2\/media\/116539"}],"wp:attachment":[{"href":"https:\/\/boseprofessional.com\/fr\/wp-json\/wp\/v2\/media?parent=1290"}],"wp:term":[{"taxonomy":"page-category","embeddable":true,"href":"https:\/\/boseprofessional.com\/fr\/wp-json\/wp\/v2\/page-category?post=1290"}],"curies":[{"name":"wp","href":"https:\/\/api.w.org\/{rel}","templated":true}]}}