{"id":103936,"date":"2024-03-04T15:49:12","date_gmt":"2024-03-04T15:49:12","guid":{"rendered":"https:\/\/uatnew.boseprofessional.com\/?page_id=103936"},"modified":"2025-11-17T16:09:33","modified_gmt":"2025-11-17T16:09:33","slug":"audiopack-pro-systems","status":"publish","type":"page","link":"https:\/\/boseprofessional.com\/fr\/solutions\/audiopack-pro-systems\/","title":{"rendered":"DIY with AudioPack Pro"},"content":{"rendered":"\t\t<div data-elementor-type=\"wp-page\" data-elementor-id=\"103936\" class=\"elementor elementor-103936\" data-elementor-post-type=\"page\">\n\t\t\t\t<div data-particle_enable=\"false\" data-particle-mobile-disabled=\"false\" class=\"elementor-element elementor-element-5b268b24 e-con-full e-flex e-con e-parent\" data-id=\"5b268b24\" data-element_type=\"container\" data-settings=\"{&quot;background_background&quot;:&quot;classic&quot;}\">\n\t\t<div data-particle_enable=\"false\" data-particle-mobile-disabled=\"false\" class=\"elementor-element elementor-element-7caacd99 e-flex e-con-boxed e-con e-child\" data-id=\"7caacd99\" data-element_type=\"container\">\n\t\t\t\t\t<div class=\"e-con-inner\">\n\t\t<div data-particle_enable=\"false\" data-particle-mobile-disabled=\"false\" class=\"elementor-element elementor-element-6af6d10f e-con-full e-flex e-con e-child\" data-id=\"6af6d10f\" data-element_type=\"container\">\n\t\t\t\t<\/div>\n\t\t\t\t\t<\/div>\n\t\t\t\t<\/div>\n\t\t\t\t<\/div>\n\t\t<div data-particle_enable=\"false\" data-particle-mobile-disabled=\"false\" class=\"elementor-element elementor-element-587f280e e-flex e-con-boxed e-con e-parent\" data-id=\"587f280e\" data-element_type=\"container\">\n\t\t\t\t\t<div class=\"e-con-inner\">\n\t\t\t\t<div class=\"elementor-element elementor-element-478e89e1 elementor-widget elementor-widget-heading\" data-id=\"478e89e1\" data-element_type=\"widget\" data-widget_type=\"heading.default\">\n\t\t\t\t<div class=\"elementor-widget-container\">\n\t\t\t\t\t<h1 class=\"elementor-heading-title elementor-size-default\"><span style=\"font-size: 44.8px\">AudioPack Pro Packs de syst\u00e8mes audio<\/span><\/h1>\t\t\t\t<\/div>\n\t\t\t\t<\/div>\n\t\t\t\t<div class=\"elementor-element elementor-element-23ef08df elementor-widget elementor-widget-heading\" data-id=\"23ef08df\" data-element_type=\"widget\" data-widget_type=\"heading.default\">\n\t\t\t\t<div class=\"elementor-widget-container\">\n\t\t\t\t\t<h3 class=\"elementor-heading-title elementor-size-default\">Un son de qualit\u00e9 sup\u00e9rieure pour votre entreprise, dans un seul et m\u00eame emballage pratique.<\/h3>\t\t\t\t<\/div>\n\t\t\t\t<\/div>\n\t\t\t\t<div class=\"elementor-element elementor-element-febd64b elementor-widget elementor-widget-text-editor\" data-id=\"febd64b\" data-element_type=\"widget\" data-widget_type=\"text-editor.default\">\n\t\t\t\t<div class=\"elementor-widget-container\">\n\t\t\t\t\t\t\t\t\t<p>AudioPack Pro est une solution de musique de fond et de sonorisation qui apporte la signature sonore de Bose Professional pour votre entreprise, le tout dans un seul emballage pratique et pr\u00eat \u00e0 installer. La bo\u00eete contient un amplificateur et FreeSpace FS enceintes Parfaitement adapt\u00e9s et optimis\u00e9s pour sublimer l'exp\u00e9rience client gr\u00e2ce \u00e0 un son haut de gamme, ces \u00e9quipements offrent un \u00e9quilibre id\u00e9al entre performance et prix. Ils se distinguent par une durabilit\u00e9 exceptionnelle, un design \u00e9pur\u00e9 et une installation simplifi\u00e9e.<\/p>\t\t\t\t\t\t\t\t<\/div>\n\t\t\t\t<\/div>\n\t\t<div data-particle_enable=\"false\" data-particle-mobile-disabled=\"false\" class=\"elementor-element elementor-element-4bcb389d e-con-full e-flex e-con e-child\" data-id=\"4bcb389d\" data-element_type=\"container\" data-settings=\"{&quot;background_background&quot;:&quot;classic&quot;}\">\n\t\t\t\t<div class=\"elementor-element elementor-element-bf479a0 elementor-widget elementor-widget-text-editor\" data-id=\"bf479a0\" data-element_type=\"widget\" data-widget_type=\"text-editor.default\">\n\t\t\t\t<div class=\"elementor-widget-container\">\n\t\t\t\t\t\t\t\t\t<ul class=\"audiopack-list1\">\n \t<li><strong>enceintes FreeSpace FS<\/strong> offrent durabilit\u00e9 et performance, une esth\u00e9tique agr\u00e9able et une facilit\u00e9 d'installation, avec une tonalit\u00e9 remarquablement homog\u00e8ne.<\/li>\n \t<li><strong>L'amplificateur de zone int\u00e9gr\u00e9 FreeSpace IZA 190 Hz<\/strong> offre un son de qualit\u00e9 sup\u00e9rieure, une installation simple, une utilisation quotidienne facile et la possibilit\u00e9 d'extension en cas de besoin. enceintes sont requis.<\/li>\n \t<li><strong>Des instructions simples, accessibles via un code QR sur la bo\u00eete<\/strong> , vous guident tout au long du processus d'installation\u00a0; une assistance technique professionnelle est disponible en cas de besoin.<\/li>\n \t<li><strong>Trois configurations syst\u00e8me diff\u00e9rentes<\/strong> pour une flexibilit\u00e9 optimale et pour r\u00e9pondre \u00e0 vos besoins sp\u00e9cifiques.<\/li>\n \t<li><strong>Profitez d'une qualit\u00e9 d'\u00e9coute optimale pour la musique et la voix<\/strong> gr\u00e2ce \u00e0 des transducteurs offrant une reproduction vocale claire et une r\u00e9ponse fluide pour la musique d'ambiance.<\/li>\n \t<li><strong>Son esth\u00e9tique moderne et ses fonctionnalit\u00e9s pratiques<\/strong> s'int\u00e8grent \u00e0 de nombreux agencements d'int\u00e9rieur. Disponible en noir et blanc, il comprend des logos amovibles pour une apparence plus \u00e9pur\u00e9e et sans marque.<\/li>\n \t<li><strong>Soutien \u00e0 la s\u00e9curit\u00e9 publique<\/strong> \u2014 tout FreeSpace Les mod\u00e8les FS sont homologu\u00e9s UL 1480 ULC-S541 pour une utilisation dans les syst\u00e8mes d'alarme incendie et de signalisation dans les applications de s\u00e9curit\u00e9 des personnes.<\/li>\n<\/ul>\t\t\t\t\t\t\t\t<\/div>\n\t\t\t\t<\/div>\n\t\t\t\t<\/div>\n\t\t\t\t\t<\/div>\n\t\t\t\t<\/div>\n\t\t<div data-particle_enable=\"false\" data-particle-mobile-disabled=\"false\" class=\"elementor-element elementor-element-33281273 e-flex e-con-boxed e-con e-parent\" data-id=\"33281273\" data-element_type=\"container\">\n\t\t\t\t\t<div class=\"e-con-inner\">\n\t\t\t\t<div class=\"elementor-element elementor-element-2d1f2792 toc-heads-bar elementor-widget elementor-widget-heading\" data-id=\"2d1f2792\" data-element_type=\"widget\" data-widget_type=\"heading.default\">\n\t\t\t\t<div class=\"elementor-widget-container\">\n\t\t\t\t\t<h2 class=\"elementor-heading-title elementor-size-default\">Gamme de produits<\/h2>\t\t\t\t<\/div>\n\t\t\t\t<\/div>\n\t\t\t\t<div class=\"elementor-element elementor-element-f101fb1 elementor-widget elementor-widget-heading\" data-id=\"f101fb1\" data-element_type=\"widget\" data-widget_type=\"heading.default\">\n\t\t\t\t<div class=\"elementor-widget-container\">\n\t\t\t\t\t<h3 class=\"elementor-heading-title elementor-size-default\">Choisissez votre pack syst\u00e8me<\/h3>\t\t\t\t<\/div>\n\t\t\t\t<\/div>\n\t\t<div data-particle_enable=\"false\" data-particle-mobile-disabled=\"false\" class=\"elementor-element elementor-element-11d3c82 e-grid e-con-full e-con e-child\" data-id=\"11d3c82\" data-element_type=\"container\">\n\t\t<div data-particle_enable=\"false\" data-particle-mobile-disabled=\"false\" class=\"elementor-element elementor-element-00d64f0 e-con-full e-flex e-con e-child\" data-id=\"00d64f0\" data-element_type=\"container\">\n\t\t\t\t<div class=\"elementor-element elementor-element-e24b109 elementor-widget elementor-widget-image\" data-id=\"e24b109\" data-element_type=\"widget\" data-widget_type=\"image.default\">\n\t\t\t\t<div class=\"elementor-widget-container\">\n\t\t\t\t\t\t\t\t\t\t\t\t\t\t\t<img fetchpriority=\"high\" decoding=\"async\" width=\"842\" height=\"718\" src=\"https:\/\/assets.boseprofessional.com\/m\/3867640c17531c59\/original\/audiopack_C6_product_tile-png.png\" class=\"attachment-large size-large wp-image-45050\" alt=\"AudioPack Pro C6\" srcset=\"https:\/\/assets.boseprofessional.com\/m\/3867640c17531c59\/original\/audiopack_C6_product_tile-png.png 842w, https:\/\/assets.boseprofessional.com\/transform\/d0754d3d-5a23-4ee8-9a15-c0f5be6696a8\/audiopack_C6_product_tile-png?io=transform:scale,width:150,height:128 150w, https:\/\/assets.boseprofessional.com\/transform\/d0754d3d-5a23-4ee8-9a15-c0f5be6696a8\/audiopack_C6_product_tile-png?io=transform:scale,width:300,height:256 300w, https:\/\/assets.boseprofessional.com\/transform\/d0754d3d-5a23-4ee8-9a15-c0f5be6696a8\/audiopack_C6_product_tile-png?io=transform:scale,width:480,height:409 480w, https:\/\/assets.boseprofessional.com\/transform\/d0754d3d-5a23-4ee8-9a15-c0f5be6696a8\/audiopack_C6_product_tile-png?io=transform:scale,width:768,height:655 768w, https:\/\/assets.boseprofessional.com\/transform\/d0754d3d-5a23-4ee8-9a15-c0f5be6696a8\/audiopack_C6_product_tile-png?io=transform:scale,width:100,height:85 100w\" sizes=\"(max-width: 842px) 100vw, 842px\" \/>\t\t\t\t\t\t\t\t\t\t\t\t\t\t\t<\/div>\n\t\t\t\t<\/div>\n\t\t\t\t<div class=\"elementor-element elementor-element-11dece6 elementor-widget elementor-widget-text-editor\" data-id=\"11dece6\" data-element_type=\"widget\" data-widget_type=\"text-editor.default\">\n\t\t\t\t<div class=\"elementor-widget-container\">\n\t\t\t\t\t\t\t\t\t<p><strong>AudioPack Pro C6W<br \/><\/strong> Disponible uniquement en Am\u00e9rique du Nord<\/p><p><strong>Comprend 6 supports de plafond enceintes , m\u00e9langeur\/amplificateur et ponts de carrelage<\/strong><\/p>\t\t\t\t\t\t\t\t<\/div>\n\t\t\t\t<\/div>\n\t\t\t\t<div class=\"elementor-element elementor-element-4e4338ec elementor-align-center elementor-widget elementor-widget-button\" data-id=\"4e4338ec\" data-element_type=\"widget\" data-widget_type=\"button.default\">\n\t\t\t\t<div class=\"elementor-widget-container\">\n\t\t\t\t\t\t\t\t\t<div class=\"elementor-button-wrapper\">\n\t\t\t\t\t<a class=\"elementor-button elementor-button-link elementor-size-sm\" href=\"\/fr\/products\/system-packs\/audiopack-pro\/audiopack-pro-c6w\/\" target=\"_blank\">\n\t\t\t\t\t\t<span class=\"elementor-button-content-wrapper\">\n\t\t\t\t\t\t\t\t\t<span class=\"elementor-button-text\">En savoir plus<\/span>\n\t\t\t\t\t<\/span>\n\t\t\t\t\t<\/a>\n\t\t\t\t<\/div>\n\t\t\t\t\t\t\t\t<\/div>\n\t\t\t\t<\/div>\n\t\t\t\t<\/div>\n\t\t<div data-particle_enable=\"false\" data-particle-mobile-disabled=\"false\" class=\"elementor-element elementor-element-2cd9eaf e-con-full e-flex e-con e-child\" data-id=\"2cd9eaf\" data-element_type=\"container\">\n\t\t\t\t<div class=\"elementor-element elementor-element-6e988e9 elementor-widget elementor-widget-image\" data-id=\"6e988e9\" data-element_type=\"widget\" data-widget_type=\"image.default\">\n\t\t\t\t<div class=\"elementor-widget-container\">\n\t\t\t\t\t\t\t\t\t\t\t\t\t\t\t<img decoding=\"async\" width=\"842\" height=\"718\" src=\"https:\/\/assets.boseprofessional.com\/m\/67552ad222f8140\/original\/audiopack_C4W_product_tile-png.png\" class=\"attachment-large size-large wp-image-53016\" alt=\"AudioPack Pro C4W\" srcset=\"https:\/\/assets.boseprofessional.com\/m\/67552ad222f8140\/original\/audiopack_C4W_product_tile-png.png 842w, https:\/\/assets.boseprofessional.com\/transform\/d495f09d-0322-43ae-9901-4737b3224327\/audiopack_C4W_product_tile-png?io=transform:scale,width:150,height:128 150w, https:\/\/assets.boseprofessional.com\/transform\/d495f09d-0322-43ae-9901-4737b3224327\/audiopack_C4W_product_tile-png?io=transform:scale,width:300,height:256 300w, https:\/\/assets.boseprofessional.com\/transform\/d495f09d-0322-43ae-9901-4737b3224327\/audiopack_C4W_product_tile-png?io=transform:scale,width:480,height:409 480w, https:\/\/assets.boseprofessional.com\/transform\/d495f09d-0322-43ae-9901-4737b3224327\/audiopack_C4W_product_tile-png?io=transform:scale,width:768,height:655 768w, https:\/\/assets.boseprofessional.com\/transform\/d495f09d-0322-43ae-9901-4737b3224327\/audiopack_C4W_product_tile-png?io=transform:scale,width:100,height:85 100w\" sizes=\"(max-width: 842px) 100vw, 842px\" \/>\t\t\t\t\t\t\t\t\t\t\t\t\t\t\t<\/div>\n\t\t\t\t<\/div>\n\t\t\t\t<div class=\"elementor-element elementor-element-3c79a6d elementor-widget elementor-widget-text-editor\" data-id=\"3c79a6d\" data-element_type=\"widget\" data-widget_type=\"text-editor.default\">\n\t\t\t\t<div class=\"elementor-widget-container\">\n\t\t\t\t\t\t\t\t\t<p><strong>AudioPack Pro C4W<br \/><\/strong> Disponible en dehors de l'Am\u00e9rique du Nord<\/p><p><strong>Comprend 4 supports de plafond enceintes et m\u00e9langeur\/amplificateur<\/strong><\/p>\t\t\t\t\t\t\t\t<\/div>\n\t\t\t\t<\/div>\n\t\t\t\t<div class=\"elementor-element elementor-element-094bae9 elementor-align-center elementor-widget elementor-widget-button\" data-id=\"094bae9\" data-element_type=\"widget\" data-widget_type=\"button.default\">\n\t\t\t\t<div class=\"elementor-widget-container\">\n\t\t\t\t\t\t\t\t\t<div class=\"elementor-button-wrapper\">\n\t\t\t\t\t<a class=\"elementor-button elementor-button-link elementor-size-sm\" href=\"\/fr\/products\/system-packs\/audiopack-pro\/audiopack-pro-c4w\/\" target=\"_blank\">\n\t\t\t\t\t\t<span class=\"elementor-button-content-wrapper\">\n\t\t\t\t\t\t\t\t\t<span class=\"elementor-button-text\">En savoir plus<\/span>\n\t\t\t\t\t<\/span>\n\t\t\t\t\t<\/a>\n\t\t\t\t<\/div>\n\t\t\t\t\t\t\t\t<\/div>\n\t\t\t\t<\/div>\n\t\t\t\t<\/div>\n\t\t<div data-particle_enable=\"false\" data-particle-mobile-disabled=\"false\" class=\"elementor-element elementor-element-ff826a5 e-con-full e-flex e-con e-child\" data-id=\"ff826a5\" data-element_type=\"container\">\n\t\t\t\t<div class=\"elementor-element elementor-element-cb7f789 elementor-widget elementor-widget-image\" data-id=\"cb7f789\" data-element_type=\"widget\" data-widget_type=\"image.default\">\n\t\t\t\t<div class=\"elementor-widget-container\">\n\t\t\t\t\t\t\t\t\t\t\t\t\t\t\t<img decoding=\"async\" width=\"842\" height=\"718\" src=\"https:\/\/assets.boseprofessional.com\/m\/2a0e134e8621daeb\/original\/AudioPack-S4W-Product-Tile_New-png.png\" class=\"attachment-large size-large wp-image-45052\" alt=\"AudioPack S4W\" srcset=\"https:\/\/assets.boseprofessional.com\/m\/2a0e134e8621daeb\/original\/AudioPack-S4W-Product-Tile_New-png.png 842w, https:\/\/assets.boseprofessional.com\/transform\/6a15cd35-be49-4e8a-aed4-1e41fae8691b\/AudioPack-S4W-Product-Tile_New-png?io=transform:scale,width:150,height:128 150w, https:\/\/assets.boseprofessional.com\/transform\/6a15cd35-be49-4e8a-aed4-1e41fae8691b\/AudioPack-S4W-Product-Tile_New-png?io=transform:scale,width:300,height:256 300w, https:\/\/assets.boseprofessional.com\/transform\/6a15cd35-be49-4e8a-aed4-1e41fae8691b\/AudioPack-S4W-Product-Tile_New-png?io=transform:scale,width:480,height:409 480w, https:\/\/assets.boseprofessional.com\/transform\/6a15cd35-be49-4e8a-aed4-1e41fae8691b\/AudioPack-S4W-Product-Tile_New-png?io=transform:scale,width:768,height:655 768w, https:\/\/assets.boseprofessional.com\/transform\/6a15cd35-be49-4e8a-aed4-1e41fae8691b\/AudioPack-S4W-Product-Tile_New-png?io=transform:scale,width:100,height:85 100w\" sizes=\"(max-width: 842px) 100vw, 842px\" \/>\t\t\t\t\t\t\t\t\t\t\t\t\t\t\t<\/div>\n\t\t\t\t<\/div>\n\t\t\t\t<div class=\"elementor-element elementor-element-8902097 elementor-widget elementor-widget-text-editor\" data-id=\"8902097\" data-element_type=\"widget\" data-widget_type=\"text-editor.default\">\n\t\t\t\t<div class=\"elementor-widget-container\">\n\t\t\t\t\t\t\t\t\t<p><strong>AudioPack Pro S4W<br \/><\/strong> Disponible dans tous les pays pris en charge<\/p><p><strong>Comprend 4 supports de montage en surface enceintes et m\u00e9langeur\/amplificateur<\/strong><\/p>\t\t\t\t\t\t\t\t<\/div>\n\t\t\t\t<\/div>\n\t\t\t\t<div class=\"elementor-element elementor-element-cc671d1 elementor-align-center elementor-widget elementor-widget-button\" data-id=\"cc671d1\" data-element_type=\"widget\" data-widget_type=\"button.default\">\n\t\t\t\t<div class=\"elementor-widget-container\">\n\t\t\t\t\t\t\t\t\t<div class=\"elementor-button-wrapper\">\n\t\t\t\t\t<a class=\"elementor-button elementor-button-link elementor-size-sm\" href=\"\/fr\/products\/system-packs\/audiopack-pro\/audiopack-pro-s4w\/\" target=\"_blank\">\n\t\t\t\t\t\t<span class=\"elementor-button-content-wrapper\">\n\t\t\t\t\t\t\t\t\t<span class=\"elementor-button-text\">En savoir plus<\/span>\n\t\t\t\t\t<\/span>\n\t\t\t\t\t<\/a>\n\t\t\t\t<\/div>\n\t\t\t\t\t\t\t\t<\/div>\n\t\t\t\t<\/div>\n\t\t\t\t<\/div>\n\t\t<div data-particle_enable=\"false\" data-particle-mobile-disabled=\"false\" class=\"elementor-element elementor-element-d847975 e-con-full e-flex e-con e-child\" data-id=\"d847975\" data-element_type=\"container\">\n\t\t\t\t<div class=\"elementor-element elementor-element-2ac260e elementor-widget elementor-widget-image\" data-id=\"2ac260e\" data-element_type=\"widget\" data-widget_type=\"image.default\">\n\t\t\t\t<div class=\"elementor-widget-container\">\n\t\t\t\t\t\t\t\t\t\t\t\t\t\t\t<img loading=\"lazy\" decoding=\"async\" width=\"842\" height=\"718\" src=\"https:\/\/assets.boseprofessional.com\/m\/18d871d62e3b7271\/original\/AudioPack-S4B-Product-Tile-png.png\" class=\"attachment-large size-large wp-image-45051\" alt=\"AudioPack S4B\" srcset=\"https:\/\/assets.boseprofessional.com\/m\/18d871d62e3b7271\/original\/AudioPack-S4B-Product-Tile-png.png 842w, https:\/\/assets.boseprofessional.com\/transform\/0bb09905-dad5-4b64-84b6-3078a197a9b1\/AudioPack-S4B-Product-Tile-png?io=transform:scale,width:150,height:128 150w, https:\/\/assets.boseprofessional.com\/transform\/0bb09905-dad5-4b64-84b6-3078a197a9b1\/AudioPack-S4B-Product-Tile-png?io=transform:scale,width:300,height:256 300w, https:\/\/assets.boseprofessional.com\/transform\/0bb09905-dad5-4b64-84b6-3078a197a9b1\/AudioPack-S4B-Product-Tile-png?io=transform:scale,width:480,height:409 480w, https:\/\/assets.boseprofessional.com\/transform\/0bb09905-dad5-4b64-84b6-3078a197a9b1\/AudioPack-S4B-Product-Tile-png?io=transform:scale,width:768,height:655 768w, https:\/\/assets.boseprofessional.com\/transform\/0bb09905-dad5-4b64-84b6-3078a197a9b1\/AudioPack-S4B-Product-Tile-png?io=transform:scale,width:100,height:85 100w\" sizes=\"(max-width: 842px) 100vw, 842px\" \/>\t\t\t\t\t\t\t\t\t\t\t\t\t\t\t<\/div>\n\t\t\t\t<\/div>\n\t\t\t\t<div class=\"elementor-element elementor-element-2a2d49b elementor-widget elementor-widget-text-editor\" data-id=\"2a2d49b\" data-element_type=\"widget\" data-widget_type=\"text-editor.default\">\n\t\t\t\t<div class=\"elementor-widget-container\">\n\t\t\t\t\t\t\t\t\t<p><strong>AudioPack Pro S4B<br \/><\/strong> Disponible dans tous les pays pris en charge<\/p><p><strong>Comprend 4 supports de montage en surface enceintes et m\u00e9langeur\/amplificateur<\/strong><\/p>\t\t\t\t\t\t\t\t<\/div>\n\t\t\t\t<\/div>\n\t\t\t\t<div class=\"elementor-element elementor-element-026f1c0 elementor-align-center elementor-widget elementor-widget-button\" data-id=\"026f1c0\" data-element_type=\"widget\" data-widget_type=\"button.default\">\n\t\t\t\t<div class=\"elementor-widget-container\">\n\t\t\t\t\t\t\t\t\t<div class=\"elementor-button-wrapper\">\n\t\t\t\t\t<a class=\"elementor-button elementor-button-link elementor-size-sm\" href=\"\/fr\/products\/system-packs\/audiopack-pro\/audiopack-pro-s4b\/\" target=\"_blank\">\n\t\t\t\t\t\t<span class=\"elementor-button-content-wrapper\">\n\t\t\t\t\t\t\t\t\t<span class=\"elementor-button-text\">En savoir plus<\/span>\n\t\t\t\t\t<\/span>\n\t\t\t\t\t<\/a>\n\t\t\t\t<\/div>\n\t\t\t\t\t\t\t\t<\/div>\n\t\t\t\t<\/div>\n\t\t\t\t<\/div>\n\t\t\t\t<\/div>\n\t\t\t\t\t<\/div>\n\t\t\t\t<\/div>\n\t\t<div data-particle_enable=\"false\" data-particle-mobile-disabled=\"false\" class=\"elementor-element elementor-element-1f60734b e-flex e-con-boxed e-con e-parent\" data-id=\"1f60734b\" data-element_type=\"container\" data-settings=\"{&quot;background_background&quot;:&quot;classic&quot;}\">\n\t\t\t\t\t<div class=\"e-con-inner\">\n\t\t\t\t<div class=\"elementor-element elementor-element-f374123 elementor-widget elementor-widget-heading\" data-id=\"f374123\" data-element_type=\"widget\" data-widget_type=\"heading.default\">\n\t\t\t\t<div class=\"elementor-widget-container\">\n\t\t\t\t\t<h3 class=\"elementor-heading-title elementor-size-default\">Besoin d'aide ou envie d'en savoir plus sur AudioPack Pro<\/h3>\t\t\t\t<\/div>\n\t\t\t\t<\/div>\n\t\t\t\t<div class=\"elementor-element elementor-element-6187e267 elementor-widget elementor-widget-text-editor\" data-id=\"6187e267\" data-element_type=\"widget\" data-widget_type=\"text-editor.default\">\n\t\t\t\t<div class=\"elementor-widget-container\">\n\t\t\t\t\t\t\t\t\t<p>Cliquez sur le bouton pour nous contacter. Notre \u00e9quipe d'assistance internationale vous contactera pour r\u00e9pondre \u00e0 vos questions.<\/p>\t\t\t\t\t\t\t\t<\/div>\n\t\t\t\t<\/div>\n\t\t\t\t<div class=\"elementor-element elementor-element-57780e68 elementor-align-center elementor-widget elementor-widget-button\" data-id=\"57780e68\" data-element_type=\"widget\" data-widget_type=\"button.default\">\n\t\t\t\t<div class=\"elementor-widget-container\">\n\t\t\t\t\t\t\t\t\t<div class=\"elementor-button-wrapper\">\n\t\t\t\t\t<a class=\"elementor-button elementor-button-link elementor-size-sm\" href=\"\/fr\/contact-us\/\">\n\t\t\t\t\t\t<span class=\"elementor-button-content-wrapper\">\n\t\t\t\t\t\t\t\t\t<span class=\"elementor-button-text\">Nous contacter<\/span>\n\t\t\t\t\t<\/span>\n\t\t\t\t\t<\/a>\n\t\t\t\t<\/div>\n\t\t\t\t\t\t\t\t<\/div>\n\t\t\t\t<\/div>\n\t\t\t\t\t<\/div>\n\t\t\t\t<\/div>\n\t\t\t\t<\/div>\n\t\t","protected":false},"excerpt":{"rendered":"<p>Rehaussez l'ambiance de votre entreprise avec AudioPack Pro \u2013 le tout-en-un Bose Professional Solution id\u00e9ale pour la musique d'ambiance et la sonorisation. Pr\u00eate \u00e0 installer, elle offre une signature sonore en toute simplicit\u00e9.<\/p>\n","protected":false},"author":33,"featured_media":108568,"parent":5319,"menu_order":6,"comment_status":"closed","ping_status":"closed","template":"","meta":{"_acf_changed":false,"ep_exclude_from_search":false,"footnotes":""},"page-category":[5170],"class_list":["post-103936","page","type-page","status-publish","has-post-thumbnail","hentry","page-category-solutions"],"acf":[],"_links":{"self":[{"href":"https:\/\/boseprofessional.com\/fr\/wp-json\/wp\/v2\/pages\/103936","targetHints":{"allow":["GET"]}}],"collection":[{"href":"https:\/\/boseprofessional.com\/fr\/wp-json\/wp\/v2\/pages"}],"about":[{"href":"https:\/\/boseprofessional.com\/fr\/wp-json\/wp\/v2\/types\/page"}],"author":[{"embeddable":true,"href":"https:\/\/boseprofessional.com\/fr\/wp-json\/wp\/v2\/users\/33"}],"replies":[{"embeddable":true,"href":"https:\/\/boseprofessional.com\/fr\/wp-json\/wp\/v2\/comments?post=103936"}],"version-history":[{"count":3,"href":"https:\/\/boseprofessional.com\/fr\/wp-json\/wp\/v2\/pages\/103936\/revisions"}],"predecessor-version":[{"id":151713,"href":"https:\/\/boseprofessional.com\/fr\/wp-json\/wp\/v2\/pages\/103936\/revisions\/151713"}],"up":[{"embeddable":true,"href":"https:\/\/boseprofessional.com\/fr\/wp-json\/wp\/v2\/pages\/5319"}],"wp:featuredmedia":[{"embeddable":true,"href":"https:\/\/boseprofessional.com\/fr\/wp-json\/wp\/v2\/media\/108568"}],"wp:attachment":[{"href":"https:\/\/boseprofessional.com\/fr\/wp-json\/wp\/v2\/media?parent=103936"}],"wp:term":[{"taxonomy":"page-category","embeddable":true,"href":"https:\/\/boseprofessional.com\/fr\/wp-json\/wp\/v2\/page-category?post=103936"}],"curies":[{"name":"wp","href":"https:\/\/api.w.org\/{rel}","templated":true}]}}