{"id":102446,"date":"2024-02-26T13:48:45","date_gmt":"2024-02-26T13:48:45","guid":{"rendered":"https:\/\/uatnew.boseprofessional.com\/?page_id=102446"},"modified":"2025-02-10T14:28:54","modified_gmt":"2025-02-10T14:28:54","slug":"bose-professional-learning-center","status":"publish","type":"page","link":"https:\/\/boseprofessional.com\/fr\/bose-professional-learning-center\/","title":{"rendered":"Bose Professional Learning Center"},"content":{"rendered":"<div class=\"mp_wrapper\">\n  <div class=\"mepr-unauthorized-message\">\n    <p>Vous n'\u00eates pas autoris\u00e9 \u00e0 consulter cette page.<\/p>\n<p>Si vous essayez de S'INSCRIRE Pour acc\u00e9der au Centre \u00e9ducatif, veuillez cliquer <a href=\"https:\/\/boseprofessional.com\/fr\/lms-registration\/\">ici.<\/a><\/p>\n<p>Pour toute assistance concernant le centre de formation, veuillez envoyer un courriel \u00e0 <a href=\"mailto:boseproeducation@boseprofessional.com\">boseproeducation@boseprofessional.com<\/a><\/p>\n<p>Si vous poss\u00e9dez d\u00e9j\u00e0 un compte, veuillez saisir vos identifiants ci-dessous\u00a0:<\/p>\n  <\/div>\n  <div class=\"mepr-login-form-wrap\">\n      <\/div>\n<\/div>\n","protected":false},"excerpt":{"rendered":"<p>Vous n'\u00eates pas autoris\u00e9 \u00e0 consulter cette page. Si vous essayez de S'INSCRIRE Pour acc\u00e9der au Centre de formation, veuillez cliquer ici. Pour toute assistance concernant le Centre de formation, veuillez envoyer un courriel \u00e0 boseproeducation@boseprofessional.com. Si vous poss\u00e9dez d\u00e9j\u00e0 un compte, veuillez saisir vos identifiants ci-dessous\u00a0:<\/p>\n","protected":false},"author":33,"featured_media":0,"parent":0,"menu_order":0,"comment_status":"closed","ping_status":"closed","template":"","meta":{"_acf_changed":false,"ep_exclude_from_search":false,"footnotes":""},"page-category":[],"class_list":["post-102446","page","type-page","status-publish","hentry"],"acf":[],"_links":{"self":[{"href":"https:\/\/boseprofessional.com\/fr\/wp-json\/wp\/v2\/pages\/102446","targetHints":{"allow":["GET"]}}],"collection":[{"href":"https:\/\/boseprofessional.com\/fr\/wp-json\/wp\/v2\/pages"}],"about":[{"href":"https:\/\/boseprofessional.com\/fr\/wp-json\/wp\/v2\/types\/page"}],"author":[{"embeddable":true,"href":"https:\/\/boseprofessional.com\/fr\/wp-json\/wp\/v2\/users\/33"}],"replies":[{"embeddable":true,"href":"https:\/\/boseprofessional.com\/fr\/wp-json\/wp\/v2\/comments?post=102446"}],"version-history":[{"count":3,"href":"https:\/\/boseprofessional.com\/fr\/wp-json\/wp\/v2\/pages\/102446\/revisions"}],"predecessor-version":[{"id":150084,"href":"https:\/\/boseprofessional.com\/fr\/wp-json\/wp\/v2\/pages\/102446\/revisions\/150084"}],"wp:attachment":[{"href":"https:\/\/boseprofessional.com\/fr\/wp-json\/wp\/v2\/media?parent=102446"}],"wp:term":[{"taxonomy":"page-category","embeddable":true,"href":"https:\/\/boseprofessional.com\/fr\/wp-json\/wp\/v2\/page-category?post=102446"}],"curies":[{"name":"wp","href":"https:\/\/api.w.org\/{rel}","templated":true}]}}