{"id":101666,"date":"2024-02-23T15:16:12","date_gmt":"2024-02-23T15:16:12","guid":{"rendered":"https:\/\/uatnew.boseprofessional.com\/?page_id=101666"},"modified":"2025-07-02T17:03:17","modified_gmt":"2025-07-02T17:03:17","slug":"about-instructors","status":"publish","type":"page","link":"https:\/\/boseprofessional.com\/fr\/about-instructors\/","title":{"rendered":"About Instructors"},"content":{"rendered":"\t\t<div data-elementor-type=\"wp-page\" data-elementor-id=\"101666\" class=\"elementor elementor-101666\" data-elementor-post-type=\"page\">\n\t\t\t\t<div data-particle_enable=\"false\" data-particle-mobile-disabled=\"false\" class=\"elementor-element elementor-element-676e2db e-flex e-con-boxed e-con e-parent\" data-id=\"676e2db\" data-element_type=\"container\" data-settings=\"{&quot;background_background&quot;:&quot;classic&quot;}\">\n\t\t\t\t\t<div class=\"e-con-inner\">\n\t\t<div data-particle_enable=\"false\" data-particle-mobile-disabled=\"false\" class=\"elementor-element elementor-element-635c143 e-con-full e-flex e-con e-child\" data-id=\"635c143\" data-element_type=\"container\">\n\t\t\t\t<div class=\"elementor-element elementor-element-855a6bb elementor-widget elementor-widget-heading\" data-id=\"855a6bb\" data-element_type=\"widget\" data-widget_type=\"heading.default\">\n\t\t\t\t<div class=\"elementor-widget-container\">\n\t\t\t\t\t<h2 class=\"elementor-heading-title elementor-size-default\">RESPONSABLE DE LA FORMATION<\/h2>\t\t\t\t<\/div>\n\t\t\t\t<\/div>\n\t\t\t\t<div class=\"elementor-element elementor-element-da55f9c elementor-widget elementor-widget-text-editor\" data-id=\"da55f9c\" data-element_type=\"widget\" data-widget_type=\"text-editor.default\">\n\t\t\t\t<div class=\"elementor-widget-container\">\n\t\t\t\t\t\t\t\t\t<p>J'aime \u00eatre \u00e0 la pointe de la technologie. Qu'il s'agisse de d\u00e9velopper un nouveau logiciel libre, de tester la version b\u00eata d'un s\u00e9quenceur MIDI de derni\u00e8re g\u00e9n\u00e9ration, ou de concevoir et d'imprimer en 3D une nouvelle pi\u00e8ce pour me simplifier la vie et celle des autres, je crois fermement que l'avenir est entre nos mains. C'est plus vrai que jamais.<\/p>\n<p>Depuis mes premi\u00e8res ann\u00e9es pass\u00e9es \u00e0 d\u00e9monter des magn\u00e9toscopes dans l'atelier de mon p\u00e8re, jusqu'\u00e0 la construction de fus\u00e9es et de karts \u00e0 gravit\u00e9 \u00e0 l'adolescence, comprendre le fonctionnement des choses a toujours \u00e9t\u00e9 mon moteur. J'avais besoin de savoir comment ce nouvel appareil accomplissait \u00ab\u00a0magiquement\u00a0\u00bb sa fonction. C'est ainsi que nombre de mes nouveaux cadeaux d'enfance ont \u00e9t\u00e9 aussit\u00f4t d\u00e9mont\u00e9s, sans que je sache comment les remonter. Mais \u00e0 chaque nouvelle id\u00e9e que je d\u00e9couvrais et \u00e0 chaque nouvelle comp\u00e9tence que j'acqu\u00e9rais, je constatais que le son captivait mon attention plus que tout autre m\u00e9dium.<\/p>\n<p>Mon parcours professionnel m'a men\u00e9 du mixage pour de grands \u00e9v\u00e9nements en direct \u00e0 l'int\u00e9gration audiovisuelle en entreprise, en passant par la cr\u00e9ation de contenus de formation. Ce qui m'a toujours motiv\u00e9, c'est l'apprentissage de nouveaux concepts et id\u00e9es, leur explication et la possibilit\u00e9 d'aider l'\u00e9quipe \u00e0 progresser et \u00e0 gagner en confiance et en comp\u00e9tences.<\/p>\n<p>C\u2019est pourquoi je suis si enthousiaste \u00e0 l\u2019id\u00e9e de promouvoir cette id\u00e9e d\u2019apprentissage, de vous aider \u00e0 comprendre comment nos produits ici chez Bose Professional fonctionnent comme par magie et facilitent la prochaine \u00e9tape de votre parcours professionnel.<\/p>\n<p>Durant mon temps libre, vous me trouverez probablement en train de profiter du grand air sur un skateboard \u00e9lectrique, de me plonger dans l'univers des synth\u00e9tiseurs, de donner vie aux sons que j'ai en t\u00eate gr\u00e2ce \u00e0 mes enceintes de studio, ou d'animer un atelier de construction de drones de course. N'h\u00e9sitez pas \u00e0 me contacter et j'esp\u00e8re que vous appr\u00e9cierez nos formations\u00a0!<\/p>\t\t\t\t\t\t\t\t<\/div>\n\t\t\t\t<\/div>\n\t\t\t\t<\/div>\n\t\t<div data-particle_enable=\"false\" data-particle-mobile-disabled=\"false\" class=\"elementor-element elementor-element-13d8313 e-con-full e-flex e-con e-child\" data-id=\"13d8313\" data-element_type=\"container\">\n\t\t\t\t<div class=\"elementor-element elementor-element-1db258a elementor-widget elementor-widget-image\" data-id=\"1db258a\" data-element_type=\"widget\" data-widget_type=\"image.default\">\n\t\t\t\t<div class=\"elementor-widget-container\">\n\t\t\t\t\t\t\t\t\t\t\t\t\t\t\t<img fetchpriority=\"high\" decoding=\"async\" width=\"600\" height=\"577\" src=\"https:\/\/assets.boseprofessional.com\/transform\/4c8a455f-27de-4310-88a5-bc1d1e18b76f\/alex_instructor_v2\" class=\"attachment-large size-large wp-image-101673\" alt=\"\" srcset=\"https:\/\/assets.boseprofessional.com\/transform\/4c8a455f-27de-4310-88a5-bc1d1e18b76f\/alex_instructor_v2 600w, https:\/\/assets.boseprofessional.com\/transform\/4c8a455f-27de-4310-88a5-bc1d1e18b76f\/alex_instructor_v2?io=transform:scale,width:150,height:144 150w, https:\/\/assets.boseprofessional.com\/transform\/4c8a455f-27de-4310-88a5-bc1d1e18b76f\/alex_instructor_v2?io=transform:scale,width:300,height:289 300w, https:\/\/assets.boseprofessional.com\/transform\/4c8a455f-27de-4310-88a5-bc1d1e18b76f\/alex_instructor_v2?io=transform:scale,width:480,height:462 480w, https:\/\/assets.boseprofessional.com\/transform\/4c8a455f-27de-4310-88a5-bc1d1e18b76f\/alex_instructor_v2?io=transform:scale,width:416,height:400 416w, https:\/\/assets.boseprofessional.com\/transform\/4c8a455f-27de-4310-88a5-bc1d1e18b76f\/alex_instructor_v2?io=transform:scale,width:100,height:96 100w\" sizes=\"(max-width: 600px) 100vw, 600px\" \/>\t\t\t\t\t\t\t\t\t\t\t\t\t\t\t<\/div>\n\t\t\t\t<\/div>\n\t\t\t\t<\/div>\n\t\t\t\t\t<\/div>\n\t\t\t\t<\/div>\n\t\t<div data-particle_enable=\"false\" data-particle-mobile-disabled=\"false\" class=\"elementor-element elementor-element-a00b7a3 e-flex e-con-boxed e-con e-parent\" data-id=\"a00b7a3\" data-element_type=\"container\" data-settings=\"{&quot;background_background&quot;:&quot;classic&quot;}\">\n\t\t\t\t\t<div class=\"e-con-inner\">\n\t\t\t\t<div class=\"elementor-element elementor-element-447b71d elementor-widget-divider--view-line elementor-widget elementor-widget-divider\" data-id=\"447b71d\" data-element_type=\"widget\" data-widget_type=\"divider.default\">\n\t\t\t\t<div class=\"elementor-widget-container\">\n\t\t\t\t\t\t\t<div class=\"elementor-divider\">\n\t\t\t<span class=\"elementor-divider-separator\">\n\t\t\t\t\t\t<\/span>\n\t\t<\/div>\n\t\t\t\t\t\t<\/div>\n\t\t\t\t<\/div>\n\t\t\t\t\t<\/div>\n\t\t\t\t<\/div>\n\t\t<div data-particle_enable=\"false\" data-particle-mobile-disabled=\"false\" class=\"elementor-element elementor-element-e78bc65 e-flex e-con-boxed e-con e-parent\" data-id=\"e78bc65\" data-element_type=\"container\" data-settings=\"{&quot;background_background&quot;:&quot;classic&quot;}\">\n\t\t\t\t\t<div class=\"e-con-inner\">\n\t\t<div data-particle_enable=\"false\" data-particle-mobile-disabled=\"false\" class=\"elementor-element elementor-element-f7c0f4a e-con-full e-flex e-con e-child\" data-id=\"f7c0f4a\" data-element_type=\"container\">\n\t\t\t\t<div class=\"elementor-element elementor-element-6cc511c elementor-widget elementor-widget-image\" data-id=\"6cc511c\" data-element_type=\"widget\" data-widget_type=\"image.default\">\n\t\t\t\t<div class=\"elementor-widget-container\">\n\t\t\t\t\t\t\t\t\t\t\t\t\t\t\t<img decoding=\"async\" width=\"600\" height=\"577\" src=\"https:\/\/assets.boseprofessional.com\/transform\/5375f6df-9de7-4092-bc94-0e3becf08b9a\/josh_instructor_v2\" class=\"attachment-large size-large wp-image-101674\" alt=\"\" srcset=\"https:\/\/assets.boseprofessional.com\/transform\/5375f6df-9de7-4092-bc94-0e3becf08b9a\/josh_instructor_v2 600w, https:\/\/assets.boseprofessional.com\/transform\/5375f6df-9de7-4092-bc94-0e3becf08b9a\/josh_instructor_v2?io=transform:scale,width:150,height:144 150w, https:\/\/assets.boseprofessional.com\/transform\/5375f6df-9de7-4092-bc94-0e3becf08b9a\/josh_instructor_v2?io=transform:scale,width:300,height:289 300w, https:\/\/assets.boseprofessional.com\/transform\/5375f6df-9de7-4092-bc94-0e3becf08b9a\/josh_instructor_v2?io=transform:scale,width:480,height:462 480w, https:\/\/assets.boseprofessional.com\/transform\/5375f6df-9de7-4092-bc94-0e3becf08b9a\/josh_instructor_v2?io=transform:scale,width:416,height:400 416w, https:\/\/assets.boseprofessional.com\/transform\/5375f6df-9de7-4092-bc94-0e3becf08b9a\/josh_instructor_v2?io=transform:scale,width:100,height:96 100w\" sizes=\"(max-width: 600px) 100vw, 600px\" \/>\t\t\t\t\t\t\t\t\t\t\t\t\t\t\t<\/div>\n\t\t\t\t<\/div>\n\t\t\t\t<\/div>\n\t\t<div data-particle_enable=\"false\" data-particle-mobile-disabled=\"false\" class=\"elementor-element elementor-element-222d1ce e-con-full e-flex e-con e-child\" data-id=\"222d1ce\" data-element_type=\"container\">\n\t\t\t\t<div class=\"elementor-element elementor-element-dcdace3 elementor-widget elementor-widget-heading\" data-id=\"dcdace3\" data-element_type=\"widget\" data-widget_type=\"heading.default\">\n\t\t\t\t<div class=\"elementor-widget-container\">\n\t\t\t\t\t<h2 class=\"elementor-heading-title elementor-size-default\">D\u00c9VELOPPEUR DE CONTENU EN FORMATION TECHNIQUE<\/h2>\t\t\t\t<\/div>\n\t\t\t\t<\/div>\n\t\t\t\t<div class=\"elementor-element elementor-element-7d4e4d0 elementor-widget elementor-widget-text-editor\" data-id=\"7d4e4d0\" data-element_type=\"widget\" data-widget_type=\"text-editor.default\">\n\t\t\t\t<div class=\"elementor-widget-container\">\n\t\t\t\t\t\t\t\t\t<p>Je me consid\u00e8re comme un \u00e9ternel \u00e9tudiant et je suis anim\u00e9 par une soif d'apprendre insatiable. C'est pourquoi je suis reconnaissant de pouvoir transformer mes connaissances en ressources de formation stimulantes pour autrui. Quelle que soit la m\u00e9thode, j'ai un immense plaisir \u00e0 aider et \u00e0 transmettre mon savoir.<\/p>\n<p>\u00catre l'enfant d'un ancien chef d'orchestre signifiait que la question n'\u00e9tait pas de savoir si j'allais apprendre un instrument, mais quand. Je ne le savais pas \u00e0 l'\u00e9poque, mais cela allait finalement nourrir ma passion pour le son et influencer consid\u00e9rablement mes choix de carri\u00e8re. Ma passion pour la musique s'est d\u00e9velopp\u00e9e lorsque j'ai appris \u00e0 jouer du saxophone d\u00e8s mon plus jeune \u00e2ge. Tr\u00e8s vite, j'ai \u00e9galement appris le piano et la guitare, ce qui m'a conduit \u00e0 former mes propres groupes, tout en continuant \u00e0 jouer du saxophone \u00e0 l'\u00e9cole. Mon obsession pour la musique s'est finalement transform\u00e9e en obsession pour le son apr\u00e8s avoir eu l'occasion de jouer sur ma premi\u00e8re d\u00e9mo et avoir \u00e9t\u00e9 d\u00e9\u00e7u par le r\u00e9sultat de l'ing\u00e9nieur du son.<\/p>\n<p>J'ai \u00e9t\u00e9 g\u00e9rant de disquaires, musicien de tourn\u00e9e peinant \u00e0 joindre les deux bouts, puis ing\u00e9nieur du son en direct, technicien audiovisuel d'urgence tard dans la nuit, et enfin, ces huit derni\u00e8res ann\u00e9es, formateur et cr\u00e9ateur de contenu pour l'industrie audiovisuelle professionnelle. Tout cela a \u00e9t\u00e9 guid\u00e9 par une passion pour le son.<\/p>\n<p>Je suis reconnaissant de l'opportunit\u00e9 de travailler aux c\u00f4t\u00e9s de tant d'esprits talentueux chez Bose Professional et enthousiaste \u00e0 l'id\u00e9e de promouvoir diverses m\u00e9thodes de formation technique. Avec les progr\u00e8s technologiques et l'\u00e9volution de nos fa\u00e7ons d'apprendre, je suis ravi de continuer \u00e0 vous former sur le fonctionnement de nos produits chez Bose Professional travail.<\/p>\n<p>Durant mon temps libre, j'aime explorer le sound design, composer des chansons, d\u00e9couvrir de nouveaux univers dans un livre ou un jeu vid\u00e9o, et perfectionner une recette en cuisine. Je suis convaincu que nos formations vous permettront de r\u00e9ussir votre prochain projet, et n'h\u00e9sitez pas \u00e0 me contacter. Je suis l\u00e0 pour vous.<\/p>\t\t\t\t\t\t\t\t<\/div>\n\t\t\t\t<\/div>\n\t\t\t\t<\/div>\n\t\t\t\t\t<\/div>\n\t\t\t\t<\/div>\n\t\t\t\t<\/div>\n\t\t","protected":false},"excerpt":{"rendered":"<p>RESPONSABLE DE LA FORMATION J'aime \u00eatre \u00e0 la pointe de la technologie. Qu'il s'agisse d'une nouvelle version open source, de tests b\u00eata d'un s\u00e9quenceur MIDI de pointe ou de la conception et de l'impression 3D d'un nouveau support ou d'une pi\u00e8ce pour me simplifier la vie et celle des autres, je pense que l'avenir est clairement entre leurs mains.<\/p>\n","protected":false},"author":18,"featured_media":0,"parent":0,"menu_order":0,"comment_status":"closed","ping_status":"closed","template":"","meta":{"_acf_changed":false,"ep_exclude_from_search":false,"footnotes":""},"page-category":[],"class_list":["post-101666","page","type-page","status-publish","hentry"],"acf":[],"_links":{"self":[{"href":"https:\/\/boseprofessional.com\/fr\/wp-json\/wp\/v2\/pages\/101666","targetHints":{"allow":["GET"]}}],"collection":[{"href":"https:\/\/boseprofessional.com\/fr\/wp-json\/wp\/v2\/pages"}],"about":[{"href":"https:\/\/boseprofessional.com\/fr\/wp-json\/wp\/v2\/types\/page"}],"author":[{"embeddable":true,"href":"https:\/\/boseprofessional.com\/fr\/wp-json\/wp\/v2\/users\/18"}],"replies":[{"embeddable":true,"href":"https:\/\/boseprofessional.com\/fr\/wp-json\/wp\/v2\/comments?post=101666"}],"version-history":[{"count":3,"href":"https:\/\/boseprofessional.com\/fr\/wp-json\/wp\/v2\/pages\/101666\/revisions"}],"predecessor-version":[{"id":166365,"href":"https:\/\/boseprofessional.com\/fr\/wp-json\/wp\/v2\/pages\/101666\/revisions\/166365"}],"wp:attachment":[{"href":"https:\/\/boseprofessional.com\/fr\/wp-json\/wp\/v2\/media?parent=101666"}],"wp:term":[{"taxonomy":"page-category","embeddable":true,"href":"https:\/\/boseprofessional.com\/fr\/wp-json\/wp\/v2\/page-category?post=101666"}],"curies":[{"name":"wp","href":"https:\/\/api.w.org\/{rel}","templated":true}]}}