{"id":17887,"date":"2023-12-07T17:59:35","date_gmt":"2023-12-07T17:59:35","guid":{"rendered":"https:\/\/uatnew.boseprofessional.com\/products\/uncategorized\/audiopack-pro-c6w"},"modified":"2024-11-05T11:06:44","modified_gmt":"2024-11-05T11:06:44","slug":"audiopack-pro-c6w","status":"publish","type":"product","link":"https:\/\/boseprofessional.com\/es\/products\/system-packs\/audiopack-pro\/audiopack-pro-c6w\/","title":{"rendered":"AudioPack Pro C6W"},"content":{"rendered":"\n<div id=\"installer-step-by-step{idadd}\" class=\"{gcl}\">\n<div class=\"div-ce75fa0 {gcl}\">\n<h2 class=\"heading-c7000b6 {gcl}\">Instalador paso a paso<\/h2>\n<\/div>\n\n\n\n<div class=\"div-c479be0 {gcl}\">\n<div class=\"div-cb158b1 {gcl}\">\r\n            <div class=\"wistia_responsive_padding\" style=\"padding:56.25% 0 0 0;position:relative;\">\r\n                <div class=\"wistia_responsive_wrapper\" style=\"height:100%;left:0;position:absolute;top:0;width:100%;\">\r\n                    <div class=\"wistia_embed wistia_async_magtsnylhj seo=true videoFoam=true\" style=\"height:100%;position:relative;width:100%\">\r\n                        <div class=\"wistia_swatch\" style=\"height:100%;left:0;opacity:0;overflow:hidden;position:absolute;top:0;transition:opacity 200ms;width:100%;\">\r\n                            <img decoding=\"async\" loading=\"lazy\" src=\"https:\/\/fast.wistia.com\/embed\/medias\/magtsnylhj\/swatch\" style=\"filter:blur(5px);height:100%;object-fit:contain;width:100%;\" alt=\"\" aria-hidden=\"true\" onload=\"this.parentNode.style.opacity=1;\" \/>\r\n                        <\/div>\r\n                    <\/div>\r\n                <\/div>\r\n            <\/div>\r\n\r\n        \r\n        <script>\r\n        jQuery(window).load(function(){\r\n            let tag = document.createElement(\"script\");\r\n            tag.src = \"https:\/\/fast.wistia.com\/embed\/medias\/magtsnylhj.jsonp\";\r\n            tag.setAttribute('defer', '');\r\n            document.getElementsByTagName(\"head\")[0].appendChild(tag);\r\n        })\r\n        <\/script>\r\n        \n\n\n<p class=\"paragraph-cfae1a6 {gcl}\"><strong>Mire el video<\/strong><\/p>\n<\/div>\n\n\n\n<div class=\"div-c1a79cd {gcl}\">\n<p>Si es nuevo en sistemas de sonido comerciales, puede que tenga preguntas sobre las mejores pr\u00e1cticas y d\u00f3nde encontrar la informaci\u00f3n necesaria. Para ayudarle, hemos creado una <strong>p\u00e1gina web instructiva en l\u00ednea f\u00e1cil de usar.<\/strong> Presenta un flujo de trabajo paso a paso para dise\u00f1ar, configurar e instalar su sistema. AudioPack Pro Sistema, todo en un solo lugar conveniente.<\/p>\n\n\n\n<p>D\u00edgale adi\u00f3s a las conjeturas y d\u00e9 la bienvenida a la mejor instrucci\u00f3n en l\u00ednea de su clase, lo que garantiza que el proceso de dise\u00f1o e instalaci\u00f3n sea r\u00e1pido y eficiente.<\/p>\n\n\n\n<div class=\"{gcl}\">\n<a class=\"{gcl} cc-btn {currentpageclass=static=https:\/\/boseprofessional.com\/c6-step-by-step}\" href=\"https:\/\/boseprofessional.com\/es\/c6-step-by-step\/\" rel=\"noopener\" target=\"_blank\">ir a la p\u00e1gina<\/a>\n<\/div>\n<\/div>\n<\/div>\n<\/div>\n","protected":false},"excerpt":{"rendered":"","protected":false},"featured_media":45050,"template":"","meta":{"_acf_changed":false,"ep_exclude_from_search":false},"product_brand":[],"product_cat":[4632,4631],"product_tag":[],"class_list":{"0":"post-17887","1":"product","2":"type-product","3":"status-publish","4":"has-post-thumbnail","6":"product_cat-audiopack-pro","7":"product_cat-system-packs","8":"bose_series_name-audiopack-pro","10":"first","11":"outofstock","12":"shipping-taxable","13":"product-type-variable"},"acf":[],"_links":{"self":[{"href":"https:\/\/boseprofessional.com\/es\/wp-json\/wp\/v2\/product\/17887","targetHints":{"allow":["GET"]}}],"collection":[{"href":"https:\/\/boseprofessional.com\/es\/wp-json\/wp\/v2\/product"}],"about":[{"href":"https:\/\/boseprofessional.com\/es\/wp-json\/wp\/v2\/types\/product"}],"version-history":[{"count":2,"href":"https:\/\/boseprofessional.com\/es\/wp-json\/wp\/v2\/product\/17887\/revisions"}],"predecessor-version":[{"id":130521,"href":"https:\/\/boseprofessional.com\/es\/wp-json\/wp\/v2\/product\/17887\/revisions\/130521"}],"wp:featuredmedia":[{"embeddable":true,"href":"https:\/\/boseprofessional.com\/es\/wp-json\/wp\/v2\/media\/45050"}],"wp:attachment":[{"href":"https:\/\/boseprofessional.com\/es\/wp-json\/wp\/v2\/media?parent=17887"}],"wp:term":[{"taxonomy":"product_brand","embeddable":true,"href":"https:\/\/boseprofessional.com\/es\/wp-json\/wp\/v2\/product_brand?post=17887"},{"taxonomy":"product_cat","embeddable":true,"href":"https:\/\/boseprofessional.com\/es\/wp-json\/wp\/v2\/product_cat?post=17887"},{"taxonomy":"product_tag","embeddable":true,"href":"https:\/\/boseprofessional.com\/es\/wp-json\/wp\/v2\/product_tag?post=17887"}],"curies":[{"name":"wp","href":"https:\/\/api.w.org\/{rel}","templated":true}]}}