{"id":17775,"date":"2023-12-07T17:32:38","date_gmt":"2023-12-07T17:32:38","guid":{"rendered":"https:\/\/uatnew.boseprofessional.com\/products\/uncategorized\/arenamatch-utility-amu208-small-format-foreground-fill-loudspeaker"},"modified":"2025-07-02T16:17:31","modified_gmt":"2025-07-02T16:17:31","slug":"arenamatch-amu208-compact-high-performance-loudspeaker","status":"publish","type":"product","link":"https:\/\/boseprofessional.com\/es\/products\/loudspeakers\/surface-mount\/amu\/arenamatch-amu208-compact-high-performance-loudspeaker\/","title":{"rendered":"ArenaMatch AMU208 compact high-performance loudspeaker"},"content":{"rendered":"","protected":false},"excerpt":{"rendered":"<p>Dise\u00f1ado para cobertura de relleno de zona o m\u00fasica de primer plano con alto SPL, Bose Professional ArenaMatch Los altavoces utilitarios presentan un equilibrio tonal similar a ArenaMatch M\u00f3dulos de matriz, pero con dise\u00f1os compactos. Tienen el mismo controlador de compresi\u00f3n EMB2S que ArenaMatch Los arreglos de altavoces garantizan un sonido uniforme y la misma clasificaci\u00f3n clim\u00e1tica IP55. \u00daselos para una cobertura completa en estadios deportivos, arenas, centros de entretenimiento al aire libre y m\u00e1s. O bien, \u00faselos para proporcionar un sonido inteligible y de alta calidad en cualquier espacio al aire libre, desde recintos exclusivos como cervecer\u00edas y recintos feriales hasta entornos m\u00e1s grandes como complejos tur\u00edsticos y centros comerciales al aire libre.<\/p>\n<p>El AMU208 es un formato peque\u00f1o ArenaMatch Modelo de utilidad para aplicaciones exteriores que requieren un audio excelente con un altavoz compacto. Ofrece una cobertura amplia y uniforme con una bocina de alta frecuencia de directividad constante de 90\u00b0 \u00d7 60\u00b0, una respuesta en frecuencia de 70 Hz a 16 kHz, un nivel de presi\u00f3n sonora pico de 126 dB y admite los rangos vocales m\u00e1s bajos con dos Bose Professional Woofers LF8 de 8 pulgadas.<\/p>\n","protected":false},"featured_media":138352,"template":"","meta":{"_acf_changed":false,"ep_exclude_from_search":false},"product_brand":[],"product_cat":[3088,3077,3081],"product_tag":[],"class_list":{"0":"post-17775","1":"product","2":"type-product","3":"status-publish","4":"has-post-thumbnail","6":"product_cat-amu","7":"product_cat-loudspeakers","8":"product_cat-surface-mount","9":"bose_series_name-arenamatch-utility","10":"bose_doc_category-compliance_documents","11":"bose_doc_category-loudspeaker-files","12":"bose_doc_category-cad_files","13":"bose_doc_category-product_images_zip","14":"bose_doc_category-technical-information","15":"bose_doc_category-user_documentation","17":"first","18":"instock","19":"shipping-taxable","20":"product-type-variable"},"acf":[],"_links":{"self":[{"href":"https:\/\/boseprofessional.com\/es\/wp-json\/wp\/v2\/product\/17775","targetHints":{"allow":["GET"]}}],"collection":[{"href":"https:\/\/boseprofessional.com\/es\/wp-json\/wp\/v2\/product"}],"about":[{"href":"https:\/\/boseprofessional.com\/es\/wp-json\/wp\/v2\/types\/product"}],"version-history":[{"count":2,"href":"https:\/\/boseprofessional.com\/es\/wp-json\/wp\/v2\/product\/17775\/revisions"}],"predecessor-version":[{"id":165868,"href":"https:\/\/boseprofessional.com\/es\/wp-json\/wp\/v2\/product\/17775\/revisions\/165868"}],"wp:featuredmedia":[{"embeddable":true,"href":"https:\/\/boseprofessional.com\/es\/wp-json\/wp\/v2\/media\/138352"}],"wp:attachment":[{"href":"https:\/\/boseprofessional.com\/es\/wp-json\/wp\/v2\/media?parent=17775"}],"wp:term":[{"taxonomy":"product_brand","embeddable":true,"href":"https:\/\/boseprofessional.com\/es\/wp-json\/wp\/v2\/product_brand?post=17775"},{"taxonomy":"product_cat","embeddable":true,"href":"https:\/\/boseprofessional.com\/es\/wp-json\/wp\/v2\/product_cat?post=17775"},{"taxonomy":"product_tag","embeddable":true,"href":"https:\/\/boseprofessional.com\/es\/wp-json\/wp\/v2\/product_tag?post=17775"}],"curies":[{"name":"wp","href":"https:\/\/api.w.org\/{rel}","templated":true}]}}