{"id":85276,"date":"2024-02-08T14:48:15","date_gmt":"2024-02-08T14:48:15","guid":{"rendered":"https:\/\/uatnew.boseprofessional.com\/?page_id=85276"},"modified":"2025-10-25T03:47:06","modified_gmt":"2025-10-25T03:47:06","slug":"service-center-signup","status":"publish","type":"page","link":"https:\/\/boseprofessional.com\/es\/service-center-signup\/","title":{"rendered":"Service Center Registration"},"content":{"rendered":"\t\t<div data-elementor-type=\"wp-page\" data-elementor-id=\"85276\" class=\"elementor elementor-85276\" data-elementor-post-type=\"page\">\n\t\t\t\t<div data-particle_enable=\"false\" data-particle-mobile-disabled=\"false\" class=\"elementor-element elementor-element-22a601c e-con-full e-flex e-con e-parent\" data-id=\"22a601c\" data-element_type=\"container\" data-settings=\"{&quot;background_background&quot;:&quot;classic&quot;}\">\n\t\t<div data-particle_enable=\"false\" data-particle-mobile-disabled=\"false\" class=\"elementor-element elementor-element-7bdaa88 e-flex e-con-boxed e-con e-child\" data-id=\"7bdaa88\" data-element_type=\"container\">\n\t\t\t\t\t<div class=\"e-con-inner\">\n\t\t\t\t<div class=\"elementor-element elementor-element-2418bd5 elementor-widget elementor-widget-heading\" data-id=\"2418bd5\" data-element_type=\"widget\" data-widget_type=\"heading.default\">\n\t\t\t\t<div class=\"elementor-widget-container\">\n\t\t\t\t\t<h1 class=\"elementor-heading-title elementor-size-default\">Documentaci\u00f3n del centro de servicio\n<\/h1>\t\t\t\t<\/div>\n\t\t\t\t<\/div>\n\t\t\t\t\t<\/div>\n\t\t\t\t<\/div>\n\t\t\t\t<\/div>\n\t\t<div data-particle_enable=\"false\" data-particle-mobile-disabled=\"false\" class=\"elementor-element elementor-element-4a01442 e-flex e-con-boxed e-con e-parent\" data-id=\"4a01442\" data-element_type=\"container\">\n\t\t\t\t\t<div class=\"e-con-inner\">\n\t\t<div data-particle_enable=\"false\" data-particle-mobile-disabled=\"false\" class=\"elementor-element elementor-element-553c783 e-grid e-con-boxed e-con e-child\" data-id=\"553c783\" data-element_type=\"container\">\n\t\t\t\t\t<div class=\"e-con-inner\">\n\t\t<div data-particle_enable=\"false\" data-particle-mobile-disabled=\"false\" class=\"elementor-element elementor-element-3a92864 e-con-full e-flex e-con e-child\" data-id=\"3a92864\" data-element_type=\"container\">\n\t\t\t\t<div class=\"elementor-element elementor-element-fac4752 elementor-widget elementor-widget-heading\" data-id=\"fac4752\" data-element_type=\"widget\" data-widget_type=\"heading.default\">\n\t\t\t\t<div class=\"elementor-widget-container\">\n\t\t\t\t\t<h1 class=\"elementor-heading-title elementor-size-default\">Reg\u00edstrese para obtener acceso a la documentaci\u00f3n del centro de servicio.<\/h1>\t\t\t\t<\/div>\n\t\t\t\t<\/div>\n\t\t\t\t<div class=\"elementor-element elementor-element-0b48099 mepress-email-box elementor-widget elementor-widget-text-editor\" data-id=\"0b48099\" data-element_type=\"widget\" data-widget_type=\"text-editor.default\">\n\t\t\t\t<div class=\"elementor-widget-container\">\n\t\t\t\t\t\t\t\t\t<p><strong>Si tiene alg\u00fan problema con su cuenta, comun\u00edquese con su representante de ventas.<\/strong><\/p>\n<p>Si ya tiene una cuenta, inicie sesi\u00f3n a continuaci\u00f3n:<\/p>\t\t\t\t\t\t\t\t<\/div>\n\t\t\t\t<\/div>\n\t\t\t\t<div class=\"elementor-element elementor-element-67627d2 elementor-widget elementor-widget-shortcode\" data-id=\"67627d2\" data-element_type=\"widget\" data-widget_type=\"shortcode.default\">\n\t\t\t\t<div class=\"elementor-widget-container\">\n\t\t\t\t\t\t\t<div class=\"elementor-shortcode\">\n      <a href=\"https:\/\/boseprofessional.com\/es\/login\/?redirect_to=https%3A%2F%2Fboseprofessional.com%2Fservice-center-signup\">Acceso<\/a>\n            <\/div>\n\t\t\t\t\t\t<\/div>\n\t\t\t\t<\/div>\n\t\t\t\t<\/div>\n\t\t\t\t<div class=\"elementor-element elementor-element-ddae436 elementor-widget elementor-widget-shortcode\" data-id=\"ddae436\" data-element_type=\"widget\" data-widget_type=\"shortcode.default\">\n\t\t\t\t<div class=\"elementor-widget-container\">\n\t\t\t\t\t\t\t<div class=\"elementor-shortcode\">\n\n<div class=\"mp_wrapper\">\n  <form  name=\"mepr_signup_form\" id=\"mepr_signup_form\" class=\"mepr-signup-form mepr-form\" method=\"post\" action=\"\/es\/wp-json\/wp\/v2\/pages\/85276\/#mepr_jump\" enctype=\"multipart\/form-data\" novalidate>\n    <input type=\"hidden\" name=\"mepr_process_signup_form\" value=\"Y\" \/>\n    <input type=\"hidden\" name=\"mepr_product_id\" value=\"56542\" \/>\n\n    \n    \n    \n    \n    \n          <div class=\"mp-form-row mepr_first_name mepr-field-required\">\n        <div class=\"mp-form-label\">\n          <label for=\"user_first_name1\">Nombre de pila:*<\/label>\n          <span class=\"cc-error\">Nombre requerido<\/span>\n        <\/div>\n        <input type=\"text\" name=\"user_first_name\" id=\"user_first_name1\" class=\"mepr-form-input\" value=\"\" required \/>\n      <\/div>\n      <div class=\"mp-form-row mepr_last_name mepr-field-required\">\n        <div class=\"mp-form-label\">\n          <label for=\"user_last_name1\">Apellido:*<\/label>\n          <span class=\"cc-error\">Apellido requerido<\/span>\n        <\/div>\n        <input type=\"text\" name=\"user_last_name\" id=\"user_last_name1\" class=\"mepr-form-input\" value=\"\" required \/>\n      <\/div>\n    \n    \n    \n<div class=\"mp-form-row mepr_custom_field mepr_mepr_company_name mepr-field-required\">\n      <div class=\"mp-form-label\">\n      <label for=\"mepr_company_name1\">\n          Nombre de empresa:*      <\/label>\n              <span class=\"cc-error\">\n          El nombre de la empresa es obligatorio      <\/span>\n    <\/div>\n    <input type=\"text\" name=\"mepr_company_name\" id=\"mepr_company_name1\" class=\"mepr-form-input\" value=\"\"  required \/><\/div>\n\n<div class=\"mp-form-row mepr_custom_field mepr_mepr_company_adress mepr-field-required\">\n      <div class=\"mp-form-label\">\n      <label for=\"mepr_company_adress1\">\n          Direcci\u00f3n de la empresa:*      <\/label>\n              <span class=\"cc-error\">\n          La direcci\u00f3n de la empresa es obligatoria      <\/span>\n    <\/div>\n    <input type=\"text\" name=\"mepr_company_adress\" id=\"mepr_company_adress1\" class=\"mepr-form-input\" value=\"\"  required \/><\/div>\n\n    \n          <input type=\"hidden\" class=\"mepr-geo-country\" name=\"mepr-geo-country\" value=\"\" \/>\n\n              <div class=\"mp-form-row mepr_email mepr-field-required\">\n        <div class=\"mp-form-label\">\n          <label for=\"user_email1\">Correo electr\u00f3nico:*<\/label>\n          <span class=\"cc-error\">Correo electr\u00f3nico no v\u00e1lido<\/span>\n        <\/div>\n        <input type=\"email\" name=\"user_email\" id=\"user_email1\" class=\"mepr-form-input\" value=\"\" required \/>\n      <\/div>\n      <div class=\"mp-form-row mepr_email_stripe mepr-field-required mepr-hidden\">\n      <\/div>\n                                <div class=\"mp-form-row mepr_password mepr-field-required\">\n          <div class=\"mp-form-label\">\n            <label for=\"mepr_user_password1\">Contrase\u00f1a:*<\/label>\n            <span class=\"cc-error\">Contrase\u00f1a inv\u00e1lida<\/span>\n          <\/div>\n          <div class=\"mp-hide-pw\">\n            <input type=\"password\" name=\"mepr_user_password\" id=\"mepr_user_password1\" class=\"mepr-form-input mepr-password\" value=\"\" required \/>\n            <button type=\"button\" class=\"button mp-hide-pw hide-if-no-js\" data-toggle=\"0\" aria-label=\"Mostrar contrase\u00f1a\">\n              <span class=\"dashicons dashicons-visibility\" aria-hidden=\"true\"><\/span>\n            <\/button>\n          <\/div>\n          <\/div>\n        <div class=\"mp-form-row mepr_password_confirm mepr-field-required\">\n          <div class=\"mp-form-label\">\n            <label for=\"mepr_user_password_confirm1\">Confirmaci\u00f3n de contrase\u00f1a:*<\/label>\n            <span class=\"cc-error\">La confirmaci\u00f3n de contrase\u00f1a no coincide<\/span>\n          <\/div>\n          <div class=\"mp-hide-pw\">\n            <input type=\"password\" name=\"mepr_user_password_confirm\" id=\"mepr_user_password_confirm1\" class=\"mepr-form-input mepr-password-confirm\" value=\"\" required \/>\n            <button type=\"button\" class=\"button mp-hide-pw hide-if-no-js\" data-toggle=\"0\" aria-label=\"Mostrar contrase\u00f1a\">\n              <span class=\"dashicons dashicons-visibility\" aria-hidden=\"true\"><\/span>\n            <\/button>\n          <\/div>\n        <\/div>\n                                    \n        \n    \n          <input type=\"hidden\" name=\"mepr_coupon_code\" value=\"\" \/>\n    \n    \n    \n        \n    <div class=\"mepr_spacer\">&nbsp;<\/div>\n\n    <div class=\"mp-form-submit\">\n            <label for=\"mepr_no_val\" class=\"mepr-visuallyhidden\">Sin valor<\/label>\n      <input type=\"text\" id=\"mepr_no_val\" name=\"mepr_no_val\" class=\"mepr-form-input mepr-visuallyhidden mepr_no_val mepr-hidden\" autocomplete=\"off\" \/>\n\n              <input type=\"submit\" class=\"mepr-submit\" value=\"Reg\u00edstrese para obtener la documentaci\u00f3n del centro de servicio\" \/>\n            <img decoding=\"async\" src=\"https:\/\/boseprofessional.com\/wp-admin\/images\/loading.gif\" alt=\"Cargando...\" style=\"display: none;\" class=\"mepr-loading-gif\" title=\"Loading icon\" \/>\n      <span class=\"mepr-form-has-errors\">Por favor corrija los errores anteriores.<\/span>\n\n    <\/div>\n  <\/form>\n<\/div>\n<\/div>\n\t\t\t\t\t\t<\/div>\n\t\t\t\t<\/div>\n\t\t\t\t\t<\/div>\n\t\t\t\t<\/div>\n\t\t\t\t\t<\/div>\n\t\t\t\t<\/div>\n\t\t\t\t<\/div>\n\t\t","protected":false},"excerpt":{"rendered":"<p>Documentaci\u00f3n del Centro de Servicio. Reg\u00edstrese para acceder a la documentaci\u00f3n del centro de servicio. Si tiene alg\u00fan problema con su cuenta, contacte con su representante de ventas. Si ya tiene una cuenta, inicie sesi\u00f3n a continuaci\u00f3n:<\/p>\n","protected":false},"author":33,"featured_media":0,"parent":0,"menu_order":0,"comment_status":"closed","ping_status":"closed","template":"","meta":{"_acf_changed":false,"ep_exclude_from_search":false,"footnotes":""},"page-category":[],"class_list":["post-85276","page","type-page","status-publish","hentry"],"acf":[],"_links":{"self":[{"href":"https:\/\/boseprofessional.com\/es\/wp-json\/wp\/v2\/pages\/85276","targetHints":{"allow":["GET"]}}],"collection":[{"href":"https:\/\/boseprofessional.com\/es\/wp-json\/wp\/v2\/pages"}],"about":[{"href":"https:\/\/boseprofessional.com\/es\/wp-json\/wp\/v2\/types\/page"}],"author":[{"embeddable":true,"href":"https:\/\/boseprofessional.com\/es\/wp-json\/wp\/v2\/users\/33"}],"replies":[{"embeddable":true,"href":"https:\/\/boseprofessional.com\/es\/wp-json\/wp\/v2\/comments?post=85276"}],"version-history":[{"count":3,"href":"https:\/\/boseprofessional.com\/es\/wp-json\/wp\/v2\/pages\/85276\/revisions"}],"predecessor-version":[{"id":172091,"href":"https:\/\/boseprofessional.com\/es\/wp-json\/wp\/v2\/pages\/85276\/revisions\/172091"}],"wp:attachment":[{"href":"https:\/\/boseprofessional.com\/es\/wp-json\/wp\/v2\/media?parent=85276"}],"wp:term":[{"taxonomy":"page-category","embeddable":true,"href":"https:\/\/boseprofessional.com\/es\/wp-json\/wp\/v2\/page-category?post=85276"}],"curies":[{"name":"wp","href":"https:\/\/api.w.org\/{rel}","templated":true}]}}