{"id":7661,"date":"2023-10-26T03:49:57","date_gmt":"2023-10-26T03:49:57","guid":{"rendered":"https:\/\/uatnew.boseprofessional.com\/?page_id=7661"},"modified":"2024-08-21T14:55:23","modified_gmt":"2024-08-21T14:55:23","slug":"discontinued-products","status":"publish","type":"page","link":"https:\/\/boseprofessional.com\/es\/resources\/discontinued-products\/","title":{"rendered":"Discontinued Products"},"content":{"rendered":"\t\t<div data-elementor-type=\"wp-page\" data-elementor-id=\"7661\" class=\"elementor elementor-7661\" data-elementor-post-type=\"page\">\n\t\t\t\t<div data-particle_enable=\"false\" data-particle-mobile-disabled=\"false\" class=\"elementor-element elementor-element-b148fc6 e-con-full e-flex e-con e-parent\" data-id=\"b148fc6\" data-element_type=\"container\">\n\t\t\t\t<div class=\"elementor-element elementor-element-b79ef8f elementor-widget elementor-widget-heading\" data-id=\"b79ef8f\" data-element_type=\"widget\" data-widget_type=\"heading.default\">\n\t\t\t\t<div class=\"elementor-widget-container\">\n\t\t\t\t\t<h2 class=\"elementor-heading-title elementor-size-default\">\nProductos descontinuados\n<\/h2>\t\t\t\t<\/div>\n\t\t\t\t<\/div>\n\t\t\t\t<\/div>\n\t\t<div data-particle_enable=\"false\" data-particle-mobile-disabled=\"false\" class=\"elementor-element elementor-element-50407ae e-con-full e-flex e-con e-parent\" data-id=\"50407ae\" data-element_type=\"container\">\n\t\t\t\t<div class=\"elementor-element elementor-element-f4f169a elementor-widget elementor-widget-text-editor\" data-id=\"f4f169a\" data-element_type=\"widget\" data-widget_type=\"text-editor.default\">\n\t\t\t\t<div class=\"elementor-widget-container\">\n\t\t\t\t\t\t\t\t\t<p class=\"paragraph-cdaaa87 bp_mar-btm-0\"><i class=\"fa fa-angle-left\" aria-hidden=\"true\"><\/i> <a style=\"color: #fff;\" href=\"#\">Volver a Recursos<\/a><\/p>\t\t\t\t\t\t\t\t<\/div>\n\t\t\t\t<\/div>\n\t\t\t\t<\/div>\n\t\t<div data-particle_enable=\"false\" data-particle-mobile-disabled=\"false\" class=\"elementor-element elementor-element-8158d2f e-flex e-con-boxed e-con e-parent\" data-id=\"8158d2f\" data-element_type=\"container\">\n\t\t\t\t\t<div class=\"e-con-inner\">\n\t\t\t\t<div class=\"elementor-element elementor-element-a01d259 elementor-widget elementor-widget-text-editor\" data-id=\"a01d259\" data-element_type=\"widget\" data-widget_type=\"text-editor.default\">\n\t\t\t\t<div class=\"elementor-widget-container\">\n\t\t\t\t\t\t\t\t\tDesde hace m\u00e1s de 50 a\u00f1os, Bose Professional Nuestros productos han estado a la vanguardia de la innovaci\u00f3n. A continuaci\u00f3n, encontrar\u00e1 nuestro cat\u00e1logo de productos descontinuados.\t\t\t\t\t\t\t\t<\/div>\n\t\t\t\t<\/div>\n\t\t\t\t\t<\/div>\n\t\t\t\t<\/div>\n\t\t<div data-particle_enable=\"false\" data-particle-mobile-disabled=\"false\" class=\"elementor-element elementor-element-782796a e-flex e-con-boxed e-con e-parent\" data-id=\"782796a\" data-element_type=\"container\">\n\t\t\t\t\t<div class=\"e-con-inner\">\n\t\t<div data-particle_enable=\"false\" data-particle-mobile-disabled=\"false\" class=\"elementor-element elementor-element-8b6132b e-con-full e-flex e-con e-child\" data-id=\"8b6132b\" data-element_type=\"container\">\n\t\t<div data-particle_enable=\"false\" data-particle-mobile-disabled=\"false\" class=\"elementor-element elementor-element-8b82da3 e-con-full e-flex e-con e-child\" data-id=\"8b82da3\" data-element_type=\"container\" data-settings=\"{&quot;background_background&quot;:&quot;classic&quot;}\">\n\t\t\t\t<div class=\"elementor-element elementor-element-a381d5a content-align-cta-center elementor-widget elementor-widget-eael-cta-box\" data-id=\"a381d5a\" data-element_type=\"widget\" data-widget_type=\"eael-cta-box.default\">\n\t\t\t\t<div class=\"elementor-widget-container\">\n\t\t\t\t\t\t\t<div class=\"eael-call-to-action cta-basic bg-lite cta-preset-1\">\n        <h2 class=\"title eael-cta-heading\">Amplificadores<\/h2><p>&nbsp;<\/p><a href=\"\/es\/resources\/discontinued-products\/amplifiers\/\" class=\"cta-button cta-preset-1  effect-2\">Explorar<\/a>\t<\/div>\n\t\t\t\t\t\t\t\t<\/div>\n\t\t\t\t<\/div>\n\t\t\t\t<\/div>\n\t\t<div data-particle_enable=\"false\" data-particle-mobile-disabled=\"false\" class=\"elementor-element elementor-element-bd4e65d e-con-full e-flex e-con e-child\" data-id=\"bd4e65d\" data-element_type=\"container\">\n\t\t\t\t<div class=\"elementor-element elementor-element-ce380ba content-align-cta-center elementor-widget elementor-widget-eael-cta-box\" data-id=\"ce380ba\" data-element_type=\"widget\" data-widget_type=\"eael-cta-box.default\">\n\t\t\t\t<div class=\"elementor-widget-container\">\n\t\t\t\t\t\t\t<div class=\"eael-call-to-action cta-basic bg-lite cta-preset-1\">\n        <h2 class=\"title eael-cta-heading\">Altavoces<\/h2><p>&nbsp;<\/p><a href=\"\/es\/resources\/discontinued-products\/loudspeakers\/\" class=\"cta-button cta-preset-1  effect-2\">Explorar<\/a>\t<\/div>\n\t\t\t\t\t\t\t\t<\/div>\n\t\t\t\t<\/div>\n\t\t\t\t<\/div>\n\t\t<div data-particle_enable=\"false\" data-particle-mobile-disabled=\"false\" class=\"elementor-element elementor-element-8467d0e e-con-full e-flex e-con e-child\" data-id=\"8467d0e\" data-element_type=\"container\">\n\t\t\t\t<div class=\"elementor-element elementor-element-da74d9c content-align-cta-center elementor-widget elementor-widget-eael-cta-box\" data-id=\"da74d9c\" data-element_type=\"widget\" data-widget_type=\"eael-cta-box.default\">\n\t\t\t\t<div class=\"elementor-widget-container\">\n\t\t\t\t\t\t\t<div class=\"eael-call-to-action cta-basic bg-lite cta-preset-1\">\n        <h2 class=\"title eael-cta-heading\">Procesamiento de se\u00f1al y redes<\/h2><p>&nbsp;<\/p><a href=\"\/es\/resources\/discontinued-products\/signal-processing-and-networking\/\" class=\"cta-button cta-preset-1  effect-2\">Explorar<\/a>\t<\/div>\n\t\t\t\t\t\t\t\t<\/div>\n\t\t\t\t<\/div>\n\t\t\t\t<\/div>\n\t\t<div data-particle_enable=\"false\" data-particle-mobile-disabled=\"false\" class=\"elementor-element elementor-element-cd6beec e-con-full e-flex e-con e-child\" data-id=\"cd6beec\" data-element_type=\"container\">\n\t\t\t\t<div class=\"elementor-element elementor-element-2cb8498 content-align-cta-center elementor-widget elementor-widget-eael-cta-box\" data-id=\"2cb8498\" data-element_type=\"widget\" data-widget_type=\"eael-cta-box.default\">\n\t\t\t\t<div class=\"elementor-widget-container\">\n\t\t\t\t\t\t\t<div class=\"eael-call-to-action cta-basic bg-lite cta-preset-1\">\n        <h2 class=\"title eael-cta-heading\">Accesorios<\/h2><p>&nbsp;<\/p><a href=\"\/es\/resources\/discontinued-products\/accessories\/\" class=\"cta-button cta-preset-1  effect-2\">Explorar<\/a>\t<\/div>\n\t\t\t\t\t\t\t\t<\/div>\n\t\t\t\t<\/div>\n\t\t\t\t<\/div>\n\t\t<div data-particle_enable=\"false\" data-particle-mobile-disabled=\"false\" class=\"elementor-element elementor-element-f9781c8 e-con-full e-flex e-con e-child\" data-id=\"f9781c8\" data-element_type=\"container\">\n\t\t\t\t<\/div>\n\t\t<div data-particle_enable=\"false\" data-particle-mobile-disabled=\"false\" class=\"elementor-element elementor-element-c1d0f9f e-con-full e-flex e-con e-child\" data-id=\"c1d0f9f\" data-element_type=\"container\">\n\t\t\t\t<\/div>\n\t\t\t\t<\/div>\n\t\t\t\t\t<\/div>\n\t\t\t\t<\/div>\n\t\t\t\t<\/div>\n\t\t","protected":false},"excerpt":{"rendered":"<p>Productos descontinuados Volver a Recursos Durante m\u00e1s de 50 a\u00f1os, Bose Professional Nuestros productos han estado a la vanguardia de la innovaci\u00f3n. A continuaci\u00f3n, encontrar\u00e1 nuestro cat\u00e1logo de productos descontinuados. Amplificadores Explorar Altavoces Explorar Procesamiento de se\u00f1ales y redes Explorar Accesorios Explorar<\/p>\n","protected":false},"author":21,"featured_media":0,"parent":5582,"menu_order":0,"comment_status":"closed","ping_status":"closed","template":"elementor_header_footer","meta":{"_acf_changed":false,"ep_exclude_from_search":false,"footnotes":""},"page-category":[],"class_list":["post-7661","page","type-page","status-publish","hentry"],"acf":[],"_links":{"self":[{"href":"https:\/\/boseprofessional.com\/es\/wp-json\/wp\/v2\/pages\/7661","targetHints":{"allow":["GET"]}}],"collection":[{"href":"https:\/\/boseprofessional.com\/es\/wp-json\/wp\/v2\/pages"}],"about":[{"href":"https:\/\/boseprofessional.com\/es\/wp-json\/wp\/v2\/types\/page"}],"author":[{"embeddable":true,"href":"https:\/\/boseprofessional.com\/es\/wp-json\/wp\/v2\/users\/21"}],"replies":[{"embeddable":true,"href":"https:\/\/boseprofessional.com\/es\/wp-json\/wp\/v2\/comments?post=7661"}],"version-history":[{"count":3,"href":"https:\/\/boseprofessional.com\/es\/wp-json\/wp\/v2\/pages\/7661\/revisions"}],"predecessor-version":[{"id":118799,"href":"https:\/\/boseprofessional.com\/es\/wp-json\/wp\/v2\/pages\/7661\/revisions\/118799"}],"up":[{"embeddable":true,"href":"https:\/\/boseprofessional.com\/es\/wp-json\/wp\/v2\/pages\/5582"}],"wp:attachment":[{"href":"https:\/\/boseprofessional.com\/es\/wp-json\/wp\/v2\/media?parent=7661"}],"wp:term":[{"taxonomy":"page-category","embeddable":true,"href":"https:\/\/boseprofessional.com\/es\/wp-json\/wp\/v2\/page-category?post=7661"}],"curies":[{"name":"wp","href":"https:\/\/api.w.org\/{rel}","templated":true}]}}