{"id":56522,"date":"2024-01-18T16:39:05","date_gmt":"2024-01-18T16:39:05","guid":{"rendered":"https:\/\/uatnew.boseprofessional.com\/account"},"modified":"2024-02-19T11:38:25","modified_gmt":"2024-02-19T11:38:25","slug":"account","status":"publish","type":"page","link":"https:\/\/boseprofessional.com\/es\/account\/","title":{"rendered":"Account"},"content":{"rendered":"<div class=\"mp_wrapper\">\n  <div class=\"mepr-unauthorized-message\">\n    <p>No est\u00e1 autorizado para ver esta p\u00e1gina.<\/p>\n<p>Si est\u00e1 intentando registrarse en el Centro Educativo, haga clic <a href=\"https:\/\/boseprofessional.com\/es\/lms-registration\/\">aqu\u00ed<\/a><\/p>\n<p>Para obtener ayuda con el centro educativo, env\u00ede un correo electr\u00f3nico <a href=\"mailto:boseproeducation@boseprofessional.com\">a boseproeducation@boseprofessional.com<\/a><\/p>\n<p>Si ya tiene una cuenta, ingrese sus credenciales a continuaci\u00f3n:<\/p>\n  <\/div>\n  <div class=\"mepr-login-form-wrap\">\n            \n<div class=\"mp_wrapper mp_login_form\">\n                       <form  name=\"mepr_loginform\" id=\"mepr_loginform\" class=\"mepr-form\" action=\"https:\/\/boseprofessional.com\/es\/login\/\" method=\"post\">\n            <div class=\"mp-form-row mepr_username\">\n        <div class=\"mp-form-label\">\n                              <label for=\"user_login\">Nombre de usuario o correo electr\u00f3nico<\/label>\n        <\/div>\n        <input type=\"text\" name=\"log\" id=\"user_login\" value=\"\" \/>\n      <\/div>\n      <div class=\"mp-form-row mepr_password\">\n        <div class=\"mp-form-label\">\n          <label for=\"user_pass\">Contrase\u00f1a<\/label>\n          <div class=\"mp-hide-pw\">\n            <input type=\"password\" name=\"pwd\" id=\"user_pass\" value=\"\" \/>\n            <button type=\"button\" class=\"button mp-hide-pw hide-if-no-js\" data-toggle=\"0\" aria-label=\"Mostrar contrase\u00f1a\">\n              <span class=\"dashicons dashicons-visibility\" aria-hidden=\"true\"><\/span>\n            <\/button>\n          <\/div>\n        <\/div>\n      <\/div>\n            <div>\n        <label><input name=\"rememberme\" type=\"checkbox\" id=\"rememberme\" value=\"forever\" \/> Acu\u00e9rdate de m\u00ed<\/label>\n      <\/div>\n      <div class=\"mp-spacer\">&nbsp;<\/div>\n      <div class=\"submit\">\n        <input type=\"submit\" name=\"wp-submit\" id=\"wp-submit\" class=\"button-primary mepr-share-button\" value=\"Acceso\" \/>\n        <input type=\"hidden\" name=\"redirect_to\" value=\"\/wp-json\/wp\/v2\/pages\/56522\" \/>\n        <input type=\"hidden\" name=\"mepr_process_login_form\" value=\"true\" \/>\n        <input type=\"hidden\" name=\"mepr_is_login_page\" value=\"false\" \/>\n      <\/div>\n    <\/form>\n    <div class=\"mp-spacer\">&nbsp;<\/div>\n    <div class=\"mepr-login-actions\">\n      <a href=\"https:\/\/boseprofessional.com\/es\/login\/?action=forgot_password\">Has olvidado tu contrase\u00f1a<\/a>\n    <\/div>\n\n      \n    <!-- mp-login-form-end --> \n  <\/div>\n      <\/div>\n<\/div>\n\n","protected":false},"excerpt":{"rendered":"<p>No est\u00e1 autorizado para ver esta p\u00e1gina. Si intenta registrarse en el Centro Educativo, haga clic aqu\u00ed. Para obtener ayuda con el Centro Educativo, escriba a boseproeducation@boseprofessional.com. Si ya tiene una cuenta, ingrese sus credenciales a continuaci\u00f3n: Nombre de usuario o correo electr\u00f3nico Contrase\u00f1a Recordarme \u00bfOlvid\u00f3 su contrase\u00f1a?<\/p>\n","protected":false},"author":17,"featured_media":0,"parent":0,"menu_order":0,"comment_status":"closed","ping_status":"closed","template":"","meta":{"_acf_changed":false,"ep_exclude_from_search":false,"footnotes":""},"page-category":[],"class_list":["post-56522","page","type-page","status-publish","hentry"],"acf":[],"_links":{"self":[{"href":"https:\/\/boseprofessional.com\/es\/wp-json\/wp\/v2\/pages\/56522","targetHints":{"allow":["GET"]}}],"collection":[{"href":"https:\/\/boseprofessional.com\/es\/wp-json\/wp\/v2\/pages"}],"about":[{"href":"https:\/\/boseprofessional.com\/es\/wp-json\/wp\/v2\/types\/page"}],"author":[{"embeddable":true,"href":"https:\/\/boseprofessional.com\/es\/wp-json\/wp\/v2\/users\/17"}],"replies":[{"embeddable":true,"href":"https:\/\/boseprofessional.com\/es\/wp-json\/wp\/v2\/comments?post=56522"}],"version-history":[{"count":1,"href":"https:\/\/boseprofessional.com\/es\/wp-json\/wp\/v2\/pages\/56522\/revisions"}],"predecessor-version":[{"id":95978,"href":"https:\/\/boseprofessional.com\/es\/wp-json\/wp\/v2\/pages\/56522\/revisions\/95978"}],"wp:attachment":[{"href":"https:\/\/boseprofessional.com\/es\/wp-json\/wp\/v2\/media?parent=56522"}],"wp:term":[{"taxonomy":"page-category","embeddable":true,"href":"https:\/\/boseprofessional.com\/es\/wp-json\/wp\/v2\/page-category?post=56522"}],"curies":[{"name":"wp","href":"https:\/\/api.w.org\/{rel}","templated":true}]}}