{"id":3794,"date":"2023-09-12T13:58:25","date_gmt":"2023-09-12T13:58:25","guid":{"rendered":"https:\/\/uatnew.boseprofessional.com\/?page_id=3794"},"modified":"2024-03-19T11:39:47","modified_gmt":"2024-03-19T11:39:47","slug":"es1-ceiling-audio-solution","status":"publish","type":"page","link":"https:\/\/boseprofessional.com\/es\/applications\/corporate\/es1-ceiling-audio-solution\/","title":{"rendered":"ES1 Ceiling Audio Solution"},"content":{"rendered":"\n<section class=\"bp_es1-section {gcl} cc-sct\">\n<div class=\"{gcl} cc-cntr\">\n<img decoding=\"async\" class=\"cc-img\" src=\"https:\/\/assets.boseprofessional.com\/transform\/6171efc6-cf07-430e-8401-904924603fea\/es1_header_1920x550_v2-jpeg\" srcset=\"{imageset=31291}\" sizes=\"{imagesizes=31291=false}\" width=\"{imagewidth=31291}\" height=\"{imageheight=31291}\" alt=\"{imagealt=31291}\"\/>\n<\/div>\n<\/section>\n\n\n\n<div id=\"bpStickyOnScrollNav{idadd}\" class=\"bp_sticky-scroll-nav-wrap\">\n<div class=\"bp_sticky-scroll-nav-container {gcl}\">\n<div class=\"bp_sticky-scroll-left\">\n<div class=\"{gcl}\">\n<p class=\"bp_sticky-nav-drop-selected-label\">Seleccionar\u2026<\/p>\n\n\n\n<div class=\"bp_sticky-nav-drop-arrow {gcl}\"><\/div>\n<\/div>\n\n\n\n<div class=\"bp_sticky-nav-list\"><ul><li><a href=\"#overview\">Informaci\u00f3n general<\/a><\/li><li><a href=\"#products\">Productos<\/a><\/li><li><a href=\"#downloads\">Descargas<\/a><\/li><\/ul><\/div>\n<\/div>\n\n\n\n<div class=\"bp_sticky-scroll-right\">\n<a class=\"{gcl} cc-btn {currentpageclass=static=\/company\/technology-alliances}\" href=\"\/es\/company\/technology-alliances\/\">Red de socios<\/a> <a class=\"{gcl} cc-btn {currentpageclass=static=https:\/\/boseprofessional.com\/contact-a-dealer}\" href=\"https:\/\/boseprofessional.com\/es\/contact-a-dealer\/\">P\u00f3ngase en contacto con un distribuidor<\/a>\n<\/div>\n<\/div>\n\n\n\n<script>\nvar inPageNavOffset, pageAnchorScrolled;\nvar fixedOffsetNav = jQuery(\"#bpStickyOnScrollNav\").offset().top;\nvar fixedOffsetHeader = jQuery('.bp_site-header').offset().top;\nfunction calculateScrollTop(element) {\n    var navElement = jQuery(\"#bpStickyOnScrollNav\");\n    var scrollTop = jQuery(element).offset().top;\t\n    if (navElement.offset().top > jQuery(window).scrollTop()) {\n\t\tif( navElement.hasClass(\"sticky\")){\n\t\t\tscrollTop = jQuery(element).offset().top - jQuery('.bp_site-header').outerHeight() ;\n\t\t}else{\n\t\t\tscrollTop = jQuery(element).offset().top - jQuery('.bp_site-header').outerHeight() - navElement.outerHeight();\n\t\t}       \n    }\n    \/\/scrollTop -= navElement.hasClass(\"sticky\") ? navElement.outerHeight() : 0;\n\tscrollTop -= ((jQuery(element).offset().top - navElement.outerHeight()) > fixedOffsetNav) ? navElement.outerHeight() : 0;\n    jQuery(\"html\").animate({ scrollTop: scrollTop }, 300);\n\tpageAnchorScrolled = true;\n    window.location.hash = element;\n}\nfunction updateInPageOffset() {\n    jQuery(\"#bpStickyOnScrollNav\").removeClass(\"sticky\");\n    inPageNavOffset = jQuery(\"#bpStickyOnScrollNav\").offset().top - jQuery(\".bp_site-header\").outerHeight();\n}\n\njQuery(window).on(\"resize\", function () {\n    updateInPageOffset();\n}),\n    jQuery(document).ready(function () {\n        updateInPageOffset(),\n            jQuery(window).bind(\"scroll\", function () {\n                jQuery(window).scrollTop() > inPageNavOffset ? jQuery(\"#bpStickyOnScrollNav\").addClass(\"sticky\") : jQuery(\"#bpStickyOnScrollNav\").removeClass(\"sticky\");\n            }),\n            jQuery(\".bp_sticky-nav-list ul li a\").on(\"click\", function (t) {\n                t.preventDefault(), calculateScrollTop(this.hash), jQuery(\".bp_sticky-nav-list ul li a\").removeClass(\"current-tab\"), jQuery(this).addClass(\"current-tab\");\n            }),\n            jQuery(window).scroll(function () {\n                var t = jQuery(window).scrollTop();\n\t\t\t\tif (!pageAnchorScrolled) {\n\t\t\t\t\tjQuery(\".bp_page-navigation-content\").each(function () {\n\t\t\t\t\t\tvar s = jQuery(this).offset().top;\n\t\t\t\t\t\tif (t >= s - 210 && t <= s + jQuery(this).height()) {\n\t\t\t\t\t\t\tvar i = jQuery(this).attr(\"id\");\n\t\t\t\t\t\t\tjQuery(\".bp_sticky-nav-list ul li a\").removeClass(\"current-tab\");\n\t\t\t\t\t\t\tif (getWidth() > 1023) {\n\t\t\t\t\t\t\t\tjQuery(`.bp_sticky-nav-list ul li a[href=\"#${i}\"]`).addClass(\"current-tab\");\t\n\t\t\t\t\t\t\t}\n\n\t\t\t\t\t\t}\n\t\t\t\t\t});\n\t\t\t\t}\n\t\t\t\tpageAnchorScrolled = false;\n            }),\n            jQuery(\".bp_sticky-nav-drop-menu-selector\").on(\"click\", function () {\n                jQuery(\".bp_sticky-nav-list\").hasClass(\"open\")\n                    ? (jQuery(\".bp_sticky-nav-list\").slideUp(), jQuery(\".bp_sticky-nav-list\").removeClass(\"open\"))\n                    : (jQuery(\".bp_sticky-nav-list\").slideDown(), jQuery(\".bp_sticky-nav-list\").addClass(\"open\")),\n                    jQuery(\".bp_sticky-nav-list\").hasClass(\"open\") &&\n                        jQuery(\".bp_sticky-nav-list ul li a\").on(\"click\", function () {\n                            jQuery(\".bp_sticky-nav-list\").slideUp(),\n                                jQuery(\".bp_sticky-nav-list\").removeClass(\"open\"),\n                                jQuery(\".bp_sticky-nav-list ul li a\").removeClass(\"selected-item\"),\n                                jQuery(this).addClass(\"selected-item\"),\n                                jQuery(\".bp_sticky-nav-drop-menu-selector p\").text(jQuery(this).text());\n                        });\n            }),\n            jQuery(window).bind(\"resize\", function () {\n                getWidth() >= 1024\n                    ? (jQuery(\".bp_sticky-nav-list ul li a\").off(\"click\"),\n                      jQuery(\".bp_sticky-nav-list\").show(),\n                      jQuery(\".bp_sticky-nav-list\").removeClass(\"open\"),\n                      jQuery(\".bp_sticky-nav-list ul li a\").removeClass(\"selected-item\"),\n                      jQuery(\".bp_sticky-nav-list ul li a\").on(\"click\", function (t) {\n                          t.preventDefault(), calculateScrollTop(this.hash), jQuery(\".bp_sticky-nav-list ul li a\").removeClass(\"current-tab\"), jQuery(this).addClass(\"current-tab\");\n                      }))\n                    : (jQuery(\".bp_sticky-nav-list ul li a\").removeClass(\"current-tab\"), jQuery(\".bp_sticky-nav-list\").slideUp());\n            }),\n            jQuery(document).on(\"click\", function (t) {\n                1024 > getWidth() && !jQuery(\".bp_sticky-nav-drop-menu-selector\")[0].contains(t.target) && (jQuery(\".bp_sticky-nav-list\").slideUp(), jQuery(\".bp_sticky-nav-list\").removeClass(\"open\"));\n            });\n    });\n\n\n<\/script>\n<\/div>\n\n\n\n<section id=\"overview{idadd}\" class=\"section-c7c814a {gcl} cc-sct\">\n<div class=\"{gcl} cc-cntr\">\n<div class=\"{gcl}\">\n<h2 class=\"{gcl}\">DESCRIPCI\u00d3N GENERAL<\/h2>\n<\/div>\n\n\n\n<h1 id=\"barco{idadd}\" class=\"heading-c365c6f {gcl}\">Bose Professional Soluciones de audio para techos<\/h1>\n\n\n\n<p id=\"heading-c8258b8{idadd}\" class=\"heading-c36df90 {gcl}\">M\u00e1s que totalmente integrado. Verdaderamente integrado.<\/p>\n\n\n\n<img decoding=\"async\" class=\"image-ca25619 {gcl} cc-img\" src=\"https:\/\/assets.boseprofessional.com\/transform\/736fc456-1265-4383-8b66-3a0fe2f551b8\/microsoft_and_zoom_and_barco_logos-jpeg\" srcset=\"{imageset=31293}\" sizes=\"auto, {imagesizes=31293=false}\" width=\"{imagewidth=31293}\" height=\"{imageheight=31293}\" alt=\"Logotipos &amp;quot;Certificado para Microsoft Teams&amp;quot;, &amp;quot;Compatible con Zoom&amp;quot; y &amp;quot;Certificado para ClickShare Conference&amp;quot;\" loading=\"lazy\"\/>\n\n\n\n<p>Despeja la mesa para una mejor colaboraci\u00f3n. Parte de la familia de productos <a href=\"https:\/\/boseprofessional.com\/es\/solutions\/work\/\" data-type=\"link\" data-id=\"https:\/\/boseprofessional.com\/solutions\/work\">The Sound of Work<\/a> , el Bose Professional Las soluciones de audio de techo son sistemas de conferencias completos para salas de reuniones totalmente integradas. Combinan el rendimiento premium de Bose Professional altavoces y micr\u00f3fono Sennheiser TeamConnect Ceiling 2, junto con un Bose Professional Amplificador y DSP: para ofrecer una experiencia de reuni\u00f3n fluida que potencia la productividad. Son soluciones completas de audio para salas, listas para una r\u00e1pida implementaci\u00f3n y configuraci\u00f3n de la electr\u00f3nica, lo que reduce el tiempo de instalaci\u00f3n.<\/p>\n\n\n\n<p>Una soluci\u00f3n de audio de techo es m\u00e1s que completamente integrada: est\u00e1 realmente integrada. Totalmente oculta. Con menos dispositivos en paredes y mesas, los participantes de la reuni\u00f3n pueden estar de pie, sentados o moverse libremente por la sala con la confianza de que escuchar\u00e1n y ser\u00e1n escuchados.<\/p>\n\n\n\n<p>Con una soluci\u00f3n de audio de techo, es m\u00e1s f\u00e1cil para los equipos concentrarse en las ideas, avanzar en los proyectos y trabajar mejor juntos.<\/p>\n\n\n\n<div class=\"div-cc1ff6f {gcl}\">\n<div class=\"div-cbf91f4 {gcl}\">\n<img decoding=\"async\" class=\"image-cc7ba55 cc-img\" src=\"https:\/\/assets.boseprofessional.com\/transform\/42529378-bb88-4885-8d62-5f48406c4f09\/ds4_montage-png?io=transform:fill,width:600&amp;format=webp&amp;quality=85\" srcset=\"{imageset=31296}\" sizes=\"auto, {imagesizes=31296=false}\" width=\"{imagewidth=31296}\" height=\"{imageheight=31296}\" alt=\"Paquete DS4\" loading=\"lazy\"\/>\n<\/div>\n\n\n\n<div class=\"div-c25c929 {gcl}\">\n<p><strong>Certificado para su uso con sistemas VoIP de Avaya\u00ae y Cisco\u00ae\u00a0<\/strong><\/p>\n\n\n\n<p><strong>Ofrezca una soluci\u00f3n de conferencias premium verdaderamente integrada<\/strong> , que combine Bose Professional altavoces, micr\u00f3fono Sennheiser TeamConnect Techo 2, ControlSpace Procesador EX-440C, y PowerSpace Amplificador P2600A<\/p>\n\n\n\n<p><strong>Elija entre dos sistemas:<\/strong> el innovador sistema ES1, que incluye uno EdgeMax EM180 altavoz, o el sistema DS4 m\u00e1s convencional, con cuatro DesignMax Altavoces DM2C-LP<\/p>\n\n\n\n<p><strong>Limpie la experiencia de conferencias<\/strong> con menos dispositivos en las paredes o mesas, brindando a las personas la libertad de concentrarse en el trabajo, la flexibilidad de sentarse o pararse en cualquier lugar de la sala y la confianza de que escuchar\u00e1n y ser\u00e1n escuchados con claridad.<\/p>\n\n\n\n<p><strong>Brinde claridad e inteligibilidad a las grandes salas de reuniones<\/strong> con tecnolog\u00eda superior de cancelaci\u00f3n de eco, para que los participantes de reuniones remotas puedan comunicarse libremente y sentirse como si estuvieran en la sala.<\/p>\n\n\n\n<p><strong>Implemente r\u00e1pidamente con configuraciones de referencia<\/strong> que ayudan a reducir el tiempo de instalaci\u00f3n<\/p>\n\n\n\n<p><strong>Comb\u00ednelo con plataformas de comunicaciones unificadas populares<\/strong> como Microsoft Teams, Zoom, Google Meet y m\u00e1s, para brindar un rendimiento de audio mejorado en salas de reuniones totalmente integradas.<\/p>\n\n\n\n<p><strong>Genere confianza con los usuarios finales<\/strong> al ofrecer una soluci\u00f3n de conferencias integrada de empresas de audio respetadas a nivel mundial que ya conocen y reconocen como marcas premium.<\/p>\n<\/div>\n<\/div>\n<\/div>\n<\/section>\n\n\n\n<section id=\"products{idadd}\" class=\"{gcl} cc-sct\">\n<div class=\"{gcl} cc-cntr\">\n<div class=\"{gcl}\">\n<h2 class=\"heading-cde4025 {gcl}\">PRODUCTOS<\/h2>\n<\/div>\n\n\n\n<div class=\"div-c0f21b2 {gcl}\">\n<div class=\"div-c8d8221 {gcl}\">\n<img decoding=\"async\" class=\"image-ca5811d cc-img\" src=\"https:\/\/assets.boseprofessional.com\/transform\/beba6ac5-7690-426f-acd8-dfba7f5d3fe2\/tcc2_front_1920x1080-png?io=transform:fill,width:600&amp;format=webp&amp;quality=85\" srcset=\"{imageset=31297}\" sizes=\"auto, {imagesizes=31297=false}\" width=\"{imagewidth=31297}\" height=\"{imageheight=31297}\" alt=\"Sin imagen\" loading=\"lazy\"\/>\n\n\n\n<a class=\"button-cf03bee {gcl} cc-btn {currentpageclass=static=https:\/\/en-us.sennheiser.com\/tcc2} cc-ovrl\" href=\"https:\/\/en-us.sennheiser.com\/tcc2\" rel=\"noopener\" target=\"_blank\">INFORMACI\u00d3N DEL PRODUCTO<\/a>\n<\/div>\n\n\n\n<div class=\"div-c0a626b {gcl}\">\n<p class=\"heading-cb92ffa {gcl}\">Micr\u00f3fono Sennheiser TeamConnect Techo 2<\/p>\n\n\n\n<p class=\"bp_mar-btm-0\">R\u00e1pido y f\u00e1cil de instalar, el micr\u00f3fono TeamConnect Ceiling 2 incorpora tecnolog\u00eda patentada de formaci\u00f3n autom\u00e1tica de haz con un solo haz. Esto permite que el micr\u00f3fono se adapte a las condiciones de la sala sin necesidad de reconfigurarlo. Independientemente de la configuraci\u00f3n de la sala o de c\u00f3mo deseen los participantes celebrar la reuni\u00f3n, obtendr\u00e1n mayor flexibilidad y total libertad de expresi\u00f3n, ya que el micr\u00f3fono TeamConnect Ceiling 2 se adapta a sus necesidades.<\/p>\n<\/div>\n<\/div>\n\n\n\n<div class=\"div-c35973b {gcl}\">\n<div class=\"div-ce69e4a {gcl}\">\n<img decoding=\"async\" class=\"image-c0d479e cc-img\" src=\"https:\/\/assets.boseprofessional.com\/transform\/40367270-8c9e-4abf-b34a-98ea8939d1ad\/EdgeMax_PG180_Ortho_Top_Grille_Off-png?io=transform:fill,width:600&amp;format=webp&amp;quality=85\" srcset=\"{imageset=31299}\" sizes=\"auto, {imagesizes=31299=false}\" width=\"{imagewidth=31299}\" height=\"{imageheight=31299}\" alt=\"EdgeMax EM180\" loading=\"lazy\"\/>\n\n\n\n<a class=\"{gcl} cc-btn {currentpageclass=static=\/products\/loudspeakers\/ceiling-mount\/edgemax\/edgemax-em180-loudspeaker} cc-ovrl\" href=\"\/es\/products\/loudspeakers\/ceiling-mount\/edgemax\/edgemax-em180-loudspeaker\/\">INFORMACI\u00d3N DEL PRODUCTO<\/a>\n<\/div>\n\n\n\n<div class=\"div-cab8d9b {gcl}\">\n<p class=\"heading-c4148d4 {gcl}\">EdgeMax EM180 altoparlante<\/p>\n\n\n\n<p class=\"bp_mar-btm-0\">El Bose Professional EdgeMax EM180 El altavoz de techo incorpora la tecnolog\u00eda patentada PhaseGuide. Este dise\u00f1o \u00fanico combina los patrones de cobertura envolvente t\u00edpicos de los altavoces de montaje en superficie de mayor tama\u00f1o con la est\u00e9tica preferida por los arquitectos de los modelos de techo. Dise\u00f1ado para instalarse en la parte frontal de la sala de reuniones, sobre la pantalla de visualizaci\u00f3n. EdgeMax Los altavoces dirigen la atenci\u00f3n hacia la pantalla para ofrecer una experiencia de conferencia m\u00e1s natural y menos fatigante.<\/p>\n<\/div>\n<\/div>\n\n\n\n<div class=\"div-cee2e4a {gcl}\">\n<div class=\"div-c90c72d {gcl}\">\n<img decoding=\"async\" class=\"image-c7beb2e cc-img\" src=\"https:\/\/assets.boseprofessional.com\/transform\/3609c99f-c590-4b03-849d-cab27fa796ec\/i_DesignMax_DM2C-LP_Flush_Group_1200x1022-png?io=transform:fill,width:1080\" srcset=\"{imageset=70247}\" sizes=\"auto, {imagesizes=70247=false}\" width=\"{imagewidth=70247}\" height=\"{imageheight=70247}\" alt=\"DesignMax DM2C-LP \" loading=\"lazy\"\/>\n\n\n\n<a class=\"button-c3c9633 {gcl} cc-btn {currentpageclass=static=\/products\/loudspeakers\/ceiling-mount\/designmax\/designmax-dm2c-lp-1-pair} cc-ovrl\" href=\"\/es\/products\/loudspeakers\/ceiling-mount\/designmax\/designmax-dm2c-lp-1-pair\/\">INFORMACI\u00d3N DEL PRODUCTO<\/a>\n<\/div>\n\n\n\n<div class=\"div-c995d15 {gcl}\">\n<p class=\"heading-c2b3ef6 {gcl}\">DesignMax Altavoces DM2C-LP<\/p>\n\n\n\n<p class=\"bp_mar-btm-0\">Los 16 vatios DesignMax El DM2C-LP cuenta con un transductor de 2,25 pulgadas y un rango de frecuencia de 80 Hz a 19 kHz. Con tan solo 10 cent\u00edmetros (3,9 pulgadas) de altura, su discreto panel posterior permite instalarlo f\u00e1cilmente en pr\u00e1cticamente cualquier techo mediante brazos de montaje QuickHold.<\/p>\n<\/div>\n<\/div>\n\n\n\n<div class=\"div-c62afa9 {gcl}\">\n<div class=\"div-c593390 {gcl}\">\n<div data-block-name=\"woocommerce\/single-product\" data-product-id=\"17861\" data-wp-context=\"{&quot;originalProductData&quot;:{&quot;price_html&quot;:null},&quot;productData&quot;:[]}\" data-wp-interactive=\"woocommerce\/single-product\" class=\"wp-block-woocommerce-single-product\"><div data-block-name=\"woocommerce\/product-image\" data-is-descendent-of-single-product-block=\"true\" data-show-product-link=\"false\" data-show-sale-badge=\"false\" class=\"wc-block-components-product-image wc-block-grid__product-image wp-block-woocommerce-product-image\"><a href=\"#\" onclick=\"return false;\" style=\"pointer-events: none; cursor: default;\" ><img fetchpriority=\"high\" decoding=\"async\" width=\"1200\" height=\"1022\" src=\"https:\/\/assets.boseprofessional.com\/m\/5df33a55e631316\/original\/i_ControlSpace_EX-440C_Right-Facing_1200x1022-jpeg.jpeg\" class=\"attachment-woocommerce_single size-woocommerce_single\" alt=\"ControlSpace EX 440C Orientado a la derecha\" data-testid=\"product-image\" data-image-id=\"20896\" style=\"max-width:none;object-fit:cover;\" title=\"i_ControlSpace_EX-440C_Right-Facing_1200x1022.jpeg\" srcset=\"https:\/\/assets.boseprofessional.com\/m\/5df33a55e631316\/original\/i_ControlSpace_EX-440C_Right-Facing_1200x1022-jpeg.jpeg 1200w, https:\/\/assets.boseprofessional.com\/transform\/98a8a158-7732-46d3-9f55-7d2db1f20042\/i_ControlSpace_EX-440C_Right-Facing_1200x1022-jpeg?io=transform:scale,width:150,height:128 150w, https:\/\/assets.boseprofessional.com\/transform\/98a8a158-7732-46d3-9f55-7d2db1f20042\/i_ControlSpace_EX-440C_Right-Facing_1200x1022-jpeg?io=transform:scale,width:300,height:256 300w, https:\/\/assets.boseprofessional.com\/transform\/98a8a158-7732-46d3-9f55-7d2db1f20042\/i_ControlSpace_EX-440C_Right-Facing_1200x1022-jpeg?io=transform:scale,width:1024,height:872 1024w, https:\/\/assets.boseprofessional.com\/transform\/98a8a158-7732-46d3-9f55-7d2db1f20042\/i_ControlSpace_EX-440C_Right-Facing_1200x1022-jpeg?io=transform:scale,width:480,height:409 480w, https:\/\/assets.boseprofessional.com\/transform\/98a8a158-7732-46d3-9f55-7d2db1f20042\/i_ControlSpace_EX-440C_Right-Facing_1200x1022-jpeg?io=transform:scale,width:768,height:654 768w, https:\/\/assets.boseprofessional.com\/transform\/98a8a158-7732-46d3-9f55-7d2db1f20042\/i_ControlSpace_EX-440C_Right-Facing_1200x1022-jpeg?io=transform:scale,width:100,height:85 100w\" sizes=\"(max-width: 1200px) 100vw, 1200px\" \/><div class=\"wc-block-components-product-image__inner-container\"><\/div><\/a><\/div><\/div>\n\n\n\n<a class=\"button-cd493b8 {gcl} cc-btn {currentpageclass=static=\/products\/processors\/open-architecture-for-conferencing\/ex-440\/controlspace-ex-440c-conferencing-signal-processor} cc-ovrl\" href=\"\/es\/products\/processors\/open-architecture-for-conferencing\/ex-440\/controlspace-ex-440c-conferencing-signal-processor\/\">INFORMACI\u00d3N DEL PRODUCTO<\/a>\n<\/div>\n\n\n\n<div class=\"div-c71fa8c {gcl}\">\n<p class=\"heading-c0fde15 {gcl}\">ControlSpace Procesador EX-440C<\/p>\n\n\n\n<p class=\"bp_mar-btm-0\">Con un dise\u00f1o todo en uno de arquitectura abierta, el ControlSpace El procesador de conferencias EX-440C facilita la integraci\u00f3n de micr\u00f3fonos y el procesamiento de audio de alta calidad para salas de conferencias peque\u00f1as y medianas. Sus diversas entradas y salidas permiten una configuraci\u00f3n flexible: cuatro entradas anal\u00f3gicas de micr\u00f3fono\/l\u00ednea, cuatro salidas anal\u00f3gicas, VoIP integrado, PSTN, USB, salida AmpLink, cancelaci\u00f3n de eco ac\u00fastico (AEC) de ocho canales y conectividad Dante\u00ae 16 x 16. ControlSpace El software de dise\u00f1o simplifica el proceso de configuraci\u00f3n con programaci\u00f3n de arrastrar y soltar, lo que hace que la configuraci\u00f3n sea r\u00e1pida y sencilla.<\/p>\n<\/div>\n<\/div>\n\n\n\n<div class=\"div-cf6121c {gcl}\">\n<div class=\"div-c30c9b2 {gcl}\">\n<img decoding=\"async\" class=\"image-cfbd29a cc-img\" src=\"https:\/\/assets.boseprofessional.com\/transform\/e2ea86e1-77a9-49e0-8ef3-48ab67868ff8\/PowerSpace_P2600A_Right-Facing_1200x1022-png?io=transform:fill,width:600&amp;format=webp&amp;quality=85\" srcset=\"{imageset=31306}\" sizes=\"auto, {imagesizes=31306=false}\" width=\"{imagewidth=31306}\" height=\"{imageheight=31306}\" alt=\"PowerSpace Amplificador P2600A\" loading=\"lazy\"\/>\n\n\n\n<a class=\"button-cbe5bcc {gcl} cc-btn {currentpageclass=static=\/products\/power-amplifiers\/non-dsp\/powerspace-non-dsp\/powerspace-p2600} cc-ovrl\" href=\"\/es\/products\/power-amplifiers\/non-dsp\/powerspace-non-dsp\/powerspace-p2600\/\">INFORMACI\u00d3N DEL PRODUCTO<\/a>\n<\/div>\n\n\n\n<div class=\"div-cf322ce {gcl}\">\n<p class=\"heading-cd331f2 {gcl}\">PowerSpace Amplificador P2600A<\/p>\n\n\n\n<p class=\"bp_mar-btm-0\">PowerSpace Los amplificadores mejoran cualquier sala de conferencias con energ\u00eda limpia y confiable, y conectividad digital. PowerSpace P2600A proporciona 600 vatios por canal y una entrada AmpLink permite m\u00faltiples canales de audio digital sin comprimir y de baja latencia desde DSP a trav\u00e9s de un solo cable Cat 5.<\/p>\n<\/div>\n<\/div>\n<\/div>\n<\/section>\n\n\n\n<section id=\"downloads{idadd}\" class=\"{gcl} cc-sct\">\n<div class=\"{gcl} cc-cntr\">\n<div class=\"{gcl}\">\n<h2 class=\"heading-cc7ad0b {gcl}\">DESCARGAS<\/h2>\n<\/div>\n\n\n\n<p class=\"paragraph-c787137\">Informaci\u00f3n t\u00e9cnica:<\/p>\n\n\n\n<div class=\"div-c541d9e\">\n<div class=\"div-c2d7f8c {gcl}\"><\/div>\n\n\n\n<a class=\"bp_no-underline {gcl} cc-btn {currentpageclass=static=https:\/\/assets.boseprofessional.com\/m\/50536bdaefd63d0d\/original\/ae_es1_en.docx}\" href=\"https:\/\/assets.boseprofessional.com\/m\/50536bdaefd63d0d\/original\/ae_es1_en.docx\">Especificaciones de arquitectos e ingenieros<\/a>\n<\/div>\n\n\n\n<div class=\"div-cdd0f36\">\n<div class=\"div-cbed8d8 {gcl}\"><\/div>\n\n\n\n<a class=\"button-c88fb90 {gcl} cc-btn {currentpageclass=static=https:\/\/assets.boseprofessional.com\/m\/424b1d29e8c182b3\/original\/ES1_Teams_Certified_Configuration_LTR_US.zip}\" href=\"https:\/\/assets.boseprofessional.com\/m\/424b1d29e8c182b3\/original\/ES1_Teams_Certified_Configuration_LTR_US.zip\">Configuraci\u00f3n certificada para Teams de ES1<\/a>\n<\/div>\n\n\n\n<div class=\"div-c5e99cb\">\n<div class=\"div-cb5e361 {gcl}\"><\/div>\n\n\n\n<a class=\"button-c67d527 {gcl} cc-btn {currentpageclass=static=https:\/\/assets.boseprofessional.com\/m\/61f7d5f00a0ab386\/original\/ae_DS4_EN.zip}\" href=\"https:\/\/assets.boseprofessional.com\/m\/61f7d5f00a0ab386\/original\/ae_DS4_EN.zip\">Especificaciones para arquitectos e ingenieros de DS4<\/a>\n<\/div>\n<\/div>\n<\/section>\n\n\n\n<div class=\"{gcl}\"><\/div>\n","protected":false},"excerpt":{"rendered":"","protected":false},"author":21,"featured_media":0,"parent":1792,"menu_order":0,"comment_status":"closed","ping_status":"closed","template":"","meta":{"_acf_changed":false,"ep_exclude_from_search":false,"footnotes":""},"page-category":[],"class_list":["post-3794","page","type-page","status-publish","hentry"],"acf":[],"_links":{"self":[{"href":"https:\/\/boseprofessional.com\/es\/wp-json\/wp\/v2\/pages\/3794","targetHints":{"allow":["GET"]}}],"collection":[{"href":"https:\/\/boseprofessional.com\/es\/wp-json\/wp\/v2\/pages"}],"about":[{"href":"https:\/\/boseprofessional.com\/es\/wp-json\/wp\/v2\/types\/page"}],"author":[{"embeddable":true,"href":"https:\/\/boseprofessional.com\/es\/wp-json\/wp\/v2\/users\/21"}],"replies":[{"embeddable":true,"href":"https:\/\/boseprofessional.com\/es\/wp-json\/wp\/v2\/comments?post=3794"}],"version-history":[{"count":3,"href":"https:\/\/boseprofessional.com\/es\/wp-json\/wp\/v2\/pages\/3794\/revisions"}],"predecessor-version":[{"id":105852,"href":"https:\/\/boseprofessional.com\/es\/wp-json\/wp\/v2\/pages\/3794\/revisions\/105852"}],"up":[{"embeddable":true,"href":"https:\/\/boseprofessional.com\/es\/wp-json\/wp\/v2\/pages\/1792"}],"wp:attachment":[{"href":"https:\/\/boseprofessional.com\/es\/wp-json\/wp\/v2\/media?parent=3794"}],"wp:term":[{"taxonomy":"page-category","embeddable":true,"href":"https:\/\/boseprofessional.com\/es\/wp-json\/wp\/v2\/page-category?post=3794"}],"curies":[{"name":"wp","href":"https:\/\/api.w.org\/{rel}","templated":true}]}}