{"id":3339,"date":"2024-07-18T07:01:39","date_gmt":"2024-07-18T07:01:39","guid":{"rendered":"https:\/\/uatnew.boseprofessional.com\/?page_id=3339"},"modified":"2025-09-25T20:24:18","modified_gmt":"2025-09-25T20:24:18","slug":"trademarks","status":"publish","type":"page","link":"https:\/\/boseprofessional.com\/es\/legal\/trademarks\/","title":{"rendered":"Trademarks"},"content":{"rendered":"\t\t<div data-elementor-type=\"wp-page\" data-elementor-id=\"3339\" class=\"elementor elementor-3339\" data-elementor-post-type=\"page\">\n\t\t\t\t<div data-particle_enable=\"false\" data-particle-mobile-disabled=\"false\" class=\"elementor-element elementor-element-2636e46f simple-text-container-rs e-flex e-con-boxed e-con e-parent\" data-id=\"2636e46f\" data-element_type=\"container\">\n\t\t\t\t\t<div class=\"e-con-inner\">\n\t\t\t\t<div class=\"elementor-element elementor-element-40952479 elementor-widget elementor-widget-button\" data-id=\"40952479\" data-element_type=\"widget\" data-widget_type=\"button.default\">\n\t\t\t\t<div class=\"elementor-widget-container\">\n\t\t\t\t\t\t\t\t\t<div class=\"elementor-button-wrapper\">\n\t\t\t\t\t<a class=\"elementor-button elementor-button-link elementor-size-sm elementor-animation-shrink\" href=\"https:\/\/boseprofessional.com\/es\/legal\/\">\n\t\t\t\t\t\t<span class=\"elementor-button-content-wrapper\">\n\t\t\t\t\t\t<span class=\"elementor-button-icon\">\n\t\t\t\t<svg aria-hidden=\"true\" class=\"e-font-icon-svg e-fas-step-backward\" viewbox=\"0 0 448 512\" xmlns=\"http:\/\/www.w3.org\/2000\/svg\"><path d=\"M64 468V44c0-6.6 5.4-12 12-12h48c6.6 0 12 5.4 12 12v176.4l195.5-181C352.1 22.3 384 36.6 384 64v384c0 27.4-31.9 41.7-52.5 24.6L136 292.7V468c0 6.6-5.4 12-12 12H76c-6.6 0-12-5.4-12-12z\"><\/path><\/svg>\t\t\t<\/span>\n\t\t\t\t\t\t\t\t\t<span class=\"elementor-button-text\">Volver a todos los aspectos legales<\/span>\n\t\t\t\t\t<\/span>\n\t\t\t\t\t<\/a>\n\t\t\t\t<\/div>\n\t\t\t\t\t\t\t\t<\/div>\n\t\t\t\t<\/div>\n\t\t\t\t<div class=\"elementor-element elementor-element-5b4a58fa elementor-widget elementor-widget-heading\" data-id=\"5b4a58fa\" data-element_type=\"widget\" data-widget_type=\"heading.default\">\n\t\t\t\t<div class=\"elementor-widget-container\">\n\t\t\t\t\t<h1 class=\"elementor-heading-title elementor-size-default\">Bose Professional - Marcas comerciales<\/h1>\t\t\t\t<\/div>\n\t\t\t\t<\/div>\n\t\t\t\t<div class=\"elementor-element elementor-element-4ee4bd45 elementor-widget elementor-widget-post-info\" data-id=\"4ee4bd45\" data-element_type=\"widget\" data-widget_type=\"post-info.default\">\n\t\t\t\t<div class=\"elementor-widget-container\">\n\t\t\t\t\t\t\t<ul class=\"elementor-inline-items elementor-icon-list-items elementor-post-info\">\n\t\t\t\t\t\t\t\t<li class=\"elementor-icon-list-item elementor-repeater-item-8d2c38a elementor-inline-item\" itemprop=\"datePublished\">\n\t\t\t\t\t\t\t\t\t\t<span class=\"elementor-icon-list-icon\">\n\t\t\t\t\t\t\t\t<svg aria-hidden=\"true\" class=\"e-font-icon-svg e-fas-calendar\" viewbox=\"0 0 448 512\" xmlns=\"http:\/\/www.w3.org\/2000\/svg\"><path d=\"M12 192h424c6.6 0 12 5.4 12 12v260c0 26.5-21.5 48-48 48H48c-26.5 0-48-21.5-48-48V204c0-6.6 5.4-12 12-12zm436-44v-36c0-26.5-21.5-48-48-48h-48V12c0-6.6-5.4-12-12-12h-40c-6.6 0-12 5.4-12 12v52H160V12c0-6.6-5.4-12-12-12h-40c-6.6 0-12 5.4-12 12v52H48C21.5 64 0 85.5 0 112v36c0 6.6 5.4 12 12 12h424c6.6 0 12-5.4 12-12z\"><\/path><\/svg>\t\t\t\t\t\t\t<\/span>\n\t\t\t\t\t\t\t\t\t<span class=\"elementor-icon-list-text elementor-post-info__item elementor-post-info__item--type-date\">\n\t\t\t\t\t\t\t\t\t\t<time>18 de julio de 2024<\/time>\t\t\t\t\t<\/span>\n\t\t\t\t\t\t\t\t<\/li>\n\t\t\t\t<\/ul>\n\t\t\t\t\t\t<\/div>\n\t\t\t\t<\/div>\n\t\t\t\t\t<\/div>\n\t\t\t\t<\/div>\n\t\t<div data-particle_enable=\"false\" data-particle-mobile-disabled=\"false\" class=\"elementor-element elementor-element-2a485f71 simple-text-container-rs e-flex e-con-boxed e-con e-parent\" data-id=\"2a485f71\" data-element_type=\"container\">\n\t\t\t\t\t<div class=\"e-con-inner\">\n\t\t<div data-particle_enable=\"false\" data-particle-mobile-disabled=\"false\" class=\"elementor-element elementor-element-4bf29a1e e-grid e-con-boxed e-con e-child\" data-id=\"4bf29a1e\" data-element_type=\"container\">\n\t\t\t\t\t<div class=\"e-con-inner\">\n\t\t\t\t<div class=\"elementor-element elementor-element-a6b9844 elementor-widget elementor-widget-text-editor\" data-id=\"a6b9844\" data-element_type=\"widget\" data-widget_type=\"text-editor.default\">\n\t\t\t\t<div class=\"elementor-widget-container\">\n\t\t\t\t\t\t\t\t\t<p>Dise\u00f1o ( Bose Professional trabajar)<\/p><p><img decoding=\"async\" class=\"alignnone size-medium\" src=\"https:\/\/assets.boseprofessional.com\/transform\/abca26c8-2ff0-45eb-b3f9-5d8aa34f9752\/bose_work_icon_2-png\" width=\"60\" height=\"60\" \/><\/p><p>3202<br \/> 402<br \/> 4402<br \/> 502<br \/> Dise\u00f1o del altavoz 502A<br \/> 802<br \/> 9702<\/p><p>ArenaMatch<br \/> Audicionista (software de computadora) <br \/>Bose Professional Trabajar<\/p><p>ControlSpace<\/p><p>DeltaQ<br \/> Dise\u00f1o \u2013 802<br \/> Dise\u00f1o ( Freespace )<br \/> Dise\u00f1o-802 III <br \/>DesignMax<br \/>DesignMax Luna<\/p><p>EdgeMax<\/p><p>FeVac <br \/>FreeSpace<br \/>Forum<\/p>\t\t\t\t\t\t\t\t<\/div>\n\t\t\t\t<\/div>\n\t\t\t\t<div class=\"elementor-element elementor-element-130b09fb elementor-widget elementor-widget-text-editor\" data-id=\"130b09fb\" data-element_type=\"widget\" data-widget_type=\"text-editor.default\">\n\t\t\t\t<div class=\"elementor-widget-container\">\n\t\t\t\t\t\t\t\t\t<p>\u00a0<\/p><p>Modeler<br \/>Modeler Logo<\/p><p>Opti-Source<br \/> Opti-Voz<\/p><p>PowerMatch<br \/>PowerSpace<\/p><p>Retenci\u00f3n r\u00e1pida<\/p><p>Matriz de anillos <br \/>RoomMatch<\/p><p>ShowMatch<br \/> Estante de exhibici\u00f3n <br \/>ShowTime<br \/> Conexi\u00f3n de diapositivas<br \/> SmartBass<\/p><p>Veritas Amplificador mezclador inteligente<br \/> Barra de v\u00eddeo<\/p><p>ZIIPROOM<br \/> Logotipo de ZIIPROOM<\/p>\t\t\t\t\t\t\t\t<\/div>\n\t\t\t\t<\/div>\n\t\t\t\t\t<\/div>\n\t\t\t\t<\/div>\n\t\t\t\t<div class=\"elementor-element elementor-element-4cb84eb5 elementor-widget-divider--view-line elementor-widget elementor-widget-divider\" data-id=\"4cb84eb5\" data-element_type=\"widget\" data-widget_type=\"divider.default\">\n\t\t\t\t<div class=\"elementor-widget-container\">\n\t\t\t\t\t\t\t<div class=\"elementor-divider\">\n\t\t\t<span class=\"elementor-divider-separator\">\n\t\t\t\t\t\t<\/span>\n\t\t<\/div>\n\t\t\t\t\t\t<\/div>\n\t\t\t\t<\/div>\n\t\t\t\t\t<\/div>\n\t\t\t\t<\/div>\n\t\t<div data-particle_enable=\"false\" data-particle-mobile-disabled=\"false\" class=\"elementor-element elementor-element-4d841c53 simple-text-container-rs e-flex e-con-boxed e-con e-parent\" data-id=\"4d841c53\" data-element_type=\"container\">\n\t\t\t\t\t<div class=\"e-con-inner\">\n\t\t\t\t<div class=\"elementor-element elementor-element-61ce967f elementor-widget elementor-widget-text-editor\" data-id=\"61ce967f\" data-element_type=\"widget\" data-widget_type=\"text-editor.default\">\n\t\t\t\t<div class=\"elementor-widget-container\">\n\t\t\t\t\t\t\t\t\t<h2>Atribuciones de marcas comerciales con licencia de terceros<\/h2>\n<p>Apple y el logotipo de Apple son marcas comerciales de Apple Inc. registradas en EE. UU. y otros pa\u00edses. App Store es una marca de servicio de Apple Inc. El uso de los distintivos \"Hecho para Apple\" y \"Funciona con Apple\" significa que un accesorio ha sido dise\u00f1ado para conectarse espec\u00edficamente a los productos Apple identificados en el distintivo \"Hecho para Apple\" y para funcionar espec\u00edficamente con la tecnolog\u00eda identificada en el distintivo \"Funciona con Apple\", y ha sido certificado por el desarrollador para cumplir con los est\u00e1ndares de rendimiento de Apple. Apple no se responsabiliza del funcionamiento de este dispositivo ni de su cumplimiento con las normas de seguridad y normativas.<\/p>\n<p>La palabra y los logotipos de Bluetooth\u00ae son marcas comerciales registradas de Bluetooth SIG, Inc. y cualquier uso de estas marcas por parte de Bose Professional Corporation se realiza con licencia.<\/p>\n<p>DisplayLink XR\u00ae es una marca registrada de DisplayLink Corp. en la UE, EE. UU. y otros pa\u00edses.<\/p>\n<p>Google, Android, Google Play y otras marcas relacionadas son marcas comerciales de Google LLC. El robot de Android se reproduce o modifica a partir de trabajos creados y compartidos por Google y se utiliza seg\u00fan los t\u00e9rminos descritos en la Licencia de Atribuci\u00f3n Creative Commons 3.0.<\/p>\n<p>Los t\u00e9rminos HDMI y HDMI High\u2010Definition Multimedia Interface y el logotipo de HDMI son marcas comerciales o marcas comerciales registradas de HDMI Licensing Administrator, Inc. en los Estados Unidos y otros pa\u00edses.<\/p>\n<p>Este producto est\u00e1 protegido por ciertos derechos de propiedad intelectual de Microsoft. Queda prohibido el uso o la distribuci\u00f3n de dicha tecnolog\u00eda fuera de este producto sin una licencia de Microsoft.<\/p>\n<p>USB Type-C\u00ae y USB-C\u00ae son marcas registradas de USB Implementers Forum .<\/p>\n<p>Wi\u2010Fi es una marca registrada de Wi\u2010Fi Alliance\u00ae.<\/p>\t\t\t\t\t\t\t\t<\/div>\n\t\t\t\t<\/div>\n\t\t\t\t\t<\/div>\n\t\t\t\t<\/div>\n\t\t\t\t<\/div>\n\t\t","protected":false},"excerpt":{"rendered":"<p>Ver una lista de todos Bose Professional Marcas registradas, incluyendo nombres de productos, tecnolog\u00edas y dise\u00f1os distintivos. Desde 3202 hasta Videobar y el logotipo de ZIIPROOM, y todo lo dem\u00e1s.<\/p>\n","protected":false},"author":33,"featured_media":116527,"parent":806,"menu_order":0,"comment_status":"closed","ping_status":"closed","template":"","meta":{"_acf_changed":false,"ep_exclude_from_search":false,"footnotes":""},"page-category":[],"class_list":["post-3339","page","type-page","status-publish","has-post-thumbnail","hentry"],"acf":[],"_links":{"self":[{"href":"https:\/\/boseprofessional.com\/es\/wp-json\/wp\/v2\/pages\/3339","targetHints":{"allow":["GET"]}}],"collection":[{"href":"https:\/\/boseprofessional.com\/es\/wp-json\/wp\/v2\/pages"}],"about":[{"href":"https:\/\/boseprofessional.com\/es\/wp-json\/wp\/v2\/types\/page"}],"author":[{"embeddable":true,"href":"https:\/\/boseprofessional.com\/es\/wp-json\/wp\/v2\/users\/33"}],"replies":[{"embeddable":true,"href":"https:\/\/boseprofessional.com\/es\/wp-json\/wp\/v2\/comments?post=3339"}],"version-history":[{"count":3,"href":"https:\/\/boseprofessional.com\/es\/wp-json\/wp\/v2\/pages\/3339\/revisions"}],"predecessor-version":[{"id":170831,"href":"https:\/\/boseprofessional.com\/es\/wp-json\/wp\/v2\/pages\/3339\/revisions\/170831"}],"up":[{"embeddable":true,"href":"https:\/\/boseprofessional.com\/es\/wp-json\/wp\/v2\/pages\/806"}],"wp:featuredmedia":[{"embeddable":true,"href":"https:\/\/boseprofessional.com\/es\/wp-json\/wp\/v2\/media\/116527"}],"wp:attachment":[{"href":"https:\/\/boseprofessional.com\/es\/wp-json\/wp\/v2\/media?parent=3339"}],"wp:term":[{"taxonomy":"page-category","embeddable":true,"href":"https:\/\/boseprofessional.com\/es\/wp-json\/wp\/v2\/page-category?post=3339"}],"curies":[{"name":"wp","href":"https:\/\/api.w.org\/{rel}","templated":true}]}}