{"id":3280,"date":"2023-09-07T20:00:54","date_gmt":"2023-09-07T20:00:54","guid":{"rendered":"https:\/\/uatnew.boseprofessional.com\/?page_id=3280"},"modified":"2024-08-28T16:44:08","modified_gmt":"2024-08-28T16:44:08","slug":"pl-pl","status":"publish","type":"page","link":"https:\/\/boseprofessional.com\/es\/resources\/support\/bms-safety\/pl-pl\/","title":{"rendered":"BMS Safety PL-PL"},"content":{"rendered":"\t\t<div data-elementor-type=\"wp-page\" data-elementor-id=\"3280\" class=\"elementor elementor-3280\" data-elementor-post-type=\"page\">\n\t\t\t\t<div data-particle_enable=\"false\" data-particle-mobile-disabled=\"false\" class=\"elementor-element elementor-element-528bff6b e-flex e-con-boxed e-con e-parent\" data-id=\"528bff6b\" data-element_type=\"container\" data-settings=\"{&quot;background_background&quot;:&quot;classic&quot;,&quot;shape_divider_bottom&quot;:&quot;opacity-tilt&quot;}\">\n\t\t\t\t\t<div class=\"e-con-inner\">\n\t\t\t\t<div class=\"elementor-shape elementor-shape-bottom\" aria-hidden=\"true\" data-negative=\"false\">\n\t\t\t<svg xmlns=\"http:\/\/www.w3.org\/2000\/svg\" viewbox=\"0 0 2600 131.1\" preserveaspectratio=\"none\">\n\t<path class=\"elementor-shape-fill\" d=\"M0 0L2600 0 2600 69.1 0 0z\"\/>\n\t<path class=\"elementor-shape-fill\" style=\"opacity:0.5\" d=\"M0 0L2600 0 2600 69.1 0 69.1z\"\/>\n\t<path class=\"elementor-shape-fill\" style=\"opacity:0.25\" d=\"M2600 0L0 0 0 130.1 2600 69.1z\"\/>\n<\/svg>\t\t<\/div>\n\t\t\t\t<div class=\"elementor-element elementor-element-34b83c09 elementor-widget elementor-widget-heading\" data-id=\"34b83c09\" data-element_type=\"widget\" data-widget_type=\"heading.default\">\n\t\t\t\t<div class=\"elementor-widget-container\">\n\t\t\t\t\t<h1 class=\"elementor-heading-title elementor-size-default\">Retirada de altavoces Bose e instalaci\u00f3n de cables de seguridad<\/h1>\t\t\t\t<\/div>\n\t\t\t\t<\/div>\n\t\t\t\t\t<\/div>\n\t\t\t\t<\/div>\n\t\t<div data-particle_enable=\"false\" data-particle-mobile-disabled=\"false\" class=\"elementor-element elementor-element-3d20434f e-flex e-con-boxed e-con e-parent\" data-id=\"3d20434f\" data-element_type=\"container\">\n\t\t\t\t\t<div class=\"e-con-inner\">\n\t\t\t\t<div class=\"elementor-element elementor-element-15bae9a1 elementor-widget elementor-widget-image\" data-id=\"15bae9a1\" data-element_type=\"widget\" data-widget_type=\"image.default\">\n\t\t\t\t<div class=\"elementor-widget-container\">\n\t\t\t\t\t\t\t\t\t\t\t\t\t\t\t<img fetchpriority=\"high\" decoding=\"async\" width=\"1280\" height=\"440\" src=\"https:\/\/assets.boseprofessional.com\/transform\/e70c180d-4d3e-4142-a589-837bd83357c3\/Hydrocarbons_montage2_Header-png\" class=\"attachment-1536x1536 size-1536x1536 wp-image-20498\" alt=\"Montaje de hidrocarburos 2 Encabezado\" srcset=\"https:\/\/assets.boseprofessional.com\/transform\/e70c180d-4d3e-4142-a589-837bd83357c3\/Hydrocarbons_montage2_Header-png 1280w, https:\/\/assets.boseprofessional.com\/transform\/e70c180d-4d3e-4142-a589-837bd83357c3\/Hydrocarbons_montage2_Header-png?io=transform:scale,width:150,height:52 150w, https:\/\/assets.boseprofessional.com\/transform\/e70c180d-4d3e-4142-a589-837bd83357c3\/Hydrocarbons_montage2_Header-png?io=transform:scale,width:300,height:103 300w, https:\/\/assets.boseprofessional.com\/transform\/e70c180d-4d3e-4142-a589-837bd83357c3\/Hydrocarbons_montage2_Header-png?io=transform:scale,width:1024,height:352 1024w, https:\/\/assets.boseprofessional.com\/transform\/e70c180d-4d3e-4142-a589-837bd83357c3\/Hydrocarbons_montage2_Header-png?io=transform:scale,width:480,height:165 480w, https:\/\/assets.boseprofessional.com\/transform\/e70c180d-4d3e-4142-a589-837bd83357c3\/Hydrocarbons_montage2_Header-png?io=transform:scale,width:768,height:264 768w, https:\/\/assets.boseprofessional.com\/transform\/e70c180d-4d3e-4142-a589-837bd83357c3\/Hydrocarbons_montage2_Header-png?io=transform:scale,width:100,height:34 100w\" sizes=\"(max-width: 1280px) 100vw, 1280px\" \/>\t\t\t\t\t\t\t\t\t\t\t\t\t\t\t<\/div>\n\t\t\t\t<\/div>\n\t\t\t\t\t<\/div>\n\t\t\t\t<\/div>\n\t\t<div data-particle_enable=\"false\" data-particle-mobile-disabled=\"false\" class=\"elementor-element elementor-element-7a913606 e-flex e-con-boxed e-con e-parent\" data-id=\"7a913606\" data-element_type=\"container\">\n\t\t\t\t\t<div class=\"e-con-inner\">\n\t\t\t\t<div class=\"elementor-element elementor-element-22f16d20 elementor-widget elementor-widget-heading\" data-id=\"22f16d20\" data-element_type=\"widget\" data-widget_type=\"heading.default\">\n\t\t\t\t<div class=\"elementor-widget-container\">\n\t\t\t\t\t<h2 class=\"elementor-heading-title elementor-size-default\">Om\u00f3wienie<\/h2>\t\t\t\t<\/div>\n\t\t\t\t<\/div>\n\t\t\t\t<div class=\"elementor-element elementor-element-7e6669a3 elementor-widget elementor-widget-text-editor\" data-id=\"7e6669a3\" data-element_type=\"widget\" data-widget_type=\"text-editor.default\">\n\t\t\t\t<div class=\"elementor-widget-container\">\n\t\t\t\t\t\t\t\t\t<p><strong>Bose wycofuje wszystkie g\u0142o\u015bniki FreeSpace DS 40F do monta\u017cu w suficie\/podtynkowego, wyprodukowane przed 13 sierpnia 2018 r. W trakcie instalacji lub u\u017cytkowania kotwy monta\u017cowe tych g\u0142o\u015bnik\u00f3w mog\u0105 p\u0119ka\u0107, powoduj\u0105c upadek g\u0142o\u015bnik\u00f3w i powa\u017cne obra\u017cenia cia\u0142a<\/strong> . Do tej pory otrzymali\u015bmy informacje o 29 g\u0142o\u015bnikach, kt\u00f3re spad\u0142y z miejsca, gdzie zosta\u0142y zamontowane oraz jedno zg\u0142oszenie dotycz\u0105ce obra\u017ce\u0144 cia\u0142a.<\/p>\n<p><strong>Bose wymaga r\u00f3wnie\u017c zainstalowania kabli bezpiecze\u0144stwa w przypadku niekt\u00f3rych g\u0142o\u015bnik\u00f3w, w tym modelu DS 40F, instalowanych w komercyjnych punktach przygotowywania posi\u0142k\u00f3w<\/strong> . Obecnie dotyczy to r\u00f3wnie\u017c uprzednio zamontowanych g\u0142o\u015bnik\u00f3w. W wyniku contacte z olejem kuchennym lub jego oparami elementy monta\u017cowe tych g\u0142o\u015bnik\u00f3w mog\u0105 p\u0119kn\u0105\u0107, co mo\u017ce spowodowa\u0107 upadek g\u0142o\u015bnik\u00f3w i powa\u017cne obra\u017cenia cia\u0142a. Do tej pory otrzymali\u015bmy informacje o pi\u0119ciu g\u0142o\u015bnikach, kt\u00f3re spad\u0142y z miejsca, gdzie zosta\u0142y zamontowane oraz jedno zg\u0142oszenie dotycz\u0105ce obra\u017ce\u0144 cia\u0142a.<\/p>\n<p>Je\u015bli jeste\u015b bezpo\u015brednim sprzedawc\u0105 lub distrybutorem Bose, wybierz jedn\u0105 z poni\u017cszych opcji. Je\u015bli nie kupujesz g\u0142o\u015bnik\u00f3w bezpo\u015brednio w Bose, skontaktuj si\u0119 z Dytrybutorem Bose w celu uzyskania dodatkowych informacji.<\/p>\t\t\t\t\t\t\t\t<\/div>\n\t\t\t\t<\/div>\n\t\t\t\t\t<\/div>\n\t\t\t\t<\/div>\n\t\t<div data-particle_enable=\"false\" data-particle-mobile-disabled=\"false\" class=\"elementor-element elementor-element-6bf06412 e-flex e-con-boxed e-con e-parent\" data-id=\"6bf06412\" data-element_type=\"container\">\n\t\t\t\t\t<div class=\"e-con-inner\">\n\t\t\t\t<div class=\"elementor-element elementor-element-541b152f elementor-widget elementor-widget-heading\" data-id=\"541b152f\" data-element_type=\"widget\" data-widget_type=\"heading.default\">\n\t\t\t\t<div class=\"elementor-widget-container\">\n\t\t\t\t\t<h2 class=\"elementor-heading-title elementor-size-default\">Solicitudes y reclamaciones<\/h2>\t\t\t\t<\/div>\n\t\t\t\t<\/div>\n\t\t\t\t<div class=\"elementor-element elementor-element-3d19a024 elementor-widget elementor-widget-text-editor\" data-id=\"3d19a024\" data-element_type=\"widget\" data-widget_type=\"text-editor.default\">\n\t\t\t\t<div class=\"elementor-widget-container\">\n\t\t\t\t\t\t\t\t\t<div id=\"requeteetdemandederemboursement\" class=\"bp_page-navigation-content\">\n<p class=\"bp_bms-content-text-mt-mar bp_bms-content-text\">Wnioski o wymian\u0119 produktu, kable zabezpieczaj\u0105ce lub rekompensat\u0119: <a href=\"https:\/\/www.bosebmssafety.com\/claim\" target=\"_blank\" rel=\"noopener\">BoseBMSsafety.com\/claim<\/a><\/p>\n<\/div>\t\t\t\t\t\t\t\t<\/div>\n\t\t\t\t<\/div>\n\t\t\t\t\t<\/div>\n\t\t\t\t<\/div>\n\t\t<div data-particle_enable=\"false\" data-particle-mobile-disabled=\"false\" class=\"elementor-element elementor-element-235b7c06 e-flex e-con-boxed e-con e-parent\" data-id=\"235b7c06\" data-element_type=\"container\">\n\t\t\t\t\t<div class=\"e-con-inner\">\n\t\t\t\t<div class=\"elementor-element elementor-element-41f9d5e6 elementor-widget elementor-widget-heading\" data-id=\"41f9d5e6\" data-element_type=\"widget\" data-widget_type=\"heading.default\">\n\t\t\t\t<div class=\"elementor-widget-container\">\n\t\t\t\t\t<h2 class=\"elementor-heading-title elementor-size-default\">Komunikaty<\/h2>\t\t\t\t<\/div>\n\t\t\t\t<\/div>\n\t\t\t\t<div class=\"elementor-element elementor-element-79bf8f11 elementor-widget elementor-widget-text-editor\" data-id=\"79bf8f11\" data-element_type=\"widget\" data-widget_type=\"text-editor.default\">\n\t\t\t\t<div class=\"elementor-widget-container\">\n\t\t\t\t\t\t\t\t\t<ul>\n<li><a href=\"https:\/\/assets.boseprofessional.com\/m\/25799dc460548291\/original\/1L_Bose_BMSsafety_Direct_Reseller_pl.docx?_gl=1*1v5vt7d*_gcl_au*MTIwNTcyNzEyMC4xNzIyNjIyMDg0*_ga*MTYxOTYwNDMyMy4xNzIyNjI1NTAz*_ga_NRTQ4DPXBJ*MTcyNDg1NTQ5OS42OC4xLjE3MjQ4NjMyMTcuNjAuMC4w\">Lista de sprzedawcy bezpo\u015bredniego (kraj drugorz\u0119dny) 1L<\/a><\/li>\n<li><a href=\"https:\/\/assets.boseprofessional.com\/m\/77a222e3d8c1240e\/original\/3L_Bose_BMSsafety_Indirect_Reseller_pl.docx?_gl=1*1v5vt7d*_gcl_au*MTIwNTcyNzEyMC4xNzIyNjIyMDg0*_ga*MTYxOTYwNDMyMy4xNzIyNjI1NTAz*_ga_NRTQ4DPXBJ*MTcyNDg1NTQ5OS42OC4xLjE3MjQ4NjMyMTcuNjAuMC4w\">Lista de sprzedawcy po\u015bredniego\/poziomu 3L<\/a><\/li>\n<li><a href=\"https:\/\/assets.boseprofessional.com\/m\/52427d2cfa77740\/original\/4L_Bose_BMSsafety_End_User_pl.docx?_gl=1*1v5vt7d*_gcl_au*MTIwNTcyNzEyMC4xNzIyNjIyMDg0*_ga*MTYxOTYwNDMyMy4xNzIyNjI1NTAz*_ga_NRTQ4DPXBJ*MTcyNDg1NTQ5OS42OC4xLjE3MjQ4NjMyMTcuNjAuMC4w\">Lista de u\u017cytkownika ko\u0144cowego 4L<\/a><\/li>\n<li><a href=\"https:\/\/assets.boseprofessional.com\/m\/130b4b72ad2e187f\/original\/6A_Bose_BMSsafety_en-xlsx.docx?_gl=1*1v5vt7d*_gcl_au*MTIwNTcyNzEyMC4xNzIyNjIyMDg0*_ga*MTYxOTYwNDMyMy4xNzIyNjI1NTAz*_ga_NRTQ4DPXBJ*MTcyNDg1NTQ5OS42OC4xLjE3MjQ4NjMyMTcuNjAuMC4w\">Lista SKU produkt\u00f3w, kt\u00f3rych dotyczy problema 6A<\/a><\/li>\n<li><a href=\"https:\/\/assets.boseprofessional.com\/m\/6970d7b17a3feb8e\/original\/Bose_BMS_Safety_UPDATE_New_EdgeMax_SKUs_pl.docx?_gl=1*1v5vt7d*_gcl_au*MTIwNTcyNzEyMC4xNzIyNjIyMDg0*_ga*MTYxOTYwNDMyMy4xNzIyNjI1NTAz*_ga_NRTQ4DPXBJ*MTcyNDg1NTQ5OS42OC4xLjE3MjQ4NjMyMTcuNjAuMC4w\"><strong>ACTUALIZACJA<\/strong> : 10 pa\u017adziernik 2019 r. \u2014 ahora SKU g\u0142o\u015bnik\u00f3w EdgeMax<\/a><\/li>\n<li><a href=\"https:\/\/assets.boseprofessional.com\/m\/4e4287f155e8feb9\/original\/Bose_BMS_Safety_UPDATE_New_FS3_SKUs_pl.docx?_gl=1*1v5vt7d*_gcl_au*MTIwNTcyNzEyMC4xNzIyNjIyMDg0*_ga*MTYxOTYwNDMyMy4xNzIyNjI1NTAz*_ga_NRTQ4DPXBJ*MTcyNDg1NTQ5OS42OC4xLjE3MjQ4NjMyMTcuNjAuMC4w\"><strong>ACTUALIZACJA<\/strong> : 20 luty 2020 r. \u2014 modeleFreeSpace 3 z nowymi kodami SKU\u00a0<\/a><\/li>\n<\/ul>\t\t\t\t\t\t\t\t<\/div>\n\t\t\t\t<\/div>\n\t\t\t\t\t<\/div>\n\t\t\t\t<\/div>\n\t\t<div data-particle_enable=\"false\" data-particle-mobile-disabled=\"false\" class=\"elementor-element elementor-element-5b73c10a e-flex e-con-boxed e-con e-parent\" data-id=\"5b73c10a\" data-element_type=\"container\">\n\t\t\t\t\t<div class=\"e-con-inner\">\n\t\t\t\t<div class=\"elementor-element elementor-element-a222150 elementor-widget elementor-widget-heading\" data-id=\"a222150\" data-element_type=\"widget\" data-widget_type=\"heading.default\">\n\t\t\t\t<div class=\"elementor-widget-container\">\n\t\t\t\t\t<h2 class=\"elementor-heading-title elementor-size-default\">Cz\u0119sto zadawane pytania<\/h2>\t\t\t\t<\/div>\n\t\t\t\t<\/div>\n\t\t\t\t<div class=\"elementor-element elementor-element-667cad5e elementor-widget elementor-widget-text-editor\" data-id=\"667cad5e\" data-element_type=\"widget\" data-widget_type=\"text-editor.default\">\n\t\t\t\t<div class=\"elementor-widget-container\">\n\t\t\t\t\t\t\t\t\t<ul>\n<li><a href=\"https:\/\/assets.boseprofessional.com\/m\/5cb929cb21457e1f\/original\/1F_Bose_BMSsafety_Reseller_FAQ_pl.docx?_gl=1*nmdpfs*_gcl_au*MTIwNTcyNzEyMC4xNzIyNjIyMDg0*_ga*MTYxOTYwNDMyMy4xNzIyNjI1NTAz*_ga_NRTQ4DPXBJ*MTcyNDg1NTQ5OS42OC4xLjE3MjQ4NjMyMTcuNjAuMC4w\">Dla sprzedawc\u00f3w 1F<\/a><\/li>\n<li><a href=\"https:\/\/assets.boseprofessional.com\/m\/3422b3aad3a8950b\/original\/2F_Bose_BMSsafety_End_User_FAQ_pl.docx?_gl=1*nmdpfs*_gcl_au*MTIwNTcyNzEyMC4xNzIyNjIyMDg0*_ga*MTYxOTYwNDMyMy4xNzIyNjI1NTAz*_ga_NRTQ4DPXBJ*MTcyNDg1NTQ5OS42OC4xLjE3MjQ4NjMyMTcuNjAuMC4w\">Dla u\u017cytkownik\u00f3w ko\u0144cowych 2F<\/a><\/li>\n<\/ul>\t\t\t\t\t\t\t\t<\/div>\n\t\t\t\t<\/div>\n\t\t\t\t\t<\/div>\n\t\t\t\t<\/div>\n\t\t<div data-particle_enable=\"false\" data-particle-mobile-disabled=\"false\" class=\"elementor-element elementor-element-b053413 e-flex e-con-boxed e-con e-parent\" data-id=\"b053413\" data-element_type=\"container\">\n\t\t\t\t\t<div class=\"e-con-inner\">\n\t\t\t\t<div class=\"elementor-element elementor-element-23bb4985 elementor-widget elementor-widget-heading\" data-id=\"23bb4985\" data-element_type=\"widget\" data-widget_type=\"heading.default\">\n\t\t\t\t<div class=\"elementor-widget-container\">\n\t\t\t\t\t<h2 class=\"elementor-heading-title elementor-size-default\">Poradniki<\/h2>\t\t\t\t<\/div>\n\t\t\t\t<\/div>\n\t\t\t\t<div class=\"elementor-element elementor-element-7000d91 elementor-widget elementor-widget-text-editor\" data-id=\"7000d91\" data-element_type=\"widget\" data-widget_type=\"text-editor.default\">\n\t\t\t\t<div class=\"elementor-widget-container\">\n\t\t\t\t\t\t\t\t\t<ul>\n<li><a href=\"https:\/\/assets.boseprofessional.com\/m\/5a8b32eed68ec00e\/original\/ig_safetycable_5-5x8-5.pdf?_gl=1*nmdpfs*_gcl_au*MTIwNTcyNzEyMC4xNzIyNjIyMDg0*_ga*MTYxOTYwNDMyMy4xNzIyNjI1NTAz*_ga_NRTQ4DPXBJ*MTcyNDg1NTQ5OS42OC4xLjE3MjQ4NjMyMTcuNjAuMC4w\">Poradnik instalacji kabla zabezpieczaj\u0105cego<\/a><\/li>\n<li><a href=\"https:\/\/assets.boseprofessional.com\/m\/6afa4528e7f2a010\/original\/uig_freespace_ds40f.pdf?_gl=1*nmdpfs*_gcl_au*MTIwNTcyNzEyMC4xNzIyNjIyMDg0*_ga*MTYxOTYwNDMyMy4xNzIyNjI1NTAz*_ga_NRTQ4DPXBJ*MTcyNDg1NTQ5OS42OC4xLjE3MjQ4NjMyMTcuNjAuMC4w\">Poradnik demonta\u017cu g\u0142o\u015bnika FreeSpace DS 40F<\/a><\/li>\n<\/ul>\t\t\t\t\t\t\t\t<\/div>\n\t\t\t\t<\/div>\n\t\t\t\t\t<\/div>\n\t\t\t\t<\/div>\n\t\t<div data-particle_enable=\"false\" data-particle-mobile-disabled=\"false\" class=\"elementor-element elementor-element-6439cb9 e-flex e-con-boxed e-con e-parent\" data-id=\"6439cb9\" data-element_type=\"container\">\n\t\t\t\t\t<div class=\"e-con-inner\">\n\t\t\t\t<div class=\"elementor-element elementor-element-7d16a0b0 elementor-widget elementor-widget-heading\" data-id=\"7d16a0b0\" data-element_type=\"widget\" data-widget_type=\"heading.default\">\n\t\t\t\t<div class=\"elementor-widget-container\">\n\t\t\t\t\t<h2 class=\"elementor-heading-title elementor-size-default\">Formular dos productos<\/h2>\t\t\t\t<\/div>\n\t\t\t\t<\/div>\n\t\t\t\t<div class=\"elementor-element elementor-element-327dbe0 elementor-widget elementor-widget-text-editor\" data-id=\"327dbe0\" data-element_type=\"widget\" data-widget_type=\"text-editor.default\">\n\t\t\t\t<div class=\"elementor-widget-container\">\n\t\t\t\t\t\t\t\t\t<ul>\n<li><a href=\"https:\/\/assets.boseprofessional.com\/m\/5826d73e10f01475\/original\/1T_Return_Shipping_Form_pl.xlsx?_gl=1*fh54zr*_gcl_au*MTIwNTcyNzEyMC4xNzIyNjIyMDg0*_ga*MTYxOTYwNDMyMy4xNzIyNjI1NTAz*_ga_NRTQ4DPXBJ*MTcyNDg1NTQ5OS42OC4xLjE3MjQ4NjMyMTcuNjAuMC4w\">Formularz wysy\u0142ki zwrotnej<\/a><\/li>\n<li><a href=\"mailto:DS40.recall@boseprofessional.com\">DS40.recall@boseprofessional.com<\/a><\/li>\n<\/ul>\t\t\t\t\t\t\t\t<\/div>\n\t\t\t\t<\/div>\n\t\t\t\t\t<\/div>\n\t\t\t\t<\/div>\n\t\t<div data-particle_enable=\"false\" data-particle-mobile-disabled=\"false\" class=\"elementor-element elementor-element-6226af65 e-flex e-con-boxed e-con e-parent\" data-id=\"6226af65\" data-element_type=\"container\">\n\t\t\t\t\t<div class=\"e-con-inner\">\n\t\t\t\t<div class=\"elementor-element elementor-element-455718fa elementor-widget elementor-widget-heading\" data-id=\"455718fa\" data-element_type=\"widget\" data-widget_type=\"heading.default\">\n\t\t\t\t<div class=\"elementor-widget-container\">\n\t\t\t\t\t<h2 class=\"elementor-heading-title elementor-size-default\">Contacto<\/h2>\t\t\t\t<\/div>\n\t\t\t\t<\/div>\n\t\t\t\t<div class=\"elementor-element elementor-element-be8cf89 elementor-widget elementor-widget-text-editor\" data-id=\"be8cf89\" data-element_type=\"widget\" data-widget_type=\"text-editor.default\">\n\t\t\t\t<div class=\"elementor-widget-container\">\n\t\t\t\t\t\t\t\t\t<p style=\"text-align: center;\"><strong>Comun\u00edquese con un representante de ventas de Bose Pro<\/strong><\/p>\t\t\t\t\t\t\t\t<\/div>\n\t\t\t\t<\/div>\n\t\t\t\t<div class=\"elementor-element elementor-element-92160a0 elementor-align-center elementor-widget elementor-widget-button\" data-id=\"92160a0\" data-element_type=\"widget\" data-widget_type=\"button.default\">\n\t\t\t\t<div class=\"elementor-widget-container\">\n\t\t\t\t\t\t\t\t\t<div class=\"elementor-button-wrapper\">\n\t\t\t\t\t<a class=\"elementor-button elementor-button-link elementor-size-sm elementor-animation-shrink\" href=\"\/es\/global-sales-offices\/\">\n\t\t\t\t\t\t<span class=\"elementor-button-content-wrapper\">\n\t\t\t\t\t\t\t\t\t<span class=\"elementor-button-text\">Contacto<\/span>\n\t\t\t\t\t<\/span>\n\t\t\t\t\t<\/a>\n\t\t\t\t<\/div>\n\t\t\t\t\t\t\t\t<\/div>\n\t\t\t\t<\/div>\n\t\t\t\t\t<\/div>\n\t\t\t\t<\/div>\n\t\t\t\t<\/div>\n\t\t","protected":false},"excerpt":{"rendered":"<p>Retiro del mercado de altavoces Bose e instalaci\u00f3n de cables de seguridad Om\u00f3wienie Bose wycofuje wszystkie g\u0142o\u015bniki FreeSpace DS 40F do monta\u017cu w suficie\/podtynkowego, wyprodukowane przed 13 sierpnia 2018 r. W trakcie instalacji lub u\u017cytkowania kotwy monta\u017cowe tych g\u0142o\u015bnik\u00f3w mog\u0105 p\u0119ka\u0107, powoduj\u0105c upadek g\u0142o\u015bnik\u00f3w i powa\u017cne obra\u017cenia cia\u0142a. Do tej pory otrzymali\u015bmy informacje o 29 g\u0142o\u015bnikach, kt\u00f3re spad\u0142y z miejsca, gdzie [\u2026]<\/p>\n","protected":false},"author":33,"featured_media":0,"parent":1201,"menu_order":0,"comment_status":"closed","ping_status":"closed","template":"","meta":{"_acf_changed":false,"ep_exclude_from_search":false,"footnotes":""},"page-category":[],"class_list":["post-3280","page","type-page","status-publish","hentry"],"acf":[],"_links":{"self":[{"href":"https:\/\/boseprofessional.com\/es\/wp-json\/wp\/v2\/pages\/3280","targetHints":{"allow":["GET"]}}],"collection":[{"href":"https:\/\/boseprofessional.com\/es\/wp-json\/wp\/v2\/pages"}],"about":[{"href":"https:\/\/boseprofessional.com\/es\/wp-json\/wp\/v2\/types\/page"}],"author":[{"embeddable":true,"href":"https:\/\/boseprofessional.com\/es\/wp-json\/wp\/v2\/users\/33"}],"replies":[{"embeddable":true,"href":"https:\/\/boseprofessional.com\/es\/wp-json\/wp\/v2\/comments?post=3280"}],"version-history":[{"count":3,"href":"https:\/\/boseprofessional.com\/es\/wp-json\/wp\/v2\/pages\/3280\/revisions"}],"predecessor-version":[{"id":119527,"href":"https:\/\/boseprofessional.com\/es\/wp-json\/wp\/v2\/pages\/3280\/revisions\/119527"}],"up":[{"embeddable":true,"href":"https:\/\/boseprofessional.com\/es\/wp-json\/wp\/v2\/pages\/1201"}],"wp:attachment":[{"href":"https:\/\/boseprofessional.com\/es\/wp-json\/wp\/v2\/media?parent=3280"}],"wp:term":[{"taxonomy":"page-category","embeddable":true,"href":"https:\/\/boseprofessional.com\/es\/wp-json\/wp\/v2\/page-category?post=3280"}],"curies":[{"name":"wp","href":"https:\/\/api.w.org\/{rel}","templated":true}]}}