{"id":3156,"date":"2023-09-07T15:32:57","date_gmt":"2023-09-07T15:32:57","guid":{"rendered":"https:\/\/uatnew.boseprofessional.com\/?page_id=3156"},"modified":"2024-08-23T16:43:16","modified_gmt":"2024-08-23T16:43:16","slug":"de-lu","status":"publish","type":"page","link":"https:\/\/boseprofessional.com\/es\/resources\/support\/bms-safety\/de-lu\/","title":{"rendered":"BMS Safety DE-LU"},"content":{"rendered":"\t\t<div data-elementor-type=\"wp-page\" data-elementor-id=\"3156\" class=\"elementor elementor-3156\" data-elementor-post-type=\"page\">\n\t\t\t\t<div data-particle_enable=\"false\" data-particle-mobile-disabled=\"false\" class=\"elementor-element elementor-element-7257ed2b e-flex e-con-boxed e-con e-parent\" data-id=\"7257ed2b\" data-element_type=\"container\" data-settings=\"{&quot;background_background&quot;:&quot;classic&quot;,&quot;shape_divider_bottom&quot;:&quot;opacity-tilt&quot;}\">\n\t\t\t\t\t<div class=\"e-con-inner\">\n\t\t\t\t<div class=\"elementor-shape elementor-shape-bottom\" aria-hidden=\"true\" data-negative=\"false\">\n\t\t\t<svg xmlns=\"http:\/\/www.w3.org\/2000\/svg\" viewbox=\"0 0 2600 131.1\" preserveaspectratio=\"none\">\n\t<path class=\"elementor-shape-fill\" d=\"M0 0L2600 0 2600 69.1 0 0z\"\/>\n\t<path class=\"elementor-shape-fill\" style=\"opacity:0.5\" d=\"M0 0L2600 0 2600 69.1 0 69.1z\"\/>\n\t<path class=\"elementor-shape-fill\" style=\"opacity:0.25\" d=\"M2600 0L0 0 0 130.1 2600 69.1z\"\/>\n<\/svg>\t\t<\/div>\n\t\t\t\t<div class=\"elementor-element elementor-element-51700762 elementor-widget elementor-widget-heading\" data-id=\"51700762\" data-element_type=\"widget\" data-widget_type=\"heading.default\">\n\t\t\t\t<div class=\"elementor-widget-container\">\n\t\t\t\t\t<h1 class=\"elementor-heading-title elementor-size-default\">Bose Lautsprecher R\u00fcckruf y Montage des Sicherungsseils<\/h1>\t\t\t\t<\/div>\n\t\t\t\t<\/div>\n\t\t\t\t\t<\/div>\n\t\t\t\t<\/div>\n\t\t<div data-particle_enable=\"false\" data-particle-mobile-disabled=\"false\" class=\"elementor-element elementor-element-1edf784c e-flex e-con-boxed e-con e-parent\" data-id=\"1edf784c\" data-element_type=\"container\">\n\t\t\t\t\t<div class=\"e-con-inner\">\n\t\t\t\t<div class=\"elementor-element elementor-element-2c938b16 elementor-widget elementor-widget-image\" data-id=\"2c938b16\" data-element_type=\"widget\" data-widget_type=\"image.default\">\n\t\t\t\t<div class=\"elementor-widget-container\">\n\t\t\t\t\t\t\t\t\t\t\t\t\t\t\t<img fetchpriority=\"high\" decoding=\"async\" width=\"1280\" height=\"440\" src=\"https:\/\/assets.boseprofessional.com\/transform\/e70c180d-4d3e-4142-a589-837bd83357c3\/Hydrocarbons_montage2_Header-png\" class=\"attachment-1536x1536 size-1536x1536 wp-image-20498\" alt=\"Montaje de hidrocarburos 2 Encabezado\" srcset=\"https:\/\/assets.boseprofessional.com\/transform\/e70c180d-4d3e-4142-a589-837bd83357c3\/Hydrocarbons_montage2_Header-png 1280w, https:\/\/assets.boseprofessional.com\/transform\/e70c180d-4d3e-4142-a589-837bd83357c3\/Hydrocarbons_montage2_Header-png?io=transform:scale,width:150,height:52 150w, https:\/\/assets.boseprofessional.com\/transform\/e70c180d-4d3e-4142-a589-837bd83357c3\/Hydrocarbons_montage2_Header-png?io=transform:scale,width:300,height:103 300w, https:\/\/assets.boseprofessional.com\/transform\/e70c180d-4d3e-4142-a589-837bd83357c3\/Hydrocarbons_montage2_Header-png?io=transform:scale,width:1024,height:352 1024w, https:\/\/assets.boseprofessional.com\/transform\/e70c180d-4d3e-4142-a589-837bd83357c3\/Hydrocarbons_montage2_Header-png?io=transform:scale,width:480,height:165 480w, https:\/\/assets.boseprofessional.com\/transform\/e70c180d-4d3e-4142-a589-837bd83357c3\/Hydrocarbons_montage2_Header-png?io=transform:scale,width:768,height:264 768w, https:\/\/assets.boseprofessional.com\/transform\/e70c180d-4d3e-4142-a589-837bd83357c3\/Hydrocarbons_montage2_Header-png?io=transform:scale,width:100,height:34 100w\" sizes=\"(max-width: 1280px) 100vw, 1280px\" \/>\t\t\t\t\t\t\t\t\t\t\t\t\t\t\t<\/div>\n\t\t\t\t<\/div>\n\t\t\t\t\t<\/div>\n\t\t\t\t<\/div>\n\t\t<div data-particle_enable=\"false\" data-particle-mobile-disabled=\"false\" class=\"elementor-element elementor-element-f68da43 e-flex e-con-boxed e-con e-parent\" data-id=\"f68da43\" data-element_type=\"container\">\n\t\t\t\t\t<div class=\"e-con-inner\">\n\t\t\t\t<div class=\"elementor-element elementor-element-223682a elementor-widget elementor-widget-heading\" data-id=\"223682a\" data-element_type=\"widget\" data-widget_type=\"heading.default\">\n\t\t\t\t<div class=\"elementor-widget-container\">\n\t\t\t\t\t<h2 class=\"elementor-heading-title elementor-size-default\">Descripci\u00f3n general<\/h2>\t\t\t\t<\/div>\n\t\t\t\t<\/div>\n\t\t\t\t<div class=\"elementor-element elementor-element-4155cabf elementor-widget elementor-widget-text-editor\" data-id=\"4155cabf\" data-element_type=\"widget\" data-widget_type=\"text-editor.default\">\n\t\t\t\t<div class=\"elementor-widget-container\">\n\t\t\t\t\t\t\t\t\t<p><strong>Bose lanza todas las cubiertas\/einbaulautsprecher FreeSpace DS 40F desde el 13 de agosto de 2018<\/strong> . Die Montagevorrichtungen an diesen Lautsprechern k\u00f6nnen bei Installation oder Nutzung brechen, was zum Herunterfallen der Lautsprecher sowie zu Verletzungen f\u00fchren kann. Bisher sind uns 29 F\u00e4lle von heruntergefallenen Lautsprechern sowie ein Fall bekannt, bei dem eine Person verletzt wurde.<\/p>\n<p><strong>Dar\u00fcber hinaus ist die Montage von Sicherungsseilen in Verbindung mit bestimmten Bose Lautsprechern, einschlie\u00dflich des DS 40F, erforderlich, wenn diese in gewerblichen R\u00e4umlichkeiten mit Kochstellen installiert sind. Dies umfasst monja auch zuvor installierte Lautsprecher<\/strong> . Sind diese Lautsprecher Speise\u00f6l oder Speise\u00f6ld\u00e4mpfen ausgesetzt, k\u00f6nnen die Montagekomponenten brechen, was zum Herunterfallen der Lautsprecher sowie zu Verletzungen f\u00fchren kann. Bisher sind uns f\u00fcnf F\u00e4lle von herunterfallenden Lautsprechern sowie ein Fall bekannt, bei dem eine Person verletzt wurde.<\/p>\n<p>Si es un director o distribuidor Bose, tendr\u00e1 que elegir entre algunas de las opciones disponibles. Wenn Sie Lautsprecher nicht direkt bei Bose kaufen, wenden Sie sich bitte an Ihren Bose H\u00e4ndler, um weitere Informationen zu erhalten.<\/p>\t\t\t\t\t\t\t\t<\/div>\n\t\t\t\t<\/div>\n\t\t\t\t\t<\/div>\n\t\t\t\t<\/div>\n\t\t<div data-particle_enable=\"false\" data-particle-mobile-disabled=\"false\" class=\"elementor-element elementor-element-48154400 e-flex e-con-boxed e-con e-parent\" data-id=\"48154400\" data-element_type=\"container\">\n\t\t\t\t\t<div class=\"e-con-inner\">\n\t\t\t\t<div class=\"elementor-element elementor-element-6d0815e3 elementor-widget elementor-widget-heading\" data-id=\"6d0815e3\" data-element_type=\"widget\" data-widget_type=\"heading.default\">\n\t\t\t\t<div class=\"elementor-widget-container\">\n\t\t\t\t\t<h2 class=\"elementor-heading-title elementor-size-default\">Erstattung &amp; Anspr\u00fcche<\/h2>\t\t\t\t<\/div>\n\t\t\t\t<\/div>\n\t\t\t\t<div class=\"elementor-element elementor-element-59073c86 elementor-widget elementor-widget-text-editor\" data-id=\"59073c86\" data-element_type=\"widget\" data-widget_type=\"text-editor.default\">\n\t\t\t\t<div class=\"elementor-widget-container\">\n\t\t\t\t\t\t\t\t\t<p>Anforderung eines Ersatzproduktes, eines Sicherungsseils oder einer Entsch\u00e4digung: <a href=\"https:\/\/www.bosebmssafety.com\/claim\" target=\"_blank\" rel=\"noopener\">BoseBMSsafety.com\/claim<\/a><\/p>\t\t\t\t\t\t\t\t<\/div>\n\t\t\t\t<\/div>\n\t\t\t\t\t<\/div>\n\t\t\t\t<\/div>\n\t\t<div data-particle_enable=\"false\" data-particle-mobile-disabled=\"false\" class=\"elementor-element elementor-element-3e619ab1 e-flex e-con-boxed e-con e-parent\" data-id=\"3e619ab1\" data-element_type=\"container\">\n\t\t\t\t\t<div class=\"e-con-inner\">\n\t\t\t\t<div class=\"elementor-element elementor-element-4797f89b elementor-widget elementor-widget-heading\" data-id=\"4797f89b\" data-element_type=\"widget\" data-widget_type=\"heading.default\">\n\t\t\t\t<div class=\"elementor-widget-container\">\n\t\t\t\t\t<h2 class=\"elementor-heading-title elementor-size-default\">Comunicaci\u00f3n<\/h2>\t\t\t\t<\/div>\n\t\t\t\t<\/div>\n\t\t\t\t<div class=\"elementor-element elementor-element-4ec5e6b8 elementor-widget elementor-widget-text-editor\" data-id=\"4ec5e6b8\" data-element_type=\"widget\" data-widget_type=\"text-editor.default\">\n\t\t\t\t<div class=\"elementor-widget-container\">\n\t\t\t\t\t\t\t\t\t<ul><li><a href=\"https:\/\/assets.boseprofessional.com\/m\/3ddc38c21009eb95\/original\/1L_Bose_BMSsafety_Direct_Reseller_de.docx?_gl=1*16ks3x3*_gcl_au*MTIwNTcyNzEyMC4xNzIyNjIyMDg0*_ga*MTYxOTYwNDMyMy4xNzIyNjI1NTAz*_ga_NRTQ4DPXBJ*MTcyNDQzMDUzMS41NC4xLjE3MjQ0MzEyNjMuNTkuMC4w\">Anschreiben f\u00fcr H\u00e4ndler (Tochtergesellschaft im Ausland) 1L<\/a><\/li><li><a href=\"https:\/\/assets.boseprofessional.com\/m\/386ab03c01572e4f\/original\/3L_Bose_BMSsafety_Indirect_Reseller_de.docx?_gl=1*16ks3x3*_gcl_au*MTIwNTcyNzEyMC4xNzIyNjIyMDg0*_ga*MTYxOTYwNDMyMy4xNzIyNjI1NTAz*_ga_NRTQ4DPXBJ*MTcyNDQzMDUzMS41NC4xLjE3MjQ0MzEyNjMuNTkuMC4w\">Anschreiben f\u00fcr indirekte H\u00e4ndler\/Wiederverk\u00e4ufer 3L<\/a><\/li><li><a href=\"https:\/\/assets.boseprofessional.com\/m\/4b286cbf2a33b499\/original\/4L_Bose_BMSsafety_End_User_de.docx?_gl=1*16ks3x3*_gcl_au*MTIwNTcyNzEyMC4xNzIyNjIyMDg0*_ga*MTYxOTYwNDMyMy4xNzIyNjI1NTAz*_ga_NRTQ4DPXBJ*MTcyNDQzMDUzMS41NC4xLjE3MjQ0MzEyNjMuNTkuMC4w\">Anschreiben f\u00fcr Endkunden 4L<\/a><\/li><li><a href=\"https:\/\/assets.boseprofessional.com\/m\/130b4b72ad2e187f\/original\/6A_Bose_BMSsafety_en-xlsx.docx?_gl=1*16ks3x3*_gcl_au*MTIwNTcyNzEyMC4xNzIyNjIyMDg0*_ga*MTYxOTYwNDMyMy4xNzIyNjI1NTAz*_ga_NRTQ4DPXBJ*MTcyNDQzMDUzMS41NC4xLjE3MjQ0MzEyNjMuNTkuMC4w\">SKU-Liste der betroffenen Produkte 6A<\/a><\/li><li><a href=\"https:\/\/assets.boseprofessional.com\/m\/473ee93121bac32f\/original\/Bose_BMS_Safety_UPDATE_New_EdgeMax_SKUs_de.docx?_gl=1*16ks3x3*_gcl_au*MTIwNTcyNzEyMC4xNzIyNjIyMDg0*_ga*MTYxOTYwNDMyMy4xNzIyNjI1NTAz*_ga_NRTQ4DPXBJ*MTcyNDQzMDUzMS41NC4xLjE3MjQ0MzEyNjMuNTkuMC4w\"><strong>ACTUALIZACI\u00d3N<\/strong> : 10 de octubre de 2019 \u2013 nuevos n\u00fameros de art\u00edculos para EdgeMax Lautsprecher<\/a><\/li><li><a href=\"https:\/\/assets.boseprofessional.com\/m\/732bd90022456fdb\/original\/Bose_BMS_Safety_UPDATE_New_FS3_SKUs_de.docx?_gl=1*hazpza*_gcl_au*MTIwNTcyNzEyMC4xNzIyNjIyMDg0*_ga*MTYxOTYwNDMyMy4xNzIyNjI1NTAz*_ga_NRTQ4DPXBJ*MTcyNDQzMDUzMS41NC4xLjE3MjQ0MzEyNjMuNTkuMC4w\"><strong>ACTUALIZACI\u00d3N<\/strong> : 20 de febrero de 2020 \u2013 Nuevo FreeSpace\u00a03 SKU<\/a><\/li><\/ul>\t\t\t\t\t\t\t\t<\/div>\n\t\t\t\t<\/div>\n\t\t\t\t\t<\/div>\n\t\t\t\t<\/div>\n\t\t<div data-particle_enable=\"false\" data-particle-mobile-disabled=\"false\" class=\"elementor-element elementor-element-7c41ddae e-flex e-con-boxed e-con e-parent\" data-id=\"7c41ddae\" data-element_type=\"container\">\n\t\t\t\t\t<div class=\"e-con-inner\">\n\t\t\t\t<div class=\"elementor-element elementor-element-621b81b0 elementor-widget elementor-widget-heading\" data-id=\"621b81b0\" data-element_type=\"widget\" data-widget_type=\"heading.default\">\n\t\t\t\t<div class=\"elementor-widget-container\">\n\t\t\t\t\t<h2 class=\"elementor-heading-title elementor-size-default\">H\u00e4ufig gestellte Fragen<\/h2>\t\t\t\t<\/div>\n\t\t\t\t<\/div>\n\t\t\t\t<div class=\"elementor-element elementor-element-78a52361 elementor-widget elementor-widget-text-editor\" data-id=\"78a52361\" data-element_type=\"widget\" data-widget_type=\"text-editor.default\">\n\t\t\t\t<div class=\"elementor-widget-container\">\n\t\t\t\t\t\t\t\t\t<ul><li><a href=\"https:\/\/assets.boseprofessional.com\/m\/34ce2c84ddf9255f\/original\/1F_Bose_BMSsafety_Reseller_FAQ_de.docx?_gl=1*hazpza*_gcl_au*MTIwNTcyNzEyMC4xNzIyNjIyMDg0*_ga*MTYxOTYwNDMyMy4xNzIyNjI1NTAz*_ga_NRTQ4DPXBJ*MTcyNDQzMDUzMS41NC4xLjE3MjQ0MzEyNjMuNTkuMC4w\">Para comerciantes 1F<\/a><\/li><li><a href=\"https:\/\/assets.boseprofessional.com\/m\/2b5521f03a4c4a3f\/original\/2F_Bose_BMSsafety_End_User_FAQ_de.docx?_gl=1*hazpza*_gcl_au*MTIwNTcyNzEyMC4xNzIyNjIyMDg0*_ga*MTYxOTYwNDMyMy4xNzIyNjI1NTAz*_ga_NRTQ4DPXBJ*MTcyNDQzMDUzMS41NC4xLjE3MjQ0MzEyNjMuNTkuMC4w\">Para los clientes finales 2F<\/a><\/li><\/ul>\t\t\t\t\t\t\t\t<\/div>\n\t\t\t\t<\/div>\n\t\t\t\t\t<\/div>\n\t\t\t\t<\/div>\n\t\t<div data-particle_enable=\"false\" data-particle-mobile-disabled=\"false\" class=\"elementor-element elementor-element-4c7c47c3 e-flex e-con-boxed e-con e-parent\" data-id=\"4c7c47c3\" data-element_type=\"container\">\n\t\t\t\t\t<div class=\"e-con-inner\">\n\t\t\t\t<div class=\"elementor-element elementor-element-6fe4c495 elementor-widget elementor-widget-heading\" data-id=\"6fe4c495\" data-element_type=\"widget\" data-widget_type=\"heading.default\">\n\t\t\t\t<div class=\"elementor-widget-container\">\n\t\t\t\t\t<h2 class=\"elementor-heading-title elementor-size-default\">Instrucciones<\/h2>\t\t\t\t<\/div>\n\t\t\t\t<\/div>\n\t\t\t\t<div class=\"elementor-element elementor-element-67bb9d9f elementor-widget elementor-widget-text-editor\" data-id=\"67bb9d9f\" data-element_type=\"widget\" data-widget_type=\"text-editor.default\">\n\t\t\t\t<div class=\"elementor-widget-container\">\n\t\t\t\t\t\t\t\t\t<ul><li><a href=\"https:\/\/assets.boseprofessional.com\/m\/5a8b32eed68ec00e\/original\/ig_safetycable_5-5x8-5.pdf?_gl=1*hazpza*_gcl_au*MTIwNTcyNzEyMC4xNzIyNjIyMDg0*_ga*MTYxOTYwNDMyMy4xNzIyNjI1NTAz*_ga_NRTQ4DPXBJ*MTcyNDQzMDUzMS41NC4xLjE3MjQ0MzEyNjMuNTkuMC4w\">Installationsanleitung f\u00fcr Sicherungsseile<\/a><\/li><li><a href=\"https:\/\/assets.boseprofessional.com\/m\/6afa4528e7f2a010\/original\/uig_freespace_ds40f.pdf?_gl=1*hazpza*_gcl_au*MTIwNTcyNzEyMC4xNzIyNjIyMDg0*_ga*MTYxOTYwNDMyMy4xNzIyNjI1NTAz*_ga_NRTQ4DPXBJ*MTcyNDQzMDUzMS41NC4xLjE3MjQ0MzEyNjMuNTkuMC4w\">FreeSpace DS 40F Demontageanleitung<\/a><\/li><\/ul>\t\t\t\t\t\t\t\t<\/div>\n\t\t\t\t<\/div>\n\t\t\t\t\t<\/div>\n\t\t\t\t<\/div>\n\t\t<div data-particle_enable=\"false\" data-particle-mobile-disabled=\"false\" class=\"elementor-element elementor-element-3d911fdf e-flex e-con-boxed e-con e-parent\" data-id=\"3d911fdf\" data-element_type=\"container\">\n\t\t\t\t\t<div class=\"e-con-inner\">\n\t\t\t\t<div class=\"elementor-element elementor-element-4e77abbe elementor-widget elementor-widget-heading\" data-id=\"4e77abbe\" data-element_type=\"widget\" data-widget_type=\"heading.default\">\n\t\t\t\t<div class=\"elementor-widget-container\">\n\t\t\t\t\t<h2 class=\"elementor-heading-title elementor-size-default\">F\u00f3rmula para la disposici\u00f3n del producto<\/h2>\t\t\t\t<\/div>\n\t\t\t\t<\/div>\n\t\t\t\t<div class=\"elementor-element elementor-element-6abd6ca0 elementor-widget elementor-widget-text-editor\" data-id=\"6abd6ca0\" data-element_type=\"widget\" data-widget_type=\"text-editor.default\">\n\t\t\t\t<div class=\"elementor-widget-container\">\n\t\t\t\t\t\t\t\t\t<ul><li><a href=\"https:\/\/assets.boseprofessional.com\/m\/489f2b42744f4ab\/original\/1T_Return_Shipping_Form_de.xlsx?_gl=1*1t1fyi0*_gcl_au*MTIwNTcyNzEyMC4xNzIyNjIyMDg0*_ga*MTYxOTYwNDMyMy4xNzIyNjI1NTAz*_ga_NRTQ4DPXBJ*MTcyNDQzMDUzMS41NC4xLjE3MjQ0MzEzODAuNjAuMC4w\">Formulario de devoluci\u00f3n<\/a><\/li><li><a href=\"mailto:DS40.recall@boseprofessional.com\">DS40.recall@boseprofessional.com<\/a><\/li><\/ul>\t\t\t\t\t\t\t\t<\/div>\n\t\t\t\t<\/div>\n\t\t\t\t\t<\/div>\n\t\t\t\t<\/div>\n\t\t<div data-particle_enable=\"false\" data-particle-mobile-disabled=\"false\" class=\"elementor-element elementor-element-5e84d3a9 e-flex e-con-boxed e-con e-parent\" data-id=\"5e84d3a9\" data-element_type=\"container\">\n\t\t\t\t\t<div class=\"e-con-inner\">\n\t\t\t\t<div class=\"elementor-element elementor-element-ac5647d elementor-widget elementor-widget-heading\" data-id=\"ac5647d\" data-element_type=\"widget\" data-widget_type=\"heading.default\">\n\t\t\t\t<div class=\"elementor-widget-container\">\n\t\t\t\t\t<h2 class=\"elementor-heading-title elementor-size-default\">Contacto<\/h2>\t\t\t\t<\/div>\n\t\t\t\t<\/div>\n\t\t\t\t<div class=\"elementor-element elementor-element-712a6e6c elementor-widget elementor-widget-text-editor\" data-id=\"712a6e6c\" data-element_type=\"widget\" data-widget_type=\"text-editor.default\">\n\t\t\t\t<div class=\"elementor-widget-container\">\n\t\t\t\t\t\t\t\t\t<p style=\"text-align: center; margin-bottom: 0px;\"><strong>Uno Bose Professional Vertriebsmitarbeiter contacto<\/strong><\/p>\t\t\t\t\t\t\t\t<\/div>\n\t\t\t\t<\/div>\n\t\t\t\t<div class=\"elementor-element elementor-element-504841cc elementor-align-center elementor-widget elementor-widget-button\" data-id=\"504841cc\" data-element_type=\"widget\" data-widget_type=\"button.default\">\n\t\t\t\t<div class=\"elementor-widget-container\">\n\t\t\t\t\t\t\t\t\t<div class=\"elementor-button-wrapper\">\n\t\t\t\t\t<a class=\"elementor-button elementor-button-link elementor-size-sm elementor-animation-shrink\" href=\"\/es\/global-sales-offices\/\">\n\t\t\t\t\t\t<span class=\"elementor-button-content-wrapper\">\n\t\t\t\t\t\t\t\t\t<span class=\"elementor-button-text\">Contacto<\/span>\n\t\t\t\t\t<\/span>\n\t\t\t\t\t<\/a>\n\t\t\t\t<\/div>\n\t\t\t\t\t\t\t\t<\/div>\n\t\t\t\t<\/div>\n\t\t\t\t\t<\/div>\n\t\t\t\t<\/div>\n\t\t\t\t<\/div>\n\t\t","protected":false},"excerpt":{"rendered":"<p>Bose Lautsprecher R\u00fcckruf &amp; Montage des Sicherungsseils \u00dcbersicht Bose ruft alle FreeSpace DS 40F Decken-\/Einbaulautsprecher zur\u00fcck, die vor dem 13. August 2018 hergestellt wurden. Die Montagevorrichtungen an diesen Lautsprechern k\u00f6nnen bei Installation oder Nutzung brechen, was zum Herunterfallen der Lautsprecher sowie zu Verletzungen f\u00fchren kann. Bisher sind uns 29 F\u00e4lle von heruntergefallenen Lautsprechern sowie ein Fall bekannt, bei [\u2026]<\/p>\n","protected":false},"author":33,"featured_media":0,"parent":1201,"menu_order":0,"comment_status":"closed","ping_status":"closed","template":"","meta":{"_acf_changed":false,"ep_exclude_from_search":false,"footnotes":""},"page-category":[],"class_list":["post-3156","page","type-page","status-publish","hentry"],"acf":[],"_links":{"self":[{"href":"https:\/\/boseprofessional.com\/es\/wp-json\/wp\/v2\/pages\/3156","targetHints":{"allow":["GET"]}}],"collection":[{"href":"https:\/\/boseprofessional.com\/es\/wp-json\/wp\/v2\/pages"}],"about":[{"href":"https:\/\/boseprofessional.com\/es\/wp-json\/wp\/v2\/types\/page"}],"author":[{"embeddable":true,"href":"https:\/\/boseprofessional.com\/es\/wp-json\/wp\/v2\/users\/33"}],"replies":[{"embeddable":true,"href":"https:\/\/boseprofessional.com\/es\/wp-json\/wp\/v2\/comments?post=3156"}],"version-history":[{"count":3,"href":"https:\/\/boseprofessional.com\/es\/wp-json\/wp\/v2\/pages\/3156\/revisions"}],"predecessor-version":[{"id":119171,"href":"https:\/\/boseprofessional.com\/es\/wp-json\/wp\/v2\/pages\/3156\/revisions\/119171"}],"up":[{"embeddable":true,"href":"https:\/\/boseprofessional.com\/es\/wp-json\/wp\/v2\/pages\/1201"}],"wp:attachment":[{"href":"https:\/\/boseprofessional.com\/es\/wp-json\/wp\/v2\/media?parent=3156"}],"wp:term":[{"taxonomy":"page-category","embeddable":true,"href":"https:\/\/boseprofessional.com\/es\/wp-json\/wp\/v2\/page-category?post=3156"}],"curies":[{"name":"wp","href":"https:\/\/api.w.org\/{rel}","templated":true}]}}